{"id":26548,"date":"2021-02-11T13:14:30","date_gmt":"2021-02-11T12:14:30","guid":{"rendered":"https:\/\/www.eliassen.nl\/?product=sierkeien-plat-wit-5-8-cm"},"modified":"2024-12-05T15:44:59","modified_gmt":"2024-12-05T14:44:59","slug":"dekokiesel-flach-weiss-5-8-cm-20kg-das-beste-zum-malen","status":"publish","type":"product","link":"https:\/\/dev.eliassen.nl\/de\/dekokiesel-flach-weiss-5-8-cm-20kg-das-beste-zum-malen\/","title":{"rendered":"Dekokiesel flach wei\u00df 5-8 cm 20kg. Das Beste zum Malen!"},"content":{"rendered":"<p><video controls=\"controls\" width=\"300\" height=\"150\"><source src=\"https:\/\/cdn.webshopapp.com\/shops\/289658\/files\/443749173\/sierstenene-plat-wit-eliassennl.mp4\" type=\"video\/mp4\" \/><\/video><\/p>\n<p>M\u00f6chten Sie wei\u00dfe Dekokiesel f\u00fcr Ihr Wasserspiel oder f\u00fcr den Garten kaufen? Wundersch\u00f6ne gro\u00dfe, sehr harte, flache Quarzsteine in wei\u00dfer Farbe, die kaum gr\u00fcn werden. Passt wunderbar zu Ihrem Ornament, in den Gr\u00f6\u00dfen 50-80 mm. V-Malerei!! Diese Gr\u00f6\u00dfe von 5\u20138 cm entspricht etwa 4 Beuteln pro m2. <strong>Dies sind auch die besten glatten Steine zum Bemalen!!<\/strong> Es stellt sich heraus, dass viele Menschen, Schulen, Hobbyvereine usw. unsere gro\u00dfen Findlinge 5-8 cm bestellen, um sie als Hobby zu bemalen, aber auch als Gedenkstein an einem Grab, einem begrabenen Haustier usw.<\/p>\n<p>Auf diese Weise k\u00f6nnen Sie ungef\u00e4hr berechnen, was Sie ben\u00f6tigen.<br \/>Wir empfehlen Ihnen, zuerst ein Gittertuch auf das Gitter zu legen, bevor Sie Steine darauf legen.<\/p>\n<ul>\n<li>gewaschene Kieselsteine<\/li>\n<li>20 kg pro Sack, ca. 130-140 Kieselsteine pro Sack<\/li>\n<li><strong>seltene flache<\/strong> <strong>Art<\/strong><\/li>\n<li>sehr harte Art, wird nicht schnell gr\u00fcn<\/li>\n<li>L\u00e4sst sich wunderbar mit Wasserspielen kombinieren, aber auch anderswo im Garten wunderbar<\/li>\n<li><strong>Sehen Sie genau die gleichen Felsbrocken woanders g\u00fcnstiger? Wir zahlen die Differenz!!<\/strong><\/li>\n<li><strong>Auf den Fotos k\u00f6nnen Sie sehen, wie die Farben dieser Felsbrocken im trockenen und nassen Zustand aussehen.<\/strong><\/li>\n<li>\u00a0<\/li>\n<\/ul>\n","protected":false},"excerpt":{"rendered":"<p>Am besten zum Malen mit einer sch\u00f6nen flachen Form.<\/p>\n","protected":false},"featured_media":79327,"template":"","meta":{"_acf_changed":false},"product_brand":[],"product_cat":[770,1460,545,536,752],"product_tag":[],"class_list":{"0":"post-26548","1":"product","2":"type-product","3":"status-publish","4":"has-post-thumbnail","6":"product_cat-edelsteine","7":"product_cat-kieselsteine-zum-bemalen","8":"product_cat-teile-wasserspiele","9":"product_cat-wassereigenschaften","10":"product_cat-weitere-artikel","12":"first","13":"outofstock","14":"taxable","15":"shipping-taxable","16":"purchasable","17":"product-type-simple"},"acf":[],"yoast_head":"<!-- This site is optimized with the Yoast SEO plugin v23.8 - https:\/\/yoast.com\/wordpress\/plugins\/seo\/ -->\n<title>Dekokiesel flach wei\u00df 5-8 cm. | Eliassen<\/title>\n<meta name=\"description\" content=\"Bei Eliassen k\u00f6nnen Sie dekorative, flache, wei\u00dfe Findlinge von 5-8 cm kaufen. kann online oder live im Showroom besichtigt werden. Auch die besten Sorten zu...\" \/>\n<meta name=\"robots\" content=\"noindex, follow, max-snippet:-1, max-image-preview:large, max-video-preview:-1\" \/>\n<meta property=\"og:locale\" content=\"de_DE\" \/>\n<meta property=\"og:type\" content=\"article\" \/>\n<meta property=\"og:title\" content=\"Dekokiesel flach wei\u00df 5-8 cm. | Eliassen\" \/>\n<meta property=\"og:description\" content=\"Bei Eliassen k\u00f6nnen Sie dekorative, flache, wei\u00dfe Findlinge von 5-8 cm kaufen. kann online oder live im Showroom besichtigt werden. Auch die besten Sorten zu...\" \/>\n<meta property=\"og:url\" content=\"https:\/\/dev.eliassen.nl\/de\/dekokiesel-flach-weiss-5-8-cm-20kg-das-beste-zum-malen\/\" \/>\n<meta property=\"og:site_name\" content=\"Eliassen.nl\" \/>\n<meta property=\"article:publisher\" content=\"https:\/\/www.facebook.com\/TuincentrumEliassenAmmerzoden\" \/>\n<meta property=\"article:modified_time\" content=\"2024-12-05T14:44:59+00:00\" \/>\n<meta property=\"og:image\" content=\"https:\/\/dev.eliassen.nl\/wp-content\/uploads\/2024\/01\/sierkeienplatwit58cmdebestevoorbeschilder.jpg\" \/>\n\t<meta property=\"og:image:width\" content=\"1279\" \/>\n\t<meta property=\"og:image:height\" content=\"978\" \/>\n\t<meta property=\"og:image:type\" content=\"image\/jpeg\" \/>\n<meta name=\"twitter:card\" content=\"summary_large_image\" \/>\n<script type=\"application\/ld+json\" class=\"yoast-schema-graph\">{\"@context\":\"https:\/\/schema.org\",\"@graph\":[{\"@type\":\"WebPage\",\"@id\":\"https:\/\/dev.eliassen.nl\/de\/dekokiesel-flach-weiss-5-8-cm-20kg-das-beste-zum-malen\/\",\"url\":\"https:\/\/dev.eliassen.nl\/de\/dekokiesel-flach-weiss-5-8-cm-20kg-das-beste-zum-malen\/\",\"name\":\"Dekokiesel flach wei\u00df 5-8 cm. | Eliassen\",\"isPartOf\":{\"@id\":\"https:\/\/dev.eliassen.nl\/de\/#website\"},\"primaryImageOfPage\":{\"@id\":\"https:\/\/dev.eliassen.nl\/de\/dekokiesel-flach-weiss-5-8-cm-20kg-das-beste-zum-malen\/#primaryimage\"},\"image\":{\"@id\":\"https:\/\/dev.eliassen.nl\/de\/dekokiesel-flach-weiss-5-8-cm-20kg-das-beste-zum-malen\/#primaryimage\"},\"thumbnailUrl\":\"https:\/\/dev.eliassen.nl\/wp-content\/uploads\/2024\/01\/sierkeienplatwit58cmdebestevoorbeschilder.jpg\",\"datePublished\":\"2021-02-11T12:14:30+00:00\",\"dateModified\":\"2024-12-05T14:44:59+00:00\",\"description\":\"Bei Eliassen k\u00f6nnen Sie dekorative, flache, wei\u00dfe Findlinge von 5-8 cm kaufen. kann online oder live im Showroom besichtigt werden. Auch die besten Sorten zu...\",\"breadcrumb\":{\"@id\":\"https:\/\/dev.eliassen.nl\/de\/dekokiesel-flach-weiss-5-8-cm-20kg-das-beste-zum-malen\/#breadcrumb\"},\"inLanguage\":\"de\",\"potentialAction\":[{\"@type\":\"ReadAction\",\"target\":[\"https:\/\/dev.eliassen.nl\/de\/dekokiesel-flach-weiss-5-8-cm-20kg-das-beste-zum-malen\/\"]}]},{\"@type\":\"ImageObject\",\"inLanguage\":\"de\",\"@id\":\"https:\/\/dev.eliassen.nl\/de\/dekokiesel-flach-weiss-5-8-cm-20kg-das-beste-zum-malen\/#primaryimage\",\"url\":\"https:\/\/dev.eliassen.nl\/wp-content\/uploads\/2024\/01\/sierkeienplatwit58cmdebestevoorbeschilder.jpg\",\"contentUrl\":\"https:\/\/dev.eliassen.nl\/wp-content\/uploads\/2024\/01\/sierkeienplatwit58cmdebestevoorbeschilder.jpg\",\"width\":1279,\"height\":978,\"caption\":\"sierkeien-plat-wit-5-8-cm-de-beste-voor-beschilder\"},{\"@type\":\"BreadcrumbList\",\"@id\":\"https:\/\/dev.eliassen.nl\/de\/dekokiesel-flach-weiss-5-8-cm-20kg-das-beste-zum-malen\/#breadcrumb\",\"itemListElement\":[{\"@type\":\"ListItem\",\"position\":1,\"name\":\"Home\",\"item\":\"https:\/\/dev.eliassen.nl\/de\/\"},{\"@type\":\"ListItem\",\"position\":2,\"name\":\"Shop\",\"item\":\"https:\/\/dev.eliassen.nl\/nl\/winkel\/\"},{\"@type\":\"ListItem\",\"position\":3,\"name\":\"Weitere Artikel\",\"item\":\"https:\/\/dev.eliassen.nl\/de\/weitere-artikel\/\"},{\"@type\":\"ListItem\",\"position\":4,\"name\":\"Edelsteine\",\"item\":\"https:\/\/dev.eliassen.nl\/de\/garten-andere\/edelsteine\/\"},{\"@type\":\"ListItem\",\"position\":5,\"name\":\"Dekokiesel flach wei\u00df 5-8 cm 20kg. Das Beste zum Malen!\"}]},{\"@type\":\"WebSite\",\"@id\":\"https:\/\/dev.eliassen.nl\/de\/#website\",\"url\":\"https:\/\/dev.eliassen.nl\/de\/\",\"name\":\"Eliassen Home & Garden Pleasure\",\"description\":\"\",\"publisher\":{\"@id\":\"https:\/\/dev.eliassen.nl\/de\/#organization\"},\"alternateName\":\"Eliassen.nl\",\"potentialAction\":[{\"@type\":\"SearchAction\",\"target\":{\"@type\":\"EntryPoint\",\"urlTemplate\":\"https:\/\/dev.eliassen.nl\/de\/?s={search_term_string}\"},\"query-input\":{\"@type\":\"PropertyValueSpecification\",\"valueRequired\":true,\"valueName\":\"search_term_string\"}}],\"inLanguage\":\"de\"},{\"@type\":\"Organization\",\"@id\":\"https:\/\/dev.eliassen.nl\/de\/#organization\",\"name\":\"Eliassen Home & Garden Pleasure\",\"url\":\"https:\/\/dev.eliassen.nl\/de\/\",\"logo\":{\"@type\":\"ImageObject\",\"inLanguage\":\"de\",\"@id\":\"https:\/\/dev.eliassen.nl\/de\/#\/schema\/logo\/image\/\",\"url\":\"https:\/\/www.eliassen.nl\/wp-content\/uploads\/2024\/01\/logo_4nd.jpg\",\"contentUrl\":\"https:\/\/www.eliassen.nl\/wp-content\/uploads\/2024\/01\/logo_4nd.jpg\",\"width\":500,\"height\":500,\"caption\":\"Eliassen Home & Garden Pleasure\"},\"image\":{\"@id\":\"https:\/\/dev.eliassen.nl\/de\/#\/schema\/logo\/image\/\"},\"sameAs\":[\"https:\/\/www.facebook.com\/TuincentrumEliassenAmmerzoden\",\"https:\/\/www.instagram.com\/eliassenhomeandgarden\/\",\"https:\/\/nl.pinterest.com\/eliassenhomeandgarden\/\",\"https:\/\/www.youtube.com\/@eliassenhomegardenpleasure4558\"]}]}<\/script>\n<!-- \/ Yoast SEO plugin. -->","yoast_head_json":{"title":"Dekokiesel flach wei\u00df 5-8 cm. | Eliassen","description":"Bei Eliassen k\u00f6nnen Sie dekorative, flache, wei\u00dfe Findlinge von 5-8 cm kaufen. kann online oder live im Showroom besichtigt werden. Auch die besten Sorten zu...","robots":{"index":"noindex","follow":"follow","max-snippet":"max-snippet:-1","max-image-preview":"max-image-preview:large","max-video-preview":"max-video-preview:-1"},"og_locale":"de_DE","og_type":"article","og_title":"Dekokiesel flach wei\u00df 5-8 cm. | Eliassen","og_description":"Bei Eliassen k\u00f6nnen Sie dekorative, flache, wei\u00dfe Findlinge von 5-8 cm kaufen. kann online oder live im Showroom besichtigt werden. Auch die besten Sorten zu...","og_url":"https:\/\/dev.eliassen.nl\/de\/dekokiesel-flach-weiss-5-8-cm-20kg-das-beste-zum-malen\/","og_site_name":"Eliassen.nl","article_publisher":"https:\/\/www.facebook.com\/TuincentrumEliassenAmmerzoden","article_modified_time":"2024-12-05T14:44:59+00:00","og_image":[{"width":1279,"height":978,"url":"https:\/\/dev.eliassen.nl\/wp-content\/uploads\/2024\/01\/sierkeienplatwit58cmdebestevoorbeschilder.jpg","type":"image\/jpeg"}],"twitter_card":"summary_large_image","schema":{"@context":"https:\/\/schema.org","@graph":[{"@type":"WebPage","@id":"https:\/\/dev.eliassen.nl\/de\/dekokiesel-flach-weiss-5-8-cm-20kg-das-beste-zum-malen\/","url":"https:\/\/dev.eliassen.nl\/de\/dekokiesel-flach-weiss-5-8-cm-20kg-das-beste-zum-malen\/","name":"Dekokiesel flach wei\u00df 5-8 cm. | Eliassen","isPartOf":{"@id":"https:\/\/dev.eliassen.nl\/de\/#website"},"primaryImageOfPage":{"@id":"https:\/\/dev.eliassen.nl\/de\/dekokiesel-flach-weiss-5-8-cm-20kg-das-beste-zum-malen\/#primaryimage"},"image":{"@id":"https:\/\/dev.eliassen.nl\/de\/dekokiesel-flach-weiss-5-8-cm-20kg-das-beste-zum-malen\/#primaryimage"},"thumbnailUrl":"https:\/\/dev.eliassen.nl\/wp-content\/uploads\/2024\/01\/sierkeienplatwit58cmdebestevoorbeschilder.jpg","datePublished":"2021-02-11T12:14:30+00:00","dateModified":"2024-12-05T14:44:59+00:00","description":"Bei Eliassen k\u00f6nnen Sie dekorative, flache, wei\u00dfe Findlinge von 5-8 cm kaufen. kann online oder live im Showroom besichtigt werden. Auch die besten Sorten zu...","breadcrumb":{"@id":"https:\/\/dev.eliassen.nl\/de\/dekokiesel-flach-weiss-5-8-cm-20kg-das-beste-zum-malen\/#breadcrumb"},"inLanguage":"de","potentialAction":[{"@type":"ReadAction","target":["https:\/\/dev.eliassen.nl\/de\/dekokiesel-flach-weiss-5-8-cm-20kg-das-beste-zum-malen\/"]}]},{"@type":"ImageObject","inLanguage":"de","@id":"https:\/\/dev.eliassen.nl\/de\/dekokiesel-flach-weiss-5-8-cm-20kg-das-beste-zum-malen\/#primaryimage","url":"https:\/\/dev.eliassen.nl\/wp-content\/uploads\/2024\/01\/sierkeienplatwit58cmdebestevoorbeschilder.jpg","contentUrl":"https:\/\/dev.eliassen.nl\/wp-content\/uploads\/2024\/01\/sierkeienplatwit58cmdebestevoorbeschilder.jpg","width":1279,"height":978,"caption":"sierkeien-plat-wit-5-8-cm-de-beste-voor-beschilder"},{"@type":"BreadcrumbList","@id":"https:\/\/dev.eliassen.nl\/de\/dekokiesel-flach-weiss-5-8-cm-20kg-das-beste-zum-malen\/#breadcrumb","itemListElement":[{"@type":"ListItem","position":1,"name":"Home","item":"https:\/\/dev.eliassen.nl\/de\/"},{"@type":"ListItem","position":2,"name":"Shop","item":"https:\/\/dev.eliassen.nl\/nl\/winkel\/"},{"@type":"ListItem","position":3,"name":"Weitere Artikel","item":"https:\/\/dev.eliassen.nl\/de\/weitere-artikel\/"},{"@type":"ListItem","position":4,"name":"Edelsteine","item":"https:\/\/dev.eliassen.nl\/de\/garten-andere\/edelsteine\/"},{"@type":"ListItem","position":5,"name":"Dekokiesel flach wei\u00df 5-8 cm 20kg. Das Beste zum Malen!"}]},{"@type":"WebSite","@id":"https:\/\/dev.eliassen.nl\/de\/#website","url":"https:\/\/dev.eliassen.nl\/de\/","name":"Eliassen Home & Garden Pleasure","description":"","publisher":{"@id":"https:\/\/dev.eliassen.nl\/de\/#organization"},"alternateName":"Eliassen.nl","potentialAction":[{"@type":"SearchAction","target":{"@type":"EntryPoint","urlTemplate":"https:\/\/dev.eliassen.nl\/de\/?s={search_term_string}"},"query-input":{"@type":"PropertyValueSpecification","valueRequired":true,"valueName":"search_term_string"}}],"inLanguage":"de"},{"@type":"Organization","@id":"https:\/\/dev.eliassen.nl\/de\/#organization","name":"Eliassen Home & Garden Pleasure","url":"https:\/\/dev.eliassen.nl\/de\/","logo":{"@type":"ImageObject","inLanguage":"de","@id":"https:\/\/dev.eliassen.nl\/de\/#\/schema\/logo\/image\/","url":"https:\/\/www.eliassen.nl\/wp-content\/uploads\/2024\/01\/logo_4nd.jpg","contentUrl":"https:\/\/www.eliassen.nl\/wp-content\/uploads\/2024\/01\/logo_4nd.jpg","width":500,"height":500,"caption":"Eliassen Home & Garden Pleasure"},"image":{"@id":"https:\/\/dev.eliassen.nl\/de\/#\/schema\/logo\/image\/"},"sameAs":["https:\/\/www.facebook.com\/TuincentrumEliassenAmmerzoden","https:\/\/www.instagram.com\/eliassenhomeandgarden\/","https:\/\/nl.pinterest.com\/eliassenhomeandgarden\/","https:\/\/www.youtube.com\/@eliassenhomegardenpleasure4558"]}]}},"df_price":24.5,"df_sale_price":"","df_regular_price":24.5,"df_image_link":"https:\/\/dev.eliassen.nl\/wp-content\/uploads\/2024\/01\/sierkeienplatwit58cmdebestevoorbeschilder.jpg","image":"https:\/\/dev.eliassen.nl\/wp-content\/uploads\/2024\/01\/sierkeienplatwit58cmdebestevoorbeschilder.jpg","price_search":"<span class=\"woocommerce-Price-amount amount\"><bdi><span class=\"woocommerce-Price-currencySymbol\">&euro;<\/span>&nbsp;24,50<\/bdi><\/span>","category":"Edelsteine","_links":{"self":[{"href":"https:\/\/dev.eliassen.nl\/de\/wp-json\/wp\/v2\/product\/26548","targetHints":{"allow":["GET"]}}],"collection":[{"href":"https:\/\/dev.eliassen.nl\/de\/wp-json\/wp\/v2\/product"}],"about":[{"href":"https:\/\/dev.eliassen.nl\/de\/wp-json\/wp\/v2\/types\/product"}],"wp:featuredmedia":[{"embeddable":true,"href":"https:\/\/dev.eliassen.nl\/de\/wp-json\/wp\/v2\/media\/79327"}],"wp:attachment":[{"href":"https:\/\/dev.eliassen.nl\/de\/wp-json\/wp\/v2\/media?parent=26548"}],"wp:term":[{"taxonomy":"product_brand","embeddable":true,"href":"https:\/\/dev.eliassen.nl\/de\/wp-json\/wp\/v2\/product_brand?post=26548"},{"taxonomy":"product_cat","embeddable":true,"href":"https:\/\/dev.eliassen.nl\/de\/wp-json\/wp\/v2\/product_cat?post=26548"},{"taxonomy":"product_tag","embeddable":true,"href":"https:\/\/dev.eliassen.nl\/de\/wp-json\/wp\/v2\/product_tag?post=26548"}],"curies":[{"name":"wp","href":"https:\/\/api.w.org\/{rel}","templated":true}]}}