{"id":26593,"date":"2021-02-14T13:52:13","date_gmt":"2021-02-14T12:52:13","guid":{"rendered":"https:\/\/www.eliassen.nl\/?product=vierkante-wandklok-met-draaiend-radar-80-cm"},"modified":"2024-12-05T15:45:06","modified_gmt":"2024-12-05T14:45:06","slug":"quadratische-wanduhr-mit-rotierendem-radar-80-cm","status":"publish","type":"product","link":"https:\/\/dev.eliassen.nl\/de\/quadratische-wanduhr-mit-rotierendem-radar-80-cm\/","title":{"rendered":"Quadratische Wanduhr mit rotierendem Radar 80 cm"},"content":{"rendered":"<p>Mit dieser sch\u00f6nen quadratischen Wanduhr mit beweglichen Teilen wird es ein Vergn\u00fcgen sein, zu sehen, wie sp\u00e4t es jetzt ist. Diese sehr sch\u00f6ne Uhr hat einen Stahlrahmen in einer alten schwarzen Farbe mit r\u00f6mischen Ziffern hinter dickem Glas.<\/p>\n<p>Diese Art von Wanduhr passt in alle Innenr\u00e4ume, sowohl l\u00e4ndliche als auch industrielle Innenr\u00e4ume.<\/p>\n<p>Das Besondere an dieser Uhr ist, dass sich in der Mitte mehrere Zahnr\u00e4der befinden, die sehr lange auf 2 AA-Stiftlampen laufen.<\/p>\n<p>Die Zahnr\u00e4der werden von einem hochwertigen neuartigen Elektromotor angetrieben, das Motorger\u00e4usch ist nahezu vollst\u00e4ndig verschwunden.<\/p>\n<p><strong>Diese Uhr ist fast immer in unserem Gesch\u00e4ft zu sehen.<\/strong><\/p>\n<ul>\n<li>Gr\u00f6\u00dfe: 80 x 80 cm, Dicke 8 cm.<\/li>\n<li>Material: Metall, Holz und Glas.<\/li>\n<li>Farbe: alte schwarze Farbe.<\/li>\n<li>robustes Eisengeh\u00e4use.<\/li>\n<li>mit Quarzwerk ausgestattet.<\/li>\n<li>Retro-Look.<\/li>\n<li>ab eigenem Lager verf\u00fcgbar.<\/li>\n<li>1 Jahr Garantie.<\/li>\n<\/ul>\n","protected":false},"excerpt":{"rendered":"<p>Versand nach Deutschland nicht m\u00f6glich.<\/p>\n","protected":false},"featured_media":26590,"template":"","meta":{"_acf_changed":false},"product_brand":[],"product_cat":[509,521],"product_tag":[],"class_list":{"0":"post-26593","1":"product","2":"type-product","3":"status-publish","4":"has-post-thumbnail","6":"product_cat-wanddekoration","7":"product_cat-wanduhren","9":"first","10":"instock","11":"sale","12":"taxable","13":"shipping-taxable","14":"purchasable","15":"product-type-simple"},"acf":[],"yoast_head":"<!-- This site is optimized with the Yoast SEO plugin v23.8 - https:\/\/yoast.com\/wordpress\/plugins\/seo\/ -->\n<title>Quadratische Wanduhr mit rotierendem Radar 80cm | Eliassen<\/title>\n<meta name=\"description\" content=\"Bei Eliassen kaufen Sie quadratische Wanduhr mit rotierendem Radar 80 cm. kann online oder live im Showroom angesehen werden. Direkt online bestellen.\" \/>\n<meta name=\"robots\" content=\"noindex, follow, max-snippet:-1, max-image-preview:large, max-video-preview:-1\" \/>\n<meta property=\"og:locale\" content=\"de_DE\" \/>\n<meta property=\"og:type\" content=\"article\" \/>\n<meta property=\"og:title\" content=\"Quadratische Wanduhr mit rotierendem Radar 80cm | Eliassen\" \/>\n<meta property=\"og:description\" content=\"Bei Eliassen kaufen Sie quadratische Wanduhr mit rotierendem Radar 80 cm. kann online oder live im Showroom angesehen werden. Direkt online bestellen.\" \/>\n<meta property=\"og:url\" content=\"https:\/\/dev.eliassen.nl\/de\/quadratische-wanduhr-mit-rotierendem-radar-80-cm\/\" \/>\n<meta property=\"og:site_name\" content=\"Eliassen.nl\" \/>\n<meta property=\"article:publisher\" content=\"https:\/\/www.facebook.com\/TuincentrumEliassenAmmerzoden\" \/>\n<meta property=\"article:modified_time\" content=\"2024-12-05T14:45:06+00:00\" \/>\n<meta property=\"og:image\" content=\"https:\/\/dev.eliassen.nl\/wp-content\/uploads\/2024\/01\/g6083345clockgearopen80x80cmablck.jpg\" \/>\n\t<meta property=\"og:image:width\" content=\"2048\" \/>\n\t<meta property=\"og:image:height\" content=\"1536\" \/>\n\t<meta property=\"og:image:type\" content=\"image\/jpeg\" \/>\n<meta name=\"twitter:card\" content=\"summary_large_image\" \/>\n<script type=\"application\/ld+json\" class=\"yoast-schema-graph\">{\"@context\":\"https:\/\/schema.org\",\"@graph\":[{\"@type\":\"WebPage\",\"@id\":\"https:\/\/dev.eliassen.nl\/de\/quadratische-wanduhr-mit-rotierendem-radar-80-cm\/\",\"url\":\"https:\/\/dev.eliassen.nl\/de\/quadratische-wanduhr-mit-rotierendem-radar-80-cm\/\",\"name\":\"Quadratische Wanduhr mit rotierendem Radar 80cm | Eliassen\",\"isPartOf\":{\"@id\":\"https:\/\/dev.eliassen.nl\/de\/#website\"},\"primaryImageOfPage\":{\"@id\":\"https:\/\/dev.eliassen.nl\/de\/quadratische-wanduhr-mit-rotierendem-radar-80-cm\/#primaryimage\"},\"image\":{\"@id\":\"https:\/\/dev.eliassen.nl\/de\/quadratische-wanduhr-mit-rotierendem-radar-80-cm\/#primaryimage\"},\"thumbnailUrl\":\"https:\/\/dev.eliassen.nl\/wp-content\/uploads\/2024\/01\/g6083345clockgearopen80x80cmablck.jpg\",\"datePublished\":\"2021-02-14T12:52:13+00:00\",\"dateModified\":\"2024-12-05T14:45:06+00:00\",\"description\":\"Bei Eliassen kaufen Sie quadratische Wanduhr mit rotierendem Radar 80 cm. kann online oder live im Showroom angesehen werden. Direkt online bestellen.\",\"breadcrumb\":{\"@id\":\"https:\/\/dev.eliassen.nl\/de\/quadratische-wanduhr-mit-rotierendem-radar-80-cm\/#breadcrumb\"},\"inLanguage\":\"de\",\"potentialAction\":[{\"@type\":\"ReadAction\",\"target\":[\"https:\/\/dev.eliassen.nl\/de\/quadratische-wanduhr-mit-rotierendem-radar-80-cm\/\"]}]},{\"@type\":\"ImageObject\",\"inLanguage\":\"de\",\"@id\":\"https:\/\/dev.eliassen.nl\/de\/quadratische-wanduhr-mit-rotierendem-radar-80-cm\/#primaryimage\",\"url\":\"https:\/\/dev.eliassen.nl\/wp-content\/uploads\/2024\/01\/g6083345clockgearopen80x80cmablck.jpg\",\"contentUrl\":\"https:\/\/dev.eliassen.nl\/wp-content\/uploads\/2024\/01\/g6083345clockgearopen80x80cmablck.jpg\",\"width\":2048,\"height\":1536,\"caption\":\"G6083345 Clock Gear Open 80x80cm A.Blck\"},{\"@type\":\"BreadcrumbList\",\"@id\":\"https:\/\/dev.eliassen.nl\/de\/quadratische-wanduhr-mit-rotierendem-radar-80-cm\/#breadcrumb\",\"itemListElement\":[{\"@type\":\"ListItem\",\"position\":1,\"name\":\"Home\",\"item\":\"https:\/\/dev.eliassen.nl\/de\/\"},{\"@type\":\"ListItem\",\"position\":2,\"name\":\"Shop\",\"item\":\"https:\/\/dev.eliassen.nl\/nl\/winkel\/\"},{\"@type\":\"ListItem\",\"position\":3,\"name\":\"Wanddekoration\",\"item\":\"https:\/\/dev.eliassen.nl\/de\/wanddekoration\/\"},{\"@type\":\"ListItem\",\"position\":4,\"name\":\"Wanduhren\",\"item\":\"https:\/\/dev.eliassen.nl\/de\/wanddekoration\/wanduhren\/\"},{\"@type\":\"ListItem\",\"position\":5,\"name\":\"Quadratische Wanduhr mit rotierendem Radar 80 cm\"}]},{\"@type\":\"WebSite\",\"@id\":\"https:\/\/dev.eliassen.nl\/de\/#website\",\"url\":\"https:\/\/dev.eliassen.nl\/de\/\",\"name\":\"Eliassen Home & Garden Pleasure\",\"description\":\"\",\"publisher\":{\"@id\":\"https:\/\/dev.eliassen.nl\/de\/#organization\"},\"alternateName\":\"Eliassen.nl\",\"potentialAction\":[{\"@type\":\"SearchAction\",\"target\":{\"@type\":\"EntryPoint\",\"urlTemplate\":\"https:\/\/dev.eliassen.nl\/de\/?s={search_term_string}\"},\"query-input\":{\"@type\":\"PropertyValueSpecification\",\"valueRequired\":true,\"valueName\":\"search_term_string\"}}],\"inLanguage\":\"de\"},{\"@type\":\"Organization\",\"@id\":\"https:\/\/dev.eliassen.nl\/de\/#organization\",\"name\":\"Eliassen Home & Garden Pleasure\",\"url\":\"https:\/\/dev.eliassen.nl\/de\/\",\"logo\":{\"@type\":\"ImageObject\",\"inLanguage\":\"de\",\"@id\":\"https:\/\/dev.eliassen.nl\/de\/#\/schema\/logo\/image\/\",\"url\":\"https:\/\/www.eliassen.nl\/wp-content\/uploads\/2024\/01\/logo_4nd.jpg\",\"contentUrl\":\"https:\/\/www.eliassen.nl\/wp-content\/uploads\/2024\/01\/logo_4nd.jpg\",\"width\":500,\"height\":500,\"caption\":\"Eliassen Home & Garden Pleasure\"},\"image\":{\"@id\":\"https:\/\/dev.eliassen.nl\/de\/#\/schema\/logo\/image\/\"},\"sameAs\":[\"https:\/\/www.facebook.com\/TuincentrumEliassenAmmerzoden\",\"https:\/\/www.instagram.com\/eliassenhomeandgarden\/\",\"https:\/\/nl.pinterest.com\/eliassenhomeandgarden\/\",\"https:\/\/www.youtube.com\/@eliassenhomegardenpleasure4558\"]}]}<\/script>\n<!-- \/ Yoast SEO plugin. -->","yoast_head_json":{"title":"Quadratische Wanduhr mit rotierendem Radar 80cm | Eliassen","description":"Bei Eliassen kaufen Sie quadratische Wanduhr mit rotierendem Radar 80 cm. kann online oder live im Showroom angesehen werden. Direkt online bestellen.","robots":{"index":"noindex","follow":"follow","max-snippet":"max-snippet:-1","max-image-preview":"max-image-preview:large","max-video-preview":"max-video-preview:-1"},"og_locale":"de_DE","og_type":"article","og_title":"Quadratische Wanduhr mit rotierendem Radar 80cm | Eliassen","og_description":"Bei Eliassen kaufen Sie quadratische Wanduhr mit rotierendem Radar 80 cm. kann online oder live im Showroom angesehen werden. Direkt online bestellen.","og_url":"https:\/\/dev.eliassen.nl\/de\/quadratische-wanduhr-mit-rotierendem-radar-80-cm\/","og_site_name":"Eliassen.nl","article_publisher":"https:\/\/www.facebook.com\/TuincentrumEliassenAmmerzoden","article_modified_time":"2024-12-05T14:45:06+00:00","og_image":[{"width":2048,"height":1536,"url":"https:\/\/dev.eliassen.nl\/wp-content\/uploads\/2024\/01\/g6083345clockgearopen80x80cmablck.jpg","type":"image\/jpeg"}],"twitter_card":"summary_large_image","schema":{"@context":"https:\/\/schema.org","@graph":[{"@type":"WebPage","@id":"https:\/\/dev.eliassen.nl\/de\/quadratische-wanduhr-mit-rotierendem-radar-80-cm\/","url":"https:\/\/dev.eliassen.nl\/de\/quadratische-wanduhr-mit-rotierendem-radar-80-cm\/","name":"Quadratische Wanduhr mit rotierendem Radar 80cm | Eliassen","isPartOf":{"@id":"https:\/\/dev.eliassen.nl\/de\/#website"},"primaryImageOfPage":{"@id":"https:\/\/dev.eliassen.nl\/de\/quadratische-wanduhr-mit-rotierendem-radar-80-cm\/#primaryimage"},"image":{"@id":"https:\/\/dev.eliassen.nl\/de\/quadratische-wanduhr-mit-rotierendem-radar-80-cm\/#primaryimage"},"thumbnailUrl":"https:\/\/dev.eliassen.nl\/wp-content\/uploads\/2024\/01\/g6083345clockgearopen80x80cmablck.jpg","datePublished":"2021-02-14T12:52:13+00:00","dateModified":"2024-12-05T14:45:06+00:00","description":"Bei Eliassen kaufen Sie quadratische Wanduhr mit rotierendem Radar 80 cm. kann online oder live im Showroom angesehen werden. Direkt online bestellen.","breadcrumb":{"@id":"https:\/\/dev.eliassen.nl\/de\/quadratische-wanduhr-mit-rotierendem-radar-80-cm\/#breadcrumb"},"inLanguage":"de","potentialAction":[{"@type":"ReadAction","target":["https:\/\/dev.eliassen.nl\/de\/quadratische-wanduhr-mit-rotierendem-radar-80-cm\/"]}]},{"@type":"ImageObject","inLanguage":"de","@id":"https:\/\/dev.eliassen.nl\/de\/quadratische-wanduhr-mit-rotierendem-radar-80-cm\/#primaryimage","url":"https:\/\/dev.eliassen.nl\/wp-content\/uploads\/2024\/01\/g6083345clockgearopen80x80cmablck.jpg","contentUrl":"https:\/\/dev.eliassen.nl\/wp-content\/uploads\/2024\/01\/g6083345clockgearopen80x80cmablck.jpg","width":2048,"height":1536,"caption":"G6083345 Clock Gear Open 80x80cm A.Blck"},{"@type":"BreadcrumbList","@id":"https:\/\/dev.eliassen.nl\/de\/quadratische-wanduhr-mit-rotierendem-radar-80-cm\/#breadcrumb","itemListElement":[{"@type":"ListItem","position":1,"name":"Home","item":"https:\/\/dev.eliassen.nl\/de\/"},{"@type":"ListItem","position":2,"name":"Shop","item":"https:\/\/dev.eliassen.nl\/nl\/winkel\/"},{"@type":"ListItem","position":3,"name":"Wanddekoration","item":"https:\/\/dev.eliassen.nl\/de\/wanddekoration\/"},{"@type":"ListItem","position":4,"name":"Wanduhren","item":"https:\/\/dev.eliassen.nl\/de\/wanddekoration\/wanduhren\/"},{"@type":"ListItem","position":5,"name":"Quadratische Wanduhr mit rotierendem Radar 80 cm"}]},{"@type":"WebSite","@id":"https:\/\/dev.eliassen.nl\/de\/#website","url":"https:\/\/dev.eliassen.nl\/de\/","name":"Eliassen Home & Garden Pleasure","description":"","publisher":{"@id":"https:\/\/dev.eliassen.nl\/de\/#organization"},"alternateName":"Eliassen.nl","potentialAction":[{"@type":"SearchAction","target":{"@type":"EntryPoint","urlTemplate":"https:\/\/dev.eliassen.nl\/de\/?s={search_term_string}"},"query-input":{"@type":"PropertyValueSpecification","valueRequired":true,"valueName":"search_term_string"}}],"inLanguage":"de"},{"@type":"Organization","@id":"https:\/\/dev.eliassen.nl\/de\/#organization","name":"Eliassen Home & Garden Pleasure","url":"https:\/\/dev.eliassen.nl\/de\/","logo":{"@type":"ImageObject","inLanguage":"de","@id":"https:\/\/dev.eliassen.nl\/de\/#\/schema\/logo\/image\/","url":"https:\/\/www.eliassen.nl\/wp-content\/uploads\/2024\/01\/logo_4nd.jpg","contentUrl":"https:\/\/www.eliassen.nl\/wp-content\/uploads\/2024\/01\/logo_4nd.jpg","width":500,"height":500,"caption":"Eliassen Home & Garden Pleasure"},"image":{"@id":"https:\/\/dev.eliassen.nl\/de\/#\/schema\/logo\/image\/"},"sameAs":["https:\/\/www.facebook.com\/TuincentrumEliassenAmmerzoden","https:\/\/www.instagram.com\/eliassenhomeandgarden\/","https:\/\/nl.pinterest.com\/eliassenhomeandgarden\/","https:\/\/www.youtube.com\/@eliassenhomegardenpleasure4558"]}]}},"df_price":199,"df_sale_price":199,"df_regular_price":239,"df_image_link":"https:\/\/dev.eliassen.nl\/wp-content\/uploads\/2024\/01\/g6083345clockgearopen80x80cmablck.jpg","image":"https:\/\/dev.eliassen.nl\/wp-content\/uploads\/2024\/01\/g6083345clockgearopen80x80cmablck.jpg","price_search":"<span class=\"woocommerce-Price-amount amount\"><bdi><span class=\"woocommerce-Price-currencySymbol\">&euro;<\/span>&nbsp;199,00<\/bdi><\/span>","category":"Wanddekoration","_links":{"self":[{"href":"https:\/\/dev.eliassen.nl\/de\/wp-json\/wp\/v2\/product\/26593","targetHints":{"allow":["GET"]}}],"collection":[{"href":"https:\/\/dev.eliassen.nl\/de\/wp-json\/wp\/v2\/product"}],"about":[{"href":"https:\/\/dev.eliassen.nl\/de\/wp-json\/wp\/v2\/types\/product"}],"wp:featuredmedia":[{"embeddable":true,"href":"https:\/\/dev.eliassen.nl\/de\/wp-json\/wp\/v2\/media\/26590"}],"wp:attachment":[{"href":"https:\/\/dev.eliassen.nl\/de\/wp-json\/wp\/v2\/media?parent=26593"}],"wp:term":[{"taxonomy":"product_brand","embeddable":true,"href":"https:\/\/dev.eliassen.nl\/de\/wp-json\/wp\/v2\/product_brand?post=26593"},{"taxonomy":"product_cat","embeddable":true,"href":"https:\/\/dev.eliassen.nl\/de\/wp-json\/wp\/v2\/product_cat?post=26593"},{"taxonomy":"product_tag","embeddable":true,"href":"https:\/\/dev.eliassen.nl\/de\/wp-json\/wp\/v2\/product_tag?post=26593"}],"curies":[{"name":"wp","href":"https:\/\/api.w.org\/{rel}","templated":true}]}}