{"id":26884,"date":"2021-02-24T20:22:35","date_gmt":"2021-02-24T19:22:35","guid":{"rendered":"https:\/\/www.eliassen.nl\/?product=bloempot-rond-supergroot-rinca-102cm-grijs"},"modified":"2024-12-05T15:45:24","modified_gmt":"2024-12-05T14:45:24","slug":"blumentopf-rund-super-gross-rinca-102cm-grau-doppelwandig","status":"publish","type":"product","link":"https:\/\/dev.eliassen.nl\/de\/blumentopf-rund-super-gross-rinca-102cm-grau-doppelwandig\/","title":{"rendered":"Blumentopf rund super gro\u00df Rinca 102cm grau doppelwandig"},"content":{"rendered":"<p>M\u00f6chten Sie einen gro\u00dfen runden grauen Blumentopf, der f\u00fcr Palmen, Olivenb\u00e4ume oder andere mediterrane Pflanzen geeignet ist, der sehr stark, farbecht und leicht ist? Dann ist die Wahl f\u00fcr diesen Topf schnell getroffen. Sie k\u00f6nnen diesen grauen Blumentopf nicht vom Original unterscheiden, die Farbe und das Aussehen sind genau die gleichen wie bei einem toskanischen Keramiktopf.<\/p>\n<p>Dies liegt unter anderem daran, dass dieser Blumentopf im sogenannten Rotationsverfahren hergestellt wird, wodurch eine sch\u00f6ne Struktur erzielt wird. Diese Serie von Blument\u00f6pfen wird mit Doppelw\u00e4nden hergestellt, Ihre Pflanzen werden aufgrund der isolierenden Luftschicht zwischen den 2 W\u00e4nden weniger unter Frost leiden.<\/p>\n<p>Dieser Blumentopf ist f\u00fcr den Innen- und Au\u00dfenbereich geeignet.Vergessen Sie bei der Verwendung im Garten nicht, den St\u00f6psel aus der Innenwand zu ziehen und vier L\u00f6cher in den Boden des Au\u00dfentopfs zu bohren. Da dieser Topf viel Weichmacher enth\u00e4lt, m\u00fcssen Sie sich bei diesem Topf keine Sorgen um spontane Risse machen.<\/p>\n<ul>\n<li class=\"m_8212615435423694807MsoListParagraph\">Leicht<u><\/u><u><\/u><\/li>\n<li>Gr\u00f6\u00dfe: Durchmesser oben 102 cm, Gesamth\u00f6he 78 cm und Durchmesser unten 56 cm<\/li>\n<li class=\"m_8212615435423694807MsoListParagraph\">Naturgetreu<u><\/u><u><\/u><\/li>\n<li class=\"m_8212615435423694807MsoListParagraph\">F\u00fcr drinnen und drau\u00dfen<u><\/u><u><\/u><\/li>\n<li class=\"m_8212615435423694807MsoListParagraph\">Doppelwandig, im Winter bei Frost isoliert<u><\/u><u><\/u><\/li>\n<li class=\"m_8212615435423694807MsoListParagraph\">Farbe fixiert<u><\/u><u><\/u><\/li>\n<li class=\"m_8212615435423694807MsoListParagraph\">Hergestellt mit dem sogenannten Rotationssystem<u><\/u><u><\/u><\/li>\n<li class=\"m_8212615435423694807MsoListParagraph\">3 Jahre Garantie<\/li>\n<li><strong>Material: strapazierf\u00e4higer Kunststoff<\/strong><\/li>\n<\/ul>\n","protected":false},"excerpt":{"rendered":"<p>M\u00f6chten Sie einen gro\u00dfen runden grauen Blumentopf, der f\u00fcr Palmen, Olivenb\u00e4ume oder andere mediterrane Pflanzen geeignet ist, der sehr stark, farbecht und leicht ist? Dann ist die Wahl f\u00fcr diesen Topf schnell getroffen. Sie k\u00f6nnen diesen grauen Blumentopf nicht vom Original unterscheiden, die Farbe und das Aussehen sind genau die gleichen wie bei einem toskanischen &hellip;<\/p>\n","protected":false},"featured_media":26863,"template":"","meta":{"_acf_changed":false},"product_brand":[],"product_cat":[722,740],"product_tag":[],"class_list":{"0":"post-26884","1":"product","2":"type-product","3":"status-publish","4":"has-post-thumbnail","6":"product_cat-blumentoepfe-und-pflanzgefaesse","7":"product_cat-pflanzkuebel-fuer-den-aussenbereich-gross-leicht","9":"first","10":"instock","11":"sale","12":"taxable","13":"shipping-taxable","14":"purchasable","15":"product-type-simple"},"acf":[],"yoast_head":"<!-- This site is optimized with the Yoast SEO plugin v23.8 - https:\/\/yoast.com\/wordpress\/plugins\/seo\/ -->\n<title>Blumentopf rund super gro\u00df Rinca 102cm grau - Eliassen.nl<\/title>\n<meta name=\"description\" content=\"Gro\u00dfer grauer runder gro\u00dfer Blumentopf f\u00fcr den Innen- und Au\u00dfenbereich geeignet. 100 frostbest\u00e4ndig! Kann auch als sch\u00f6ner Designtopf f\u00fcr Zuhause und B\u00fcro ...\" \/>\n<meta name=\"robots\" content=\"noindex, follow, max-snippet:-1, max-image-preview:large, max-video-preview:-1\" \/>\n<meta property=\"og:locale\" content=\"de_DE\" \/>\n<meta property=\"og:type\" content=\"article\" \/>\n<meta property=\"og:title\" content=\"Blumentopf rund super gro\u00df Rinca 102cm grau - Eliassen.nl\" \/>\n<meta property=\"og:description\" content=\"Gro\u00dfer grauer runder gro\u00dfer Blumentopf f\u00fcr den Innen- und Au\u00dfenbereich geeignet. 100 frostbest\u00e4ndig! Kann auch als sch\u00f6ner Designtopf f\u00fcr Zuhause und B\u00fcro ...\" \/>\n<meta property=\"og:url\" content=\"https:\/\/dev.eliassen.nl\/de\/blumentopf-rund-super-gross-rinca-102cm-grau-doppelwandig\/\" \/>\n<meta property=\"og:site_name\" content=\"Eliassen.nl\" \/>\n<meta property=\"article:publisher\" content=\"https:\/\/www.facebook.com\/TuincentrumEliassenAmmerzoden\" \/>\n<meta property=\"article:modified_time\" content=\"2024-12-05T14:45:24+00:00\" \/>\n<meta property=\"og:image\" content=\"https:\/\/dev.eliassen.nl\/wp-content\/uploads\/2024\/01\/autgrey2.jpg\" \/>\n\t<meta property=\"og:image:width\" content=\"2048\" \/>\n\t<meta property=\"og:image:height\" content=\"1774\" \/>\n\t<meta property=\"og:image:type\" content=\"image\/jpeg\" \/>\n<meta name=\"twitter:card\" content=\"summary_large_image\" \/>\n<script type=\"application\/ld+json\" class=\"yoast-schema-graph\">{\"@context\":\"https:\/\/schema.org\",\"@graph\":[{\"@type\":\"WebPage\",\"@id\":\"https:\/\/dev.eliassen.nl\/de\/blumentopf-rund-super-gross-rinca-102cm-grau-doppelwandig\/\",\"url\":\"https:\/\/dev.eliassen.nl\/de\/blumentopf-rund-super-gross-rinca-102cm-grau-doppelwandig\/\",\"name\":\"Blumentopf rund super gro\u00df Rinca 102cm grau - Eliassen.nl\",\"isPartOf\":{\"@id\":\"https:\/\/dev.eliassen.nl\/de\/#website\"},\"primaryImageOfPage\":{\"@id\":\"https:\/\/dev.eliassen.nl\/de\/blumentopf-rund-super-gross-rinca-102cm-grau-doppelwandig\/#primaryimage\"},\"image\":{\"@id\":\"https:\/\/dev.eliassen.nl\/de\/blumentopf-rund-super-gross-rinca-102cm-grau-doppelwandig\/#primaryimage\"},\"thumbnailUrl\":\"https:\/\/dev.eliassen.nl\/wp-content\/uploads\/2024\/01\/autgrey2.jpg\",\"datePublished\":\"2021-02-24T19:22:35+00:00\",\"dateModified\":\"2024-12-05T14:45:24+00:00\",\"description\":\"Gro\u00dfer grauer runder gro\u00dfer Blumentopf f\u00fcr den Innen- und Au\u00dfenbereich geeignet. 100 frostbest\u00e4ndig! Kann auch als sch\u00f6ner Designtopf f\u00fcr Zuhause und B\u00fcro ...\",\"breadcrumb\":{\"@id\":\"https:\/\/dev.eliassen.nl\/de\/blumentopf-rund-super-gross-rinca-102cm-grau-doppelwandig\/#breadcrumb\"},\"inLanguage\":\"de\",\"potentialAction\":[{\"@type\":\"ReadAction\",\"target\":[\"https:\/\/dev.eliassen.nl\/de\/blumentopf-rund-super-gross-rinca-102cm-grau-doppelwandig\/\"]}]},{\"@type\":\"ImageObject\",\"inLanguage\":\"de\",\"@id\":\"https:\/\/dev.eliassen.nl\/de\/blumentopf-rund-super-gross-rinca-102cm-grau-doppelwandig\/#primaryimage\",\"url\":\"https:\/\/dev.eliassen.nl\/wp-content\/uploads\/2024\/01\/autgrey2.jpg\",\"contentUrl\":\"https:\/\/dev.eliassen.nl\/wp-content\/uploads\/2024\/01\/autgrey2.jpg\",\"width\":2048,\"height\":1774,\"caption\":\"aut grey (2)\"},{\"@type\":\"BreadcrumbList\",\"@id\":\"https:\/\/dev.eliassen.nl\/de\/blumentopf-rund-super-gross-rinca-102cm-grau-doppelwandig\/#breadcrumb\",\"itemListElement\":[{\"@type\":\"ListItem\",\"position\":1,\"name\":\"Home\",\"item\":\"https:\/\/dev.eliassen.nl\/de\/\"},{\"@type\":\"ListItem\",\"position\":2,\"name\":\"Shop\",\"item\":\"https:\/\/dev.eliassen.nl\/nl\/winkel\/\"},{\"@type\":\"ListItem\",\"position\":3,\"name\":\"Blument\u00f6pfe und Pflanzgef\u00e4\u00dfe\",\"item\":\"https:\/\/dev.eliassen.nl\/de\/blumentoepfe-und-pflanzgefaesse\/\"},{\"@type\":\"ListItem\",\"position\":4,\"name\":\"Pflanzk\u00fcbel f\u00fcr den Au\u00dfenbereich gro\u00df leicht\",\"item\":\"https:\/\/dev.eliassen.nl\/de\/blumentoepfe-und-pflanzgefaesse\/pflanzkuebel-fuer-den-aussenbereich-gross-leicht\/\"},{\"@type\":\"ListItem\",\"position\":5,\"name\":\"Blumentopf rund super gro\u00df Rinca 102cm grau doppelwandig\"}]},{\"@type\":\"WebSite\",\"@id\":\"https:\/\/dev.eliassen.nl\/de\/#website\",\"url\":\"https:\/\/dev.eliassen.nl\/de\/\",\"name\":\"Eliassen Home & Garden Pleasure\",\"description\":\"\",\"publisher\":{\"@id\":\"https:\/\/dev.eliassen.nl\/de\/#organization\"},\"alternateName\":\"Eliassen.nl\",\"potentialAction\":[{\"@type\":\"SearchAction\",\"target\":{\"@type\":\"EntryPoint\",\"urlTemplate\":\"https:\/\/dev.eliassen.nl\/de\/?s={search_term_string}\"},\"query-input\":{\"@type\":\"PropertyValueSpecification\",\"valueRequired\":true,\"valueName\":\"search_term_string\"}}],\"inLanguage\":\"de\"},{\"@type\":\"Organization\",\"@id\":\"https:\/\/dev.eliassen.nl\/de\/#organization\",\"name\":\"Eliassen Home & Garden Pleasure\",\"url\":\"https:\/\/dev.eliassen.nl\/de\/\",\"logo\":{\"@type\":\"ImageObject\",\"inLanguage\":\"de\",\"@id\":\"https:\/\/dev.eliassen.nl\/de\/#\/schema\/logo\/image\/\",\"url\":\"https:\/\/www.eliassen.nl\/wp-content\/uploads\/2024\/01\/logo_4nd.jpg\",\"contentUrl\":\"https:\/\/www.eliassen.nl\/wp-content\/uploads\/2024\/01\/logo_4nd.jpg\",\"width\":500,\"height\":500,\"caption\":\"Eliassen Home & Garden Pleasure\"},\"image\":{\"@id\":\"https:\/\/dev.eliassen.nl\/de\/#\/schema\/logo\/image\/\"},\"sameAs\":[\"https:\/\/www.facebook.com\/TuincentrumEliassenAmmerzoden\",\"https:\/\/www.instagram.com\/eliassenhomeandgarden\/\",\"https:\/\/nl.pinterest.com\/eliassenhomeandgarden\/\",\"https:\/\/www.youtube.com\/@eliassenhomegardenpleasure4558\"]}]}<\/script>\n<!-- \/ Yoast SEO plugin. -->","yoast_head_json":{"title":"Blumentopf rund super gro\u00df Rinca 102cm grau - Eliassen.nl","description":"Gro\u00dfer grauer runder gro\u00dfer Blumentopf f\u00fcr den Innen- und Au\u00dfenbereich geeignet. 100 frostbest\u00e4ndig! Kann auch als sch\u00f6ner Designtopf f\u00fcr Zuhause und B\u00fcro ...","robots":{"index":"noindex","follow":"follow","max-snippet":"max-snippet:-1","max-image-preview":"max-image-preview:large","max-video-preview":"max-video-preview:-1"},"og_locale":"de_DE","og_type":"article","og_title":"Blumentopf rund super gro\u00df Rinca 102cm grau - Eliassen.nl","og_description":"Gro\u00dfer grauer runder gro\u00dfer Blumentopf f\u00fcr den Innen- und Au\u00dfenbereich geeignet. 100 frostbest\u00e4ndig! Kann auch als sch\u00f6ner Designtopf f\u00fcr Zuhause und B\u00fcro ...","og_url":"https:\/\/dev.eliassen.nl\/de\/blumentopf-rund-super-gross-rinca-102cm-grau-doppelwandig\/","og_site_name":"Eliassen.nl","article_publisher":"https:\/\/www.facebook.com\/TuincentrumEliassenAmmerzoden","article_modified_time":"2024-12-05T14:45:24+00:00","og_image":[{"width":2048,"height":1774,"url":"https:\/\/dev.eliassen.nl\/wp-content\/uploads\/2024\/01\/autgrey2.jpg","type":"image\/jpeg"}],"twitter_card":"summary_large_image","schema":{"@context":"https:\/\/schema.org","@graph":[{"@type":"WebPage","@id":"https:\/\/dev.eliassen.nl\/de\/blumentopf-rund-super-gross-rinca-102cm-grau-doppelwandig\/","url":"https:\/\/dev.eliassen.nl\/de\/blumentopf-rund-super-gross-rinca-102cm-grau-doppelwandig\/","name":"Blumentopf rund super gro\u00df Rinca 102cm grau - Eliassen.nl","isPartOf":{"@id":"https:\/\/dev.eliassen.nl\/de\/#website"},"primaryImageOfPage":{"@id":"https:\/\/dev.eliassen.nl\/de\/blumentopf-rund-super-gross-rinca-102cm-grau-doppelwandig\/#primaryimage"},"image":{"@id":"https:\/\/dev.eliassen.nl\/de\/blumentopf-rund-super-gross-rinca-102cm-grau-doppelwandig\/#primaryimage"},"thumbnailUrl":"https:\/\/dev.eliassen.nl\/wp-content\/uploads\/2024\/01\/autgrey2.jpg","datePublished":"2021-02-24T19:22:35+00:00","dateModified":"2024-12-05T14:45:24+00:00","description":"Gro\u00dfer grauer runder gro\u00dfer Blumentopf f\u00fcr den Innen- und Au\u00dfenbereich geeignet. 100 frostbest\u00e4ndig! Kann auch als sch\u00f6ner Designtopf f\u00fcr Zuhause und B\u00fcro ...","breadcrumb":{"@id":"https:\/\/dev.eliassen.nl\/de\/blumentopf-rund-super-gross-rinca-102cm-grau-doppelwandig\/#breadcrumb"},"inLanguage":"de","potentialAction":[{"@type":"ReadAction","target":["https:\/\/dev.eliassen.nl\/de\/blumentopf-rund-super-gross-rinca-102cm-grau-doppelwandig\/"]}]},{"@type":"ImageObject","inLanguage":"de","@id":"https:\/\/dev.eliassen.nl\/de\/blumentopf-rund-super-gross-rinca-102cm-grau-doppelwandig\/#primaryimage","url":"https:\/\/dev.eliassen.nl\/wp-content\/uploads\/2024\/01\/autgrey2.jpg","contentUrl":"https:\/\/dev.eliassen.nl\/wp-content\/uploads\/2024\/01\/autgrey2.jpg","width":2048,"height":1774,"caption":"aut grey (2)"},{"@type":"BreadcrumbList","@id":"https:\/\/dev.eliassen.nl\/de\/blumentopf-rund-super-gross-rinca-102cm-grau-doppelwandig\/#breadcrumb","itemListElement":[{"@type":"ListItem","position":1,"name":"Home","item":"https:\/\/dev.eliassen.nl\/de\/"},{"@type":"ListItem","position":2,"name":"Shop","item":"https:\/\/dev.eliassen.nl\/nl\/winkel\/"},{"@type":"ListItem","position":3,"name":"Blument\u00f6pfe und Pflanzgef\u00e4\u00dfe","item":"https:\/\/dev.eliassen.nl\/de\/blumentoepfe-und-pflanzgefaesse\/"},{"@type":"ListItem","position":4,"name":"Pflanzk\u00fcbel f\u00fcr den Au\u00dfenbereich gro\u00df leicht","item":"https:\/\/dev.eliassen.nl\/de\/blumentoepfe-und-pflanzgefaesse\/pflanzkuebel-fuer-den-aussenbereich-gross-leicht\/"},{"@type":"ListItem","position":5,"name":"Blumentopf rund super gro\u00df Rinca 102cm grau doppelwandig"}]},{"@type":"WebSite","@id":"https:\/\/dev.eliassen.nl\/de\/#website","url":"https:\/\/dev.eliassen.nl\/de\/","name":"Eliassen Home & Garden Pleasure","description":"","publisher":{"@id":"https:\/\/dev.eliassen.nl\/de\/#organization"},"alternateName":"Eliassen.nl","potentialAction":[{"@type":"SearchAction","target":{"@type":"EntryPoint","urlTemplate":"https:\/\/dev.eliassen.nl\/de\/?s={search_term_string}"},"query-input":{"@type":"PropertyValueSpecification","valueRequired":true,"valueName":"search_term_string"}}],"inLanguage":"de"},{"@type":"Organization","@id":"https:\/\/dev.eliassen.nl\/de\/#organization","name":"Eliassen Home & Garden Pleasure","url":"https:\/\/dev.eliassen.nl\/de\/","logo":{"@type":"ImageObject","inLanguage":"de","@id":"https:\/\/dev.eliassen.nl\/de\/#\/schema\/logo\/image\/","url":"https:\/\/www.eliassen.nl\/wp-content\/uploads\/2024\/01\/logo_4nd.jpg","contentUrl":"https:\/\/www.eliassen.nl\/wp-content\/uploads\/2024\/01\/logo_4nd.jpg","width":500,"height":500,"caption":"Eliassen Home & Garden Pleasure"},"image":{"@id":"https:\/\/dev.eliassen.nl\/de\/#\/schema\/logo\/image\/"},"sameAs":["https:\/\/www.facebook.com\/TuincentrumEliassenAmmerzoden","https:\/\/www.instagram.com\/eliassenhomeandgarden\/","https:\/\/nl.pinterest.com\/eliassenhomeandgarden\/","https:\/\/www.youtube.com\/@eliassenhomegardenpleasure4558"]}]}},"df_price":225,"df_sale_price":225,"df_regular_price":289,"df_image_link":"https:\/\/dev.eliassen.nl\/wp-content\/uploads\/2024\/01\/autgrey2.jpg","image":"https:\/\/dev.eliassen.nl\/wp-content\/uploads\/2024\/01\/autgrey2.jpg","price_search":"<span class=\"woocommerce-Price-amount amount\"><bdi><span class=\"woocommerce-Price-currencySymbol\">&euro;<\/span>&nbsp;225,00<\/bdi><\/span>","category":"Blument\u00f6pfe und Pflanzgef\u00e4\u00dfe","_links":{"self":[{"href":"https:\/\/dev.eliassen.nl\/de\/wp-json\/wp\/v2\/product\/26884","targetHints":{"allow":["GET"]}}],"collection":[{"href":"https:\/\/dev.eliassen.nl\/de\/wp-json\/wp\/v2\/product"}],"about":[{"href":"https:\/\/dev.eliassen.nl\/de\/wp-json\/wp\/v2\/types\/product"}],"wp:featuredmedia":[{"embeddable":true,"href":"https:\/\/dev.eliassen.nl\/de\/wp-json\/wp\/v2\/media\/26863"}],"wp:attachment":[{"href":"https:\/\/dev.eliassen.nl\/de\/wp-json\/wp\/v2\/media?parent=26884"}],"wp:term":[{"taxonomy":"product_brand","embeddable":true,"href":"https:\/\/dev.eliassen.nl\/de\/wp-json\/wp\/v2\/product_brand?post=26884"},{"taxonomy":"product_cat","embeddable":true,"href":"https:\/\/dev.eliassen.nl\/de\/wp-json\/wp\/v2\/product_cat?post=26884"},{"taxonomy":"product_tag","embeddable":true,"href":"https:\/\/dev.eliassen.nl\/de\/wp-json\/wp\/v2\/product_tag?post=26884"}],"curies":[{"name":"wp","href":"https:\/\/api.w.org\/{rel}","templated":true}]}}