{"id":26902,"date":"2021-02-24T20:24:29","date_gmt":"2021-02-24T19:24:29","guid":{"rendered":"https:\/\/www.eliassen.nl\/?product=bloempot-rond-supergroot-rinca-102cm-bronskleur"},"modified":"2024-12-05T15:45:27","modified_gmt":"2024-12-05T14:45:27","slug":"blumentopf-rund-super-gross-rinca-kupferfarben-102-cm-doppelwandig","status":"publish","type":"product","link":"https:\/\/dev.eliassen.nl\/de\/blumentopf-rund-super-gross-rinca-kupferfarben-102-cm-doppelwandig\/","title":{"rendered":"Blumentopf rund super gro\u00df Rinca kupferfarben 102 cm doppelwandig"},"content":{"rendered":"<p>Wenn Sie einen gro\u00dfen kupferfarbenen runden Blumentopf w\u00fcnschen, der f\u00fcr Palmen, Olivenb\u00e4ume oder andere mediterrane Pflanzen geeignet ist, der sehr robust, farbecht und leicht ist, dann ist die Wahl f\u00fcr diesen dunkelgrauen Blumentopf schnell getroffen. Sie k\u00f6nnen diesen grauen Blumentopf nicht vom Original unterscheiden, die Farbe und das Aussehen sind genau die gleichen wie bei einem toskanischen Keramiktopf.<\/p>\n<p>Dies liegt unter anderem daran, dass dieser gro\u00dfe Blumentopf im sogenannten Rotationsverfahren hergestellt wird, wodurch eine sch\u00f6ne Struktur erzielt wird. Diese Serie von Blument\u00f6pfen ist doppelwandig, Ihre Pflanzen leiden weniger unter Frost aufgrund der isolierenden Luftschicht zwischen den 2 W\u00e4nden.<\/p>\n<p>Der Topf ist f\u00fcr den Innen- und Au\u00dfenbereich geeignet.Vergessen Sie bei der Verwendung im Garten nicht, den D\u00fcbel aus der Innenwand zu ziehen und vier L\u00f6cher in den Boden des Au\u00dfentopfs zu bohren. Da dieser Topf viel Weichmacher enth\u00e4lt, m\u00fcssen Sie sich bei diesem Topf keine Sorgen um spontane Risse machen.<\/p>\n<ul>\n<li class=\"m_8212615435423694807MsoListParagraph\">Leicht<u><\/u><u><\/u><\/li>\n<li>Gr\u00f6\u00dfe: Durchmesser oben 102 cm, Gesamth\u00f6he 78 cm und Durchmesser unten 56 cm<\/li>\n<li class=\"m_8212615435423694807MsoListParagraph\">Naturgetreu<u><\/u><u><\/u><\/li>\n<li class=\"m_8212615435423694807MsoListParagraph\">F\u00fcr drinnen und drau\u00dfen<u><\/u><u><\/u><\/li>\n<li class=\"m_8212615435423694807MsoListParagraph\">Doppelwandig, im Winter bei Frost isoliert<u><\/u><u><\/u><\/li>\n<li class=\"m_8212615435423694807MsoListParagraph\">Farbe fixiert<u><\/u><u><\/u><\/li>\n<li class=\"m_8212615435423694807MsoListParagraph\">Hergestellt mit dem sogenannten Rotationssystem<u><\/u><u><\/u><\/li>\n<li class=\"m_8212615435423694807MsoListParagraph\">3 Jahre Garantie<\/li>\n<li><strong>Material: strapazierf\u00e4higer Kunststoff<\/strong><\/li>\n<\/ul>\n","protected":false},"excerpt":{"rendered":"<p>Wenn Sie einen gro\u00dfen kupferfarbenen runden Blumentopf w\u00fcnschen, der f\u00fcr Palmen, Olivenb\u00e4ume oder andere mediterrane Pflanzen geeignet ist, der sehr robust, farbecht und leicht ist, dann ist die Wahl f\u00fcr diesen dunkelgrauen Blumentopf schnell getroffen. Sie k\u00f6nnen diesen grauen Blumentopf nicht vom Original unterscheiden, die Farbe und das Aussehen sind genau die gleichen wie bei &hellip;<\/p>\n","protected":false},"featured_media":26887,"template":"","meta":{"_acf_changed":false},"product_brand":[],"product_cat":[722,740],"product_tag":[],"class_list":{"0":"post-26902","1":"product","2":"type-product","3":"status-publish","4":"has-post-thumbnail","6":"product_cat-blumentoepfe-und-pflanzgefaesse","7":"product_cat-pflanzkuebel-fuer-den-aussenbereich-gross-leicht","9":"first","10":"instock","11":"sale","12":"taxable","13":"shipping-taxable","14":"purchasable","15":"product-type-simple"},"acf":[],"yoast_head":"<!-- This site is optimized with the Yoast SEO plugin v23.8 - https:\/\/yoast.com\/wordpress\/plugins\/seo\/ -->\n<title>Blumentopf rund super gro\u00df Rinca kupferfarben 102cm - Eliassen.nl<\/title>\n<meta name=\"description\" content=\"Sehr gro\u00dfer Blumentopf kupferfarben 102cm f\u00fcr den Innen- und Au\u00dfenbereich geeignet. Leicht und im Winter bei Frost isoliert. \u221a 3 Jahre Garantie \u221a Live erleben!\" \/>\n<meta name=\"robots\" content=\"noindex, follow, max-snippet:-1, max-image-preview:large, max-video-preview:-1\" \/>\n<meta property=\"og:locale\" content=\"de_DE\" \/>\n<meta property=\"og:type\" content=\"article\" \/>\n<meta property=\"og:title\" content=\"Blumentopf rund super gro\u00df Rinca kupferfarben 102cm - Eliassen.nl\" \/>\n<meta property=\"og:description\" content=\"Sehr gro\u00dfer Blumentopf kupferfarben 102cm f\u00fcr den Innen- und Au\u00dfenbereich geeignet. Leicht und im Winter bei Frost isoliert. \u221a 3 Jahre Garantie \u221a Live erleben!\" \/>\n<meta property=\"og:url\" content=\"https:\/\/dev.eliassen.nl\/de\/blumentopf-rund-super-gross-rinca-kupferfarben-102-cm-doppelwandig\/\" \/>\n<meta property=\"og:site_name\" content=\"Eliassen.nl\" \/>\n<meta property=\"article:publisher\" content=\"https:\/\/www.facebook.com\/TuincentrumEliassenAmmerzoden\" \/>\n<meta property=\"article:modified_time\" content=\"2024-12-05T14:45:27+00:00\" \/>\n<meta property=\"og:image\" content=\"https:\/\/dev.eliassen.nl\/wp-content\/uploads\/2024\/01\/bloempotrondsupergrootrincadonkergrijs102cm.jpg\" \/>\n\t<meta property=\"og:image:width\" content=\"2048\" \/>\n\t<meta property=\"og:image:height\" content=\"1814\" \/>\n\t<meta property=\"og:image:type\" content=\"image\/jpeg\" \/>\n<meta name=\"twitter:card\" content=\"summary_large_image\" \/>\n<script type=\"application\/ld+json\" class=\"yoast-schema-graph\">{\"@context\":\"https:\/\/schema.org\",\"@graph\":[{\"@type\":\"WebPage\",\"@id\":\"https:\/\/dev.eliassen.nl\/de\/blumentopf-rund-super-gross-rinca-kupferfarben-102-cm-doppelwandig\/\",\"url\":\"https:\/\/dev.eliassen.nl\/de\/blumentopf-rund-super-gross-rinca-kupferfarben-102-cm-doppelwandig\/\",\"name\":\"Blumentopf rund super gro\u00df Rinca kupferfarben 102cm - Eliassen.nl\",\"isPartOf\":{\"@id\":\"https:\/\/dev.eliassen.nl\/de\/#website\"},\"primaryImageOfPage\":{\"@id\":\"https:\/\/dev.eliassen.nl\/de\/blumentopf-rund-super-gross-rinca-kupferfarben-102-cm-doppelwandig\/#primaryimage\"},\"image\":{\"@id\":\"https:\/\/dev.eliassen.nl\/de\/blumentopf-rund-super-gross-rinca-kupferfarben-102-cm-doppelwandig\/#primaryimage\"},\"thumbnailUrl\":\"https:\/\/dev.eliassen.nl\/wp-content\/uploads\/2024\/01\/bloempotrondsupergrootrincadonkergrijs102cm.jpg\",\"datePublished\":\"2021-02-24T19:24:29+00:00\",\"dateModified\":\"2024-12-05T14:45:27+00:00\",\"description\":\"Sehr gro\u00dfer Blumentopf kupferfarben 102cm f\u00fcr den Innen- und Au\u00dfenbereich geeignet. Leicht und im Winter bei Frost isoliert. \u221a 3 Jahre Garantie \u221a Live erleben!\",\"breadcrumb\":{\"@id\":\"https:\/\/dev.eliassen.nl\/de\/blumentopf-rund-super-gross-rinca-kupferfarben-102-cm-doppelwandig\/#breadcrumb\"},\"inLanguage\":\"de\",\"potentialAction\":[{\"@type\":\"ReadAction\",\"target\":[\"https:\/\/dev.eliassen.nl\/de\/blumentopf-rund-super-gross-rinca-kupferfarben-102-cm-doppelwandig\/\"]}]},{\"@type\":\"ImageObject\",\"inLanguage\":\"de\",\"@id\":\"https:\/\/dev.eliassen.nl\/de\/blumentopf-rund-super-gross-rinca-kupferfarben-102-cm-doppelwandig\/#primaryimage\",\"url\":\"https:\/\/dev.eliassen.nl\/wp-content\/uploads\/2024\/01\/bloempotrondsupergrootrincadonkergrijs102cm.jpg\",\"contentUrl\":\"https:\/\/dev.eliassen.nl\/wp-content\/uploads\/2024\/01\/bloempotrondsupergrootrincadonkergrijs102cm.jpg\",\"width\":2048,\"height\":1814,\"caption\":\"Bloempot rond supergroot Rinca donkergrijs 102cm\"},{\"@type\":\"BreadcrumbList\",\"@id\":\"https:\/\/dev.eliassen.nl\/de\/blumentopf-rund-super-gross-rinca-kupferfarben-102-cm-doppelwandig\/#breadcrumb\",\"itemListElement\":[{\"@type\":\"ListItem\",\"position\":1,\"name\":\"Home\",\"item\":\"https:\/\/dev.eliassen.nl\/de\/\"},{\"@type\":\"ListItem\",\"position\":2,\"name\":\"Shop\",\"item\":\"https:\/\/dev.eliassen.nl\/nl\/winkel\/\"},{\"@type\":\"ListItem\",\"position\":3,\"name\":\"Blument\u00f6pfe und Pflanzgef\u00e4\u00dfe\",\"item\":\"https:\/\/dev.eliassen.nl\/de\/blumentoepfe-und-pflanzgefaesse\/\"},{\"@type\":\"ListItem\",\"position\":4,\"name\":\"Pflanzk\u00fcbel f\u00fcr den Au\u00dfenbereich gro\u00df leicht\",\"item\":\"https:\/\/dev.eliassen.nl\/de\/blumentoepfe-und-pflanzgefaesse\/pflanzkuebel-fuer-den-aussenbereich-gross-leicht\/\"},{\"@type\":\"ListItem\",\"position\":5,\"name\":\"Blumentopf rund super gro\u00df Rinca kupferfarben 102 cm doppelwandig\"}]},{\"@type\":\"WebSite\",\"@id\":\"https:\/\/dev.eliassen.nl\/de\/#website\",\"url\":\"https:\/\/dev.eliassen.nl\/de\/\",\"name\":\"Eliassen Home & Garden Pleasure\",\"description\":\"\",\"publisher\":{\"@id\":\"https:\/\/dev.eliassen.nl\/de\/#organization\"},\"alternateName\":\"Eliassen.nl\",\"potentialAction\":[{\"@type\":\"SearchAction\",\"target\":{\"@type\":\"EntryPoint\",\"urlTemplate\":\"https:\/\/dev.eliassen.nl\/de\/?s={search_term_string}\"},\"query-input\":{\"@type\":\"PropertyValueSpecification\",\"valueRequired\":true,\"valueName\":\"search_term_string\"}}],\"inLanguage\":\"de\"},{\"@type\":\"Organization\",\"@id\":\"https:\/\/dev.eliassen.nl\/de\/#organization\",\"name\":\"Eliassen Home & Garden Pleasure\",\"url\":\"https:\/\/dev.eliassen.nl\/de\/\",\"logo\":{\"@type\":\"ImageObject\",\"inLanguage\":\"de\",\"@id\":\"https:\/\/dev.eliassen.nl\/de\/#\/schema\/logo\/image\/\",\"url\":\"https:\/\/www.eliassen.nl\/wp-content\/uploads\/2024\/01\/logo_4nd.jpg\",\"contentUrl\":\"https:\/\/www.eliassen.nl\/wp-content\/uploads\/2024\/01\/logo_4nd.jpg\",\"width\":500,\"height\":500,\"caption\":\"Eliassen Home & Garden Pleasure\"},\"image\":{\"@id\":\"https:\/\/dev.eliassen.nl\/de\/#\/schema\/logo\/image\/\"},\"sameAs\":[\"https:\/\/www.facebook.com\/TuincentrumEliassenAmmerzoden\",\"https:\/\/www.instagram.com\/eliassenhomeandgarden\/\",\"https:\/\/nl.pinterest.com\/eliassenhomeandgarden\/\",\"https:\/\/www.youtube.com\/@eliassenhomegardenpleasure4558\"]}]}<\/script>\n<!-- \/ Yoast SEO plugin. -->","yoast_head_json":{"title":"Blumentopf rund super gro\u00df Rinca kupferfarben 102cm - Eliassen.nl","description":"Sehr gro\u00dfer Blumentopf kupferfarben 102cm f\u00fcr den Innen- und Au\u00dfenbereich geeignet. Leicht und im Winter bei Frost isoliert. \u221a 3 Jahre Garantie \u221a Live erleben!","robots":{"index":"noindex","follow":"follow","max-snippet":"max-snippet:-1","max-image-preview":"max-image-preview:large","max-video-preview":"max-video-preview:-1"},"og_locale":"de_DE","og_type":"article","og_title":"Blumentopf rund super gro\u00df Rinca kupferfarben 102cm - Eliassen.nl","og_description":"Sehr gro\u00dfer Blumentopf kupferfarben 102cm f\u00fcr den Innen- und Au\u00dfenbereich geeignet. Leicht und im Winter bei Frost isoliert. \u221a 3 Jahre Garantie \u221a Live erleben!","og_url":"https:\/\/dev.eliassen.nl\/de\/blumentopf-rund-super-gross-rinca-kupferfarben-102-cm-doppelwandig\/","og_site_name":"Eliassen.nl","article_publisher":"https:\/\/www.facebook.com\/TuincentrumEliassenAmmerzoden","article_modified_time":"2024-12-05T14:45:27+00:00","og_image":[{"width":2048,"height":1814,"url":"https:\/\/dev.eliassen.nl\/wp-content\/uploads\/2024\/01\/bloempotrondsupergrootrincadonkergrijs102cm.jpg","type":"image\/jpeg"}],"twitter_card":"summary_large_image","schema":{"@context":"https:\/\/schema.org","@graph":[{"@type":"WebPage","@id":"https:\/\/dev.eliassen.nl\/de\/blumentopf-rund-super-gross-rinca-kupferfarben-102-cm-doppelwandig\/","url":"https:\/\/dev.eliassen.nl\/de\/blumentopf-rund-super-gross-rinca-kupferfarben-102-cm-doppelwandig\/","name":"Blumentopf rund super gro\u00df Rinca kupferfarben 102cm - Eliassen.nl","isPartOf":{"@id":"https:\/\/dev.eliassen.nl\/de\/#website"},"primaryImageOfPage":{"@id":"https:\/\/dev.eliassen.nl\/de\/blumentopf-rund-super-gross-rinca-kupferfarben-102-cm-doppelwandig\/#primaryimage"},"image":{"@id":"https:\/\/dev.eliassen.nl\/de\/blumentopf-rund-super-gross-rinca-kupferfarben-102-cm-doppelwandig\/#primaryimage"},"thumbnailUrl":"https:\/\/dev.eliassen.nl\/wp-content\/uploads\/2024\/01\/bloempotrondsupergrootrincadonkergrijs102cm.jpg","datePublished":"2021-02-24T19:24:29+00:00","dateModified":"2024-12-05T14:45:27+00:00","description":"Sehr gro\u00dfer Blumentopf kupferfarben 102cm f\u00fcr den Innen- und Au\u00dfenbereich geeignet. Leicht und im Winter bei Frost isoliert. \u221a 3 Jahre Garantie \u221a Live erleben!","breadcrumb":{"@id":"https:\/\/dev.eliassen.nl\/de\/blumentopf-rund-super-gross-rinca-kupferfarben-102-cm-doppelwandig\/#breadcrumb"},"inLanguage":"de","potentialAction":[{"@type":"ReadAction","target":["https:\/\/dev.eliassen.nl\/de\/blumentopf-rund-super-gross-rinca-kupferfarben-102-cm-doppelwandig\/"]}]},{"@type":"ImageObject","inLanguage":"de","@id":"https:\/\/dev.eliassen.nl\/de\/blumentopf-rund-super-gross-rinca-kupferfarben-102-cm-doppelwandig\/#primaryimage","url":"https:\/\/dev.eliassen.nl\/wp-content\/uploads\/2024\/01\/bloempotrondsupergrootrincadonkergrijs102cm.jpg","contentUrl":"https:\/\/dev.eliassen.nl\/wp-content\/uploads\/2024\/01\/bloempotrondsupergrootrincadonkergrijs102cm.jpg","width":2048,"height":1814,"caption":"Bloempot rond supergroot Rinca donkergrijs 102cm"},{"@type":"BreadcrumbList","@id":"https:\/\/dev.eliassen.nl\/de\/blumentopf-rund-super-gross-rinca-kupferfarben-102-cm-doppelwandig\/#breadcrumb","itemListElement":[{"@type":"ListItem","position":1,"name":"Home","item":"https:\/\/dev.eliassen.nl\/de\/"},{"@type":"ListItem","position":2,"name":"Shop","item":"https:\/\/dev.eliassen.nl\/nl\/winkel\/"},{"@type":"ListItem","position":3,"name":"Blument\u00f6pfe und Pflanzgef\u00e4\u00dfe","item":"https:\/\/dev.eliassen.nl\/de\/blumentoepfe-und-pflanzgefaesse\/"},{"@type":"ListItem","position":4,"name":"Pflanzk\u00fcbel f\u00fcr den Au\u00dfenbereich gro\u00df leicht","item":"https:\/\/dev.eliassen.nl\/de\/blumentoepfe-und-pflanzgefaesse\/pflanzkuebel-fuer-den-aussenbereich-gross-leicht\/"},{"@type":"ListItem","position":5,"name":"Blumentopf rund super gro\u00df Rinca kupferfarben 102 cm doppelwandig"}]},{"@type":"WebSite","@id":"https:\/\/dev.eliassen.nl\/de\/#website","url":"https:\/\/dev.eliassen.nl\/de\/","name":"Eliassen Home & Garden Pleasure","description":"","publisher":{"@id":"https:\/\/dev.eliassen.nl\/de\/#organization"},"alternateName":"Eliassen.nl","potentialAction":[{"@type":"SearchAction","target":{"@type":"EntryPoint","urlTemplate":"https:\/\/dev.eliassen.nl\/de\/?s={search_term_string}"},"query-input":{"@type":"PropertyValueSpecification","valueRequired":true,"valueName":"search_term_string"}}],"inLanguage":"de"},{"@type":"Organization","@id":"https:\/\/dev.eliassen.nl\/de\/#organization","name":"Eliassen Home & Garden Pleasure","url":"https:\/\/dev.eliassen.nl\/de\/","logo":{"@type":"ImageObject","inLanguage":"de","@id":"https:\/\/dev.eliassen.nl\/de\/#\/schema\/logo\/image\/","url":"https:\/\/www.eliassen.nl\/wp-content\/uploads\/2024\/01\/logo_4nd.jpg","contentUrl":"https:\/\/www.eliassen.nl\/wp-content\/uploads\/2024\/01\/logo_4nd.jpg","width":500,"height":500,"caption":"Eliassen Home & Garden Pleasure"},"image":{"@id":"https:\/\/dev.eliassen.nl\/de\/#\/schema\/logo\/image\/"},"sameAs":["https:\/\/www.facebook.com\/TuincentrumEliassenAmmerzoden","https:\/\/www.instagram.com\/eliassenhomeandgarden\/","https:\/\/nl.pinterest.com\/eliassenhomeandgarden\/","https:\/\/www.youtube.com\/@eliassenhomegardenpleasure4558"]}]}},"df_price":220,"df_sale_price":220,"df_regular_price":289,"df_image_link":"https:\/\/dev.eliassen.nl\/wp-content\/uploads\/2024\/01\/bloempotrondsupergrootrincadonkergrijs102cm.jpg","image":"https:\/\/dev.eliassen.nl\/wp-content\/uploads\/2024\/01\/bloempotrondsupergrootrincadonkergrijs102cm.jpg","price_search":"<span class=\"woocommerce-Price-amount amount\"><bdi><span class=\"woocommerce-Price-currencySymbol\">&euro;<\/span>&nbsp;220,00<\/bdi><\/span>","category":"Blument\u00f6pfe und Pflanzgef\u00e4\u00dfe","_links":{"self":[{"href":"https:\/\/dev.eliassen.nl\/de\/wp-json\/wp\/v2\/product\/26902","targetHints":{"allow":["GET"]}}],"collection":[{"href":"https:\/\/dev.eliassen.nl\/de\/wp-json\/wp\/v2\/product"}],"about":[{"href":"https:\/\/dev.eliassen.nl\/de\/wp-json\/wp\/v2\/types\/product"}],"wp:featuredmedia":[{"embeddable":true,"href":"https:\/\/dev.eliassen.nl\/de\/wp-json\/wp\/v2\/media\/26887"}],"wp:attachment":[{"href":"https:\/\/dev.eliassen.nl\/de\/wp-json\/wp\/v2\/media?parent=26902"}],"wp:term":[{"taxonomy":"product_brand","embeddable":true,"href":"https:\/\/dev.eliassen.nl\/de\/wp-json\/wp\/v2\/product_brand?post=26902"},{"taxonomy":"product_cat","embeddable":true,"href":"https:\/\/dev.eliassen.nl\/de\/wp-json\/wp\/v2\/product_cat?post=26902"},{"taxonomy":"product_tag","embeddable":true,"href":"https:\/\/dev.eliassen.nl\/de\/wp-json\/wp\/v2\/product_tag?post=26902"}],"curies":[{"name":"wp","href":"https:\/\/api.w.org\/{rel}","templated":true}]}}