{"id":27022,"date":"2021-03-11T11:54:08","date_gmt":"2021-03-11T10:54:08","guid":{"rendered":"https:\/\/www.eliassen.nl\/?product=glasschilderij-80x120-cm-erotic"},"modified":"2024-12-05T15:45:36","modified_gmt":"2024-12-05T14:45:36","slug":"glasmalerei-erotik-80x120-cm","status":"publish","type":"product","link":"https:\/\/dev.eliassen.nl\/de\/glasmalerei-erotik-80x120-cm\/","title":{"rendered":"Glasmalerei Erotik 80&#215;120 cm."},"content":{"rendered":"<p>Sch\u00f6n in sch\u00f6nen, eleganten Innenr\u00e4umen, aber nat\u00fcrlich auch geschmackvoll in Ihrem B\u00fcro oder Unternehmen.<br \/>Diese sehr gro\u00dfe Glasplatte mit einer Frau. Da sich das Foto auf der R\u00fcckseite befindet, ergibt das Glas davor einen sch\u00f6nen Effekt.<br \/><strong>Wir haben fast die gesamte Sammlung dieser Gem\u00e4ldesammlung in unserem Gesch\u00e4ft auf Lager, was in den Niederlanden einzigartig ist !!<\/strong><\/p>\n<ul>\n<li>Gr\u00f6\u00dfe 80 x 120 cm hoch.<\/li>\n<li>Schnell geliefert.<\/li>\n<li>Nahezu unzerbrechlich.<\/li>\n<li>Superscharfes Bild.<\/li>\n<li>4 mm dickes geh\u00e4rtetes Glas.<\/li>\n<li>Nahezu unempfindlich gegen Kratzer.<\/li>\n<li>Einfach aufzuh\u00e4ngen mit 2 Haken.<\/li>\n<\/ul>\n","protected":false},"excerpt":{"rendered":"<p>Sch\u00f6n in sch\u00f6nen, eleganten Innenr\u00e4umen, aber nat\u00fcrlich auch geschmackvoll in Ihrem B\u00fcro oder Unternehmen.Diese sehr gro\u00dfe Glasplatte mit einer Frau. Da sich das Foto auf der R\u00fcckseite befindet, ergibt das Glas davor einen sch\u00f6nen Effekt.Wir haben fast die gesamte Sammlung dieser Gem\u00e4ldesammlung in unserem Gesch\u00e4ft auf Lager, was in den Niederlanden einzigartig ist !! Gr\u00f6\u00dfe &hellip;<\/p>\n","protected":false},"featured_media":27019,"template":"","meta":{"_acf_changed":false},"product_brand":[],"product_cat":[410,455,443],"product_tag":[],"class_list":{"0":"post-27022","1":"product","2":"type-product","3":"status-publish","4":"has-post-thumbnail","6":"product_cat-gemaelde","7":"product_cat-glasmalerei-im-format-80x120cm","8":"product_cat-glasmalereien","10":"first","11":"instock","12":"sale","13":"taxable","14":"shipping-taxable","15":"purchasable","16":"product-type-simple"},"acf":[],"yoast_head":"<!-- This site is optimized with the Yoast SEO plugin v23.8 - https:\/\/yoast.com\/wordpress\/plugins\/seo\/ -->\n<title>Glasmalerei 80x120 cm. Erotik | Eliassen<\/title>\n<meta name=\"description\" content=\"Bei Eliassen kaufen Sie Glasmalerei 80x120 cm. Erotik kann online oder live im Showroom angeschaut werden. Direkt online bestellen.\" \/>\n<meta name=\"robots\" content=\"noindex, follow, max-snippet:-1, max-image-preview:large, max-video-preview:-1\" \/>\n<meta property=\"og:locale\" content=\"de_DE\" \/>\n<meta property=\"og:type\" content=\"article\" \/>\n<meta property=\"og:title\" content=\"Glasmalerei 80x120 cm. Erotik | Eliassen\" \/>\n<meta property=\"og:description\" content=\"Bei Eliassen kaufen Sie Glasmalerei 80x120 cm. Erotik kann online oder live im Showroom angeschaut werden. Direkt online bestellen.\" \/>\n<meta property=\"og:url\" content=\"https:\/\/dev.eliassen.nl\/de\/glasmalerei-erotik-80x120-cm\/\" \/>\n<meta property=\"og:site_name\" content=\"Eliassen.nl\" \/>\n<meta property=\"article:publisher\" content=\"https:\/\/www.facebook.com\/TuincentrumEliassenAmmerzoden\" \/>\n<meta property=\"article:modified_time\" content=\"2024-12-05T14:45:36+00:00\" \/>\n<meta property=\"og:image\" content=\"https:\/\/dev.eliassen.nl\/wp-content\/uploads\/2024\/01\/g6082058frameglass120x80lady82058.jpg\" \/>\n\t<meta property=\"og:image:width\" content=\"783\" \/>\n\t<meta property=\"og:image:height\" content=\"1175\" \/>\n\t<meta property=\"og:image:type\" content=\"image\/jpeg\" \/>\n<meta name=\"twitter:card\" content=\"summary_large_image\" \/>\n<script type=\"application\/ld+json\" class=\"yoast-schema-graph\">{\"@context\":\"https:\/\/schema.org\",\"@graph\":[{\"@type\":\"WebPage\",\"@id\":\"https:\/\/dev.eliassen.nl\/de\/glasmalerei-erotik-80x120-cm\/\",\"url\":\"https:\/\/dev.eliassen.nl\/de\/glasmalerei-erotik-80x120-cm\/\",\"name\":\"Glasmalerei 80x120 cm. Erotik | Eliassen\",\"isPartOf\":{\"@id\":\"https:\/\/dev.eliassen.nl\/de\/#website\"},\"primaryImageOfPage\":{\"@id\":\"https:\/\/dev.eliassen.nl\/de\/glasmalerei-erotik-80x120-cm\/#primaryimage\"},\"image\":{\"@id\":\"https:\/\/dev.eliassen.nl\/de\/glasmalerei-erotik-80x120-cm\/#primaryimage\"},\"thumbnailUrl\":\"https:\/\/dev.eliassen.nl\/wp-content\/uploads\/2024\/01\/g6082058frameglass120x80lady82058.jpg\",\"datePublished\":\"2021-03-11T10:54:08+00:00\",\"dateModified\":\"2024-12-05T14:45:36+00:00\",\"description\":\"Bei Eliassen kaufen Sie Glasmalerei 80x120 cm. Erotik kann online oder live im Showroom angeschaut werden. Direkt online bestellen.\",\"breadcrumb\":{\"@id\":\"https:\/\/dev.eliassen.nl\/de\/glasmalerei-erotik-80x120-cm\/#breadcrumb\"},\"inLanguage\":\"de\",\"potentialAction\":[{\"@type\":\"ReadAction\",\"target\":[\"https:\/\/dev.eliassen.nl\/de\/glasmalerei-erotik-80x120-cm\/\"]}]},{\"@type\":\"ImageObject\",\"inLanguage\":\"de\",\"@id\":\"https:\/\/dev.eliassen.nl\/de\/glasmalerei-erotik-80x120-cm\/#primaryimage\",\"url\":\"https:\/\/dev.eliassen.nl\/wp-content\/uploads\/2024\/01\/g6082058frameglass120x80lady82058.jpg\",\"contentUrl\":\"https:\/\/dev.eliassen.nl\/wp-content\/uploads\/2024\/01\/g6082058frameglass120x80lady82058.jpg\",\"width\":783,\"height\":1175,\"caption\":\"G6082058 Frame Glass 120x80 Lady 82058\"},{\"@type\":\"BreadcrumbList\",\"@id\":\"https:\/\/dev.eliassen.nl\/de\/glasmalerei-erotik-80x120-cm\/#breadcrumb\",\"itemListElement\":[{\"@type\":\"ListItem\",\"position\":1,\"name\":\"Home\",\"item\":\"https:\/\/dev.eliassen.nl\/de\/\"},{\"@type\":\"ListItem\",\"position\":2,\"name\":\"Shop\",\"item\":\"https:\/\/dev.eliassen.nl\/nl\/winkel\/\"},{\"@type\":\"ListItem\",\"position\":3,\"name\":\"Glasmalereien\",\"item\":\"https:\/\/dev.eliassen.nl\/de\/gemaelde\/glasmalereien\/\"},{\"@type\":\"ListItem\",\"position\":4,\"name\":\"Glasmalerei im Format 80x120cm\",\"item\":\"https:\/\/dev.eliassen.nl\/de\/gemaelde\/glasmalereien\/glasmalerei-im-format-80x120cm\/\"},{\"@type\":\"ListItem\",\"position\":5,\"name\":\"Glasmalerei Erotik 80&#215;120 cm.\"}]},{\"@type\":\"WebSite\",\"@id\":\"https:\/\/dev.eliassen.nl\/de\/#website\",\"url\":\"https:\/\/dev.eliassen.nl\/de\/\",\"name\":\"Eliassen Home & Garden Pleasure\",\"description\":\"\",\"publisher\":{\"@id\":\"https:\/\/dev.eliassen.nl\/de\/#organization\"},\"alternateName\":\"Eliassen.nl\",\"potentialAction\":[{\"@type\":\"SearchAction\",\"target\":{\"@type\":\"EntryPoint\",\"urlTemplate\":\"https:\/\/dev.eliassen.nl\/de\/?s={search_term_string}\"},\"query-input\":{\"@type\":\"PropertyValueSpecification\",\"valueRequired\":true,\"valueName\":\"search_term_string\"}}],\"inLanguage\":\"de\"},{\"@type\":\"Organization\",\"@id\":\"https:\/\/dev.eliassen.nl\/de\/#organization\",\"name\":\"Eliassen Home & Garden Pleasure\",\"url\":\"https:\/\/dev.eliassen.nl\/de\/\",\"logo\":{\"@type\":\"ImageObject\",\"inLanguage\":\"de\",\"@id\":\"https:\/\/dev.eliassen.nl\/de\/#\/schema\/logo\/image\/\",\"url\":\"https:\/\/www.eliassen.nl\/wp-content\/uploads\/2024\/01\/logo_4nd.jpg\",\"contentUrl\":\"https:\/\/www.eliassen.nl\/wp-content\/uploads\/2024\/01\/logo_4nd.jpg\",\"width\":500,\"height\":500,\"caption\":\"Eliassen Home & Garden Pleasure\"},\"image\":{\"@id\":\"https:\/\/dev.eliassen.nl\/de\/#\/schema\/logo\/image\/\"},\"sameAs\":[\"https:\/\/www.facebook.com\/TuincentrumEliassenAmmerzoden\",\"https:\/\/www.instagram.com\/eliassenhomeandgarden\/\",\"https:\/\/nl.pinterest.com\/eliassenhomeandgarden\/\",\"https:\/\/www.youtube.com\/@eliassenhomegardenpleasure4558\"]}]}<\/script>\n<!-- \/ Yoast SEO plugin. -->","yoast_head_json":{"title":"Glasmalerei 80x120 cm. Erotik | Eliassen","description":"Bei Eliassen kaufen Sie Glasmalerei 80x120 cm. Erotik kann online oder live im Showroom angeschaut werden. Direkt online bestellen.","robots":{"index":"noindex","follow":"follow","max-snippet":"max-snippet:-1","max-image-preview":"max-image-preview:large","max-video-preview":"max-video-preview:-1"},"og_locale":"de_DE","og_type":"article","og_title":"Glasmalerei 80x120 cm. Erotik | Eliassen","og_description":"Bei Eliassen kaufen Sie Glasmalerei 80x120 cm. Erotik kann online oder live im Showroom angeschaut werden. Direkt online bestellen.","og_url":"https:\/\/dev.eliassen.nl\/de\/glasmalerei-erotik-80x120-cm\/","og_site_name":"Eliassen.nl","article_publisher":"https:\/\/www.facebook.com\/TuincentrumEliassenAmmerzoden","article_modified_time":"2024-12-05T14:45:36+00:00","og_image":[{"width":783,"height":1175,"url":"https:\/\/dev.eliassen.nl\/wp-content\/uploads\/2024\/01\/g6082058frameglass120x80lady82058.jpg","type":"image\/jpeg"}],"twitter_card":"summary_large_image","schema":{"@context":"https:\/\/schema.org","@graph":[{"@type":"WebPage","@id":"https:\/\/dev.eliassen.nl\/de\/glasmalerei-erotik-80x120-cm\/","url":"https:\/\/dev.eliassen.nl\/de\/glasmalerei-erotik-80x120-cm\/","name":"Glasmalerei 80x120 cm. Erotik | Eliassen","isPartOf":{"@id":"https:\/\/dev.eliassen.nl\/de\/#website"},"primaryImageOfPage":{"@id":"https:\/\/dev.eliassen.nl\/de\/glasmalerei-erotik-80x120-cm\/#primaryimage"},"image":{"@id":"https:\/\/dev.eliassen.nl\/de\/glasmalerei-erotik-80x120-cm\/#primaryimage"},"thumbnailUrl":"https:\/\/dev.eliassen.nl\/wp-content\/uploads\/2024\/01\/g6082058frameglass120x80lady82058.jpg","datePublished":"2021-03-11T10:54:08+00:00","dateModified":"2024-12-05T14:45:36+00:00","description":"Bei Eliassen kaufen Sie Glasmalerei 80x120 cm. Erotik kann online oder live im Showroom angeschaut werden. Direkt online bestellen.","breadcrumb":{"@id":"https:\/\/dev.eliassen.nl\/de\/glasmalerei-erotik-80x120-cm\/#breadcrumb"},"inLanguage":"de","potentialAction":[{"@type":"ReadAction","target":["https:\/\/dev.eliassen.nl\/de\/glasmalerei-erotik-80x120-cm\/"]}]},{"@type":"ImageObject","inLanguage":"de","@id":"https:\/\/dev.eliassen.nl\/de\/glasmalerei-erotik-80x120-cm\/#primaryimage","url":"https:\/\/dev.eliassen.nl\/wp-content\/uploads\/2024\/01\/g6082058frameglass120x80lady82058.jpg","contentUrl":"https:\/\/dev.eliassen.nl\/wp-content\/uploads\/2024\/01\/g6082058frameglass120x80lady82058.jpg","width":783,"height":1175,"caption":"G6082058 Frame Glass 120x80 Lady 82058"},{"@type":"BreadcrumbList","@id":"https:\/\/dev.eliassen.nl\/de\/glasmalerei-erotik-80x120-cm\/#breadcrumb","itemListElement":[{"@type":"ListItem","position":1,"name":"Home","item":"https:\/\/dev.eliassen.nl\/de\/"},{"@type":"ListItem","position":2,"name":"Shop","item":"https:\/\/dev.eliassen.nl\/nl\/winkel\/"},{"@type":"ListItem","position":3,"name":"Glasmalereien","item":"https:\/\/dev.eliassen.nl\/de\/gemaelde\/glasmalereien\/"},{"@type":"ListItem","position":4,"name":"Glasmalerei im Format 80x120cm","item":"https:\/\/dev.eliassen.nl\/de\/gemaelde\/glasmalereien\/glasmalerei-im-format-80x120cm\/"},{"@type":"ListItem","position":5,"name":"Glasmalerei Erotik 80&#215;120 cm."}]},{"@type":"WebSite","@id":"https:\/\/dev.eliassen.nl\/de\/#website","url":"https:\/\/dev.eliassen.nl\/de\/","name":"Eliassen Home & Garden Pleasure","description":"","publisher":{"@id":"https:\/\/dev.eliassen.nl\/de\/#organization"},"alternateName":"Eliassen.nl","potentialAction":[{"@type":"SearchAction","target":{"@type":"EntryPoint","urlTemplate":"https:\/\/dev.eliassen.nl\/de\/?s={search_term_string}"},"query-input":{"@type":"PropertyValueSpecification","valueRequired":true,"valueName":"search_term_string"}}],"inLanguage":"de"},{"@type":"Organization","@id":"https:\/\/dev.eliassen.nl\/de\/#organization","name":"Eliassen Home & Garden Pleasure","url":"https:\/\/dev.eliassen.nl\/de\/","logo":{"@type":"ImageObject","inLanguage":"de","@id":"https:\/\/dev.eliassen.nl\/de\/#\/schema\/logo\/image\/","url":"https:\/\/www.eliassen.nl\/wp-content\/uploads\/2024\/01\/logo_4nd.jpg","contentUrl":"https:\/\/www.eliassen.nl\/wp-content\/uploads\/2024\/01\/logo_4nd.jpg","width":500,"height":500,"caption":"Eliassen Home & Garden Pleasure"},"image":{"@id":"https:\/\/dev.eliassen.nl\/de\/#\/schema\/logo\/image\/"},"sameAs":["https:\/\/www.facebook.com\/TuincentrumEliassenAmmerzoden","https:\/\/www.instagram.com\/eliassenhomeandgarden\/","https:\/\/nl.pinterest.com\/eliassenhomeandgarden\/","https:\/\/www.youtube.com\/@eliassenhomegardenpleasure4558"]}]}},"df_price":89,"df_sale_price":89,"df_regular_price":109,"df_image_link":"https:\/\/dev.eliassen.nl\/wp-content\/uploads\/2024\/01\/g6082058frameglass120x80lady82058.jpg","image":"https:\/\/dev.eliassen.nl\/wp-content\/uploads\/2024\/01\/g6082058frameglass120x80lady82058.jpg","price_search":"<span class=\"woocommerce-Price-amount amount\"><bdi><span class=\"woocommerce-Price-currencySymbol\">&euro;<\/span>&nbsp;89,00<\/bdi><\/span>","category":"Gem\u00e4lde","_links":{"self":[{"href":"https:\/\/dev.eliassen.nl\/de\/wp-json\/wp\/v2\/product\/27022","targetHints":{"allow":["GET"]}}],"collection":[{"href":"https:\/\/dev.eliassen.nl\/de\/wp-json\/wp\/v2\/product"}],"about":[{"href":"https:\/\/dev.eliassen.nl\/de\/wp-json\/wp\/v2\/types\/product"}],"wp:featuredmedia":[{"embeddable":true,"href":"https:\/\/dev.eliassen.nl\/de\/wp-json\/wp\/v2\/media\/27019"}],"wp:attachment":[{"href":"https:\/\/dev.eliassen.nl\/de\/wp-json\/wp\/v2\/media?parent=27022"}],"wp:term":[{"taxonomy":"product_brand","embeddable":true,"href":"https:\/\/dev.eliassen.nl\/de\/wp-json\/wp\/v2\/product_brand?post=27022"},{"taxonomy":"product_cat","embeddable":true,"href":"https:\/\/dev.eliassen.nl\/de\/wp-json\/wp\/v2\/product_cat?post=27022"},{"taxonomy":"product_tag","embeddable":true,"href":"https:\/\/dev.eliassen.nl\/de\/wp-json\/wp\/v2\/product_tag?post=27022"}],"curies":[{"name":"wp","href":"https:\/\/api.w.org\/{rel}","templated":true}]}}