{"id":27067,"date":"2021-03-11T17:03:22","date_gmt":"2021-03-11T16:03:22","guid":{"rendered":"https:\/\/www.eliassen.nl\/?product=sokkel-ijzer-roest-monet-halfrond"},"modified":"2024-12-05T15:45:41","modified_gmt":"2024-12-05T14:45:41","slug":"sockel-eisenrost-monet-halbkugel-150cm","status":"publish","type":"product","link":"https:\/\/dev.eliassen.nl\/de\/sockel-eisenrost-monet-halbkugel-150cm\/","title":{"rendered":"Sockel Eisenrost Monet Halbkugel 150cm"},"content":{"rendered":"<p>Ein besonderer Stimmungsmacher in Ihrem Garten, so kann man diese Stimmungslampe in Form einer halbrunden S\u00e4ule nennen. In diesen Sockel wurde ein ber\u00fchmtes Zitat des Malers Monet gelasert, n\u00e4mlich \u201eil me faut surtout avoir des fleurs, toujours et toujours\u201c, durch das im Dunkeln warmwei\u00dfes Licht scheint. Diese S\u00e4ule besteht aus 2 mm dickem, unbehandeltem Eisen, was ihr eine sch\u00f6ne und zeitlose (rost-)braune Farbe verleiht.<\/p>\n<p>Dieser Sockel ist mit einer kleinen LED-Leuchte ausgestattet, die von einer Ablage gehalten wird. Sie legen das LED-Licht ab, platzieren die Basis dar\u00fcber und fertig.<\/p>\n<p>Sie werden begeistert sein von der m\u00e4rchenhaften Atmosph\u00e4re, die diese halbrunde S\u00e4ule erzeugt.<\/p>\n<p>Dieser Sockel kann \u00fcberall im Garten aufgestellt werden, aber auch entlang einer Mauer. Die R\u00fcckseite ist geschlossen.<\/p>\n<ul>\n<li>Durchmesser 50 cm, H\u00f6he 150 cm<\/li>\n<li>Inklusive LED-Licht 1 Watt, mit einer Kabell\u00e4nge von 7,5 Metern<\/li>\n<li>Material: Metall unbehandelt 2mm stark<\/li>\n<li>2 Jahre Garantie<\/li>\n<li>Achten Sie auf Rostflecken auf Zierpflaster<\/li>\n<\/ul>\n","protected":false},"excerpt":{"rendered":"<p>Ein besonderer Stimmungsmacher in Ihrem Garten, so kann man diese Stimmungslampe in Form einer halbrunden S\u00e4ule nennen. In diesen Sockel wurde ein ber\u00fchmtes Zitat des Malers Monet gelasert, n\u00e4mlich \u201eil me faut surtout avoir des fleurs, toujours et toujours\u201c, durch das im Dunkeln warmwei\u00dfes Licht scheint. Diese S\u00e4ule besteht aus 2 mm dickem, unbehandeltem Eisen, &hellip;<\/p>\n","protected":false},"featured_media":27055,"template":"","meta":{"_acf_changed":false},"product_brand":[],"product_cat":[899,797,782,746],"product_tag":[],"class_list":{"0":"post-27067","1":"product","2":"type-product","3":"status-publish","4":"has-post-thumbnail","6":"product_cat-ambientebeleuchtung-aussen","7":"product_cat-metallsockel","8":"product_cat-sockel","9":"product_cat-stimmungsvolle-beleuchtung","11":"first","12":"outofstock","13":"taxable","14":"shipping-taxable","15":"purchasable","16":"product-type-simple"},"acf":[],"yoast_head":"<!-- This site is optimized with the Yoast SEO plugin v23.8 - https:\/\/yoast.com\/wordpress\/plugins\/seo\/ -->\n<title>Sockel Eisen Rost Monet Halbkugel 150cm | Eliassen<\/title>\n<meta name=\"description\" content=\"Bei Eliassen k\u00f6nnen Sie Sockel Eisen Rost Monet Halbkugel 150cm online kaufen oder live im Showroom ansehen. Wir haben die sch\u00f6nsten Podeste, Metallpodeste\" \/>\n<meta name=\"robots\" content=\"noindex, follow, max-snippet:-1, max-image-preview:large, max-video-preview:-1\" \/>\n<meta property=\"og:locale\" content=\"de_DE\" \/>\n<meta property=\"og:type\" content=\"article\" \/>\n<meta property=\"og:title\" content=\"Sockel Eisen Rost Monet Halbkugel 150cm | Eliassen\" \/>\n<meta property=\"og:description\" content=\"Bei Eliassen k\u00f6nnen Sie Sockel Eisen Rost Monet Halbkugel 150cm online kaufen oder live im Showroom ansehen. Wir haben die sch\u00f6nsten Podeste, Metallpodeste\" \/>\n<meta property=\"og:url\" content=\"https:\/\/dev.eliassen.nl\/de\/sockel-eisenrost-monet-halbkugel-150cm\/\" \/>\n<meta property=\"og:site_name\" content=\"Eliassen.nl\" \/>\n<meta property=\"article:publisher\" content=\"https:\/\/www.facebook.com\/TuincentrumEliassenAmmerzoden\" \/>\n<meta property=\"article:modified_time\" content=\"2024-12-05T14:45:41+00:00\" \/>\n<meta property=\"og:image\" content=\"https:\/\/dev.eliassen.nl\/wp-content\/uploads\/2024\/01\/mos150.jpg\" \/>\n\t<meta property=\"og:image:width\" content=\"585\" \/>\n\t<meta property=\"og:image:height\" content=\"852\" \/>\n\t<meta property=\"og:image:type\" content=\"image\/jpeg\" \/>\n<meta name=\"twitter:card\" content=\"summary_large_image\" \/>\n<script type=\"application\/ld+json\" class=\"yoast-schema-graph\">{\"@context\":\"https:\/\/schema.org\",\"@graph\":[{\"@type\":\"WebPage\",\"@id\":\"https:\/\/dev.eliassen.nl\/de\/sockel-eisenrost-monet-halbkugel-150cm\/\",\"url\":\"https:\/\/dev.eliassen.nl\/de\/sockel-eisenrost-monet-halbkugel-150cm\/\",\"name\":\"Sockel Eisen Rost Monet Halbkugel 150cm | Eliassen\",\"isPartOf\":{\"@id\":\"https:\/\/dev.eliassen.nl\/de\/#website\"},\"primaryImageOfPage\":{\"@id\":\"https:\/\/dev.eliassen.nl\/de\/sockel-eisenrost-monet-halbkugel-150cm\/#primaryimage\"},\"image\":{\"@id\":\"https:\/\/dev.eliassen.nl\/de\/sockel-eisenrost-monet-halbkugel-150cm\/#primaryimage\"},\"thumbnailUrl\":\"https:\/\/dev.eliassen.nl\/wp-content\/uploads\/2024\/01\/mos150.jpg\",\"datePublished\":\"2021-03-11T16:03:22+00:00\",\"dateModified\":\"2024-12-05T14:45:41+00:00\",\"description\":\"Bei Eliassen k\u00f6nnen Sie Sockel Eisen Rost Monet Halbkugel 150cm online kaufen oder live im Showroom ansehen. Wir haben die sch\u00f6nsten Podeste, Metallpodeste\",\"breadcrumb\":{\"@id\":\"https:\/\/dev.eliassen.nl\/de\/sockel-eisenrost-monet-halbkugel-150cm\/#breadcrumb\"},\"inLanguage\":\"de\",\"potentialAction\":[{\"@type\":\"ReadAction\",\"target\":[\"https:\/\/dev.eliassen.nl\/de\/sockel-eisenrost-monet-halbkugel-150cm\/\"]}]},{\"@type\":\"ImageObject\",\"inLanguage\":\"de\",\"@id\":\"https:\/\/dev.eliassen.nl\/de\/sockel-eisenrost-monet-halbkugel-150cm\/#primaryimage\",\"url\":\"https:\/\/dev.eliassen.nl\/wp-content\/uploads\/2024\/01\/mos150.jpg\",\"contentUrl\":\"https:\/\/dev.eliassen.nl\/wp-content\/uploads\/2024\/01\/mos150.jpg\",\"width\":585,\"height\":852,\"caption\":\"mos150\"},{\"@type\":\"BreadcrumbList\",\"@id\":\"https:\/\/dev.eliassen.nl\/de\/sockel-eisenrost-monet-halbkugel-150cm\/#breadcrumb\",\"itemListElement\":[{\"@type\":\"ListItem\",\"position\":1,\"name\":\"Home\",\"item\":\"https:\/\/dev.eliassen.nl\/de\/\"},{\"@type\":\"ListItem\",\"position\":2,\"name\":\"Shop\",\"item\":\"https:\/\/dev.eliassen.nl\/nl\/winkel\/\"},{\"@type\":\"ListItem\",\"position\":3,\"name\":\"Stimmungsvolle Beleuchtung\",\"item\":\"https:\/\/dev.eliassen.nl\/de\/stimmungsvolle-beleuchtung\/\"},{\"@type\":\"ListItem\",\"position\":4,\"name\":\"Ambientebeleuchtung au\u00dfen\",\"item\":\"https:\/\/dev.eliassen.nl\/de\/stimmungsvolle-beleuchtung\/ambientebeleuchtung-aussen\/\"},{\"@type\":\"ListItem\",\"position\":5,\"name\":\"Sockel Eisenrost Monet Halbkugel 150cm\"}]},{\"@type\":\"WebSite\",\"@id\":\"https:\/\/dev.eliassen.nl\/de\/#website\",\"url\":\"https:\/\/dev.eliassen.nl\/de\/\",\"name\":\"Eliassen Home & Garden Pleasure\",\"description\":\"\",\"publisher\":{\"@id\":\"https:\/\/dev.eliassen.nl\/de\/#organization\"},\"alternateName\":\"Eliassen.nl\",\"potentialAction\":[{\"@type\":\"SearchAction\",\"target\":{\"@type\":\"EntryPoint\",\"urlTemplate\":\"https:\/\/dev.eliassen.nl\/de\/?s={search_term_string}\"},\"query-input\":{\"@type\":\"PropertyValueSpecification\",\"valueRequired\":true,\"valueName\":\"search_term_string\"}}],\"inLanguage\":\"de\"},{\"@type\":\"Organization\",\"@id\":\"https:\/\/dev.eliassen.nl\/de\/#organization\",\"name\":\"Eliassen Home & Garden Pleasure\",\"url\":\"https:\/\/dev.eliassen.nl\/de\/\",\"logo\":{\"@type\":\"ImageObject\",\"inLanguage\":\"de\",\"@id\":\"https:\/\/dev.eliassen.nl\/de\/#\/schema\/logo\/image\/\",\"url\":\"https:\/\/www.eliassen.nl\/wp-content\/uploads\/2024\/01\/logo_4nd.jpg\",\"contentUrl\":\"https:\/\/www.eliassen.nl\/wp-content\/uploads\/2024\/01\/logo_4nd.jpg\",\"width\":500,\"height\":500,\"caption\":\"Eliassen Home & Garden Pleasure\"},\"image\":{\"@id\":\"https:\/\/dev.eliassen.nl\/de\/#\/schema\/logo\/image\/\"},\"sameAs\":[\"https:\/\/www.facebook.com\/TuincentrumEliassenAmmerzoden\",\"https:\/\/www.instagram.com\/eliassenhomeandgarden\/\",\"https:\/\/nl.pinterest.com\/eliassenhomeandgarden\/\",\"https:\/\/www.youtube.com\/@eliassenhomegardenpleasure4558\"]}]}<\/script>\n<!-- \/ Yoast SEO plugin. -->","yoast_head_json":{"title":"Sockel Eisen Rost Monet Halbkugel 150cm | Eliassen","description":"Bei Eliassen k\u00f6nnen Sie Sockel Eisen Rost Monet Halbkugel 150cm online kaufen oder live im Showroom ansehen. Wir haben die sch\u00f6nsten Podeste, Metallpodeste","robots":{"index":"noindex","follow":"follow","max-snippet":"max-snippet:-1","max-image-preview":"max-image-preview:large","max-video-preview":"max-video-preview:-1"},"og_locale":"de_DE","og_type":"article","og_title":"Sockel Eisen Rost Monet Halbkugel 150cm | Eliassen","og_description":"Bei Eliassen k\u00f6nnen Sie Sockel Eisen Rost Monet Halbkugel 150cm online kaufen oder live im Showroom ansehen. Wir haben die sch\u00f6nsten Podeste, Metallpodeste","og_url":"https:\/\/dev.eliassen.nl\/de\/sockel-eisenrost-monet-halbkugel-150cm\/","og_site_name":"Eliassen.nl","article_publisher":"https:\/\/www.facebook.com\/TuincentrumEliassenAmmerzoden","article_modified_time":"2024-12-05T14:45:41+00:00","og_image":[{"width":585,"height":852,"url":"https:\/\/dev.eliassen.nl\/wp-content\/uploads\/2024\/01\/mos150.jpg","type":"image\/jpeg"}],"twitter_card":"summary_large_image","schema":{"@context":"https:\/\/schema.org","@graph":[{"@type":"WebPage","@id":"https:\/\/dev.eliassen.nl\/de\/sockel-eisenrost-monet-halbkugel-150cm\/","url":"https:\/\/dev.eliassen.nl\/de\/sockel-eisenrost-monet-halbkugel-150cm\/","name":"Sockel Eisen Rost Monet Halbkugel 150cm | Eliassen","isPartOf":{"@id":"https:\/\/dev.eliassen.nl\/de\/#website"},"primaryImageOfPage":{"@id":"https:\/\/dev.eliassen.nl\/de\/sockel-eisenrost-monet-halbkugel-150cm\/#primaryimage"},"image":{"@id":"https:\/\/dev.eliassen.nl\/de\/sockel-eisenrost-monet-halbkugel-150cm\/#primaryimage"},"thumbnailUrl":"https:\/\/dev.eliassen.nl\/wp-content\/uploads\/2024\/01\/mos150.jpg","datePublished":"2021-03-11T16:03:22+00:00","dateModified":"2024-12-05T14:45:41+00:00","description":"Bei Eliassen k\u00f6nnen Sie Sockel Eisen Rost Monet Halbkugel 150cm online kaufen oder live im Showroom ansehen. Wir haben die sch\u00f6nsten Podeste, Metallpodeste","breadcrumb":{"@id":"https:\/\/dev.eliassen.nl\/de\/sockel-eisenrost-monet-halbkugel-150cm\/#breadcrumb"},"inLanguage":"de","potentialAction":[{"@type":"ReadAction","target":["https:\/\/dev.eliassen.nl\/de\/sockel-eisenrost-monet-halbkugel-150cm\/"]}]},{"@type":"ImageObject","inLanguage":"de","@id":"https:\/\/dev.eliassen.nl\/de\/sockel-eisenrost-monet-halbkugel-150cm\/#primaryimage","url":"https:\/\/dev.eliassen.nl\/wp-content\/uploads\/2024\/01\/mos150.jpg","contentUrl":"https:\/\/dev.eliassen.nl\/wp-content\/uploads\/2024\/01\/mos150.jpg","width":585,"height":852,"caption":"mos150"},{"@type":"BreadcrumbList","@id":"https:\/\/dev.eliassen.nl\/de\/sockel-eisenrost-monet-halbkugel-150cm\/#breadcrumb","itemListElement":[{"@type":"ListItem","position":1,"name":"Home","item":"https:\/\/dev.eliassen.nl\/de\/"},{"@type":"ListItem","position":2,"name":"Shop","item":"https:\/\/dev.eliassen.nl\/nl\/winkel\/"},{"@type":"ListItem","position":3,"name":"Stimmungsvolle Beleuchtung","item":"https:\/\/dev.eliassen.nl\/de\/stimmungsvolle-beleuchtung\/"},{"@type":"ListItem","position":4,"name":"Ambientebeleuchtung au\u00dfen","item":"https:\/\/dev.eliassen.nl\/de\/stimmungsvolle-beleuchtung\/ambientebeleuchtung-aussen\/"},{"@type":"ListItem","position":5,"name":"Sockel Eisenrost Monet Halbkugel 150cm"}]},{"@type":"WebSite","@id":"https:\/\/dev.eliassen.nl\/de\/#website","url":"https:\/\/dev.eliassen.nl\/de\/","name":"Eliassen Home & Garden Pleasure","description":"","publisher":{"@id":"https:\/\/dev.eliassen.nl\/de\/#organization"},"alternateName":"Eliassen.nl","potentialAction":[{"@type":"SearchAction","target":{"@type":"EntryPoint","urlTemplate":"https:\/\/dev.eliassen.nl\/de\/?s={search_term_string}"},"query-input":{"@type":"PropertyValueSpecification","valueRequired":true,"valueName":"search_term_string"}}],"inLanguage":"de"},{"@type":"Organization","@id":"https:\/\/dev.eliassen.nl\/de\/#organization","name":"Eliassen Home & Garden Pleasure","url":"https:\/\/dev.eliassen.nl\/de\/","logo":{"@type":"ImageObject","inLanguage":"de","@id":"https:\/\/dev.eliassen.nl\/de\/#\/schema\/logo\/image\/","url":"https:\/\/www.eliassen.nl\/wp-content\/uploads\/2024\/01\/logo_4nd.jpg","contentUrl":"https:\/\/www.eliassen.nl\/wp-content\/uploads\/2024\/01\/logo_4nd.jpg","width":500,"height":500,"caption":"Eliassen Home & Garden Pleasure"},"image":{"@id":"https:\/\/dev.eliassen.nl\/de\/#\/schema\/logo\/image\/"},"sameAs":["https:\/\/www.facebook.com\/TuincentrumEliassenAmmerzoden","https:\/\/www.instagram.com\/eliassenhomeandgarden\/","https:\/\/nl.pinterest.com\/eliassenhomeandgarden\/","https:\/\/www.youtube.com\/@eliassenhomegardenpleasure4558"]}]}},"df_price":259,"df_sale_price":"","df_regular_price":259,"df_image_link":"https:\/\/dev.eliassen.nl\/wp-content\/uploads\/2024\/01\/mos150.jpg","image":"https:\/\/dev.eliassen.nl\/wp-content\/uploads\/2024\/01\/mos150.jpg","price_search":"<span class=\"woocommerce-Price-amount amount\"><bdi><span class=\"woocommerce-Price-currencySymbol\">&euro;<\/span>&nbsp;259,00<\/bdi><\/span>","category":"Ambientebeleuchtung au\u00dfen","_links":{"self":[{"href":"https:\/\/dev.eliassen.nl\/de\/wp-json\/wp\/v2\/product\/27067","targetHints":{"allow":["GET"]}}],"collection":[{"href":"https:\/\/dev.eliassen.nl\/de\/wp-json\/wp\/v2\/product"}],"about":[{"href":"https:\/\/dev.eliassen.nl\/de\/wp-json\/wp\/v2\/types\/product"}],"wp:featuredmedia":[{"embeddable":true,"href":"https:\/\/dev.eliassen.nl\/de\/wp-json\/wp\/v2\/media\/27055"}],"wp:attachment":[{"href":"https:\/\/dev.eliassen.nl\/de\/wp-json\/wp\/v2\/media?parent=27067"}],"wp:term":[{"taxonomy":"product_brand","embeddable":true,"href":"https:\/\/dev.eliassen.nl\/de\/wp-json\/wp\/v2\/product_brand?post=27067"},{"taxonomy":"product_cat","embeddable":true,"href":"https:\/\/dev.eliassen.nl\/de\/wp-json\/wp\/v2\/product_cat?post=27067"},{"taxonomy":"product_tag","embeddable":true,"href":"https:\/\/dev.eliassen.nl\/de\/wp-json\/wp\/v2\/product_tag?post=27067"}],"curies":[{"name":"wp","href":"https:\/\/api.w.org\/{rel}","templated":true}]}}