{"id":27178,"date":"2021-03-11T17:18:43","date_gmt":"2021-03-11T16:18:43","guid":{"rendered":"https:\/\/www.eliassen.nl\/?product=vogelvoederhuis-roest-53cm"},"modified":"2024-12-05T15:45:48","modified_gmt":"2024-12-05T14:45:48","slug":"vogelhauschen-hausrost-53cm","status":"publish","type":"product","link":"https:\/\/dev.eliassen.nl\/de\/vogelhauschen-hausrost-53cm\/","title":{"rendered":"Vogelh\u00e4uschen Hausrost 53cm"},"content":{"rendered":"<p>Ein zeitloses St\u00fcck Gartendekoration, das auch das ganze Jahr \u00fcber Aufmerksamkeit erregt, das ist dieses Modell eines Vogelh\u00e4uschen aus unbehandeltem Metall. Dieses Futterhaus sieht mit Fenstern und T\u00fcren lustig aus. Wenn Sie st\u00e4ndig Vogelfutter in dieses Haus geben, kommen das ganze Jahr \u00fcber V\u00f6gel hierher. Alles besteht aus 2 mm dickem unbehandeltem Eisen, das eine sch\u00f6ne und zeitlose braune Farbe ergibt.<\/p>\n<p>Die Gesamth\u00f6he von Futterhaus und Stift betr\u00e4gt 190 cm, von denen ein St\u00fcck in den Boden gelegt werden muss.<\/p>\n<ul>\n<li>Gesamth\u00f6he 190cm<\/li>\n<li>Gr\u00f6\u00dfe Haus 53 cm<\/li>\n<li>Material: Metall unbehandelt 2mm dick<\/li>\n<li>2 Jahre Garantie<\/li>\n<li>Achten Sie auf Rostflecken in Ihrem Garten<\/li>\n<\/ul>\n<p>\u00a0<\/p>\n","protected":false},"excerpt":{"rendered":"<p>Ein zeitloses St\u00fcck Gartendekoration, das auch das ganze Jahr \u00fcber Aufmerksamkeit erregt, das ist dieses Modell eines Vogelh\u00e4uschen aus unbehandeltem Metall. Dieses Futterhaus sieht mit Fenstern und T\u00fcren lustig aus. Wenn Sie st\u00e4ndig Vogelfutter in dieses Haus geben, kommen das ganze Jahr \u00fcber V\u00f6gel hierher. Alles besteht aus 2 mm dickem unbehandeltem Eisen, das eine &hellip;<\/p>\n","protected":false},"featured_media":27163,"template":"","meta":{"_acf_changed":false},"product_brand":[],"product_cat":[851,836],"product_tag":[],"class_list":{"0":"post-27178","1":"product","2":"type-product","3":"status-publish","4":"has-post-thumbnail","6":"product_cat-gartenpfaehle-aus-still","7":"product_cat-gartenstecker","9":"first","10":"instock","11":"taxable","12":"shipping-taxable","13":"purchasable","14":"product-type-simple"},"acf":[],"yoast_head":"<!-- This site is optimized with the Yoast SEO plugin v23.8 - https:\/\/yoast.com\/wordpress\/plugins\/seo\/ -->\n<title>Vogelh\u00e4uschen Hausrost 53cm<\/title>\n<meta name=\"description\" content=\"Bij Eliassen koopt u Vogelvoederhuis roest 53cm online of live te bekijken in de showroom. Wij hebben de mooiste tuinstekers, tuinstekers metaal 10282571\" \/>\n<meta name=\"robots\" content=\"noindex, follow, max-snippet:-1, max-image-preview:large, max-video-preview:-1\" \/>\n<meta property=\"og:locale\" content=\"de_DE\" \/>\n<meta property=\"og:type\" content=\"article\" \/>\n<meta property=\"og:title\" content=\"Vogelh\u00e4uschen Hausrost 53cm\" \/>\n<meta property=\"og:description\" content=\"Bij Eliassen koopt u Vogelvoederhuis roest 53cm online of live te bekijken in de showroom. Wij hebben de mooiste tuinstekers, tuinstekers metaal 10282571\" \/>\n<meta property=\"og:url\" content=\"https:\/\/dev.eliassen.nl\/de\/vogelhauschen-hausrost-53cm\/\" \/>\n<meta property=\"og:site_name\" content=\"Eliassen.nl\" \/>\n<meta property=\"article:publisher\" content=\"https:\/\/www.facebook.com\/TuincentrumEliassenAmmerzoden\" \/>\n<meta property=\"article:modified_time\" content=\"2024-12-05T14:45:48+00:00\" \/>\n<meta property=\"og:image\" content=\"https:\/\/dev.eliassen.nl\/wp-content\/uploads\/2024\/01\/20210317114629fotos.png\" \/>\n\t<meta property=\"og:image:width\" content=\"377\" \/>\n\t<meta property=\"og:image:height\" content=\"941\" \/>\n\t<meta property=\"og:image:type\" content=\"image\/png\" \/>\n<meta name=\"twitter:card\" content=\"summary_large_image\" \/>\n<script type=\"application\/ld+json\" class=\"yoast-schema-graph\">{\"@context\":\"https:\/\/schema.org\",\"@graph\":[{\"@type\":\"WebPage\",\"@id\":\"https:\/\/dev.eliassen.nl\/de\/vogelhauschen-hausrost-53cm\/\",\"url\":\"https:\/\/dev.eliassen.nl\/de\/vogelhauschen-hausrost-53cm\/\",\"name\":\"Vogelh\u00e4uschen Hausrost 53cm\",\"isPartOf\":{\"@id\":\"https:\/\/dev.eliassen.nl\/de\/#website\"},\"primaryImageOfPage\":{\"@id\":\"https:\/\/dev.eliassen.nl\/de\/vogelhauschen-hausrost-53cm\/#primaryimage\"},\"image\":{\"@id\":\"https:\/\/dev.eliassen.nl\/de\/vogelhauschen-hausrost-53cm\/#primaryimage\"},\"thumbnailUrl\":\"https:\/\/dev.eliassen.nl\/wp-content\/uploads\/2024\/01\/20210317114629fotos.png\",\"datePublished\":\"2021-03-11T16:18:43+00:00\",\"dateModified\":\"2024-12-05T14:45:48+00:00\",\"description\":\"Bij Eliassen koopt u Vogelvoederhuis roest 53cm online of live te bekijken in de showroom. Wij hebben de mooiste tuinstekers, tuinstekers metaal 10282571\",\"breadcrumb\":{\"@id\":\"https:\/\/dev.eliassen.nl\/de\/vogelhauschen-hausrost-53cm\/#breadcrumb\"},\"inLanguage\":\"de\",\"potentialAction\":[{\"@type\":\"ReadAction\",\"target\":[\"https:\/\/dev.eliassen.nl\/de\/vogelhauschen-hausrost-53cm\/\"]}]},{\"@type\":\"ImageObject\",\"inLanguage\":\"de\",\"@id\":\"https:\/\/dev.eliassen.nl\/de\/vogelhauschen-hausrost-53cm\/#primaryimage\",\"url\":\"https:\/\/dev.eliassen.nl\/wp-content\/uploads\/2024\/01\/20210317114629fotos.png\",\"contentUrl\":\"https:\/\/dev.eliassen.nl\/wp-content\/uploads\/2024\/01\/20210317114629fotos.png\",\"width\":377,\"height\":941,\"caption\":\"2021-03-17 11_46_29-Foto's\"},{\"@type\":\"BreadcrumbList\",\"@id\":\"https:\/\/dev.eliassen.nl\/de\/vogelhauschen-hausrost-53cm\/#breadcrumb\",\"itemListElement\":[{\"@type\":\"ListItem\",\"position\":1,\"name\":\"Home\",\"item\":\"https:\/\/dev.eliassen.nl\/de\/\"},{\"@type\":\"ListItem\",\"position\":2,\"name\":\"Shop\",\"item\":\"https:\/\/dev.eliassen.nl\/nl\/winkel\/\"},{\"@type\":\"ListItem\",\"position\":3,\"name\":\"Gartenstecker\",\"item\":\"https:\/\/dev.eliassen.nl\/de\/gartenstecker\/\"},{\"@type\":\"ListItem\",\"position\":4,\"name\":\"Gartenpf\u00e4hle aus still\",\"item\":\"https:\/\/dev.eliassen.nl\/de\/gartenstecker\/gartenpfaehle-aus-still\/\"},{\"@type\":\"ListItem\",\"position\":5,\"name\":\"Vogelh\u00e4uschen Hausrost 53cm\"}]},{\"@type\":\"WebSite\",\"@id\":\"https:\/\/dev.eliassen.nl\/de\/#website\",\"url\":\"https:\/\/dev.eliassen.nl\/de\/\",\"name\":\"Eliassen Home & Garden Pleasure\",\"description\":\"\",\"publisher\":{\"@id\":\"https:\/\/dev.eliassen.nl\/de\/#organization\"},\"alternateName\":\"Eliassen.nl\",\"potentialAction\":[{\"@type\":\"SearchAction\",\"target\":{\"@type\":\"EntryPoint\",\"urlTemplate\":\"https:\/\/dev.eliassen.nl\/de\/?s={search_term_string}\"},\"query-input\":{\"@type\":\"PropertyValueSpecification\",\"valueRequired\":true,\"valueName\":\"search_term_string\"}}],\"inLanguage\":\"de\"},{\"@type\":\"Organization\",\"@id\":\"https:\/\/dev.eliassen.nl\/de\/#organization\",\"name\":\"Eliassen Home & Garden Pleasure\",\"url\":\"https:\/\/dev.eliassen.nl\/de\/\",\"logo\":{\"@type\":\"ImageObject\",\"inLanguage\":\"de\",\"@id\":\"https:\/\/dev.eliassen.nl\/de\/#\/schema\/logo\/image\/\",\"url\":\"https:\/\/www.eliassen.nl\/wp-content\/uploads\/2024\/01\/logo_4nd.jpg\",\"contentUrl\":\"https:\/\/www.eliassen.nl\/wp-content\/uploads\/2024\/01\/logo_4nd.jpg\",\"width\":500,\"height\":500,\"caption\":\"Eliassen Home & Garden Pleasure\"},\"image\":{\"@id\":\"https:\/\/dev.eliassen.nl\/de\/#\/schema\/logo\/image\/\"},\"sameAs\":[\"https:\/\/www.facebook.com\/TuincentrumEliassenAmmerzoden\",\"https:\/\/www.instagram.com\/eliassenhomeandgarden\/\",\"https:\/\/nl.pinterest.com\/eliassenhomeandgarden\/\",\"https:\/\/www.youtube.com\/@eliassenhomegardenpleasure4558\"]}]}<\/script>\n<!-- \/ Yoast SEO plugin. -->","yoast_head_json":{"title":"Vogelh\u00e4uschen Hausrost 53cm","description":"Bij Eliassen koopt u Vogelvoederhuis roest 53cm online of live te bekijken in de showroom. Wij hebben de mooiste tuinstekers, tuinstekers metaal 10282571","robots":{"index":"noindex","follow":"follow","max-snippet":"max-snippet:-1","max-image-preview":"max-image-preview:large","max-video-preview":"max-video-preview:-1"},"og_locale":"de_DE","og_type":"article","og_title":"Vogelh\u00e4uschen Hausrost 53cm","og_description":"Bij Eliassen koopt u Vogelvoederhuis roest 53cm online of live te bekijken in de showroom. Wij hebben de mooiste tuinstekers, tuinstekers metaal 10282571","og_url":"https:\/\/dev.eliassen.nl\/de\/vogelhauschen-hausrost-53cm\/","og_site_name":"Eliassen.nl","article_publisher":"https:\/\/www.facebook.com\/TuincentrumEliassenAmmerzoden","article_modified_time":"2024-12-05T14:45:48+00:00","og_image":[{"width":377,"height":941,"url":"https:\/\/dev.eliassen.nl\/wp-content\/uploads\/2024\/01\/20210317114629fotos.png","type":"image\/png"}],"twitter_card":"summary_large_image","schema":{"@context":"https:\/\/schema.org","@graph":[{"@type":"WebPage","@id":"https:\/\/dev.eliassen.nl\/de\/vogelhauschen-hausrost-53cm\/","url":"https:\/\/dev.eliassen.nl\/de\/vogelhauschen-hausrost-53cm\/","name":"Vogelh\u00e4uschen Hausrost 53cm","isPartOf":{"@id":"https:\/\/dev.eliassen.nl\/de\/#website"},"primaryImageOfPage":{"@id":"https:\/\/dev.eliassen.nl\/de\/vogelhauschen-hausrost-53cm\/#primaryimage"},"image":{"@id":"https:\/\/dev.eliassen.nl\/de\/vogelhauschen-hausrost-53cm\/#primaryimage"},"thumbnailUrl":"https:\/\/dev.eliassen.nl\/wp-content\/uploads\/2024\/01\/20210317114629fotos.png","datePublished":"2021-03-11T16:18:43+00:00","dateModified":"2024-12-05T14:45:48+00:00","description":"Bij Eliassen koopt u Vogelvoederhuis roest 53cm online of live te bekijken in de showroom. Wij hebben de mooiste tuinstekers, tuinstekers metaal 10282571","breadcrumb":{"@id":"https:\/\/dev.eliassen.nl\/de\/vogelhauschen-hausrost-53cm\/#breadcrumb"},"inLanguage":"de","potentialAction":[{"@type":"ReadAction","target":["https:\/\/dev.eliassen.nl\/de\/vogelhauschen-hausrost-53cm\/"]}]},{"@type":"ImageObject","inLanguage":"de","@id":"https:\/\/dev.eliassen.nl\/de\/vogelhauschen-hausrost-53cm\/#primaryimage","url":"https:\/\/dev.eliassen.nl\/wp-content\/uploads\/2024\/01\/20210317114629fotos.png","contentUrl":"https:\/\/dev.eliassen.nl\/wp-content\/uploads\/2024\/01\/20210317114629fotos.png","width":377,"height":941,"caption":"2021-03-17 11_46_29-Foto's"},{"@type":"BreadcrumbList","@id":"https:\/\/dev.eliassen.nl\/de\/vogelhauschen-hausrost-53cm\/#breadcrumb","itemListElement":[{"@type":"ListItem","position":1,"name":"Home","item":"https:\/\/dev.eliassen.nl\/de\/"},{"@type":"ListItem","position":2,"name":"Shop","item":"https:\/\/dev.eliassen.nl\/nl\/winkel\/"},{"@type":"ListItem","position":3,"name":"Gartenstecker","item":"https:\/\/dev.eliassen.nl\/de\/gartenstecker\/"},{"@type":"ListItem","position":4,"name":"Gartenpf\u00e4hle aus still","item":"https:\/\/dev.eliassen.nl\/de\/gartenstecker\/gartenpfaehle-aus-still\/"},{"@type":"ListItem","position":5,"name":"Vogelh\u00e4uschen Hausrost 53cm"}]},{"@type":"WebSite","@id":"https:\/\/dev.eliassen.nl\/de\/#website","url":"https:\/\/dev.eliassen.nl\/de\/","name":"Eliassen Home & Garden Pleasure","description":"","publisher":{"@id":"https:\/\/dev.eliassen.nl\/de\/#organization"},"alternateName":"Eliassen.nl","potentialAction":[{"@type":"SearchAction","target":{"@type":"EntryPoint","urlTemplate":"https:\/\/dev.eliassen.nl\/de\/?s={search_term_string}"},"query-input":{"@type":"PropertyValueSpecification","valueRequired":true,"valueName":"search_term_string"}}],"inLanguage":"de"},{"@type":"Organization","@id":"https:\/\/dev.eliassen.nl\/de\/#organization","name":"Eliassen Home & Garden Pleasure","url":"https:\/\/dev.eliassen.nl\/de\/","logo":{"@type":"ImageObject","inLanguage":"de","@id":"https:\/\/dev.eliassen.nl\/de\/#\/schema\/logo\/image\/","url":"https:\/\/www.eliassen.nl\/wp-content\/uploads\/2024\/01\/logo_4nd.jpg","contentUrl":"https:\/\/www.eliassen.nl\/wp-content\/uploads\/2024\/01\/logo_4nd.jpg","width":500,"height":500,"caption":"Eliassen Home & Garden Pleasure"},"image":{"@id":"https:\/\/dev.eliassen.nl\/de\/#\/schema\/logo\/image\/"},"sameAs":["https:\/\/www.facebook.com\/TuincentrumEliassenAmmerzoden","https:\/\/www.instagram.com\/eliassenhomeandgarden\/","https:\/\/nl.pinterest.com\/eliassenhomeandgarden\/","https:\/\/www.youtube.com\/@eliassenhomegardenpleasure4558"]}]}},"df_price":89.5,"df_sale_price":"","df_regular_price":89.5,"df_image_link":"https:\/\/dev.eliassen.nl\/wp-content\/uploads\/2024\/01\/20210317114629fotos.png","image":"https:\/\/dev.eliassen.nl\/wp-content\/uploads\/2024\/01\/20210317114629fotos.png","price_search":"<span class=\"woocommerce-Price-amount amount\"><bdi><span class=\"woocommerce-Price-currencySymbol\">&euro;<\/span>&nbsp;89,50<\/bdi><\/span>","category":"Gartenpf\u00e4hle aus still","_links":{"self":[{"href":"https:\/\/dev.eliassen.nl\/de\/wp-json\/wp\/v2\/product\/27178","targetHints":{"allow":["GET"]}}],"collection":[{"href":"https:\/\/dev.eliassen.nl\/de\/wp-json\/wp\/v2\/product"}],"about":[{"href":"https:\/\/dev.eliassen.nl\/de\/wp-json\/wp\/v2\/types\/product"}],"wp:featuredmedia":[{"embeddable":true,"href":"https:\/\/dev.eliassen.nl\/de\/wp-json\/wp\/v2\/media\/27163"}],"wp:attachment":[{"href":"https:\/\/dev.eliassen.nl\/de\/wp-json\/wp\/v2\/media?parent=27178"}],"wp:term":[{"taxonomy":"product_brand","embeddable":true,"href":"https:\/\/dev.eliassen.nl\/de\/wp-json\/wp\/v2\/product_brand?post=27178"},{"taxonomy":"product_cat","embeddable":true,"href":"https:\/\/dev.eliassen.nl\/de\/wp-json\/wp\/v2\/product_cat?post=27178"},{"taxonomy":"product_tag","embeddable":true,"href":"https:\/\/dev.eliassen.nl\/de\/wp-json\/wp\/v2\/product_tag?post=27178"}],"curies":[{"name":"wp","href":"https:\/\/api.w.org\/{rel}","templated":true}]}}