{"id":29545,"date":"2021-03-26T19:35:44","date_gmt":"2021-03-26T18:35:44","guid":{"rendered":"https:\/\/www.eliassen.nl\/?product=plantenbak-cortenstaal-vierkant-andes-40x40x100cm"},"modified":"2024-01-10T11:29:28","modified_gmt":"2024-01-10T11:29:28","slug":"pflanzgefass-aus-cortenstahl-quadratisch-andes-saulenmodell-40x40x100cm","status":"publish","type":"product","link":"https:\/\/dev.eliassen.nl\/de\/pflanzgefass-aus-cortenstahl-quadratisch-andes-saulenmodell-40x40x100cm\/","title":{"rendered":"Pflanzgef\u00e4\u00df aus Cortenstahl quadratisch Andes S\u00e4ulenmodell 40x40x100cm"},"content":{"rendered":"<p><a href=\"https:\/\/cdn.adezz.com\/production\/ERP_handleidingen\/Productmodellen\/258\/48\/ADEZZ%20Plantenbakken%20Corten_NL.pdf\">Handbuch<\/a> <strong>| Skizzieren<\/strong><\/p>\n<p><strong><a href=\"https:\/\/www.youtube.com\/watch?v=zdflGbngZCM\" target=\"_blank\" rel=\"noopener\"><img decoding=\"async\" src=\"https:\/\/www.eliassen.nl\/wp-content\/uploads\/content\/youtube-play.png\" alt=\"\" width=\"27\" height=\"27\" \/><\/a><\/strong> <strong><a href=\"https:\/\/www.youtube.com\/watch?v=zdflGbngZCM\" target=\"_blank\" rel=\"noopener\">Video<\/a><\/strong> <strong><a href=\"https:\/\/www.youtube.com\/watch?v=zdflGbngZCM\" target=\"_blank\" rel=\"noopener\">ansehen<\/a><\/strong><\/p>\n<p>Von Hand gefertigte Pflanzgef\u00e4\u00dfe aus Cortenstahl von Adezz sind aus unverw\u00fcstlichem Material mit warmer nat\u00fcrlicher Ausstrahlung. Cortenstahl ist eine starke und witterungsbest\u00e4ndige Stahlsorte, die die Eigenschaft hat, sich an der Au\u00dfenluft nach 8-12 Monaten mit einer sch\u00fctzenden Rostschicht zu \u00fcberziehen. Wenn Sie Ihr Cortenstahl-Produkt einige Male mit Salzwasser bespr\u00fchen, beschleunigt dies den Rostprozess erheblich. Diese nat\u00fcrlich feste Rostschicht bildet den Schutz vor weiterer Korrosion.<\/p>\n<p>Der obere Rand ist doppelt umgeformt und 4 cm breit, was diesem Beh\u00e4lter ein sch\u00f6nes zeitloses und robustes Aussehen verleiht. Gr\u00f6\u00dfere Beh\u00e4lter sind innen mit Cortenstahltr\u00e4gern ausgestattet, damit sich die Fl\u00e4chen nicht ausbeulen.<\/p>\n<p>Die Standardmaterialst\u00e4rke betr\u00e4gt 2 mm. Ein sehr starker vandalensicherer Blumenkasten mit einer Lebensdauer von Jahrzehnten.<\/p>\n<p>Diese Pflanzgef\u00e4\u00dfe k\u00f6nnen auch in einer <strong>Sondergr\u00f6\u00dfe<\/strong> f\u00fcr Sie angefertigt werden!<\/p>\n<p>Mail an: <a href=\"mailto:info@eliassen.nl\">info@eliassen.nl<\/a><\/p>\n<p><strong>Diese werden innerhalb der Niederlande kostenlos versendet. W\u00e4hlen Sie oben Ihre Gr\u00f6\u00dfe.<\/strong> Kommen Sie vorbei und schauen Sie sich in unserem Shop um, wir haben ein oder mehrere Ausstellungsmodelle dieser Serie.<\/p>\n<ul>\n<li>2 mm Cortenstahl<\/li>\n<li>Ausgestattet mit 15 mm hohen Beinen f\u00fcr eine gute Entw\u00e4sserung<\/li>\n<li>Bei Cortenstahl kein Tongranulat verwenden!<\/li>\n<li>5 Jahre Garantie<\/li>\n<li>Kostenloser Versand innerhalb der Niederlande.<\/li>\n<\/ul>\n<p><strong>Aufmerksamkeit!<br \/><\/strong> Wenn Sie ein niederl\u00e4ndischer Kunde sind, w\u00e4hlen Sie in Ihrem Warenkorb &#8220;Abholung im Gesch\u00e4ft&#8221;, dann werden keine Versandkosten berechnet und wir versenden Ihre Bestellung so schnell wie m\u00f6glich.<\/p>\n","protected":false},"excerpt":{"rendered":"<p>Rufen Sie uns an oder mailen Sie uns f\u00fcr den besten Preis!<\/p>\n","protected":false},"featured_media":29509,"template":"","meta":{"_acf_changed":false},"product_brand":[6920],"product_cat":[977,1133,773,722,857,884],"product_tag":[],"class_list":{"0":"post-29545","1":"product","2":"type-product","3":"status-publish","4":"has-post-thumbnail","6":"product_brand-adezz-de","7":"product_cat-adezz-pflanzgefaesse-aus-cortenstahl","8":"product_cat-adezz-pflanzgefaesse-aus-cortenstahl-quadratisch","9":"product_cat-adezz-produkte","10":"product_cat-blumentoepfe-und-pflanzgefaesse","11":"product_cat-pflanzgefaesse-aus-cortenstahl","12":"product_cat-quadrat","14":"first","15":"onbackorder","16":"taxable","17":"shipping-taxable","18":"purchasable","19":"product-type-simple"},"acf":[],"yoast_head":"<!-- This site is optimized with the Yoast SEO plugin v23.8 - https:\/\/yoast.com\/wordpress\/plugins\/seo\/ -->\n<title>Pflanzgef\u00e4\u00df Cortenstahl quadratisch Andes Column 40x40x100cm | Eliassen<\/title>\n<meta name=\"description\" content=\"Bei Eliassen k\u00f6nnen Sie Pflanzgef\u00e4\u00df aus Cortenstahl quadratisch Andes Column 40 x 40 x 100 cm online kaufen oder live im Showroom ansehen. Direkt online best...\" \/>\n<meta name=\"robots\" content=\"noindex, follow, max-snippet:-1, max-image-preview:large, max-video-preview:-1\" \/>\n<meta property=\"og:locale\" content=\"de_DE\" \/>\n<meta property=\"og:type\" content=\"article\" \/>\n<meta property=\"og:title\" content=\"Pflanzgef\u00e4\u00df Cortenstahl quadratisch Andes Column 40x40x100cm | Eliassen\" \/>\n<meta property=\"og:description\" content=\"Bei Eliassen k\u00f6nnen Sie Pflanzgef\u00e4\u00df aus Cortenstahl quadratisch Andes Column 40 x 40 x 100 cm online kaufen oder live im Showroom ansehen. Direkt online best...\" \/>\n<meta property=\"og:url\" content=\"https:\/\/dev.eliassen.nl\/de\/pflanzgefass-aus-cortenstahl-quadratisch-andes-saulenmodell-40x40x100cm\/\" \/>\n<meta property=\"og:site_name\" content=\"Eliassen.nl\" \/>\n<meta property=\"article:publisher\" content=\"https:\/\/www.facebook.com\/TuincentrumEliassenAmmerzoden\" \/>\n<meta property=\"article:modified_time\" content=\"2024-01-10T11:29:28+00:00\" \/>\n<meta property=\"og:image\" content=\"https:\/\/dev.eliassen.nl\/wp-content\/uploads\/2024\/01\/ca103.jpg\" \/>\n\t<meta property=\"og:image:width\" content=\"699\" \/>\n\t<meta property=\"og:image:height\" content=\"699\" \/>\n\t<meta property=\"og:image:type\" content=\"image\/jpeg\" \/>\n<meta name=\"twitter:card\" content=\"summary_large_image\" \/>\n<script type=\"application\/ld+json\" class=\"yoast-schema-graph\">{\"@context\":\"https:\/\/schema.org\",\"@graph\":[{\"@type\":\"WebPage\",\"@id\":\"https:\/\/dev.eliassen.nl\/de\/pflanzgefass-aus-cortenstahl-quadratisch-andes-saulenmodell-40x40x100cm\/\",\"url\":\"https:\/\/dev.eliassen.nl\/de\/pflanzgefass-aus-cortenstahl-quadratisch-andes-saulenmodell-40x40x100cm\/\",\"name\":\"Pflanzgef\u00e4\u00df Cortenstahl quadratisch Andes Column 40x40x100cm | Eliassen\",\"isPartOf\":{\"@id\":\"https:\/\/dev.eliassen.nl\/de\/#website\"},\"primaryImageOfPage\":{\"@id\":\"https:\/\/dev.eliassen.nl\/de\/pflanzgefass-aus-cortenstahl-quadratisch-andes-saulenmodell-40x40x100cm\/#primaryimage\"},\"image\":{\"@id\":\"https:\/\/dev.eliassen.nl\/de\/pflanzgefass-aus-cortenstahl-quadratisch-andes-saulenmodell-40x40x100cm\/#primaryimage\"},\"thumbnailUrl\":\"https:\/\/dev.eliassen.nl\/wp-content\/uploads\/2024\/01\/ca103.jpg\",\"datePublished\":\"2021-03-26T18:35:44+00:00\",\"dateModified\":\"2024-01-10T11:29:28+00:00\",\"description\":\"Bei Eliassen k\u00f6nnen Sie Pflanzgef\u00e4\u00df aus Cortenstahl quadratisch Andes Column 40 x 40 x 100 cm online kaufen oder live im Showroom ansehen. Direkt online best...\",\"breadcrumb\":{\"@id\":\"https:\/\/dev.eliassen.nl\/de\/pflanzgefass-aus-cortenstahl-quadratisch-andes-saulenmodell-40x40x100cm\/#breadcrumb\"},\"inLanguage\":\"de\",\"potentialAction\":[{\"@type\":\"ReadAction\",\"target\":[\"https:\/\/dev.eliassen.nl\/de\/pflanzgefass-aus-cortenstahl-quadratisch-andes-saulenmodell-40x40x100cm\/\"]}]},{\"@type\":\"ImageObject\",\"inLanguage\":\"de\",\"@id\":\"https:\/\/dev.eliassen.nl\/de\/pflanzgefass-aus-cortenstahl-quadratisch-andes-saulenmodell-40x40x100cm\/#primaryimage\",\"url\":\"https:\/\/dev.eliassen.nl\/wp-content\/uploads\/2024\/01\/ca103.jpg\",\"contentUrl\":\"https:\/\/dev.eliassen.nl\/wp-content\/uploads\/2024\/01\/ca103.jpg\",\"width\":699,\"height\":699,\"caption\":\"CA10.3\"},{\"@type\":\"BreadcrumbList\",\"@id\":\"https:\/\/dev.eliassen.nl\/de\/pflanzgefass-aus-cortenstahl-quadratisch-andes-saulenmodell-40x40x100cm\/#breadcrumb\",\"itemListElement\":[{\"@type\":\"ListItem\",\"position\":1,\"name\":\"Home\",\"item\":\"https:\/\/dev.eliassen.nl\/de\/\"},{\"@type\":\"ListItem\",\"position\":2,\"name\":\"Shop\",\"item\":\"https:\/\/dev.eliassen.nl\/nl\/winkel\/\"},{\"@type\":\"ListItem\",\"position\":3,\"name\":\"Adezz-Produkte\",\"item\":\"https:\/\/dev.eliassen.nl\/de\/adezz-produkte\/\"},{\"@type\":\"ListItem\",\"position\":4,\"name\":\"ADEZZ Pflanzgef\u00e4\u00dfe aus Cortenstahl\",\"item\":\"https:\/\/dev.eliassen.nl\/de\/adezz-produkte\/adezz-pflanzgefaesse-aus-cortenstahl\/\"},{\"@type\":\"ListItem\",\"position\":5,\"name\":\"ADEZZ Pflanzgef\u00e4\u00dfe aus Cortenstahl quadratisch\",\"item\":\"https:\/\/dev.eliassen.nl\/de\/adezz-produkte\/adezz-pflanzgefaesse-aus-cortenstahl\/adezz-pflanzgefaesse-aus-cortenstahl-quadratisch\/\"},{\"@type\":\"ListItem\",\"position\":6,\"name\":\"Pflanzgef\u00e4\u00df aus Cortenstahl quadratisch Andes S\u00e4ulenmodell 40x40x100cm\"}]},{\"@type\":\"WebSite\",\"@id\":\"https:\/\/dev.eliassen.nl\/de\/#website\",\"url\":\"https:\/\/dev.eliassen.nl\/de\/\",\"name\":\"Eliassen Home & Garden Pleasure\",\"description\":\"\",\"publisher\":{\"@id\":\"https:\/\/dev.eliassen.nl\/de\/#organization\"},\"alternateName\":\"Eliassen.nl\",\"potentialAction\":[{\"@type\":\"SearchAction\",\"target\":{\"@type\":\"EntryPoint\",\"urlTemplate\":\"https:\/\/dev.eliassen.nl\/de\/?s={search_term_string}\"},\"query-input\":{\"@type\":\"PropertyValueSpecification\",\"valueRequired\":true,\"valueName\":\"search_term_string\"}}],\"inLanguage\":\"de\"},{\"@type\":\"Organization\",\"@id\":\"https:\/\/dev.eliassen.nl\/de\/#organization\",\"name\":\"Eliassen Home & Garden Pleasure\",\"url\":\"https:\/\/dev.eliassen.nl\/de\/\",\"logo\":{\"@type\":\"ImageObject\",\"inLanguage\":\"de\",\"@id\":\"https:\/\/dev.eliassen.nl\/de\/#\/schema\/logo\/image\/\",\"url\":\"https:\/\/www.eliassen.nl\/wp-content\/uploads\/2024\/01\/logo_4nd.jpg\",\"contentUrl\":\"https:\/\/www.eliassen.nl\/wp-content\/uploads\/2024\/01\/logo_4nd.jpg\",\"width\":500,\"height\":500,\"caption\":\"Eliassen Home & Garden Pleasure\"},\"image\":{\"@id\":\"https:\/\/dev.eliassen.nl\/de\/#\/schema\/logo\/image\/\"},\"sameAs\":[\"https:\/\/www.facebook.com\/TuincentrumEliassenAmmerzoden\",\"https:\/\/www.instagram.com\/eliassenhomeandgarden\/\",\"https:\/\/nl.pinterest.com\/eliassenhomeandgarden\/\",\"https:\/\/www.youtube.com\/@eliassenhomegardenpleasure4558\"]}]}<\/script>\n<!-- \/ Yoast SEO plugin. -->","yoast_head_json":{"title":"Pflanzgef\u00e4\u00df Cortenstahl quadratisch Andes Column 40x40x100cm | Eliassen","description":"Bei Eliassen k\u00f6nnen Sie Pflanzgef\u00e4\u00df aus Cortenstahl quadratisch Andes Column 40 x 40 x 100 cm online kaufen oder live im Showroom ansehen. Direkt online best...","robots":{"index":"noindex","follow":"follow","max-snippet":"max-snippet:-1","max-image-preview":"max-image-preview:large","max-video-preview":"max-video-preview:-1"},"og_locale":"de_DE","og_type":"article","og_title":"Pflanzgef\u00e4\u00df Cortenstahl quadratisch Andes Column 40x40x100cm | Eliassen","og_description":"Bei Eliassen k\u00f6nnen Sie Pflanzgef\u00e4\u00df aus Cortenstahl quadratisch Andes Column 40 x 40 x 100 cm online kaufen oder live im Showroom ansehen. Direkt online best...","og_url":"https:\/\/dev.eliassen.nl\/de\/pflanzgefass-aus-cortenstahl-quadratisch-andes-saulenmodell-40x40x100cm\/","og_site_name":"Eliassen.nl","article_publisher":"https:\/\/www.facebook.com\/TuincentrumEliassenAmmerzoden","article_modified_time":"2024-01-10T11:29:28+00:00","og_image":[{"width":699,"height":699,"url":"https:\/\/dev.eliassen.nl\/wp-content\/uploads\/2024\/01\/ca103.jpg","type":"image\/jpeg"}],"twitter_card":"summary_large_image","schema":{"@context":"https:\/\/schema.org","@graph":[{"@type":"WebPage","@id":"https:\/\/dev.eliassen.nl\/de\/pflanzgefass-aus-cortenstahl-quadratisch-andes-saulenmodell-40x40x100cm\/","url":"https:\/\/dev.eliassen.nl\/de\/pflanzgefass-aus-cortenstahl-quadratisch-andes-saulenmodell-40x40x100cm\/","name":"Pflanzgef\u00e4\u00df Cortenstahl quadratisch Andes Column 40x40x100cm | Eliassen","isPartOf":{"@id":"https:\/\/dev.eliassen.nl\/de\/#website"},"primaryImageOfPage":{"@id":"https:\/\/dev.eliassen.nl\/de\/pflanzgefass-aus-cortenstahl-quadratisch-andes-saulenmodell-40x40x100cm\/#primaryimage"},"image":{"@id":"https:\/\/dev.eliassen.nl\/de\/pflanzgefass-aus-cortenstahl-quadratisch-andes-saulenmodell-40x40x100cm\/#primaryimage"},"thumbnailUrl":"https:\/\/dev.eliassen.nl\/wp-content\/uploads\/2024\/01\/ca103.jpg","datePublished":"2021-03-26T18:35:44+00:00","dateModified":"2024-01-10T11:29:28+00:00","description":"Bei Eliassen k\u00f6nnen Sie Pflanzgef\u00e4\u00df aus Cortenstahl quadratisch Andes Column 40 x 40 x 100 cm online kaufen oder live im Showroom ansehen. Direkt online best...","breadcrumb":{"@id":"https:\/\/dev.eliassen.nl\/de\/pflanzgefass-aus-cortenstahl-quadratisch-andes-saulenmodell-40x40x100cm\/#breadcrumb"},"inLanguage":"de","potentialAction":[{"@type":"ReadAction","target":["https:\/\/dev.eliassen.nl\/de\/pflanzgefass-aus-cortenstahl-quadratisch-andes-saulenmodell-40x40x100cm\/"]}]},{"@type":"ImageObject","inLanguage":"de","@id":"https:\/\/dev.eliassen.nl\/de\/pflanzgefass-aus-cortenstahl-quadratisch-andes-saulenmodell-40x40x100cm\/#primaryimage","url":"https:\/\/dev.eliassen.nl\/wp-content\/uploads\/2024\/01\/ca103.jpg","contentUrl":"https:\/\/dev.eliassen.nl\/wp-content\/uploads\/2024\/01\/ca103.jpg","width":699,"height":699,"caption":"CA10.3"},{"@type":"BreadcrumbList","@id":"https:\/\/dev.eliassen.nl\/de\/pflanzgefass-aus-cortenstahl-quadratisch-andes-saulenmodell-40x40x100cm\/#breadcrumb","itemListElement":[{"@type":"ListItem","position":1,"name":"Home","item":"https:\/\/dev.eliassen.nl\/de\/"},{"@type":"ListItem","position":2,"name":"Shop","item":"https:\/\/dev.eliassen.nl\/nl\/winkel\/"},{"@type":"ListItem","position":3,"name":"Adezz-Produkte","item":"https:\/\/dev.eliassen.nl\/de\/adezz-produkte\/"},{"@type":"ListItem","position":4,"name":"ADEZZ Pflanzgef\u00e4\u00dfe aus Cortenstahl","item":"https:\/\/dev.eliassen.nl\/de\/adezz-produkte\/adezz-pflanzgefaesse-aus-cortenstahl\/"},{"@type":"ListItem","position":5,"name":"ADEZZ Pflanzgef\u00e4\u00dfe aus Cortenstahl quadratisch","item":"https:\/\/dev.eliassen.nl\/de\/adezz-produkte\/adezz-pflanzgefaesse-aus-cortenstahl\/adezz-pflanzgefaesse-aus-cortenstahl-quadratisch\/"},{"@type":"ListItem","position":6,"name":"Pflanzgef\u00e4\u00df aus Cortenstahl quadratisch Andes S\u00e4ulenmodell 40x40x100cm"}]},{"@type":"WebSite","@id":"https:\/\/dev.eliassen.nl\/de\/#website","url":"https:\/\/dev.eliassen.nl\/de\/","name":"Eliassen Home & Garden Pleasure","description":"","publisher":{"@id":"https:\/\/dev.eliassen.nl\/de\/#organization"},"alternateName":"Eliassen.nl","potentialAction":[{"@type":"SearchAction","target":{"@type":"EntryPoint","urlTemplate":"https:\/\/dev.eliassen.nl\/de\/?s={search_term_string}"},"query-input":{"@type":"PropertyValueSpecification","valueRequired":true,"valueName":"search_term_string"}}],"inLanguage":"de"},{"@type":"Organization","@id":"https:\/\/dev.eliassen.nl\/de\/#organization","name":"Eliassen Home & Garden Pleasure","url":"https:\/\/dev.eliassen.nl\/de\/","logo":{"@type":"ImageObject","inLanguage":"de","@id":"https:\/\/dev.eliassen.nl\/de\/#\/schema\/logo\/image\/","url":"https:\/\/www.eliassen.nl\/wp-content\/uploads\/2024\/01\/logo_4nd.jpg","contentUrl":"https:\/\/www.eliassen.nl\/wp-content\/uploads\/2024\/01\/logo_4nd.jpg","width":500,"height":500,"caption":"Eliassen Home & Garden Pleasure"},"image":{"@id":"https:\/\/dev.eliassen.nl\/de\/#\/schema\/logo\/image\/"},"sameAs":["https:\/\/www.facebook.com\/TuincentrumEliassenAmmerzoden","https:\/\/www.instagram.com\/eliassenhomeandgarden\/","https:\/\/nl.pinterest.com\/eliassenhomeandgarden\/","https:\/\/www.youtube.com\/@eliassenhomegardenpleasure4558"]}]}},"df_price":226,"df_sale_price":"","df_regular_price":226,"df_image_link":"https:\/\/dev.eliassen.nl\/wp-content\/uploads\/2024\/01\/ca103.jpg","image":"https:\/\/dev.eliassen.nl\/wp-content\/uploads\/2024\/01\/ca103.jpg","price_search":"<span class=\"woocommerce-Price-amount amount\"><bdi><span class=\"woocommerce-Price-currencySymbol\">&euro;<\/span>&nbsp;226,00<\/bdi><\/span>","category":"ADEZZ Pflanzgef\u00e4\u00dfe aus Cortenstahl","_links":{"self":[{"href":"https:\/\/dev.eliassen.nl\/de\/wp-json\/wp\/v2\/product\/29545","targetHints":{"allow":["GET"]}}],"collection":[{"href":"https:\/\/dev.eliassen.nl\/de\/wp-json\/wp\/v2\/product"}],"about":[{"href":"https:\/\/dev.eliassen.nl\/de\/wp-json\/wp\/v2\/types\/product"}],"wp:featuredmedia":[{"embeddable":true,"href":"https:\/\/dev.eliassen.nl\/de\/wp-json\/wp\/v2\/media\/29509"}],"wp:attachment":[{"href":"https:\/\/dev.eliassen.nl\/de\/wp-json\/wp\/v2\/media?parent=29545"}],"wp:term":[{"taxonomy":"product_brand","embeddable":true,"href":"https:\/\/dev.eliassen.nl\/de\/wp-json\/wp\/v2\/product_brand?post=29545"},{"taxonomy":"product_cat","embeddable":true,"href":"https:\/\/dev.eliassen.nl\/de\/wp-json\/wp\/v2\/product_cat?post=29545"},{"taxonomy":"product_tag","embeddable":true,"href":"https:\/\/dev.eliassen.nl\/de\/wp-json\/wp\/v2\/product_tag?post=29545"}],"curies":[{"name":"wp","href":"https:\/\/api.w.org\/{rel}","templated":true}]}}