{"id":31885,"date":"2021-03-29T20:15:50","date_gmt":"2021-03-29T18:15:50","guid":{"rendered":"https:\/\/www.eliassen.nl\/?product=plantenbak-cortenstaal-rond-atlas-zonder-120059983"},"modified":"2024-01-12T13:58:45","modified_gmt":"2024-01-12T13:58:45","slug":"pflanzer-corten-stahl-rundatlas-ohne-boden-200x40","status":"publish","type":"product","link":"https:\/\/dev.eliassen.nl\/de\/pflanzer-corten-stahl-rundatlas-ohne-boden-200x40\/","title":{"rendered":"Pflanzgef\u00e4\u00df aus Cortenstahl, rund, Atlas, ohne Boden, 200 x 40 cm"},"content":{"rendered":"<p><a href=\"https:\/\/cdn.adezz.com\/production\/ERP_handleidingen\/Productmodellen\/258\/48\/ADEZZ%20Plantenbakken%20Corten_NL.pdf\">Handbuch<\/a> <strong>| <a href=\"https:\/\/cdn.adezz.com\/production\/ERP_handleidingen\/Producten\/3873\/2277\/CTW1.3%202000x400_Sheet1.pdf\" target=\"_blank\" rel=\"noopener\">Skizzieren<\/a><\/strong><\/p>\n<p><strong><a href=\"https:\/\/www.youtube.com\/watch?v=zdflGbngZCM\" target=\"_blank\" rel=\"noopener\"><img decoding=\"async\" src=\"https:\/\/www.eliassen.nl\/wp-content\/uploads\/content\/youtube-play.png\" alt=\"\" width=\"27\" height=\"27\" \/><\/a><\/strong> Sehen <strong><a href=\"https:\/\/www.youtube.com\/watch?v=zdflGbngZCM\" target=\"_blank\" rel=\"noopener\">Sie sich<\/a><\/strong> <strong><a href=\"https:\/\/www.youtube.com\/watch?v=zdflGbngZCM\" target=\"_blank\" rel=\"noopener\">das Video an<\/a><\/strong><\/p>\n<p><strong>Wir haben ein brandneues Exemplar in dieser Gr\u00f6\u00dfe, das f\u00fcr 650,00 p. st.<\/strong><\/p>\n<p>Die handgefertigten Pflanzgef\u00e4\u00dfe aus Cortenstahl von Adezz bestehen aus unzerst\u00f6rbarem Material mit einem warmen, nat\u00fcrlichen Aussehen. Cortenstahl ist eine starke und witterungsbest\u00e4ndige Stahlsorte, die die Eigenschaft hat, sich nach 8\u201312 Monaten, wenn sie der Au\u00dfenluft ausgesetzt wird, mit einer sch\u00fctzenden Rostschicht zu \u00fcberziehen. Wenn Sie Ihr Cortenstahlprodukt einige Male mit Salzwasser bespr\u00fchen, beschleunigt dies den Rostprozess deutlich. Diese nat\u00fcrlich feste Rostschicht bietet Schutz vor weiterer Korrosion.<\/p>\n<p>Der obere Rand ist doppelt gefaltet und 4 cm breit, was diesem Beh\u00e4lter ein sch\u00f6nes, zeitloses und robustes Aussehen verleiht. Gr\u00f6\u00dfere Beh\u00e4ltergr\u00f6\u00dfen sind innen mit Cortenstahltr\u00e4gern ausgestattet, damit die Oberfl\u00e4chen nicht konvex werden.<\/p>\n<p>Die Standardmaterialst\u00e4rke betr\u00e4gt 2 mm. Ein sehr robustes, vandalensicheres Pflanzgef\u00e4\u00df mit einer Lebensdauer von Jahrzehnten.<\/p>\n<p>Diese Pflanzgef\u00e4\u00dfe k\u00f6nnen auch in einer <strong>Sondergr\u00f6\u00dfe<\/strong> f\u00fcr Sie angefertigt werden!<\/p>\n<p>Senden Sie eine E-Mail an: <a href=\"mailto:info@eliassen.nl\">info@elassen.nl<\/a><\/p>\n<p><strong>Der Versand erfolgt innerhalb der Niederlande kostenlos. W\u00e4hlen Sie oben Ihre Gr\u00f6\u00dfe.<\/strong> Schauen Sie doch mal in unserem Shop vorbei, wir haben ein oder mehrere Showmodelle aus dieser Serie.<\/p>\n<ul>\n<li>2 mm Cortenstahl<\/li>\n<li>Ausgestattet mit 15 mm hohen Beinen f\u00fcr eine gute Entw\u00e4sserung<\/li>\n<li>Bei Cortenstahl kein Tongranulat verwenden!<\/li>\n<li>5 Jahre Garantie<\/li>\n<li>Kostenloser Versand innerhalb der Niederlande.<\/li>\n<\/ul>\n<p><strong>Aufmerksamkeit!<br \/><\/strong> Wenn Sie niederl\u00e4ndischer Kunde sind, w\u00e4hlen Sie in Ihrem Warenkorb \u201eAbholung in der Filiale\u201c aus. Dann fallen keine Versandkosten an und wir versenden Ihre Bestellung so schnell wie m\u00f6glich.<\/p>\n","protected":false},"excerpt":{"rendered":"<p>Rufen Sie uns an oder schicken Sie uns eine E-Mail f\u00fcr den besten Preis!<\/p>\n","protected":false},"featured_media":31849,"template":"","meta":{"_acf_changed":false},"product_brand":[6920],"product_cat":[977,1145,773,722,941,857],"product_tag":[],"class_list":{"0":"post-31885","1":"product","2":"type-product","3":"status-publish","4":"has-post-thumbnail","6":"product_brand-adezz-de","7":"product_cat-adezz-pflanzgefaesse-aus-cortenstahl","8":"product_cat-adezz-pflanzgefaesse-aus-cortenstahl-ohne-boden","9":"product_cat-adezz-produkte","10":"product_cat-blumentoepfe-und-pflanzgefaesse","11":"product_cat-ohne-boden","12":"product_cat-pflanzgefaesse-aus-cortenstahl","14":"first","15":"onbackorder","16":"taxable","17":"shipping-taxable","18":"purchasable","19":"product-type-simple"},"acf":[],"yoast_head":"<!-- This site is optimized with the Yoast SEO plugin v23.8 - https:\/\/yoast.com\/wordpress\/plugins\/seo\/ -->\n<title>Pflanzer Corten Stahl Rundatlas ohne Boden 200x40<\/title>\n<meta name=\"description\" content=\"Bij Eliassen koopt u Plantenbak Cortenstaal Rond Atlas zonder bodem 200x40cm online of live te bekijken in de showroom. Bestel direct online.\" \/>\n<meta name=\"robots\" content=\"noindex, follow, max-snippet:-1, max-image-preview:large, max-video-preview:-1\" \/>\n<meta property=\"og:locale\" content=\"de_DE\" \/>\n<meta property=\"og:type\" content=\"article\" \/>\n<meta property=\"og:title\" content=\"Pflanzer Corten Stahl Rundatlas ohne Boden 200x40\" \/>\n<meta property=\"og:description\" content=\"Bij Eliassen koopt u Plantenbak Cortenstaal Rond Atlas zonder bodem 200x40cm online of live te bekijken in de showroom. Bestel direct online.\" \/>\n<meta property=\"og:url\" content=\"https:\/\/dev.eliassen.nl\/de\/pflanzer-corten-stahl-rundatlas-ohne-boden-200x40\/\" \/>\n<meta property=\"og:site_name\" content=\"Eliassen.nl\" \/>\n<meta property=\"article:publisher\" content=\"https:\/\/www.facebook.com\/TuincentrumEliassenAmmerzoden\" \/>\n<meta property=\"article:modified_time\" content=\"2024-01-12T13:58:45+00:00\" \/>\n<meta property=\"og:image\" content=\"https:\/\/dev.eliassen.nl\/wp-content\/uploads\/2024\/01\/ctw13.png\" \/>\n\t<meta property=\"og:image:width\" content=\"699\" \/>\n\t<meta property=\"og:image:height\" content=\"699\" \/>\n\t<meta property=\"og:image:type\" content=\"image\/png\" \/>\n<meta name=\"twitter:card\" content=\"summary_large_image\" \/>\n<script type=\"application\/ld+json\" class=\"yoast-schema-graph\">{\"@context\":\"https:\/\/schema.org\",\"@graph\":[{\"@type\":\"WebPage\",\"@id\":\"https:\/\/dev.eliassen.nl\/de\/pflanzer-corten-stahl-rundatlas-ohne-boden-200x40\/\",\"url\":\"https:\/\/dev.eliassen.nl\/de\/pflanzer-corten-stahl-rundatlas-ohne-boden-200x40\/\",\"name\":\"Pflanzer Corten Stahl Rundatlas ohne Boden 200x40\",\"isPartOf\":{\"@id\":\"https:\/\/dev.eliassen.nl\/de\/#website\"},\"primaryImageOfPage\":{\"@id\":\"https:\/\/dev.eliassen.nl\/de\/pflanzer-corten-stahl-rundatlas-ohne-boden-200x40\/#primaryimage\"},\"image\":{\"@id\":\"https:\/\/dev.eliassen.nl\/de\/pflanzer-corten-stahl-rundatlas-ohne-boden-200x40\/#primaryimage\"},\"thumbnailUrl\":\"https:\/\/dev.eliassen.nl\/wp-content\/uploads\/2024\/01\/ctw13.png\",\"datePublished\":\"2021-03-29T18:15:50+00:00\",\"dateModified\":\"2024-01-12T13:58:45+00:00\",\"description\":\"Bij Eliassen koopt u Plantenbak Cortenstaal Rond Atlas zonder bodem 200x40cm online of live te bekijken in de showroom. Bestel direct online.\",\"breadcrumb\":{\"@id\":\"https:\/\/dev.eliassen.nl\/de\/pflanzer-corten-stahl-rundatlas-ohne-boden-200x40\/#breadcrumb\"},\"inLanguage\":\"de\",\"potentialAction\":[{\"@type\":\"ReadAction\",\"target\":[\"https:\/\/dev.eliassen.nl\/de\/pflanzer-corten-stahl-rundatlas-ohne-boden-200x40\/\"]}]},{\"@type\":\"ImageObject\",\"inLanguage\":\"de\",\"@id\":\"https:\/\/dev.eliassen.nl\/de\/pflanzer-corten-stahl-rundatlas-ohne-boden-200x40\/#primaryimage\",\"url\":\"https:\/\/dev.eliassen.nl\/wp-content\/uploads\/2024\/01\/ctw13.png\",\"contentUrl\":\"https:\/\/dev.eliassen.nl\/wp-content\/uploads\/2024\/01\/ctw13.png\",\"width\":699,\"height\":699,\"caption\":\"CTW1.3\"},{\"@type\":\"BreadcrumbList\",\"@id\":\"https:\/\/dev.eliassen.nl\/de\/pflanzer-corten-stahl-rundatlas-ohne-boden-200x40\/#breadcrumb\",\"itemListElement\":[{\"@type\":\"ListItem\",\"position\":1,\"name\":\"Home\",\"item\":\"https:\/\/dev.eliassen.nl\/de\/\"},{\"@type\":\"ListItem\",\"position\":2,\"name\":\"Shop\",\"item\":\"https:\/\/dev.eliassen.nl\/nl\/winkel\/\"},{\"@type\":\"ListItem\",\"position\":3,\"name\":\"Adezz-Produkte\",\"item\":\"https:\/\/dev.eliassen.nl\/de\/adezz-produkte\/\"},{\"@type\":\"ListItem\",\"position\":4,\"name\":\"ADEZZ Pflanzgef\u00e4\u00dfe aus Cortenstahl\",\"item\":\"https:\/\/dev.eliassen.nl\/de\/adezz-produkte\/adezz-pflanzgefaesse-aus-cortenstahl\/\"},{\"@type\":\"ListItem\",\"position\":5,\"name\":\"ADEZZ Pflanzgef\u00e4\u00dfe aus Cortenstahl ohne Boden\",\"item\":\"https:\/\/dev.eliassen.nl\/de\/adezz-produkte\/adezz-pflanzgefaesse-aus-cortenstahl\/adezz-pflanzgefaesse-aus-cortenstahl-ohne-boden\/\"},{\"@type\":\"ListItem\",\"position\":6,\"name\":\"Pflanzgef\u00e4\u00df aus Cortenstahl, rund, Atlas, ohne Boden, 200 x 40 cm\"}]},{\"@type\":\"WebSite\",\"@id\":\"https:\/\/dev.eliassen.nl\/de\/#website\",\"url\":\"https:\/\/dev.eliassen.nl\/de\/\",\"name\":\"Eliassen Home & Garden Pleasure\",\"description\":\"\",\"publisher\":{\"@id\":\"https:\/\/dev.eliassen.nl\/de\/#organization\"},\"alternateName\":\"Eliassen.nl\",\"potentialAction\":[{\"@type\":\"SearchAction\",\"target\":{\"@type\":\"EntryPoint\",\"urlTemplate\":\"https:\/\/dev.eliassen.nl\/de\/?s={search_term_string}\"},\"query-input\":{\"@type\":\"PropertyValueSpecification\",\"valueRequired\":true,\"valueName\":\"search_term_string\"}}],\"inLanguage\":\"de\"},{\"@type\":\"Organization\",\"@id\":\"https:\/\/dev.eliassen.nl\/de\/#organization\",\"name\":\"Eliassen Home & Garden Pleasure\",\"url\":\"https:\/\/dev.eliassen.nl\/de\/\",\"logo\":{\"@type\":\"ImageObject\",\"inLanguage\":\"de\",\"@id\":\"https:\/\/dev.eliassen.nl\/de\/#\/schema\/logo\/image\/\",\"url\":\"https:\/\/www.eliassen.nl\/wp-content\/uploads\/2024\/01\/logo_4nd.jpg\",\"contentUrl\":\"https:\/\/www.eliassen.nl\/wp-content\/uploads\/2024\/01\/logo_4nd.jpg\",\"width\":500,\"height\":500,\"caption\":\"Eliassen Home & Garden Pleasure\"},\"image\":{\"@id\":\"https:\/\/dev.eliassen.nl\/de\/#\/schema\/logo\/image\/\"},\"sameAs\":[\"https:\/\/www.facebook.com\/TuincentrumEliassenAmmerzoden\",\"https:\/\/www.instagram.com\/eliassenhomeandgarden\/\",\"https:\/\/nl.pinterest.com\/eliassenhomeandgarden\/\",\"https:\/\/www.youtube.com\/@eliassenhomegardenpleasure4558\"]}]}<\/script>\n<!-- \/ Yoast SEO plugin. -->","yoast_head_json":{"title":"Pflanzer Corten Stahl Rundatlas ohne Boden 200x40","description":"Bij Eliassen koopt u Plantenbak Cortenstaal Rond Atlas zonder bodem 200x40cm online of live te bekijken in de showroom. Bestel direct online.","robots":{"index":"noindex","follow":"follow","max-snippet":"max-snippet:-1","max-image-preview":"max-image-preview:large","max-video-preview":"max-video-preview:-1"},"og_locale":"de_DE","og_type":"article","og_title":"Pflanzer Corten Stahl Rundatlas ohne Boden 200x40","og_description":"Bij Eliassen koopt u Plantenbak Cortenstaal Rond Atlas zonder bodem 200x40cm online of live te bekijken in de showroom. Bestel direct online.","og_url":"https:\/\/dev.eliassen.nl\/de\/pflanzer-corten-stahl-rundatlas-ohne-boden-200x40\/","og_site_name":"Eliassen.nl","article_publisher":"https:\/\/www.facebook.com\/TuincentrumEliassenAmmerzoden","article_modified_time":"2024-01-12T13:58:45+00:00","og_image":[{"width":699,"height":699,"url":"https:\/\/dev.eliassen.nl\/wp-content\/uploads\/2024\/01\/ctw13.png","type":"image\/png"}],"twitter_card":"summary_large_image","schema":{"@context":"https:\/\/schema.org","@graph":[{"@type":"WebPage","@id":"https:\/\/dev.eliassen.nl\/de\/pflanzer-corten-stahl-rundatlas-ohne-boden-200x40\/","url":"https:\/\/dev.eliassen.nl\/de\/pflanzer-corten-stahl-rundatlas-ohne-boden-200x40\/","name":"Pflanzer Corten Stahl Rundatlas ohne Boden 200x40","isPartOf":{"@id":"https:\/\/dev.eliassen.nl\/de\/#website"},"primaryImageOfPage":{"@id":"https:\/\/dev.eliassen.nl\/de\/pflanzer-corten-stahl-rundatlas-ohne-boden-200x40\/#primaryimage"},"image":{"@id":"https:\/\/dev.eliassen.nl\/de\/pflanzer-corten-stahl-rundatlas-ohne-boden-200x40\/#primaryimage"},"thumbnailUrl":"https:\/\/dev.eliassen.nl\/wp-content\/uploads\/2024\/01\/ctw13.png","datePublished":"2021-03-29T18:15:50+00:00","dateModified":"2024-01-12T13:58:45+00:00","description":"Bij Eliassen koopt u Plantenbak Cortenstaal Rond Atlas zonder bodem 200x40cm online of live te bekijken in de showroom. Bestel direct online.","breadcrumb":{"@id":"https:\/\/dev.eliassen.nl\/de\/pflanzer-corten-stahl-rundatlas-ohne-boden-200x40\/#breadcrumb"},"inLanguage":"de","potentialAction":[{"@type":"ReadAction","target":["https:\/\/dev.eliassen.nl\/de\/pflanzer-corten-stahl-rundatlas-ohne-boden-200x40\/"]}]},{"@type":"ImageObject","inLanguage":"de","@id":"https:\/\/dev.eliassen.nl\/de\/pflanzer-corten-stahl-rundatlas-ohne-boden-200x40\/#primaryimage","url":"https:\/\/dev.eliassen.nl\/wp-content\/uploads\/2024\/01\/ctw13.png","contentUrl":"https:\/\/dev.eliassen.nl\/wp-content\/uploads\/2024\/01\/ctw13.png","width":699,"height":699,"caption":"CTW1.3"},{"@type":"BreadcrumbList","@id":"https:\/\/dev.eliassen.nl\/de\/pflanzer-corten-stahl-rundatlas-ohne-boden-200x40\/#breadcrumb","itemListElement":[{"@type":"ListItem","position":1,"name":"Home","item":"https:\/\/dev.eliassen.nl\/de\/"},{"@type":"ListItem","position":2,"name":"Shop","item":"https:\/\/dev.eliassen.nl\/nl\/winkel\/"},{"@type":"ListItem","position":3,"name":"Adezz-Produkte","item":"https:\/\/dev.eliassen.nl\/de\/adezz-produkte\/"},{"@type":"ListItem","position":4,"name":"ADEZZ Pflanzgef\u00e4\u00dfe aus Cortenstahl","item":"https:\/\/dev.eliassen.nl\/de\/adezz-produkte\/adezz-pflanzgefaesse-aus-cortenstahl\/"},{"@type":"ListItem","position":5,"name":"ADEZZ Pflanzgef\u00e4\u00dfe aus Cortenstahl ohne Boden","item":"https:\/\/dev.eliassen.nl\/de\/adezz-produkte\/adezz-pflanzgefaesse-aus-cortenstahl\/adezz-pflanzgefaesse-aus-cortenstahl-ohne-boden\/"},{"@type":"ListItem","position":6,"name":"Pflanzgef\u00e4\u00df aus Cortenstahl, rund, Atlas, ohne Boden, 200 x 40 cm"}]},{"@type":"WebSite","@id":"https:\/\/dev.eliassen.nl\/de\/#website","url":"https:\/\/dev.eliassen.nl\/de\/","name":"Eliassen Home & Garden Pleasure","description":"","publisher":{"@id":"https:\/\/dev.eliassen.nl\/de\/#organization"},"alternateName":"Eliassen.nl","potentialAction":[{"@type":"SearchAction","target":{"@type":"EntryPoint","urlTemplate":"https:\/\/dev.eliassen.nl\/de\/?s={search_term_string}"},"query-input":{"@type":"PropertyValueSpecification","valueRequired":true,"valueName":"search_term_string"}}],"inLanguage":"de"},{"@type":"Organization","@id":"https:\/\/dev.eliassen.nl\/de\/#organization","name":"Eliassen Home & Garden Pleasure","url":"https:\/\/dev.eliassen.nl\/de\/","logo":{"@type":"ImageObject","inLanguage":"de","@id":"https:\/\/dev.eliassen.nl\/de\/#\/schema\/logo\/image\/","url":"https:\/\/www.eliassen.nl\/wp-content\/uploads\/2024\/01\/logo_4nd.jpg","contentUrl":"https:\/\/www.eliassen.nl\/wp-content\/uploads\/2024\/01\/logo_4nd.jpg","width":500,"height":500,"caption":"Eliassen Home & Garden Pleasure"},"image":{"@id":"https:\/\/dev.eliassen.nl\/de\/#\/schema\/logo\/image\/"},"sameAs":["https:\/\/www.facebook.com\/TuincentrumEliassenAmmerzoden","https:\/\/www.instagram.com\/eliassenhomeandgarden\/","https:\/\/nl.pinterest.com\/eliassenhomeandgarden\/","https:\/\/www.youtube.com\/@eliassenhomegardenpleasure4558"]}]}},"df_price":822,"df_sale_price":"","df_regular_price":822,"df_image_link":"https:\/\/dev.eliassen.nl\/wp-content\/uploads\/2024\/01\/ctw13.png","image":"https:\/\/dev.eliassen.nl\/wp-content\/uploads\/2024\/01\/ctw13.png","price_search":"<span class=\"woocommerce-Price-amount amount\"><bdi><span class=\"woocommerce-Price-currencySymbol\">&euro;<\/span>&nbsp;822,00<\/bdi><\/span>","category":"ADEZZ Pflanzgef\u00e4\u00dfe aus Cortenstahl","_links":{"self":[{"href":"https:\/\/dev.eliassen.nl\/de\/wp-json\/wp\/v2\/product\/31885","targetHints":{"allow":["GET"]}}],"collection":[{"href":"https:\/\/dev.eliassen.nl\/de\/wp-json\/wp\/v2\/product"}],"about":[{"href":"https:\/\/dev.eliassen.nl\/de\/wp-json\/wp\/v2\/types\/product"}],"wp:featuredmedia":[{"embeddable":true,"href":"https:\/\/dev.eliassen.nl\/de\/wp-json\/wp\/v2\/media\/31849"}],"wp:attachment":[{"href":"https:\/\/dev.eliassen.nl\/de\/wp-json\/wp\/v2\/media?parent=31885"}],"wp:term":[{"taxonomy":"product_brand","embeddable":true,"href":"https:\/\/dev.eliassen.nl\/de\/wp-json\/wp\/v2\/product_brand?post=31885"},{"taxonomy":"product_cat","embeddable":true,"href":"https:\/\/dev.eliassen.nl\/de\/wp-json\/wp\/v2\/product_cat?post=31885"},{"taxonomy":"product_tag","embeddable":true,"href":"https:\/\/dev.eliassen.nl\/de\/wp-json\/wp\/v2\/product_tag?post=31885"}],"curies":[{"name":"wp","href":"https:\/\/api.w.org\/{rel}","templated":true}]}}