{"id":3202,"date":"2019-10-28T15:31:38","date_gmt":"2019-10-28T14:31:38","guid":{"rendered":"https:\/\/www.eliassen.nl\/?product=bronze-statue-gymnast"},"modified":"2024-12-05T15:05:55","modified_gmt":"2024-12-05T14:05:55","slug":"bronze-statue-gymnast","status":"publish","type":"product","link":"https:\/\/dev.eliassen.nl\/de\/bronze-statue-gymnast\/","title":{"rendered":"Bronze-Statue Gymnast"},"content":{"rendered":"<p>Sch\u00f6nes gro\u00dfes Bild einer Dame gymmende, auf Marmorsockel, 100% -Qualit\u00e4t Bronze mit einem Mindestkupfergehalt von 75%, was eine extrem lange Lebensdauer und keine unsch\u00f6nen Flecke garantiert. Ein sch\u00f6ner und dauerhafter Dekoration Artikel f\u00fcr Haus, Gesch\u00e4ft oder im Garten, sondern auch ein Geschenk wunderbare Menschen. Ich suche eine Bronze-Skulptur eines Jubil\u00e4um? Wir k\u00f6nnen auch Platten Text die Basis f\u00fcr Sie bereitzustellen. <br \/>Gr\u00f6\u00dfen sind mit Marmorsockel, wenn es in der Abbildung dargestellt ist. Die Grundfarbe kann unterschiedlich sein, weil es nat\u00fcrlich betrifft. <\/p>\n<ul>\n<li>Gr\u00f6\u00dfe: H\u00f6he 58 cm Breedtte 13,3 cm L\u00e4nge 32.4cm.<\/li>\n<li>Kommt mit Zertifikat.<\/li>\n<li>schnell geliefert.<\/li>\n<li>30 Jahre Garantie.<\/li>\n<li><strong>Wir bieten die gr\u00f6\u00dfte Sammlung von Skulpturen<\/strong> aus <strong>Bronze<\/strong> , <strong>die Ansicht<\/strong> zu <strong>leben.<\/strong><\/li>\n<\/ul>\n","protected":false},"excerpt":{"rendered":"<p>Sch\u00f6nes gro\u00dfes Bild einer Dame gymmende, auf Marmorsockel, 100% -Qualit\u00e4t Bronze mit einem Mindestkupfergehalt von 75%, was eine extrem lange Lebensdauer und keine unsch\u00f6nen Flecke garantiert. Ein sch\u00f6ner und dauerhafter Dekoration Artikel f\u00fcr Haus, Gesch\u00e4ft oder im Garten, sondern auch ein Geschenk wunderbare Menschen. Ich suche eine Bronze-Skulptur eines Jubil\u00e4um? Wir k\u00f6nnen auch Platten Text &hellip;<\/p>\n","protected":false},"featured_media":3190,"template":"","meta":{"_acf_changed":false},"product_brand":[],"product_cat":[613,620,7239],"product_tag":[],"class_list":{"0":"post-3202","1":"product","2":"type-product","3":"status-publish","4":"has-post-thumbnail","6":"product_cat-bronzestatuen","7":"product_cat-moderne-bronzestatuen","8":"product_cat-statuen-skulpturen","10":"first","11":"instock","12":"taxable","13":"shipping-taxable","14":"purchasable","15":"product-type-simple"},"acf":[],"yoast_head":"<!-- This site is optimized with the Yoast SEO plugin v23.8 - https:\/\/yoast.com\/wordpress\/plugins\/seo\/ -->\n<title>Beeld brons Spagaat | Eliassen<\/title>\n<meta name=\"description\" content=\"Bij Eliassen koopt u Beeld brons Spagaat online of live te bekijken in de showroom. Wij hebben de mooiste bronzen beelden, moderne bronzen beelden\" \/>\n<meta name=\"robots\" content=\"noindex, follow, max-snippet:-1, max-image-preview:large, max-video-preview:-1\" \/>\n<meta property=\"og:locale\" content=\"de_DE\" \/>\n<meta property=\"og:type\" content=\"article\" \/>\n<meta property=\"og:title\" content=\"Beeld brons Spagaat | Eliassen\" \/>\n<meta property=\"og:description\" content=\"Bij Eliassen koopt u Beeld brons Spagaat online of live te bekijken in de showroom. Wij hebben de mooiste bronzen beelden, moderne bronzen beelden\" \/>\n<meta property=\"og:url\" content=\"https:\/\/dev.eliassen.nl\/de\/bronze-statue-gymnast\/\" \/>\n<meta property=\"og:site_name\" content=\"Eliassen.nl\" \/>\n<meta property=\"article:publisher\" content=\"https:\/\/www.facebook.com\/TuincentrumEliassenAmmerzoden\" \/>\n<meta property=\"article:modified_time\" content=\"2024-12-05T14:05:55+00:00\" \/>\n<meta property=\"og:image\" content=\"https:\/\/dev.eliassen.nl\/wp-content\/uploads\/2024\/01\/kf94001.jpg\" \/>\n\t<meta property=\"og:image:width\" content=\"834\" \/>\n\t<meta property=\"og:image:height\" content=\"1024\" \/>\n\t<meta property=\"og:image:type\" content=\"image\/jpeg\" \/>\n<meta name=\"twitter:card\" content=\"summary_large_image\" \/>\n<script type=\"application\/ld+json\" class=\"yoast-schema-graph\">{\"@context\":\"https:\/\/schema.org\",\"@graph\":[{\"@type\":\"WebPage\",\"@id\":\"https:\/\/dev.eliassen.nl\/de\/bronze-statue-gymnast\/\",\"url\":\"https:\/\/dev.eliassen.nl\/de\/bronze-statue-gymnast\/\",\"name\":\"Beeld brons Spagaat | Eliassen\",\"isPartOf\":{\"@id\":\"https:\/\/dev.eliassen.nl\/de\/#website\"},\"primaryImageOfPage\":{\"@id\":\"https:\/\/dev.eliassen.nl\/de\/bronze-statue-gymnast\/#primaryimage\"},\"image\":{\"@id\":\"https:\/\/dev.eliassen.nl\/de\/bronze-statue-gymnast\/#primaryimage\"},\"thumbnailUrl\":\"https:\/\/dev.eliassen.nl\/wp-content\/uploads\/2024\/01\/kf94001.jpg\",\"datePublished\":\"2019-10-28T14:31:38+00:00\",\"dateModified\":\"2024-12-05T14:05:55+00:00\",\"description\":\"Bij Eliassen koopt u Beeld brons Spagaat online of live te bekijken in de showroom. Wij hebben de mooiste bronzen beelden, moderne bronzen beelden\",\"breadcrumb\":{\"@id\":\"https:\/\/dev.eliassen.nl\/de\/bronze-statue-gymnast\/#breadcrumb\"},\"inLanguage\":\"de\",\"potentialAction\":[{\"@type\":\"ReadAction\",\"target\":[\"https:\/\/dev.eliassen.nl\/de\/bronze-statue-gymnast\/\"]}]},{\"@type\":\"ImageObject\",\"inLanguage\":\"de\",\"@id\":\"https:\/\/dev.eliassen.nl\/de\/bronze-statue-gymnast\/#primaryimage\",\"url\":\"https:\/\/dev.eliassen.nl\/wp-content\/uploads\/2024\/01\/kf94001.jpg\",\"contentUrl\":\"https:\/\/dev.eliassen.nl\/wp-content\/uploads\/2024\/01\/kf94001.jpg\",\"width\":834,\"height\":1024,\"caption\":\"kf-94-001\"},{\"@type\":\"BreadcrumbList\",\"@id\":\"https:\/\/dev.eliassen.nl\/de\/bronze-statue-gymnast\/#breadcrumb\",\"itemListElement\":[{\"@type\":\"ListItem\",\"position\":1,\"name\":\"Home\",\"item\":\"https:\/\/dev.eliassen.nl\/de\/\"},{\"@type\":\"ListItem\",\"position\":2,\"name\":\"Shop\",\"item\":\"https:\/\/dev.eliassen.nl\/nl\/winkel\/\"},{\"@type\":\"ListItem\",\"position\":3,\"name\":\"Bronzestatuen\",\"item\":\"https:\/\/dev.eliassen.nl\/de\/bilder\/bronzestatuen\/\"},{\"@type\":\"ListItem\",\"position\":4,\"name\":\"Moderne Bronzestatuen\",\"item\":\"https:\/\/dev.eliassen.nl\/de\/bilder\/bronzestatuen\/moderne-bronzestatuen\/\"},{\"@type\":\"ListItem\",\"position\":5,\"name\":\"Bronze-Statue Gymnast\"}]},{\"@type\":\"WebSite\",\"@id\":\"https:\/\/dev.eliassen.nl\/de\/#website\",\"url\":\"https:\/\/dev.eliassen.nl\/de\/\",\"name\":\"Eliassen Home & Garden Pleasure\",\"description\":\"\",\"publisher\":{\"@id\":\"https:\/\/dev.eliassen.nl\/de\/#organization\"},\"alternateName\":\"Eliassen.nl\",\"potentialAction\":[{\"@type\":\"SearchAction\",\"target\":{\"@type\":\"EntryPoint\",\"urlTemplate\":\"https:\/\/dev.eliassen.nl\/de\/?s={search_term_string}\"},\"query-input\":{\"@type\":\"PropertyValueSpecification\",\"valueRequired\":true,\"valueName\":\"search_term_string\"}}],\"inLanguage\":\"de\"},{\"@type\":\"Organization\",\"@id\":\"https:\/\/dev.eliassen.nl\/de\/#organization\",\"name\":\"Eliassen Home & Garden Pleasure\",\"url\":\"https:\/\/dev.eliassen.nl\/de\/\",\"logo\":{\"@type\":\"ImageObject\",\"inLanguage\":\"de\",\"@id\":\"https:\/\/dev.eliassen.nl\/de\/#\/schema\/logo\/image\/\",\"url\":\"https:\/\/www.eliassen.nl\/wp-content\/uploads\/2024\/01\/logo_4nd.jpg\",\"contentUrl\":\"https:\/\/www.eliassen.nl\/wp-content\/uploads\/2024\/01\/logo_4nd.jpg\",\"width\":500,\"height\":500,\"caption\":\"Eliassen Home & Garden Pleasure\"},\"image\":{\"@id\":\"https:\/\/dev.eliassen.nl\/de\/#\/schema\/logo\/image\/\"},\"sameAs\":[\"https:\/\/www.facebook.com\/TuincentrumEliassenAmmerzoden\",\"https:\/\/www.instagram.com\/eliassenhomeandgarden\/\",\"https:\/\/nl.pinterest.com\/eliassenhomeandgarden\/\",\"https:\/\/www.youtube.com\/@eliassenhomegardenpleasure4558\"]}]}<\/script>\n<!-- \/ Yoast SEO plugin. -->","yoast_head_json":{"title":"Beeld brons Spagaat | Eliassen","description":"Bij Eliassen koopt u Beeld brons Spagaat online of live te bekijken in de showroom. Wij hebben de mooiste bronzen beelden, moderne bronzen beelden","robots":{"index":"noindex","follow":"follow","max-snippet":"max-snippet:-1","max-image-preview":"max-image-preview:large","max-video-preview":"max-video-preview:-1"},"og_locale":"de_DE","og_type":"article","og_title":"Beeld brons Spagaat | Eliassen","og_description":"Bij Eliassen koopt u Beeld brons Spagaat online of live te bekijken in de showroom. Wij hebben de mooiste bronzen beelden, moderne bronzen beelden","og_url":"https:\/\/dev.eliassen.nl\/de\/bronze-statue-gymnast\/","og_site_name":"Eliassen.nl","article_publisher":"https:\/\/www.facebook.com\/TuincentrumEliassenAmmerzoden","article_modified_time":"2024-12-05T14:05:55+00:00","og_image":[{"width":834,"height":1024,"url":"https:\/\/dev.eliassen.nl\/wp-content\/uploads\/2024\/01\/kf94001.jpg","type":"image\/jpeg"}],"twitter_card":"summary_large_image","schema":{"@context":"https:\/\/schema.org","@graph":[{"@type":"WebPage","@id":"https:\/\/dev.eliassen.nl\/de\/bronze-statue-gymnast\/","url":"https:\/\/dev.eliassen.nl\/de\/bronze-statue-gymnast\/","name":"Beeld brons Spagaat | Eliassen","isPartOf":{"@id":"https:\/\/dev.eliassen.nl\/de\/#website"},"primaryImageOfPage":{"@id":"https:\/\/dev.eliassen.nl\/de\/bronze-statue-gymnast\/#primaryimage"},"image":{"@id":"https:\/\/dev.eliassen.nl\/de\/bronze-statue-gymnast\/#primaryimage"},"thumbnailUrl":"https:\/\/dev.eliassen.nl\/wp-content\/uploads\/2024\/01\/kf94001.jpg","datePublished":"2019-10-28T14:31:38+00:00","dateModified":"2024-12-05T14:05:55+00:00","description":"Bij Eliassen koopt u Beeld brons Spagaat online of live te bekijken in de showroom. Wij hebben de mooiste bronzen beelden, moderne bronzen beelden","breadcrumb":{"@id":"https:\/\/dev.eliassen.nl\/de\/bronze-statue-gymnast\/#breadcrumb"},"inLanguage":"de","potentialAction":[{"@type":"ReadAction","target":["https:\/\/dev.eliassen.nl\/de\/bronze-statue-gymnast\/"]}]},{"@type":"ImageObject","inLanguage":"de","@id":"https:\/\/dev.eliassen.nl\/de\/bronze-statue-gymnast\/#primaryimage","url":"https:\/\/dev.eliassen.nl\/wp-content\/uploads\/2024\/01\/kf94001.jpg","contentUrl":"https:\/\/dev.eliassen.nl\/wp-content\/uploads\/2024\/01\/kf94001.jpg","width":834,"height":1024,"caption":"kf-94-001"},{"@type":"BreadcrumbList","@id":"https:\/\/dev.eliassen.nl\/de\/bronze-statue-gymnast\/#breadcrumb","itemListElement":[{"@type":"ListItem","position":1,"name":"Home","item":"https:\/\/dev.eliassen.nl\/de\/"},{"@type":"ListItem","position":2,"name":"Shop","item":"https:\/\/dev.eliassen.nl\/nl\/winkel\/"},{"@type":"ListItem","position":3,"name":"Bronzestatuen","item":"https:\/\/dev.eliassen.nl\/de\/bilder\/bronzestatuen\/"},{"@type":"ListItem","position":4,"name":"Moderne Bronzestatuen","item":"https:\/\/dev.eliassen.nl\/de\/bilder\/bronzestatuen\/moderne-bronzestatuen\/"},{"@type":"ListItem","position":5,"name":"Bronze-Statue Gymnast"}]},{"@type":"WebSite","@id":"https:\/\/dev.eliassen.nl\/de\/#website","url":"https:\/\/dev.eliassen.nl\/de\/","name":"Eliassen Home & Garden Pleasure","description":"","publisher":{"@id":"https:\/\/dev.eliassen.nl\/de\/#organization"},"alternateName":"Eliassen.nl","potentialAction":[{"@type":"SearchAction","target":{"@type":"EntryPoint","urlTemplate":"https:\/\/dev.eliassen.nl\/de\/?s={search_term_string}"},"query-input":{"@type":"PropertyValueSpecification","valueRequired":true,"valueName":"search_term_string"}}],"inLanguage":"de"},{"@type":"Organization","@id":"https:\/\/dev.eliassen.nl\/de\/#organization","name":"Eliassen Home & Garden Pleasure","url":"https:\/\/dev.eliassen.nl\/de\/","logo":{"@type":"ImageObject","inLanguage":"de","@id":"https:\/\/dev.eliassen.nl\/de\/#\/schema\/logo\/image\/","url":"https:\/\/www.eliassen.nl\/wp-content\/uploads\/2024\/01\/logo_4nd.jpg","contentUrl":"https:\/\/www.eliassen.nl\/wp-content\/uploads\/2024\/01\/logo_4nd.jpg","width":500,"height":500,"caption":"Eliassen Home & Garden Pleasure"},"image":{"@id":"https:\/\/dev.eliassen.nl\/de\/#\/schema\/logo\/image\/"},"sameAs":["https:\/\/www.facebook.com\/TuincentrumEliassenAmmerzoden","https:\/\/www.instagram.com\/eliassenhomeandgarden\/","https:\/\/nl.pinterest.com\/eliassenhomeandgarden\/","https:\/\/www.youtube.com\/@eliassenhomegardenpleasure4558"]}]}},"df_price":308,"df_sale_price":"","df_regular_price":308,"df_image_link":"https:\/\/dev.eliassen.nl\/wp-content\/uploads\/2024\/01\/kf94001.jpg","image":"https:\/\/dev.eliassen.nl\/wp-content\/uploads\/2024\/01\/kf94001.jpg","price_search":"<span class=\"woocommerce-Price-amount amount\"><bdi><span class=\"woocommerce-Price-currencySymbol\">&euro;<\/span>&nbsp;308,00<\/bdi><\/span>","category":"Bronzestatuen","_links":{"self":[{"href":"https:\/\/dev.eliassen.nl\/de\/wp-json\/wp\/v2\/product\/3202","targetHints":{"allow":["GET"]}}],"collection":[{"href":"https:\/\/dev.eliassen.nl\/de\/wp-json\/wp\/v2\/product"}],"about":[{"href":"https:\/\/dev.eliassen.nl\/de\/wp-json\/wp\/v2\/types\/product"}],"wp:featuredmedia":[{"embeddable":true,"href":"https:\/\/dev.eliassen.nl\/de\/wp-json\/wp\/v2\/media\/3190"}],"wp:attachment":[{"href":"https:\/\/dev.eliassen.nl\/de\/wp-json\/wp\/v2\/media?parent=3202"}],"wp:term":[{"taxonomy":"product_brand","embeddable":true,"href":"https:\/\/dev.eliassen.nl\/de\/wp-json\/wp\/v2\/product_brand?post=3202"},{"taxonomy":"product_cat","embeddable":true,"href":"https:\/\/dev.eliassen.nl\/de\/wp-json\/wp\/v2\/product_cat?post=3202"},{"taxonomy":"product_tag","embeddable":true,"href":"https:\/\/dev.eliassen.nl\/de\/wp-json\/wp\/v2\/product_tag?post=3202"}],"curies":[{"name":"wp","href":"https:\/\/api.w.org\/{rel}","templated":true}]}}