{"id":32275,"date":"2021-03-29T21:24:36","date_gmt":"2021-03-29T19:24:36","guid":{"rendered":"https:\/\/www.eliassen.nl\/?product=plantenbak-cortenstaal-rond-cado-met-poten-100x80"},"modified":"2024-01-10T15:47:17","modified_gmt":"2024-01-10T15:47:17","slug":"pflanzgefass-cortenstahl-rund-cado-mit-beinen-100x80cm","status":"publish","type":"product","link":"https:\/\/dev.eliassen.nl\/de\/pflanzgefass-cortenstahl-rund-cado-mit-beinen-100x80cm\/","title":{"rendered":"Pflanzgef\u00e4\u00df Cortenstahl Rund Cado mit Beinen 100x80cm"},"content":{"rendered":"<p><a href=\"https:\/\/cdn.adezz.com\/production\/ERP_handleidingen\/Productmodellen\/258\/48\/ADEZZ%20Plantenbakken%20Corten_NL.pdf\">Handbuch<\/a> <strong>| <a href=\"https:\/\/cdn.adezz.com\/production\/ERP_handleidingen\/Producten\/3760\/1431\/CCP5.1-1000x800%20Sheet_1.PDF\" target=\"_blank\" rel=\"noopener\">Skizzieren<\/a><\/strong><\/p>\n<p><strong><a href=\"https:\/\/www.youtube.com\/watch?v=zdflGbngZCM\" target=\"_blank\" rel=\"noopener\"><img decoding=\"async\" src=\"https:\/\/www.eliassen.nl\/wp-content\/uploads\/content\/youtube-play.png\" alt=\"\" width=\"27\" height=\"27\" \/><\/a><\/strong> <strong><a href=\"https:\/\/www.youtube.com\/watch?v=zdflGbngZCM\" target=\"_blank\" rel=\"noopener\">Seien Sie<\/a><\/strong> <strong><a href=\"https:\/\/www.youtube.com\/watch?v=zdflGbngZCM\" target=\"_blank\" rel=\"noopener\">Video ansehen<\/a><\/strong><\/p>\n<p>Traditionell gefertigte Pflanzgef\u00e4\u00dfe aus Cortenstahl mit Beinen von Adezz sind aus unverw\u00fcstlichem Material mit einem warmen nat\u00fcrlichen Look. Cortenstahl ist eine starke und witterungsbest\u00e4ndige Stahlsorte, die die Eigenschaft hat, sich nach 8-12 Monaten an der Au\u00dfenluft mit einer sch\u00fctzenden Rostschicht zu \u00fcberziehen. Wenn Sie Ihr Cortenstahlprodukt einige Male mit Salzwasser bespr\u00fchen, beschleunigt dies den Rostprozess erheblich. Diese nat\u00fcrlich feste Rostschicht bildet den Schutz gegen weitere Korrosion.<\/p>\n<p>Der obere Rand ist doppelt gedrechselt und 4 cm breit, was diesem Beh\u00e4lter ein sch\u00f6nes zeitloses und robustes Aussehen verleiht. Gr\u00f6\u00dfere Beh\u00e4lter sind innen mit Cortenstahltr\u00e4gern versehen, damit die Oberfl\u00e4chen nicht ausbeulen.<\/p>\n<p>Die Standardmaterialst\u00e4rke betr\u00e4gt 2 mm. Ein sehr starkes vandalensicheres Pflanzgef\u00e4\u00df mit einer Lebensdauer von Jahrzehnten.<\/p>\n<p>Diese Pflanzgef\u00e4\u00dfe k\u00f6nnen auch in einer <strong>Sondergr\u00f6\u00dfe<\/strong> f\u00fcr Sie angefertigt werden!<\/p>\n<p>Mail an: <a href=\"mailto:info@eliassen.nl\">info@eliassen.nl<\/a><\/p>\n<p><strong>Diese werden innerhalb der Niederlande versandkostenfrei versendet. W\u00e4hlen Sie oben Ihre Gr\u00f6\u00dfe.<\/strong> Schauen Sie in unserem Shop vorbei, wir haben ein oder mehrere Showmodelle dieser Serie.<\/p>\n<ul>\n<li>2mm Cortenstahl<\/li>\n<li>Ausgestattet mit 15 mm hohen Beinen f\u00fcr eine gute Entw\u00e4sserung<\/li>\n<li>Bei Cortenstahl kein Tongranulat verwenden!<\/li>\n<li>5 Jahre Garantie<\/li>\n<li>Kostenloser Versand innerhalb der Niederlande.<\/li>\n<\/ul>\n<p><strong>Beachtung!<br \/><\/strong> Wenn Sie ein niederl\u00e4ndischer Kunde sind, w\u00e4hlen Sie in Ihrem Warenkorb &#8220;Abholung im Gesch\u00e4ft&#8221;, dann werden keine Versandkosten berechnet und wir senden Ihre Bestellung so schnell wie m\u00f6glich.<\/p>\n","protected":false},"excerpt":{"rendered":"<p>Rufen Sie uns an oder mailen Sie uns f\u00fcr den besten Preis!<\/p>\n","protected":false},"featured_media":32239,"template":"","meta":{"_acf_changed":false},"product_brand":[6920],"product_cat":[977,1139,773,722,935,857],"product_tag":[],"class_list":{"0":"post-32275","1":"product","2":"type-product","3":"status-publish","4":"has-post-thumbnail","6":"product_brand-adezz-de","7":"product_cat-adezz-pflanzgefaesse-aus-cortenstahl","8":"product_cat-adezz-pflanzgefaesse-aus-cortenstahl-mit-beinen","9":"product_cat-adezz-produkte","10":"product_cat-blumentoepfe-und-pflanzgefaesse","11":"product_cat-mit-beinen","12":"product_cat-pflanzgefaesse-aus-cortenstahl","14":"first","15":"onbackorder","16":"taxable","17":"shipping-taxable","18":"purchasable","19":"product-type-simple"},"acf":[],"yoast_head":"<!-- This site is optimized with the Yoast SEO plugin v23.8 - https:\/\/yoast.com\/wordpress\/plugins\/seo\/ -->\n<title>Pflanzer Corten Steel Round Cado mit Beinen 100x80<\/title>\n<meta name=\"description\" content=\"Plantenbak met poten van cortenstaal voor buiten in de tuin. De bruine plantenbak hebben wij in verschillende maten. \u221a 5 jaar garantie \u221a Gratis verzending in NL\" \/>\n<meta name=\"robots\" content=\"noindex, follow, max-snippet:-1, max-image-preview:large, max-video-preview:-1\" \/>\n<meta property=\"og:locale\" content=\"de_DE\" \/>\n<meta property=\"og:type\" content=\"article\" \/>\n<meta property=\"og:title\" content=\"Pflanzer Corten Steel Round Cado mit Beinen 100x80\" \/>\n<meta property=\"og:description\" content=\"Plantenbak met poten van cortenstaal voor buiten in de tuin. De bruine plantenbak hebben wij in verschillende maten. \u221a 5 jaar garantie \u221a Gratis verzending in NL\" \/>\n<meta property=\"og:url\" content=\"https:\/\/dev.eliassen.nl\/de\/pflanzgefass-cortenstahl-rund-cado-mit-beinen-100x80cm\/\" \/>\n<meta property=\"og:site_name\" content=\"Eliassen.nl\" \/>\n<meta property=\"article:publisher\" content=\"https:\/\/www.facebook.com\/TuincentrumEliassenAmmerzoden\" \/>\n<meta property=\"article:modified_time\" content=\"2024-01-10T15:47:17+00:00\" \/>\n<meta property=\"og:image\" content=\"https:\/\/dev.eliassen.nl\/wp-content\/uploads\/2024\/01\/plantenbakcortenstaalrondcadometpoten100x80c.jpg\" \/>\n\t<meta property=\"og:image:width\" content=\"699\" \/>\n\t<meta property=\"og:image:height\" content=\"699\" \/>\n\t<meta property=\"og:image:type\" content=\"image\/jpeg\" \/>\n<meta name=\"twitter:card\" content=\"summary_large_image\" \/>\n<script type=\"application\/ld+json\" class=\"yoast-schema-graph\">{\"@context\":\"https:\/\/schema.org\",\"@graph\":[{\"@type\":\"WebPage\",\"@id\":\"https:\/\/dev.eliassen.nl\/de\/pflanzgefass-cortenstahl-rund-cado-mit-beinen-100x80cm\/\",\"url\":\"https:\/\/dev.eliassen.nl\/de\/pflanzgefass-cortenstahl-rund-cado-mit-beinen-100x80cm\/\",\"name\":\"Pflanzer Corten Steel Round Cado mit Beinen 100x80\",\"isPartOf\":{\"@id\":\"https:\/\/dev.eliassen.nl\/de\/#website\"},\"primaryImageOfPage\":{\"@id\":\"https:\/\/dev.eliassen.nl\/de\/pflanzgefass-cortenstahl-rund-cado-mit-beinen-100x80cm\/#primaryimage\"},\"image\":{\"@id\":\"https:\/\/dev.eliassen.nl\/de\/pflanzgefass-cortenstahl-rund-cado-mit-beinen-100x80cm\/#primaryimage\"},\"thumbnailUrl\":\"https:\/\/dev.eliassen.nl\/wp-content\/uploads\/2024\/01\/plantenbakcortenstaalrondcadometpoten100x80c.jpg\",\"datePublished\":\"2021-03-29T19:24:36+00:00\",\"dateModified\":\"2024-01-10T15:47:17+00:00\",\"description\":\"Plantenbak met poten van cortenstaal voor buiten in de tuin. De bruine plantenbak hebben wij in verschillende maten. \u221a 5 jaar garantie \u221a Gratis verzending in NL\",\"breadcrumb\":{\"@id\":\"https:\/\/dev.eliassen.nl\/de\/pflanzgefass-cortenstahl-rund-cado-mit-beinen-100x80cm\/#breadcrumb\"},\"inLanguage\":\"de\",\"potentialAction\":[{\"@type\":\"ReadAction\",\"target\":[\"https:\/\/dev.eliassen.nl\/de\/pflanzgefass-cortenstahl-rund-cado-mit-beinen-100x80cm\/\"]}]},{\"@type\":\"ImageObject\",\"inLanguage\":\"de\",\"@id\":\"https:\/\/dev.eliassen.nl\/de\/pflanzgefass-cortenstahl-rund-cado-mit-beinen-100x80cm\/#primaryimage\",\"url\":\"https:\/\/dev.eliassen.nl\/wp-content\/uploads\/2024\/01\/plantenbakcortenstaalrondcadometpoten100x80c.jpg\",\"contentUrl\":\"https:\/\/dev.eliassen.nl\/wp-content\/uploads\/2024\/01\/plantenbakcortenstaalrondcadometpoten100x80c.jpg\",\"width\":699,\"height\":699,\"caption\":\"Plantenbak Cortenstaal Rond Cado met poten 100x80cm\"},{\"@type\":\"BreadcrumbList\",\"@id\":\"https:\/\/dev.eliassen.nl\/de\/pflanzgefass-cortenstahl-rund-cado-mit-beinen-100x80cm\/#breadcrumb\",\"itemListElement\":[{\"@type\":\"ListItem\",\"position\":1,\"name\":\"Home\",\"item\":\"https:\/\/dev.eliassen.nl\/de\/\"},{\"@type\":\"ListItem\",\"position\":2,\"name\":\"Shop\",\"item\":\"https:\/\/dev.eliassen.nl\/nl\/winkel\/\"},{\"@type\":\"ListItem\",\"position\":3,\"name\":\"Adezz-Produkte\",\"item\":\"https:\/\/dev.eliassen.nl\/de\/adezz-produkte\/\"},{\"@type\":\"ListItem\",\"position\":4,\"name\":\"ADEZZ Pflanzgef\u00e4\u00dfe aus Cortenstahl\",\"item\":\"https:\/\/dev.eliassen.nl\/de\/adezz-produkte\/adezz-pflanzgefaesse-aus-cortenstahl\/\"},{\"@type\":\"ListItem\",\"position\":5,\"name\":\"ADEZZ Pflanzgef\u00e4\u00dfe aus Cortenstahl mit Beinen\",\"item\":\"https:\/\/dev.eliassen.nl\/de\/adezz-produkte\/adezz-pflanzgefaesse-aus-cortenstahl\/adezz-pflanzgefaesse-aus-cortenstahl-mit-beinen\/\"},{\"@type\":\"ListItem\",\"position\":6,\"name\":\"Pflanzgef\u00e4\u00df Cortenstahl Rund Cado mit Beinen 100x80cm\"}]},{\"@type\":\"WebSite\",\"@id\":\"https:\/\/dev.eliassen.nl\/de\/#website\",\"url\":\"https:\/\/dev.eliassen.nl\/de\/\",\"name\":\"Eliassen Home & Garden Pleasure\",\"description\":\"\",\"publisher\":{\"@id\":\"https:\/\/dev.eliassen.nl\/de\/#organization\"},\"alternateName\":\"Eliassen.nl\",\"potentialAction\":[{\"@type\":\"SearchAction\",\"target\":{\"@type\":\"EntryPoint\",\"urlTemplate\":\"https:\/\/dev.eliassen.nl\/de\/?s={search_term_string}\"},\"query-input\":{\"@type\":\"PropertyValueSpecification\",\"valueRequired\":true,\"valueName\":\"search_term_string\"}}],\"inLanguage\":\"de\"},{\"@type\":\"Organization\",\"@id\":\"https:\/\/dev.eliassen.nl\/de\/#organization\",\"name\":\"Eliassen Home & Garden Pleasure\",\"url\":\"https:\/\/dev.eliassen.nl\/de\/\",\"logo\":{\"@type\":\"ImageObject\",\"inLanguage\":\"de\",\"@id\":\"https:\/\/dev.eliassen.nl\/de\/#\/schema\/logo\/image\/\",\"url\":\"https:\/\/www.eliassen.nl\/wp-content\/uploads\/2024\/01\/logo_4nd.jpg\",\"contentUrl\":\"https:\/\/www.eliassen.nl\/wp-content\/uploads\/2024\/01\/logo_4nd.jpg\",\"width\":500,\"height\":500,\"caption\":\"Eliassen Home & Garden Pleasure\"},\"image\":{\"@id\":\"https:\/\/dev.eliassen.nl\/de\/#\/schema\/logo\/image\/\"},\"sameAs\":[\"https:\/\/www.facebook.com\/TuincentrumEliassenAmmerzoden\",\"https:\/\/www.instagram.com\/eliassenhomeandgarden\/\",\"https:\/\/nl.pinterest.com\/eliassenhomeandgarden\/\",\"https:\/\/www.youtube.com\/@eliassenhomegardenpleasure4558\"]}]}<\/script>\n<!-- \/ Yoast SEO plugin. -->","yoast_head_json":{"title":"Pflanzer Corten Steel Round Cado mit Beinen 100x80","description":"Plantenbak met poten van cortenstaal voor buiten in de tuin. De bruine plantenbak hebben wij in verschillende maten. \u221a 5 jaar garantie \u221a Gratis verzending in NL","robots":{"index":"noindex","follow":"follow","max-snippet":"max-snippet:-1","max-image-preview":"max-image-preview:large","max-video-preview":"max-video-preview:-1"},"og_locale":"de_DE","og_type":"article","og_title":"Pflanzer Corten Steel Round Cado mit Beinen 100x80","og_description":"Plantenbak met poten van cortenstaal voor buiten in de tuin. De bruine plantenbak hebben wij in verschillende maten. \u221a 5 jaar garantie \u221a Gratis verzending in NL","og_url":"https:\/\/dev.eliassen.nl\/de\/pflanzgefass-cortenstahl-rund-cado-mit-beinen-100x80cm\/","og_site_name":"Eliassen.nl","article_publisher":"https:\/\/www.facebook.com\/TuincentrumEliassenAmmerzoden","article_modified_time":"2024-01-10T15:47:17+00:00","og_image":[{"width":699,"height":699,"url":"https:\/\/dev.eliassen.nl\/wp-content\/uploads\/2024\/01\/plantenbakcortenstaalrondcadometpoten100x80c.jpg","type":"image\/jpeg"}],"twitter_card":"summary_large_image","schema":{"@context":"https:\/\/schema.org","@graph":[{"@type":"WebPage","@id":"https:\/\/dev.eliassen.nl\/de\/pflanzgefass-cortenstahl-rund-cado-mit-beinen-100x80cm\/","url":"https:\/\/dev.eliassen.nl\/de\/pflanzgefass-cortenstahl-rund-cado-mit-beinen-100x80cm\/","name":"Pflanzer Corten Steel Round Cado mit Beinen 100x80","isPartOf":{"@id":"https:\/\/dev.eliassen.nl\/de\/#website"},"primaryImageOfPage":{"@id":"https:\/\/dev.eliassen.nl\/de\/pflanzgefass-cortenstahl-rund-cado-mit-beinen-100x80cm\/#primaryimage"},"image":{"@id":"https:\/\/dev.eliassen.nl\/de\/pflanzgefass-cortenstahl-rund-cado-mit-beinen-100x80cm\/#primaryimage"},"thumbnailUrl":"https:\/\/dev.eliassen.nl\/wp-content\/uploads\/2024\/01\/plantenbakcortenstaalrondcadometpoten100x80c.jpg","datePublished":"2021-03-29T19:24:36+00:00","dateModified":"2024-01-10T15:47:17+00:00","description":"Plantenbak met poten van cortenstaal voor buiten in de tuin. De bruine plantenbak hebben wij in verschillende maten. \u221a 5 jaar garantie \u221a Gratis verzending in NL","breadcrumb":{"@id":"https:\/\/dev.eliassen.nl\/de\/pflanzgefass-cortenstahl-rund-cado-mit-beinen-100x80cm\/#breadcrumb"},"inLanguage":"de","potentialAction":[{"@type":"ReadAction","target":["https:\/\/dev.eliassen.nl\/de\/pflanzgefass-cortenstahl-rund-cado-mit-beinen-100x80cm\/"]}]},{"@type":"ImageObject","inLanguage":"de","@id":"https:\/\/dev.eliassen.nl\/de\/pflanzgefass-cortenstahl-rund-cado-mit-beinen-100x80cm\/#primaryimage","url":"https:\/\/dev.eliassen.nl\/wp-content\/uploads\/2024\/01\/plantenbakcortenstaalrondcadometpoten100x80c.jpg","contentUrl":"https:\/\/dev.eliassen.nl\/wp-content\/uploads\/2024\/01\/plantenbakcortenstaalrondcadometpoten100x80c.jpg","width":699,"height":699,"caption":"Plantenbak Cortenstaal Rond Cado met poten 100x80cm"},{"@type":"BreadcrumbList","@id":"https:\/\/dev.eliassen.nl\/de\/pflanzgefass-cortenstahl-rund-cado-mit-beinen-100x80cm\/#breadcrumb","itemListElement":[{"@type":"ListItem","position":1,"name":"Home","item":"https:\/\/dev.eliassen.nl\/de\/"},{"@type":"ListItem","position":2,"name":"Shop","item":"https:\/\/dev.eliassen.nl\/nl\/winkel\/"},{"@type":"ListItem","position":3,"name":"Adezz-Produkte","item":"https:\/\/dev.eliassen.nl\/de\/adezz-produkte\/"},{"@type":"ListItem","position":4,"name":"ADEZZ Pflanzgef\u00e4\u00dfe aus Cortenstahl","item":"https:\/\/dev.eliassen.nl\/de\/adezz-produkte\/adezz-pflanzgefaesse-aus-cortenstahl\/"},{"@type":"ListItem","position":5,"name":"ADEZZ Pflanzgef\u00e4\u00dfe aus Cortenstahl mit Beinen","item":"https:\/\/dev.eliassen.nl\/de\/adezz-produkte\/adezz-pflanzgefaesse-aus-cortenstahl\/adezz-pflanzgefaesse-aus-cortenstahl-mit-beinen\/"},{"@type":"ListItem","position":6,"name":"Pflanzgef\u00e4\u00df Cortenstahl Rund Cado mit Beinen 100x80cm"}]},{"@type":"WebSite","@id":"https:\/\/dev.eliassen.nl\/de\/#website","url":"https:\/\/dev.eliassen.nl\/de\/","name":"Eliassen Home & Garden Pleasure","description":"","publisher":{"@id":"https:\/\/dev.eliassen.nl\/de\/#organization"},"alternateName":"Eliassen.nl","potentialAction":[{"@type":"SearchAction","target":{"@type":"EntryPoint","urlTemplate":"https:\/\/dev.eliassen.nl\/de\/?s={search_term_string}"},"query-input":{"@type":"PropertyValueSpecification","valueRequired":true,"valueName":"search_term_string"}}],"inLanguage":"de"},{"@type":"Organization","@id":"https:\/\/dev.eliassen.nl\/de\/#organization","name":"Eliassen Home & Garden Pleasure","url":"https:\/\/dev.eliassen.nl\/de\/","logo":{"@type":"ImageObject","inLanguage":"de","@id":"https:\/\/dev.eliassen.nl\/de\/#\/schema\/logo\/image\/","url":"https:\/\/www.eliassen.nl\/wp-content\/uploads\/2024\/01\/logo_4nd.jpg","contentUrl":"https:\/\/www.eliassen.nl\/wp-content\/uploads\/2024\/01\/logo_4nd.jpg","width":500,"height":500,"caption":"Eliassen Home & Garden Pleasure"},"image":{"@id":"https:\/\/dev.eliassen.nl\/de\/#\/schema\/logo\/image\/"},"sameAs":["https:\/\/www.facebook.com\/TuincentrumEliassenAmmerzoden","https:\/\/www.instagram.com\/eliassenhomeandgarden\/","https:\/\/nl.pinterest.com\/eliassenhomeandgarden\/","https:\/\/www.youtube.com\/@eliassenhomegardenpleasure4558"]}]}},"df_price":1252,"df_sale_price":"","df_regular_price":1252,"df_image_link":"https:\/\/dev.eliassen.nl\/wp-content\/uploads\/2024\/01\/plantenbakcortenstaalrondcadometpoten100x80c.jpg","image":"https:\/\/dev.eliassen.nl\/wp-content\/uploads\/2024\/01\/plantenbakcortenstaalrondcadometpoten100x80c.jpg","price_search":"<span class=\"woocommerce-Price-amount amount\"><bdi><span class=\"woocommerce-Price-currencySymbol\">&euro;<\/span>&nbsp;1.252,00<\/bdi><\/span>","category":"ADEZZ Pflanzgef\u00e4\u00dfe aus Cortenstahl","_links":{"self":[{"href":"https:\/\/dev.eliassen.nl\/de\/wp-json\/wp\/v2\/product\/32275","targetHints":{"allow":["GET"]}}],"collection":[{"href":"https:\/\/dev.eliassen.nl\/de\/wp-json\/wp\/v2\/product"}],"about":[{"href":"https:\/\/dev.eliassen.nl\/de\/wp-json\/wp\/v2\/types\/product"}],"wp:featuredmedia":[{"embeddable":true,"href":"https:\/\/dev.eliassen.nl\/de\/wp-json\/wp\/v2\/media\/32239"}],"wp:attachment":[{"href":"https:\/\/dev.eliassen.nl\/de\/wp-json\/wp\/v2\/media?parent=32275"}],"wp:term":[{"taxonomy":"product_brand","embeddable":true,"href":"https:\/\/dev.eliassen.nl\/de\/wp-json\/wp\/v2\/product_brand?post=32275"},{"taxonomy":"product_cat","embeddable":true,"href":"https:\/\/dev.eliassen.nl\/de\/wp-json\/wp\/v2\/product_cat?post=32275"},{"taxonomy":"product_tag","embeddable":true,"href":"https:\/\/dev.eliassen.nl\/de\/wp-json\/wp\/v2\/product_tag?post=32275"}],"curies":[{"name":"wp","href":"https:\/\/api.w.org\/{rel}","templated":true}]}}