{"id":3319,"date":"2019-10-28T15:31:56","date_gmt":"2019-10-28T14:31:56","guid":{"rendered":"https:\/\/www.eliassen.nl\/?product=bemalen-von-dibond-edelstahl-federn-74x74-82512559"},"modified":"2024-12-05T15:06:06","modified_gmt":"2024-12-05T14:06:06","slug":"malerei-dibond-edelstahl-seeanemone-74x74cm","status":"publish","type":"product","link":"https:\/\/dev.eliassen.nl\/de\/malerei-dibond-edelstahl-seeanemone-74x74cm\/","title":{"rendered":"Malerei Dibond Edelstahl Seeanemone 74x74cm"},"content":{"rendered":"<p>Dieses Wandkraft-Fotogem\u00e4lde, superscharf und klar gedruckt auf einer geschliffenen, blanken Dibondplatte mit einer St\u00e4rke von 3 mm, ist definitiv etwas f\u00fcr Sie, wenn Sie einen matten, metallischen Look und ein superscharfes Fotogem\u00e4lde in einer modernen Atmosph\u00e4re w\u00fcnschen. Dieses Gem\u00e4lde, das einen Seestern darstellt, wird eine sch\u00f6ne Wanddekoration in jedem modernen Interieur sein. <strong>Wir haben auch fast die gesamte Kollektion dieser Serie im Gesch\u00e4ft, was in den Niederlanden einzigartig ist. Nirgendwo sonst finden Sie eine so gro\u00dfe Sammlung. Gern geschehen.<\/strong><\/p>\n<ul>\n<li>Gr\u00f6\u00dfe 74&#215;74 cm<\/li>\n<li>Leicht<\/li>\n<li>Material: Aluminium-Dibond-Platte, geschliffen, 3 mm.<\/li>\n<li>Einfaches Aufh\u00e4ngen mit 2 Schrauben und Kunststoffhaken<\/li>\n<li>Schnell geliefert<\/li>\n<li>1 Jahr Garantie<\/li>\n<\/ul>\n","protected":false},"excerpt":{"rendered":"<p>Dieses Wandkraft-Fotogem\u00e4lde, superscharf und klar gedruckt auf einer geschliffenen, blanken Dibondplatte mit einer St\u00e4rke von 3 mm, ist definitiv etwas f\u00fcr Sie, wenn Sie einen matten, metallischen Look und ein superscharfes Fotogem\u00e4lde in einer modernen Atmosph\u00e4re w\u00fcnschen. Dieses Gem\u00e4lde, das einen Seestern darstellt, wird eine sch\u00f6ne Wanddekoration in jedem modernen Interieur sein. Wir haben auch &hellip;<\/p>\n","protected":false},"featured_media":3301,"template":"","meta":{"_acf_changed":false},"product_brand":[6926],"product_cat":[479,410,413,482],"product_tag":[],"class_list":{"0":"post-3319","1":"product","2":"type-product","3":"status-publish","4":"has-post-thumbnail","6":"product_brand-wandkraft-de","7":"product_cat-dibond-gemaelde-aus-aluminium","8":"product_cat-gemaelde","9":"product_cat-gemaelde-outlet","10":"product_cat-wandkraft-gemaelde","12":"first","13":"instock","14":"sale","15":"taxable","16":"shipping-taxable","17":"purchasable","18":"product-type-simple"},"acf":[],"yoast_head":"<!-- This site is optimized with the Yoast SEO plugin v23.8 - https:\/\/yoast.com\/wordpress\/plugins\/seo\/ -->\n<title>Gem\u00e4lde Dibond Edelstahl Seeanemone 74x74cm | Eliassen<\/title>\n<meta name=\"description\" content=\"Bei Eliassen k\u00f6nnen Sie das Gem\u00e4lde Seeanemone aus Dibond-Edelstahl im Format 74 x 74 cm online kaufen oder es live im Ausstellungsraum betrachten. Bestellen...\" \/>\n<meta name=\"robots\" content=\"noindex, follow, max-snippet:-1, max-image-preview:large, max-video-preview:-1\" \/>\n<meta property=\"og:locale\" content=\"de_DE\" \/>\n<meta property=\"og:type\" content=\"article\" \/>\n<meta property=\"og:title\" content=\"Gem\u00e4lde Dibond Edelstahl Seeanemone 74x74cm | Eliassen\" \/>\n<meta property=\"og:description\" content=\"Bei Eliassen k\u00f6nnen Sie das Gem\u00e4lde Seeanemone aus Dibond-Edelstahl im Format 74 x 74 cm online kaufen oder es live im Ausstellungsraum betrachten. Bestellen...\" \/>\n<meta property=\"og:url\" content=\"https:\/\/dev.eliassen.nl\/de\/malerei-dibond-edelstahl-seeanemone-74x74cm\/\" \/>\n<meta property=\"og:site_name\" content=\"Eliassen.nl\" \/>\n<meta property=\"article:publisher\" content=\"https:\/\/www.facebook.com\/TuincentrumEliassenAmmerzoden\" \/>\n<meta property=\"article:modified_time\" content=\"2024-12-05T14:06:06+00:00\" \/>\n<meta property=\"og:image\" content=\"https:\/\/dev.eliassen.nl\/wp-content\/uploads\/2024\/01\/urbwonderfullife01818874x74rvsmko.jpg\" \/>\n\t<meta property=\"og:image:width\" content=\"1024\" \/>\n\t<meta property=\"og:image:height\" content=\"1015\" \/>\n\t<meta property=\"og:image:type\" content=\"image\/jpeg\" \/>\n<meta name=\"twitter:card\" content=\"summary_large_image\" \/>\n<script type=\"application\/ld+json\" class=\"yoast-schema-graph\">{\"@context\":\"https:\/\/schema.org\",\"@graph\":[{\"@type\":\"WebPage\",\"@id\":\"https:\/\/dev.eliassen.nl\/de\/malerei-dibond-edelstahl-seeanemone-74x74cm\/\",\"url\":\"https:\/\/dev.eliassen.nl\/de\/malerei-dibond-edelstahl-seeanemone-74x74cm\/\",\"name\":\"Gem\u00e4lde Dibond Edelstahl Seeanemone 74x74cm | Eliassen\",\"isPartOf\":{\"@id\":\"https:\/\/dev.eliassen.nl\/de\/#website\"},\"primaryImageOfPage\":{\"@id\":\"https:\/\/dev.eliassen.nl\/de\/malerei-dibond-edelstahl-seeanemone-74x74cm\/#primaryimage\"},\"image\":{\"@id\":\"https:\/\/dev.eliassen.nl\/de\/malerei-dibond-edelstahl-seeanemone-74x74cm\/#primaryimage\"},\"thumbnailUrl\":\"https:\/\/dev.eliassen.nl\/wp-content\/uploads\/2024\/01\/urbwonderfullife01818874x74rvsmko.jpg\",\"datePublished\":\"2019-10-28T14:31:56+00:00\",\"dateModified\":\"2024-12-05T14:06:06+00:00\",\"description\":\"Bei Eliassen k\u00f6nnen Sie das Gem\u00e4lde Seeanemone aus Dibond-Edelstahl im Format 74 x 74 cm online kaufen oder es live im Ausstellungsraum betrachten. Bestellen...\",\"breadcrumb\":{\"@id\":\"https:\/\/dev.eliassen.nl\/de\/malerei-dibond-edelstahl-seeanemone-74x74cm\/#breadcrumb\"},\"inLanguage\":\"de\",\"potentialAction\":[{\"@type\":\"ReadAction\",\"target\":[\"https:\/\/dev.eliassen.nl\/de\/malerei-dibond-edelstahl-seeanemone-74x74cm\/\"]}]},{\"@type\":\"ImageObject\",\"inLanguage\":\"de\",\"@id\":\"https:\/\/dev.eliassen.nl\/de\/malerei-dibond-edelstahl-seeanemone-74x74cm\/#primaryimage\",\"url\":\"https:\/\/dev.eliassen.nl\/wp-content\/uploads\/2024\/01\/urbwonderfullife01818874x74rvsmko.jpg\",\"contentUrl\":\"https:\/\/dev.eliassen.nl\/wp-content\/uploads\/2024\/01\/urbwonderfullife01818874x74rvsmko.jpg\",\"width\":1024,\"height\":1015,\"caption\":\"urb-wonderful-life-018-188-74x74-rvs-mko\"},{\"@type\":\"BreadcrumbList\",\"@id\":\"https:\/\/dev.eliassen.nl\/de\/malerei-dibond-edelstahl-seeanemone-74x74cm\/#breadcrumb\",\"itemListElement\":[{\"@type\":\"ListItem\",\"position\":1,\"name\":\"Home\",\"item\":\"https:\/\/dev.eliassen.nl\/de\/\"},{\"@type\":\"ListItem\",\"position\":2,\"name\":\"Shop\",\"item\":\"https:\/\/dev.eliassen.nl\/nl\/winkel\/\"},{\"@type\":\"ListItem\",\"position\":3,\"name\":\"Gem\u00e4lde\",\"item\":\"https:\/\/dev.eliassen.nl\/de\/gemaelde\/\"},{\"@type\":\"ListItem\",\"position\":4,\"name\":\"Dibond-Gem\u00e4lde aus Aluminium\",\"item\":\"https:\/\/dev.eliassen.nl\/de\/gemaelde\/dibond-gemaelde-aus-aluminium\/\"},{\"@type\":\"ListItem\",\"position\":5,\"name\":\"Malerei Dibond Edelstahl Seeanemone 74x74cm\"}]},{\"@type\":\"WebSite\",\"@id\":\"https:\/\/dev.eliassen.nl\/de\/#website\",\"url\":\"https:\/\/dev.eliassen.nl\/de\/\",\"name\":\"Eliassen Home & Garden Pleasure\",\"description\":\"\",\"publisher\":{\"@id\":\"https:\/\/dev.eliassen.nl\/de\/#organization\"},\"alternateName\":\"Eliassen.nl\",\"potentialAction\":[{\"@type\":\"SearchAction\",\"target\":{\"@type\":\"EntryPoint\",\"urlTemplate\":\"https:\/\/dev.eliassen.nl\/de\/?s={search_term_string}\"},\"query-input\":{\"@type\":\"PropertyValueSpecification\",\"valueRequired\":true,\"valueName\":\"search_term_string\"}}],\"inLanguage\":\"de\"},{\"@type\":\"Organization\",\"@id\":\"https:\/\/dev.eliassen.nl\/de\/#organization\",\"name\":\"Eliassen Home & Garden Pleasure\",\"url\":\"https:\/\/dev.eliassen.nl\/de\/\",\"logo\":{\"@type\":\"ImageObject\",\"inLanguage\":\"de\",\"@id\":\"https:\/\/dev.eliassen.nl\/de\/#\/schema\/logo\/image\/\",\"url\":\"https:\/\/www.eliassen.nl\/wp-content\/uploads\/2024\/01\/logo_4nd.jpg\",\"contentUrl\":\"https:\/\/www.eliassen.nl\/wp-content\/uploads\/2024\/01\/logo_4nd.jpg\",\"width\":500,\"height\":500,\"caption\":\"Eliassen Home & Garden Pleasure\"},\"image\":{\"@id\":\"https:\/\/dev.eliassen.nl\/de\/#\/schema\/logo\/image\/\"},\"sameAs\":[\"https:\/\/www.facebook.com\/TuincentrumEliassenAmmerzoden\",\"https:\/\/www.instagram.com\/eliassenhomeandgarden\/\",\"https:\/\/nl.pinterest.com\/eliassenhomeandgarden\/\",\"https:\/\/www.youtube.com\/@eliassenhomegardenpleasure4558\"]}]}<\/script>\n<!-- \/ Yoast SEO plugin. -->","yoast_head_json":{"title":"Gem\u00e4lde Dibond Edelstahl Seeanemone 74x74cm | Eliassen","description":"Bei Eliassen k\u00f6nnen Sie das Gem\u00e4lde Seeanemone aus Dibond-Edelstahl im Format 74 x 74 cm online kaufen oder es live im Ausstellungsraum betrachten. Bestellen...","robots":{"index":"noindex","follow":"follow","max-snippet":"max-snippet:-1","max-image-preview":"max-image-preview:large","max-video-preview":"max-video-preview:-1"},"og_locale":"de_DE","og_type":"article","og_title":"Gem\u00e4lde Dibond Edelstahl Seeanemone 74x74cm | Eliassen","og_description":"Bei Eliassen k\u00f6nnen Sie das Gem\u00e4lde Seeanemone aus Dibond-Edelstahl im Format 74 x 74 cm online kaufen oder es live im Ausstellungsraum betrachten. Bestellen...","og_url":"https:\/\/dev.eliassen.nl\/de\/malerei-dibond-edelstahl-seeanemone-74x74cm\/","og_site_name":"Eliassen.nl","article_publisher":"https:\/\/www.facebook.com\/TuincentrumEliassenAmmerzoden","article_modified_time":"2024-12-05T14:06:06+00:00","og_image":[{"width":1024,"height":1015,"url":"https:\/\/dev.eliassen.nl\/wp-content\/uploads\/2024\/01\/urbwonderfullife01818874x74rvsmko.jpg","type":"image\/jpeg"}],"twitter_card":"summary_large_image","schema":{"@context":"https:\/\/schema.org","@graph":[{"@type":"WebPage","@id":"https:\/\/dev.eliassen.nl\/de\/malerei-dibond-edelstahl-seeanemone-74x74cm\/","url":"https:\/\/dev.eliassen.nl\/de\/malerei-dibond-edelstahl-seeanemone-74x74cm\/","name":"Gem\u00e4lde Dibond Edelstahl Seeanemone 74x74cm | Eliassen","isPartOf":{"@id":"https:\/\/dev.eliassen.nl\/de\/#website"},"primaryImageOfPage":{"@id":"https:\/\/dev.eliassen.nl\/de\/malerei-dibond-edelstahl-seeanemone-74x74cm\/#primaryimage"},"image":{"@id":"https:\/\/dev.eliassen.nl\/de\/malerei-dibond-edelstahl-seeanemone-74x74cm\/#primaryimage"},"thumbnailUrl":"https:\/\/dev.eliassen.nl\/wp-content\/uploads\/2024\/01\/urbwonderfullife01818874x74rvsmko.jpg","datePublished":"2019-10-28T14:31:56+00:00","dateModified":"2024-12-05T14:06:06+00:00","description":"Bei Eliassen k\u00f6nnen Sie das Gem\u00e4lde Seeanemone aus Dibond-Edelstahl im Format 74 x 74 cm online kaufen oder es live im Ausstellungsraum betrachten. Bestellen...","breadcrumb":{"@id":"https:\/\/dev.eliassen.nl\/de\/malerei-dibond-edelstahl-seeanemone-74x74cm\/#breadcrumb"},"inLanguage":"de","potentialAction":[{"@type":"ReadAction","target":["https:\/\/dev.eliassen.nl\/de\/malerei-dibond-edelstahl-seeanemone-74x74cm\/"]}]},{"@type":"ImageObject","inLanguage":"de","@id":"https:\/\/dev.eliassen.nl\/de\/malerei-dibond-edelstahl-seeanemone-74x74cm\/#primaryimage","url":"https:\/\/dev.eliassen.nl\/wp-content\/uploads\/2024\/01\/urbwonderfullife01818874x74rvsmko.jpg","contentUrl":"https:\/\/dev.eliassen.nl\/wp-content\/uploads\/2024\/01\/urbwonderfullife01818874x74rvsmko.jpg","width":1024,"height":1015,"caption":"urb-wonderful-life-018-188-74x74-rvs-mko"},{"@type":"BreadcrumbList","@id":"https:\/\/dev.eliassen.nl\/de\/malerei-dibond-edelstahl-seeanemone-74x74cm\/#breadcrumb","itemListElement":[{"@type":"ListItem","position":1,"name":"Home","item":"https:\/\/dev.eliassen.nl\/de\/"},{"@type":"ListItem","position":2,"name":"Shop","item":"https:\/\/dev.eliassen.nl\/nl\/winkel\/"},{"@type":"ListItem","position":3,"name":"Gem\u00e4lde","item":"https:\/\/dev.eliassen.nl\/de\/gemaelde\/"},{"@type":"ListItem","position":4,"name":"Dibond-Gem\u00e4lde aus Aluminium","item":"https:\/\/dev.eliassen.nl\/de\/gemaelde\/dibond-gemaelde-aus-aluminium\/"},{"@type":"ListItem","position":5,"name":"Malerei Dibond Edelstahl Seeanemone 74x74cm"}]},{"@type":"WebSite","@id":"https:\/\/dev.eliassen.nl\/de\/#website","url":"https:\/\/dev.eliassen.nl\/de\/","name":"Eliassen Home & Garden Pleasure","description":"","publisher":{"@id":"https:\/\/dev.eliassen.nl\/de\/#organization"},"alternateName":"Eliassen.nl","potentialAction":[{"@type":"SearchAction","target":{"@type":"EntryPoint","urlTemplate":"https:\/\/dev.eliassen.nl\/de\/?s={search_term_string}"},"query-input":{"@type":"PropertyValueSpecification","valueRequired":true,"valueName":"search_term_string"}}],"inLanguage":"de"},{"@type":"Organization","@id":"https:\/\/dev.eliassen.nl\/de\/#organization","name":"Eliassen Home & Garden Pleasure","url":"https:\/\/dev.eliassen.nl\/de\/","logo":{"@type":"ImageObject","inLanguage":"de","@id":"https:\/\/dev.eliassen.nl\/de\/#\/schema\/logo\/image\/","url":"https:\/\/www.eliassen.nl\/wp-content\/uploads\/2024\/01\/logo_4nd.jpg","contentUrl":"https:\/\/www.eliassen.nl\/wp-content\/uploads\/2024\/01\/logo_4nd.jpg","width":500,"height":500,"caption":"Eliassen Home & Garden Pleasure"},"image":{"@id":"https:\/\/dev.eliassen.nl\/de\/#\/schema\/logo\/image\/"},"sameAs":["https:\/\/www.facebook.com\/TuincentrumEliassenAmmerzoden","https:\/\/www.instagram.com\/eliassenhomeandgarden\/","https:\/\/nl.pinterest.com\/eliassenhomeandgarden\/","https:\/\/www.youtube.com\/@eliassenhomegardenpleasure4558"]}]}},"df_price":39.6,"df_sale_price":39.6,"df_regular_price":99,"df_image_link":"https:\/\/dev.eliassen.nl\/wp-content\/uploads\/2024\/01\/urbwonderfullife01818874x74rvsmko.jpg","image":"https:\/\/dev.eliassen.nl\/wp-content\/uploads\/2024\/01\/urbwonderfullife01818874x74rvsmko.jpg","price_search":"<span class=\"woocommerce-Price-amount amount\"><bdi><span class=\"woocommerce-Price-currencySymbol\">&euro;<\/span>&nbsp;39,60<\/bdi><\/span>","category":"Dibond-Gem\u00e4lde aus Aluminium","_links":{"self":[{"href":"https:\/\/dev.eliassen.nl\/de\/wp-json\/wp\/v2\/product\/3319","targetHints":{"allow":["GET"]}}],"collection":[{"href":"https:\/\/dev.eliassen.nl\/de\/wp-json\/wp\/v2\/product"}],"about":[{"href":"https:\/\/dev.eliassen.nl\/de\/wp-json\/wp\/v2\/types\/product"}],"wp:featuredmedia":[{"embeddable":true,"href":"https:\/\/dev.eliassen.nl\/de\/wp-json\/wp\/v2\/media\/3301"}],"wp:attachment":[{"href":"https:\/\/dev.eliassen.nl\/de\/wp-json\/wp\/v2\/media?parent=3319"}],"wp:term":[{"taxonomy":"product_brand","embeddable":true,"href":"https:\/\/dev.eliassen.nl\/de\/wp-json\/wp\/v2\/product_brand?post=3319"},{"taxonomy":"product_cat","embeddable":true,"href":"https:\/\/dev.eliassen.nl\/de\/wp-json\/wp\/v2\/product_cat?post=3319"},{"taxonomy":"product_tag","embeddable":true,"href":"https:\/\/dev.eliassen.nl\/de\/wp-json\/wp\/v2\/product_tag?post=3319"}],"curies":[{"name":"wp","href":"https:\/\/api.w.org\/{rel}","templated":true}]}}