{"id":33757,"date":"2021-04-01T15:16:52","date_gmt":"2021-04-01T13:16:52","guid":{"rendered":"https:\/\/www.eliassen.nl\/?product=miniatuur-model-motor"},"modified":"2024-12-05T15:46:18","modified_gmt":"2024-12-05T14:46:18","slug":"miniaturmodell-eines-roten-alten-motorrads","status":"publish","type":"product","link":"https:\/\/dev.eliassen.nl\/de\/miniaturmodell-eines-roten-alten-motorrads\/","title":{"rendered":"Miniaturmodell eines roten alten Motorrads"},"content":{"rendered":"<p>Wundersch\u00f6nes handgefertigtes Modell eines alten Motorrads.<br \/>In h\u00f6chster Pr\u00e4zision aus Zinn gefertigt, mit vielen kleinen Details.<br \/>Ein sehr sch\u00f6nes Dekorationsst\u00fcck f\u00fcr Ihr Zuhause oder Ihr Gesch\u00e4ft.<br \/>Farben und Details k\u00f6nnen leicht vom Foto abweichen, da es sich um handgefertigte Produkte handelt.<\/p>\n<ul>\n<li><strong>Fast alles aus dieser Serie kann auch in unserem Shop besichtigt werden<\/strong><\/li>\n<li>Material: Zinn<\/li>\n<li>Gr\u00f6\u00dfe: 28 x 15 cm.<\/li>\n<li>Verpackt im stabilen Karton<\/li>\n<li>Schnelle Lieferung<\/li>\n<li>Bitte beachten Sie, dass es sich hierbei nicht um ein Spielzeug handelt.<\/li>\n<\/ul>\n","protected":false},"excerpt":{"rendered":"<p>Wundersch\u00f6nes handgefertigtes Modell eines alten Motorrads.In h\u00f6chster Pr\u00e4zision aus Zinn gefertigt, mit vielen kleinen Details.Ein sehr sch\u00f6nes Dekorationsst\u00fcck f\u00fcr Ihr Zuhause oder Ihr Gesch\u00e4ft.Farben und Details k\u00f6nnen leicht vom Foto abweichen, da es sich um handgefertigte Produkte handelt. Fast alles aus dieser Serie kann auch in unserem Shop besichtigt werden Material: Zinn Gr\u00f6\u00dfe: 28 x &hellip;<\/p>\n","protected":false},"featured_media":33739,"template":"","meta":{"_acf_changed":false},"product_brand":[],"product_cat":[659,668],"product_tag":[],"class_list":{"0":"post-33757","1":"product","2":"type-product","3":"status-publish","4":"has-post-thumbnail","6":"product_cat-dekoration-aus-metall","7":"product_cat-miniaturfahrzeuge-aus-metall","9":"first","10":"instock","11":"taxable","12":"shipping-taxable","13":"purchasable","14":"product-type-simple"},"acf":[],"yoast_head":"<!-- This site is optimized with the Yoast SEO plugin v23.8 - https:\/\/yoast.com\/wordpress\/plugins\/seo\/ -->\n<title>Miniaturmodell Motor | Eliassen<\/title>\n<meta name=\"description\" content=\"Bei Eliassen k\u00f6nnen Sie ein Miniaturmodell eines Motors online kaufen oder es live im Ausstellungsraum besichtigen. Wir haben die sch\u00f6nste Metalldekoration, ...\" \/>\n<meta name=\"robots\" content=\"noindex, follow, max-snippet:-1, max-image-preview:large, max-video-preview:-1\" \/>\n<meta property=\"og:locale\" content=\"de_DE\" \/>\n<meta property=\"og:type\" content=\"article\" \/>\n<meta property=\"og:title\" content=\"Miniaturmodell Motor | Eliassen\" \/>\n<meta property=\"og:description\" content=\"Bei Eliassen k\u00f6nnen Sie ein Miniaturmodell eines Motors online kaufen oder es live im Ausstellungsraum besichtigen. Wir haben die sch\u00f6nste Metalldekoration, ...\" \/>\n<meta property=\"og:url\" content=\"https:\/\/dev.eliassen.nl\/de\/miniaturmodell-eines-roten-alten-motorrads\/\" \/>\n<meta property=\"og:site_name\" content=\"Eliassen.nl\" \/>\n<meta property=\"article:publisher\" content=\"https:\/\/www.facebook.com\/TuincentrumEliassenAmmerzoden\" \/>\n<meta property=\"article:modified_time\" content=\"2024-12-05T14:46:18+00:00\" \/>\n<meta property=\"og:image\" content=\"https:\/\/dev.eliassen.nl\/wp-content\/uploads\/2024\/01\/miniatuurmodelrodeoudemotoreliassennl.jpg\" \/>\n\t<meta property=\"og:image:width\" content=\"1024\" \/>\n\t<meta property=\"og:image:height\" content=\"617\" \/>\n\t<meta property=\"og:image:type\" content=\"image\/jpeg\" \/>\n<meta name=\"twitter:card\" content=\"summary_large_image\" \/>\n<script type=\"application\/ld+json\" class=\"yoast-schema-graph\">{\"@context\":\"https:\/\/schema.org\",\"@graph\":[{\"@type\":\"WebPage\",\"@id\":\"https:\/\/dev.eliassen.nl\/de\/miniaturmodell-eines-roten-alten-motorrads\/\",\"url\":\"https:\/\/dev.eliassen.nl\/de\/miniaturmodell-eines-roten-alten-motorrads\/\",\"name\":\"Miniaturmodell Motor | Eliassen\",\"isPartOf\":{\"@id\":\"https:\/\/dev.eliassen.nl\/de\/#website\"},\"primaryImageOfPage\":{\"@id\":\"https:\/\/dev.eliassen.nl\/de\/miniaturmodell-eines-roten-alten-motorrads\/#primaryimage\"},\"image\":{\"@id\":\"https:\/\/dev.eliassen.nl\/de\/miniaturmodell-eines-roten-alten-motorrads\/#primaryimage\"},\"thumbnailUrl\":\"https:\/\/dev.eliassen.nl\/wp-content\/uploads\/2024\/01\/miniatuurmodelrodeoudemotoreliassennl.jpg\",\"datePublished\":\"2021-04-01T13:16:52+00:00\",\"dateModified\":\"2024-12-05T14:46:18+00:00\",\"description\":\"Bei Eliassen k\u00f6nnen Sie ein Miniaturmodell eines Motors online kaufen oder es live im Ausstellungsraum besichtigen. Wir haben die sch\u00f6nste Metalldekoration, ...\",\"breadcrumb\":{\"@id\":\"https:\/\/dev.eliassen.nl\/de\/miniaturmodell-eines-roten-alten-motorrads\/#breadcrumb\"},\"inLanguage\":\"de\",\"potentialAction\":[{\"@type\":\"ReadAction\",\"target\":[\"https:\/\/dev.eliassen.nl\/de\/miniaturmodell-eines-roten-alten-motorrads\/\"]}]},{\"@type\":\"ImageObject\",\"inLanguage\":\"de\",\"@id\":\"https:\/\/dev.eliassen.nl\/de\/miniaturmodell-eines-roten-alten-motorrads\/#primaryimage\",\"url\":\"https:\/\/dev.eliassen.nl\/wp-content\/uploads\/2024\/01\/miniatuurmodelrodeoudemotoreliassennl.jpg\",\"contentUrl\":\"https:\/\/dev.eliassen.nl\/wp-content\/uploads\/2024\/01\/miniatuurmodelrodeoudemotoreliassennl.jpg\",\"width\":1024,\"height\":617,\"caption\":\"Miniatuur model rode oude motor eliassen.nl\"},{\"@type\":\"BreadcrumbList\",\"@id\":\"https:\/\/dev.eliassen.nl\/de\/miniaturmodell-eines-roten-alten-motorrads\/#breadcrumb\",\"itemListElement\":[{\"@type\":\"ListItem\",\"position\":1,\"name\":\"Home\",\"item\":\"https:\/\/dev.eliassen.nl\/de\/\"},{\"@type\":\"ListItem\",\"position\":2,\"name\":\"Shop\",\"item\":\"https:\/\/dev.eliassen.nl\/nl\/winkel\/\"},{\"@type\":\"ListItem\",\"position\":3,\"name\":\"Dekoration aus Metall\",\"item\":\"https:\/\/dev.eliassen.nl\/de\/dekoration-aus-metall\/\"},{\"@type\":\"ListItem\",\"position\":4,\"name\":\"Miniaturfahrzeuge aus Metall\",\"item\":\"https:\/\/dev.eliassen.nl\/de\/dekoration-aus-metall\/miniaturfahrzeuge-aus-metall\/\"},{\"@type\":\"ListItem\",\"position\":5,\"name\":\"Miniaturmodell eines roten alten Motorrads\"}]},{\"@type\":\"WebSite\",\"@id\":\"https:\/\/dev.eliassen.nl\/de\/#website\",\"url\":\"https:\/\/dev.eliassen.nl\/de\/\",\"name\":\"Eliassen Home & Garden Pleasure\",\"description\":\"\",\"publisher\":{\"@id\":\"https:\/\/dev.eliassen.nl\/de\/#organization\"},\"alternateName\":\"Eliassen.nl\",\"potentialAction\":[{\"@type\":\"SearchAction\",\"target\":{\"@type\":\"EntryPoint\",\"urlTemplate\":\"https:\/\/dev.eliassen.nl\/de\/?s={search_term_string}\"},\"query-input\":{\"@type\":\"PropertyValueSpecification\",\"valueRequired\":true,\"valueName\":\"search_term_string\"}}],\"inLanguage\":\"de\"},{\"@type\":\"Organization\",\"@id\":\"https:\/\/dev.eliassen.nl\/de\/#organization\",\"name\":\"Eliassen Home & Garden Pleasure\",\"url\":\"https:\/\/dev.eliassen.nl\/de\/\",\"logo\":{\"@type\":\"ImageObject\",\"inLanguage\":\"de\",\"@id\":\"https:\/\/dev.eliassen.nl\/de\/#\/schema\/logo\/image\/\",\"url\":\"https:\/\/www.eliassen.nl\/wp-content\/uploads\/2024\/01\/logo_4nd.jpg\",\"contentUrl\":\"https:\/\/www.eliassen.nl\/wp-content\/uploads\/2024\/01\/logo_4nd.jpg\",\"width\":500,\"height\":500,\"caption\":\"Eliassen Home & Garden Pleasure\"},\"image\":{\"@id\":\"https:\/\/dev.eliassen.nl\/de\/#\/schema\/logo\/image\/\"},\"sameAs\":[\"https:\/\/www.facebook.com\/TuincentrumEliassenAmmerzoden\",\"https:\/\/www.instagram.com\/eliassenhomeandgarden\/\",\"https:\/\/nl.pinterest.com\/eliassenhomeandgarden\/\",\"https:\/\/www.youtube.com\/@eliassenhomegardenpleasure4558\"]}]}<\/script>\n<!-- \/ Yoast SEO plugin. -->","yoast_head_json":{"title":"Miniaturmodell Motor | Eliassen","description":"Bei Eliassen k\u00f6nnen Sie ein Miniaturmodell eines Motors online kaufen oder es live im Ausstellungsraum besichtigen. Wir haben die sch\u00f6nste Metalldekoration, ...","robots":{"index":"noindex","follow":"follow","max-snippet":"max-snippet:-1","max-image-preview":"max-image-preview:large","max-video-preview":"max-video-preview:-1"},"og_locale":"de_DE","og_type":"article","og_title":"Miniaturmodell Motor | Eliassen","og_description":"Bei Eliassen k\u00f6nnen Sie ein Miniaturmodell eines Motors online kaufen oder es live im Ausstellungsraum besichtigen. Wir haben die sch\u00f6nste Metalldekoration, ...","og_url":"https:\/\/dev.eliassen.nl\/de\/miniaturmodell-eines-roten-alten-motorrads\/","og_site_name":"Eliassen.nl","article_publisher":"https:\/\/www.facebook.com\/TuincentrumEliassenAmmerzoden","article_modified_time":"2024-12-05T14:46:18+00:00","og_image":[{"width":1024,"height":617,"url":"https:\/\/dev.eliassen.nl\/wp-content\/uploads\/2024\/01\/miniatuurmodelrodeoudemotoreliassennl.jpg","type":"image\/jpeg"}],"twitter_card":"summary_large_image","schema":{"@context":"https:\/\/schema.org","@graph":[{"@type":"WebPage","@id":"https:\/\/dev.eliassen.nl\/de\/miniaturmodell-eines-roten-alten-motorrads\/","url":"https:\/\/dev.eliassen.nl\/de\/miniaturmodell-eines-roten-alten-motorrads\/","name":"Miniaturmodell Motor | Eliassen","isPartOf":{"@id":"https:\/\/dev.eliassen.nl\/de\/#website"},"primaryImageOfPage":{"@id":"https:\/\/dev.eliassen.nl\/de\/miniaturmodell-eines-roten-alten-motorrads\/#primaryimage"},"image":{"@id":"https:\/\/dev.eliassen.nl\/de\/miniaturmodell-eines-roten-alten-motorrads\/#primaryimage"},"thumbnailUrl":"https:\/\/dev.eliassen.nl\/wp-content\/uploads\/2024\/01\/miniatuurmodelrodeoudemotoreliassennl.jpg","datePublished":"2021-04-01T13:16:52+00:00","dateModified":"2024-12-05T14:46:18+00:00","description":"Bei Eliassen k\u00f6nnen Sie ein Miniaturmodell eines Motors online kaufen oder es live im Ausstellungsraum besichtigen. Wir haben die sch\u00f6nste Metalldekoration, ...","breadcrumb":{"@id":"https:\/\/dev.eliassen.nl\/de\/miniaturmodell-eines-roten-alten-motorrads\/#breadcrumb"},"inLanguage":"de","potentialAction":[{"@type":"ReadAction","target":["https:\/\/dev.eliassen.nl\/de\/miniaturmodell-eines-roten-alten-motorrads\/"]}]},{"@type":"ImageObject","inLanguage":"de","@id":"https:\/\/dev.eliassen.nl\/de\/miniaturmodell-eines-roten-alten-motorrads\/#primaryimage","url":"https:\/\/dev.eliassen.nl\/wp-content\/uploads\/2024\/01\/miniatuurmodelrodeoudemotoreliassennl.jpg","contentUrl":"https:\/\/dev.eliassen.nl\/wp-content\/uploads\/2024\/01\/miniatuurmodelrodeoudemotoreliassennl.jpg","width":1024,"height":617,"caption":"Miniatuur model rode oude motor eliassen.nl"},{"@type":"BreadcrumbList","@id":"https:\/\/dev.eliassen.nl\/de\/miniaturmodell-eines-roten-alten-motorrads\/#breadcrumb","itemListElement":[{"@type":"ListItem","position":1,"name":"Home","item":"https:\/\/dev.eliassen.nl\/de\/"},{"@type":"ListItem","position":2,"name":"Shop","item":"https:\/\/dev.eliassen.nl\/nl\/winkel\/"},{"@type":"ListItem","position":3,"name":"Dekoration aus Metall","item":"https:\/\/dev.eliassen.nl\/de\/dekoration-aus-metall\/"},{"@type":"ListItem","position":4,"name":"Miniaturfahrzeuge aus Metall","item":"https:\/\/dev.eliassen.nl\/de\/dekoration-aus-metall\/miniaturfahrzeuge-aus-metall\/"},{"@type":"ListItem","position":5,"name":"Miniaturmodell eines roten alten Motorrads"}]},{"@type":"WebSite","@id":"https:\/\/dev.eliassen.nl\/de\/#website","url":"https:\/\/dev.eliassen.nl\/de\/","name":"Eliassen Home & Garden Pleasure","description":"","publisher":{"@id":"https:\/\/dev.eliassen.nl\/de\/#organization"},"alternateName":"Eliassen.nl","potentialAction":[{"@type":"SearchAction","target":{"@type":"EntryPoint","urlTemplate":"https:\/\/dev.eliassen.nl\/de\/?s={search_term_string}"},"query-input":{"@type":"PropertyValueSpecification","valueRequired":true,"valueName":"search_term_string"}}],"inLanguage":"de"},{"@type":"Organization","@id":"https:\/\/dev.eliassen.nl\/de\/#organization","name":"Eliassen Home & Garden Pleasure","url":"https:\/\/dev.eliassen.nl\/de\/","logo":{"@type":"ImageObject","inLanguage":"de","@id":"https:\/\/dev.eliassen.nl\/de\/#\/schema\/logo\/image\/","url":"https:\/\/www.eliassen.nl\/wp-content\/uploads\/2024\/01\/logo_4nd.jpg","contentUrl":"https:\/\/www.eliassen.nl\/wp-content\/uploads\/2024\/01\/logo_4nd.jpg","width":500,"height":500,"caption":"Eliassen Home & Garden Pleasure"},"image":{"@id":"https:\/\/dev.eliassen.nl\/de\/#\/schema\/logo\/image\/"},"sameAs":["https:\/\/www.facebook.com\/TuincentrumEliassenAmmerzoden","https:\/\/www.instagram.com\/eliassenhomeandgarden\/","https:\/\/nl.pinterest.com\/eliassenhomeandgarden\/","https:\/\/www.youtube.com\/@eliassenhomegardenpleasure4558"]}]}},"df_price":34.95,"df_sale_price":"","df_regular_price":34.95,"df_image_link":"https:\/\/dev.eliassen.nl\/wp-content\/uploads\/2024\/01\/miniatuurmodelrodeoudemotoreliassennl.jpg","image":"https:\/\/dev.eliassen.nl\/wp-content\/uploads\/2024\/01\/miniatuurmodelrodeoudemotoreliassennl.jpg","price_search":"<span class=\"woocommerce-Price-amount amount\"><bdi><span class=\"woocommerce-Price-currencySymbol\">&euro;<\/span>&nbsp;34,95<\/bdi><\/span>","category":"Dekoration aus Metall","_links":{"self":[{"href":"https:\/\/dev.eliassen.nl\/de\/wp-json\/wp\/v2\/product\/33757","targetHints":{"allow":["GET"]}}],"collection":[{"href":"https:\/\/dev.eliassen.nl\/de\/wp-json\/wp\/v2\/product"}],"about":[{"href":"https:\/\/dev.eliassen.nl\/de\/wp-json\/wp\/v2\/types\/product"}],"wp:featuredmedia":[{"embeddable":true,"href":"https:\/\/dev.eliassen.nl\/de\/wp-json\/wp\/v2\/media\/33739"}],"wp:attachment":[{"href":"https:\/\/dev.eliassen.nl\/de\/wp-json\/wp\/v2\/media?parent=33757"}],"wp:term":[{"taxonomy":"product_brand","embeddable":true,"href":"https:\/\/dev.eliassen.nl\/de\/wp-json\/wp\/v2\/product_brand?post=33757"},{"taxonomy":"product_cat","embeddable":true,"href":"https:\/\/dev.eliassen.nl\/de\/wp-json\/wp\/v2\/product_cat?post=33757"},{"taxonomy":"product_tag","embeddable":true,"href":"https:\/\/dev.eliassen.nl\/de\/wp-json\/wp\/v2\/product_tag?post=33757"}],"curies":[{"name":"wp","href":"https:\/\/api.w.org\/{rel}","templated":true}]}}