{"id":35341,"date":"2021-04-15T11:19:11","date_gmt":"2021-04-15T11:19:11","guid":{"rendered":"https:\/\/www.eliassen.nl\/?product=wanddecoratie-route-66-120599117"},"modified":"2023-12-27T10:54:36","modified_gmt":"2023-12-27T10:54:36","slug":"wanddekoration-route-us-66","status":"publish","type":"product","link":"https:\/\/dev.eliassen.nl\/de\/wanddekoration-route-us-66\/","title":{"rendered":"Wanddekoration Route US 66 50cm"},"content":{"rendered":"<p>Dieses St\u00fcck Wanddekoration aus Metall im Retro-Stil sorgt f\u00fcr eine sch\u00f6ne Atmosph\u00e4re.<br \/>Diese Wanddeko besteht aus Stahlblech, mit einer bespr\u00fchten Oberfl\u00e4che mit einem Transfer auf der Oberseite und oft einer gewellten Kante.<br \/>Dieses Verfahren gew\u00e4hrleistet eine identische Darstellung des Original-Wandschildes aus den 1950er und 1960er Jahren.<br \/>Diese Wandschilder lassen sich einfach mit einer kleinen Schraube aufh\u00e4ngen.<\/p>\n<p>Machen Sie sich selbst, einem Freund oder Familienmitglied eine Freude mit diesem Modell der Vintage-Wanddekoration, es wird jedes Haus oder jeden Garten sch\u00f6ner machen. Wir empfehlen, es bei Verwendung im Freien unter einem Dach aufzuh\u00e4ngen.<\/p>\n<p><strong>Fast die gesamte Serie ist auch live bei uns zu sehen<\/strong><\/p>\n<ul>\n<li>Gr\u00f6\u00dfe: 57&#215;47 cm.<\/li>\n<li>Material: Stahl<\/li>\n<li>Schnell geliefert<\/li>\n<li>Zeitloses Design<\/li>\n<\/ul>\n","protected":false},"excerpt":{"rendered":"<p>Dieses St\u00fcck Wanddekoration aus Metall im Retro-Stil sorgt f\u00fcr eine sch\u00f6ne Atmosph\u00e4re.Diese Wanddeko besteht aus Stahlblech, mit einer bespr\u00fchten Oberfl\u00e4che mit einem Transfer auf der Oberseite und oft einer gewellten Kante.Dieses Verfahren gew\u00e4hrleistet eine identische Darstellung des Original-Wandschildes aus den 1950er und 1960er Jahren.Diese Wandschilder lassen sich einfach mit einer kleinen Schraube aufh\u00e4ngen. Machen Sie &hellip;<\/p>\n","protected":false},"featured_media":35338,"template":"","meta":{"_acf_changed":false},"product_brand":[],"product_cat":[518,509],"product_tag":[],"class_list":{"0":"post-35341","1":"product","2":"type-product","3":"status-publish","4":"has-post-thumbnail","6":"product_cat-vintage-wanddekoration-maennerhoehle","7":"product_cat-wanddekoration","9":"first","10":"instock","11":"taxable","12":"shipping-taxable","13":"purchasable","14":"product-type-simple"},"acf":[],"yoast_head":"<!-- This site is optimized with the Yoast SEO plugin v23.8 - https:\/\/yoast.com\/wordpress\/plugins\/seo\/ -->\n<title>Wanddecoratie Route US 66<\/title>\n<meta name=\"robots\" content=\"noindex, follow, max-snippet:-1, max-image-preview:large, max-video-preview:-1\" \/>\n<meta property=\"og:locale\" content=\"de_DE\" \/>\n<meta property=\"og:type\" content=\"article\" \/>\n<meta property=\"og:title\" content=\"Wanddecoratie Route US 66\" \/>\n<meta property=\"og:description\" content=\"Dieses St\u00fcck Wanddekoration aus Metall im Retro-Stil sorgt f\u00fcr eine sch\u00f6ne Atmosph\u00e4re.Diese Wanddeko besteht aus Stahlblech, mit einer bespr\u00fchten Oberfl\u00e4che mit einem Transfer auf der Oberseite und oft einer gewellten Kante.Dieses Verfahren gew\u00e4hrleistet eine identische Darstellung des Original-Wandschildes aus den 1950er und 1960er Jahren.Diese Wandschilder lassen sich einfach mit einer kleinen Schraube aufh\u00e4ngen. Machen Sie &hellip;\" \/>\n<meta property=\"og:url\" content=\"https:\/\/dev.eliassen.nl\/de\/wanddekoration-route-us-66\/\" \/>\n<meta property=\"og:site_name\" content=\"Eliassen.nl\" \/>\n<meta property=\"article:publisher\" content=\"https:\/\/www.facebook.com\/TuincentrumEliassenAmmerzoden\" \/>\n<meta property=\"article:modified_time\" content=\"2023-12-27T10:54:36+00:00\" \/>\n<meta property=\"og:image\" content=\"https:\/\/dev.eliassen.nl\/wp-content\/uploads\/2024\/01\/327019a.jpg\" \/>\n\t<meta property=\"og:image:width\" content=\"600\" \/>\n\t<meta property=\"og:image:height\" content=\"800\" \/>\n\t<meta property=\"og:image:type\" content=\"image\/jpeg\" \/>\n<meta name=\"twitter:card\" content=\"summary_large_image\" \/>\n<script type=\"application\/ld+json\" class=\"yoast-schema-graph\">{\"@context\":\"https:\/\/schema.org\",\"@graph\":[{\"@type\":\"WebPage\",\"@id\":\"https:\/\/dev.eliassen.nl\/de\/wanddekoration-route-us-66\/\",\"url\":\"https:\/\/dev.eliassen.nl\/de\/wanddekoration-route-us-66\/\",\"name\":\"Wanddecoratie Route US 66\",\"isPartOf\":{\"@id\":\"https:\/\/dev.eliassen.nl\/de\/#website\"},\"primaryImageOfPage\":{\"@id\":\"https:\/\/dev.eliassen.nl\/de\/wanddekoration-route-us-66\/#primaryimage\"},\"image\":{\"@id\":\"https:\/\/dev.eliassen.nl\/de\/wanddekoration-route-us-66\/#primaryimage\"},\"thumbnailUrl\":\"https:\/\/dev.eliassen.nl\/wp-content\/uploads\/2024\/01\/327019a.jpg\",\"datePublished\":\"2021-04-15T11:19:11+00:00\",\"dateModified\":\"2023-12-27T10:54:36+00:00\",\"breadcrumb\":{\"@id\":\"https:\/\/dev.eliassen.nl\/de\/wanddekoration-route-us-66\/#breadcrumb\"},\"inLanguage\":\"de\",\"potentialAction\":[{\"@type\":\"ReadAction\",\"target\":[\"https:\/\/dev.eliassen.nl\/de\/wanddekoration-route-us-66\/\"]}]},{\"@type\":\"ImageObject\",\"inLanguage\":\"de\",\"@id\":\"https:\/\/dev.eliassen.nl\/de\/wanddekoration-route-us-66\/#primaryimage\",\"url\":\"https:\/\/dev.eliassen.nl\/wp-content\/uploads\/2024\/01\/327019a.jpg\",\"contentUrl\":\"https:\/\/dev.eliassen.nl\/wp-content\/uploads\/2024\/01\/327019a.jpg\",\"width\":600,\"height\":800,\"caption\":\"327019a\"},{\"@type\":\"BreadcrumbList\",\"@id\":\"https:\/\/dev.eliassen.nl\/de\/wanddekoration-route-us-66\/#breadcrumb\",\"itemListElement\":[{\"@type\":\"ListItem\",\"position\":1,\"name\":\"Home\",\"item\":\"https:\/\/dev.eliassen.nl\/de\/\"},{\"@type\":\"ListItem\",\"position\":2,\"name\":\"Shop\",\"item\":\"https:\/\/dev.eliassen.nl\/nl\/winkel\/\"},{\"@type\":\"ListItem\",\"position\":3,\"name\":\"Wanddekoration\",\"item\":\"https:\/\/dev.eliassen.nl\/de\/wanddekoration\/\"},{\"@type\":\"ListItem\",\"position\":4,\"name\":\"Vintage Wanddekoration M\u00e4nnerh\u00f6hle\",\"item\":\"https:\/\/dev.eliassen.nl\/de\/wanddekoration\/vintage-wanddekoration-maennerhoehle\/\"},{\"@type\":\"ListItem\",\"position\":5,\"name\":\"Wanddekoration Route US 66 50cm\"}]},{\"@type\":\"WebSite\",\"@id\":\"https:\/\/dev.eliassen.nl\/de\/#website\",\"url\":\"https:\/\/dev.eliassen.nl\/de\/\",\"name\":\"Eliassen Home & Garden Pleasure\",\"description\":\"\",\"publisher\":{\"@id\":\"https:\/\/dev.eliassen.nl\/de\/#organization\"},\"alternateName\":\"Eliassen.nl\",\"potentialAction\":[{\"@type\":\"SearchAction\",\"target\":{\"@type\":\"EntryPoint\",\"urlTemplate\":\"https:\/\/dev.eliassen.nl\/de\/?s={search_term_string}\"},\"query-input\":{\"@type\":\"PropertyValueSpecification\",\"valueRequired\":true,\"valueName\":\"search_term_string\"}}],\"inLanguage\":\"de\"},{\"@type\":\"Organization\",\"@id\":\"https:\/\/dev.eliassen.nl\/de\/#organization\",\"name\":\"Eliassen Home & Garden Pleasure\",\"url\":\"https:\/\/dev.eliassen.nl\/de\/\",\"logo\":{\"@type\":\"ImageObject\",\"inLanguage\":\"de\",\"@id\":\"https:\/\/dev.eliassen.nl\/de\/#\/schema\/logo\/image\/\",\"url\":\"https:\/\/www.eliassen.nl\/wp-content\/uploads\/2024\/01\/logo_4nd.jpg\",\"contentUrl\":\"https:\/\/www.eliassen.nl\/wp-content\/uploads\/2024\/01\/logo_4nd.jpg\",\"width\":500,\"height\":500,\"caption\":\"Eliassen Home & Garden Pleasure\"},\"image\":{\"@id\":\"https:\/\/dev.eliassen.nl\/de\/#\/schema\/logo\/image\/\"},\"sameAs\":[\"https:\/\/www.facebook.com\/TuincentrumEliassenAmmerzoden\",\"https:\/\/www.instagram.com\/eliassenhomeandgarden\/\",\"https:\/\/nl.pinterest.com\/eliassenhomeandgarden\/\",\"https:\/\/www.youtube.com\/@eliassenhomegardenpleasure4558\"]}]}<\/script>\n<!-- \/ Yoast SEO plugin. -->","yoast_head_json":{"title":"Wanddecoratie Route US 66","robots":{"index":"noindex","follow":"follow","max-snippet":"max-snippet:-1","max-image-preview":"max-image-preview:large","max-video-preview":"max-video-preview:-1"},"og_locale":"de_DE","og_type":"article","og_title":"Wanddecoratie Route US 66","og_description":"Dieses St\u00fcck Wanddekoration aus Metall im Retro-Stil sorgt f\u00fcr eine sch\u00f6ne Atmosph\u00e4re.Diese Wanddeko besteht aus Stahlblech, mit einer bespr\u00fchten Oberfl\u00e4che mit einem Transfer auf der Oberseite und oft einer gewellten Kante.Dieses Verfahren gew\u00e4hrleistet eine identische Darstellung des Original-Wandschildes aus den 1950er und 1960er Jahren.Diese Wandschilder lassen sich einfach mit einer kleinen Schraube aufh\u00e4ngen. Machen Sie &hellip;","og_url":"https:\/\/dev.eliassen.nl\/de\/wanddekoration-route-us-66\/","og_site_name":"Eliassen.nl","article_publisher":"https:\/\/www.facebook.com\/TuincentrumEliassenAmmerzoden","article_modified_time":"2023-12-27T10:54:36+00:00","og_image":[{"width":600,"height":800,"url":"https:\/\/dev.eliassen.nl\/wp-content\/uploads\/2024\/01\/327019a.jpg","type":"image\/jpeg"}],"twitter_card":"summary_large_image","schema":{"@context":"https:\/\/schema.org","@graph":[{"@type":"WebPage","@id":"https:\/\/dev.eliassen.nl\/de\/wanddekoration-route-us-66\/","url":"https:\/\/dev.eliassen.nl\/de\/wanddekoration-route-us-66\/","name":"Wanddecoratie Route US 66","isPartOf":{"@id":"https:\/\/dev.eliassen.nl\/de\/#website"},"primaryImageOfPage":{"@id":"https:\/\/dev.eliassen.nl\/de\/wanddekoration-route-us-66\/#primaryimage"},"image":{"@id":"https:\/\/dev.eliassen.nl\/de\/wanddekoration-route-us-66\/#primaryimage"},"thumbnailUrl":"https:\/\/dev.eliassen.nl\/wp-content\/uploads\/2024\/01\/327019a.jpg","datePublished":"2021-04-15T11:19:11+00:00","dateModified":"2023-12-27T10:54:36+00:00","breadcrumb":{"@id":"https:\/\/dev.eliassen.nl\/de\/wanddekoration-route-us-66\/#breadcrumb"},"inLanguage":"de","potentialAction":[{"@type":"ReadAction","target":["https:\/\/dev.eliassen.nl\/de\/wanddekoration-route-us-66\/"]}]},{"@type":"ImageObject","inLanguage":"de","@id":"https:\/\/dev.eliassen.nl\/de\/wanddekoration-route-us-66\/#primaryimage","url":"https:\/\/dev.eliassen.nl\/wp-content\/uploads\/2024\/01\/327019a.jpg","contentUrl":"https:\/\/dev.eliassen.nl\/wp-content\/uploads\/2024\/01\/327019a.jpg","width":600,"height":800,"caption":"327019a"},{"@type":"BreadcrumbList","@id":"https:\/\/dev.eliassen.nl\/de\/wanddekoration-route-us-66\/#breadcrumb","itemListElement":[{"@type":"ListItem","position":1,"name":"Home","item":"https:\/\/dev.eliassen.nl\/de\/"},{"@type":"ListItem","position":2,"name":"Shop","item":"https:\/\/dev.eliassen.nl\/nl\/winkel\/"},{"@type":"ListItem","position":3,"name":"Wanddekoration","item":"https:\/\/dev.eliassen.nl\/de\/wanddekoration\/"},{"@type":"ListItem","position":4,"name":"Vintage Wanddekoration M\u00e4nnerh\u00f6hle","item":"https:\/\/dev.eliassen.nl\/de\/wanddekoration\/vintage-wanddekoration-maennerhoehle\/"},{"@type":"ListItem","position":5,"name":"Wanddekoration Route US 66 50cm"}]},{"@type":"WebSite","@id":"https:\/\/dev.eliassen.nl\/de\/#website","url":"https:\/\/dev.eliassen.nl\/de\/","name":"Eliassen Home & Garden Pleasure","description":"","publisher":{"@id":"https:\/\/dev.eliassen.nl\/de\/#organization"},"alternateName":"Eliassen.nl","potentialAction":[{"@type":"SearchAction","target":{"@type":"EntryPoint","urlTemplate":"https:\/\/dev.eliassen.nl\/de\/?s={search_term_string}"},"query-input":{"@type":"PropertyValueSpecification","valueRequired":true,"valueName":"search_term_string"}}],"inLanguage":"de"},{"@type":"Organization","@id":"https:\/\/dev.eliassen.nl\/de\/#organization","name":"Eliassen Home & Garden Pleasure","url":"https:\/\/dev.eliassen.nl\/de\/","logo":{"@type":"ImageObject","inLanguage":"de","@id":"https:\/\/dev.eliassen.nl\/de\/#\/schema\/logo\/image\/","url":"https:\/\/www.eliassen.nl\/wp-content\/uploads\/2024\/01\/logo_4nd.jpg","contentUrl":"https:\/\/www.eliassen.nl\/wp-content\/uploads\/2024\/01\/logo_4nd.jpg","width":500,"height":500,"caption":"Eliassen Home & Garden Pleasure"},"image":{"@id":"https:\/\/dev.eliassen.nl\/de\/#\/schema\/logo\/image\/"},"sameAs":["https:\/\/www.facebook.com\/TuincentrumEliassenAmmerzoden","https:\/\/www.instagram.com\/eliassenhomeandgarden\/","https:\/\/nl.pinterest.com\/eliassenhomeandgarden\/","https:\/\/www.youtube.com\/@eliassenhomegardenpleasure4558"]}]}},"df_price":29.5,"df_sale_price":"","df_regular_price":29.5,"df_image_link":"https:\/\/dev.eliassen.nl\/wp-content\/uploads\/2024\/01\/327019a.jpg","image":"https:\/\/dev.eliassen.nl\/wp-content\/uploads\/2024\/01\/327019a.jpg","price_search":"<span class=\"woocommerce-Price-amount amount\"><bdi><span class=\"woocommerce-Price-currencySymbol\">&euro;<\/span>&nbsp;29,50<\/bdi><\/span>","category":"Vintage Wanddekoration M\u00e4nnerh\u00f6hle","_links":{"self":[{"href":"https:\/\/dev.eliassen.nl\/de\/wp-json\/wp\/v2\/product\/35341","targetHints":{"allow":["GET"]}}],"collection":[{"href":"https:\/\/dev.eliassen.nl\/de\/wp-json\/wp\/v2\/product"}],"about":[{"href":"https:\/\/dev.eliassen.nl\/de\/wp-json\/wp\/v2\/types\/product"}],"wp:featuredmedia":[{"embeddable":true,"href":"https:\/\/dev.eliassen.nl\/de\/wp-json\/wp\/v2\/media\/35338"}],"wp:attachment":[{"href":"https:\/\/dev.eliassen.nl\/de\/wp-json\/wp\/v2\/media?parent=35341"}],"wp:term":[{"taxonomy":"product_brand","embeddable":true,"href":"https:\/\/dev.eliassen.nl\/de\/wp-json\/wp\/v2\/product_brand?post=35341"},{"taxonomy":"product_cat","embeddable":true,"href":"https:\/\/dev.eliassen.nl\/de\/wp-json\/wp\/v2\/product_cat?post=35341"},{"taxonomy":"product_tag","embeddable":true,"href":"https:\/\/dev.eliassen.nl\/de\/wp-json\/wp\/v2\/product_tag?post=35341"}],"curies":[{"name":"wp","href":"https:\/\/api.w.org\/{rel}","templated":true}]}}