{"id":35491,"date":"2021-04-15T20:25:45","date_gmt":"2021-04-15T18:25:45","guid":{"rendered":"https:\/\/www.eliassen.nl\/?product=bloempot-rond-supergroot-rinca-102cm-antraciet"},"modified":"2023-11-09T16:11:00","modified_gmt":"2023-11-09T16:11:00","slug":"blumentopf-rund-super-gross-rinca-doppio-102cm-anthrazit-doppelwandig","status":"publish","type":"product","link":"https:\/\/dev.eliassen.nl\/de\/blumentopf-rund-super-gross-rinca-doppio-102cm-anthrazit-doppelwandig\/","title":{"rendered":"Blumentopf rund super gro\u00df Rinca doppio 102cm anthrazit doppelwandig"},"content":{"rendered":"<p>Wenn Sie einen gro\u00dfen runden Blumentopf in Anthrazit w\u00fcnschen, der f\u00fcr Palmen, Olivenb\u00e4ume oder andere mediterrane Pflanzen geeignet ist, der sehr stark, farbecht und leicht ist, dann ist die Wahl f\u00fcr diesen Topf schnell getroffen. Sie k\u00f6nnen diesen Blumentopf nicht vom Original unterscheiden, die Farbe und das Aussehen sind genau die gleichen wie bei einem toskanischen Steinguttopf. Dies liegt unter anderem daran, dass dieser Topf im sogenannten Rotationsverfahren hergestellt wird, wodurch eine sch\u00f6ne Struktur erzielt wird. Diese Topfserie ist doppelwandig, Ihre Pflanzen leiden weniger unter Frost aufgrund der isolierenden Luftschicht zwischen den 2 W\u00e4nden. Der Topf ist f\u00fcr den Innen- und Au\u00dfenbereich geeignet.Vergessen Sie bei der Verwendung im Garten nicht, den St\u00f6psel von der Innenwand zu ziehen und vier L\u00f6cher in den Boden des Au\u00dfentopfs zu bohren. Da in diesem Topf sehr viel Weichmacher verarbeitet wurde, m\u00fcssen Sie sich bei diesem Topf keine Gedanken \u00fcber spontane Risse machen.<\/p>\n<p>\u00a0<\/p>\n<ul>\n<li>Gr\u00f6\u00dfe: Durchmesser oben 102 cm, Gesamth\u00f6he 78 cm und Durchmesser unten 56 cm<\/li>\n<li>Farbe: Anthrazit<\/li>\n<li>Farbecht<\/li>\n<li>Leicht<\/li>\n<li>100 % frostbest\u00e4ndig<\/li>\n<li>Von echten Steingutt\u00f6pfen nicht zu unterscheiden<\/li>\n<li>F\u00fcr drinnen und drau\u00dfen<\/li>\n<li>Sehr stark<\/li>\n<li>Doppelwandig<\/li>\n<li>Verkratzt nicht Ihren teuren Boden<\/li>\n<li>2 Jahre Garantie auf alles<\/li>\n<li><strong>Material: strapazierf\u00e4higer Kunststoff<\/strong><\/li>\n<\/ul>\n<p>\u00a0<\/p>\n","protected":false},"excerpt":{"rendered":"<p>Wenn Sie einen gro\u00dfen runden Blumentopf in Anthrazit w\u00fcnschen, der f\u00fcr Palmen, Olivenb\u00e4ume oder andere mediterrane Pflanzen geeignet ist, der sehr stark, farbecht und leicht ist, dann ist die Wahl f\u00fcr diesen Topf schnell getroffen. Sie k\u00f6nnen diesen Blumentopf nicht vom Original unterscheiden, die Farbe und das Aussehen sind genau die gleichen wie bei einem &hellip;<\/p>\n","protected":false},"featured_media":35473,"template":"","meta":{"_acf_changed":false},"product_brand":[],"product_cat":[722,740],"product_tag":[],"class_list":{"0":"post-35491","1":"product","2":"type-product","3":"status-publish","4":"has-post-thumbnail","6":"product_cat-blumentoepfe-und-pflanzgefaesse","7":"product_cat-pflanzkuebel-fuer-den-aussenbereich-gross-leicht","9":"first","10":"instock","11":"sale","12":"taxable","13":"shipping-taxable","14":"purchasable","15":"product-type-simple"},"acf":[],"yoast_head":"<!-- This site is optimized with the Yoast SEO plugin v23.8 - https:\/\/yoast.com\/wordpress\/plugins\/seo\/ -->\n<title>Blumentopf rund super gro\u00df Rinca 102cm anthrazit | Eliassen<\/title>\n<meta name=\"description\" content=\"Bei Eliassen k\u00f6nnen Sie Blumentopf rund super gro\u00df Rinca 102cm anthrazit online kaufen oder live im Showroom ansehen. Direkt online bestellen.\" \/>\n<meta name=\"robots\" content=\"noindex, follow, max-snippet:-1, max-image-preview:large, max-video-preview:-1\" \/>\n<meta property=\"og:locale\" content=\"de_DE\" \/>\n<meta property=\"og:type\" content=\"article\" \/>\n<meta property=\"og:title\" content=\"Blumentopf rund super gro\u00df Rinca 102cm anthrazit | Eliassen\" \/>\n<meta property=\"og:description\" content=\"Bei Eliassen k\u00f6nnen Sie Blumentopf rund super gro\u00df Rinca 102cm anthrazit online kaufen oder live im Showroom ansehen. Direkt online bestellen.\" \/>\n<meta property=\"og:url\" content=\"https:\/\/dev.eliassen.nl\/de\/blumentopf-rund-super-gross-rinca-doppio-102cm-anthrazit-doppelwandig\/\" \/>\n<meta property=\"og:site_name\" content=\"Eliassen.nl\" \/>\n<meta property=\"article:publisher\" content=\"https:\/\/www.facebook.com\/TuincentrumEliassenAmmerzoden\" \/>\n<meta property=\"article:modified_time\" content=\"2023-11-09T16:11:00+00:00\" \/>\n<meta property=\"og:image\" content=\"https:\/\/dev.eliassen.nl\/wp-content\/uploads\/2024\/01\/antracie_2nd.jpg\" \/>\n\t<meta property=\"og:image:width\" content=\"2048\" \/>\n\t<meta property=\"og:image:height\" content=\"1795\" \/>\n\t<meta property=\"og:image:type\" content=\"image\/jpeg\" \/>\n<meta name=\"twitter:card\" content=\"summary_large_image\" \/>\n<script type=\"application\/ld+json\" class=\"yoast-schema-graph\">{\"@context\":\"https:\/\/schema.org\",\"@graph\":[{\"@type\":\"WebPage\",\"@id\":\"https:\/\/dev.eliassen.nl\/de\/blumentopf-rund-super-gross-rinca-doppio-102cm-anthrazit-doppelwandig\/\",\"url\":\"https:\/\/dev.eliassen.nl\/de\/blumentopf-rund-super-gross-rinca-doppio-102cm-anthrazit-doppelwandig\/\",\"name\":\"Blumentopf rund super gro\u00df Rinca 102cm anthrazit | Eliassen\",\"isPartOf\":{\"@id\":\"https:\/\/dev.eliassen.nl\/de\/#website\"},\"primaryImageOfPage\":{\"@id\":\"https:\/\/dev.eliassen.nl\/de\/blumentopf-rund-super-gross-rinca-doppio-102cm-anthrazit-doppelwandig\/#primaryimage\"},\"image\":{\"@id\":\"https:\/\/dev.eliassen.nl\/de\/blumentopf-rund-super-gross-rinca-doppio-102cm-anthrazit-doppelwandig\/#primaryimage\"},\"thumbnailUrl\":\"https:\/\/dev.eliassen.nl\/wp-content\/uploads\/2024\/01\/antracie_2nd.jpg\",\"datePublished\":\"2021-04-15T18:25:45+00:00\",\"dateModified\":\"2023-11-09T16:11:00+00:00\",\"description\":\"Bei Eliassen k\u00f6nnen Sie Blumentopf rund super gro\u00df Rinca 102cm anthrazit online kaufen oder live im Showroom ansehen. Direkt online bestellen.\",\"breadcrumb\":{\"@id\":\"https:\/\/dev.eliassen.nl\/de\/blumentopf-rund-super-gross-rinca-doppio-102cm-anthrazit-doppelwandig\/#breadcrumb\"},\"inLanguage\":\"de\",\"potentialAction\":[{\"@type\":\"ReadAction\",\"target\":[\"https:\/\/dev.eliassen.nl\/de\/blumentopf-rund-super-gross-rinca-doppio-102cm-anthrazit-doppelwandig\/\"]}]},{\"@type\":\"ImageObject\",\"inLanguage\":\"de\",\"@id\":\"https:\/\/dev.eliassen.nl\/de\/blumentopf-rund-super-gross-rinca-doppio-102cm-anthrazit-doppelwandig\/#primaryimage\",\"url\":\"https:\/\/dev.eliassen.nl\/wp-content\/uploads\/2024\/01\/antracie_2nd.jpg\",\"contentUrl\":\"https:\/\/dev.eliassen.nl\/wp-content\/uploads\/2024\/01\/antracie_2nd.jpg\",\"width\":2048,\"height\":1795,\"caption\":\"antracie\"},{\"@type\":\"BreadcrumbList\",\"@id\":\"https:\/\/dev.eliassen.nl\/de\/blumentopf-rund-super-gross-rinca-doppio-102cm-anthrazit-doppelwandig\/#breadcrumb\",\"itemListElement\":[{\"@type\":\"ListItem\",\"position\":1,\"name\":\"Home\",\"item\":\"https:\/\/dev.eliassen.nl\/de\/\"},{\"@type\":\"ListItem\",\"position\":2,\"name\":\"Shop\",\"item\":\"https:\/\/dev.eliassen.nl\/nl\/winkel\/\"},{\"@type\":\"ListItem\",\"position\":3,\"name\":\"Blument\u00f6pfe und Pflanzgef\u00e4\u00dfe\",\"item\":\"https:\/\/dev.eliassen.nl\/de\/blumentoepfe-und-pflanzgefaesse\/\"},{\"@type\":\"ListItem\",\"position\":4,\"name\":\"Pflanzk\u00fcbel f\u00fcr den Au\u00dfenbereich gro\u00df leicht\",\"item\":\"https:\/\/dev.eliassen.nl\/de\/blumentoepfe-und-pflanzgefaesse\/pflanzkuebel-fuer-den-aussenbereich-gross-leicht\/\"},{\"@type\":\"ListItem\",\"position\":5,\"name\":\"Blumentopf rund super gro\u00df Rinca doppio 102cm anthrazit doppelwandig\"}]},{\"@type\":\"WebSite\",\"@id\":\"https:\/\/dev.eliassen.nl\/de\/#website\",\"url\":\"https:\/\/dev.eliassen.nl\/de\/\",\"name\":\"Eliassen Home & Garden Pleasure\",\"description\":\"\",\"publisher\":{\"@id\":\"https:\/\/dev.eliassen.nl\/de\/#organization\"},\"alternateName\":\"Eliassen.nl\",\"potentialAction\":[{\"@type\":\"SearchAction\",\"target\":{\"@type\":\"EntryPoint\",\"urlTemplate\":\"https:\/\/dev.eliassen.nl\/de\/?s={search_term_string}\"},\"query-input\":{\"@type\":\"PropertyValueSpecification\",\"valueRequired\":true,\"valueName\":\"search_term_string\"}}],\"inLanguage\":\"de\"},{\"@type\":\"Organization\",\"@id\":\"https:\/\/dev.eliassen.nl\/de\/#organization\",\"name\":\"Eliassen Home & Garden Pleasure\",\"url\":\"https:\/\/dev.eliassen.nl\/de\/\",\"logo\":{\"@type\":\"ImageObject\",\"inLanguage\":\"de\",\"@id\":\"https:\/\/dev.eliassen.nl\/de\/#\/schema\/logo\/image\/\",\"url\":\"https:\/\/www.eliassen.nl\/wp-content\/uploads\/2024\/01\/logo_4nd.jpg\",\"contentUrl\":\"https:\/\/www.eliassen.nl\/wp-content\/uploads\/2024\/01\/logo_4nd.jpg\",\"width\":500,\"height\":500,\"caption\":\"Eliassen Home & Garden Pleasure\"},\"image\":{\"@id\":\"https:\/\/dev.eliassen.nl\/de\/#\/schema\/logo\/image\/\"},\"sameAs\":[\"https:\/\/www.facebook.com\/TuincentrumEliassenAmmerzoden\",\"https:\/\/www.instagram.com\/eliassenhomeandgarden\/\",\"https:\/\/nl.pinterest.com\/eliassenhomeandgarden\/\",\"https:\/\/www.youtube.com\/@eliassenhomegardenpleasure4558\"]}]}<\/script>\n<!-- \/ Yoast SEO plugin. -->","yoast_head_json":{"title":"Blumentopf rund super gro\u00df Rinca 102cm anthrazit | Eliassen","description":"Bei Eliassen k\u00f6nnen Sie Blumentopf rund super gro\u00df Rinca 102cm anthrazit online kaufen oder live im Showroom ansehen. Direkt online bestellen.","robots":{"index":"noindex","follow":"follow","max-snippet":"max-snippet:-1","max-image-preview":"max-image-preview:large","max-video-preview":"max-video-preview:-1"},"og_locale":"de_DE","og_type":"article","og_title":"Blumentopf rund super gro\u00df Rinca 102cm anthrazit | Eliassen","og_description":"Bei Eliassen k\u00f6nnen Sie Blumentopf rund super gro\u00df Rinca 102cm anthrazit online kaufen oder live im Showroom ansehen. Direkt online bestellen.","og_url":"https:\/\/dev.eliassen.nl\/de\/blumentopf-rund-super-gross-rinca-doppio-102cm-anthrazit-doppelwandig\/","og_site_name":"Eliassen.nl","article_publisher":"https:\/\/www.facebook.com\/TuincentrumEliassenAmmerzoden","article_modified_time":"2023-11-09T16:11:00+00:00","og_image":[{"width":2048,"height":1795,"url":"https:\/\/dev.eliassen.nl\/wp-content\/uploads\/2024\/01\/antracie_2nd.jpg","type":"image\/jpeg"}],"twitter_card":"summary_large_image","schema":{"@context":"https:\/\/schema.org","@graph":[{"@type":"WebPage","@id":"https:\/\/dev.eliassen.nl\/de\/blumentopf-rund-super-gross-rinca-doppio-102cm-anthrazit-doppelwandig\/","url":"https:\/\/dev.eliassen.nl\/de\/blumentopf-rund-super-gross-rinca-doppio-102cm-anthrazit-doppelwandig\/","name":"Blumentopf rund super gro\u00df Rinca 102cm anthrazit | Eliassen","isPartOf":{"@id":"https:\/\/dev.eliassen.nl\/de\/#website"},"primaryImageOfPage":{"@id":"https:\/\/dev.eliassen.nl\/de\/blumentopf-rund-super-gross-rinca-doppio-102cm-anthrazit-doppelwandig\/#primaryimage"},"image":{"@id":"https:\/\/dev.eliassen.nl\/de\/blumentopf-rund-super-gross-rinca-doppio-102cm-anthrazit-doppelwandig\/#primaryimage"},"thumbnailUrl":"https:\/\/dev.eliassen.nl\/wp-content\/uploads\/2024\/01\/antracie_2nd.jpg","datePublished":"2021-04-15T18:25:45+00:00","dateModified":"2023-11-09T16:11:00+00:00","description":"Bei Eliassen k\u00f6nnen Sie Blumentopf rund super gro\u00df Rinca 102cm anthrazit online kaufen oder live im Showroom ansehen. Direkt online bestellen.","breadcrumb":{"@id":"https:\/\/dev.eliassen.nl\/de\/blumentopf-rund-super-gross-rinca-doppio-102cm-anthrazit-doppelwandig\/#breadcrumb"},"inLanguage":"de","potentialAction":[{"@type":"ReadAction","target":["https:\/\/dev.eliassen.nl\/de\/blumentopf-rund-super-gross-rinca-doppio-102cm-anthrazit-doppelwandig\/"]}]},{"@type":"ImageObject","inLanguage":"de","@id":"https:\/\/dev.eliassen.nl\/de\/blumentopf-rund-super-gross-rinca-doppio-102cm-anthrazit-doppelwandig\/#primaryimage","url":"https:\/\/dev.eliassen.nl\/wp-content\/uploads\/2024\/01\/antracie_2nd.jpg","contentUrl":"https:\/\/dev.eliassen.nl\/wp-content\/uploads\/2024\/01\/antracie_2nd.jpg","width":2048,"height":1795,"caption":"antracie"},{"@type":"BreadcrumbList","@id":"https:\/\/dev.eliassen.nl\/de\/blumentopf-rund-super-gross-rinca-doppio-102cm-anthrazit-doppelwandig\/#breadcrumb","itemListElement":[{"@type":"ListItem","position":1,"name":"Home","item":"https:\/\/dev.eliassen.nl\/de\/"},{"@type":"ListItem","position":2,"name":"Shop","item":"https:\/\/dev.eliassen.nl\/nl\/winkel\/"},{"@type":"ListItem","position":3,"name":"Blument\u00f6pfe und Pflanzgef\u00e4\u00dfe","item":"https:\/\/dev.eliassen.nl\/de\/blumentoepfe-und-pflanzgefaesse\/"},{"@type":"ListItem","position":4,"name":"Pflanzk\u00fcbel f\u00fcr den Au\u00dfenbereich gro\u00df leicht","item":"https:\/\/dev.eliassen.nl\/de\/blumentoepfe-und-pflanzgefaesse\/pflanzkuebel-fuer-den-aussenbereich-gross-leicht\/"},{"@type":"ListItem","position":5,"name":"Blumentopf rund super gro\u00df Rinca doppio 102cm anthrazit doppelwandig"}]},{"@type":"WebSite","@id":"https:\/\/dev.eliassen.nl\/de\/#website","url":"https:\/\/dev.eliassen.nl\/de\/","name":"Eliassen Home & Garden Pleasure","description":"","publisher":{"@id":"https:\/\/dev.eliassen.nl\/de\/#organization"},"alternateName":"Eliassen.nl","potentialAction":[{"@type":"SearchAction","target":{"@type":"EntryPoint","urlTemplate":"https:\/\/dev.eliassen.nl\/de\/?s={search_term_string}"},"query-input":{"@type":"PropertyValueSpecification","valueRequired":true,"valueName":"search_term_string"}}],"inLanguage":"de"},{"@type":"Organization","@id":"https:\/\/dev.eliassen.nl\/de\/#organization","name":"Eliassen Home & Garden Pleasure","url":"https:\/\/dev.eliassen.nl\/de\/","logo":{"@type":"ImageObject","inLanguage":"de","@id":"https:\/\/dev.eliassen.nl\/de\/#\/schema\/logo\/image\/","url":"https:\/\/www.eliassen.nl\/wp-content\/uploads\/2024\/01\/logo_4nd.jpg","contentUrl":"https:\/\/www.eliassen.nl\/wp-content\/uploads\/2024\/01\/logo_4nd.jpg","width":500,"height":500,"caption":"Eliassen Home & Garden Pleasure"},"image":{"@id":"https:\/\/dev.eliassen.nl\/de\/#\/schema\/logo\/image\/"},"sameAs":["https:\/\/www.facebook.com\/TuincentrumEliassenAmmerzoden","https:\/\/www.instagram.com\/eliassenhomeandgarden\/","https:\/\/nl.pinterest.com\/eliassenhomeandgarden\/","https:\/\/www.youtube.com\/@eliassenhomegardenpleasure4558"]}]}},"df_price":225,"df_sale_price":225,"df_regular_price":289,"df_image_link":"https:\/\/dev.eliassen.nl\/wp-content\/uploads\/2024\/01\/antracie_2nd.jpg","image":"https:\/\/dev.eliassen.nl\/wp-content\/uploads\/2024\/01\/antracie_2nd.jpg","price_search":"<span class=\"woocommerce-Price-amount amount\"><bdi><span class=\"woocommerce-Price-currencySymbol\">&euro;<\/span>&nbsp;225,00<\/bdi><\/span>","category":"Blument\u00f6pfe und Pflanzgef\u00e4\u00dfe","_links":{"self":[{"href":"https:\/\/dev.eliassen.nl\/de\/wp-json\/wp\/v2\/product\/35491","targetHints":{"allow":["GET"]}}],"collection":[{"href":"https:\/\/dev.eliassen.nl\/de\/wp-json\/wp\/v2\/product"}],"about":[{"href":"https:\/\/dev.eliassen.nl\/de\/wp-json\/wp\/v2\/types\/product"}],"wp:featuredmedia":[{"embeddable":true,"href":"https:\/\/dev.eliassen.nl\/de\/wp-json\/wp\/v2\/media\/35473"}],"wp:attachment":[{"href":"https:\/\/dev.eliassen.nl\/de\/wp-json\/wp\/v2\/media?parent=35491"}],"wp:term":[{"taxonomy":"product_brand","embeddable":true,"href":"https:\/\/dev.eliassen.nl\/de\/wp-json\/wp\/v2\/product_brand?post=35491"},{"taxonomy":"product_cat","embeddable":true,"href":"https:\/\/dev.eliassen.nl\/de\/wp-json\/wp\/v2\/product_cat?post=35491"},{"taxonomy":"product_tag","embeddable":true,"href":"https:\/\/dev.eliassen.nl\/de\/wp-json\/wp\/v2\/product_tag?post=35491"}],"curies":[{"name":"wp","href":"https:\/\/api.w.org\/{rel}","templated":true}]}}