{"id":35545,"date":"2021-04-21T15:27:36","date_gmt":"2021-04-21T13:27:36","guid":{"rendered":"https:\/\/www.eliassen.nl\/?product=zuil-ijzer-roest-monet-halfrond-170cm"},"modified":"2024-12-05T15:48:34","modified_gmt":"2024-12-05T14:48:34","slug":"saule-eisenrost-monet-hemisphare-170cm","status":"publish","type":"product","link":"https:\/\/dev.eliassen.nl\/de\/saule-eisenrost-monet-hemisphare-170cm\/","title":{"rendered":"S\u00e4ule Eisenrost Monet Hemisph\u00e4re 170cm"},"content":{"rendered":"<p>Ein besonderer Stimmungsmacher in Ihrem Garten. So k\u00f6nnen Sie diese Stimmungslampe in Form einer halbkreisf\u00f6rmigen S\u00e4ule nennen. In diesen Sockel, der warmes wei\u00dfes Licht im Dunkeln strahlt, wird ein ber\u00fchmtes Zitat des Malers Monet gelasert, n\u00e4mlich &#8220;il me faut surtout avoir des fleurs, toujours et toujours&#8221;. Diese S\u00e4ule besteht aus 2 mm dickem unbehandeltem Eisen, was ihr eine sch\u00f6ne und zeitlose (rostige) braune Farbe verleiht.<\/p>\n<p>Mit diesem Sockel wird ein kleines LED-Licht geliefert, das \u00fcber ein Regal an Ort und Stelle gehalten wird. Sie setzen das LED-Licht ab, platzieren die Basis dar\u00fcber und fertig.<\/p>\n<p>Sie werden begeistert sein von der m\u00e4rchenhaften Atmosph\u00e4re, die diese halbkreisf\u00f6rmige S\u00e4ule erzeugt.<\/p>\n<p>Dieser Sockel kann \u00fcberall im Garten platziert werden, aber auch entlang einer Wand. Der R\u00fccken ist geschlossen.<\/p>\n<ul>\n<li>Durchmesser 50 cm, H\u00f6he 170 cm<\/li>\n<li>Inklusive LED-Licht 1 Watt, mit einer Kabell\u00e4nge von 7,5 Metern<\/li>\n<li>Material: Metall unbehandelt 2mm dick<\/li>\n<li>2 Jahre Garantie<\/li>\n<li>Achten Sie auf Rostflecken auf dekorativen Pflastersteinen<\/li>\n<\/ul>\n","protected":false},"excerpt":{"rendered":"<p>Ein besonderer Stimmungsmacher in Ihrem Garten. So k\u00f6nnen Sie diese Stimmungslampe in Form einer halbkreisf\u00f6rmigen S\u00e4ule nennen. In diesen Sockel, der warmes wei\u00dfes Licht im Dunkeln strahlt, wird ein ber\u00fchmtes Zitat des Malers Monet gelasert, n\u00e4mlich &#8220;il me faut surtout avoir des fleurs, toujours et toujours&#8221;. Diese S\u00e4ule besteht aus 2 mm dickem unbehandeltem Eisen, &hellip;<\/p>\n","protected":false},"featured_media":35536,"template":"","meta":{"_acf_changed":false},"product_brand":[],"product_cat":[899,797,782,746],"product_tag":[],"class_list":{"0":"post-35545","1":"product","2":"type-product","3":"status-publish","4":"has-post-thumbnail","6":"product_cat-ambientebeleuchtung-aussen","7":"product_cat-metallsockel","8":"product_cat-sockel","9":"product_cat-stimmungsvolle-beleuchtung","11":"first","12":"instock","13":"taxable","14":"shipping-taxable","15":"purchasable","16":"product-type-simple"},"acf":[],"yoast_head":"<!-- This site is optimized with the Yoast SEO plugin v23.8 - https:\/\/yoast.com\/wordpress\/plugins\/seo\/ -->\n<title>S\u00e4ule Eisenrost Monet Hemisph\u00e4re 170cm<\/title>\n<meta name=\"robots\" content=\"noindex, follow, max-snippet:-1, max-image-preview:large, max-video-preview:-1\" \/>\n<meta property=\"og:locale\" content=\"de_DE\" \/>\n<meta property=\"og:type\" content=\"article\" \/>\n<meta property=\"og:title\" content=\"S\u00e4ule Eisenrost Monet Hemisph\u00e4re 170cm\" \/>\n<meta property=\"og:description\" content=\"Ein besonderer Stimmungsmacher in Ihrem Garten. So k\u00f6nnen Sie diese Stimmungslampe in Form einer halbkreisf\u00f6rmigen S\u00e4ule nennen. In diesen Sockel, der warmes wei\u00dfes Licht im Dunkeln strahlt, wird ein ber\u00fchmtes Zitat des Malers Monet gelasert, n\u00e4mlich &#8220;il me faut surtout avoir des fleurs, toujours et toujours&#8221;. Diese S\u00e4ule besteht aus 2 mm dickem unbehandeltem Eisen, &hellip;\" \/>\n<meta property=\"og:url\" content=\"https:\/\/dev.eliassen.nl\/de\/saule-eisenrost-monet-hemisphare-170cm\/\" \/>\n<meta property=\"og:site_name\" content=\"Eliassen.nl\" \/>\n<meta property=\"article:publisher\" content=\"https:\/\/www.facebook.com\/TuincentrumEliassenAmmerzoden\" \/>\n<meta property=\"article:modified_time\" content=\"2024-12-05T14:48:34+00:00\" \/>\n<meta property=\"og:image\" content=\"https:\/\/dev.eliassen.nl\/wp-content\/uploads\/2024\/01\/mos150_2nd.jpg\" \/>\n\t<meta property=\"og:image:width\" content=\"585\" \/>\n\t<meta property=\"og:image:height\" content=\"852\" \/>\n\t<meta property=\"og:image:type\" content=\"image\/jpeg\" \/>\n<meta name=\"twitter:card\" content=\"summary_large_image\" \/>\n<script type=\"application\/ld+json\" class=\"yoast-schema-graph\">{\"@context\":\"https:\/\/schema.org\",\"@graph\":[{\"@type\":\"WebPage\",\"@id\":\"https:\/\/dev.eliassen.nl\/de\/saule-eisenrost-monet-hemisphare-170cm\/\",\"url\":\"https:\/\/dev.eliassen.nl\/de\/saule-eisenrost-monet-hemisphare-170cm\/\",\"name\":\"S\u00e4ule Eisenrost Monet Hemisph\u00e4re 170cm\",\"isPartOf\":{\"@id\":\"https:\/\/dev.eliassen.nl\/de\/#website\"},\"primaryImageOfPage\":{\"@id\":\"https:\/\/dev.eliassen.nl\/de\/saule-eisenrost-monet-hemisphare-170cm\/#primaryimage\"},\"image\":{\"@id\":\"https:\/\/dev.eliassen.nl\/de\/saule-eisenrost-monet-hemisphare-170cm\/#primaryimage\"},\"thumbnailUrl\":\"https:\/\/dev.eliassen.nl\/wp-content\/uploads\/2024\/01\/mos150_2nd.jpg\",\"datePublished\":\"2021-04-21T13:27:36+00:00\",\"dateModified\":\"2024-12-05T14:48:34+00:00\",\"breadcrumb\":{\"@id\":\"https:\/\/dev.eliassen.nl\/de\/saule-eisenrost-monet-hemisphare-170cm\/#breadcrumb\"},\"inLanguage\":\"de\",\"potentialAction\":[{\"@type\":\"ReadAction\",\"target\":[\"https:\/\/dev.eliassen.nl\/de\/saule-eisenrost-monet-hemisphare-170cm\/\"]}]},{\"@type\":\"ImageObject\",\"inLanguage\":\"de\",\"@id\":\"https:\/\/dev.eliassen.nl\/de\/saule-eisenrost-monet-hemisphare-170cm\/#primaryimage\",\"url\":\"https:\/\/dev.eliassen.nl\/wp-content\/uploads\/2024\/01\/mos150_2nd.jpg\",\"contentUrl\":\"https:\/\/dev.eliassen.nl\/wp-content\/uploads\/2024\/01\/mos150_2nd.jpg\",\"width\":585,\"height\":852,\"caption\":\"mos150\"},{\"@type\":\"BreadcrumbList\",\"@id\":\"https:\/\/dev.eliassen.nl\/de\/saule-eisenrost-monet-hemisphare-170cm\/#breadcrumb\",\"itemListElement\":[{\"@type\":\"ListItem\",\"position\":1,\"name\":\"Home\",\"item\":\"https:\/\/dev.eliassen.nl\/de\/\"},{\"@type\":\"ListItem\",\"position\":2,\"name\":\"Shop\",\"item\":\"https:\/\/dev.eliassen.nl\/nl\/winkel\/\"},{\"@type\":\"ListItem\",\"position\":3,\"name\":\"Stimmungsvolle Beleuchtung\",\"item\":\"https:\/\/dev.eliassen.nl\/de\/stimmungsvolle-beleuchtung\/\"},{\"@type\":\"ListItem\",\"position\":4,\"name\":\"Ambientebeleuchtung au\u00dfen\",\"item\":\"https:\/\/dev.eliassen.nl\/de\/stimmungsvolle-beleuchtung\/ambientebeleuchtung-aussen\/\"},{\"@type\":\"ListItem\",\"position\":5,\"name\":\"S\u00e4ule Eisenrost Monet Hemisph\u00e4re 170cm\"}]},{\"@type\":\"WebSite\",\"@id\":\"https:\/\/dev.eliassen.nl\/de\/#website\",\"url\":\"https:\/\/dev.eliassen.nl\/de\/\",\"name\":\"Eliassen Home & Garden Pleasure\",\"description\":\"\",\"publisher\":{\"@id\":\"https:\/\/dev.eliassen.nl\/de\/#organization\"},\"alternateName\":\"Eliassen.nl\",\"potentialAction\":[{\"@type\":\"SearchAction\",\"target\":{\"@type\":\"EntryPoint\",\"urlTemplate\":\"https:\/\/dev.eliassen.nl\/de\/?s={search_term_string}\"},\"query-input\":{\"@type\":\"PropertyValueSpecification\",\"valueRequired\":true,\"valueName\":\"search_term_string\"}}],\"inLanguage\":\"de\"},{\"@type\":\"Organization\",\"@id\":\"https:\/\/dev.eliassen.nl\/de\/#organization\",\"name\":\"Eliassen Home & Garden Pleasure\",\"url\":\"https:\/\/dev.eliassen.nl\/de\/\",\"logo\":{\"@type\":\"ImageObject\",\"inLanguage\":\"de\",\"@id\":\"https:\/\/dev.eliassen.nl\/de\/#\/schema\/logo\/image\/\",\"url\":\"https:\/\/www.eliassen.nl\/wp-content\/uploads\/2024\/01\/logo_4nd.jpg\",\"contentUrl\":\"https:\/\/www.eliassen.nl\/wp-content\/uploads\/2024\/01\/logo_4nd.jpg\",\"width\":500,\"height\":500,\"caption\":\"Eliassen Home & Garden Pleasure\"},\"image\":{\"@id\":\"https:\/\/dev.eliassen.nl\/de\/#\/schema\/logo\/image\/\"},\"sameAs\":[\"https:\/\/www.facebook.com\/TuincentrumEliassenAmmerzoden\",\"https:\/\/www.instagram.com\/eliassenhomeandgarden\/\",\"https:\/\/nl.pinterest.com\/eliassenhomeandgarden\/\",\"https:\/\/www.youtube.com\/@eliassenhomegardenpleasure4558\"]}]}<\/script>\n<!-- \/ Yoast SEO plugin. -->","yoast_head_json":{"title":"S\u00e4ule Eisenrost Monet Hemisph\u00e4re 170cm","robots":{"index":"noindex","follow":"follow","max-snippet":"max-snippet:-1","max-image-preview":"max-image-preview:large","max-video-preview":"max-video-preview:-1"},"og_locale":"de_DE","og_type":"article","og_title":"S\u00e4ule Eisenrost Monet Hemisph\u00e4re 170cm","og_description":"Ein besonderer Stimmungsmacher in Ihrem Garten. So k\u00f6nnen Sie diese Stimmungslampe in Form einer halbkreisf\u00f6rmigen S\u00e4ule nennen. In diesen Sockel, der warmes wei\u00dfes Licht im Dunkeln strahlt, wird ein ber\u00fchmtes Zitat des Malers Monet gelasert, n\u00e4mlich &#8220;il me faut surtout avoir des fleurs, toujours et toujours&#8221;. Diese S\u00e4ule besteht aus 2 mm dickem unbehandeltem Eisen, &hellip;","og_url":"https:\/\/dev.eliassen.nl\/de\/saule-eisenrost-monet-hemisphare-170cm\/","og_site_name":"Eliassen.nl","article_publisher":"https:\/\/www.facebook.com\/TuincentrumEliassenAmmerzoden","article_modified_time":"2024-12-05T14:48:34+00:00","og_image":[{"width":585,"height":852,"url":"https:\/\/dev.eliassen.nl\/wp-content\/uploads\/2024\/01\/mos150_2nd.jpg","type":"image\/jpeg"}],"twitter_card":"summary_large_image","schema":{"@context":"https:\/\/schema.org","@graph":[{"@type":"WebPage","@id":"https:\/\/dev.eliassen.nl\/de\/saule-eisenrost-monet-hemisphare-170cm\/","url":"https:\/\/dev.eliassen.nl\/de\/saule-eisenrost-monet-hemisphare-170cm\/","name":"S\u00e4ule Eisenrost Monet Hemisph\u00e4re 170cm","isPartOf":{"@id":"https:\/\/dev.eliassen.nl\/de\/#website"},"primaryImageOfPage":{"@id":"https:\/\/dev.eliassen.nl\/de\/saule-eisenrost-monet-hemisphare-170cm\/#primaryimage"},"image":{"@id":"https:\/\/dev.eliassen.nl\/de\/saule-eisenrost-monet-hemisphare-170cm\/#primaryimage"},"thumbnailUrl":"https:\/\/dev.eliassen.nl\/wp-content\/uploads\/2024\/01\/mos150_2nd.jpg","datePublished":"2021-04-21T13:27:36+00:00","dateModified":"2024-12-05T14:48:34+00:00","breadcrumb":{"@id":"https:\/\/dev.eliassen.nl\/de\/saule-eisenrost-monet-hemisphare-170cm\/#breadcrumb"},"inLanguage":"de","potentialAction":[{"@type":"ReadAction","target":["https:\/\/dev.eliassen.nl\/de\/saule-eisenrost-monet-hemisphare-170cm\/"]}]},{"@type":"ImageObject","inLanguage":"de","@id":"https:\/\/dev.eliassen.nl\/de\/saule-eisenrost-monet-hemisphare-170cm\/#primaryimage","url":"https:\/\/dev.eliassen.nl\/wp-content\/uploads\/2024\/01\/mos150_2nd.jpg","contentUrl":"https:\/\/dev.eliassen.nl\/wp-content\/uploads\/2024\/01\/mos150_2nd.jpg","width":585,"height":852,"caption":"mos150"},{"@type":"BreadcrumbList","@id":"https:\/\/dev.eliassen.nl\/de\/saule-eisenrost-monet-hemisphare-170cm\/#breadcrumb","itemListElement":[{"@type":"ListItem","position":1,"name":"Home","item":"https:\/\/dev.eliassen.nl\/de\/"},{"@type":"ListItem","position":2,"name":"Shop","item":"https:\/\/dev.eliassen.nl\/nl\/winkel\/"},{"@type":"ListItem","position":3,"name":"Stimmungsvolle Beleuchtung","item":"https:\/\/dev.eliassen.nl\/de\/stimmungsvolle-beleuchtung\/"},{"@type":"ListItem","position":4,"name":"Ambientebeleuchtung au\u00dfen","item":"https:\/\/dev.eliassen.nl\/de\/stimmungsvolle-beleuchtung\/ambientebeleuchtung-aussen\/"},{"@type":"ListItem","position":5,"name":"S\u00e4ule Eisenrost Monet Hemisph\u00e4re 170cm"}]},{"@type":"WebSite","@id":"https:\/\/dev.eliassen.nl\/de\/#website","url":"https:\/\/dev.eliassen.nl\/de\/","name":"Eliassen Home & Garden Pleasure","description":"","publisher":{"@id":"https:\/\/dev.eliassen.nl\/de\/#organization"},"alternateName":"Eliassen.nl","potentialAction":[{"@type":"SearchAction","target":{"@type":"EntryPoint","urlTemplate":"https:\/\/dev.eliassen.nl\/de\/?s={search_term_string}"},"query-input":{"@type":"PropertyValueSpecification","valueRequired":true,"valueName":"search_term_string"}}],"inLanguage":"de"},{"@type":"Organization","@id":"https:\/\/dev.eliassen.nl\/de\/#organization","name":"Eliassen Home & Garden Pleasure","url":"https:\/\/dev.eliassen.nl\/de\/","logo":{"@type":"ImageObject","inLanguage":"de","@id":"https:\/\/dev.eliassen.nl\/de\/#\/schema\/logo\/image\/","url":"https:\/\/www.eliassen.nl\/wp-content\/uploads\/2024\/01\/logo_4nd.jpg","contentUrl":"https:\/\/www.eliassen.nl\/wp-content\/uploads\/2024\/01\/logo_4nd.jpg","width":500,"height":500,"caption":"Eliassen Home & Garden Pleasure"},"image":{"@id":"https:\/\/dev.eliassen.nl\/de\/#\/schema\/logo\/image\/"},"sameAs":["https:\/\/www.facebook.com\/TuincentrumEliassenAmmerzoden","https:\/\/www.instagram.com\/eliassenhomeandgarden\/","https:\/\/nl.pinterest.com\/eliassenhomeandgarden\/","https:\/\/www.youtube.com\/@eliassenhomegardenpleasure4558"]}]}},"df_price":325,"df_sale_price":"","df_regular_price":325,"df_image_link":"https:\/\/dev.eliassen.nl\/wp-content\/uploads\/2024\/01\/mos150_2nd.jpg","image":"https:\/\/dev.eliassen.nl\/wp-content\/uploads\/2024\/01\/mos150_2nd.jpg","price_search":"<span class=\"woocommerce-Price-amount amount\"><bdi><span class=\"woocommerce-Price-currencySymbol\">&euro;<\/span>&nbsp;325,00<\/bdi><\/span>","category":"Ambientebeleuchtung au\u00dfen","_links":{"self":[{"href":"https:\/\/dev.eliassen.nl\/de\/wp-json\/wp\/v2\/product\/35545","targetHints":{"allow":["GET"]}}],"collection":[{"href":"https:\/\/dev.eliassen.nl\/de\/wp-json\/wp\/v2\/product"}],"about":[{"href":"https:\/\/dev.eliassen.nl\/de\/wp-json\/wp\/v2\/types\/product"}],"wp:featuredmedia":[{"embeddable":true,"href":"https:\/\/dev.eliassen.nl\/de\/wp-json\/wp\/v2\/media\/35536"}],"wp:attachment":[{"href":"https:\/\/dev.eliassen.nl\/de\/wp-json\/wp\/v2\/media?parent=35545"}],"wp:term":[{"taxonomy":"product_brand","embeddable":true,"href":"https:\/\/dev.eliassen.nl\/de\/wp-json\/wp\/v2\/product_brand?post=35545"},{"taxonomy":"product_cat","embeddable":true,"href":"https:\/\/dev.eliassen.nl\/de\/wp-json\/wp\/v2\/product_cat?post=35545"},{"taxonomy":"product_tag","embeddable":true,"href":"https:\/\/dev.eliassen.nl\/de\/wp-json\/wp\/v2\/product_tag?post=35545"}],"curies":[{"name":"wp","href":"https:\/\/api.w.org\/{rel}","templated":true}]}}