{"id":35566,"date":"2021-04-21T15:29:18","date_gmt":"2021-04-21T13:29:18","guid":{"rendered":"https:\/\/www.eliassen.nl\/?product=waterornament-agave-60cm"},"modified":"2024-12-05T15:48:35","modified_gmt":"2024-12-05T14:48:35","slug":"wasserspiel-agave-pflanze-60cm","status":"publish","type":"product","link":"https:\/\/dev.eliassen.nl\/de\/wasserspiel-agave-pflanze-60cm\/","title":{"rendered":"Wasserspiel Agavenpflanze 60cm"},"content":{"rendered":"<p><strong><video controls=\"controls\" width=\"300\" height=\"150\"><source src=\"https:\/\/cdn.webshopapp.com\/shops\/289658\/files\/460808142\/waterfontein-plant-agave-eliassennl.mov\" \/><\/video><\/strong><\/p>\n<p><strong>Dies ist ein separates Ornament. Bitte erkundigen Sie sich nach weiteren ben\u00f6tigten Teilen.<\/strong><\/p>\n<p>Wasserspiel in Form einer Agavenpflanze. Die Gr\u00f6\u00dfe des einzelnen Ornaments betr\u00e4gt 60 cm Durchmesser und 40 cm H\u00f6he. Ein sch\u00f6ner Blickfang ist der Garten, egal ob innerhalb oder au\u00dferhalb Ihres Unternehmens. Nirgendwo anders zu verkaufen. Bei unserer Showpr\u00e4sentation k\u00f6nnen Sie sehen, wie sch\u00f6n dieses Ornament flie\u00dft. Im Herzen dieses Ornaments befindet sich ein Rohr, durch das das Wasser nach oben spritzt. Aufgrund der Schwei\u00dfung kann es zu Verformungen der Grundplatte kommen, was normal ist und keinen Schaden anrichtet. Die Farbe kann vom Foto abweichen.<\/p>\n<ul>\n<li>Nirgendwo anders zu verkaufen<\/li>\n<li>Material: unbehandeltes Eisen, 2 mm dick<\/li>\n<li>Gr\u00f6\u00dfe: 60 cm Durchmesser und 30 cm hoch<\/li>\n<li>Schlauchanschluss 1\/2 Zoll<\/li>\n<li>Frostbest\u00e4ndig<\/li>\n<li>Haben Sie Fragen zu diesem Artikel oder ben\u00f6tigen Sie Ratschl\u00e4ge, wie Sie dieses Modell mit allen anderen Notwendigkeiten erg\u00e4nzen k\u00f6nnen? Bitte kontaktieren Sie uns.<\/li>\n<li>Tipp: Mit einem darauf gerichteten LED-Strahler schaffen Sie einen sch\u00f6nen Blickfang in Ihrem Garten.<\/li>\n<\/ul>\n","protected":false},"excerpt":{"rendered":"<p>Dies ist ein separates Ornament. Bitte erkundigen Sie sich nach weiteren ben\u00f6tigten Teilen.<\/p>\n","protected":false},"featured_media":35548,"template":"","meta":{"_acf_changed":false},"product_brand":[],"product_cat":[539,551,536],"product_tag":[],"class_list":{"0":"post-35566","1":"product","2":"type-product","3":"status-publish","4":"has-post-thumbnail","6":"product_cat-einzigartige-eigene-modelle-von-losen-wasserspiele","7":"product_cat-lose-wasserspiele","8":"product_cat-wassereigenschaften","10":"first","11":"instock","12":"taxable","13":"shipping-taxable","14":"purchasable","15":"product-type-simple"},"acf":[],"yoast_head":"<!-- This site is optimized with the Yoast SEO plugin v23.8 - https:\/\/yoast.com\/wordpress\/plugins\/seo\/ -->\n<title>Wasserspiel AGAVE Pflanze | 60cm | Eliassen.nl<\/title>\n<meta name=\"description\" content=\"Wasserornament als AGAVE-Pflanze auch als sch\u00f6ne Gartendeko, das ist ein Hingucker. NIRGENDWO ANDERS ZU VERKAUFEN! Frostbest\u00e4ndig. Material: EISEN.\" \/>\n<meta name=\"robots\" content=\"noindex, follow, max-snippet:-1, max-image-preview:large, max-video-preview:-1\" \/>\n<meta property=\"og:locale\" content=\"de_DE\" \/>\n<meta property=\"og:type\" content=\"article\" \/>\n<meta property=\"og:title\" content=\"Wasserspiel AGAVE Pflanze | 60cm | Eliassen.nl\" \/>\n<meta property=\"og:description\" content=\"Wasserornament als AGAVE-Pflanze auch als sch\u00f6ne Gartendeko, das ist ein Hingucker. NIRGENDWO ANDERS ZU VERKAUFEN! Frostbest\u00e4ndig. Material: EISEN.\" \/>\n<meta property=\"og:url\" content=\"https:\/\/dev.eliassen.nl\/de\/wasserspiel-agave-pflanze-60cm\/\" \/>\n<meta property=\"og:site_name\" content=\"Eliassen.nl\" \/>\n<meta property=\"article:publisher\" content=\"https:\/\/www.facebook.com\/TuincentrumEliassenAmmerzoden\" \/>\n<meta property=\"article:modified_time\" content=\"2024-12-05T14:48:35+00:00\" \/>\n<meta property=\"og:image\" content=\"https:\/\/dev.eliassen.nl\/wp-content\/uploads\/2024\/01\/71700agave80f.jpg\" \/>\n\t<meta property=\"og:image:width\" content=\"256\" \/>\n\t<meta property=\"og:image:height\" content=\"256\" \/>\n\t<meta property=\"og:image:type\" content=\"image\/jpeg\" \/>\n<meta name=\"twitter:card\" content=\"summary_large_image\" \/>\n<script type=\"application\/ld+json\" class=\"yoast-schema-graph\">{\"@context\":\"https:\/\/schema.org\",\"@graph\":[{\"@type\":\"WebPage\",\"@id\":\"https:\/\/dev.eliassen.nl\/de\/wasserspiel-agave-pflanze-60cm\/\",\"url\":\"https:\/\/dev.eliassen.nl\/de\/wasserspiel-agave-pflanze-60cm\/\",\"name\":\"Wasserspiel AGAVE Pflanze | 60cm | Eliassen.nl\",\"isPartOf\":{\"@id\":\"https:\/\/dev.eliassen.nl\/de\/#website\"},\"primaryImageOfPage\":{\"@id\":\"https:\/\/dev.eliassen.nl\/de\/wasserspiel-agave-pflanze-60cm\/#primaryimage\"},\"image\":{\"@id\":\"https:\/\/dev.eliassen.nl\/de\/wasserspiel-agave-pflanze-60cm\/#primaryimage\"},\"thumbnailUrl\":\"https:\/\/dev.eliassen.nl\/wp-content\/uploads\/2024\/01\/71700agave80f.jpg\",\"datePublished\":\"2021-04-21T13:29:18+00:00\",\"dateModified\":\"2024-12-05T14:48:35+00:00\",\"description\":\"Wasserornament als AGAVE-Pflanze auch als sch\u00f6ne Gartendeko, das ist ein Hingucker. NIRGENDWO ANDERS ZU VERKAUFEN! Frostbest\u00e4ndig. Material: EISEN.\",\"breadcrumb\":{\"@id\":\"https:\/\/dev.eliassen.nl\/de\/wasserspiel-agave-pflanze-60cm\/#breadcrumb\"},\"inLanguage\":\"de\",\"potentialAction\":[{\"@type\":\"ReadAction\",\"target\":[\"https:\/\/dev.eliassen.nl\/de\/wasserspiel-agave-pflanze-60cm\/\"]}]},{\"@type\":\"ImageObject\",\"inLanguage\":\"de\",\"@id\":\"https:\/\/dev.eliassen.nl\/de\/wasserspiel-agave-pflanze-60cm\/#primaryimage\",\"url\":\"https:\/\/dev.eliassen.nl\/wp-content\/uploads\/2024\/01\/71700agave80f.jpg\",\"contentUrl\":\"https:\/\/dev.eliassen.nl\/wp-content\/uploads\/2024\/01\/71700agave80f.jpg\",\"width\":256,\"height\":256,\"caption\":\"71700agave80f\"},{\"@type\":\"BreadcrumbList\",\"@id\":\"https:\/\/dev.eliassen.nl\/de\/wasserspiel-agave-pflanze-60cm\/#breadcrumb\",\"itemListElement\":[{\"@type\":\"ListItem\",\"position\":1,\"name\":\"Home\",\"item\":\"https:\/\/dev.eliassen.nl\/de\/\"},{\"@type\":\"ListItem\",\"position\":2,\"name\":\"Shop\",\"item\":\"https:\/\/dev.eliassen.nl\/nl\/winkel\/\"},{\"@type\":\"ListItem\",\"position\":3,\"name\":\"Wasserspiele\",\"item\":\"https:\/\/dev.eliassen.nl\/de\/wassereigenschaften\/\"},{\"@type\":\"ListItem\",\"position\":4,\"name\":\"Einzigartige eigene Modelle von losen Wasserspielen\",\"item\":\"https:\/\/dev.eliassen.nl\/de\/wassereigenschaften\/einzigartige-eigene-modelle-von-losen-wasserspiele\/\"},{\"@type\":\"ListItem\",\"position\":5,\"name\":\"Wasserspiel Agavenpflanze 60cm\"}]},{\"@type\":\"WebSite\",\"@id\":\"https:\/\/dev.eliassen.nl\/de\/#website\",\"url\":\"https:\/\/dev.eliassen.nl\/de\/\",\"name\":\"Eliassen Home & Garden Pleasure\",\"description\":\"\",\"publisher\":{\"@id\":\"https:\/\/dev.eliassen.nl\/de\/#organization\"},\"alternateName\":\"Eliassen.nl\",\"potentialAction\":[{\"@type\":\"SearchAction\",\"target\":{\"@type\":\"EntryPoint\",\"urlTemplate\":\"https:\/\/dev.eliassen.nl\/de\/?s={search_term_string}\"},\"query-input\":{\"@type\":\"PropertyValueSpecification\",\"valueRequired\":true,\"valueName\":\"search_term_string\"}}],\"inLanguage\":\"de\"},{\"@type\":\"Organization\",\"@id\":\"https:\/\/dev.eliassen.nl\/de\/#organization\",\"name\":\"Eliassen Home & Garden Pleasure\",\"url\":\"https:\/\/dev.eliassen.nl\/de\/\",\"logo\":{\"@type\":\"ImageObject\",\"inLanguage\":\"de\",\"@id\":\"https:\/\/dev.eliassen.nl\/de\/#\/schema\/logo\/image\/\",\"url\":\"https:\/\/www.eliassen.nl\/wp-content\/uploads\/2024\/01\/logo_4nd.jpg\",\"contentUrl\":\"https:\/\/www.eliassen.nl\/wp-content\/uploads\/2024\/01\/logo_4nd.jpg\",\"width\":500,\"height\":500,\"caption\":\"Eliassen Home & Garden Pleasure\"},\"image\":{\"@id\":\"https:\/\/dev.eliassen.nl\/de\/#\/schema\/logo\/image\/\"},\"sameAs\":[\"https:\/\/www.facebook.com\/TuincentrumEliassenAmmerzoden\",\"https:\/\/www.instagram.com\/eliassenhomeandgarden\/\",\"https:\/\/nl.pinterest.com\/eliassenhomeandgarden\/\",\"https:\/\/www.youtube.com\/@eliassenhomegardenpleasure4558\"]}]}<\/script>\n<!-- \/ Yoast SEO plugin. -->","yoast_head_json":{"title":"Wasserspiel AGAVE Pflanze | 60cm | Eliassen.nl","description":"Wasserornament als AGAVE-Pflanze auch als sch\u00f6ne Gartendeko, das ist ein Hingucker. NIRGENDWO ANDERS ZU VERKAUFEN! Frostbest\u00e4ndig. Material: EISEN.","robots":{"index":"noindex","follow":"follow","max-snippet":"max-snippet:-1","max-image-preview":"max-image-preview:large","max-video-preview":"max-video-preview:-1"},"og_locale":"de_DE","og_type":"article","og_title":"Wasserspiel AGAVE Pflanze | 60cm | Eliassen.nl","og_description":"Wasserornament als AGAVE-Pflanze auch als sch\u00f6ne Gartendeko, das ist ein Hingucker. NIRGENDWO ANDERS ZU VERKAUFEN! Frostbest\u00e4ndig. Material: EISEN.","og_url":"https:\/\/dev.eliassen.nl\/de\/wasserspiel-agave-pflanze-60cm\/","og_site_name":"Eliassen.nl","article_publisher":"https:\/\/www.facebook.com\/TuincentrumEliassenAmmerzoden","article_modified_time":"2024-12-05T14:48:35+00:00","og_image":[{"width":256,"height":256,"url":"https:\/\/dev.eliassen.nl\/wp-content\/uploads\/2024\/01\/71700agave80f.jpg","type":"image\/jpeg"}],"twitter_card":"summary_large_image","schema":{"@context":"https:\/\/schema.org","@graph":[{"@type":"WebPage","@id":"https:\/\/dev.eliassen.nl\/de\/wasserspiel-agave-pflanze-60cm\/","url":"https:\/\/dev.eliassen.nl\/de\/wasserspiel-agave-pflanze-60cm\/","name":"Wasserspiel AGAVE Pflanze | 60cm | Eliassen.nl","isPartOf":{"@id":"https:\/\/dev.eliassen.nl\/de\/#website"},"primaryImageOfPage":{"@id":"https:\/\/dev.eliassen.nl\/de\/wasserspiel-agave-pflanze-60cm\/#primaryimage"},"image":{"@id":"https:\/\/dev.eliassen.nl\/de\/wasserspiel-agave-pflanze-60cm\/#primaryimage"},"thumbnailUrl":"https:\/\/dev.eliassen.nl\/wp-content\/uploads\/2024\/01\/71700agave80f.jpg","datePublished":"2021-04-21T13:29:18+00:00","dateModified":"2024-12-05T14:48:35+00:00","description":"Wasserornament als AGAVE-Pflanze auch als sch\u00f6ne Gartendeko, das ist ein Hingucker. NIRGENDWO ANDERS ZU VERKAUFEN! Frostbest\u00e4ndig. Material: EISEN.","breadcrumb":{"@id":"https:\/\/dev.eliassen.nl\/de\/wasserspiel-agave-pflanze-60cm\/#breadcrumb"},"inLanguage":"de","potentialAction":[{"@type":"ReadAction","target":["https:\/\/dev.eliassen.nl\/de\/wasserspiel-agave-pflanze-60cm\/"]}]},{"@type":"ImageObject","inLanguage":"de","@id":"https:\/\/dev.eliassen.nl\/de\/wasserspiel-agave-pflanze-60cm\/#primaryimage","url":"https:\/\/dev.eliassen.nl\/wp-content\/uploads\/2024\/01\/71700agave80f.jpg","contentUrl":"https:\/\/dev.eliassen.nl\/wp-content\/uploads\/2024\/01\/71700agave80f.jpg","width":256,"height":256,"caption":"71700agave80f"},{"@type":"BreadcrumbList","@id":"https:\/\/dev.eliassen.nl\/de\/wasserspiel-agave-pflanze-60cm\/#breadcrumb","itemListElement":[{"@type":"ListItem","position":1,"name":"Home","item":"https:\/\/dev.eliassen.nl\/de\/"},{"@type":"ListItem","position":2,"name":"Shop","item":"https:\/\/dev.eliassen.nl\/nl\/winkel\/"},{"@type":"ListItem","position":3,"name":"Wasserspiele","item":"https:\/\/dev.eliassen.nl\/de\/wassereigenschaften\/"},{"@type":"ListItem","position":4,"name":"Einzigartige eigene Modelle von losen Wasserspielen","item":"https:\/\/dev.eliassen.nl\/de\/wassereigenschaften\/einzigartige-eigene-modelle-von-losen-wasserspiele\/"},{"@type":"ListItem","position":5,"name":"Wasserspiel Agavenpflanze 60cm"}]},{"@type":"WebSite","@id":"https:\/\/dev.eliassen.nl\/de\/#website","url":"https:\/\/dev.eliassen.nl\/de\/","name":"Eliassen Home & Garden Pleasure","description":"","publisher":{"@id":"https:\/\/dev.eliassen.nl\/de\/#organization"},"alternateName":"Eliassen.nl","potentialAction":[{"@type":"SearchAction","target":{"@type":"EntryPoint","urlTemplate":"https:\/\/dev.eliassen.nl\/de\/?s={search_term_string}"},"query-input":{"@type":"PropertyValueSpecification","valueRequired":true,"valueName":"search_term_string"}}],"inLanguage":"de"},{"@type":"Organization","@id":"https:\/\/dev.eliassen.nl\/de\/#organization","name":"Eliassen Home & Garden Pleasure","url":"https:\/\/dev.eliassen.nl\/de\/","logo":{"@type":"ImageObject","inLanguage":"de","@id":"https:\/\/dev.eliassen.nl\/de\/#\/schema\/logo\/image\/","url":"https:\/\/www.eliassen.nl\/wp-content\/uploads\/2024\/01\/logo_4nd.jpg","contentUrl":"https:\/\/www.eliassen.nl\/wp-content\/uploads\/2024\/01\/logo_4nd.jpg","width":500,"height":500,"caption":"Eliassen Home & Garden Pleasure"},"image":{"@id":"https:\/\/dev.eliassen.nl\/de\/#\/schema\/logo\/image\/"},"sameAs":["https:\/\/www.facebook.com\/TuincentrumEliassenAmmerzoden","https:\/\/www.instagram.com\/eliassenhomeandgarden\/","https:\/\/nl.pinterest.com\/eliassenhomeandgarden\/","https:\/\/www.youtube.com\/@eliassenhomegardenpleasure4558"]}]}},"df_price":295,"df_sale_price":"","df_regular_price":295,"df_image_link":"https:\/\/dev.eliassen.nl\/wp-content\/uploads\/2024\/01\/71700agave80f.jpg","image":"https:\/\/dev.eliassen.nl\/wp-content\/uploads\/2024\/01\/71700agave80f.jpg","price_search":"<span class=\"woocommerce-Price-amount amount\"><bdi><span class=\"woocommerce-Price-currencySymbol\">&euro;<\/span>&nbsp;295,00<\/bdi><\/span>","category":"Einzigartige eigene Modelle von losen Wasserspielen","_links":{"self":[{"href":"https:\/\/dev.eliassen.nl\/de\/wp-json\/wp\/v2\/product\/35566","targetHints":{"allow":["GET"]}}],"collection":[{"href":"https:\/\/dev.eliassen.nl\/de\/wp-json\/wp\/v2\/product"}],"about":[{"href":"https:\/\/dev.eliassen.nl\/de\/wp-json\/wp\/v2\/types\/product"}],"wp:featuredmedia":[{"embeddable":true,"href":"https:\/\/dev.eliassen.nl\/de\/wp-json\/wp\/v2\/media\/35548"}],"wp:attachment":[{"href":"https:\/\/dev.eliassen.nl\/de\/wp-json\/wp\/v2\/media?parent=35566"}],"wp:term":[{"taxonomy":"product_brand","embeddable":true,"href":"https:\/\/dev.eliassen.nl\/de\/wp-json\/wp\/v2\/product_brand?post=35566"},{"taxonomy":"product_cat","embeddable":true,"href":"https:\/\/dev.eliassen.nl\/de\/wp-json\/wp\/v2\/product_cat?post=35566"},{"taxonomy":"product_tag","embeddable":true,"href":"https:\/\/dev.eliassen.nl\/de\/wp-json\/wp\/v2\/product_tag?post=35566"}],"curies":[{"name":"wp","href":"https:\/\/api.w.org\/{rel}","templated":true}]}}