{"id":35644,"date":"2021-04-21T16:14:34","date_gmt":"2021-04-21T14:14:34","guid":{"rendered":"https:\/\/www.eliassen.nl\/?product=lichtbol-ijzer-roest-40cm-barok-120847079"},"modified":"2024-12-05T15:48:38","modified_gmt":"2024-12-05T14:48:38","slug":"gluhbirne-eisenrost-40cm-hippie","status":"publish","type":"product","link":"https:\/\/dev.eliassen.nl\/de\/gluhbirne-eisenrost-40cm-hippie\/","title":{"rendered":"Gl\u00fchbirne Eisenrost 40cm Hippie"},"content":{"rendered":"<p>Ein besonderer Stimmungsmacher in Ihrem Garten, so kann man diese Gartenlampe in Form einer Kugel nennen. Aus dieser Kugel wurde eine wundersch\u00f6ne Figur herausgearbeitet, durch die im Dunkeln warmwei\u00dfes Licht scheint. Diese Gl\u00fchbirne besteht aus 2 mm dickem, unbehandeltem Eisen, das eine sch\u00f6ne und zeitlose (rost-)braune Farbe ergibt.<\/p>\n<p>Die Figur in der Kugel ist bei diesem Modell leicht schr\u00e4g gestellt, damit sie bei Dunkelheit voll im Bild ist. Diese Kugel hat ein kleines LED-Licht, das von einer Ablage gehalten wird. Sie stellen das LED-Licht ab, platzieren die Gl\u00fchbirne dar\u00fcber und fertig.<\/p>\n<ul>\n<li>Durchmesser 40cm<\/li>\n<li>Inklusive LED-Licht 1 Watt, mit einer Kabell\u00e4nge von 7,5 Metern<\/li>\n<li>Material: Metall unbehandelt 2mm stark<\/li>\n<li>2 Jahre Garantie<\/li>\n<li>Achten Sie auf Rostflecken auf Zierpflaster<\/li>\n<\/ul>\n","protected":false},"excerpt":{"rendered":"<p>Ein besonderer Stimmungsmacher in Ihrem Garten, so kann man diese Gartenlampe in Form einer Kugel nennen. Aus dieser Kugel wurde eine wundersch\u00f6ne Figur herausgearbeitet, durch die im Dunkeln warmwei\u00dfes Licht scheint. Diese Gl\u00fchbirne besteht aus 2 mm dickem, unbehandeltem Eisen, das eine sch\u00f6ne und zeitlose (rost-)braune Farbe ergibt. Die Figur in der Kugel ist bei &hellip;<\/p>\n","protected":false},"featured_media":35632,"template":"","meta":{"_acf_changed":false},"product_brand":[],"product_cat":[899,746],"product_tag":[],"class_list":{"0":"post-35644","1":"product","2":"type-product","3":"status-publish","4":"has-post-thumbnail","6":"product_cat-ambientebeleuchtung-aussen","7":"product_cat-stimmungsvolle-beleuchtung","9":"first","10":"instock","11":"taxable","12":"shipping-taxable","13":"purchasable","14":"product-type-simple"},"acf":[],"yoast_head":"<!-- This site is optimized with the Yoast SEO plugin v23.8 - https:\/\/yoast.com\/wordpress\/plugins\/seo\/ -->\n<title>Gl\u00fchbirne Eisenrost 40cm Hippie | Eliassen<\/title>\n<meta name=\"description\" content=\"Bei Eliassen kaufen Sie Gl\u00fchbirne Eisenrost 40cm Hippie online oder k\u00f6nnen live im Showroom besichtigt werden. Direkt online bestellen.\" \/>\n<meta name=\"robots\" content=\"noindex, follow, max-snippet:-1, max-image-preview:large, max-video-preview:-1\" \/>\n<meta property=\"og:locale\" content=\"de_DE\" \/>\n<meta property=\"og:type\" content=\"article\" \/>\n<meta property=\"og:title\" content=\"Gl\u00fchbirne Eisenrost 40cm Hippie | Eliassen\" \/>\n<meta property=\"og:description\" content=\"Bei Eliassen kaufen Sie Gl\u00fchbirne Eisenrost 40cm Hippie online oder k\u00f6nnen live im Showroom besichtigt werden. Direkt online bestellen.\" \/>\n<meta property=\"og:url\" content=\"https:\/\/dev.eliassen.nl\/de\/gluhbirne-eisenrost-40cm-hippie\/\" \/>\n<meta property=\"og:site_name\" content=\"Eliassen.nl\" \/>\n<meta property=\"article:publisher\" content=\"https:\/\/www.facebook.com\/TuincentrumEliassenAmmerzoden\" \/>\n<meta property=\"article:modified_time\" content=\"2024-12-05T14:48:38+00:00\" \/>\n<meta property=\"og:image\" content=\"https:\/\/dev.eliassen.nl\/wp-content\/uploads\/2024\/01\/dsc0403_2nd.jpg\" \/>\n\t<meta property=\"og:image:width\" content=\"1365\" \/>\n\t<meta property=\"og:image:height\" content=\"2048\" \/>\n\t<meta property=\"og:image:type\" content=\"image\/jpeg\" \/>\n<meta name=\"twitter:card\" content=\"summary_large_image\" \/>\n<script type=\"application\/ld+json\" class=\"yoast-schema-graph\">{\"@context\":\"https:\/\/schema.org\",\"@graph\":[{\"@type\":\"WebPage\",\"@id\":\"https:\/\/dev.eliassen.nl\/de\/gluhbirne-eisenrost-40cm-hippie\/\",\"url\":\"https:\/\/dev.eliassen.nl\/de\/gluhbirne-eisenrost-40cm-hippie\/\",\"name\":\"Gl\u00fchbirne Eisenrost 40cm Hippie | Eliassen\",\"isPartOf\":{\"@id\":\"https:\/\/dev.eliassen.nl\/de\/#website\"},\"primaryImageOfPage\":{\"@id\":\"https:\/\/dev.eliassen.nl\/de\/gluhbirne-eisenrost-40cm-hippie\/#primaryimage\"},\"image\":{\"@id\":\"https:\/\/dev.eliassen.nl\/de\/gluhbirne-eisenrost-40cm-hippie\/#primaryimage\"},\"thumbnailUrl\":\"https:\/\/dev.eliassen.nl\/wp-content\/uploads\/2024\/01\/dsc0403_2nd.jpg\",\"datePublished\":\"2021-04-21T14:14:34+00:00\",\"dateModified\":\"2024-12-05T14:48:38+00:00\",\"description\":\"Bei Eliassen kaufen Sie Gl\u00fchbirne Eisenrost 40cm Hippie online oder k\u00f6nnen live im Showroom besichtigt werden. Direkt online bestellen.\",\"breadcrumb\":{\"@id\":\"https:\/\/dev.eliassen.nl\/de\/gluhbirne-eisenrost-40cm-hippie\/#breadcrumb\"},\"inLanguage\":\"de\",\"potentialAction\":[{\"@type\":\"ReadAction\",\"target\":[\"https:\/\/dev.eliassen.nl\/de\/gluhbirne-eisenrost-40cm-hippie\/\"]}]},{\"@type\":\"ImageObject\",\"inLanguage\":\"de\",\"@id\":\"https:\/\/dev.eliassen.nl\/de\/gluhbirne-eisenrost-40cm-hippie\/#primaryimage\",\"url\":\"https:\/\/dev.eliassen.nl\/wp-content\/uploads\/2024\/01\/dsc0403_2nd.jpg\",\"contentUrl\":\"https:\/\/dev.eliassen.nl\/wp-content\/uploads\/2024\/01\/dsc0403_2nd.jpg\",\"width\":1365,\"height\":2048,\"caption\":\"DSC_0403\"},{\"@type\":\"BreadcrumbList\",\"@id\":\"https:\/\/dev.eliassen.nl\/de\/gluhbirne-eisenrost-40cm-hippie\/#breadcrumb\",\"itemListElement\":[{\"@type\":\"ListItem\",\"position\":1,\"name\":\"Home\",\"item\":\"https:\/\/dev.eliassen.nl\/de\/\"},{\"@type\":\"ListItem\",\"position\":2,\"name\":\"Shop\",\"item\":\"https:\/\/dev.eliassen.nl\/nl\/winkel\/\"},{\"@type\":\"ListItem\",\"position\":3,\"name\":\"Stimmungsvolle Beleuchtung\",\"item\":\"https:\/\/dev.eliassen.nl\/de\/stimmungsvolle-beleuchtung\/\"},{\"@type\":\"ListItem\",\"position\":4,\"name\":\"Ambientebeleuchtung au\u00dfen\",\"item\":\"https:\/\/dev.eliassen.nl\/de\/stimmungsvolle-beleuchtung\/ambientebeleuchtung-aussen\/\"},{\"@type\":\"ListItem\",\"position\":5,\"name\":\"Gl\u00fchbirne Eisenrost 40cm Hippie\"}]},{\"@type\":\"WebSite\",\"@id\":\"https:\/\/dev.eliassen.nl\/de\/#website\",\"url\":\"https:\/\/dev.eliassen.nl\/de\/\",\"name\":\"Eliassen Home & Garden Pleasure\",\"description\":\"\",\"publisher\":{\"@id\":\"https:\/\/dev.eliassen.nl\/de\/#organization\"},\"alternateName\":\"Eliassen.nl\",\"potentialAction\":[{\"@type\":\"SearchAction\",\"target\":{\"@type\":\"EntryPoint\",\"urlTemplate\":\"https:\/\/dev.eliassen.nl\/de\/?s={search_term_string}\"},\"query-input\":{\"@type\":\"PropertyValueSpecification\",\"valueRequired\":true,\"valueName\":\"search_term_string\"}}],\"inLanguage\":\"de\"},{\"@type\":\"Organization\",\"@id\":\"https:\/\/dev.eliassen.nl\/de\/#organization\",\"name\":\"Eliassen Home & Garden Pleasure\",\"url\":\"https:\/\/dev.eliassen.nl\/de\/\",\"logo\":{\"@type\":\"ImageObject\",\"inLanguage\":\"de\",\"@id\":\"https:\/\/dev.eliassen.nl\/de\/#\/schema\/logo\/image\/\",\"url\":\"https:\/\/www.eliassen.nl\/wp-content\/uploads\/2024\/01\/logo_4nd.jpg\",\"contentUrl\":\"https:\/\/www.eliassen.nl\/wp-content\/uploads\/2024\/01\/logo_4nd.jpg\",\"width\":500,\"height\":500,\"caption\":\"Eliassen Home & Garden Pleasure\"},\"image\":{\"@id\":\"https:\/\/dev.eliassen.nl\/de\/#\/schema\/logo\/image\/\"},\"sameAs\":[\"https:\/\/www.facebook.com\/TuincentrumEliassenAmmerzoden\",\"https:\/\/www.instagram.com\/eliassenhomeandgarden\/\",\"https:\/\/nl.pinterest.com\/eliassenhomeandgarden\/\",\"https:\/\/www.youtube.com\/@eliassenhomegardenpleasure4558\"]}]}<\/script>\n<!-- \/ Yoast SEO plugin. -->","yoast_head_json":{"title":"Gl\u00fchbirne Eisenrost 40cm Hippie | Eliassen","description":"Bei Eliassen kaufen Sie Gl\u00fchbirne Eisenrost 40cm Hippie online oder k\u00f6nnen live im Showroom besichtigt werden. Direkt online bestellen.","robots":{"index":"noindex","follow":"follow","max-snippet":"max-snippet:-1","max-image-preview":"max-image-preview:large","max-video-preview":"max-video-preview:-1"},"og_locale":"de_DE","og_type":"article","og_title":"Gl\u00fchbirne Eisenrost 40cm Hippie | Eliassen","og_description":"Bei Eliassen kaufen Sie Gl\u00fchbirne Eisenrost 40cm Hippie online oder k\u00f6nnen live im Showroom besichtigt werden. Direkt online bestellen.","og_url":"https:\/\/dev.eliassen.nl\/de\/gluhbirne-eisenrost-40cm-hippie\/","og_site_name":"Eliassen.nl","article_publisher":"https:\/\/www.facebook.com\/TuincentrumEliassenAmmerzoden","article_modified_time":"2024-12-05T14:48:38+00:00","og_image":[{"width":1365,"height":2048,"url":"https:\/\/dev.eliassen.nl\/wp-content\/uploads\/2024\/01\/dsc0403_2nd.jpg","type":"image\/jpeg"}],"twitter_card":"summary_large_image","schema":{"@context":"https:\/\/schema.org","@graph":[{"@type":"WebPage","@id":"https:\/\/dev.eliassen.nl\/de\/gluhbirne-eisenrost-40cm-hippie\/","url":"https:\/\/dev.eliassen.nl\/de\/gluhbirne-eisenrost-40cm-hippie\/","name":"Gl\u00fchbirne Eisenrost 40cm Hippie | Eliassen","isPartOf":{"@id":"https:\/\/dev.eliassen.nl\/de\/#website"},"primaryImageOfPage":{"@id":"https:\/\/dev.eliassen.nl\/de\/gluhbirne-eisenrost-40cm-hippie\/#primaryimage"},"image":{"@id":"https:\/\/dev.eliassen.nl\/de\/gluhbirne-eisenrost-40cm-hippie\/#primaryimage"},"thumbnailUrl":"https:\/\/dev.eliassen.nl\/wp-content\/uploads\/2024\/01\/dsc0403_2nd.jpg","datePublished":"2021-04-21T14:14:34+00:00","dateModified":"2024-12-05T14:48:38+00:00","description":"Bei Eliassen kaufen Sie Gl\u00fchbirne Eisenrost 40cm Hippie online oder k\u00f6nnen live im Showroom besichtigt werden. Direkt online bestellen.","breadcrumb":{"@id":"https:\/\/dev.eliassen.nl\/de\/gluhbirne-eisenrost-40cm-hippie\/#breadcrumb"},"inLanguage":"de","potentialAction":[{"@type":"ReadAction","target":["https:\/\/dev.eliassen.nl\/de\/gluhbirne-eisenrost-40cm-hippie\/"]}]},{"@type":"ImageObject","inLanguage":"de","@id":"https:\/\/dev.eliassen.nl\/de\/gluhbirne-eisenrost-40cm-hippie\/#primaryimage","url":"https:\/\/dev.eliassen.nl\/wp-content\/uploads\/2024\/01\/dsc0403_2nd.jpg","contentUrl":"https:\/\/dev.eliassen.nl\/wp-content\/uploads\/2024\/01\/dsc0403_2nd.jpg","width":1365,"height":2048,"caption":"DSC_0403"},{"@type":"BreadcrumbList","@id":"https:\/\/dev.eliassen.nl\/de\/gluhbirne-eisenrost-40cm-hippie\/#breadcrumb","itemListElement":[{"@type":"ListItem","position":1,"name":"Home","item":"https:\/\/dev.eliassen.nl\/de\/"},{"@type":"ListItem","position":2,"name":"Shop","item":"https:\/\/dev.eliassen.nl\/nl\/winkel\/"},{"@type":"ListItem","position":3,"name":"Stimmungsvolle Beleuchtung","item":"https:\/\/dev.eliassen.nl\/de\/stimmungsvolle-beleuchtung\/"},{"@type":"ListItem","position":4,"name":"Ambientebeleuchtung au\u00dfen","item":"https:\/\/dev.eliassen.nl\/de\/stimmungsvolle-beleuchtung\/ambientebeleuchtung-aussen\/"},{"@type":"ListItem","position":5,"name":"Gl\u00fchbirne Eisenrost 40cm Hippie"}]},{"@type":"WebSite","@id":"https:\/\/dev.eliassen.nl\/de\/#website","url":"https:\/\/dev.eliassen.nl\/de\/","name":"Eliassen Home & Garden Pleasure","description":"","publisher":{"@id":"https:\/\/dev.eliassen.nl\/de\/#organization"},"alternateName":"Eliassen.nl","potentialAction":[{"@type":"SearchAction","target":{"@type":"EntryPoint","urlTemplate":"https:\/\/dev.eliassen.nl\/de\/?s={search_term_string}"},"query-input":{"@type":"PropertyValueSpecification","valueRequired":true,"valueName":"search_term_string"}}],"inLanguage":"de"},{"@type":"Organization","@id":"https:\/\/dev.eliassen.nl\/de\/#organization","name":"Eliassen Home & Garden Pleasure","url":"https:\/\/dev.eliassen.nl\/de\/","logo":{"@type":"ImageObject","inLanguage":"de","@id":"https:\/\/dev.eliassen.nl\/de\/#\/schema\/logo\/image\/","url":"https:\/\/www.eliassen.nl\/wp-content\/uploads\/2024\/01\/logo_4nd.jpg","contentUrl":"https:\/\/www.eliassen.nl\/wp-content\/uploads\/2024\/01\/logo_4nd.jpg","width":500,"height":500,"caption":"Eliassen Home & Garden Pleasure"},"image":{"@id":"https:\/\/dev.eliassen.nl\/de\/#\/schema\/logo\/image\/"},"sameAs":["https:\/\/www.facebook.com\/TuincentrumEliassenAmmerzoden","https:\/\/www.instagram.com\/eliassenhomeandgarden\/","https:\/\/nl.pinterest.com\/eliassenhomeandgarden\/","https:\/\/www.youtube.com\/@eliassenhomegardenpleasure4558"]}]}},"df_price":199,"df_sale_price":"","df_regular_price":199,"df_image_link":"https:\/\/dev.eliassen.nl\/wp-content\/uploads\/2024\/01\/dsc0403_2nd.jpg","image":"https:\/\/dev.eliassen.nl\/wp-content\/uploads\/2024\/01\/dsc0403_2nd.jpg","price_search":"<span class=\"woocommerce-Price-amount amount\"><bdi><span class=\"woocommerce-Price-currencySymbol\">&euro;<\/span>&nbsp;199,00<\/bdi><\/span>","category":"Ambientebeleuchtung au\u00dfen","_links":{"self":[{"href":"https:\/\/dev.eliassen.nl\/de\/wp-json\/wp\/v2\/product\/35644","targetHints":{"allow":["GET"]}}],"collection":[{"href":"https:\/\/dev.eliassen.nl\/de\/wp-json\/wp\/v2\/product"}],"about":[{"href":"https:\/\/dev.eliassen.nl\/de\/wp-json\/wp\/v2\/types\/product"}],"wp:featuredmedia":[{"embeddable":true,"href":"https:\/\/dev.eliassen.nl\/de\/wp-json\/wp\/v2\/media\/35632"}],"wp:attachment":[{"href":"https:\/\/dev.eliassen.nl\/de\/wp-json\/wp\/v2\/media?parent=35644"}],"wp:term":[{"taxonomy":"product_brand","embeddable":true,"href":"https:\/\/dev.eliassen.nl\/de\/wp-json\/wp\/v2\/product_brand?post=35644"},{"taxonomy":"product_cat","embeddable":true,"href":"https:\/\/dev.eliassen.nl\/de\/wp-json\/wp\/v2\/product_cat?post=35644"},{"taxonomy":"product_tag","embeddable":true,"href":"https:\/\/dev.eliassen.nl\/de\/wp-json\/wp\/v2\/product_tag?post=35644"}],"curies":[{"name":"wp","href":"https:\/\/api.w.org\/{rel}","templated":true}]}}