{"id":35818,"date":"2021-04-23T09:53:25","date_gmt":"2021-04-23T07:53:25","guid":{"rendered":"https:\/\/www.eliassen.nl\/?product=pagode-lamp-recht-120908590"},"modified":"2024-12-05T15:48:51","modified_gmt":"2024-12-05T14:48:51","slug":"pagodenlampe-gerade","status":"publish","type":"product","link":"https:\/\/dev.eliassen.nl\/de\/pagodenlampe-gerade\/","title":{"rendered":"Pagodenlampe gerade"},"content":{"rendered":"<p>Die Pagodenlampe oder chinesische Lampe aus massivem wei\u00dfem Beton macht Ihren orientalischen Garten wesentlich atmosph\u00e4rischer.<\/p>\n<p>Diese japanische Lampe besteht aus Teilen, die Sie \u00fcbereinander stapeln m\u00fcssen. Wenn Sie diese Teile mit Dichtungs- oder Fliesenkleber kleben, wird sie zu einem sehr schlanken Ganzen.<\/p>\n<p>Wenn Sie m\u00f6chten, k\u00f6nnen Sie diese Lampe mit einem Anschluss versehen, der jedoch nicht standardm\u00e4\u00dfig mitgeliefert wird.<\/p>\n<p>Sie k\u00f6nnen diese Lampe auch live bei uns sehen, wenn sie auf Lager ist.<\/p>\n<ul>\n<li>Gr\u00f6\u00dfe 94cm hoch<\/li>\n<li>Gewicht: 70 kg<\/li>\n<li>fester Beton<\/li>\n<li>Farbe: wei\u00df, hellgrau gewaschen<\/li>\n<li>kann auch live angesehen werden<\/li>\n<\/ul>\n","protected":false},"excerpt":{"rendered":"<p>Die Pagodenlampe oder chinesische Lampe aus massivem wei\u00dfem Beton macht Ihren orientalischen Garten wesentlich atmosph\u00e4rischer. Diese japanische Lampe besteht aus Teilen, die Sie \u00fcbereinander stapeln m\u00fcssen. Wenn Sie diese Teile mit Dichtungs- oder Fliesenkleber kleben, wird sie zu einem sehr schlanken Ganzen. Wenn Sie m\u00f6chten, k\u00f6nnen Sie diese Lampe mit einem Anschluss versehen, der jedoch &hellip;<\/p>\n","protected":false},"featured_media":35809,"template":"","meta":{"_acf_changed":false},"product_brand":[],"product_cat":[704,677,7076],"product_tag":[],"class_list":{"0":"post-35818","1":"product","2":"type-product","3":"status-publish","4":"has-post-thumbnail","6":"product_cat-andere-modelle-gartenstatuen","7":"product_cat-betonstatuen","8":"product_cat-statues-figures","10":"first","11":"instock","12":"taxable","13":"shipping-taxable","14":"purchasable","15":"product-type-simple"},"acf":[],"yoast_head":"<!-- This site is optimized with the Yoast SEO plugin v23.8 - https:\/\/yoast.com\/wordpress\/plugins\/seo\/ -->\n<title>Pagodenlampe gerade<\/title>\n<meta name=\"robots\" content=\"noindex, follow, max-snippet:-1, max-image-preview:large, max-video-preview:-1\" \/>\n<meta property=\"og:locale\" content=\"de_DE\" \/>\n<meta property=\"og:type\" content=\"article\" \/>\n<meta property=\"og:title\" content=\"Pagodenlampe gerade\" \/>\n<meta property=\"og:description\" content=\"Die Pagodenlampe oder chinesische Lampe aus massivem wei\u00dfem Beton macht Ihren orientalischen Garten wesentlich atmosph\u00e4rischer. Diese japanische Lampe besteht aus Teilen, die Sie \u00fcbereinander stapeln m\u00fcssen. Wenn Sie diese Teile mit Dichtungs- oder Fliesenkleber kleben, wird sie zu einem sehr schlanken Ganzen. Wenn Sie m\u00f6chten, k\u00f6nnen Sie diese Lampe mit einem Anschluss versehen, der jedoch &hellip;\" \/>\n<meta property=\"og:url\" content=\"https:\/\/dev.eliassen.nl\/de\/pagodenlampe-gerade\/\" \/>\n<meta property=\"og:site_name\" content=\"Eliassen.nl\" \/>\n<meta property=\"article:publisher\" content=\"https:\/\/www.facebook.com\/TuincentrumEliassenAmmerzoden\" \/>\n<meta property=\"article:modified_time\" content=\"2024-12-05T14:48:51+00:00\" \/>\n<meta property=\"og:image\" content=\"https:\/\/dev.eliassen.nl\/wp-content\/uploads\/2024\/01\/pagodelamprecht94cmeliassennl.png\" \/>\n\t<meta property=\"og:image:width\" content=\"452\" \/>\n\t<meta property=\"og:image:height\" content=\"619\" \/>\n\t<meta property=\"og:image:type\" content=\"image\/png\" \/>\n<meta name=\"twitter:card\" content=\"summary_large_image\" \/>\n<script type=\"application\/ld+json\" class=\"yoast-schema-graph\">{\"@context\":\"https:\/\/schema.org\",\"@graph\":[{\"@type\":\"WebPage\",\"@id\":\"https:\/\/dev.eliassen.nl\/de\/pagodenlampe-gerade\/\",\"url\":\"https:\/\/dev.eliassen.nl\/de\/pagodenlampe-gerade\/\",\"name\":\"Pagodenlampe gerade\",\"isPartOf\":{\"@id\":\"https:\/\/dev.eliassen.nl\/de\/#website\"},\"primaryImageOfPage\":{\"@id\":\"https:\/\/dev.eliassen.nl\/de\/pagodenlampe-gerade\/#primaryimage\"},\"image\":{\"@id\":\"https:\/\/dev.eliassen.nl\/de\/pagodenlampe-gerade\/#primaryimage\"},\"thumbnailUrl\":\"https:\/\/dev.eliassen.nl\/wp-content\/uploads\/2024\/01\/pagodelamprecht94cmeliassennl.png\",\"datePublished\":\"2021-04-23T07:53:25+00:00\",\"dateModified\":\"2024-12-05T14:48:51+00:00\",\"breadcrumb\":{\"@id\":\"https:\/\/dev.eliassen.nl\/de\/pagodenlampe-gerade\/#breadcrumb\"},\"inLanguage\":\"de\",\"potentialAction\":[{\"@type\":\"ReadAction\",\"target\":[\"https:\/\/dev.eliassen.nl\/de\/pagodenlampe-gerade\/\"]}]},{\"@type\":\"ImageObject\",\"inLanguage\":\"de\",\"@id\":\"https:\/\/dev.eliassen.nl\/de\/pagodenlampe-gerade\/#primaryimage\",\"url\":\"https:\/\/dev.eliassen.nl\/wp-content\/uploads\/2024\/01\/pagodelamprecht94cmeliassennl.png\",\"contentUrl\":\"https:\/\/dev.eliassen.nl\/wp-content\/uploads\/2024\/01\/pagodelamprecht94cmeliassennl.png\",\"width\":452,\"height\":619,\"caption\":\"Pagode lamp recht 94cm eliassen.nl\"},{\"@type\":\"BreadcrumbList\",\"@id\":\"https:\/\/dev.eliassen.nl\/de\/pagodenlampe-gerade\/#breadcrumb\",\"itemListElement\":[{\"@type\":\"ListItem\",\"position\":1,\"name\":\"Home\",\"item\":\"https:\/\/dev.eliassen.nl\/de\/\"},{\"@type\":\"ListItem\",\"position\":2,\"name\":\"Shop\",\"item\":\"https:\/\/dev.eliassen.nl\/nl\/winkel\/\"},{\"@type\":\"ListItem\",\"position\":3,\"name\":\"Statuen-Skulpturen\",\"item\":\"https:\/\/dev.eliassen.nl\/de\/statuen-skulpturen\/\"},{\"@type\":\"ListItem\",\"position\":4,\"name\":\"Betonstatuen\",\"item\":\"https:\/\/dev.eliassen.nl\/de\/bilder\/betonstatuen\/\"},{\"@type\":\"ListItem\",\"position\":5,\"name\":\"Andere Modelle Gartenstatuen\",\"item\":\"https:\/\/dev.eliassen.nl\/de\/bilder\/betonstatuen\/andere-modelle-gartenstatuen\/\"},{\"@type\":\"ListItem\",\"position\":6,\"name\":\"Pagodenlampe gerade\"}]},{\"@type\":\"WebSite\",\"@id\":\"https:\/\/dev.eliassen.nl\/de\/#website\",\"url\":\"https:\/\/dev.eliassen.nl\/de\/\",\"name\":\"Eliassen Home & Garden Pleasure\",\"description\":\"\",\"publisher\":{\"@id\":\"https:\/\/dev.eliassen.nl\/de\/#organization\"},\"alternateName\":\"Eliassen.nl\",\"potentialAction\":[{\"@type\":\"SearchAction\",\"target\":{\"@type\":\"EntryPoint\",\"urlTemplate\":\"https:\/\/dev.eliassen.nl\/de\/?s={search_term_string}\"},\"query-input\":{\"@type\":\"PropertyValueSpecification\",\"valueRequired\":true,\"valueName\":\"search_term_string\"}}],\"inLanguage\":\"de\"},{\"@type\":\"Organization\",\"@id\":\"https:\/\/dev.eliassen.nl\/de\/#organization\",\"name\":\"Eliassen Home & Garden Pleasure\",\"url\":\"https:\/\/dev.eliassen.nl\/de\/\",\"logo\":{\"@type\":\"ImageObject\",\"inLanguage\":\"de\",\"@id\":\"https:\/\/dev.eliassen.nl\/de\/#\/schema\/logo\/image\/\",\"url\":\"https:\/\/www.eliassen.nl\/wp-content\/uploads\/2024\/01\/logo_4nd.jpg\",\"contentUrl\":\"https:\/\/www.eliassen.nl\/wp-content\/uploads\/2024\/01\/logo_4nd.jpg\",\"width\":500,\"height\":500,\"caption\":\"Eliassen Home & Garden Pleasure\"},\"image\":{\"@id\":\"https:\/\/dev.eliassen.nl\/de\/#\/schema\/logo\/image\/\"},\"sameAs\":[\"https:\/\/www.facebook.com\/TuincentrumEliassenAmmerzoden\",\"https:\/\/www.instagram.com\/eliassenhomeandgarden\/\",\"https:\/\/nl.pinterest.com\/eliassenhomeandgarden\/\",\"https:\/\/www.youtube.com\/@eliassenhomegardenpleasure4558\"]}]}<\/script>\n<!-- \/ Yoast SEO plugin. -->","yoast_head_json":{"title":"Pagodenlampe gerade","robots":{"index":"noindex","follow":"follow","max-snippet":"max-snippet:-1","max-image-preview":"max-image-preview:large","max-video-preview":"max-video-preview:-1"},"og_locale":"de_DE","og_type":"article","og_title":"Pagodenlampe gerade","og_description":"Die Pagodenlampe oder chinesische Lampe aus massivem wei\u00dfem Beton macht Ihren orientalischen Garten wesentlich atmosph\u00e4rischer. Diese japanische Lampe besteht aus Teilen, die Sie \u00fcbereinander stapeln m\u00fcssen. Wenn Sie diese Teile mit Dichtungs- oder Fliesenkleber kleben, wird sie zu einem sehr schlanken Ganzen. Wenn Sie m\u00f6chten, k\u00f6nnen Sie diese Lampe mit einem Anschluss versehen, der jedoch &hellip;","og_url":"https:\/\/dev.eliassen.nl\/de\/pagodenlampe-gerade\/","og_site_name":"Eliassen.nl","article_publisher":"https:\/\/www.facebook.com\/TuincentrumEliassenAmmerzoden","article_modified_time":"2024-12-05T14:48:51+00:00","og_image":[{"width":452,"height":619,"url":"https:\/\/dev.eliassen.nl\/wp-content\/uploads\/2024\/01\/pagodelamprecht94cmeliassennl.png","type":"image\/png"}],"twitter_card":"summary_large_image","schema":{"@context":"https:\/\/schema.org","@graph":[{"@type":"WebPage","@id":"https:\/\/dev.eliassen.nl\/de\/pagodenlampe-gerade\/","url":"https:\/\/dev.eliassen.nl\/de\/pagodenlampe-gerade\/","name":"Pagodenlampe gerade","isPartOf":{"@id":"https:\/\/dev.eliassen.nl\/de\/#website"},"primaryImageOfPage":{"@id":"https:\/\/dev.eliassen.nl\/de\/pagodenlampe-gerade\/#primaryimage"},"image":{"@id":"https:\/\/dev.eliassen.nl\/de\/pagodenlampe-gerade\/#primaryimage"},"thumbnailUrl":"https:\/\/dev.eliassen.nl\/wp-content\/uploads\/2024\/01\/pagodelamprecht94cmeliassennl.png","datePublished":"2021-04-23T07:53:25+00:00","dateModified":"2024-12-05T14:48:51+00:00","breadcrumb":{"@id":"https:\/\/dev.eliassen.nl\/de\/pagodenlampe-gerade\/#breadcrumb"},"inLanguage":"de","potentialAction":[{"@type":"ReadAction","target":["https:\/\/dev.eliassen.nl\/de\/pagodenlampe-gerade\/"]}]},{"@type":"ImageObject","inLanguage":"de","@id":"https:\/\/dev.eliassen.nl\/de\/pagodenlampe-gerade\/#primaryimage","url":"https:\/\/dev.eliassen.nl\/wp-content\/uploads\/2024\/01\/pagodelamprecht94cmeliassennl.png","contentUrl":"https:\/\/dev.eliassen.nl\/wp-content\/uploads\/2024\/01\/pagodelamprecht94cmeliassennl.png","width":452,"height":619,"caption":"Pagode lamp recht 94cm eliassen.nl"},{"@type":"BreadcrumbList","@id":"https:\/\/dev.eliassen.nl\/de\/pagodenlampe-gerade\/#breadcrumb","itemListElement":[{"@type":"ListItem","position":1,"name":"Home","item":"https:\/\/dev.eliassen.nl\/de\/"},{"@type":"ListItem","position":2,"name":"Shop","item":"https:\/\/dev.eliassen.nl\/nl\/winkel\/"},{"@type":"ListItem","position":3,"name":"Statuen-Skulpturen","item":"https:\/\/dev.eliassen.nl\/de\/statuen-skulpturen\/"},{"@type":"ListItem","position":4,"name":"Betonstatuen","item":"https:\/\/dev.eliassen.nl\/de\/bilder\/betonstatuen\/"},{"@type":"ListItem","position":5,"name":"Andere Modelle Gartenstatuen","item":"https:\/\/dev.eliassen.nl\/de\/bilder\/betonstatuen\/andere-modelle-gartenstatuen\/"},{"@type":"ListItem","position":6,"name":"Pagodenlampe gerade"}]},{"@type":"WebSite","@id":"https:\/\/dev.eliassen.nl\/de\/#website","url":"https:\/\/dev.eliassen.nl\/de\/","name":"Eliassen Home & Garden Pleasure","description":"","publisher":{"@id":"https:\/\/dev.eliassen.nl\/de\/#organization"},"alternateName":"Eliassen.nl","potentialAction":[{"@type":"SearchAction","target":{"@type":"EntryPoint","urlTemplate":"https:\/\/dev.eliassen.nl\/de\/?s={search_term_string}"},"query-input":{"@type":"PropertyValueSpecification","valueRequired":true,"valueName":"search_term_string"}}],"inLanguage":"de"},{"@type":"Organization","@id":"https:\/\/dev.eliassen.nl\/de\/#organization","name":"Eliassen Home & Garden Pleasure","url":"https:\/\/dev.eliassen.nl\/de\/","logo":{"@type":"ImageObject","inLanguage":"de","@id":"https:\/\/dev.eliassen.nl\/de\/#\/schema\/logo\/image\/","url":"https:\/\/www.eliassen.nl\/wp-content\/uploads\/2024\/01\/logo_4nd.jpg","contentUrl":"https:\/\/www.eliassen.nl\/wp-content\/uploads\/2024\/01\/logo_4nd.jpg","width":500,"height":500,"caption":"Eliassen Home & Garden Pleasure"},"image":{"@id":"https:\/\/dev.eliassen.nl\/de\/#\/schema\/logo\/image\/"},"sameAs":["https:\/\/www.facebook.com\/TuincentrumEliassenAmmerzoden","https:\/\/www.instagram.com\/eliassenhomeandgarden\/","https:\/\/nl.pinterest.com\/eliassenhomeandgarden\/","https:\/\/www.youtube.com\/@eliassenhomegardenpleasure4558"]}]}},"df_price":159,"df_sale_price":"","df_regular_price":159,"df_image_link":"https:\/\/dev.eliassen.nl\/wp-content\/uploads\/2024\/01\/pagodelamprecht94cmeliassennl.png","image":"https:\/\/dev.eliassen.nl\/wp-content\/uploads\/2024\/01\/pagodelamprecht94cmeliassennl.png","price_search":"<span class=\"woocommerce-Price-amount amount\"><bdi><span class=\"woocommerce-Price-currencySymbol\">&euro;<\/span>&nbsp;159,00<\/bdi><\/span>","category":"Andere Modelle Gartenstatuen","_links":{"self":[{"href":"https:\/\/dev.eliassen.nl\/de\/wp-json\/wp\/v2\/product\/35818","targetHints":{"allow":["GET"]}}],"collection":[{"href":"https:\/\/dev.eliassen.nl\/de\/wp-json\/wp\/v2\/product"}],"about":[{"href":"https:\/\/dev.eliassen.nl\/de\/wp-json\/wp\/v2\/types\/product"}],"wp:featuredmedia":[{"embeddable":true,"href":"https:\/\/dev.eliassen.nl\/de\/wp-json\/wp\/v2\/media\/35809"}],"wp:attachment":[{"href":"https:\/\/dev.eliassen.nl\/de\/wp-json\/wp\/v2\/media?parent=35818"}],"wp:term":[{"taxonomy":"product_brand","embeddable":true,"href":"https:\/\/dev.eliassen.nl\/de\/wp-json\/wp\/v2\/product_brand?post=35818"},{"taxonomy":"product_cat","embeddable":true,"href":"https:\/\/dev.eliassen.nl\/de\/wp-json\/wp\/v2\/product_cat?post=35818"},{"taxonomy":"product_tag","embeddable":true,"href":"https:\/\/dev.eliassen.nl\/de\/wp-json\/wp\/v2\/product_tag?post=35818"}],"curies":[{"name":"wp","href":"https:\/\/api.w.org\/{rel}","templated":true}]}}