{"id":3871,"date":"2019-10-28T15:36:16","date_gmt":"2019-10-28T14:36:16","guid":{"rendered":"https:\/\/www.eliassen.nl\/?product=plexiglas-malerei-vollmond-80x120cm"},"modified":"2024-12-05T15:07:27","modified_gmt":"2024-12-05T14:07:27","slug":"plexiglasgemalde-vollmond-80x120cm","status":"publish","type":"product","link":"https:\/\/dev.eliassen.nl\/de\/plexiglasgemalde-vollmond-80x120cm\/","title":{"rendered":"Plexiglasgem\u00e4lde Vollmond 80x120cm"},"content":{"rendered":"<p>Dieses Plexiglasgem\u00e4lde mit einem Vollmond besteht aus Plexiglas in einer St\u00e4rke von 5 mm. Dieses gestochen scharfe Bild auf der R\u00fcckseite sorgt daf\u00fcr, dass ein wundersch\u00f6ner, heller, gl\u00e4nzender Wandschmuck an der Wand h\u00e4ngt.<br \/>Plexiglas ist genauso klar wie Glas, aber leichter und leicht flexibel.<br \/>Die Lackierung wird mit 4 Edelstahl-Abstandshaltern f\u00fcr die Ecken geliefert, die f\u00fcr ein elegantes Aussehen sorgen.<br \/><b>Kommen Sie gerne in unser Gesch\u00e4ft, wo Sie dieses Modell, aber auch etwa 1200 weitere Gem\u00e4lde besichtigen k\u00f6nnen.<\/b><\/p>\n<ul>\n<li>Gr\u00f6\u00dfe 80x120cm<\/li>\n<li>Praktisch unzerbrechlich<\/li>\n<li>Inklusive Montagematerial<\/li>\n<li>Hochgl\u00e4nzender, moderner Look<\/li>\n<li>1 Jahr Garantie<\/li>\n<li>Reinigen Sie Plexiglas niemals mit L\u00f6sungsmitteln wie Verd\u00fcnner, Aceton oder Terpentin<\/li>\n<\/ul>\n","protected":false},"excerpt":{"rendered":"<p>Dieses Plexiglasgem\u00e4lde mit einem Vollmond besteht aus Plexiglas in einer St\u00e4rke von 5 mm. Dieses gestochen scharfe Bild auf der R\u00fcckseite sorgt daf\u00fcr, dass ein wundersch\u00f6ner, heller, gl\u00e4nzender Wandschmuck an der Wand h\u00e4ngt.Plexiglas ist genauso klar wie Glas, aber leichter und leicht flexibel.Die Lackierung wird mit 4 Edelstahl-Abstandshaltern f\u00fcr die Ecken geliefert, die f\u00fcr ein &hellip;<\/p>\n","protected":false},"featured_media":3862,"template":"","meta":{"_acf_changed":false},"product_brand":[],"product_cat":[410,455,443],"product_tag":[],"class_list":{"0":"post-3871","1":"product","2":"type-product","3":"status-publish","4":"has-post-thumbnail","6":"product_cat-gemaelde","7":"product_cat-glasmalerei-im-format-80x120cm","8":"product_cat-glasmalereien","10":"first","11":"instock","12":"taxable","13":"shipping-taxable","14":"purchasable","15":"product-type-simple"},"acf":[],"yoast_head":"<!-- This site is optimized with the Yoast SEO plugin v23.8 - https:\/\/yoast.com\/wordpress\/plugins\/seo\/ -->\n<title>Plexiglasgem\u00e4lde Vollmond 80x120cm<\/title>\n<meta name=\"description\" content=\"Das Plexiglasbild \u201eVollmond\u201c besteht aus Plexiglas in einer St\u00e4rke von 5 mm. Dieses gestochen scharfe Bild auf der R\u00fcckseite sorgt f\u00fcr ein wundersch\u00f6nes Bild.\" \/>\n<meta name=\"robots\" content=\"noindex, follow, max-snippet:-1, max-image-preview:large, max-video-preview:-1\" \/>\n<meta property=\"og:locale\" content=\"de_DE\" \/>\n<meta property=\"og:type\" content=\"article\" \/>\n<meta property=\"og:title\" content=\"Plexiglasgem\u00e4lde Vollmond 80x120cm\" \/>\n<meta property=\"og:description\" content=\"Das Plexiglasbild \u201eVollmond\u201c besteht aus Plexiglas in einer St\u00e4rke von 5 mm. Dieses gestochen scharfe Bild auf der R\u00fcckseite sorgt f\u00fcr ein wundersch\u00f6nes Bild.\" \/>\n<meta property=\"og:url\" content=\"https:\/\/dev.eliassen.nl\/de\/plexiglasgemalde-vollmond-80x120cm\/\" \/>\n<meta property=\"og:site_name\" content=\"Eliassen.nl\" \/>\n<meta property=\"article:publisher\" content=\"https:\/\/www.facebook.com\/TuincentrumEliassenAmmerzoden\" \/>\n<meta property=\"article:modified_time\" content=\"2024-12-05T14:07:27+00:00\" \/>\n<meta property=\"og:image\" content=\"https:\/\/dev.eliassen.nl\/wp-content\/uploads\/2024\/01\/171717.jpg\" \/>\n\t<meta property=\"og:image:width\" content=\"1024\" \/>\n\t<meta property=\"og:image:height\" content=\"630\" \/>\n\t<meta property=\"og:image:type\" content=\"image\/jpeg\" \/>\n<meta name=\"twitter:card\" content=\"summary_large_image\" \/>\n<script type=\"application\/ld+json\" class=\"yoast-schema-graph\">{\"@context\":\"https:\/\/schema.org\",\"@graph\":[{\"@type\":\"WebPage\",\"@id\":\"https:\/\/dev.eliassen.nl\/de\/plexiglasgemalde-vollmond-80x120cm\/\",\"url\":\"https:\/\/dev.eliassen.nl\/de\/plexiglasgemalde-vollmond-80x120cm\/\",\"name\":\"Plexiglasgem\u00e4lde Vollmond 80x120cm\",\"isPartOf\":{\"@id\":\"https:\/\/dev.eliassen.nl\/de\/#website\"},\"primaryImageOfPage\":{\"@id\":\"https:\/\/dev.eliassen.nl\/de\/plexiglasgemalde-vollmond-80x120cm\/#primaryimage\"},\"image\":{\"@id\":\"https:\/\/dev.eliassen.nl\/de\/plexiglasgemalde-vollmond-80x120cm\/#primaryimage\"},\"thumbnailUrl\":\"https:\/\/dev.eliassen.nl\/wp-content\/uploads\/2024\/01\/171717.jpg\",\"datePublished\":\"2019-10-28T14:36:16+00:00\",\"dateModified\":\"2024-12-05T14:07:27+00:00\",\"description\":\"Das Plexiglasbild \u201eVollmond\u201c besteht aus Plexiglas in einer St\u00e4rke von 5 mm. Dieses gestochen scharfe Bild auf der R\u00fcckseite sorgt f\u00fcr ein wundersch\u00f6nes Bild.\",\"breadcrumb\":{\"@id\":\"https:\/\/dev.eliassen.nl\/de\/plexiglasgemalde-vollmond-80x120cm\/#breadcrumb\"},\"inLanguage\":\"de\",\"potentialAction\":[{\"@type\":\"ReadAction\",\"target\":[\"https:\/\/dev.eliassen.nl\/de\/plexiglasgemalde-vollmond-80x120cm\/\"]}]},{\"@type\":\"ImageObject\",\"inLanguage\":\"de\",\"@id\":\"https:\/\/dev.eliassen.nl\/de\/plexiglasgemalde-vollmond-80x120cm\/#primaryimage\",\"url\":\"https:\/\/dev.eliassen.nl\/wp-content\/uploads\/2024\/01\/171717.jpg\",\"contentUrl\":\"https:\/\/dev.eliassen.nl\/wp-content\/uploads\/2024\/01\/171717.jpg\",\"width\":1024,\"height\":630,\"caption\":\"171717\"},{\"@type\":\"BreadcrumbList\",\"@id\":\"https:\/\/dev.eliassen.nl\/de\/plexiglasgemalde-vollmond-80x120cm\/#breadcrumb\",\"itemListElement\":[{\"@type\":\"ListItem\",\"position\":1,\"name\":\"Home\",\"item\":\"https:\/\/dev.eliassen.nl\/de\/\"},{\"@type\":\"ListItem\",\"position\":2,\"name\":\"Shop\",\"item\":\"https:\/\/dev.eliassen.nl\/nl\/winkel\/\"},{\"@type\":\"ListItem\",\"position\":3,\"name\":\"Glasmalereien\",\"item\":\"https:\/\/dev.eliassen.nl\/de\/gemaelde\/glasmalereien\/\"},{\"@type\":\"ListItem\",\"position\":4,\"name\":\"Glasmalerei im Format 80x120cm\",\"item\":\"https:\/\/dev.eliassen.nl\/de\/gemaelde\/glasmalereien\/glasmalerei-im-format-80x120cm\/\"},{\"@type\":\"ListItem\",\"position\":5,\"name\":\"Plexiglasgem\u00e4lde Vollmond 80x120cm\"}]},{\"@type\":\"WebSite\",\"@id\":\"https:\/\/dev.eliassen.nl\/de\/#website\",\"url\":\"https:\/\/dev.eliassen.nl\/de\/\",\"name\":\"Eliassen Home & Garden Pleasure\",\"description\":\"\",\"publisher\":{\"@id\":\"https:\/\/dev.eliassen.nl\/de\/#organization\"},\"alternateName\":\"Eliassen.nl\",\"potentialAction\":[{\"@type\":\"SearchAction\",\"target\":{\"@type\":\"EntryPoint\",\"urlTemplate\":\"https:\/\/dev.eliassen.nl\/de\/?s={search_term_string}\"},\"query-input\":{\"@type\":\"PropertyValueSpecification\",\"valueRequired\":true,\"valueName\":\"search_term_string\"}}],\"inLanguage\":\"de\"},{\"@type\":\"Organization\",\"@id\":\"https:\/\/dev.eliassen.nl\/de\/#organization\",\"name\":\"Eliassen Home & Garden Pleasure\",\"url\":\"https:\/\/dev.eliassen.nl\/de\/\",\"logo\":{\"@type\":\"ImageObject\",\"inLanguage\":\"de\",\"@id\":\"https:\/\/dev.eliassen.nl\/de\/#\/schema\/logo\/image\/\",\"url\":\"https:\/\/www.eliassen.nl\/wp-content\/uploads\/2024\/01\/logo_4nd.jpg\",\"contentUrl\":\"https:\/\/www.eliassen.nl\/wp-content\/uploads\/2024\/01\/logo_4nd.jpg\",\"width\":500,\"height\":500,\"caption\":\"Eliassen Home & Garden Pleasure\"},\"image\":{\"@id\":\"https:\/\/dev.eliassen.nl\/de\/#\/schema\/logo\/image\/\"},\"sameAs\":[\"https:\/\/www.facebook.com\/TuincentrumEliassenAmmerzoden\",\"https:\/\/www.instagram.com\/eliassenhomeandgarden\/\",\"https:\/\/nl.pinterest.com\/eliassenhomeandgarden\/\",\"https:\/\/www.youtube.com\/@eliassenhomegardenpleasure4558\"]}]}<\/script>\n<!-- \/ Yoast SEO plugin. -->","yoast_head_json":{"title":"Plexiglasgem\u00e4lde Vollmond 80x120cm","description":"Das Plexiglasbild \u201eVollmond\u201c besteht aus Plexiglas in einer St\u00e4rke von 5 mm. Dieses gestochen scharfe Bild auf der R\u00fcckseite sorgt f\u00fcr ein wundersch\u00f6nes Bild.","robots":{"index":"noindex","follow":"follow","max-snippet":"max-snippet:-1","max-image-preview":"max-image-preview:large","max-video-preview":"max-video-preview:-1"},"og_locale":"de_DE","og_type":"article","og_title":"Plexiglasgem\u00e4lde Vollmond 80x120cm","og_description":"Das Plexiglasbild \u201eVollmond\u201c besteht aus Plexiglas in einer St\u00e4rke von 5 mm. Dieses gestochen scharfe Bild auf der R\u00fcckseite sorgt f\u00fcr ein wundersch\u00f6nes Bild.","og_url":"https:\/\/dev.eliassen.nl\/de\/plexiglasgemalde-vollmond-80x120cm\/","og_site_name":"Eliassen.nl","article_publisher":"https:\/\/www.facebook.com\/TuincentrumEliassenAmmerzoden","article_modified_time":"2024-12-05T14:07:27+00:00","og_image":[{"width":1024,"height":630,"url":"https:\/\/dev.eliassen.nl\/wp-content\/uploads\/2024\/01\/171717.jpg","type":"image\/jpeg"}],"twitter_card":"summary_large_image","schema":{"@context":"https:\/\/schema.org","@graph":[{"@type":"WebPage","@id":"https:\/\/dev.eliassen.nl\/de\/plexiglasgemalde-vollmond-80x120cm\/","url":"https:\/\/dev.eliassen.nl\/de\/plexiglasgemalde-vollmond-80x120cm\/","name":"Plexiglasgem\u00e4lde Vollmond 80x120cm","isPartOf":{"@id":"https:\/\/dev.eliassen.nl\/de\/#website"},"primaryImageOfPage":{"@id":"https:\/\/dev.eliassen.nl\/de\/plexiglasgemalde-vollmond-80x120cm\/#primaryimage"},"image":{"@id":"https:\/\/dev.eliassen.nl\/de\/plexiglasgemalde-vollmond-80x120cm\/#primaryimage"},"thumbnailUrl":"https:\/\/dev.eliassen.nl\/wp-content\/uploads\/2024\/01\/171717.jpg","datePublished":"2019-10-28T14:36:16+00:00","dateModified":"2024-12-05T14:07:27+00:00","description":"Das Plexiglasbild \u201eVollmond\u201c besteht aus Plexiglas in einer St\u00e4rke von 5 mm. Dieses gestochen scharfe Bild auf der R\u00fcckseite sorgt f\u00fcr ein wundersch\u00f6nes Bild.","breadcrumb":{"@id":"https:\/\/dev.eliassen.nl\/de\/plexiglasgemalde-vollmond-80x120cm\/#breadcrumb"},"inLanguage":"de","potentialAction":[{"@type":"ReadAction","target":["https:\/\/dev.eliassen.nl\/de\/plexiglasgemalde-vollmond-80x120cm\/"]}]},{"@type":"ImageObject","inLanguage":"de","@id":"https:\/\/dev.eliassen.nl\/de\/plexiglasgemalde-vollmond-80x120cm\/#primaryimage","url":"https:\/\/dev.eliassen.nl\/wp-content\/uploads\/2024\/01\/171717.jpg","contentUrl":"https:\/\/dev.eliassen.nl\/wp-content\/uploads\/2024\/01\/171717.jpg","width":1024,"height":630,"caption":"171717"},{"@type":"BreadcrumbList","@id":"https:\/\/dev.eliassen.nl\/de\/plexiglasgemalde-vollmond-80x120cm\/#breadcrumb","itemListElement":[{"@type":"ListItem","position":1,"name":"Home","item":"https:\/\/dev.eliassen.nl\/de\/"},{"@type":"ListItem","position":2,"name":"Shop","item":"https:\/\/dev.eliassen.nl\/nl\/winkel\/"},{"@type":"ListItem","position":3,"name":"Glasmalereien","item":"https:\/\/dev.eliassen.nl\/de\/gemaelde\/glasmalereien\/"},{"@type":"ListItem","position":4,"name":"Glasmalerei im Format 80x120cm","item":"https:\/\/dev.eliassen.nl\/de\/gemaelde\/glasmalereien\/glasmalerei-im-format-80x120cm\/"},{"@type":"ListItem","position":5,"name":"Plexiglasgem\u00e4lde Vollmond 80x120cm"}]},{"@type":"WebSite","@id":"https:\/\/dev.eliassen.nl\/de\/#website","url":"https:\/\/dev.eliassen.nl\/de\/","name":"Eliassen Home & Garden Pleasure","description":"","publisher":{"@id":"https:\/\/dev.eliassen.nl\/de\/#organization"},"alternateName":"Eliassen.nl","potentialAction":[{"@type":"SearchAction","target":{"@type":"EntryPoint","urlTemplate":"https:\/\/dev.eliassen.nl\/de\/?s={search_term_string}"},"query-input":{"@type":"PropertyValueSpecification","valueRequired":true,"valueName":"search_term_string"}}],"inLanguage":"de"},{"@type":"Organization","@id":"https:\/\/dev.eliassen.nl\/de\/#organization","name":"Eliassen Home & Garden Pleasure","url":"https:\/\/dev.eliassen.nl\/de\/","logo":{"@type":"ImageObject","inLanguage":"de","@id":"https:\/\/dev.eliassen.nl\/de\/#\/schema\/logo\/image\/","url":"https:\/\/www.eliassen.nl\/wp-content\/uploads\/2024\/01\/logo_4nd.jpg","contentUrl":"https:\/\/www.eliassen.nl\/wp-content\/uploads\/2024\/01\/logo_4nd.jpg","width":500,"height":500,"caption":"Eliassen Home & Garden Pleasure"},"image":{"@id":"https:\/\/dev.eliassen.nl\/de\/#\/schema\/logo\/image\/"},"sameAs":["https:\/\/www.facebook.com\/TuincentrumEliassenAmmerzoden","https:\/\/www.instagram.com\/eliassenhomeandgarden\/","https:\/\/nl.pinterest.com\/eliassenhomeandgarden\/","https:\/\/www.youtube.com\/@eliassenhomegardenpleasure4558"]}]}},"df_price":169,"df_sale_price":"","df_regular_price":169,"df_image_link":"https:\/\/dev.eliassen.nl\/wp-content\/uploads\/2024\/01\/171717.jpg","image":"https:\/\/dev.eliassen.nl\/wp-content\/uploads\/2024\/01\/171717.jpg","price_search":"<span class=\"woocommerce-Price-amount amount\"><bdi><span class=\"woocommerce-Price-currencySymbol\">&euro;<\/span>&nbsp;169,00<\/bdi><\/span>","category":"Gem\u00e4lde","_links":{"self":[{"href":"https:\/\/dev.eliassen.nl\/de\/wp-json\/wp\/v2\/product\/3871","targetHints":{"allow":["GET"]}}],"collection":[{"href":"https:\/\/dev.eliassen.nl\/de\/wp-json\/wp\/v2\/product"}],"about":[{"href":"https:\/\/dev.eliassen.nl\/de\/wp-json\/wp\/v2\/types\/product"}],"wp:featuredmedia":[{"embeddable":true,"href":"https:\/\/dev.eliassen.nl\/de\/wp-json\/wp\/v2\/media\/3862"}],"wp:attachment":[{"href":"https:\/\/dev.eliassen.nl\/de\/wp-json\/wp\/v2\/media?parent=3871"}],"wp:term":[{"taxonomy":"product_brand","embeddable":true,"href":"https:\/\/dev.eliassen.nl\/de\/wp-json\/wp\/v2\/product_brand?post=3871"},{"taxonomy":"product_cat","embeddable":true,"href":"https:\/\/dev.eliassen.nl\/de\/wp-json\/wp\/v2\/product_cat?post=3871"},{"taxonomy":"product_tag","embeddable":true,"href":"https:\/\/dev.eliassen.nl\/de\/wp-json\/wp\/v2\/product_tag?post=3871"}],"curies":[{"name":"wp","href":"https:\/\/api.w.org\/{rel}","templated":true}]}}