{"id":4249,"date":"2019-10-28T15:40:04","date_gmt":"2019-10-28T14:40:04","guid":{"rendered":"https:\/\/www.eliassen.nl\/?product=dragonstone-vogel-trinken-skala-katze"},"modified":"2024-12-05T15:08:03","modified_gmt":"2024-12-05T14:08:03","slug":"vogeltrankeschale-kat-nr","status":"publish","type":"product","link":"https:\/\/dev.eliassen.nl\/de\/vogeltrankeschale-kat-nr\/","title":{"rendered":"Vogeltr\u00e4nkeschale Kat.-Nr"},"content":{"rendered":"<p>Dies ist eine original englische Vogeltr\u00e4nke der Marke DragonStone.<br \/>Bringen Sie mit dieser seltenen, soliden Gartendeko den typisch englischen Stil in Ihren Garten.<br \/>Hochwertiger Kunststein sorgt daf\u00fcr, dass Sie lange Freude an diesem Objekt haben.<\/p>\n<ul>\n<li>Original englische Qualit\u00e4t und Farbe<\/li>\n<li>Hochwertiger Kunststein<\/li>\n<li>Gr\u00f6\u00dfe: 61 cm hoch und 36 cm breit<\/li>\n<li>Gewicht: 39 kg<\/li>\n<li>Sch\u00f6n detailliert<\/li>\n<li>Schnell geliefert<\/li>\n<li>1 Jahr Garantie<\/li>\n<li><strong>Fast die gesamte Kollektion ist im Laden zu sehen<\/strong><\/li>\n<\/ul>\n","protected":false},"excerpt":{"rendered":"<p>Dies ist eine original englische Vogeltr\u00e4nke der Marke DragonStone.Bringen Sie mit dieser seltenen, soliden Gartendeko den typisch englischen Stil in Ihren Garten.Hochwertiger Kunststein sorgt daf\u00fcr, dass Sie lange Freude an diesem Objekt haben. Original englische Qualit\u00e4t und Farbe Hochwertiger Kunststein Gr\u00f6\u00dfe: 61 cm hoch und 36 cm breit Gewicht: 39 kg Sch\u00f6n detailliert Schnell geliefert &hellip;<\/p>\n","protected":false},"featured_media":4240,"template":"","meta":{"_acf_changed":false},"product_brand":[6922],"product_cat":[707],"product_tag":[],"class_list":{"0":"post-4249","1":"product","2":"type-product","3":"status-publish","4":"has-post-thumbnail","6":"product_brand-dragonstone-de","7":"product_cat-vogeltraenken","9":"first","10":"instock","11":"taxable","12":"shipping-taxable","13":"purchasable","14":"product-type-simple"},"acf":[],"yoast_head":"<!-- This site is optimized with the Yoast SEO plugin v23.8 - https:\/\/yoast.com\/wordpress\/plugins\/seo\/ -->\n<title>Vogeltr\u00e4nke Katze | Eliassen<\/title>\n<meta name=\"description\" content=\"Bei Eliassen k\u00f6nnen Sie Vogeldrink Schale Cat online kaufen oder live im Showroom anschauen. Wir haben die sch\u00f6nsten Vogeltr\u00e4nken\" \/>\n<meta name=\"robots\" content=\"noindex, follow, max-snippet:-1, max-image-preview:large, max-video-preview:-1\" \/>\n<meta property=\"og:locale\" content=\"de_DE\" \/>\n<meta property=\"og:type\" content=\"article\" \/>\n<meta property=\"og:title\" content=\"Vogeltr\u00e4nke Katze | Eliassen\" \/>\n<meta property=\"og:description\" content=\"Bei Eliassen k\u00f6nnen Sie Vogeldrink Schale Cat online kaufen oder live im Showroom anschauen. Wir haben die sch\u00f6nsten Vogeltr\u00e4nken\" \/>\n<meta property=\"og:url\" content=\"https:\/\/dev.eliassen.nl\/de\/vogeltrankeschale-kat-nr\/\" \/>\n<meta property=\"og:site_name\" content=\"Eliassen.nl\" \/>\n<meta property=\"article:publisher\" content=\"https:\/\/www.facebook.com\/TuincentrumEliassenAmmerzoden\" \/>\n<meta property=\"article:modified_time\" content=\"2024-12-05T14:08:03+00:00\" \/>\n<meta property=\"og:image\" content=\"https:\/\/dev.eliassen.nl\/wp-content\/uploads\/2024\/01\/bb14.jpg\" \/>\n\t<meta property=\"og:image:width\" content=\"709\" \/>\n\t<meta property=\"og:image:height\" content=\"697\" \/>\n\t<meta property=\"og:image:type\" content=\"image\/jpeg\" \/>\n<meta name=\"twitter:card\" content=\"summary_large_image\" \/>\n<script type=\"application\/ld+json\" class=\"yoast-schema-graph\">{\"@context\":\"https:\/\/schema.org\",\"@graph\":[{\"@type\":\"WebPage\",\"@id\":\"https:\/\/dev.eliassen.nl\/de\/vogeltrankeschale-kat-nr\/\",\"url\":\"https:\/\/dev.eliassen.nl\/de\/vogeltrankeschale-kat-nr\/\",\"name\":\"Vogeltr\u00e4nke Katze | Eliassen\",\"isPartOf\":{\"@id\":\"https:\/\/dev.eliassen.nl\/de\/#website\"},\"primaryImageOfPage\":{\"@id\":\"https:\/\/dev.eliassen.nl\/de\/vogeltrankeschale-kat-nr\/#primaryimage\"},\"image\":{\"@id\":\"https:\/\/dev.eliassen.nl\/de\/vogeltrankeschale-kat-nr\/#primaryimage\"},\"thumbnailUrl\":\"https:\/\/dev.eliassen.nl\/wp-content\/uploads\/2024\/01\/bb14.jpg\",\"datePublished\":\"2019-10-28T14:40:04+00:00\",\"dateModified\":\"2024-12-05T14:08:03+00:00\",\"description\":\"Bei Eliassen k\u00f6nnen Sie Vogeldrink Schale Cat online kaufen oder live im Showroom anschauen. Wir haben die sch\u00f6nsten Vogeltr\u00e4nken\",\"breadcrumb\":{\"@id\":\"https:\/\/dev.eliassen.nl\/de\/vogeltrankeschale-kat-nr\/#breadcrumb\"},\"inLanguage\":\"de\",\"potentialAction\":[{\"@type\":\"ReadAction\",\"target\":[\"https:\/\/dev.eliassen.nl\/de\/vogeltrankeschale-kat-nr\/\"]}]},{\"@type\":\"ImageObject\",\"inLanguage\":\"de\",\"@id\":\"https:\/\/dev.eliassen.nl\/de\/vogeltrankeschale-kat-nr\/#primaryimage\",\"url\":\"https:\/\/dev.eliassen.nl\/wp-content\/uploads\/2024\/01\/bb14.jpg\",\"contentUrl\":\"https:\/\/dev.eliassen.nl\/wp-content\/uploads\/2024\/01\/bb14.jpg\",\"width\":709,\"height\":697,\"caption\":\"bb14\"},{\"@type\":\"BreadcrumbList\",\"@id\":\"https:\/\/dev.eliassen.nl\/de\/vogeltrankeschale-kat-nr\/#breadcrumb\",\"itemListElement\":[{\"@type\":\"ListItem\",\"position\":1,\"name\":\"Home\",\"item\":\"https:\/\/dev.eliassen.nl\/de\/\"},{\"@type\":\"ListItem\",\"position\":2,\"name\":\"Shop\",\"item\":\"https:\/\/dev.eliassen.nl\/nl\/winkel\/\"},{\"@type\":\"ListItem\",\"position\":3,\"name\":\"Vogeltr\u00e4nken\",\"item\":\"https:\/\/dev.eliassen.nl\/de\/vogeltraenken\/\"},{\"@type\":\"ListItem\",\"position\":4,\"name\":\"Vogeltr\u00e4nkeschale Kat.-Nr\"}]},{\"@type\":\"WebSite\",\"@id\":\"https:\/\/dev.eliassen.nl\/de\/#website\",\"url\":\"https:\/\/dev.eliassen.nl\/de\/\",\"name\":\"Eliassen Home & Garden Pleasure\",\"description\":\"\",\"publisher\":{\"@id\":\"https:\/\/dev.eliassen.nl\/de\/#organization\"},\"alternateName\":\"Eliassen.nl\",\"potentialAction\":[{\"@type\":\"SearchAction\",\"target\":{\"@type\":\"EntryPoint\",\"urlTemplate\":\"https:\/\/dev.eliassen.nl\/de\/?s={search_term_string}\"},\"query-input\":{\"@type\":\"PropertyValueSpecification\",\"valueRequired\":true,\"valueName\":\"search_term_string\"}}],\"inLanguage\":\"de\"},{\"@type\":\"Organization\",\"@id\":\"https:\/\/dev.eliassen.nl\/de\/#organization\",\"name\":\"Eliassen Home & Garden Pleasure\",\"url\":\"https:\/\/dev.eliassen.nl\/de\/\",\"logo\":{\"@type\":\"ImageObject\",\"inLanguage\":\"de\",\"@id\":\"https:\/\/dev.eliassen.nl\/de\/#\/schema\/logo\/image\/\",\"url\":\"https:\/\/www.eliassen.nl\/wp-content\/uploads\/2024\/01\/logo_4nd.jpg\",\"contentUrl\":\"https:\/\/www.eliassen.nl\/wp-content\/uploads\/2024\/01\/logo_4nd.jpg\",\"width\":500,\"height\":500,\"caption\":\"Eliassen Home & Garden Pleasure\"},\"image\":{\"@id\":\"https:\/\/dev.eliassen.nl\/de\/#\/schema\/logo\/image\/\"},\"sameAs\":[\"https:\/\/www.facebook.com\/TuincentrumEliassenAmmerzoden\",\"https:\/\/www.instagram.com\/eliassenhomeandgarden\/\",\"https:\/\/nl.pinterest.com\/eliassenhomeandgarden\/\",\"https:\/\/www.youtube.com\/@eliassenhomegardenpleasure4558\"]}]}<\/script>\n<!-- \/ Yoast SEO plugin. -->","yoast_head_json":{"title":"Vogeltr\u00e4nke Katze | Eliassen","description":"Bei Eliassen k\u00f6nnen Sie Vogeldrink Schale Cat online kaufen oder live im Showroom anschauen. Wir haben die sch\u00f6nsten Vogeltr\u00e4nken","robots":{"index":"noindex","follow":"follow","max-snippet":"max-snippet:-1","max-image-preview":"max-image-preview:large","max-video-preview":"max-video-preview:-1"},"og_locale":"de_DE","og_type":"article","og_title":"Vogeltr\u00e4nke Katze | Eliassen","og_description":"Bei Eliassen k\u00f6nnen Sie Vogeldrink Schale Cat online kaufen oder live im Showroom anschauen. Wir haben die sch\u00f6nsten Vogeltr\u00e4nken","og_url":"https:\/\/dev.eliassen.nl\/de\/vogeltrankeschale-kat-nr\/","og_site_name":"Eliassen.nl","article_publisher":"https:\/\/www.facebook.com\/TuincentrumEliassenAmmerzoden","article_modified_time":"2024-12-05T14:08:03+00:00","og_image":[{"width":709,"height":697,"url":"https:\/\/dev.eliassen.nl\/wp-content\/uploads\/2024\/01\/bb14.jpg","type":"image\/jpeg"}],"twitter_card":"summary_large_image","schema":{"@context":"https:\/\/schema.org","@graph":[{"@type":"WebPage","@id":"https:\/\/dev.eliassen.nl\/de\/vogeltrankeschale-kat-nr\/","url":"https:\/\/dev.eliassen.nl\/de\/vogeltrankeschale-kat-nr\/","name":"Vogeltr\u00e4nke Katze | Eliassen","isPartOf":{"@id":"https:\/\/dev.eliassen.nl\/de\/#website"},"primaryImageOfPage":{"@id":"https:\/\/dev.eliassen.nl\/de\/vogeltrankeschale-kat-nr\/#primaryimage"},"image":{"@id":"https:\/\/dev.eliassen.nl\/de\/vogeltrankeschale-kat-nr\/#primaryimage"},"thumbnailUrl":"https:\/\/dev.eliassen.nl\/wp-content\/uploads\/2024\/01\/bb14.jpg","datePublished":"2019-10-28T14:40:04+00:00","dateModified":"2024-12-05T14:08:03+00:00","description":"Bei Eliassen k\u00f6nnen Sie Vogeldrink Schale Cat online kaufen oder live im Showroom anschauen. Wir haben die sch\u00f6nsten Vogeltr\u00e4nken","breadcrumb":{"@id":"https:\/\/dev.eliassen.nl\/de\/vogeltrankeschale-kat-nr\/#breadcrumb"},"inLanguage":"de","potentialAction":[{"@type":"ReadAction","target":["https:\/\/dev.eliassen.nl\/de\/vogeltrankeschale-kat-nr\/"]}]},{"@type":"ImageObject","inLanguage":"de","@id":"https:\/\/dev.eliassen.nl\/de\/vogeltrankeschale-kat-nr\/#primaryimage","url":"https:\/\/dev.eliassen.nl\/wp-content\/uploads\/2024\/01\/bb14.jpg","contentUrl":"https:\/\/dev.eliassen.nl\/wp-content\/uploads\/2024\/01\/bb14.jpg","width":709,"height":697,"caption":"bb14"},{"@type":"BreadcrumbList","@id":"https:\/\/dev.eliassen.nl\/de\/vogeltrankeschale-kat-nr\/#breadcrumb","itemListElement":[{"@type":"ListItem","position":1,"name":"Home","item":"https:\/\/dev.eliassen.nl\/de\/"},{"@type":"ListItem","position":2,"name":"Shop","item":"https:\/\/dev.eliassen.nl\/nl\/winkel\/"},{"@type":"ListItem","position":3,"name":"Vogeltr\u00e4nken","item":"https:\/\/dev.eliassen.nl\/de\/vogeltraenken\/"},{"@type":"ListItem","position":4,"name":"Vogeltr\u00e4nkeschale Kat.-Nr"}]},{"@type":"WebSite","@id":"https:\/\/dev.eliassen.nl\/de\/#website","url":"https:\/\/dev.eliassen.nl\/de\/","name":"Eliassen Home & Garden Pleasure","description":"","publisher":{"@id":"https:\/\/dev.eliassen.nl\/de\/#organization"},"alternateName":"Eliassen.nl","potentialAction":[{"@type":"SearchAction","target":{"@type":"EntryPoint","urlTemplate":"https:\/\/dev.eliassen.nl\/de\/?s={search_term_string}"},"query-input":{"@type":"PropertyValueSpecification","valueRequired":true,"valueName":"search_term_string"}}],"inLanguage":"de"},{"@type":"Organization","@id":"https:\/\/dev.eliassen.nl\/de\/#organization","name":"Eliassen Home & Garden Pleasure","url":"https:\/\/dev.eliassen.nl\/de\/","logo":{"@type":"ImageObject","inLanguage":"de","@id":"https:\/\/dev.eliassen.nl\/de\/#\/schema\/logo\/image\/","url":"https:\/\/www.eliassen.nl\/wp-content\/uploads\/2024\/01\/logo_4nd.jpg","contentUrl":"https:\/\/www.eliassen.nl\/wp-content\/uploads\/2024\/01\/logo_4nd.jpg","width":500,"height":500,"caption":"Eliassen Home & Garden Pleasure"},"image":{"@id":"https:\/\/dev.eliassen.nl\/de\/#\/schema\/logo\/image\/"},"sameAs":["https:\/\/www.facebook.com\/TuincentrumEliassenAmmerzoden","https:\/\/www.instagram.com\/eliassenhomeandgarden\/","https:\/\/nl.pinterest.com\/eliassenhomeandgarden\/","https:\/\/www.youtube.com\/@eliassenhomegardenpleasure4558"]}]}},"df_price":129,"df_sale_price":"","df_regular_price":129,"df_image_link":"https:\/\/dev.eliassen.nl\/wp-content\/uploads\/2024\/01\/bb14.jpg","image":"https:\/\/dev.eliassen.nl\/wp-content\/uploads\/2024\/01\/bb14.jpg","price_search":"<span class=\"woocommerce-Price-amount amount\"><bdi><span class=\"woocommerce-Price-currencySymbol\">&euro;<\/span>&nbsp;129,00<\/bdi><\/span>","category":"Vogeltr\u00e4nken","_links":{"self":[{"href":"https:\/\/dev.eliassen.nl\/de\/wp-json\/wp\/v2\/product\/4249","targetHints":{"allow":["GET"]}}],"collection":[{"href":"https:\/\/dev.eliassen.nl\/de\/wp-json\/wp\/v2\/product"}],"about":[{"href":"https:\/\/dev.eliassen.nl\/de\/wp-json\/wp\/v2\/types\/product"}],"wp:featuredmedia":[{"embeddable":true,"href":"https:\/\/dev.eliassen.nl\/de\/wp-json\/wp\/v2\/media\/4240"}],"wp:attachment":[{"href":"https:\/\/dev.eliassen.nl\/de\/wp-json\/wp\/v2\/media?parent=4249"}],"wp:term":[{"taxonomy":"product_brand","embeddable":true,"href":"https:\/\/dev.eliassen.nl\/de\/wp-json\/wp\/v2\/product_brand?post=4249"},{"taxonomy":"product_cat","embeddable":true,"href":"https:\/\/dev.eliassen.nl\/de\/wp-json\/wp\/v2\/product_cat?post=4249"},{"taxonomy":"product_tag","embeddable":true,"href":"https:\/\/dev.eliassen.nl\/de\/wp-json\/wp\/v2\/product_tag?post=4249"}],"curies":[{"name":"wp","href":"https:\/\/api.w.org\/{rel}","templated":true}]}}