{"id":4315,"date":"2019-10-28T15:40:52","date_gmt":"2019-10-28T14:40:52","guid":{"rendered":"https:\/\/www.eliassen.nl\/?product=bemalen-sie-3d-metallschritt-in-100x100cm-copy"},"modified":"2024-12-05T15:08:17","modified_gmt":"2024-12-05T14:08:17","slug":"bemalung-3d-metall-lotus-100x100cm","status":"publish","type":"product","link":"https:\/\/dev.eliassen.nl\/de\/bemalung-3d-metall-lotus-100x100cm\/","title":{"rendered":"Bemalung 3D Metall Lotus 100x100cm"},"content":{"rendered":"<p>3-D-Lackierung von 2 Rennautos, vollst\u00e4ndig von Hand aus Eisen gefertigt, einschlie\u00dflich des Hintergrunds.<br \/>Besondere Tiefenwirkung, da die Figur weiter als der Hintergrund herausragt.<br \/>Eine sch\u00f6ne Wanddekoration in Ihrem Zuhause oder drau\u00dfen unter einer Veranda oder \u00e4hnlichem.<br \/>Da es sich um Handarbeit handelt, kann die tats\u00e4chliche Ausf\u00fchrung geringf\u00fcgig vom Foto abweichen.<br \/><strong>Kommen Sie gerne in unseren Shop und sehen Sie sich diese Serie an. Wir haben fast die gesamte Kollektion auf Lager<\/strong><br \/><strong>dieser Serie, die die gr\u00f6\u00dfte in den Niederlanden ist !!<\/strong><\/p>\n<ul>\n<li>Gr\u00f6\u00dfe 100 x 100 cm.<\/li>\n<li>Einfach mit 2 Schrauben aufzuh\u00e4ngen.<\/li>\n<li>Schnell geliefert.<\/li>\n<li>Gr\u00f6\u00dfte Sammlung in den Benelux-L\u00e4ndern, die auch live betrachtet werden kann.<\/li>\n<\/ul>\n","protected":false},"excerpt":{"rendered":"<p>3-D-Lackierung von 2 Rennautos, vollst\u00e4ndig von Hand aus Eisen gefertigt, einschlie\u00dflich des Hintergrunds.Besondere Tiefenwirkung, da die Figur weiter als der Hintergrund herausragt.Eine sch\u00f6ne Wanddekoration in Ihrem Zuhause oder drau\u00dfen unter einer Veranda oder \u00e4hnlichem.Da es sich um Handarbeit handelt, kann die tats\u00e4chliche Ausf\u00fchrung geringf\u00fcgig vom Foto abweichen.Kommen Sie gerne in unseren Shop und sehen Sie &hellip;<\/p>\n","protected":false},"featured_media":4312,"template":"","meta":{"_acf_changed":false},"product_brand":[],"product_cat":[419,428,410,1355],"product_tag":[],"class_list":{"0":"post-4315","1":"product","2":"type-product","3":"status-publish","4":"has-post-thumbnail","6":"product_cat-3d-gemaelde-aus-metall","7":"product_cat-3d-gemaelde-aus-metall-im-format-100x100cm","8":"product_cat-gemaelde","9":"product_cat-sportdekoration","11":"first","12":"instock","13":"sale","14":"taxable","15":"shipping-taxable","16":"purchasable","17":"product-type-simple"},"acf":[],"yoast_head":"<!-- This site is optimized with the Yoast SEO plugin v23.8 - https:\/\/yoast.com\/wordpress\/plugins\/seo\/ -->\n<title>Malerei 3d Metall Lotus 100x100cm | Eliassen<\/title>\n<meta name=\"description\" content=\"Bei Eliassen k\u00f6nnen Sie 3D-Metall-Lotus-Gem\u00e4lde 100 x 100 cm online kaufen oder live im Showroom ansehen. Direkt online bestellen.\" \/>\n<meta name=\"robots\" content=\"noindex, follow, max-snippet:-1, max-image-preview:large, max-video-preview:-1\" \/>\n<meta property=\"og:locale\" content=\"de_DE\" \/>\n<meta property=\"og:type\" content=\"article\" \/>\n<meta property=\"og:title\" content=\"Malerei 3d Metall Lotus 100x100cm | Eliassen\" \/>\n<meta property=\"og:description\" content=\"Bei Eliassen k\u00f6nnen Sie 3D-Metall-Lotus-Gem\u00e4lde 100 x 100 cm online kaufen oder live im Showroom ansehen. Direkt online bestellen.\" \/>\n<meta property=\"og:url\" content=\"https:\/\/dev.eliassen.nl\/de\/bemalung-3d-metall-lotus-100x100cm\/\" \/>\n<meta property=\"og:site_name\" content=\"Eliassen.nl\" \/>\n<meta property=\"article:publisher\" content=\"https:\/\/www.facebook.com\/TuincentrumEliassenAmmerzoden\" \/>\n<meta property=\"article:modified_time\" content=\"2024-12-05T14:08:17+00:00\" \/>\n<meta property=\"og:image\" content=\"https:\/\/dev.eliassen.nl\/wp-content\/uploads\/2024\/01\/m100100034.jpg\" \/>\n\t<meta property=\"og:image:width\" content=\"1024\" \/>\n\t<meta property=\"og:image:height\" content=\"1024\" \/>\n\t<meta property=\"og:image:type\" content=\"image\/jpeg\" \/>\n<meta name=\"twitter:card\" content=\"summary_large_image\" \/>\n<script type=\"application\/ld+json\" class=\"yoast-schema-graph\">{\"@context\":\"https:\/\/schema.org\",\"@graph\":[{\"@type\":\"WebPage\",\"@id\":\"https:\/\/dev.eliassen.nl\/de\/bemalung-3d-metall-lotus-100x100cm\/\",\"url\":\"https:\/\/dev.eliassen.nl\/de\/bemalung-3d-metall-lotus-100x100cm\/\",\"name\":\"Malerei 3d Metall Lotus 100x100cm | Eliassen\",\"isPartOf\":{\"@id\":\"https:\/\/dev.eliassen.nl\/de\/#website\"},\"primaryImageOfPage\":{\"@id\":\"https:\/\/dev.eliassen.nl\/de\/bemalung-3d-metall-lotus-100x100cm\/#primaryimage\"},\"image\":{\"@id\":\"https:\/\/dev.eliassen.nl\/de\/bemalung-3d-metall-lotus-100x100cm\/#primaryimage\"},\"thumbnailUrl\":\"https:\/\/dev.eliassen.nl\/wp-content\/uploads\/2024\/01\/m100100034.jpg\",\"datePublished\":\"2019-10-28T14:40:52+00:00\",\"dateModified\":\"2024-12-05T14:08:17+00:00\",\"description\":\"Bei Eliassen k\u00f6nnen Sie 3D-Metall-Lotus-Gem\u00e4lde 100 x 100 cm online kaufen oder live im Showroom ansehen. Direkt online bestellen.\",\"breadcrumb\":{\"@id\":\"https:\/\/dev.eliassen.nl\/de\/bemalung-3d-metall-lotus-100x100cm\/#breadcrumb\"},\"inLanguage\":\"de\",\"potentialAction\":[{\"@type\":\"ReadAction\",\"target\":[\"https:\/\/dev.eliassen.nl\/de\/bemalung-3d-metall-lotus-100x100cm\/\"]}]},{\"@type\":\"ImageObject\",\"inLanguage\":\"de\",\"@id\":\"https:\/\/dev.eliassen.nl\/de\/bemalung-3d-metall-lotus-100x100cm\/#primaryimage\",\"url\":\"https:\/\/dev.eliassen.nl\/wp-content\/uploads\/2024\/01\/m100100034.jpg\",\"contentUrl\":\"https:\/\/dev.eliassen.nl\/wp-content\/uploads\/2024\/01\/m100100034.jpg\",\"width\":1024,\"height\":1024,\"caption\":\"m100100-034\"},{\"@type\":\"BreadcrumbList\",\"@id\":\"https:\/\/dev.eliassen.nl\/de\/bemalung-3d-metall-lotus-100x100cm\/#breadcrumb\",\"itemListElement\":[{\"@type\":\"ListItem\",\"position\":1,\"name\":\"Home\",\"item\":\"https:\/\/dev.eliassen.nl\/de\/\"},{\"@type\":\"ListItem\",\"position\":2,\"name\":\"Shop\",\"item\":\"https:\/\/dev.eliassen.nl\/nl\/winkel\/\"},{\"@type\":\"ListItem\",\"position\":3,\"name\":\"Gem\u00e4lde\",\"item\":\"https:\/\/dev.eliassen.nl\/de\/gemaelde\/\"},{\"@type\":\"ListItem\",\"position\":4,\"name\":\"3D-Gem\u00e4lde aus Metall\",\"item\":\"https:\/\/dev.eliassen.nl\/de\/gemaelde\/3d-gemaelde-aus-metall\/\"},{\"@type\":\"ListItem\",\"position\":5,\"name\":\"3D-Gem\u00e4lde aus Metall im Format 100x100cm\",\"item\":\"https:\/\/dev.eliassen.nl\/de\/gemaelde\/3d-gemaelde-aus-metall\/3d-gemaelde-aus-metall-im-format-100x100cm\/\"},{\"@type\":\"ListItem\",\"position\":6,\"name\":\"Bemalung 3D Metall Lotus 100x100cm\"}]},{\"@type\":\"WebSite\",\"@id\":\"https:\/\/dev.eliassen.nl\/de\/#website\",\"url\":\"https:\/\/dev.eliassen.nl\/de\/\",\"name\":\"Eliassen Home & Garden Pleasure\",\"description\":\"\",\"publisher\":{\"@id\":\"https:\/\/dev.eliassen.nl\/de\/#organization\"},\"alternateName\":\"Eliassen.nl\",\"potentialAction\":[{\"@type\":\"SearchAction\",\"target\":{\"@type\":\"EntryPoint\",\"urlTemplate\":\"https:\/\/dev.eliassen.nl\/de\/?s={search_term_string}\"},\"query-input\":{\"@type\":\"PropertyValueSpecification\",\"valueRequired\":true,\"valueName\":\"search_term_string\"}}],\"inLanguage\":\"de\"},{\"@type\":\"Organization\",\"@id\":\"https:\/\/dev.eliassen.nl\/de\/#organization\",\"name\":\"Eliassen Home & Garden Pleasure\",\"url\":\"https:\/\/dev.eliassen.nl\/de\/\",\"logo\":{\"@type\":\"ImageObject\",\"inLanguage\":\"de\",\"@id\":\"https:\/\/dev.eliassen.nl\/de\/#\/schema\/logo\/image\/\",\"url\":\"https:\/\/www.eliassen.nl\/wp-content\/uploads\/2024\/01\/logo_4nd.jpg\",\"contentUrl\":\"https:\/\/www.eliassen.nl\/wp-content\/uploads\/2024\/01\/logo_4nd.jpg\",\"width\":500,\"height\":500,\"caption\":\"Eliassen Home & Garden Pleasure\"},\"image\":{\"@id\":\"https:\/\/dev.eliassen.nl\/de\/#\/schema\/logo\/image\/\"},\"sameAs\":[\"https:\/\/www.facebook.com\/TuincentrumEliassenAmmerzoden\",\"https:\/\/www.instagram.com\/eliassenhomeandgarden\/\",\"https:\/\/nl.pinterest.com\/eliassenhomeandgarden\/\",\"https:\/\/www.youtube.com\/@eliassenhomegardenpleasure4558\"]}]}<\/script>\n<!-- \/ Yoast SEO plugin. -->","yoast_head_json":{"title":"Malerei 3d Metall Lotus 100x100cm | Eliassen","description":"Bei Eliassen k\u00f6nnen Sie 3D-Metall-Lotus-Gem\u00e4lde 100 x 100 cm online kaufen oder live im Showroom ansehen. Direkt online bestellen.","robots":{"index":"noindex","follow":"follow","max-snippet":"max-snippet:-1","max-image-preview":"max-image-preview:large","max-video-preview":"max-video-preview:-1"},"og_locale":"de_DE","og_type":"article","og_title":"Malerei 3d Metall Lotus 100x100cm | Eliassen","og_description":"Bei Eliassen k\u00f6nnen Sie 3D-Metall-Lotus-Gem\u00e4lde 100 x 100 cm online kaufen oder live im Showroom ansehen. Direkt online bestellen.","og_url":"https:\/\/dev.eliassen.nl\/de\/bemalung-3d-metall-lotus-100x100cm\/","og_site_name":"Eliassen.nl","article_publisher":"https:\/\/www.facebook.com\/TuincentrumEliassenAmmerzoden","article_modified_time":"2024-12-05T14:08:17+00:00","og_image":[{"width":1024,"height":1024,"url":"https:\/\/dev.eliassen.nl\/wp-content\/uploads\/2024\/01\/m100100034.jpg","type":"image\/jpeg"}],"twitter_card":"summary_large_image","schema":{"@context":"https:\/\/schema.org","@graph":[{"@type":"WebPage","@id":"https:\/\/dev.eliassen.nl\/de\/bemalung-3d-metall-lotus-100x100cm\/","url":"https:\/\/dev.eliassen.nl\/de\/bemalung-3d-metall-lotus-100x100cm\/","name":"Malerei 3d Metall Lotus 100x100cm | Eliassen","isPartOf":{"@id":"https:\/\/dev.eliassen.nl\/de\/#website"},"primaryImageOfPage":{"@id":"https:\/\/dev.eliassen.nl\/de\/bemalung-3d-metall-lotus-100x100cm\/#primaryimage"},"image":{"@id":"https:\/\/dev.eliassen.nl\/de\/bemalung-3d-metall-lotus-100x100cm\/#primaryimage"},"thumbnailUrl":"https:\/\/dev.eliassen.nl\/wp-content\/uploads\/2024\/01\/m100100034.jpg","datePublished":"2019-10-28T14:40:52+00:00","dateModified":"2024-12-05T14:08:17+00:00","description":"Bei Eliassen k\u00f6nnen Sie 3D-Metall-Lotus-Gem\u00e4lde 100 x 100 cm online kaufen oder live im Showroom ansehen. Direkt online bestellen.","breadcrumb":{"@id":"https:\/\/dev.eliassen.nl\/de\/bemalung-3d-metall-lotus-100x100cm\/#breadcrumb"},"inLanguage":"de","potentialAction":[{"@type":"ReadAction","target":["https:\/\/dev.eliassen.nl\/de\/bemalung-3d-metall-lotus-100x100cm\/"]}]},{"@type":"ImageObject","inLanguage":"de","@id":"https:\/\/dev.eliassen.nl\/de\/bemalung-3d-metall-lotus-100x100cm\/#primaryimage","url":"https:\/\/dev.eliassen.nl\/wp-content\/uploads\/2024\/01\/m100100034.jpg","contentUrl":"https:\/\/dev.eliassen.nl\/wp-content\/uploads\/2024\/01\/m100100034.jpg","width":1024,"height":1024,"caption":"m100100-034"},{"@type":"BreadcrumbList","@id":"https:\/\/dev.eliassen.nl\/de\/bemalung-3d-metall-lotus-100x100cm\/#breadcrumb","itemListElement":[{"@type":"ListItem","position":1,"name":"Home","item":"https:\/\/dev.eliassen.nl\/de\/"},{"@type":"ListItem","position":2,"name":"Shop","item":"https:\/\/dev.eliassen.nl\/nl\/winkel\/"},{"@type":"ListItem","position":3,"name":"Gem\u00e4lde","item":"https:\/\/dev.eliassen.nl\/de\/gemaelde\/"},{"@type":"ListItem","position":4,"name":"3D-Gem\u00e4lde aus Metall","item":"https:\/\/dev.eliassen.nl\/de\/gemaelde\/3d-gemaelde-aus-metall\/"},{"@type":"ListItem","position":5,"name":"3D-Gem\u00e4lde aus Metall im Format 100x100cm","item":"https:\/\/dev.eliassen.nl\/de\/gemaelde\/3d-gemaelde-aus-metall\/3d-gemaelde-aus-metall-im-format-100x100cm\/"},{"@type":"ListItem","position":6,"name":"Bemalung 3D Metall Lotus 100x100cm"}]},{"@type":"WebSite","@id":"https:\/\/dev.eliassen.nl\/de\/#website","url":"https:\/\/dev.eliassen.nl\/de\/","name":"Eliassen Home & Garden Pleasure","description":"","publisher":{"@id":"https:\/\/dev.eliassen.nl\/de\/#organization"},"alternateName":"Eliassen.nl","potentialAction":[{"@type":"SearchAction","target":{"@type":"EntryPoint","urlTemplate":"https:\/\/dev.eliassen.nl\/de\/?s={search_term_string}"},"query-input":{"@type":"PropertyValueSpecification","valueRequired":true,"valueName":"search_term_string"}}],"inLanguage":"de"},{"@type":"Organization","@id":"https:\/\/dev.eliassen.nl\/de\/#organization","name":"Eliassen Home & Garden Pleasure","url":"https:\/\/dev.eliassen.nl\/de\/","logo":{"@type":"ImageObject","inLanguage":"de","@id":"https:\/\/dev.eliassen.nl\/de\/#\/schema\/logo\/image\/","url":"https:\/\/www.eliassen.nl\/wp-content\/uploads\/2024\/01\/logo_4nd.jpg","contentUrl":"https:\/\/www.eliassen.nl\/wp-content\/uploads\/2024\/01\/logo_4nd.jpg","width":500,"height":500,"caption":"Eliassen Home & Garden Pleasure"},"image":{"@id":"https:\/\/dev.eliassen.nl\/de\/#\/schema\/logo\/image\/"},"sameAs":["https:\/\/www.facebook.com\/TuincentrumEliassenAmmerzoden","https:\/\/www.instagram.com\/eliassenhomeandgarden\/","https:\/\/nl.pinterest.com\/eliassenhomeandgarden\/","https:\/\/www.youtube.com\/@eliassenhomegardenpleasure4558"]}]}},"df_price":159,"df_sale_price":159,"df_regular_price":209,"df_image_link":"https:\/\/dev.eliassen.nl\/wp-content\/uploads\/2024\/01\/m100100034.jpg","image":"https:\/\/dev.eliassen.nl\/wp-content\/uploads\/2024\/01\/m100100034.jpg","price_search":"<span class=\"woocommerce-Price-amount amount\"><bdi><span class=\"woocommerce-Price-currencySymbol\">&euro;<\/span>&nbsp;159,00<\/bdi><\/span>","category":"3D-Gem\u00e4lde aus Metall","_links":{"self":[{"href":"https:\/\/dev.eliassen.nl\/de\/wp-json\/wp\/v2\/product\/4315","targetHints":{"allow":["GET"]}}],"collection":[{"href":"https:\/\/dev.eliassen.nl\/de\/wp-json\/wp\/v2\/product"}],"about":[{"href":"https:\/\/dev.eliassen.nl\/de\/wp-json\/wp\/v2\/types\/product"}],"wp:featuredmedia":[{"embeddable":true,"href":"https:\/\/dev.eliassen.nl\/de\/wp-json\/wp\/v2\/media\/4312"}],"wp:attachment":[{"href":"https:\/\/dev.eliassen.nl\/de\/wp-json\/wp\/v2\/media?parent=4315"}],"wp:term":[{"taxonomy":"product_brand","embeddable":true,"href":"https:\/\/dev.eliassen.nl\/de\/wp-json\/wp\/v2\/product_brand?post=4315"},{"taxonomy":"product_cat","embeddable":true,"href":"https:\/\/dev.eliassen.nl\/de\/wp-json\/wp\/v2\/product_cat?post=4315"},{"taxonomy":"product_tag","embeddable":true,"href":"https:\/\/dev.eliassen.nl\/de\/wp-json\/wp\/v2\/product_tag?post=4315"}],"curies":[{"name":"wp","href":"https:\/\/api.w.org\/{rel}","templated":true}]}}