{"id":4582,"date":"2019-10-28T15:46:36","date_gmt":"2019-10-28T14:46:36","guid":{"rendered":"https:\/\/www.eliassen.nl\/?product=angel-bild-eloa-gross"},"modified":"2024-12-05T15:09:05","modified_gmt":"2024-12-05T14:09:05","slug":"weibliche-engelsstatue-mit-flugeln-eloa","status":"publish","type":"product","link":"https:\/\/dev.eliassen.nl\/de\/weibliche-engelsstatue-mit-flugeln-eloa\/","title":{"rendered":"Weibliche Engelsstatue mit Fl\u00fcgeln Eloa"},"content":{"rendered":"<p>Eine gro\u00dfe und einzigartige Statue einer sitzenden weiblichen Engelsstatue mit ausgebreiteten Fl\u00fcgeln. Hergestellt aus bestem Gussstein. Gr\u00f6\u00dfe: 170cm gro\u00df.<\/p>\n<ul>\n<li>massiver Kunststein<\/li>\n<li>Farbe nat\u00fcrlich<\/li>\n<li>Gr\u00f6\u00dfe 85cm breit und 168cm hoch<\/li>\n<li>260kg<\/li>\n<li>10 Jahre Garantie<\/li>\n<li>Wir bem\u00fchen uns, dieses Produkt immer in unserem Showroom zu haben, damit Sie dieses Modell live sehen k\u00f6nnen. Rufen Sie uns an oder mailen Sie uns, wenn Sie kommen m\u00f6chten, um Missverst\u00e4ndnisse zu vermeiden.<\/li>\n<\/ul>\n","protected":false},"excerpt":{"rendered":"<p>Eine gro\u00dfe und einzigartige Statue einer sitzenden weiblichen Engelsstatue mit ausgebreiteten Fl\u00fcgeln. Hergestellt aus bestem Gussstein. Gr\u00f6\u00dfe: 170cm gro\u00df. massiver Kunststein Farbe nat\u00fcrlich Gr\u00f6\u00dfe 85cm breit und 168cm hoch 260kg 10 Jahre Garantie Wir bem\u00fchen uns, dieses Produkt immer in unserem Showroom zu haben, damit Sie dieses Modell live sehen k\u00f6nnen. Rufen Sie uns an &hellip;<\/p>\n","protected":false},"featured_media":4567,"template":"","meta":{"_acf_changed":false},"product_brand":[6916],"product_cat":[677,695,7076],"product_tag":[],"class_list":{"0":"post-4582","1":"product","2":"type-product","3":"status-publish","4":"has-post-thumbnail","6":"product_brand-eliassen-de","7":"product_cat-betonstatuen","8":"product_cat-engels-und-marienstatuen","9":"product_cat-statues-figures","11":"first","12":"outofstock","13":"taxable","14":"shipping-taxable","15":"purchasable","16":"product-type-simple"},"acf":[],"yoast_head":"<!-- This site is optimized with the Yoast SEO plugin v23.8 - https:\/\/yoast.com\/wordpress\/plugins\/seo\/ -->\n<title>Engelsstatue Eloa gro\u00df<\/title>\n<meta name=\"description\" content=\"Vrouwelijke Engel beeld met vleugels Eloa gemaakt van het allerbeste gietsteen. \u221a Maat 170cm.  \u221a Kleur: Naturel  \u221a 10 jaar garantie!\" \/>\n<meta name=\"robots\" content=\"noindex, follow, max-snippet:-1, max-image-preview:large, max-video-preview:-1\" \/>\n<meta property=\"og:locale\" content=\"de_DE\" \/>\n<meta property=\"og:type\" content=\"article\" \/>\n<meta property=\"og:title\" content=\"Engelsstatue Eloa gro\u00df\" \/>\n<meta property=\"og:description\" content=\"Vrouwelijke Engel beeld met vleugels Eloa gemaakt van het allerbeste gietsteen. \u221a Maat 170cm.  \u221a Kleur: Naturel  \u221a 10 jaar garantie!\" \/>\n<meta property=\"og:url\" content=\"https:\/\/dev.eliassen.nl\/de\/weibliche-engelsstatue-mit-flugeln-eloa\/\" \/>\n<meta property=\"og:site_name\" content=\"Eliassen.nl\" \/>\n<meta property=\"article:publisher\" content=\"https:\/\/www.facebook.com\/TuincentrumEliassenAmmerzoden\" \/>\n<meta property=\"article:modified_time\" content=\"2024-12-05T14:09:05+00:00\" \/>\n<meta property=\"og:image\" content=\"https:\/\/dev.eliassen.nl\/wp-content\/uploads\/2024\/01\/vrouwelijkeengelbeeldmetvleugelseloa.jpg\" \/>\n\t<meta property=\"og:image:width\" content=\"265\" \/>\n\t<meta property=\"og:image:height\" content=\"320\" \/>\n\t<meta property=\"og:image:type\" content=\"image\/jpeg\" \/>\n<meta name=\"twitter:card\" content=\"summary_large_image\" \/>\n<script type=\"application\/ld+json\" class=\"yoast-schema-graph\">{\"@context\":\"https:\/\/schema.org\",\"@graph\":[{\"@type\":\"WebPage\",\"@id\":\"https:\/\/dev.eliassen.nl\/de\/weibliche-engelsstatue-mit-flugeln-eloa\/\",\"url\":\"https:\/\/dev.eliassen.nl\/de\/weibliche-engelsstatue-mit-flugeln-eloa\/\",\"name\":\"Engelsstatue Eloa gro\u00df\",\"isPartOf\":{\"@id\":\"https:\/\/dev.eliassen.nl\/de\/#website\"},\"primaryImageOfPage\":{\"@id\":\"https:\/\/dev.eliassen.nl\/de\/weibliche-engelsstatue-mit-flugeln-eloa\/#primaryimage\"},\"image\":{\"@id\":\"https:\/\/dev.eliassen.nl\/de\/weibliche-engelsstatue-mit-flugeln-eloa\/#primaryimage\"},\"thumbnailUrl\":\"https:\/\/dev.eliassen.nl\/wp-content\/uploads\/2024\/01\/vrouwelijkeengelbeeldmetvleugelseloa.jpg\",\"datePublished\":\"2019-10-28T14:46:36+00:00\",\"dateModified\":\"2024-12-05T14:09:05+00:00\",\"description\":\"Vrouwelijke Engel beeld met vleugels Eloa gemaakt van het allerbeste gietsteen. \u221a Maat 170cm. \u221a Kleur: Naturel \u221a 10 jaar garantie!\",\"breadcrumb\":{\"@id\":\"https:\/\/dev.eliassen.nl\/de\/weibliche-engelsstatue-mit-flugeln-eloa\/#breadcrumb\"},\"inLanguage\":\"de\",\"potentialAction\":[{\"@type\":\"ReadAction\",\"target\":[\"https:\/\/dev.eliassen.nl\/de\/weibliche-engelsstatue-mit-flugeln-eloa\/\"]}]},{\"@type\":\"ImageObject\",\"inLanguage\":\"de\",\"@id\":\"https:\/\/dev.eliassen.nl\/de\/weibliche-engelsstatue-mit-flugeln-eloa\/#primaryimage\",\"url\":\"https:\/\/dev.eliassen.nl\/wp-content\/uploads\/2024\/01\/vrouwelijkeengelbeeldmetvleugelseloa.jpg\",\"contentUrl\":\"https:\/\/dev.eliassen.nl\/wp-content\/uploads\/2024\/01\/vrouwelijkeengelbeeldmetvleugelseloa.jpg\",\"width\":265,\"height\":320,\"caption\":\"Vrouwelijke Engel beeld met vleugels Eloa\"},{\"@type\":\"BreadcrumbList\",\"@id\":\"https:\/\/dev.eliassen.nl\/de\/weibliche-engelsstatue-mit-flugeln-eloa\/#breadcrumb\",\"itemListElement\":[{\"@type\":\"ListItem\",\"position\":1,\"name\":\"Home\",\"item\":\"https:\/\/dev.eliassen.nl\/de\/\"},{\"@type\":\"ListItem\",\"position\":2,\"name\":\"Shop\",\"item\":\"https:\/\/dev.eliassen.nl\/nl\/winkel\/\"},{\"@type\":\"ListItem\",\"position\":3,\"name\":\"Statuen-Skulpturen\",\"item\":\"https:\/\/dev.eliassen.nl\/de\/statuen-skulpturen\/\"},{\"@type\":\"ListItem\",\"position\":4,\"name\":\"Betonstatuen\",\"item\":\"https:\/\/dev.eliassen.nl\/de\/bilder\/betonstatuen\/\"},{\"@type\":\"ListItem\",\"position\":5,\"name\":\"Engels- und Marienstatuen\",\"item\":\"https:\/\/dev.eliassen.nl\/de\/bilder\/betonstatuen\/engels-und-marienstatuen\/\"},{\"@type\":\"ListItem\",\"position\":6,\"name\":\"Weibliche Engelsstatue mit Fl\u00fcgeln Eloa\"}]},{\"@type\":\"WebSite\",\"@id\":\"https:\/\/dev.eliassen.nl\/de\/#website\",\"url\":\"https:\/\/dev.eliassen.nl\/de\/\",\"name\":\"Eliassen Home & Garden Pleasure\",\"description\":\"\",\"publisher\":{\"@id\":\"https:\/\/dev.eliassen.nl\/de\/#organization\"},\"alternateName\":\"Eliassen.nl\",\"potentialAction\":[{\"@type\":\"SearchAction\",\"target\":{\"@type\":\"EntryPoint\",\"urlTemplate\":\"https:\/\/dev.eliassen.nl\/de\/?s={search_term_string}\"},\"query-input\":{\"@type\":\"PropertyValueSpecification\",\"valueRequired\":true,\"valueName\":\"search_term_string\"}}],\"inLanguage\":\"de\"},{\"@type\":\"Organization\",\"@id\":\"https:\/\/dev.eliassen.nl\/de\/#organization\",\"name\":\"Eliassen Home & Garden Pleasure\",\"url\":\"https:\/\/dev.eliassen.nl\/de\/\",\"logo\":{\"@type\":\"ImageObject\",\"inLanguage\":\"de\",\"@id\":\"https:\/\/dev.eliassen.nl\/de\/#\/schema\/logo\/image\/\",\"url\":\"https:\/\/www.eliassen.nl\/wp-content\/uploads\/2024\/01\/logo_4nd.jpg\",\"contentUrl\":\"https:\/\/www.eliassen.nl\/wp-content\/uploads\/2024\/01\/logo_4nd.jpg\",\"width\":500,\"height\":500,\"caption\":\"Eliassen Home & Garden Pleasure\"},\"image\":{\"@id\":\"https:\/\/dev.eliassen.nl\/de\/#\/schema\/logo\/image\/\"},\"sameAs\":[\"https:\/\/www.facebook.com\/TuincentrumEliassenAmmerzoden\",\"https:\/\/www.instagram.com\/eliassenhomeandgarden\/\",\"https:\/\/nl.pinterest.com\/eliassenhomeandgarden\/\",\"https:\/\/www.youtube.com\/@eliassenhomegardenpleasure4558\"]}]}<\/script>\n<!-- \/ Yoast SEO plugin. -->","yoast_head_json":{"title":"Engelsstatue Eloa gro\u00df","description":"Vrouwelijke Engel beeld met vleugels Eloa gemaakt van het allerbeste gietsteen. \u221a Maat 170cm.  \u221a Kleur: Naturel  \u221a 10 jaar garantie!","robots":{"index":"noindex","follow":"follow","max-snippet":"max-snippet:-1","max-image-preview":"max-image-preview:large","max-video-preview":"max-video-preview:-1"},"og_locale":"de_DE","og_type":"article","og_title":"Engelsstatue Eloa gro\u00df","og_description":"Vrouwelijke Engel beeld met vleugels Eloa gemaakt van het allerbeste gietsteen. \u221a Maat 170cm.  \u221a Kleur: Naturel  \u221a 10 jaar garantie!","og_url":"https:\/\/dev.eliassen.nl\/de\/weibliche-engelsstatue-mit-flugeln-eloa\/","og_site_name":"Eliassen.nl","article_publisher":"https:\/\/www.facebook.com\/TuincentrumEliassenAmmerzoden","article_modified_time":"2024-12-05T14:09:05+00:00","og_image":[{"width":265,"height":320,"url":"https:\/\/dev.eliassen.nl\/wp-content\/uploads\/2024\/01\/vrouwelijkeengelbeeldmetvleugelseloa.jpg","type":"image\/jpeg"}],"twitter_card":"summary_large_image","schema":{"@context":"https:\/\/schema.org","@graph":[{"@type":"WebPage","@id":"https:\/\/dev.eliassen.nl\/de\/weibliche-engelsstatue-mit-flugeln-eloa\/","url":"https:\/\/dev.eliassen.nl\/de\/weibliche-engelsstatue-mit-flugeln-eloa\/","name":"Engelsstatue Eloa gro\u00df","isPartOf":{"@id":"https:\/\/dev.eliassen.nl\/de\/#website"},"primaryImageOfPage":{"@id":"https:\/\/dev.eliassen.nl\/de\/weibliche-engelsstatue-mit-flugeln-eloa\/#primaryimage"},"image":{"@id":"https:\/\/dev.eliassen.nl\/de\/weibliche-engelsstatue-mit-flugeln-eloa\/#primaryimage"},"thumbnailUrl":"https:\/\/dev.eliassen.nl\/wp-content\/uploads\/2024\/01\/vrouwelijkeengelbeeldmetvleugelseloa.jpg","datePublished":"2019-10-28T14:46:36+00:00","dateModified":"2024-12-05T14:09:05+00:00","description":"Vrouwelijke Engel beeld met vleugels Eloa gemaakt van het allerbeste gietsteen. \u221a Maat 170cm. \u221a Kleur: Naturel \u221a 10 jaar garantie!","breadcrumb":{"@id":"https:\/\/dev.eliassen.nl\/de\/weibliche-engelsstatue-mit-flugeln-eloa\/#breadcrumb"},"inLanguage":"de","potentialAction":[{"@type":"ReadAction","target":["https:\/\/dev.eliassen.nl\/de\/weibliche-engelsstatue-mit-flugeln-eloa\/"]}]},{"@type":"ImageObject","inLanguage":"de","@id":"https:\/\/dev.eliassen.nl\/de\/weibliche-engelsstatue-mit-flugeln-eloa\/#primaryimage","url":"https:\/\/dev.eliassen.nl\/wp-content\/uploads\/2024\/01\/vrouwelijkeengelbeeldmetvleugelseloa.jpg","contentUrl":"https:\/\/dev.eliassen.nl\/wp-content\/uploads\/2024\/01\/vrouwelijkeengelbeeldmetvleugelseloa.jpg","width":265,"height":320,"caption":"Vrouwelijke Engel beeld met vleugels Eloa"},{"@type":"BreadcrumbList","@id":"https:\/\/dev.eliassen.nl\/de\/weibliche-engelsstatue-mit-flugeln-eloa\/#breadcrumb","itemListElement":[{"@type":"ListItem","position":1,"name":"Home","item":"https:\/\/dev.eliassen.nl\/de\/"},{"@type":"ListItem","position":2,"name":"Shop","item":"https:\/\/dev.eliassen.nl\/nl\/winkel\/"},{"@type":"ListItem","position":3,"name":"Statuen-Skulpturen","item":"https:\/\/dev.eliassen.nl\/de\/statuen-skulpturen\/"},{"@type":"ListItem","position":4,"name":"Betonstatuen","item":"https:\/\/dev.eliassen.nl\/de\/bilder\/betonstatuen\/"},{"@type":"ListItem","position":5,"name":"Engels- und Marienstatuen","item":"https:\/\/dev.eliassen.nl\/de\/bilder\/betonstatuen\/engels-und-marienstatuen\/"},{"@type":"ListItem","position":6,"name":"Weibliche Engelsstatue mit Fl\u00fcgeln Eloa"}]},{"@type":"WebSite","@id":"https:\/\/dev.eliassen.nl\/de\/#website","url":"https:\/\/dev.eliassen.nl\/de\/","name":"Eliassen Home & Garden Pleasure","description":"","publisher":{"@id":"https:\/\/dev.eliassen.nl\/de\/#organization"},"alternateName":"Eliassen.nl","potentialAction":[{"@type":"SearchAction","target":{"@type":"EntryPoint","urlTemplate":"https:\/\/dev.eliassen.nl\/de\/?s={search_term_string}"},"query-input":{"@type":"PropertyValueSpecification","valueRequired":true,"valueName":"search_term_string"}}],"inLanguage":"de"},{"@type":"Organization","@id":"https:\/\/dev.eliassen.nl\/de\/#organization","name":"Eliassen Home & Garden Pleasure","url":"https:\/\/dev.eliassen.nl\/de\/","logo":{"@type":"ImageObject","inLanguage":"de","@id":"https:\/\/dev.eliassen.nl\/de\/#\/schema\/logo\/image\/","url":"https:\/\/www.eliassen.nl\/wp-content\/uploads\/2024\/01\/logo_4nd.jpg","contentUrl":"https:\/\/www.eliassen.nl\/wp-content\/uploads\/2024\/01\/logo_4nd.jpg","width":500,"height":500,"caption":"Eliassen Home & Garden Pleasure"},"image":{"@id":"https:\/\/dev.eliassen.nl\/de\/#\/schema\/logo\/image\/"},"sameAs":["https:\/\/www.facebook.com\/TuincentrumEliassenAmmerzoden","https:\/\/www.instagram.com\/eliassenhomeandgarden\/","https:\/\/nl.pinterest.com\/eliassenhomeandgarden\/","https:\/\/www.youtube.com\/@eliassenhomegardenpleasure4558"]}]}},"df_price":1249,"df_sale_price":"","df_regular_price":1249,"df_image_link":"https:\/\/dev.eliassen.nl\/wp-content\/uploads\/2024\/01\/vrouwelijkeengelbeeldmetvleugelseloa.jpg","image":"https:\/\/dev.eliassen.nl\/wp-content\/uploads\/2024\/01\/vrouwelijkeengelbeeldmetvleugelseloa.jpg","price_search":"<span class=\"woocommerce-Price-amount amount\"><bdi><span class=\"woocommerce-Price-currencySymbol\">&euro;<\/span>&nbsp;1.249,00<\/bdi><\/span>","category":"Betonstatuen","_links":{"self":[{"href":"https:\/\/dev.eliassen.nl\/de\/wp-json\/wp\/v2\/product\/4582","targetHints":{"allow":["GET"]}}],"collection":[{"href":"https:\/\/dev.eliassen.nl\/de\/wp-json\/wp\/v2\/product"}],"about":[{"href":"https:\/\/dev.eliassen.nl\/de\/wp-json\/wp\/v2\/types\/product"}],"wp:featuredmedia":[{"embeddable":true,"href":"https:\/\/dev.eliassen.nl\/de\/wp-json\/wp\/v2\/media\/4567"}],"wp:attachment":[{"href":"https:\/\/dev.eliassen.nl\/de\/wp-json\/wp\/v2\/media?parent=4582"}],"wp:term":[{"taxonomy":"product_brand","embeddable":true,"href":"https:\/\/dev.eliassen.nl\/de\/wp-json\/wp\/v2\/product_brand?post=4582"},{"taxonomy":"product_cat","embeddable":true,"href":"https:\/\/dev.eliassen.nl\/de\/wp-json\/wp\/v2\/product_cat?post=4582"},{"taxonomy":"product_tag","embeddable":true,"href":"https:\/\/dev.eliassen.nl\/de\/wp-json\/wp\/v2\/product_tag?post=4582"}],"curies":[{"name":"wp","href":"https:\/\/api.w.org\/{rel}","templated":true}]}}