{"id":4645,"date":"2019-10-28T15:46:43","date_gmt":"2019-10-28T14:46:43","guid":{"rendered":"https:\/\/www.eliassen.nl\/?product=yoga-bild-arme-nach-oben-80cm"},"modified":"2024-12-05T15:09:23","modified_gmt":"2024-12-05T14:09:23","slug":"arme-der-yoga-statue-80-cm-hoch","status":"publish","type":"product","link":"https:\/\/dev.eliassen.nl\/de\/arme-der-yoga-statue-80-cm-hoch\/","title":{"rendered":"Die Arme der Yoga-Statue sind 80 cm hoch"},"content":{"rendered":"<p>Diese besonders sch\u00f6ne Statue einer figurativ geformten weiblichen Person, die Yoga praktiziert, kann als Gartenstatue verwendet werden, macht aber sicherlich auch in jedem Haus oder Geb\u00e4ude eine sch\u00f6ne Figur.<br \/>Die Statue besteht aus massivem Kunststein mit braun-grauer Patina und wiegt 80 kg. So f\u00e4llt es nicht so schnell um.<br \/>Die Gr\u00f6\u00dfe dieser Statue betr\u00e4gt 80x49cm.<\/p>\n<p>Sukhasana (Arme hoch): Aus der bequemen Sitzposition eine Dehnung, um die Rippen\/Flanken zu \u00f6ffnen und Platz zum Atmen zu schaffen. Diese Bewegung kennen wir als Bergstandhaltung, von der es hei\u00dft: \u201eIm Laufe seiner Entwicklung seit der Sch\u00f6pfung nahm das Tier sowohl seine Intelligenz als auch seine Aggressivit\u00e4t an.\u201c Lebensenergie zum Geistigen, die vertikale Wirbels\u00e4ule stellt die Verbindung zwischen dem physischen und nichtphysischen Menschen her, sie ist der Mittler zwischen Himmel und Erde<\/p>\n<ul>\n<li>H\u00f6he: 80 cm<\/li>\n<li>OPP-Gr\u00f6\u00dfe: 49 x 33 cm<\/li>\n<li>Farbe: Schwarz\/Grau<\/li>\n<li>Hochwertiger Kunststein<\/li>\n<li>Geeignet f\u00fcr den Innen- und Au\u00dfenbereich<\/li>\n<li>Handgefertigt<\/li>\n<li>Schnell geliefert<\/li>\n<li><strong>Viele dieser Serien k\u00f6nnen auch in unserem Shop besichtigt werden<\/strong><\/li>\n<\/ul>\n","protected":false},"excerpt":{"rendered":"<p>\u2713 49x33x80cm hoch \u2713 Hochwertiger Kunststein<\/p>\n","protected":false},"featured_media":4639,"template":"","meta":{"_acf_changed":false},"product_brand":[6916],"product_cat":[677,692,7239],"product_tag":[],"class_list":{"0":"post-4645","1":"product","2":"type-product","3":"status-publish","4":"has-post-thumbnail","6":"product_brand-eliassen-de","7":"product_cat-betonstatuen","8":"product_cat-yoga-bilder","9":"product_cat-statuen-skulpturen","11":"first","12":"instock","13":"taxable","14":"shipping-taxable","15":"purchasable","16":"product-type-simple"},"acf":[],"yoast_head":"<!-- This site is optimized with the Yoast SEO plugin v23.8 - https:\/\/yoast.com\/wordpress\/plugins\/seo\/ -->\n<title>Yoga-Statue Arme hoch 80cm | Eliassen<\/title>\n<meta name=\"description\" content=\"Bei Eliassen k\u00f6nnen Sie die Yoga-Statue Arme bis 80 cm online kaufen oder live im Showroom ansehen. Wir haben die sch\u00f6nsten Steinstatuen, Yogastatuen\" \/>\n<meta name=\"robots\" content=\"noindex, follow, max-snippet:-1, max-image-preview:large, max-video-preview:-1\" \/>\n<meta property=\"og:locale\" content=\"de_DE\" \/>\n<meta property=\"og:type\" content=\"article\" \/>\n<meta property=\"og:title\" content=\"Yoga-Statue Arme hoch 80cm | Eliassen\" \/>\n<meta property=\"og:description\" content=\"Bei Eliassen k\u00f6nnen Sie die Yoga-Statue Arme bis 80 cm online kaufen oder live im Showroom ansehen. Wir haben die sch\u00f6nsten Steinstatuen, Yogastatuen\" \/>\n<meta property=\"og:url\" content=\"https:\/\/dev.eliassen.nl\/de\/arme-der-yoga-statue-80-cm-hoch\/\" \/>\n<meta property=\"og:site_name\" content=\"Eliassen.nl\" \/>\n<meta property=\"article:publisher\" content=\"https:\/\/www.facebook.com\/TuincentrumEliassenAmmerzoden\" \/>\n<meta property=\"article:modified_time\" content=\"2024-12-05T14:09:23+00:00\" \/>\n<meta property=\"og:image\" content=\"https:\/\/dev.eliassen.nl\/wp-content\/uploads\/2024\/01\/sukhasanaarmshigh.jpg\" \/>\n\t<meta property=\"og:image:width\" content=\"576\" \/>\n\t<meta property=\"og:image:height\" content=\"1024\" \/>\n\t<meta property=\"og:image:type\" content=\"image\/jpeg\" \/>\n<meta name=\"twitter:card\" content=\"summary_large_image\" \/>\n<script type=\"application\/ld+json\" class=\"yoast-schema-graph\">{\"@context\":\"https:\/\/schema.org\",\"@graph\":[{\"@type\":\"WebPage\",\"@id\":\"https:\/\/dev.eliassen.nl\/de\/arme-der-yoga-statue-80-cm-hoch\/\",\"url\":\"https:\/\/dev.eliassen.nl\/de\/arme-der-yoga-statue-80-cm-hoch\/\",\"name\":\"Yoga-Statue Arme hoch 80cm | Eliassen\",\"isPartOf\":{\"@id\":\"https:\/\/dev.eliassen.nl\/de\/#website\"},\"primaryImageOfPage\":{\"@id\":\"https:\/\/dev.eliassen.nl\/de\/arme-der-yoga-statue-80-cm-hoch\/#primaryimage\"},\"image\":{\"@id\":\"https:\/\/dev.eliassen.nl\/de\/arme-der-yoga-statue-80-cm-hoch\/#primaryimage\"},\"thumbnailUrl\":\"https:\/\/dev.eliassen.nl\/wp-content\/uploads\/2024\/01\/sukhasanaarmshigh.jpg\",\"datePublished\":\"2019-10-28T14:46:43+00:00\",\"dateModified\":\"2024-12-05T14:09:23+00:00\",\"description\":\"Bei Eliassen k\u00f6nnen Sie die Yoga-Statue Arme bis 80 cm online kaufen oder live im Showroom ansehen. Wir haben die sch\u00f6nsten Steinstatuen, Yogastatuen\",\"breadcrumb\":{\"@id\":\"https:\/\/dev.eliassen.nl\/de\/arme-der-yoga-statue-80-cm-hoch\/#breadcrumb\"},\"inLanguage\":\"de\",\"potentialAction\":[{\"@type\":\"ReadAction\",\"target\":[\"https:\/\/dev.eliassen.nl\/de\/arme-der-yoga-statue-80-cm-hoch\/\"]}]},{\"@type\":\"ImageObject\",\"inLanguage\":\"de\",\"@id\":\"https:\/\/dev.eliassen.nl\/de\/arme-der-yoga-statue-80-cm-hoch\/#primaryimage\",\"url\":\"https:\/\/dev.eliassen.nl\/wp-content\/uploads\/2024\/01\/sukhasanaarmshigh.jpg\",\"contentUrl\":\"https:\/\/dev.eliassen.nl\/wp-content\/uploads\/2024\/01\/sukhasanaarmshigh.jpg\",\"width\":576,\"height\":1024,\"caption\":\"sukhasana-arms-high\"},{\"@type\":\"BreadcrumbList\",\"@id\":\"https:\/\/dev.eliassen.nl\/de\/arme-der-yoga-statue-80-cm-hoch\/#breadcrumb\",\"itemListElement\":[{\"@type\":\"ListItem\",\"position\":1,\"name\":\"Home\",\"item\":\"https:\/\/dev.eliassen.nl\/de\/\"},{\"@type\":\"ListItem\",\"position\":2,\"name\":\"Shop\",\"item\":\"https:\/\/dev.eliassen.nl\/nl\/winkel\/\"},{\"@type\":\"ListItem\",\"position\":3,\"name\":\"Statuen-Skulpturen\",\"item\":\"https:\/\/dev.eliassen.nl\/de\/statuen-skulpturen\/\"},{\"@type\":\"ListItem\",\"position\":4,\"name\":\"Betonstatuen\",\"item\":\"https:\/\/dev.eliassen.nl\/de\/bilder\/betonstatuen\/\"},{\"@type\":\"ListItem\",\"position\":5,\"name\":\"Yoga-Bilder\",\"item\":\"https:\/\/dev.eliassen.nl\/de\/bilder\/betonstatuen\/yoga-bilder\/\"},{\"@type\":\"ListItem\",\"position\":6,\"name\":\"Die Arme der Yoga-Statue sind 80 cm hoch\"}]},{\"@type\":\"WebSite\",\"@id\":\"https:\/\/dev.eliassen.nl\/de\/#website\",\"url\":\"https:\/\/dev.eliassen.nl\/de\/\",\"name\":\"Eliassen Home & Garden Pleasure\",\"description\":\"\",\"publisher\":{\"@id\":\"https:\/\/dev.eliassen.nl\/de\/#organization\"},\"alternateName\":\"Eliassen.nl\",\"potentialAction\":[{\"@type\":\"SearchAction\",\"target\":{\"@type\":\"EntryPoint\",\"urlTemplate\":\"https:\/\/dev.eliassen.nl\/de\/?s={search_term_string}\"},\"query-input\":{\"@type\":\"PropertyValueSpecification\",\"valueRequired\":true,\"valueName\":\"search_term_string\"}}],\"inLanguage\":\"de\"},{\"@type\":\"Organization\",\"@id\":\"https:\/\/dev.eliassen.nl\/de\/#organization\",\"name\":\"Eliassen Home & Garden Pleasure\",\"url\":\"https:\/\/dev.eliassen.nl\/de\/\",\"logo\":{\"@type\":\"ImageObject\",\"inLanguage\":\"de\",\"@id\":\"https:\/\/dev.eliassen.nl\/de\/#\/schema\/logo\/image\/\",\"url\":\"https:\/\/www.eliassen.nl\/wp-content\/uploads\/2024\/01\/logo_4nd.jpg\",\"contentUrl\":\"https:\/\/www.eliassen.nl\/wp-content\/uploads\/2024\/01\/logo_4nd.jpg\",\"width\":500,\"height\":500,\"caption\":\"Eliassen Home & Garden Pleasure\"},\"image\":{\"@id\":\"https:\/\/dev.eliassen.nl\/de\/#\/schema\/logo\/image\/\"},\"sameAs\":[\"https:\/\/www.facebook.com\/TuincentrumEliassenAmmerzoden\",\"https:\/\/www.instagram.com\/eliassenhomeandgarden\/\",\"https:\/\/nl.pinterest.com\/eliassenhomeandgarden\/\",\"https:\/\/www.youtube.com\/@eliassenhomegardenpleasure4558\"]}]}<\/script>\n<!-- \/ Yoast SEO plugin. -->","yoast_head_json":{"title":"Yoga-Statue Arme hoch 80cm | Eliassen","description":"Bei Eliassen k\u00f6nnen Sie die Yoga-Statue Arme bis 80 cm online kaufen oder live im Showroom ansehen. Wir haben die sch\u00f6nsten Steinstatuen, Yogastatuen","robots":{"index":"noindex","follow":"follow","max-snippet":"max-snippet:-1","max-image-preview":"max-image-preview:large","max-video-preview":"max-video-preview:-1"},"og_locale":"de_DE","og_type":"article","og_title":"Yoga-Statue Arme hoch 80cm | Eliassen","og_description":"Bei Eliassen k\u00f6nnen Sie die Yoga-Statue Arme bis 80 cm online kaufen oder live im Showroom ansehen. Wir haben die sch\u00f6nsten Steinstatuen, Yogastatuen","og_url":"https:\/\/dev.eliassen.nl\/de\/arme-der-yoga-statue-80-cm-hoch\/","og_site_name":"Eliassen.nl","article_publisher":"https:\/\/www.facebook.com\/TuincentrumEliassenAmmerzoden","article_modified_time":"2024-12-05T14:09:23+00:00","og_image":[{"width":576,"height":1024,"url":"https:\/\/dev.eliassen.nl\/wp-content\/uploads\/2024\/01\/sukhasanaarmshigh.jpg","type":"image\/jpeg"}],"twitter_card":"summary_large_image","schema":{"@context":"https:\/\/schema.org","@graph":[{"@type":"WebPage","@id":"https:\/\/dev.eliassen.nl\/de\/arme-der-yoga-statue-80-cm-hoch\/","url":"https:\/\/dev.eliassen.nl\/de\/arme-der-yoga-statue-80-cm-hoch\/","name":"Yoga-Statue Arme hoch 80cm | Eliassen","isPartOf":{"@id":"https:\/\/dev.eliassen.nl\/de\/#website"},"primaryImageOfPage":{"@id":"https:\/\/dev.eliassen.nl\/de\/arme-der-yoga-statue-80-cm-hoch\/#primaryimage"},"image":{"@id":"https:\/\/dev.eliassen.nl\/de\/arme-der-yoga-statue-80-cm-hoch\/#primaryimage"},"thumbnailUrl":"https:\/\/dev.eliassen.nl\/wp-content\/uploads\/2024\/01\/sukhasanaarmshigh.jpg","datePublished":"2019-10-28T14:46:43+00:00","dateModified":"2024-12-05T14:09:23+00:00","description":"Bei Eliassen k\u00f6nnen Sie die Yoga-Statue Arme bis 80 cm online kaufen oder live im Showroom ansehen. Wir haben die sch\u00f6nsten Steinstatuen, Yogastatuen","breadcrumb":{"@id":"https:\/\/dev.eliassen.nl\/de\/arme-der-yoga-statue-80-cm-hoch\/#breadcrumb"},"inLanguage":"de","potentialAction":[{"@type":"ReadAction","target":["https:\/\/dev.eliassen.nl\/de\/arme-der-yoga-statue-80-cm-hoch\/"]}]},{"@type":"ImageObject","inLanguage":"de","@id":"https:\/\/dev.eliassen.nl\/de\/arme-der-yoga-statue-80-cm-hoch\/#primaryimage","url":"https:\/\/dev.eliassen.nl\/wp-content\/uploads\/2024\/01\/sukhasanaarmshigh.jpg","contentUrl":"https:\/\/dev.eliassen.nl\/wp-content\/uploads\/2024\/01\/sukhasanaarmshigh.jpg","width":576,"height":1024,"caption":"sukhasana-arms-high"},{"@type":"BreadcrumbList","@id":"https:\/\/dev.eliassen.nl\/de\/arme-der-yoga-statue-80-cm-hoch\/#breadcrumb","itemListElement":[{"@type":"ListItem","position":1,"name":"Home","item":"https:\/\/dev.eliassen.nl\/de\/"},{"@type":"ListItem","position":2,"name":"Shop","item":"https:\/\/dev.eliassen.nl\/nl\/winkel\/"},{"@type":"ListItem","position":3,"name":"Statuen-Skulpturen","item":"https:\/\/dev.eliassen.nl\/de\/statuen-skulpturen\/"},{"@type":"ListItem","position":4,"name":"Betonstatuen","item":"https:\/\/dev.eliassen.nl\/de\/bilder\/betonstatuen\/"},{"@type":"ListItem","position":5,"name":"Yoga-Bilder","item":"https:\/\/dev.eliassen.nl\/de\/bilder\/betonstatuen\/yoga-bilder\/"},{"@type":"ListItem","position":6,"name":"Die Arme der Yoga-Statue sind 80 cm hoch"}]},{"@type":"WebSite","@id":"https:\/\/dev.eliassen.nl\/de\/#website","url":"https:\/\/dev.eliassen.nl\/de\/","name":"Eliassen Home & Garden Pleasure","description":"","publisher":{"@id":"https:\/\/dev.eliassen.nl\/de\/#organization"},"alternateName":"Eliassen.nl","potentialAction":[{"@type":"SearchAction","target":{"@type":"EntryPoint","urlTemplate":"https:\/\/dev.eliassen.nl\/de\/?s={search_term_string}"},"query-input":{"@type":"PropertyValueSpecification","valueRequired":true,"valueName":"search_term_string"}}],"inLanguage":"de"},{"@type":"Organization","@id":"https:\/\/dev.eliassen.nl\/de\/#organization","name":"Eliassen Home & Garden Pleasure","url":"https:\/\/dev.eliassen.nl\/de\/","logo":{"@type":"ImageObject","inLanguage":"de","@id":"https:\/\/dev.eliassen.nl\/de\/#\/schema\/logo\/image\/","url":"https:\/\/www.eliassen.nl\/wp-content\/uploads\/2024\/01\/logo_4nd.jpg","contentUrl":"https:\/\/www.eliassen.nl\/wp-content\/uploads\/2024\/01\/logo_4nd.jpg","width":500,"height":500,"caption":"Eliassen Home & Garden Pleasure"},"image":{"@id":"https:\/\/dev.eliassen.nl\/de\/#\/schema\/logo\/image\/"},"sameAs":["https:\/\/www.facebook.com\/TuincentrumEliassenAmmerzoden","https:\/\/www.instagram.com\/eliassenhomeandgarden\/","https:\/\/nl.pinterest.com\/eliassenhomeandgarden\/","https:\/\/www.youtube.com\/@eliassenhomegardenpleasure4558"]}]}},"df_price":239,"df_sale_price":"","df_regular_price":239,"df_image_link":"https:\/\/dev.eliassen.nl\/wp-content\/uploads\/2024\/01\/sukhasanaarmshigh.jpg","image":"https:\/\/dev.eliassen.nl\/wp-content\/uploads\/2024\/01\/sukhasanaarmshigh.jpg","price_search":"<span class=\"woocommerce-Price-amount amount\"><bdi><span class=\"woocommerce-Price-currencySymbol\">&euro;<\/span>&nbsp;239,00<\/bdi><\/span>","category":"Betonstatuen","_links":{"self":[{"href":"https:\/\/dev.eliassen.nl\/de\/wp-json\/wp\/v2\/product\/4645","targetHints":{"allow":["GET"]}}],"collection":[{"href":"https:\/\/dev.eliassen.nl\/de\/wp-json\/wp\/v2\/product"}],"about":[{"href":"https:\/\/dev.eliassen.nl\/de\/wp-json\/wp\/v2\/types\/product"}],"wp:featuredmedia":[{"embeddable":true,"href":"https:\/\/dev.eliassen.nl\/de\/wp-json\/wp\/v2\/media\/4639"}],"wp:attachment":[{"href":"https:\/\/dev.eliassen.nl\/de\/wp-json\/wp\/v2\/media?parent=4645"}],"wp:term":[{"taxonomy":"product_brand","embeddable":true,"href":"https:\/\/dev.eliassen.nl\/de\/wp-json\/wp\/v2\/product_brand?post=4645"},{"taxonomy":"product_cat","embeddable":true,"href":"https:\/\/dev.eliassen.nl\/de\/wp-json\/wp\/v2\/product_cat?post=4645"},{"taxonomy":"product_tag","embeddable":true,"href":"https:\/\/dev.eliassen.nl\/de\/wp-json\/wp\/v2\/product_tag?post=4645"}],"curies":[{"name":"wp","href":"https:\/\/api.w.org\/{rel}","templated":true}]}}