{"id":4942,"date":"2019-10-28T15:47:53","date_gmt":"2019-10-28T14:47:53","guid":{"rendered":"https:\/\/www.eliassen.nl\/?product=foto-auf-leinwand-gemaelde-nacht"},"modified":"2024-12-05T15:10:19","modified_gmt":"2024-12-05T14:10:19","slug":"foto-auf-leinwand-gemalde-stadt-am-abend","status":"publish","type":"product","link":"https:\/\/dev.eliassen.nl\/de\/foto-auf-leinwand-gemalde-stadt-am-abend\/","title":{"rendered":"Foto auf Leinwand, Gem\u00e4lde Stadt am Abend"},"content":{"rendered":"<p>Eine Bereicherung f\u00fcr Ihr Zuhause ist diese Wanddekoration mit einem gestochen scharfen Foto einer Stra\u00dfe, gedruckt auf stabiler Leinwand. Foto geht auch \u00fcber die Seiten weiter. Die Leinwand ist auf einen starken 4,7 cm dicken Holzrahmen gespannt, mit einem Verst\u00e4rkungskreuz in der Mitte, so dass es nicht zu Verformungen kommt. Einfaches Aufh\u00e4ngen mit einer Schraube.<br \/><strong>Wir haben auch fast die gesamte Kollektion dieses Shops in unserem Gesch\u00e4ft, kommen Sie also gerne vorbei und schauen Sie sich diese Kollektion bei uns an. Wenn Sie ein Sondermodell besichtigen m\u00f6chten, rufen Sie uns bitte an oder schreiben Sie uns eine E-Mail.<\/strong><\/p>\n<ul>\n<li>Gr\u00f6\u00dfe: 114 x 80 cm.<\/li>\n<li>Dicker Holzrahmen.<\/li>\n<li>Schnell geliefert.<\/li>\n<li>Nur f\u00fcr den Innengebrauch.<\/li>\n<\/ul>\n","protected":false},"excerpt":{"rendered":"<p>Gr\u00f6\u00dfe: 114 x 80 cm<\/p>\n","protected":false},"featured_media":4939,"template":"","meta":{"_acf_changed":false},"product_brand":[],"product_cat":[410,476,413],"product_tag":[],"class_list":{"0":"post-4942","1":"product","2":"type-product","3":"status-publish","4":"has-post-thumbnail","6":"product_cat-gemaelde","7":"product_cat-gemaelde-auf-leinwand","8":"product_cat-gemaelde-outlet","10":"first","11":"instock","12":"sale","13":"taxable","14":"shipping-taxable","15":"purchasable","16":"product-type-simple"},"acf":[],"yoast_head":"<!-- This site is optimized with the Yoast SEO plugin v23.8 - https:\/\/yoast.com\/wordpress\/plugins\/seo\/ -->\n<title>Foto auf Leinwand, Gem\u00e4lde Stadt am Abend<\/title>\n<meta name=\"description\" content=\"Eine Bereicherung f\u00fcr Ihr Zuhause ist diese Wanddekoration mit einem gestochen scharfen Foto einer Frau, gedruckt auf stabiler Leinwand. Foto geht auch \u00fcber ...\" \/>\n<meta name=\"robots\" content=\"noindex, follow, max-snippet:-1, max-image-preview:large, max-video-preview:-1\" \/>\n<meta property=\"og:locale\" content=\"de_DE\" \/>\n<meta property=\"og:type\" content=\"article\" \/>\n<meta property=\"og:title\" content=\"Foto auf Leinwand, Gem\u00e4lde Stadt am Abend\" \/>\n<meta property=\"og:description\" content=\"Eine Bereicherung f\u00fcr Ihr Zuhause ist diese Wanddekoration mit einem gestochen scharfen Foto einer Frau, gedruckt auf stabiler Leinwand. Foto geht auch \u00fcber ...\" \/>\n<meta property=\"og:url\" content=\"https:\/\/dev.eliassen.nl\/de\/foto-auf-leinwand-gemalde-stadt-am-abend\/\" \/>\n<meta property=\"og:site_name\" content=\"Eliassen.nl\" \/>\n<meta property=\"article:publisher\" content=\"https:\/\/www.facebook.com\/TuincentrumEliassenAmmerzoden\" \/>\n<meta property=\"article:modified_time\" content=\"2024-12-05T14:10:19+00:00\" \/>\n<meta property=\"og:image\" content=\"https:\/\/dev.eliassen.nl\/wp-content\/uploads\/2024\/01\/canvas080114e02114x80cm.jpg\" \/>\n\t<meta property=\"og:image:width\" content=\"1024\" \/>\n\t<meta property=\"og:image:height\" content=\"682\" \/>\n\t<meta property=\"og:image:type\" content=\"image\/jpeg\" \/>\n<meta name=\"twitter:card\" content=\"summary_large_image\" \/>\n<script type=\"application\/ld+json\" class=\"yoast-schema-graph\">{\"@context\":\"https:\/\/schema.org\",\"@graph\":[{\"@type\":\"WebPage\",\"@id\":\"https:\/\/dev.eliassen.nl\/de\/foto-auf-leinwand-gemalde-stadt-am-abend\/\",\"url\":\"https:\/\/dev.eliassen.nl\/de\/foto-auf-leinwand-gemalde-stadt-am-abend\/\",\"name\":\"Foto auf Leinwand, Gem\u00e4lde Stadt am Abend\",\"isPartOf\":{\"@id\":\"https:\/\/dev.eliassen.nl\/de\/#website\"},\"primaryImageOfPage\":{\"@id\":\"https:\/\/dev.eliassen.nl\/de\/foto-auf-leinwand-gemalde-stadt-am-abend\/#primaryimage\"},\"image\":{\"@id\":\"https:\/\/dev.eliassen.nl\/de\/foto-auf-leinwand-gemalde-stadt-am-abend\/#primaryimage\"},\"thumbnailUrl\":\"https:\/\/dev.eliassen.nl\/wp-content\/uploads\/2024\/01\/canvas080114e02114x80cm.jpg\",\"datePublished\":\"2019-10-28T14:47:53+00:00\",\"dateModified\":\"2024-12-05T14:10:19+00:00\",\"description\":\"Eine Bereicherung f\u00fcr Ihr Zuhause ist diese Wanddekoration mit einem gestochen scharfen Foto einer Frau, gedruckt auf stabiler Leinwand. Foto geht auch \u00fcber ...\",\"breadcrumb\":{\"@id\":\"https:\/\/dev.eliassen.nl\/de\/foto-auf-leinwand-gemalde-stadt-am-abend\/#breadcrumb\"},\"inLanguage\":\"de\",\"potentialAction\":[{\"@type\":\"ReadAction\",\"target\":[\"https:\/\/dev.eliassen.nl\/de\/foto-auf-leinwand-gemalde-stadt-am-abend\/\"]}]},{\"@type\":\"ImageObject\",\"inLanguage\":\"de\",\"@id\":\"https:\/\/dev.eliassen.nl\/de\/foto-auf-leinwand-gemalde-stadt-am-abend\/#primaryimage\",\"url\":\"https:\/\/dev.eliassen.nl\/wp-content\/uploads\/2024\/01\/canvas080114e02114x80cm.jpg\",\"contentUrl\":\"https:\/\/dev.eliassen.nl\/wp-content\/uploads\/2024\/01\/canvas080114e02114x80cm.jpg\",\"width\":1024,\"height\":682,\"caption\":\"canvas080114e-02-114x80cm\"},{\"@type\":\"BreadcrumbList\",\"@id\":\"https:\/\/dev.eliassen.nl\/de\/foto-auf-leinwand-gemalde-stadt-am-abend\/#breadcrumb\",\"itemListElement\":[{\"@type\":\"ListItem\",\"position\":1,\"name\":\"Home\",\"item\":\"https:\/\/dev.eliassen.nl\/de\/\"},{\"@type\":\"ListItem\",\"position\":2,\"name\":\"Shop\",\"item\":\"https:\/\/dev.eliassen.nl\/nl\/winkel\/\"},{\"@type\":\"ListItem\",\"position\":3,\"name\":\"Gem\u00e4lde\",\"item\":\"https:\/\/dev.eliassen.nl\/de\/gemaelde\/\"},{\"@type\":\"ListItem\",\"position\":4,\"name\":\"Gem\u00e4lde auf Leinwand\",\"item\":\"https:\/\/dev.eliassen.nl\/de\/gemaelde\/gemaelde-auf-leinwand\/\"},{\"@type\":\"ListItem\",\"position\":5,\"name\":\"Foto auf Leinwand, Gem\u00e4lde Stadt am Abend\"}]},{\"@type\":\"WebSite\",\"@id\":\"https:\/\/dev.eliassen.nl\/de\/#website\",\"url\":\"https:\/\/dev.eliassen.nl\/de\/\",\"name\":\"Eliassen Home & Garden Pleasure\",\"description\":\"\",\"publisher\":{\"@id\":\"https:\/\/dev.eliassen.nl\/de\/#organization\"},\"alternateName\":\"Eliassen.nl\",\"potentialAction\":[{\"@type\":\"SearchAction\",\"target\":{\"@type\":\"EntryPoint\",\"urlTemplate\":\"https:\/\/dev.eliassen.nl\/de\/?s={search_term_string}\"},\"query-input\":{\"@type\":\"PropertyValueSpecification\",\"valueRequired\":true,\"valueName\":\"search_term_string\"}}],\"inLanguage\":\"de\"},{\"@type\":\"Organization\",\"@id\":\"https:\/\/dev.eliassen.nl\/de\/#organization\",\"name\":\"Eliassen Home & Garden Pleasure\",\"url\":\"https:\/\/dev.eliassen.nl\/de\/\",\"logo\":{\"@type\":\"ImageObject\",\"inLanguage\":\"de\",\"@id\":\"https:\/\/dev.eliassen.nl\/de\/#\/schema\/logo\/image\/\",\"url\":\"https:\/\/www.eliassen.nl\/wp-content\/uploads\/2024\/01\/logo_4nd.jpg\",\"contentUrl\":\"https:\/\/www.eliassen.nl\/wp-content\/uploads\/2024\/01\/logo_4nd.jpg\",\"width\":500,\"height\":500,\"caption\":\"Eliassen Home & Garden Pleasure\"},\"image\":{\"@id\":\"https:\/\/dev.eliassen.nl\/de\/#\/schema\/logo\/image\/\"},\"sameAs\":[\"https:\/\/www.facebook.com\/TuincentrumEliassenAmmerzoden\",\"https:\/\/www.instagram.com\/eliassenhomeandgarden\/\",\"https:\/\/nl.pinterest.com\/eliassenhomeandgarden\/\",\"https:\/\/www.youtube.com\/@eliassenhomegardenpleasure4558\"]}]}<\/script>\n<!-- \/ Yoast SEO plugin. -->","yoast_head_json":{"title":"Foto auf Leinwand, Gem\u00e4lde Stadt am Abend","description":"Eine Bereicherung f\u00fcr Ihr Zuhause ist diese Wanddekoration mit einem gestochen scharfen Foto einer Frau, gedruckt auf stabiler Leinwand. Foto geht auch \u00fcber ...","robots":{"index":"noindex","follow":"follow","max-snippet":"max-snippet:-1","max-image-preview":"max-image-preview:large","max-video-preview":"max-video-preview:-1"},"og_locale":"de_DE","og_type":"article","og_title":"Foto auf Leinwand, Gem\u00e4lde Stadt am Abend","og_description":"Eine Bereicherung f\u00fcr Ihr Zuhause ist diese Wanddekoration mit einem gestochen scharfen Foto einer Frau, gedruckt auf stabiler Leinwand. Foto geht auch \u00fcber ...","og_url":"https:\/\/dev.eliassen.nl\/de\/foto-auf-leinwand-gemalde-stadt-am-abend\/","og_site_name":"Eliassen.nl","article_publisher":"https:\/\/www.facebook.com\/TuincentrumEliassenAmmerzoden","article_modified_time":"2024-12-05T14:10:19+00:00","og_image":[{"width":1024,"height":682,"url":"https:\/\/dev.eliassen.nl\/wp-content\/uploads\/2024\/01\/canvas080114e02114x80cm.jpg","type":"image\/jpeg"}],"twitter_card":"summary_large_image","schema":{"@context":"https:\/\/schema.org","@graph":[{"@type":"WebPage","@id":"https:\/\/dev.eliassen.nl\/de\/foto-auf-leinwand-gemalde-stadt-am-abend\/","url":"https:\/\/dev.eliassen.nl\/de\/foto-auf-leinwand-gemalde-stadt-am-abend\/","name":"Foto auf Leinwand, Gem\u00e4lde Stadt am Abend","isPartOf":{"@id":"https:\/\/dev.eliassen.nl\/de\/#website"},"primaryImageOfPage":{"@id":"https:\/\/dev.eliassen.nl\/de\/foto-auf-leinwand-gemalde-stadt-am-abend\/#primaryimage"},"image":{"@id":"https:\/\/dev.eliassen.nl\/de\/foto-auf-leinwand-gemalde-stadt-am-abend\/#primaryimage"},"thumbnailUrl":"https:\/\/dev.eliassen.nl\/wp-content\/uploads\/2024\/01\/canvas080114e02114x80cm.jpg","datePublished":"2019-10-28T14:47:53+00:00","dateModified":"2024-12-05T14:10:19+00:00","description":"Eine Bereicherung f\u00fcr Ihr Zuhause ist diese Wanddekoration mit einem gestochen scharfen Foto einer Frau, gedruckt auf stabiler Leinwand. Foto geht auch \u00fcber ...","breadcrumb":{"@id":"https:\/\/dev.eliassen.nl\/de\/foto-auf-leinwand-gemalde-stadt-am-abend\/#breadcrumb"},"inLanguage":"de","potentialAction":[{"@type":"ReadAction","target":["https:\/\/dev.eliassen.nl\/de\/foto-auf-leinwand-gemalde-stadt-am-abend\/"]}]},{"@type":"ImageObject","inLanguage":"de","@id":"https:\/\/dev.eliassen.nl\/de\/foto-auf-leinwand-gemalde-stadt-am-abend\/#primaryimage","url":"https:\/\/dev.eliassen.nl\/wp-content\/uploads\/2024\/01\/canvas080114e02114x80cm.jpg","contentUrl":"https:\/\/dev.eliassen.nl\/wp-content\/uploads\/2024\/01\/canvas080114e02114x80cm.jpg","width":1024,"height":682,"caption":"canvas080114e-02-114x80cm"},{"@type":"BreadcrumbList","@id":"https:\/\/dev.eliassen.nl\/de\/foto-auf-leinwand-gemalde-stadt-am-abend\/#breadcrumb","itemListElement":[{"@type":"ListItem","position":1,"name":"Home","item":"https:\/\/dev.eliassen.nl\/de\/"},{"@type":"ListItem","position":2,"name":"Shop","item":"https:\/\/dev.eliassen.nl\/nl\/winkel\/"},{"@type":"ListItem","position":3,"name":"Gem\u00e4lde","item":"https:\/\/dev.eliassen.nl\/de\/gemaelde\/"},{"@type":"ListItem","position":4,"name":"Gem\u00e4lde auf Leinwand","item":"https:\/\/dev.eliassen.nl\/de\/gemaelde\/gemaelde-auf-leinwand\/"},{"@type":"ListItem","position":5,"name":"Foto auf Leinwand, Gem\u00e4lde Stadt am Abend"}]},{"@type":"WebSite","@id":"https:\/\/dev.eliassen.nl\/de\/#website","url":"https:\/\/dev.eliassen.nl\/de\/","name":"Eliassen Home & Garden Pleasure","description":"","publisher":{"@id":"https:\/\/dev.eliassen.nl\/de\/#organization"},"alternateName":"Eliassen.nl","potentialAction":[{"@type":"SearchAction","target":{"@type":"EntryPoint","urlTemplate":"https:\/\/dev.eliassen.nl\/de\/?s={search_term_string}"},"query-input":{"@type":"PropertyValueSpecification","valueRequired":true,"valueName":"search_term_string"}}],"inLanguage":"de"},{"@type":"Organization","@id":"https:\/\/dev.eliassen.nl\/de\/#organization","name":"Eliassen Home & Garden Pleasure","url":"https:\/\/dev.eliassen.nl\/de\/","logo":{"@type":"ImageObject","inLanguage":"de","@id":"https:\/\/dev.eliassen.nl\/de\/#\/schema\/logo\/image\/","url":"https:\/\/www.eliassen.nl\/wp-content\/uploads\/2024\/01\/logo_4nd.jpg","contentUrl":"https:\/\/www.eliassen.nl\/wp-content\/uploads\/2024\/01\/logo_4nd.jpg","width":500,"height":500,"caption":"Eliassen Home & Garden Pleasure"},"image":{"@id":"https:\/\/dev.eliassen.nl\/de\/#\/schema\/logo\/image\/"},"sameAs":["https:\/\/www.facebook.com\/TuincentrumEliassenAmmerzoden","https:\/\/www.instagram.com\/eliassenhomeandgarden\/","https:\/\/nl.pinterest.com\/eliassenhomeandgarden\/","https:\/\/www.youtube.com\/@eliassenhomegardenpleasure4558"]}]}},"df_price":52,"df_sale_price":52,"df_regular_price":65,"df_image_link":"https:\/\/dev.eliassen.nl\/wp-content\/uploads\/2024\/01\/canvas080114e02114x80cm.jpg","image":"https:\/\/dev.eliassen.nl\/wp-content\/uploads\/2024\/01\/canvas080114e02114x80cm.jpg","price_search":"<span class=\"woocommerce-Price-amount amount\"><bdi><span class=\"woocommerce-Price-currencySymbol\">&euro;<\/span>&nbsp;52,00<\/bdi><\/span>","category":"Gem\u00e4lde","_links":{"self":[{"href":"https:\/\/dev.eliassen.nl\/de\/wp-json\/wp\/v2\/product\/4942","targetHints":{"allow":["GET"]}}],"collection":[{"href":"https:\/\/dev.eliassen.nl\/de\/wp-json\/wp\/v2\/product"}],"about":[{"href":"https:\/\/dev.eliassen.nl\/de\/wp-json\/wp\/v2\/types\/product"}],"wp:featuredmedia":[{"embeddable":true,"href":"https:\/\/dev.eliassen.nl\/de\/wp-json\/wp\/v2\/media\/4939"}],"wp:attachment":[{"href":"https:\/\/dev.eliassen.nl\/de\/wp-json\/wp\/v2\/media?parent=4942"}],"wp:term":[{"taxonomy":"product_brand","embeddable":true,"href":"https:\/\/dev.eliassen.nl\/de\/wp-json\/wp\/v2\/product_brand?post=4942"},{"taxonomy":"product_cat","embeddable":true,"href":"https:\/\/dev.eliassen.nl\/de\/wp-json\/wp\/v2\/product_cat?post=4942"},{"taxonomy":"product_tag","embeddable":true,"href":"https:\/\/dev.eliassen.nl\/de\/wp-json\/wp\/v2\/product_tag?post=4942"}],"curies":[{"name":"wp","href":"https:\/\/api.w.org\/{rel}","templated":true}]}}