{"id":50212,"date":"2021-05-07T11:28:52","date_gmt":"2021-05-07T09:28:52","guid":{"rendered":"https:\/\/www.eliassen.nl\/?product=draak-op-rots-brons-spuitfiguur-draak-op-rots-bron"},"modified":"2022-09-20T10:20:35","modified_gmt":"2022-09-20T10:20:35","slug":"drache-auf-fels-bronze-sprayfigur-xxl","status":"publish","type":"product","link":"https:\/\/dev.eliassen.nl\/de\/drache-auf-fels-bronze-sprayfigur-xxl\/","title":{"rendered":"Drache auf Fels Bronze Sprayfigur XXL"},"content":{"rendered":"<p><iframe loading=\"lazy\" src=\"\/\/www.youtube.com\/embed\/zJGTnCMwzRM\" width=\"560\" height=\"314\" allowfullscreen=\"allowfullscreen\"><\/iframe> Sch\u00f6ne moderne Statue eines sehr gro\u00dfen (Fl\u00fcgelspannweite 80 cm) Drachen auf einem Felsen aus europ\u00e4ischem Granit. Aus 100 % hochwertiger Bronze mit einem Mindestkupferanteil von 75 %, was eine sehr lange Lebensdauer und keine unsch\u00f6nen Flecken garantiert. Ein sch\u00f6nes und langlebiges Dekorationsobjekt f\u00fcr Haus, Gesch\u00e4ft oder Garten, aber auch f\u00fcr ein wunderbares Geschenk.<\/p>\n<p>Besuchen Sie unseren Showroom, um sich zum Beispiel dieses Bild anzusehen.<\/p>\n<p>Dieses Modell kann auch an Wasser und damit an eine Spritzfigur angeschlossen werden. In der S\u00e4ule ist bereits ein Loch f\u00fcr den Schlauch. Die Form des Stolzes ist immer anders. Das Foto ist nur ein Beispiel.<br \/>Mailen oder rufen Sie uns an, um die M\u00f6glichkeiten mit dieser Statue \/ diesem Ornament zu erfahren.<\/p>\n<p>Das Foto ist nur ein Beispiel, die Form und Farbe des Gesteins wird jedes Mal anders sein<\/p>\n<p>Sie m\u00f6chten Ihrem Haus oder Garten mehr Leben einhauchen? Dann schauen Sie sich diesen bronzenen Drachen unbedingt an. Diese Bronzestatue ist eine gro\u00dfe Statue in Form eines Drachen, der Wasser spritzt. Es strahlt eine robuste Optik aus und bietet Ihrem Garten oder Haus mehr Dimension.<\/p>\n<ul>\n<li>Gr\u00f6\u00dfe: insgesamt ca. 60x80x120cm hoch.<\/li>\n<li>Schnell geliefert.<\/li>\n<li>30 Jahre Garantie.<\/li>\n<li><strong>Bei uns finden Sie die gr\u00f6\u00dfte Sammlung an Bronzeskulpturen, die live besichtigt werden kann.<\/strong><\/li>\n<\/ul>\n","protected":false},"excerpt":{"rendered":"<p>Sch\u00f6ne moderne Statue eines sehr gro\u00dfen (Fl\u00fcgelspannweite 80 cm) Drachen auf einem Felsen aus europ\u00e4ischem Granit. Aus 100 % hochwertiger Bronze mit einem Mindestkupferanteil von 75 %, was eine sehr lange Lebensdauer und keine unsch\u00f6nen Flecken garantiert. Ein sch\u00f6nes und langlebiges Dekorationsobjekt f\u00fcr Haus, Gesch\u00e4ft oder Garten, aber auch f\u00fcr ein wunderbares Geschenk. Besuchen Sie &hellip;<\/p>\n","protected":false},"featured_media":50197,"template":"","meta":{"_acf_changed":false},"product_brand":[],"product_cat":[593,613,833,590,536,7239],"product_tag":[],"class_list":{"0":"post-50212","1":"product","2":"type-product","3":"status-publish","4":"has-post-thumbnail","6":"product_cat-bronzebrunnen","7":"product_cat-bronzestatuen","8":"product_cat-bronzetiere-auf-stein","9":"product_cat-sprayfiguren-bronze","10":"product_cat-wassereigenschaften","11":"product_cat-statuen-skulpturen","13":"first","14":"onbackorder","15":"taxable","16":"shipping-taxable","17":"purchasable","18":"product-type-simple"},"acf":[],"yoast_head":"<!-- This site is optimized with the Yoast SEO plugin v23.8 - https:\/\/yoast.com\/wordpress\/plugins\/seo\/ -->\n<title>Dragon on Rock Bronze Sprayfigur XXL - Eliassen.nl<\/title>\n<meta name=\"description\" content=\"Suchen Sie einen bronzenen Drachen? Schauen Sie sich jetzt Bronzedrachen auf Felsen und viele andere Bronzestatuen an! \u2713 Schnelle Lieferung \u2713 Echte Bronze \u2713 ...\" \/>\n<meta name=\"robots\" content=\"noindex, follow, max-snippet:-1, max-image-preview:large, max-video-preview:-1\" \/>\n<meta property=\"og:locale\" content=\"de_DE\" \/>\n<meta property=\"og:type\" content=\"article\" \/>\n<meta property=\"og:title\" content=\"Dragon on Rock Bronze Sprayfigur XXL - Eliassen.nl\" \/>\n<meta property=\"og:description\" content=\"Suchen Sie einen bronzenen Drachen? Schauen Sie sich jetzt Bronzedrachen auf Felsen und viele andere Bronzestatuen an! \u2713 Schnelle Lieferung \u2713 Echte Bronze \u2713 ...\" \/>\n<meta property=\"og:url\" content=\"https:\/\/dev.eliassen.nl\/de\/drache-auf-fels-bronze-sprayfigur-xxl\/\" \/>\n<meta property=\"og:site_name\" content=\"Eliassen.nl\" \/>\n<meta property=\"article:publisher\" content=\"https:\/\/www.facebook.com\/TuincentrumEliassenAmmerzoden\" \/>\n<meta property=\"article:modified_time\" content=\"2022-09-20T10:20:35+00:00\" \/>\n<meta property=\"og:image\" content=\"https:\/\/dev.eliassen.nl\/wp-content\/uploads\/2024\/01\/draakoprotsbronsspuitfiguurxxleliassennl.jpg\" \/>\n\t<meta property=\"og:image:width\" content=\"450\" \/>\n\t<meta property=\"og:image:height\" content=\"600\" \/>\n\t<meta property=\"og:image:type\" content=\"image\/jpeg\" \/>\n<meta name=\"twitter:card\" content=\"summary_large_image\" \/>\n<script type=\"application\/ld+json\" class=\"yoast-schema-graph\">{\"@context\":\"https:\/\/schema.org\",\"@graph\":[{\"@type\":\"WebPage\",\"@id\":\"https:\/\/dev.eliassen.nl\/de\/drache-auf-fels-bronze-sprayfigur-xxl\/\",\"url\":\"https:\/\/dev.eliassen.nl\/de\/drache-auf-fels-bronze-sprayfigur-xxl\/\",\"name\":\"Dragon on Rock Bronze Sprayfigur XXL - Eliassen.nl\",\"isPartOf\":{\"@id\":\"https:\/\/dev.eliassen.nl\/de\/#website\"},\"primaryImageOfPage\":{\"@id\":\"https:\/\/dev.eliassen.nl\/de\/drache-auf-fels-bronze-sprayfigur-xxl\/#primaryimage\"},\"image\":{\"@id\":\"https:\/\/dev.eliassen.nl\/de\/drache-auf-fels-bronze-sprayfigur-xxl\/#primaryimage\"},\"thumbnailUrl\":\"https:\/\/dev.eliassen.nl\/wp-content\/uploads\/2024\/01\/draakoprotsbronsspuitfiguurxxleliassennl.jpg\",\"datePublished\":\"2021-05-07T09:28:52+00:00\",\"dateModified\":\"2022-09-20T10:20:35+00:00\",\"description\":\"Suchen Sie einen bronzenen Drachen? Schauen Sie sich jetzt Bronzedrachen auf Felsen und viele andere Bronzestatuen an! \u2713 Schnelle Lieferung \u2713 Echte Bronze \u2713 ...\",\"breadcrumb\":{\"@id\":\"https:\/\/dev.eliassen.nl\/de\/drache-auf-fels-bronze-sprayfigur-xxl\/#breadcrumb\"},\"inLanguage\":\"de\",\"potentialAction\":[{\"@type\":\"ReadAction\",\"target\":[\"https:\/\/dev.eliassen.nl\/de\/drache-auf-fels-bronze-sprayfigur-xxl\/\"]}]},{\"@type\":\"ImageObject\",\"inLanguage\":\"de\",\"@id\":\"https:\/\/dev.eliassen.nl\/de\/drache-auf-fels-bronze-sprayfigur-xxl\/#primaryimage\",\"url\":\"https:\/\/dev.eliassen.nl\/wp-content\/uploads\/2024\/01\/draakoprotsbronsspuitfiguurxxleliassennl.jpg\",\"contentUrl\":\"https:\/\/dev.eliassen.nl\/wp-content\/uploads\/2024\/01\/draakoprotsbronsspuitfiguurxxleliassennl.jpg\",\"width\":450,\"height\":600,\"caption\":\"Draak op rots brons spuitfiguur XXL - Eliassen.nl\"},{\"@type\":\"BreadcrumbList\",\"@id\":\"https:\/\/dev.eliassen.nl\/de\/drache-auf-fels-bronze-sprayfigur-xxl\/#breadcrumb\",\"itemListElement\":[{\"@type\":\"ListItem\",\"position\":1,\"name\":\"Home\",\"item\":\"https:\/\/dev.eliassen.nl\/de\/\"},{\"@type\":\"ListItem\",\"position\":2,\"name\":\"Shop\",\"item\":\"https:\/\/dev.eliassen.nl\/nl\/winkel\/\"},{\"@type\":\"ListItem\",\"position\":3,\"name\":\"Wasserspiele\",\"item\":\"https:\/\/dev.eliassen.nl\/de\/wassereigenschaften\/\"},{\"@type\":\"ListItem\",\"position\":4,\"name\":\"Bronzebrunnen\",\"item\":\"https:\/\/dev.eliassen.nl\/de\/wassereigenschaften\/bronzebrunnen\/\"},{\"@type\":\"ListItem\",\"position\":5,\"name\":\"Drache auf Fels Bronze Sprayfigur XXL\"}]},{\"@type\":\"WebSite\",\"@id\":\"https:\/\/dev.eliassen.nl\/de\/#website\",\"url\":\"https:\/\/dev.eliassen.nl\/de\/\",\"name\":\"Eliassen Home & Garden Pleasure\",\"description\":\"\",\"publisher\":{\"@id\":\"https:\/\/dev.eliassen.nl\/de\/#organization\"},\"alternateName\":\"Eliassen.nl\",\"potentialAction\":[{\"@type\":\"SearchAction\",\"target\":{\"@type\":\"EntryPoint\",\"urlTemplate\":\"https:\/\/dev.eliassen.nl\/de\/?s={search_term_string}\"},\"query-input\":{\"@type\":\"PropertyValueSpecification\",\"valueRequired\":true,\"valueName\":\"search_term_string\"}}],\"inLanguage\":\"de\"},{\"@type\":\"Organization\",\"@id\":\"https:\/\/dev.eliassen.nl\/de\/#organization\",\"name\":\"Eliassen Home & Garden Pleasure\",\"url\":\"https:\/\/dev.eliassen.nl\/de\/\",\"logo\":{\"@type\":\"ImageObject\",\"inLanguage\":\"de\",\"@id\":\"https:\/\/dev.eliassen.nl\/de\/#\/schema\/logo\/image\/\",\"url\":\"https:\/\/www.eliassen.nl\/wp-content\/uploads\/2024\/01\/logo_4nd.jpg\",\"contentUrl\":\"https:\/\/www.eliassen.nl\/wp-content\/uploads\/2024\/01\/logo_4nd.jpg\",\"width\":500,\"height\":500,\"caption\":\"Eliassen Home & Garden Pleasure\"},\"image\":{\"@id\":\"https:\/\/dev.eliassen.nl\/de\/#\/schema\/logo\/image\/\"},\"sameAs\":[\"https:\/\/www.facebook.com\/TuincentrumEliassenAmmerzoden\",\"https:\/\/www.instagram.com\/eliassenhomeandgarden\/\",\"https:\/\/nl.pinterest.com\/eliassenhomeandgarden\/\",\"https:\/\/www.youtube.com\/@eliassenhomegardenpleasure4558\"]}]}<\/script>\n<!-- \/ Yoast SEO plugin. -->","yoast_head_json":{"title":"Dragon on Rock Bronze Sprayfigur XXL - Eliassen.nl","description":"Suchen Sie einen bronzenen Drachen? Schauen Sie sich jetzt Bronzedrachen auf Felsen und viele andere Bronzestatuen an! \u2713 Schnelle Lieferung \u2713 Echte Bronze \u2713 ...","robots":{"index":"noindex","follow":"follow","max-snippet":"max-snippet:-1","max-image-preview":"max-image-preview:large","max-video-preview":"max-video-preview:-1"},"og_locale":"de_DE","og_type":"article","og_title":"Dragon on Rock Bronze Sprayfigur XXL - Eliassen.nl","og_description":"Suchen Sie einen bronzenen Drachen? Schauen Sie sich jetzt Bronzedrachen auf Felsen und viele andere Bronzestatuen an! \u2713 Schnelle Lieferung \u2713 Echte Bronze \u2713 ...","og_url":"https:\/\/dev.eliassen.nl\/de\/drache-auf-fels-bronze-sprayfigur-xxl\/","og_site_name":"Eliassen.nl","article_publisher":"https:\/\/www.facebook.com\/TuincentrumEliassenAmmerzoden","article_modified_time":"2022-09-20T10:20:35+00:00","og_image":[{"width":450,"height":600,"url":"https:\/\/dev.eliassen.nl\/wp-content\/uploads\/2024\/01\/draakoprotsbronsspuitfiguurxxleliassennl.jpg","type":"image\/jpeg"}],"twitter_card":"summary_large_image","schema":{"@context":"https:\/\/schema.org","@graph":[{"@type":"WebPage","@id":"https:\/\/dev.eliassen.nl\/de\/drache-auf-fels-bronze-sprayfigur-xxl\/","url":"https:\/\/dev.eliassen.nl\/de\/drache-auf-fels-bronze-sprayfigur-xxl\/","name":"Dragon on Rock Bronze Sprayfigur XXL - Eliassen.nl","isPartOf":{"@id":"https:\/\/dev.eliassen.nl\/de\/#website"},"primaryImageOfPage":{"@id":"https:\/\/dev.eliassen.nl\/de\/drache-auf-fels-bronze-sprayfigur-xxl\/#primaryimage"},"image":{"@id":"https:\/\/dev.eliassen.nl\/de\/drache-auf-fels-bronze-sprayfigur-xxl\/#primaryimage"},"thumbnailUrl":"https:\/\/dev.eliassen.nl\/wp-content\/uploads\/2024\/01\/draakoprotsbronsspuitfiguurxxleliassennl.jpg","datePublished":"2021-05-07T09:28:52+00:00","dateModified":"2022-09-20T10:20:35+00:00","description":"Suchen Sie einen bronzenen Drachen? Schauen Sie sich jetzt Bronzedrachen auf Felsen und viele andere Bronzestatuen an! \u2713 Schnelle Lieferung \u2713 Echte Bronze \u2713 ...","breadcrumb":{"@id":"https:\/\/dev.eliassen.nl\/de\/drache-auf-fels-bronze-sprayfigur-xxl\/#breadcrumb"},"inLanguage":"de","potentialAction":[{"@type":"ReadAction","target":["https:\/\/dev.eliassen.nl\/de\/drache-auf-fels-bronze-sprayfigur-xxl\/"]}]},{"@type":"ImageObject","inLanguage":"de","@id":"https:\/\/dev.eliassen.nl\/de\/drache-auf-fels-bronze-sprayfigur-xxl\/#primaryimage","url":"https:\/\/dev.eliassen.nl\/wp-content\/uploads\/2024\/01\/draakoprotsbronsspuitfiguurxxleliassennl.jpg","contentUrl":"https:\/\/dev.eliassen.nl\/wp-content\/uploads\/2024\/01\/draakoprotsbronsspuitfiguurxxleliassennl.jpg","width":450,"height":600,"caption":"Draak op rots brons spuitfiguur XXL - Eliassen.nl"},{"@type":"BreadcrumbList","@id":"https:\/\/dev.eliassen.nl\/de\/drache-auf-fels-bronze-sprayfigur-xxl\/#breadcrumb","itemListElement":[{"@type":"ListItem","position":1,"name":"Home","item":"https:\/\/dev.eliassen.nl\/de\/"},{"@type":"ListItem","position":2,"name":"Shop","item":"https:\/\/dev.eliassen.nl\/nl\/winkel\/"},{"@type":"ListItem","position":3,"name":"Wasserspiele","item":"https:\/\/dev.eliassen.nl\/de\/wassereigenschaften\/"},{"@type":"ListItem","position":4,"name":"Bronzebrunnen","item":"https:\/\/dev.eliassen.nl\/de\/wassereigenschaften\/bronzebrunnen\/"},{"@type":"ListItem","position":5,"name":"Drache auf Fels Bronze Sprayfigur XXL"}]},{"@type":"WebSite","@id":"https:\/\/dev.eliassen.nl\/de\/#website","url":"https:\/\/dev.eliassen.nl\/de\/","name":"Eliassen Home & Garden Pleasure","description":"","publisher":{"@id":"https:\/\/dev.eliassen.nl\/de\/#organization"},"alternateName":"Eliassen.nl","potentialAction":[{"@type":"SearchAction","target":{"@type":"EntryPoint","urlTemplate":"https:\/\/dev.eliassen.nl\/de\/?s={search_term_string}"},"query-input":{"@type":"PropertyValueSpecification","valueRequired":true,"valueName":"search_term_string"}}],"inLanguage":"de"},{"@type":"Organization","@id":"https:\/\/dev.eliassen.nl\/de\/#organization","name":"Eliassen Home & Garden Pleasure","url":"https:\/\/dev.eliassen.nl\/de\/","logo":{"@type":"ImageObject","inLanguage":"de","@id":"https:\/\/dev.eliassen.nl\/de\/#\/schema\/logo\/image\/","url":"https:\/\/www.eliassen.nl\/wp-content\/uploads\/2024\/01\/logo_4nd.jpg","contentUrl":"https:\/\/www.eliassen.nl\/wp-content\/uploads\/2024\/01\/logo_4nd.jpg","width":500,"height":500,"caption":"Eliassen Home & Garden Pleasure"},"image":{"@id":"https:\/\/dev.eliassen.nl\/de\/#\/schema\/logo\/image\/"},"sameAs":["https:\/\/www.facebook.com\/TuincentrumEliassenAmmerzoden","https:\/\/www.instagram.com\/eliassenhomeandgarden\/","https:\/\/nl.pinterest.com\/eliassenhomeandgarden\/","https:\/\/www.youtube.com\/@eliassenhomegardenpleasure4558"]}]}},"df_price":1695,"df_sale_price":"","df_regular_price":1695,"df_image_link":"https:\/\/dev.eliassen.nl\/wp-content\/uploads\/2024\/01\/draakoprotsbronsspuitfiguurxxleliassennl.jpg","image":"https:\/\/dev.eliassen.nl\/wp-content\/uploads\/2024\/01\/draakoprotsbronsspuitfiguurxxleliassennl.jpg","price_search":"<span class=\"woocommerce-Price-amount amount\"><bdi><span class=\"woocommerce-Price-currencySymbol\">&euro;<\/span>&nbsp;1.695,00<\/bdi><\/span>","category":"Bronzebrunnen","_links":{"self":[{"href":"https:\/\/dev.eliassen.nl\/de\/wp-json\/wp\/v2\/product\/50212","targetHints":{"allow":["GET"]}}],"collection":[{"href":"https:\/\/dev.eliassen.nl\/de\/wp-json\/wp\/v2\/product"}],"about":[{"href":"https:\/\/dev.eliassen.nl\/de\/wp-json\/wp\/v2\/types\/product"}],"wp:featuredmedia":[{"embeddable":true,"href":"https:\/\/dev.eliassen.nl\/de\/wp-json\/wp\/v2\/media\/50197"}],"wp:attachment":[{"href":"https:\/\/dev.eliassen.nl\/de\/wp-json\/wp\/v2\/media?parent=50212"}],"wp:term":[{"taxonomy":"product_brand","embeddable":true,"href":"https:\/\/dev.eliassen.nl\/de\/wp-json\/wp\/v2\/product_brand?post=50212"},{"taxonomy":"product_cat","embeddable":true,"href":"https:\/\/dev.eliassen.nl\/de\/wp-json\/wp\/v2\/product_cat?post=50212"},{"taxonomy":"product_tag","embeddable":true,"href":"https:\/\/dev.eliassen.nl\/de\/wp-json\/wp\/v2\/product_tag?post=50212"}],"curies":[{"name":"wp","href":"https:\/\/api.w.org\/{rel}","templated":true}]}}