{"id":50329,"date":"2021-05-08T10:15:20","date_gmt":"2021-05-08T08:15:20","guid":{"rendered":"https:\/\/www.eliassen.nl\/?product=beeld-boeddistische-monnik-mediterend"},"modified":"2023-10-25T10:58:05","modified_gmt":"2023-10-25T10:58:05","slug":"bild-eines-meditierenden-buddhistischen-monchs","status":"publish","type":"product","link":"https:\/\/dev.eliassen.nl\/de\/bild-eines-meditierenden-buddhistischen-monchs\/","title":{"rendered":"Bild eines meditierenden buddhistischen M\u00f6nchs"},"content":{"rendered":"<p>Diese Statue eines betenden buddhistischen M\u00f6nchs mit Mala-Halskette ist vollst\u00e4ndig von Hand aus einer Basalts\u00e4ule gefertigt.<\/p>\n<p>Diese Arbeit mit dem steinharten Basalt dauerte Tage.<\/p>\n<p>Kommen Sie und bewundern Sie diese einzigartige Statue in unserem Gesch\u00e4ft, es gibt nur eine davon. Nirgendwo anders zu verkaufen.<\/p>\n<p>Wundersch\u00f6n in einer ruhigen Ecke des Gartens.<\/p>\n<ul>\n<li>ca. 130cm hoch<\/li>\n<li>225 kg<\/li>\n<li>Unikat, keine Sekunde zum Verkauf<\/li>\n<li>live zu sehen<\/li>\n<\/ul>\n","protected":false},"excerpt":{"rendered":"<p>Diese Statue eines betenden buddhistischen M\u00f6nchs mit Mala-Halskette ist vollst\u00e4ndig von Hand aus einer Basalts\u00e4ule gefertigt. Diese Arbeit mit dem steinharten Basalt dauerte Tage. Kommen Sie und bewundern Sie diese einzigartige Statue in unserem Gesch\u00e4ft, es gibt nur eine davon. Nirgendwo anders zu verkaufen. Wundersch\u00f6n in einer ruhigen Ecke des Gartens. ca. 130cm hoch 225 &hellip;<\/p>\n","protected":false},"featured_media":50320,"template":"","meta":{"_acf_changed":false},"product_brand":[],"product_cat":[677,680,719,683,7076],"product_tag":[],"class_list":{"0":"post-50329","1":"product","2":"type-product","3":"status-publish","4":"has-post-thumbnail","6":"product_cat-betonstatuen","7":"product_cat-buddha-statuen","8":"product_cat-statuen-aus-naturstein","9":"product_cat-statuen-buddhistischer-moenche","10":"product_cat-statues-figures","12":"first","13":"instock","14":"sale","15":"taxable","16":"shipping-taxable","17":"purchasable","18":"product-type-simple"},"acf":[],"yoast_head":"<!-- This site is optimized with the Yoast SEO plugin v23.8 - https:\/\/yoast.com\/wordpress\/plugins\/seo\/ -->\n<title>Bild eines meditierenden buddhistischen M\u00f6nchs<\/title>\n<meta name=\"description\" content=\"Gr\u00f6\u00dfte Auswahl an Buddha-Statuen, die alle live besichtigt und sofort mitgenommen werden k\u00f6nnen.\" \/>\n<meta name=\"robots\" content=\"noindex, follow, max-snippet:-1, max-image-preview:large, max-video-preview:-1\" \/>\n<meta property=\"og:locale\" content=\"de_DE\" \/>\n<meta property=\"og:type\" content=\"article\" \/>\n<meta property=\"og:title\" content=\"Bild eines meditierenden buddhistischen M\u00f6nchs\" \/>\n<meta property=\"og:description\" content=\"Gr\u00f6\u00dfte Auswahl an Buddha-Statuen, die alle live besichtigt und sofort mitgenommen werden k\u00f6nnen.\" \/>\n<meta property=\"og:url\" content=\"https:\/\/dev.eliassen.nl\/de\/bild-eines-meditierenden-buddhistischen-monchs\/\" \/>\n<meta property=\"og:site_name\" content=\"Eliassen.nl\" \/>\n<meta property=\"article:publisher\" content=\"https:\/\/www.facebook.com\/TuincentrumEliassenAmmerzoden\" \/>\n<meta property=\"article:modified_time\" content=\"2023-10-25T10:58:05+00:00\" \/>\n<meta property=\"og:image\" content=\"https:\/\/dev.eliassen.nl\/wp-content\/uploads\/2024\/01\/beeldboeddistischemonnikmediterendeliassennl.png\" \/>\n\t<meta property=\"og:image:width\" content=\"296\" \/>\n\t<meta property=\"og:image:height\" content=\"1000\" \/>\n\t<meta property=\"og:image:type\" content=\"image\/png\" \/>\n<meta name=\"twitter:card\" content=\"summary_large_image\" \/>\n<script type=\"application\/ld+json\" class=\"yoast-schema-graph\">{\"@context\":\"https:\/\/schema.org\",\"@graph\":[{\"@type\":\"WebPage\",\"@id\":\"https:\/\/dev.eliassen.nl\/de\/bild-eines-meditierenden-buddhistischen-monchs\/\",\"url\":\"https:\/\/dev.eliassen.nl\/de\/bild-eines-meditierenden-buddhistischen-monchs\/\",\"name\":\"Bild eines meditierenden buddhistischen M\u00f6nchs\",\"isPartOf\":{\"@id\":\"https:\/\/dev.eliassen.nl\/de\/#website\"},\"primaryImageOfPage\":{\"@id\":\"https:\/\/dev.eliassen.nl\/de\/bild-eines-meditierenden-buddhistischen-monchs\/#primaryimage\"},\"image\":{\"@id\":\"https:\/\/dev.eliassen.nl\/de\/bild-eines-meditierenden-buddhistischen-monchs\/#primaryimage\"},\"thumbnailUrl\":\"https:\/\/dev.eliassen.nl\/wp-content\/uploads\/2024\/01\/beeldboeddistischemonnikmediterendeliassennl.png\",\"datePublished\":\"2021-05-08T08:15:20+00:00\",\"dateModified\":\"2023-10-25T10:58:05+00:00\",\"description\":\"Gr\u00f6\u00dfte Auswahl an Buddha-Statuen, die alle live besichtigt und sofort mitgenommen werden k\u00f6nnen.\",\"breadcrumb\":{\"@id\":\"https:\/\/dev.eliassen.nl\/de\/bild-eines-meditierenden-buddhistischen-monchs\/#breadcrumb\"},\"inLanguage\":\"de\",\"potentialAction\":[{\"@type\":\"ReadAction\",\"target\":[\"https:\/\/dev.eliassen.nl\/de\/bild-eines-meditierenden-buddhistischen-monchs\/\"]}]},{\"@type\":\"ImageObject\",\"inLanguage\":\"de\",\"@id\":\"https:\/\/dev.eliassen.nl\/de\/bild-eines-meditierenden-buddhistischen-monchs\/#primaryimage\",\"url\":\"https:\/\/dev.eliassen.nl\/wp-content\/uploads\/2024\/01\/beeldboeddistischemonnikmediterendeliassennl.png\",\"contentUrl\":\"https:\/\/dev.eliassen.nl\/wp-content\/uploads\/2024\/01\/beeldboeddistischemonnikmediterendeliassennl.png\",\"width\":296,\"height\":1000,\"caption\":\"Beeld boeddistische monnik mediterend eliassen.nl\"},{\"@type\":\"BreadcrumbList\",\"@id\":\"https:\/\/dev.eliassen.nl\/de\/bild-eines-meditierenden-buddhistischen-monchs\/#breadcrumb\",\"itemListElement\":[{\"@type\":\"ListItem\",\"position\":1,\"name\":\"Home\",\"item\":\"https:\/\/dev.eliassen.nl\/de\/\"},{\"@type\":\"ListItem\",\"position\":2,\"name\":\"Shop\",\"item\":\"https:\/\/dev.eliassen.nl\/nl\/winkel\/\"},{\"@type\":\"ListItem\",\"position\":3,\"name\":\"Statuen-Skulpturen\",\"item\":\"https:\/\/dev.eliassen.nl\/de\/statuen-skulpturen\/\"},{\"@type\":\"ListItem\",\"position\":4,\"name\":\"Betonstatuen\",\"item\":\"https:\/\/dev.eliassen.nl\/de\/bilder\/betonstatuen\/\"},{\"@type\":\"ListItem\",\"position\":5,\"name\":\"Buddha-Statuen\",\"item\":\"https:\/\/dev.eliassen.nl\/de\/bilder\/betonstatuen\/buddha-statuen\/\"},{\"@type\":\"ListItem\",\"position\":6,\"name\":\"Bild eines meditierenden buddhistischen M\u00f6nchs\"}]},{\"@type\":\"WebSite\",\"@id\":\"https:\/\/dev.eliassen.nl\/de\/#website\",\"url\":\"https:\/\/dev.eliassen.nl\/de\/\",\"name\":\"Eliassen Home & Garden Pleasure\",\"description\":\"\",\"publisher\":{\"@id\":\"https:\/\/dev.eliassen.nl\/de\/#organization\"},\"alternateName\":\"Eliassen.nl\",\"potentialAction\":[{\"@type\":\"SearchAction\",\"target\":{\"@type\":\"EntryPoint\",\"urlTemplate\":\"https:\/\/dev.eliassen.nl\/de\/?s={search_term_string}\"},\"query-input\":{\"@type\":\"PropertyValueSpecification\",\"valueRequired\":true,\"valueName\":\"search_term_string\"}}],\"inLanguage\":\"de\"},{\"@type\":\"Organization\",\"@id\":\"https:\/\/dev.eliassen.nl\/de\/#organization\",\"name\":\"Eliassen Home & Garden Pleasure\",\"url\":\"https:\/\/dev.eliassen.nl\/de\/\",\"logo\":{\"@type\":\"ImageObject\",\"inLanguage\":\"de\",\"@id\":\"https:\/\/dev.eliassen.nl\/de\/#\/schema\/logo\/image\/\",\"url\":\"https:\/\/www.eliassen.nl\/wp-content\/uploads\/2024\/01\/logo_4nd.jpg\",\"contentUrl\":\"https:\/\/www.eliassen.nl\/wp-content\/uploads\/2024\/01\/logo_4nd.jpg\",\"width\":500,\"height\":500,\"caption\":\"Eliassen Home & Garden Pleasure\"},\"image\":{\"@id\":\"https:\/\/dev.eliassen.nl\/de\/#\/schema\/logo\/image\/\"},\"sameAs\":[\"https:\/\/www.facebook.com\/TuincentrumEliassenAmmerzoden\",\"https:\/\/www.instagram.com\/eliassenhomeandgarden\/\",\"https:\/\/nl.pinterest.com\/eliassenhomeandgarden\/\",\"https:\/\/www.youtube.com\/@eliassenhomegardenpleasure4558\"]}]}<\/script>\n<!-- \/ Yoast SEO plugin. -->","yoast_head_json":{"title":"Bild eines meditierenden buddhistischen M\u00f6nchs","description":"Gr\u00f6\u00dfte Auswahl an Buddha-Statuen, die alle live besichtigt und sofort mitgenommen werden k\u00f6nnen.","robots":{"index":"noindex","follow":"follow","max-snippet":"max-snippet:-1","max-image-preview":"max-image-preview:large","max-video-preview":"max-video-preview:-1"},"og_locale":"de_DE","og_type":"article","og_title":"Bild eines meditierenden buddhistischen M\u00f6nchs","og_description":"Gr\u00f6\u00dfte Auswahl an Buddha-Statuen, die alle live besichtigt und sofort mitgenommen werden k\u00f6nnen.","og_url":"https:\/\/dev.eliassen.nl\/de\/bild-eines-meditierenden-buddhistischen-monchs\/","og_site_name":"Eliassen.nl","article_publisher":"https:\/\/www.facebook.com\/TuincentrumEliassenAmmerzoden","article_modified_time":"2023-10-25T10:58:05+00:00","og_image":[{"width":296,"height":1000,"url":"https:\/\/dev.eliassen.nl\/wp-content\/uploads\/2024\/01\/beeldboeddistischemonnikmediterendeliassennl.png","type":"image\/png"}],"twitter_card":"summary_large_image","schema":{"@context":"https:\/\/schema.org","@graph":[{"@type":"WebPage","@id":"https:\/\/dev.eliassen.nl\/de\/bild-eines-meditierenden-buddhistischen-monchs\/","url":"https:\/\/dev.eliassen.nl\/de\/bild-eines-meditierenden-buddhistischen-monchs\/","name":"Bild eines meditierenden buddhistischen M\u00f6nchs","isPartOf":{"@id":"https:\/\/dev.eliassen.nl\/de\/#website"},"primaryImageOfPage":{"@id":"https:\/\/dev.eliassen.nl\/de\/bild-eines-meditierenden-buddhistischen-monchs\/#primaryimage"},"image":{"@id":"https:\/\/dev.eliassen.nl\/de\/bild-eines-meditierenden-buddhistischen-monchs\/#primaryimage"},"thumbnailUrl":"https:\/\/dev.eliassen.nl\/wp-content\/uploads\/2024\/01\/beeldboeddistischemonnikmediterendeliassennl.png","datePublished":"2021-05-08T08:15:20+00:00","dateModified":"2023-10-25T10:58:05+00:00","description":"Gr\u00f6\u00dfte Auswahl an Buddha-Statuen, die alle live besichtigt und sofort mitgenommen werden k\u00f6nnen.","breadcrumb":{"@id":"https:\/\/dev.eliassen.nl\/de\/bild-eines-meditierenden-buddhistischen-monchs\/#breadcrumb"},"inLanguage":"de","potentialAction":[{"@type":"ReadAction","target":["https:\/\/dev.eliassen.nl\/de\/bild-eines-meditierenden-buddhistischen-monchs\/"]}]},{"@type":"ImageObject","inLanguage":"de","@id":"https:\/\/dev.eliassen.nl\/de\/bild-eines-meditierenden-buddhistischen-monchs\/#primaryimage","url":"https:\/\/dev.eliassen.nl\/wp-content\/uploads\/2024\/01\/beeldboeddistischemonnikmediterendeliassennl.png","contentUrl":"https:\/\/dev.eliassen.nl\/wp-content\/uploads\/2024\/01\/beeldboeddistischemonnikmediterendeliassennl.png","width":296,"height":1000,"caption":"Beeld boeddistische monnik mediterend eliassen.nl"},{"@type":"BreadcrumbList","@id":"https:\/\/dev.eliassen.nl\/de\/bild-eines-meditierenden-buddhistischen-monchs\/#breadcrumb","itemListElement":[{"@type":"ListItem","position":1,"name":"Home","item":"https:\/\/dev.eliassen.nl\/de\/"},{"@type":"ListItem","position":2,"name":"Shop","item":"https:\/\/dev.eliassen.nl\/nl\/winkel\/"},{"@type":"ListItem","position":3,"name":"Statuen-Skulpturen","item":"https:\/\/dev.eliassen.nl\/de\/statuen-skulpturen\/"},{"@type":"ListItem","position":4,"name":"Betonstatuen","item":"https:\/\/dev.eliassen.nl\/de\/bilder\/betonstatuen\/"},{"@type":"ListItem","position":5,"name":"Buddha-Statuen","item":"https:\/\/dev.eliassen.nl\/de\/bilder\/betonstatuen\/buddha-statuen\/"},{"@type":"ListItem","position":6,"name":"Bild eines meditierenden buddhistischen M\u00f6nchs"}]},{"@type":"WebSite","@id":"https:\/\/dev.eliassen.nl\/de\/#website","url":"https:\/\/dev.eliassen.nl\/de\/","name":"Eliassen Home & Garden Pleasure","description":"","publisher":{"@id":"https:\/\/dev.eliassen.nl\/de\/#organization"},"alternateName":"Eliassen.nl","potentialAction":[{"@type":"SearchAction","target":{"@type":"EntryPoint","urlTemplate":"https:\/\/dev.eliassen.nl\/de\/?s={search_term_string}"},"query-input":{"@type":"PropertyValueSpecification","valueRequired":true,"valueName":"search_term_string"}}],"inLanguage":"de"},{"@type":"Organization","@id":"https:\/\/dev.eliassen.nl\/de\/#organization","name":"Eliassen Home & Garden Pleasure","url":"https:\/\/dev.eliassen.nl\/de\/","logo":{"@type":"ImageObject","inLanguage":"de","@id":"https:\/\/dev.eliassen.nl\/de\/#\/schema\/logo\/image\/","url":"https:\/\/www.eliassen.nl\/wp-content\/uploads\/2024\/01\/logo_4nd.jpg","contentUrl":"https:\/\/www.eliassen.nl\/wp-content\/uploads\/2024\/01\/logo_4nd.jpg","width":500,"height":500,"caption":"Eliassen Home & Garden Pleasure"},"image":{"@id":"https:\/\/dev.eliassen.nl\/de\/#\/schema\/logo\/image\/"},"sameAs":["https:\/\/www.facebook.com\/TuincentrumEliassenAmmerzoden","https:\/\/www.instagram.com\/eliassenhomeandgarden\/","https:\/\/nl.pinterest.com\/eliassenhomeandgarden\/","https:\/\/www.youtube.com\/@eliassenhomegardenpleasure4558"]}]}},"df_price":595,"df_sale_price":595,"df_regular_price":895,"df_image_link":"https:\/\/dev.eliassen.nl\/wp-content\/uploads\/2024\/01\/beeldboeddistischemonnikmediterendeliassennl.png","image":"https:\/\/dev.eliassen.nl\/wp-content\/uploads\/2024\/01\/beeldboeddistischemonnikmediterendeliassennl.png","price_search":"<span class=\"woocommerce-Price-amount amount\"><bdi><span class=\"woocommerce-Price-currencySymbol\">&euro;<\/span>&nbsp;595,00<\/bdi><\/span>","category":"Betonstatuen","_links":{"self":[{"href":"https:\/\/dev.eliassen.nl\/de\/wp-json\/wp\/v2\/product\/50329","targetHints":{"allow":["GET"]}}],"collection":[{"href":"https:\/\/dev.eliassen.nl\/de\/wp-json\/wp\/v2\/product"}],"about":[{"href":"https:\/\/dev.eliassen.nl\/de\/wp-json\/wp\/v2\/types\/product"}],"wp:featuredmedia":[{"embeddable":true,"href":"https:\/\/dev.eliassen.nl\/de\/wp-json\/wp\/v2\/media\/50320"}],"wp:attachment":[{"href":"https:\/\/dev.eliassen.nl\/de\/wp-json\/wp\/v2\/media?parent=50329"}],"wp:term":[{"taxonomy":"product_brand","embeddable":true,"href":"https:\/\/dev.eliassen.nl\/de\/wp-json\/wp\/v2\/product_brand?post=50329"},{"taxonomy":"product_cat","embeddable":true,"href":"https:\/\/dev.eliassen.nl\/de\/wp-json\/wp\/v2\/product_cat?post=50329"},{"taxonomy":"product_tag","embeddable":true,"href":"https:\/\/dev.eliassen.nl\/de\/wp-json\/wp\/v2\/product_tag?post=50329"}],"curies":[{"name":"wp","href":"https:\/\/api.w.org\/{rel}","templated":true}]}}