{"id":50383,"date":"2021-05-10T16:44:40","date_gmt":"2021-05-10T14:44:40","guid":{"rendered":"https:\/\/www.eliassen.nl\/?product=rode-sierkeien-plat-5-8cm-pebbles"},"modified":"2024-12-05T15:49:17","modified_gmt":"2024-12-05T14:49:17","slug":"rote-kieselsteine-dekorative-felsbrocken-58-cm-20-kg","status":"publish","type":"product","link":"https:\/\/dev.eliassen.nl\/de\/rote-kieselsteine-dekorative-felsbrocken-58-cm-20-kg\/","title":{"rendered":"Rote Kieselsteine, dekorative Felsbrocken, 5\u20138 cm, 20 kg"},"content":{"rendered":"<p>Kaufen Sie rot gemischte Dekosteine f\u00fcr Ihr Wasserspiel oder f\u00fcr den Garten? Wundersch\u00f6ne gro\u00dfe, sehr harte, flache bis runde Quarzsteine in roter Farbe, die kaum gr\u00fcn werden. Passt gut zu Ihrem Ornament, in der Gr\u00f6\u00dfe 50\u201380 mm.<\/p>\n<ul>\n<li>gewaschene Kieselsteine<\/li>\n<li>Farbe: Rot gemischt mit anderen Farbt\u00f6nen, kann vom Foto abweichen.<\/li>\n<li>20 kg pro Sack<\/li>\n<li><strong>seltene<\/strong> Art<\/li>\n<li>sehr harte Art, wird nicht schnell gr\u00fcn<\/li>\n<li>L\u00e4sst sich wunderbar mit Wasserspielen kombinieren, aber auch anderswo im Garten oder bei anderen Anwendungen wunderbar.<\/li>\n<li><strong>Sehen Sie genau die gleichen Felsbrocken woanders g\u00fcnstiger? Wir zahlen die Differenz!!<\/strong><\/li>\n<li><strong>Auf den Bildern k\u00f6nnen Sie sehen, wie die Farben dieser Felsbrocken im trockenen und nassen Zustand sind.<\/strong><\/li>\n<\/ul>\n","protected":false},"excerpt":{"rendered":"<p>Kaufen Sie rot gemischte Dekosteine f\u00fcr Ihr Wasserspiel oder f\u00fcr den Garten? Wundersch\u00f6ne gro\u00dfe, sehr harte, flache bis runde Quarzsteine in roter Farbe, die kaum gr\u00fcn werden. Passt gut zu Ihrem Ornament, in der Gr\u00f6\u00dfe 50\u201380 mm. gewaschene Kieselsteine Farbe: Rot gemischt mit anderen Farbt\u00f6nen, kann vom Foto abweichen. 20 kg pro Sack seltene Art &hellip;<\/p>\n","protected":false},"featured_media":50374,"template":"","meta":{"_acf_changed":false},"product_brand":[],"product_cat":[770,545,536,752],"product_tag":[],"class_list":{"0":"post-50383","1":"product","2":"type-product","3":"status-publish","4":"has-post-thumbnail","6":"product_cat-edelsteine","7":"product_cat-teile-wasserspiele","8":"product_cat-wassereigenschaften","9":"product_cat-weitere-artikel","11":"first","12":"instock","13":"taxable","14":"shipping-taxable","15":"purchasable","16":"product-type-simple"},"acf":[],"yoast_head":"<!-- This site is optimized with the Yoast SEO plugin v23.8 - https:\/\/yoast.com\/wordpress\/plugins\/seo\/ -->\n<title>Rote Dekokiesel 5-8cm Kieselsteine | Eliassen<\/title>\n<meta name=\"description\" content=\"Bei Eliassen k\u00f6nnen Sie rote Dekokiesel mit einer Gr\u00f6\u00dfe von 5\u20138 cm online kaufen oder sie live im Ausstellungsraum besichtigen. Bestellen Sie direkt online.\" \/>\n<meta name=\"robots\" content=\"noindex, follow, max-snippet:-1, max-image-preview:large, max-video-preview:-1\" \/>\n<meta property=\"og:locale\" content=\"de_DE\" \/>\n<meta property=\"og:type\" content=\"article\" \/>\n<meta property=\"og:title\" content=\"Rote Dekokiesel 5-8cm Kieselsteine | Eliassen\" \/>\n<meta property=\"og:description\" content=\"Bei Eliassen k\u00f6nnen Sie rote Dekokiesel mit einer Gr\u00f6\u00dfe von 5\u20138 cm online kaufen oder sie live im Ausstellungsraum besichtigen. Bestellen Sie direkt online.\" \/>\n<meta property=\"og:url\" content=\"https:\/\/dev.eliassen.nl\/de\/rote-kieselsteine-dekorative-felsbrocken-58-cm-20-kg\/\" \/>\n<meta property=\"og:site_name\" content=\"Eliassen.nl\" \/>\n<meta property=\"article:publisher\" content=\"https:\/\/www.facebook.com\/TuincentrumEliassenAmmerzoden\" \/>\n<meta property=\"article:modified_time\" content=\"2024-12-05T14:49:17+00:00\" \/>\n<meta property=\"og:image\" content=\"https:\/\/dev.eliassen.nl\/wp-content\/uploads\/2024\/01\/image21.jpg\" \/>\n\t<meta property=\"og:image:width\" content=\"1158\" \/>\n\t<meta property=\"og:image:height\" content=\"1585\" \/>\n\t<meta property=\"og:image:type\" content=\"image\/jpeg\" \/>\n<meta name=\"twitter:card\" content=\"summary_large_image\" \/>\n<script type=\"application\/ld+json\" class=\"yoast-schema-graph\">{\"@context\":\"https:\/\/schema.org\",\"@graph\":[{\"@type\":\"WebPage\",\"@id\":\"https:\/\/dev.eliassen.nl\/de\/rote-kieselsteine-dekorative-felsbrocken-58-cm-20-kg\/\",\"url\":\"https:\/\/dev.eliassen.nl\/de\/rote-kieselsteine-dekorative-felsbrocken-58-cm-20-kg\/\",\"name\":\"Rote Dekokiesel 5-8cm Kieselsteine | Eliassen\",\"isPartOf\":{\"@id\":\"https:\/\/dev.eliassen.nl\/de\/#website\"},\"primaryImageOfPage\":{\"@id\":\"https:\/\/dev.eliassen.nl\/de\/rote-kieselsteine-dekorative-felsbrocken-58-cm-20-kg\/#primaryimage\"},\"image\":{\"@id\":\"https:\/\/dev.eliassen.nl\/de\/rote-kieselsteine-dekorative-felsbrocken-58-cm-20-kg\/#primaryimage\"},\"thumbnailUrl\":\"https:\/\/dev.eliassen.nl\/wp-content\/uploads\/2024\/01\/image21.jpg\",\"datePublished\":\"2021-05-10T14:44:40+00:00\",\"dateModified\":\"2024-12-05T14:49:17+00:00\",\"description\":\"Bei Eliassen k\u00f6nnen Sie rote Dekokiesel mit einer Gr\u00f6\u00dfe von 5\u20138 cm online kaufen oder sie live im Ausstellungsraum besichtigen. Bestellen Sie direkt online.\",\"breadcrumb\":{\"@id\":\"https:\/\/dev.eliassen.nl\/de\/rote-kieselsteine-dekorative-felsbrocken-58-cm-20-kg\/#breadcrumb\"},\"inLanguage\":\"de\",\"potentialAction\":[{\"@type\":\"ReadAction\",\"target\":[\"https:\/\/dev.eliassen.nl\/de\/rote-kieselsteine-dekorative-felsbrocken-58-cm-20-kg\/\"]}]},{\"@type\":\"ImageObject\",\"inLanguage\":\"de\",\"@id\":\"https:\/\/dev.eliassen.nl\/de\/rote-kieselsteine-dekorative-felsbrocken-58-cm-20-kg\/#primaryimage\",\"url\":\"https:\/\/dev.eliassen.nl\/wp-content\/uploads\/2024\/01\/image21.jpg\",\"contentUrl\":\"https:\/\/dev.eliassen.nl\/wp-content\/uploads\/2024\/01\/image21.jpg\",\"width\":1158,\"height\":1585,\"caption\":\"image (21)\"},{\"@type\":\"BreadcrumbList\",\"@id\":\"https:\/\/dev.eliassen.nl\/de\/rote-kieselsteine-dekorative-felsbrocken-58-cm-20-kg\/#breadcrumb\",\"itemListElement\":[{\"@type\":\"ListItem\",\"position\":1,\"name\":\"Home\",\"item\":\"https:\/\/dev.eliassen.nl\/de\/\"},{\"@type\":\"ListItem\",\"position\":2,\"name\":\"Shop\",\"item\":\"https:\/\/dev.eliassen.nl\/nl\/winkel\/\"},{\"@type\":\"ListItem\",\"position\":3,\"name\":\"Weitere Artikel\",\"item\":\"https:\/\/dev.eliassen.nl\/de\/weitere-artikel\/\"},{\"@type\":\"ListItem\",\"position\":4,\"name\":\"Edelsteine\",\"item\":\"https:\/\/dev.eliassen.nl\/de\/garten-andere\/edelsteine\/\"},{\"@type\":\"ListItem\",\"position\":5,\"name\":\"Rote Kieselsteine, dekorative Felsbrocken, 5\u20138 cm, 20 kg\"}]},{\"@type\":\"WebSite\",\"@id\":\"https:\/\/dev.eliassen.nl\/de\/#website\",\"url\":\"https:\/\/dev.eliassen.nl\/de\/\",\"name\":\"Eliassen Home & Garden Pleasure\",\"description\":\"\",\"publisher\":{\"@id\":\"https:\/\/dev.eliassen.nl\/de\/#organization\"},\"alternateName\":\"Eliassen.nl\",\"potentialAction\":[{\"@type\":\"SearchAction\",\"target\":{\"@type\":\"EntryPoint\",\"urlTemplate\":\"https:\/\/dev.eliassen.nl\/de\/?s={search_term_string}\"},\"query-input\":{\"@type\":\"PropertyValueSpecification\",\"valueRequired\":true,\"valueName\":\"search_term_string\"}}],\"inLanguage\":\"de\"},{\"@type\":\"Organization\",\"@id\":\"https:\/\/dev.eliassen.nl\/de\/#organization\",\"name\":\"Eliassen Home & Garden Pleasure\",\"url\":\"https:\/\/dev.eliassen.nl\/de\/\",\"logo\":{\"@type\":\"ImageObject\",\"inLanguage\":\"de\",\"@id\":\"https:\/\/dev.eliassen.nl\/de\/#\/schema\/logo\/image\/\",\"url\":\"https:\/\/www.eliassen.nl\/wp-content\/uploads\/2024\/01\/logo_4nd.jpg\",\"contentUrl\":\"https:\/\/www.eliassen.nl\/wp-content\/uploads\/2024\/01\/logo_4nd.jpg\",\"width\":500,\"height\":500,\"caption\":\"Eliassen Home & Garden Pleasure\"},\"image\":{\"@id\":\"https:\/\/dev.eliassen.nl\/de\/#\/schema\/logo\/image\/\"},\"sameAs\":[\"https:\/\/www.facebook.com\/TuincentrumEliassenAmmerzoden\",\"https:\/\/www.instagram.com\/eliassenhomeandgarden\/\",\"https:\/\/nl.pinterest.com\/eliassenhomeandgarden\/\",\"https:\/\/www.youtube.com\/@eliassenhomegardenpleasure4558\"]}]}<\/script>\n<!-- \/ Yoast SEO plugin. -->","yoast_head_json":{"title":"Rote Dekokiesel 5-8cm Kieselsteine | Eliassen","description":"Bei Eliassen k\u00f6nnen Sie rote Dekokiesel mit einer Gr\u00f6\u00dfe von 5\u20138 cm online kaufen oder sie live im Ausstellungsraum besichtigen. Bestellen Sie direkt online.","robots":{"index":"noindex","follow":"follow","max-snippet":"max-snippet:-1","max-image-preview":"max-image-preview:large","max-video-preview":"max-video-preview:-1"},"og_locale":"de_DE","og_type":"article","og_title":"Rote Dekokiesel 5-8cm Kieselsteine | Eliassen","og_description":"Bei Eliassen k\u00f6nnen Sie rote Dekokiesel mit einer Gr\u00f6\u00dfe von 5\u20138 cm online kaufen oder sie live im Ausstellungsraum besichtigen. Bestellen Sie direkt online.","og_url":"https:\/\/dev.eliassen.nl\/de\/rote-kieselsteine-dekorative-felsbrocken-58-cm-20-kg\/","og_site_name":"Eliassen.nl","article_publisher":"https:\/\/www.facebook.com\/TuincentrumEliassenAmmerzoden","article_modified_time":"2024-12-05T14:49:17+00:00","og_image":[{"width":1158,"height":1585,"url":"https:\/\/dev.eliassen.nl\/wp-content\/uploads\/2024\/01\/image21.jpg","type":"image\/jpeg"}],"twitter_card":"summary_large_image","schema":{"@context":"https:\/\/schema.org","@graph":[{"@type":"WebPage","@id":"https:\/\/dev.eliassen.nl\/de\/rote-kieselsteine-dekorative-felsbrocken-58-cm-20-kg\/","url":"https:\/\/dev.eliassen.nl\/de\/rote-kieselsteine-dekorative-felsbrocken-58-cm-20-kg\/","name":"Rote Dekokiesel 5-8cm Kieselsteine | Eliassen","isPartOf":{"@id":"https:\/\/dev.eliassen.nl\/de\/#website"},"primaryImageOfPage":{"@id":"https:\/\/dev.eliassen.nl\/de\/rote-kieselsteine-dekorative-felsbrocken-58-cm-20-kg\/#primaryimage"},"image":{"@id":"https:\/\/dev.eliassen.nl\/de\/rote-kieselsteine-dekorative-felsbrocken-58-cm-20-kg\/#primaryimage"},"thumbnailUrl":"https:\/\/dev.eliassen.nl\/wp-content\/uploads\/2024\/01\/image21.jpg","datePublished":"2021-05-10T14:44:40+00:00","dateModified":"2024-12-05T14:49:17+00:00","description":"Bei Eliassen k\u00f6nnen Sie rote Dekokiesel mit einer Gr\u00f6\u00dfe von 5\u20138 cm online kaufen oder sie live im Ausstellungsraum besichtigen. Bestellen Sie direkt online.","breadcrumb":{"@id":"https:\/\/dev.eliassen.nl\/de\/rote-kieselsteine-dekorative-felsbrocken-58-cm-20-kg\/#breadcrumb"},"inLanguage":"de","potentialAction":[{"@type":"ReadAction","target":["https:\/\/dev.eliassen.nl\/de\/rote-kieselsteine-dekorative-felsbrocken-58-cm-20-kg\/"]}]},{"@type":"ImageObject","inLanguage":"de","@id":"https:\/\/dev.eliassen.nl\/de\/rote-kieselsteine-dekorative-felsbrocken-58-cm-20-kg\/#primaryimage","url":"https:\/\/dev.eliassen.nl\/wp-content\/uploads\/2024\/01\/image21.jpg","contentUrl":"https:\/\/dev.eliassen.nl\/wp-content\/uploads\/2024\/01\/image21.jpg","width":1158,"height":1585,"caption":"image (21)"},{"@type":"BreadcrumbList","@id":"https:\/\/dev.eliassen.nl\/de\/rote-kieselsteine-dekorative-felsbrocken-58-cm-20-kg\/#breadcrumb","itemListElement":[{"@type":"ListItem","position":1,"name":"Home","item":"https:\/\/dev.eliassen.nl\/de\/"},{"@type":"ListItem","position":2,"name":"Shop","item":"https:\/\/dev.eliassen.nl\/nl\/winkel\/"},{"@type":"ListItem","position":3,"name":"Weitere Artikel","item":"https:\/\/dev.eliassen.nl\/de\/weitere-artikel\/"},{"@type":"ListItem","position":4,"name":"Edelsteine","item":"https:\/\/dev.eliassen.nl\/de\/garten-andere\/edelsteine\/"},{"@type":"ListItem","position":5,"name":"Rote Kieselsteine, dekorative Felsbrocken, 5\u20138 cm, 20 kg"}]},{"@type":"WebSite","@id":"https:\/\/dev.eliassen.nl\/de\/#website","url":"https:\/\/dev.eliassen.nl\/de\/","name":"Eliassen Home & Garden Pleasure","description":"","publisher":{"@id":"https:\/\/dev.eliassen.nl\/de\/#organization"},"alternateName":"Eliassen.nl","potentialAction":[{"@type":"SearchAction","target":{"@type":"EntryPoint","urlTemplate":"https:\/\/dev.eliassen.nl\/de\/?s={search_term_string}"},"query-input":{"@type":"PropertyValueSpecification","valueRequired":true,"valueName":"search_term_string"}}],"inLanguage":"de"},{"@type":"Organization","@id":"https:\/\/dev.eliassen.nl\/de\/#organization","name":"Eliassen Home & Garden Pleasure","url":"https:\/\/dev.eliassen.nl\/de\/","logo":{"@type":"ImageObject","inLanguage":"de","@id":"https:\/\/dev.eliassen.nl\/de\/#\/schema\/logo\/image\/","url":"https:\/\/www.eliassen.nl\/wp-content\/uploads\/2024\/01\/logo_4nd.jpg","contentUrl":"https:\/\/www.eliassen.nl\/wp-content\/uploads\/2024\/01\/logo_4nd.jpg","width":500,"height":500,"caption":"Eliassen Home & Garden Pleasure"},"image":{"@id":"https:\/\/dev.eliassen.nl\/de\/#\/schema\/logo\/image\/"},"sameAs":["https:\/\/www.facebook.com\/TuincentrumEliassenAmmerzoden","https:\/\/www.instagram.com\/eliassenhomeandgarden\/","https:\/\/nl.pinterest.com\/eliassenhomeandgarden\/","https:\/\/www.youtube.com\/@eliassenhomegardenpleasure4558"]}]}},"df_price":18.5,"df_sale_price":"","df_regular_price":18.5,"df_image_link":"https:\/\/dev.eliassen.nl\/wp-content\/uploads\/2024\/01\/image21.jpg","image":"https:\/\/dev.eliassen.nl\/wp-content\/uploads\/2024\/01\/image21.jpg","price_search":"<span class=\"woocommerce-Price-amount amount\"><bdi><span class=\"woocommerce-Price-currencySymbol\">&euro;<\/span>&nbsp;18,50<\/bdi><\/span>","category":"Edelsteine","_links":{"self":[{"href":"https:\/\/dev.eliassen.nl\/de\/wp-json\/wp\/v2\/product\/50383","targetHints":{"allow":["GET"]}}],"collection":[{"href":"https:\/\/dev.eliassen.nl\/de\/wp-json\/wp\/v2\/product"}],"about":[{"href":"https:\/\/dev.eliassen.nl\/de\/wp-json\/wp\/v2\/types\/product"}],"wp:featuredmedia":[{"embeddable":true,"href":"https:\/\/dev.eliassen.nl\/de\/wp-json\/wp\/v2\/media\/50374"}],"wp:attachment":[{"href":"https:\/\/dev.eliassen.nl\/de\/wp-json\/wp\/v2\/media?parent=50383"}],"wp:term":[{"taxonomy":"product_brand","embeddable":true,"href":"https:\/\/dev.eliassen.nl\/de\/wp-json\/wp\/v2\/product_brand?post=50383"},{"taxonomy":"product_cat","embeddable":true,"href":"https:\/\/dev.eliassen.nl\/de\/wp-json\/wp\/v2\/product_cat?post=50383"},{"taxonomy":"product_tag","embeddable":true,"href":"https:\/\/dev.eliassen.nl\/de\/wp-json\/wp\/v2\/product_tag?post=50383"}],"curies":[{"name":"wp","href":"https:\/\/api.w.org\/{rel}","templated":true}]}}