{"id":50767,"date":"2021-05-19T14:05:15","date_gmt":"2021-05-19T12:05:15","guid":{"rendered":"https:\/\/www.eliassen.nl\/?product=metalen-wanddecoratie-mechanic-on-duty"},"modified":"2024-12-05T15:49:40","modified_gmt":"2024-12-05T14:49:40","slug":"wanddekoration-aus-metall-mechaniker-im-einsatz","status":"publish","type":"product","link":"https:\/\/dev.eliassen.nl\/de\/wanddekoration-aus-metall-mechaniker-im-einsatz\/","title":{"rendered":"Wanddekoration aus Metall Mechaniker im Einsatz"},"content":{"rendered":"<p>Diese Wanddekoration aus Metall im Retro-Stil ist ein sch\u00f6ner Stimmungsmacher.<br \/>Diese Wanddeko ist aus Stahlblech, mit einer bespr\u00fchten Oberfl\u00e4che mit Transfer und oft einem Rollrand.<br \/>Dieses Verfahren gew\u00e4hrleistet eine identische Reproduktion der originalen Wandplatte aus den 50er und 60er Jahren.<br \/>Diese Wandschilder lassen sich einfach mit einer kleinen Schraube aufh\u00e4ngen.<\/p>\n<p>Machen Sie sich, Freunden oder Familienmitgliedern eine Freude mit diesem Modell der Vintage-Wanddekoration, jedes Haus oder Garten wird sch\u00f6ner. Wir empfehlen, es f\u00fcr den Au\u00dfenbereich unter einem Dach aufzuh\u00e4ngen.<\/p>\n<p><strong>Fast alle dieser Serien sind bei uns auch live zu sehen<\/strong><\/p>\n<ul>\n<li>Gr\u00f6\u00dfe: 33 x 56 cm.<\/li>\n<li>Material: Stahl<\/li>\n<li>Schnell geliefert<\/li>\n<li>Zeitloses Design<\/li>\n<\/ul>\n","protected":false},"excerpt":{"rendered":"<p>Diese Wanddekoration aus Metall im Retro-Stil ist ein sch\u00f6ner Stimmungsmacher.Diese Wanddeko ist aus Stahlblech, mit einer bespr\u00fchten Oberfl\u00e4che mit Transfer und oft einem Rollrand.Dieses Verfahren gew\u00e4hrleistet eine identische Reproduktion der originalen Wandplatte aus den 50er und 60er Jahren.Diese Wandschilder lassen sich einfach mit einer kleinen Schraube aufh\u00e4ngen. Machen Sie sich, Freunden oder Familienmitgliedern eine Freude &hellip;<\/p>\n","protected":false},"featured_media":50764,"template":"","meta":{"_acf_changed":false},"product_brand":[],"product_cat":[518,509],"product_tag":[],"class_list":{"0":"post-50767","1":"product","2":"type-product","3":"status-publish","4":"has-post-thumbnail","6":"product_cat-vintage-wanddekoration-maennerhoehle","7":"product_cat-wanddekoration","9":"first","10":"instock","11":"taxable","12":"shipping-taxable","13":"purchasable","14":"product-type-simple"},"acf":[],"yoast_head":"<!-- This site is optimized with the Yoast SEO plugin v23.8 - https:\/\/yoast.com\/wordpress\/plugins\/seo\/ -->\n<title>Wanddekoration aus Metall Mechaniker im Einsatz<\/title>\n<meta name=\"robots\" content=\"noindex, follow, max-snippet:-1, max-image-preview:large, max-video-preview:-1\" \/>\n<meta property=\"og:locale\" content=\"de_DE\" \/>\n<meta property=\"og:type\" content=\"article\" \/>\n<meta property=\"og:title\" content=\"Wanddekoration aus Metall Mechaniker im Einsatz\" \/>\n<meta property=\"og:description\" content=\"Diese Wanddekoration aus Metall im Retro-Stil ist ein sch\u00f6ner Stimmungsmacher.Diese Wanddeko ist aus Stahlblech, mit einer bespr\u00fchten Oberfl\u00e4che mit Transfer und oft einem Rollrand.Dieses Verfahren gew\u00e4hrleistet eine identische Reproduktion der originalen Wandplatte aus den 50er und 60er Jahren.Diese Wandschilder lassen sich einfach mit einer kleinen Schraube aufh\u00e4ngen. Machen Sie sich, Freunden oder Familienmitgliedern eine Freude &hellip;\" \/>\n<meta property=\"og:url\" content=\"https:\/\/dev.eliassen.nl\/de\/wanddekoration-aus-metall-mechaniker-im-einsatz\/\" \/>\n<meta property=\"og:site_name\" content=\"Eliassen.nl\" \/>\n<meta property=\"article:publisher\" content=\"https:\/\/www.facebook.com\/TuincentrumEliassenAmmerzoden\" \/>\n<meta property=\"article:modified_time\" content=\"2024-12-05T14:49:40+00:00\" \/>\n<meta property=\"og:image\" content=\"https:\/\/dev.eliassen.nl\/wp-content\/uploads\/2024\/01\/nt44560x560.jpg\" \/>\n\t<meta property=\"og:image:width\" content=\"560\" \/>\n\t<meta property=\"og:image:height\" content=\"560\" \/>\n\t<meta property=\"og:image:type\" content=\"image\/jpeg\" \/>\n<meta name=\"twitter:card\" content=\"summary_large_image\" \/>\n<script type=\"application\/ld+json\" class=\"yoast-schema-graph\">{\"@context\":\"https:\/\/schema.org\",\"@graph\":[{\"@type\":\"WebPage\",\"@id\":\"https:\/\/dev.eliassen.nl\/de\/wanddekoration-aus-metall-mechaniker-im-einsatz\/\",\"url\":\"https:\/\/dev.eliassen.nl\/de\/wanddekoration-aus-metall-mechaniker-im-einsatz\/\",\"name\":\"Wanddekoration aus Metall Mechaniker im Einsatz\",\"isPartOf\":{\"@id\":\"https:\/\/dev.eliassen.nl\/de\/#website\"},\"primaryImageOfPage\":{\"@id\":\"https:\/\/dev.eliassen.nl\/de\/wanddekoration-aus-metall-mechaniker-im-einsatz\/#primaryimage\"},\"image\":{\"@id\":\"https:\/\/dev.eliassen.nl\/de\/wanddekoration-aus-metall-mechaniker-im-einsatz\/#primaryimage\"},\"thumbnailUrl\":\"https:\/\/dev.eliassen.nl\/wp-content\/uploads\/2024\/01\/nt44560x560.jpg\",\"datePublished\":\"2021-05-19T12:05:15+00:00\",\"dateModified\":\"2024-12-05T14:49:40+00:00\",\"breadcrumb\":{\"@id\":\"https:\/\/dev.eliassen.nl\/de\/wanddekoration-aus-metall-mechaniker-im-einsatz\/#breadcrumb\"},\"inLanguage\":\"de\",\"potentialAction\":[{\"@type\":\"ReadAction\",\"target\":[\"https:\/\/dev.eliassen.nl\/de\/wanddekoration-aus-metall-mechaniker-im-einsatz\/\"]}]},{\"@type\":\"ImageObject\",\"inLanguage\":\"de\",\"@id\":\"https:\/\/dev.eliassen.nl\/de\/wanddekoration-aus-metall-mechaniker-im-einsatz\/#primaryimage\",\"url\":\"https:\/\/dev.eliassen.nl\/wp-content\/uploads\/2024\/01\/nt44560x560.jpg\",\"contentUrl\":\"https:\/\/dev.eliassen.nl\/wp-content\/uploads\/2024\/01\/nt44560x560.jpg\",\"width\":560,\"height\":560,\"caption\":\"NT-44!560x560\"},{\"@type\":\"BreadcrumbList\",\"@id\":\"https:\/\/dev.eliassen.nl\/de\/wanddekoration-aus-metall-mechaniker-im-einsatz\/#breadcrumb\",\"itemListElement\":[{\"@type\":\"ListItem\",\"position\":1,\"name\":\"Home\",\"item\":\"https:\/\/dev.eliassen.nl\/de\/\"},{\"@type\":\"ListItem\",\"position\":2,\"name\":\"Shop\",\"item\":\"https:\/\/dev.eliassen.nl\/nl\/winkel\/\"},{\"@type\":\"ListItem\",\"position\":3,\"name\":\"Wanddekoration\",\"item\":\"https:\/\/dev.eliassen.nl\/de\/wanddekoration\/\"},{\"@type\":\"ListItem\",\"position\":4,\"name\":\"Vintage Wanddekoration M\u00e4nnerh\u00f6hle\",\"item\":\"https:\/\/dev.eliassen.nl\/de\/wanddekoration\/vintage-wanddekoration-maennerhoehle\/\"},{\"@type\":\"ListItem\",\"position\":5,\"name\":\"Wanddekoration aus Metall Mechaniker im Einsatz\"}]},{\"@type\":\"WebSite\",\"@id\":\"https:\/\/dev.eliassen.nl\/de\/#website\",\"url\":\"https:\/\/dev.eliassen.nl\/de\/\",\"name\":\"Eliassen Home & Garden Pleasure\",\"description\":\"\",\"publisher\":{\"@id\":\"https:\/\/dev.eliassen.nl\/de\/#organization\"},\"alternateName\":\"Eliassen.nl\",\"potentialAction\":[{\"@type\":\"SearchAction\",\"target\":{\"@type\":\"EntryPoint\",\"urlTemplate\":\"https:\/\/dev.eliassen.nl\/de\/?s={search_term_string}\"},\"query-input\":{\"@type\":\"PropertyValueSpecification\",\"valueRequired\":true,\"valueName\":\"search_term_string\"}}],\"inLanguage\":\"de\"},{\"@type\":\"Organization\",\"@id\":\"https:\/\/dev.eliassen.nl\/de\/#organization\",\"name\":\"Eliassen Home & Garden Pleasure\",\"url\":\"https:\/\/dev.eliassen.nl\/de\/\",\"logo\":{\"@type\":\"ImageObject\",\"inLanguage\":\"de\",\"@id\":\"https:\/\/dev.eliassen.nl\/de\/#\/schema\/logo\/image\/\",\"url\":\"https:\/\/www.eliassen.nl\/wp-content\/uploads\/2024\/01\/logo_4nd.jpg\",\"contentUrl\":\"https:\/\/www.eliassen.nl\/wp-content\/uploads\/2024\/01\/logo_4nd.jpg\",\"width\":500,\"height\":500,\"caption\":\"Eliassen Home & Garden Pleasure\"},\"image\":{\"@id\":\"https:\/\/dev.eliassen.nl\/de\/#\/schema\/logo\/image\/\"},\"sameAs\":[\"https:\/\/www.facebook.com\/TuincentrumEliassenAmmerzoden\",\"https:\/\/www.instagram.com\/eliassenhomeandgarden\/\",\"https:\/\/nl.pinterest.com\/eliassenhomeandgarden\/\",\"https:\/\/www.youtube.com\/@eliassenhomegardenpleasure4558\"]}]}<\/script>\n<!-- \/ Yoast SEO plugin. -->","yoast_head_json":{"title":"Wanddekoration aus Metall Mechaniker im Einsatz","robots":{"index":"noindex","follow":"follow","max-snippet":"max-snippet:-1","max-image-preview":"max-image-preview:large","max-video-preview":"max-video-preview:-1"},"og_locale":"de_DE","og_type":"article","og_title":"Wanddekoration aus Metall Mechaniker im Einsatz","og_description":"Diese Wanddekoration aus Metall im Retro-Stil ist ein sch\u00f6ner Stimmungsmacher.Diese Wanddeko ist aus Stahlblech, mit einer bespr\u00fchten Oberfl\u00e4che mit Transfer und oft einem Rollrand.Dieses Verfahren gew\u00e4hrleistet eine identische Reproduktion der originalen Wandplatte aus den 50er und 60er Jahren.Diese Wandschilder lassen sich einfach mit einer kleinen Schraube aufh\u00e4ngen. Machen Sie sich, Freunden oder Familienmitgliedern eine Freude &hellip;","og_url":"https:\/\/dev.eliassen.nl\/de\/wanddekoration-aus-metall-mechaniker-im-einsatz\/","og_site_name":"Eliassen.nl","article_publisher":"https:\/\/www.facebook.com\/TuincentrumEliassenAmmerzoden","article_modified_time":"2024-12-05T14:49:40+00:00","og_image":[{"width":560,"height":560,"url":"https:\/\/dev.eliassen.nl\/wp-content\/uploads\/2024\/01\/nt44560x560.jpg","type":"image\/jpeg"}],"twitter_card":"summary_large_image","schema":{"@context":"https:\/\/schema.org","@graph":[{"@type":"WebPage","@id":"https:\/\/dev.eliassen.nl\/de\/wanddekoration-aus-metall-mechaniker-im-einsatz\/","url":"https:\/\/dev.eliassen.nl\/de\/wanddekoration-aus-metall-mechaniker-im-einsatz\/","name":"Wanddekoration aus Metall Mechaniker im Einsatz","isPartOf":{"@id":"https:\/\/dev.eliassen.nl\/de\/#website"},"primaryImageOfPage":{"@id":"https:\/\/dev.eliassen.nl\/de\/wanddekoration-aus-metall-mechaniker-im-einsatz\/#primaryimage"},"image":{"@id":"https:\/\/dev.eliassen.nl\/de\/wanddekoration-aus-metall-mechaniker-im-einsatz\/#primaryimage"},"thumbnailUrl":"https:\/\/dev.eliassen.nl\/wp-content\/uploads\/2024\/01\/nt44560x560.jpg","datePublished":"2021-05-19T12:05:15+00:00","dateModified":"2024-12-05T14:49:40+00:00","breadcrumb":{"@id":"https:\/\/dev.eliassen.nl\/de\/wanddekoration-aus-metall-mechaniker-im-einsatz\/#breadcrumb"},"inLanguage":"de","potentialAction":[{"@type":"ReadAction","target":["https:\/\/dev.eliassen.nl\/de\/wanddekoration-aus-metall-mechaniker-im-einsatz\/"]}]},{"@type":"ImageObject","inLanguage":"de","@id":"https:\/\/dev.eliassen.nl\/de\/wanddekoration-aus-metall-mechaniker-im-einsatz\/#primaryimage","url":"https:\/\/dev.eliassen.nl\/wp-content\/uploads\/2024\/01\/nt44560x560.jpg","contentUrl":"https:\/\/dev.eliassen.nl\/wp-content\/uploads\/2024\/01\/nt44560x560.jpg","width":560,"height":560,"caption":"NT-44!560x560"},{"@type":"BreadcrumbList","@id":"https:\/\/dev.eliassen.nl\/de\/wanddekoration-aus-metall-mechaniker-im-einsatz\/#breadcrumb","itemListElement":[{"@type":"ListItem","position":1,"name":"Home","item":"https:\/\/dev.eliassen.nl\/de\/"},{"@type":"ListItem","position":2,"name":"Shop","item":"https:\/\/dev.eliassen.nl\/nl\/winkel\/"},{"@type":"ListItem","position":3,"name":"Wanddekoration","item":"https:\/\/dev.eliassen.nl\/de\/wanddekoration\/"},{"@type":"ListItem","position":4,"name":"Vintage Wanddekoration M\u00e4nnerh\u00f6hle","item":"https:\/\/dev.eliassen.nl\/de\/wanddekoration\/vintage-wanddekoration-maennerhoehle\/"},{"@type":"ListItem","position":5,"name":"Wanddekoration aus Metall Mechaniker im Einsatz"}]},{"@type":"WebSite","@id":"https:\/\/dev.eliassen.nl\/de\/#website","url":"https:\/\/dev.eliassen.nl\/de\/","name":"Eliassen Home & Garden Pleasure","description":"","publisher":{"@id":"https:\/\/dev.eliassen.nl\/de\/#organization"},"alternateName":"Eliassen.nl","potentialAction":[{"@type":"SearchAction","target":{"@type":"EntryPoint","urlTemplate":"https:\/\/dev.eliassen.nl\/de\/?s={search_term_string}"},"query-input":{"@type":"PropertyValueSpecification","valueRequired":true,"valueName":"search_term_string"}}],"inLanguage":"de"},{"@type":"Organization","@id":"https:\/\/dev.eliassen.nl\/de\/#organization","name":"Eliassen Home & Garden Pleasure","url":"https:\/\/dev.eliassen.nl\/de\/","logo":{"@type":"ImageObject","inLanguage":"de","@id":"https:\/\/dev.eliassen.nl\/de\/#\/schema\/logo\/image\/","url":"https:\/\/www.eliassen.nl\/wp-content\/uploads\/2024\/01\/logo_4nd.jpg","contentUrl":"https:\/\/www.eliassen.nl\/wp-content\/uploads\/2024\/01\/logo_4nd.jpg","width":500,"height":500,"caption":"Eliassen Home & Garden Pleasure"},"image":{"@id":"https:\/\/dev.eliassen.nl\/de\/#\/schema\/logo\/image\/"},"sameAs":["https:\/\/www.facebook.com\/TuincentrumEliassenAmmerzoden","https:\/\/www.instagram.com\/eliassenhomeandgarden\/","https:\/\/nl.pinterest.com\/eliassenhomeandgarden\/","https:\/\/www.youtube.com\/@eliassenhomegardenpleasure4558"]}]}},"df_price":14.5,"df_sale_price":"","df_regular_price":14.5,"df_image_link":"https:\/\/dev.eliassen.nl\/wp-content\/uploads\/2024\/01\/nt44560x560.jpg","image":"https:\/\/dev.eliassen.nl\/wp-content\/uploads\/2024\/01\/nt44560x560.jpg","price_search":"<span class=\"woocommerce-Price-amount amount\"><bdi><span class=\"woocommerce-Price-currencySymbol\">&euro;<\/span>&nbsp;14,50<\/bdi><\/span>","category":"Vintage Wanddekoration M\u00e4nnerh\u00f6hle","_links":{"self":[{"href":"https:\/\/dev.eliassen.nl\/de\/wp-json\/wp\/v2\/product\/50767","targetHints":{"allow":["GET"]}}],"collection":[{"href":"https:\/\/dev.eliassen.nl\/de\/wp-json\/wp\/v2\/product"}],"about":[{"href":"https:\/\/dev.eliassen.nl\/de\/wp-json\/wp\/v2\/types\/product"}],"wp:featuredmedia":[{"embeddable":true,"href":"https:\/\/dev.eliassen.nl\/de\/wp-json\/wp\/v2\/media\/50764"}],"wp:attachment":[{"href":"https:\/\/dev.eliassen.nl\/de\/wp-json\/wp\/v2\/media?parent=50767"}],"wp:term":[{"taxonomy":"product_brand","embeddable":true,"href":"https:\/\/dev.eliassen.nl\/de\/wp-json\/wp\/v2\/product_brand?post=50767"},{"taxonomy":"product_cat","embeddable":true,"href":"https:\/\/dev.eliassen.nl\/de\/wp-json\/wp\/v2\/product_cat?post=50767"},{"taxonomy":"product_tag","embeddable":true,"href":"https:\/\/dev.eliassen.nl\/de\/wp-json\/wp\/v2\/product_tag?post=50767"}],"curies":[{"name":"wp","href":"https:\/\/api.w.org\/{rel}","templated":true}]}}