{"id":50803,"date":"2021-05-19T14:13:01","date_gmt":"2021-05-19T12:13:01","guid":{"rendered":"https:\/\/www.eliassen.nl\/?product=metalen-wanddecoratie-garage-open"},"modified":"2024-12-05T15:49:45","modified_gmt":"2024-12-05T14:49:45","slug":"metallwanddekoration-garage-open","status":"publish","type":"product","link":"https:\/\/dev.eliassen.nl\/de\/metallwanddekoration-garage-open\/","title":{"rendered":"Metallwanddekoration Garage Open"},"content":{"rendered":"<p>Dieses St\u00fcck Metallwanddekoration im Retro-Stil ist ein guter Stimmungsmacher.<br \/>Diese Wanddeko besteht aus Stahlblech mit einer bespr\u00fchten Oberfl\u00e4che mit einer \u00dcbertragung dar\u00fcber und h\u00e4ufig einer gekr\u00e4uselten Kante.<br \/>Dieser Prozess gew\u00e4hrleistet eine identische Reproduktion der urspr\u00fcnglichen Wandplatte aus den 50er und 60er Jahren.<br \/>Diese Wandplatten lassen sich leicht mit einer kleinen Schraube aufh\u00e4ngen.<\/p>\n<p>Machen Sie sich, Ihren Freund oder Ihre Familie mit diesem Modell der Vintage-Wanddekoration gl\u00fccklich. Jedes Haus oder jeder Garten wird sch\u00f6ner. Wir empfehlen jedoch, es f\u00fcr den Au\u00dfenbereich unter ein Dach zu h\u00e4ngen.<\/p>\n<p><strong>Fast die gesamte Serie kann bei uns auch live gesehen werden<\/strong><\/p>\n<ul>\n<li>Gr\u00f6\u00dfe: 50&#215;83 cm.<\/li>\n<li>Material: Stahl<\/li>\n<li>Schnell geliefert<\/li>\n<li>Zeitlos gestaltet<\/li>\n<\/ul>\n","protected":false},"excerpt":{"rendered":"<p>Dieses St\u00fcck Metallwanddekoration im Retro-Stil ist ein guter Stimmungsmacher.Diese Wanddeko besteht aus Stahlblech mit einer bespr\u00fchten Oberfl\u00e4che mit einer \u00dcbertragung dar\u00fcber und h\u00e4ufig einer gekr\u00e4uselten Kante.Dieser Prozess gew\u00e4hrleistet eine identische Reproduktion der urspr\u00fcnglichen Wandplatte aus den 50er und 60er Jahren.Diese Wandplatten lassen sich leicht mit einer kleinen Schraube aufh\u00e4ngen. Machen Sie sich, Ihren Freund oder &hellip;<\/p>\n","protected":false},"featured_media":50800,"template":"","meta":{"_acf_changed":false},"product_brand":[],"product_cat":[518,509],"product_tag":[],"class_list":{"0":"post-50803","1":"product","2":"type-product","3":"status-publish","4":"has-post-thumbnail","6":"product_cat-vintage-wanddekoration-maennerhoehle","7":"product_cat-wanddekoration","9":"first","10":"instock","11":"taxable","12":"shipping-taxable","13":"purchasable","14":"product-type-simple"},"acf":[],"yoast_head":"<!-- This site is optimized with the Yoast SEO plugin v23.8 - https:\/\/yoast.com\/wordpress\/plugins\/seo\/ -->\n<title>Metallwanddekoration Garage Open<\/title>\n<meta name=\"robots\" content=\"noindex, follow, max-snippet:-1, max-image-preview:large, max-video-preview:-1\" \/>\n<meta property=\"og:locale\" content=\"de_DE\" \/>\n<meta property=\"og:type\" content=\"article\" \/>\n<meta property=\"og:title\" content=\"Metallwanddekoration Garage Open\" \/>\n<meta property=\"og:description\" content=\"Dieses St\u00fcck Metallwanddekoration im Retro-Stil ist ein guter Stimmungsmacher.Diese Wanddeko besteht aus Stahlblech mit einer bespr\u00fchten Oberfl\u00e4che mit einer \u00dcbertragung dar\u00fcber und h\u00e4ufig einer gekr\u00e4uselten Kante.Dieser Prozess gew\u00e4hrleistet eine identische Reproduktion der urspr\u00fcnglichen Wandplatte aus den 50er und 60er Jahren.Diese Wandplatten lassen sich leicht mit einer kleinen Schraube aufh\u00e4ngen. Machen Sie sich, Ihren Freund oder &hellip;\" \/>\n<meta property=\"og:url\" content=\"https:\/\/dev.eliassen.nl\/de\/metallwanddekoration-garage-open\/\" \/>\n<meta property=\"og:site_name\" content=\"Eliassen.nl\" \/>\n<meta property=\"article:publisher\" content=\"https:\/\/www.facebook.com\/TuincentrumEliassenAmmerzoden\" \/>\n<meta property=\"article:modified_time\" content=\"2024-12-05T14:49:45+00:00\" \/>\n<meta property=\"og:image\" content=\"https:\/\/dev.eliassen.nl\/wp-content\/uploads\/2024\/01\/nt73560x560.jpg\" \/>\n\t<meta property=\"og:image:width\" content=\"560\" \/>\n\t<meta property=\"og:image:height\" content=\"560\" \/>\n\t<meta property=\"og:image:type\" content=\"image\/jpeg\" \/>\n<meta name=\"twitter:card\" content=\"summary_large_image\" \/>\n<script type=\"application\/ld+json\" class=\"yoast-schema-graph\">{\"@context\":\"https:\/\/schema.org\",\"@graph\":[{\"@type\":\"WebPage\",\"@id\":\"https:\/\/dev.eliassen.nl\/de\/metallwanddekoration-garage-open\/\",\"url\":\"https:\/\/dev.eliassen.nl\/de\/metallwanddekoration-garage-open\/\",\"name\":\"Metallwanddekoration Garage Open\",\"isPartOf\":{\"@id\":\"https:\/\/dev.eliassen.nl\/de\/#website\"},\"primaryImageOfPage\":{\"@id\":\"https:\/\/dev.eliassen.nl\/de\/metallwanddekoration-garage-open\/#primaryimage\"},\"image\":{\"@id\":\"https:\/\/dev.eliassen.nl\/de\/metallwanddekoration-garage-open\/#primaryimage\"},\"thumbnailUrl\":\"https:\/\/dev.eliassen.nl\/wp-content\/uploads\/2024\/01\/nt73560x560.jpg\",\"datePublished\":\"2021-05-19T12:13:01+00:00\",\"dateModified\":\"2024-12-05T14:49:45+00:00\",\"breadcrumb\":{\"@id\":\"https:\/\/dev.eliassen.nl\/de\/metallwanddekoration-garage-open\/#breadcrumb\"},\"inLanguage\":\"de\",\"potentialAction\":[{\"@type\":\"ReadAction\",\"target\":[\"https:\/\/dev.eliassen.nl\/de\/metallwanddekoration-garage-open\/\"]}]},{\"@type\":\"ImageObject\",\"inLanguage\":\"de\",\"@id\":\"https:\/\/dev.eliassen.nl\/de\/metallwanddekoration-garage-open\/#primaryimage\",\"url\":\"https:\/\/dev.eliassen.nl\/wp-content\/uploads\/2024\/01\/nt73560x560.jpg\",\"contentUrl\":\"https:\/\/dev.eliassen.nl\/wp-content\/uploads\/2024\/01\/nt73560x560.jpg\",\"width\":560,\"height\":560,\"caption\":\"NT-73!560x560\"},{\"@type\":\"BreadcrumbList\",\"@id\":\"https:\/\/dev.eliassen.nl\/de\/metallwanddekoration-garage-open\/#breadcrumb\",\"itemListElement\":[{\"@type\":\"ListItem\",\"position\":1,\"name\":\"Home\",\"item\":\"https:\/\/dev.eliassen.nl\/de\/\"},{\"@type\":\"ListItem\",\"position\":2,\"name\":\"Shop\",\"item\":\"https:\/\/dev.eliassen.nl\/nl\/winkel\/\"},{\"@type\":\"ListItem\",\"position\":3,\"name\":\"Wanddekoration\",\"item\":\"https:\/\/dev.eliassen.nl\/de\/wanddekoration\/\"},{\"@type\":\"ListItem\",\"position\":4,\"name\":\"Vintage Wanddekoration M\u00e4nnerh\u00f6hle\",\"item\":\"https:\/\/dev.eliassen.nl\/de\/wanddekoration\/vintage-wanddekoration-maennerhoehle\/\"},{\"@type\":\"ListItem\",\"position\":5,\"name\":\"Metallwanddekoration Garage Open\"}]},{\"@type\":\"WebSite\",\"@id\":\"https:\/\/dev.eliassen.nl\/de\/#website\",\"url\":\"https:\/\/dev.eliassen.nl\/de\/\",\"name\":\"Eliassen Home & Garden Pleasure\",\"description\":\"\",\"publisher\":{\"@id\":\"https:\/\/dev.eliassen.nl\/de\/#organization\"},\"alternateName\":\"Eliassen.nl\",\"potentialAction\":[{\"@type\":\"SearchAction\",\"target\":{\"@type\":\"EntryPoint\",\"urlTemplate\":\"https:\/\/dev.eliassen.nl\/de\/?s={search_term_string}\"},\"query-input\":{\"@type\":\"PropertyValueSpecification\",\"valueRequired\":true,\"valueName\":\"search_term_string\"}}],\"inLanguage\":\"de\"},{\"@type\":\"Organization\",\"@id\":\"https:\/\/dev.eliassen.nl\/de\/#organization\",\"name\":\"Eliassen Home & Garden Pleasure\",\"url\":\"https:\/\/dev.eliassen.nl\/de\/\",\"logo\":{\"@type\":\"ImageObject\",\"inLanguage\":\"de\",\"@id\":\"https:\/\/dev.eliassen.nl\/de\/#\/schema\/logo\/image\/\",\"url\":\"https:\/\/www.eliassen.nl\/wp-content\/uploads\/2024\/01\/logo_4nd.jpg\",\"contentUrl\":\"https:\/\/www.eliassen.nl\/wp-content\/uploads\/2024\/01\/logo_4nd.jpg\",\"width\":500,\"height\":500,\"caption\":\"Eliassen Home & Garden Pleasure\"},\"image\":{\"@id\":\"https:\/\/dev.eliassen.nl\/de\/#\/schema\/logo\/image\/\"},\"sameAs\":[\"https:\/\/www.facebook.com\/TuincentrumEliassenAmmerzoden\",\"https:\/\/www.instagram.com\/eliassenhomeandgarden\/\",\"https:\/\/nl.pinterest.com\/eliassenhomeandgarden\/\",\"https:\/\/www.youtube.com\/@eliassenhomegardenpleasure4558\"]}]}<\/script>\n<!-- \/ Yoast SEO plugin. -->","yoast_head_json":{"title":"Metallwanddekoration Garage Open","robots":{"index":"noindex","follow":"follow","max-snippet":"max-snippet:-1","max-image-preview":"max-image-preview:large","max-video-preview":"max-video-preview:-1"},"og_locale":"de_DE","og_type":"article","og_title":"Metallwanddekoration Garage Open","og_description":"Dieses St\u00fcck Metallwanddekoration im Retro-Stil ist ein guter Stimmungsmacher.Diese Wanddeko besteht aus Stahlblech mit einer bespr\u00fchten Oberfl\u00e4che mit einer \u00dcbertragung dar\u00fcber und h\u00e4ufig einer gekr\u00e4uselten Kante.Dieser Prozess gew\u00e4hrleistet eine identische Reproduktion der urspr\u00fcnglichen Wandplatte aus den 50er und 60er Jahren.Diese Wandplatten lassen sich leicht mit einer kleinen Schraube aufh\u00e4ngen. Machen Sie sich, Ihren Freund oder &hellip;","og_url":"https:\/\/dev.eliassen.nl\/de\/metallwanddekoration-garage-open\/","og_site_name":"Eliassen.nl","article_publisher":"https:\/\/www.facebook.com\/TuincentrumEliassenAmmerzoden","article_modified_time":"2024-12-05T14:49:45+00:00","og_image":[{"width":560,"height":560,"url":"https:\/\/dev.eliassen.nl\/wp-content\/uploads\/2024\/01\/nt73560x560.jpg","type":"image\/jpeg"}],"twitter_card":"summary_large_image","schema":{"@context":"https:\/\/schema.org","@graph":[{"@type":"WebPage","@id":"https:\/\/dev.eliassen.nl\/de\/metallwanddekoration-garage-open\/","url":"https:\/\/dev.eliassen.nl\/de\/metallwanddekoration-garage-open\/","name":"Metallwanddekoration Garage Open","isPartOf":{"@id":"https:\/\/dev.eliassen.nl\/de\/#website"},"primaryImageOfPage":{"@id":"https:\/\/dev.eliassen.nl\/de\/metallwanddekoration-garage-open\/#primaryimage"},"image":{"@id":"https:\/\/dev.eliassen.nl\/de\/metallwanddekoration-garage-open\/#primaryimage"},"thumbnailUrl":"https:\/\/dev.eliassen.nl\/wp-content\/uploads\/2024\/01\/nt73560x560.jpg","datePublished":"2021-05-19T12:13:01+00:00","dateModified":"2024-12-05T14:49:45+00:00","breadcrumb":{"@id":"https:\/\/dev.eliassen.nl\/de\/metallwanddekoration-garage-open\/#breadcrumb"},"inLanguage":"de","potentialAction":[{"@type":"ReadAction","target":["https:\/\/dev.eliassen.nl\/de\/metallwanddekoration-garage-open\/"]}]},{"@type":"ImageObject","inLanguage":"de","@id":"https:\/\/dev.eliassen.nl\/de\/metallwanddekoration-garage-open\/#primaryimage","url":"https:\/\/dev.eliassen.nl\/wp-content\/uploads\/2024\/01\/nt73560x560.jpg","contentUrl":"https:\/\/dev.eliassen.nl\/wp-content\/uploads\/2024\/01\/nt73560x560.jpg","width":560,"height":560,"caption":"NT-73!560x560"},{"@type":"BreadcrumbList","@id":"https:\/\/dev.eliassen.nl\/de\/metallwanddekoration-garage-open\/#breadcrumb","itemListElement":[{"@type":"ListItem","position":1,"name":"Home","item":"https:\/\/dev.eliassen.nl\/de\/"},{"@type":"ListItem","position":2,"name":"Shop","item":"https:\/\/dev.eliassen.nl\/nl\/winkel\/"},{"@type":"ListItem","position":3,"name":"Wanddekoration","item":"https:\/\/dev.eliassen.nl\/de\/wanddekoration\/"},{"@type":"ListItem","position":4,"name":"Vintage Wanddekoration M\u00e4nnerh\u00f6hle","item":"https:\/\/dev.eliassen.nl\/de\/wanddekoration\/vintage-wanddekoration-maennerhoehle\/"},{"@type":"ListItem","position":5,"name":"Metallwanddekoration Garage Open"}]},{"@type":"WebSite","@id":"https:\/\/dev.eliassen.nl\/de\/#website","url":"https:\/\/dev.eliassen.nl\/de\/","name":"Eliassen Home & Garden Pleasure","description":"","publisher":{"@id":"https:\/\/dev.eliassen.nl\/de\/#organization"},"alternateName":"Eliassen.nl","potentialAction":[{"@type":"SearchAction","target":{"@type":"EntryPoint","urlTemplate":"https:\/\/dev.eliassen.nl\/de\/?s={search_term_string}"},"query-input":{"@type":"PropertyValueSpecification","valueRequired":true,"valueName":"search_term_string"}}],"inLanguage":"de"},{"@type":"Organization","@id":"https:\/\/dev.eliassen.nl\/de\/#organization","name":"Eliassen Home & Garden Pleasure","url":"https:\/\/dev.eliassen.nl\/de\/","logo":{"@type":"ImageObject","inLanguage":"de","@id":"https:\/\/dev.eliassen.nl\/de\/#\/schema\/logo\/image\/","url":"https:\/\/www.eliassen.nl\/wp-content\/uploads\/2024\/01\/logo_4nd.jpg","contentUrl":"https:\/\/www.eliassen.nl\/wp-content\/uploads\/2024\/01\/logo_4nd.jpg","width":500,"height":500,"caption":"Eliassen Home & Garden Pleasure"},"image":{"@id":"https:\/\/dev.eliassen.nl\/de\/#\/schema\/logo\/image\/"},"sameAs":["https:\/\/www.facebook.com\/TuincentrumEliassenAmmerzoden","https:\/\/www.instagram.com\/eliassenhomeandgarden\/","https:\/\/nl.pinterest.com\/eliassenhomeandgarden\/","https:\/\/www.youtube.com\/@eliassenhomegardenpleasure4558"]}]}},"df_price":65.5,"df_sale_price":"","df_regular_price":65.5,"df_image_link":"https:\/\/dev.eliassen.nl\/wp-content\/uploads\/2024\/01\/nt73560x560.jpg","image":"https:\/\/dev.eliassen.nl\/wp-content\/uploads\/2024\/01\/nt73560x560.jpg","price_search":"<span class=\"woocommerce-Price-amount amount\"><bdi><span class=\"woocommerce-Price-currencySymbol\">&euro;<\/span>&nbsp;65,50<\/bdi><\/span>","category":"Vintage Wanddekoration M\u00e4nnerh\u00f6hle","_links":{"self":[{"href":"https:\/\/dev.eliassen.nl\/de\/wp-json\/wp\/v2\/product\/50803","targetHints":{"allow":["GET"]}}],"collection":[{"href":"https:\/\/dev.eliassen.nl\/de\/wp-json\/wp\/v2\/product"}],"about":[{"href":"https:\/\/dev.eliassen.nl\/de\/wp-json\/wp\/v2\/types\/product"}],"wp:featuredmedia":[{"embeddable":true,"href":"https:\/\/dev.eliassen.nl\/de\/wp-json\/wp\/v2\/media\/50800"}],"wp:attachment":[{"href":"https:\/\/dev.eliassen.nl\/de\/wp-json\/wp\/v2\/media?parent=50803"}],"wp:term":[{"taxonomy":"product_brand","embeddable":true,"href":"https:\/\/dev.eliassen.nl\/de\/wp-json\/wp\/v2\/product_brand?post=50803"},{"taxonomy":"product_cat","embeddable":true,"href":"https:\/\/dev.eliassen.nl\/de\/wp-json\/wp\/v2\/product_cat?post=50803"},{"taxonomy":"product_tag","embeddable":true,"href":"https:\/\/dev.eliassen.nl\/de\/wp-json\/wp\/v2\/product_tag?post=50803"}],"curies":[{"name":"wp","href":"https:\/\/api.w.org\/{rel}","templated":true}]}}