{"id":50869,"date":"2021-05-23T19:32:56","date_gmt":"2021-05-23T17:32:56","guid":{"rendered":"https:\/\/www.eliassen.nl\/?product=ovl"},"modified":"2024-01-15T16:41:55","modified_gmt":"2024-01-15T16:41:55","slug":"uberlaufrohr","status":"publish","type":"product","link":"https:\/\/dev.eliassen.nl\/de\/uberlaufrohr\/","title":{"rendered":"\u00dcberlaufrohr"},"content":{"rendered":"<p>Mit diesem \u00dcberlaufrohr von adezz schaffen Sie einen Wasserpuffer im Pflanzgef\u00e4\u00df. Das Rohr ist 50 mm lang und kann einfach durch Bohren eines \u00d823 mm Lochs in den Boden des Pflanzgef\u00e4\u00dfes montiert werden.<\/p>\n<p>Ausgestattet mit einem Gummidichtring zur wasserdichten Verschraubung.<\/p>\n<p>Ideal bei l\u00e4ngerer Abwesenheit, da dann ein Wasserpuffer zur Verf\u00fcgung steht.<\/p>\n<p>Abmessungen: \u00d822 mm H\u00f6he 50 mm<\/p>\n<p><strong>Kann nicht in Cortenstahl- oder Holzbeh\u00e4ltern verwendet werden!!<\/strong><\/p>\n","protected":false},"excerpt":{"rendered":"<p>Mit diesem \u00dcberlaufrohr von adezz schaffen Sie einen Wasserpuffer im Pflanzgef\u00e4\u00df. Das Rohr ist 50 mm lang und kann einfach durch Bohren eines \u00d823 mm Lochs in den Boden des Pflanzgef\u00e4\u00dfes montiert werden. Ausgestattet mit einem Gummidichtring zur wasserdichten Verschraubung. Ideal bei l\u00e4ngerer Abwesenheit, da dann ein Wasserpuffer zur Verf\u00fcgung steht. Abmessungen: \u00d822 mm H\u00f6he &hellip;<\/p>\n","protected":false},"featured_media":50866,"template":"","meta":{"_acf_changed":false},"product_brand":[6920],"product_cat":[953,1160,773,722,854,1205,992,1004,986,1178,911,860,923,989],"product_tag":[],"class_list":{"0":"post-50869","1":"product","2":"type-product","3":"status-publish","4":"has-post-thumbnail","6":"product_brand-adezz-de","7":"product_cat-adezz-pflanzgefaesse-aus-aluminium","8":"product_cat-adezz-pflanzgefaesse-polyester","9":"product_cat-adezz-produkte","10":"product_cat-blumentoepfe-und-pflanzgefaesse","11":"product_cat-pflanzgefaesse-aus-aluminium","12":"product_cat-pflegeprodukte","17":"product_cat-polyester-hochglanz-pflanzgefaesse","18":"product_cat-polyester-pflanzgefaesse","19":"product_cat-sonstiges","20":"product_cat-wartungsprodukte","22":"first","23":"instock","24":"taxable","25":"shipping-taxable","26":"purchasable","27":"product-type-simple"},"acf":[],"yoast_head":"<!-- This site is optimized with the Yoast SEO plugin v23.8 - https:\/\/yoast.com\/wordpress\/plugins\/seo\/ -->\n<title>Overloop pijpje voor plantenbak - Eliassen.nl<\/title>\n<meta name=\"description\" content=\"Overloop pijpje voor plantenbak, hiermee cre\u00eber je een waterbuffer in de plantenbak. Voorzien van rubber afdicht ring.\" \/>\n<meta name=\"robots\" content=\"noindex, follow, max-snippet:-1, max-image-preview:large, max-video-preview:-1\" \/>\n<meta property=\"og:locale\" content=\"de_DE\" \/>\n<meta property=\"og:type\" content=\"article\" \/>\n<meta property=\"og:title\" content=\"Overloop pijpje voor plantenbak - Eliassen.nl\" \/>\n<meta property=\"og:description\" content=\"Overloop pijpje voor plantenbak, hiermee cre\u00eber je een waterbuffer in de plantenbak. Voorzien van rubber afdicht ring.\" \/>\n<meta property=\"og:url\" content=\"https:\/\/dev.eliassen.nl\/de\/uberlaufrohr\/\" \/>\n<meta property=\"og:site_name\" content=\"Eliassen.nl\" \/>\n<meta property=\"article:publisher\" content=\"https:\/\/www.facebook.com\/TuincentrumEliassenAmmerzoden\" \/>\n<meta property=\"article:modified_time\" content=\"2024-01-15T16:41:55+00:00\" \/>\n<meta property=\"og:image\" content=\"https:\/\/dev.eliassen.nl\/wp-content\/uploads\/2024\/01\/overlooppijpjevoorplantenbakeliassennl.jpg\" \/>\n\t<meta property=\"og:image:width\" content=\"199\" \/>\n\t<meta property=\"og:image:height\" content=\"140\" \/>\n\t<meta property=\"og:image:type\" content=\"image\/jpeg\" \/>\n<meta name=\"twitter:card\" content=\"summary_large_image\" \/>\n<script type=\"application\/ld+json\" class=\"yoast-schema-graph\">{\"@context\":\"https:\/\/schema.org\",\"@graph\":[{\"@type\":\"WebPage\",\"@id\":\"https:\/\/dev.eliassen.nl\/de\/uberlaufrohr\/\",\"url\":\"https:\/\/dev.eliassen.nl\/de\/uberlaufrohr\/\",\"name\":\"Overloop pijpje voor plantenbak - Eliassen.nl\",\"isPartOf\":{\"@id\":\"https:\/\/dev.eliassen.nl\/de\/#website\"},\"primaryImageOfPage\":{\"@id\":\"https:\/\/dev.eliassen.nl\/de\/uberlaufrohr\/#primaryimage\"},\"image\":{\"@id\":\"https:\/\/dev.eliassen.nl\/de\/uberlaufrohr\/#primaryimage\"},\"thumbnailUrl\":\"https:\/\/dev.eliassen.nl\/wp-content\/uploads\/2024\/01\/overlooppijpjevoorplantenbakeliassennl.jpg\",\"datePublished\":\"2021-05-23T17:32:56+00:00\",\"dateModified\":\"2024-01-15T16:41:55+00:00\",\"description\":\"Overloop pijpje voor plantenbak, hiermee cre\u00eber je een waterbuffer in de plantenbak. Voorzien van rubber afdicht ring.\",\"breadcrumb\":{\"@id\":\"https:\/\/dev.eliassen.nl\/de\/uberlaufrohr\/#breadcrumb\"},\"inLanguage\":\"de\",\"potentialAction\":[{\"@type\":\"ReadAction\",\"target\":[\"https:\/\/dev.eliassen.nl\/de\/uberlaufrohr\/\"]}]},{\"@type\":\"ImageObject\",\"inLanguage\":\"de\",\"@id\":\"https:\/\/dev.eliassen.nl\/de\/uberlaufrohr\/#primaryimage\",\"url\":\"https:\/\/dev.eliassen.nl\/wp-content\/uploads\/2024\/01\/overlooppijpjevoorplantenbakeliassennl.jpg\",\"contentUrl\":\"https:\/\/dev.eliassen.nl\/wp-content\/uploads\/2024\/01\/overlooppijpjevoorplantenbakeliassennl.jpg\",\"width\":199,\"height\":140,\"caption\":\"Overloop pijpje voor plantenbak - Eliassen.nl\"},{\"@type\":\"BreadcrumbList\",\"@id\":\"https:\/\/dev.eliassen.nl\/de\/uberlaufrohr\/#breadcrumb\",\"itemListElement\":[{\"@type\":\"ListItem\",\"position\":1,\"name\":\"Home\",\"item\":\"https:\/\/dev.eliassen.nl\/de\/\"},{\"@type\":\"ListItem\",\"position\":2,\"name\":\"Shop\",\"item\":\"https:\/\/dev.eliassen.nl\/nl\/winkel\/\"},{\"@type\":\"ListItem\",\"position\":3,\"name\":\"Blument\u00f6pfe und Pflanzgef\u00e4\u00dfe\",\"item\":\"https:\/\/dev.eliassen.nl\/de\/blumentoepfe-und-pflanzgefaesse\/\"},{\"@type\":\"ListItem\",\"position\":4,\"name\":\"Polyester-Hochglanz-Pflanzgef\u00e4\u00dfe\",\"item\":\"https:\/\/dev.eliassen.nl\/de\/blumentoepfe-und-pflanzgefaesse\/polyester-hochglanz-pflanzgefaesse\/\"},{\"@type\":\"ListItem\",\"position\":5,\"name\":\"Sonstiges\",\"item\":\"https:\/\/dev.eliassen.nl\/de\/blumentoepfe-und-pflanzgefaesse\/polyester-hochglanz-pflanzgefaesse\/sonstiges\/\"},{\"@type\":\"ListItem\",\"position\":6,\"name\":\"Pflegeprodukte\",\"item\":\"https:\/\/dev.eliassen.nl\/de\/blumentoepfe-und-pflanzgefaesse\/polyester-hochglanz-pflanzgefaesse\/sonstiges\/pflegeprodukte\/\"},{\"@type\":\"ListItem\",\"position\":7,\"name\":\"\u00dcberlaufrohr\"}]},{\"@type\":\"WebSite\",\"@id\":\"https:\/\/dev.eliassen.nl\/de\/#website\",\"url\":\"https:\/\/dev.eliassen.nl\/de\/\",\"name\":\"Eliassen Home & Garden Pleasure\",\"description\":\"\",\"publisher\":{\"@id\":\"https:\/\/dev.eliassen.nl\/de\/#organization\"},\"alternateName\":\"Eliassen.nl\",\"potentialAction\":[{\"@type\":\"SearchAction\",\"target\":{\"@type\":\"EntryPoint\",\"urlTemplate\":\"https:\/\/dev.eliassen.nl\/de\/?s={search_term_string}\"},\"query-input\":{\"@type\":\"PropertyValueSpecification\",\"valueRequired\":true,\"valueName\":\"search_term_string\"}}],\"inLanguage\":\"de\"},{\"@type\":\"Organization\",\"@id\":\"https:\/\/dev.eliassen.nl\/de\/#organization\",\"name\":\"Eliassen Home & Garden Pleasure\",\"url\":\"https:\/\/dev.eliassen.nl\/de\/\",\"logo\":{\"@type\":\"ImageObject\",\"inLanguage\":\"de\",\"@id\":\"https:\/\/dev.eliassen.nl\/de\/#\/schema\/logo\/image\/\",\"url\":\"https:\/\/www.eliassen.nl\/wp-content\/uploads\/2024\/01\/logo_4nd.jpg\",\"contentUrl\":\"https:\/\/www.eliassen.nl\/wp-content\/uploads\/2024\/01\/logo_4nd.jpg\",\"width\":500,\"height\":500,\"caption\":\"Eliassen Home & Garden Pleasure\"},\"image\":{\"@id\":\"https:\/\/dev.eliassen.nl\/de\/#\/schema\/logo\/image\/\"},\"sameAs\":[\"https:\/\/www.facebook.com\/TuincentrumEliassenAmmerzoden\",\"https:\/\/www.instagram.com\/eliassenhomeandgarden\/\",\"https:\/\/nl.pinterest.com\/eliassenhomeandgarden\/\",\"https:\/\/www.youtube.com\/@eliassenhomegardenpleasure4558\"]}]}<\/script>\n<!-- \/ Yoast SEO plugin. -->","yoast_head_json":{"title":"Overloop pijpje voor plantenbak - Eliassen.nl","description":"Overloop pijpje voor plantenbak, hiermee cre\u00eber je een waterbuffer in de plantenbak. Voorzien van rubber afdicht ring.","robots":{"index":"noindex","follow":"follow","max-snippet":"max-snippet:-1","max-image-preview":"max-image-preview:large","max-video-preview":"max-video-preview:-1"},"og_locale":"de_DE","og_type":"article","og_title":"Overloop pijpje voor plantenbak - Eliassen.nl","og_description":"Overloop pijpje voor plantenbak, hiermee cre\u00eber je een waterbuffer in de plantenbak. Voorzien van rubber afdicht ring.","og_url":"https:\/\/dev.eliassen.nl\/de\/uberlaufrohr\/","og_site_name":"Eliassen.nl","article_publisher":"https:\/\/www.facebook.com\/TuincentrumEliassenAmmerzoden","article_modified_time":"2024-01-15T16:41:55+00:00","og_image":[{"width":199,"height":140,"url":"https:\/\/dev.eliassen.nl\/wp-content\/uploads\/2024\/01\/overlooppijpjevoorplantenbakeliassennl.jpg","type":"image\/jpeg"}],"twitter_card":"summary_large_image","schema":{"@context":"https:\/\/schema.org","@graph":[{"@type":"WebPage","@id":"https:\/\/dev.eliassen.nl\/de\/uberlaufrohr\/","url":"https:\/\/dev.eliassen.nl\/de\/uberlaufrohr\/","name":"Overloop pijpje voor plantenbak - Eliassen.nl","isPartOf":{"@id":"https:\/\/dev.eliassen.nl\/de\/#website"},"primaryImageOfPage":{"@id":"https:\/\/dev.eliassen.nl\/de\/uberlaufrohr\/#primaryimage"},"image":{"@id":"https:\/\/dev.eliassen.nl\/de\/uberlaufrohr\/#primaryimage"},"thumbnailUrl":"https:\/\/dev.eliassen.nl\/wp-content\/uploads\/2024\/01\/overlooppijpjevoorplantenbakeliassennl.jpg","datePublished":"2021-05-23T17:32:56+00:00","dateModified":"2024-01-15T16:41:55+00:00","description":"Overloop pijpje voor plantenbak, hiermee cre\u00eber je een waterbuffer in de plantenbak. Voorzien van rubber afdicht ring.","breadcrumb":{"@id":"https:\/\/dev.eliassen.nl\/de\/uberlaufrohr\/#breadcrumb"},"inLanguage":"de","potentialAction":[{"@type":"ReadAction","target":["https:\/\/dev.eliassen.nl\/de\/uberlaufrohr\/"]}]},{"@type":"ImageObject","inLanguage":"de","@id":"https:\/\/dev.eliassen.nl\/de\/uberlaufrohr\/#primaryimage","url":"https:\/\/dev.eliassen.nl\/wp-content\/uploads\/2024\/01\/overlooppijpjevoorplantenbakeliassennl.jpg","contentUrl":"https:\/\/dev.eliassen.nl\/wp-content\/uploads\/2024\/01\/overlooppijpjevoorplantenbakeliassennl.jpg","width":199,"height":140,"caption":"Overloop pijpje voor plantenbak - Eliassen.nl"},{"@type":"BreadcrumbList","@id":"https:\/\/dev.eliassen.nl\/de\/uberlaufrohr\/#breadcrumb","itemListElement":[{"@type":"ListItem","position":1,"name":"Home","item":"https:\/\/dev.eliassen.nl\/de\/"},{"@type":"ListItem","position":2,"name":"Shop","item":"https:\/\/dev.eliassen.nl\/nl\/winkel\/"},{"@type":"ListItem","position":3,"name":"Blument\u00f6pfe und Pflanzgef\u00e4\u00dfe","item":"https:\/\/dev.eliassen.nl\/de\/blumentoepfe-und-pflanzgefaesse\/"},{"@type":"ListItem","position":4,"name":"Polyester-Hochglanz-Pflanzgef\u00e4\u00dfe","item":"https:\/\/dev.eliassen.nl\/de\/blumentoepfe-und-pflanzgefaesse\/polyester-hochglanz-pflanzgefaesse\/"},{"@type":"ListItem","position":5,"name":"Sonstiges","item":"https:\/\/dev.eliassen.nl\/de\/blumentoepfe-und-pflanzgefaesse\/polyester-hochglanz-pflanzgefaesse\/sonstiges\/"},{"@type":"ListItem","position":6,"name":"Pflegeprodukte","item":"https:\/\/dev.eliassen.nl\/de\/blumentoepfe-und-pflanzgefaesse\/polyester-hochglanz-pflanzgefaesse\/sonstiges\/pflegeprodukte\/"},{"@type":"ListItem","position":7,"name":"\u00dcberlaufrohr"}]},{"@type":"WebSite","@id":"https:\/\/dev.eliassen.nl\/de\/#website","url":"https:\/\/dev.eliassen.nl\/de\/","name":"Eliassen Home & Garden Pleasure","description":"","publisher":{"@id":"https:\/\/dev.eliassen.nl\/de\/#organization"},"alternateName":"Eliassen.nl","potentialAction":[{"@type":"SearchAction","target":{"@type":"EntryPoint","urlTemplate":"https:\/\/dev.eliassen.nl\/de\/?s={search_term_string}"},"query-input":{"@type":"PropertyValueSpecification","valueRequired":true,"valueName":"search_term_string"}}],"inLanguage":"de"},{"@type":"Organization","@id":"https:\/\/dev.eliassen.nl\/de\/#organization","name":"Eliassen Home & Garden Pleasure","url":"https:\/\/dev.eliassen.nl\/de\/","logo":{"@type":"ImageObject","inLanguage":"de","@id":"https:\/\/dev.eliassen.nl\/de\/#\/schema\/logo\/image\/","url":"https:\/\/www.eliassen.nl\/wp-content\/uploads\/2024\/01\/logo_4nd.jpg","contentUrl":"https:\/\/www.eliassen.nl\/wp-content\/uploads\/2024\/01\/logo_4nd.jpg","width":500,"height":500,"caption":"Eliassen Home & Garden Pleasure"},"image":{"@id":"https:\/\/dev.eliassen.nl\/de\/#\/schema\/logo\/image\/"},"sameAs":["https:\/\/www.facebook.com\/TuincentrumEliassenAmmerzoden","https:\/\/www.instagram.com\/eliassenhomeandgarden\/","https:\/\/nl.pinterest.com\/eliassenhomeandgarden\/","https:\/\/www.youtube.com\/@eliassenhomegardenpleasure4558"]}]}},"df_price":3,"df_sale_price":"","df_regular_price":3,"df_image_link":"https:\/\/dev.eliassen.nl\/wp-content\/uploads\/2024\/01\/overlooppijpjevoorplantenbakeliassennl.jpg","image":"https:\/\/dev.eliassen.nl\/wp-content\/uploads\/2024\/01\/overlooppijpjevoorplantenbakeliassennl.jpg","price_search":"<span class=\"woocommerce-Price-amount amount\"><bdi><span class=\"woocommerce-Price-currencySymbol\">&euro;<\/span>&nbsp;3,00<\/bdi><\/span>","category":"ADEZZ Pflanzgef\u00e4\u00dfe aus Aluminium","_links":{"self":[{"href":"https:\/\/dev.eliassen.nl\/de\/wp-json\/wp\/v2\/product\/50869","targetHints":{"allow":["GET"]}}],"collection":[{"href":"https:\/\/dev.eliassen.nl\/de\/wp-json\/wp\/v2\/product"}],"about":[{"href":"https:\/\/dev.eliassen.nl\/de\/wp-json\/wp\/v2\/types\/product"}],"wp:featuredmedia":[{"embeddable":true,"href":"https:\/\/dev.eliassen.nl\/de\/wp-json\/wp\/v2\/media\/50866"}],"wp:attachment":[{"href":"https:\/\/dev.eliassen.nl\/de\/wp-json\/wp\/v2\/media?parent=50869"}],"wp:term":[{"taxonomy":"product_brand","embeddable":true,"href":"https:\/\/dev.eliassen.nl\/de\/wp-json\/wp\/v2\/product_brand?post=50869"},{"taxonomy":"product_cat","embeddable":true,"href":"https:\/\/dev.eliassen.nl\/de\/wp-json\/wp\/v2\/product_cat?post=50869"},{"taxonomy":"product_tag","embeddable":true,"href":"https:\/\/dev.eliassen.nl\/de\/wp-json\/wp\/v2\/product_tag?post=50869"}],"curies":[{"name":"wp","href":"https:\/\/api.w.org\/{rel}","templated":true}]}}