{"id":50875,"date":"2021-05-23T21:05:10","date_gmt":"2021-05-23T19:05:10","guid":{"rendered":"https:\/\/www.eliassen.nl\/?product=cor-50-ltr"},"modified":"2023-09-26T16:54:10","modified_gmt":"2023-09-26T16:54:10","slug":"cor-50-ltr","status":"publish","type":"product","link":"https:\/\/dev.eliassen.nl\/de\/cor-50-ltr\/","title":{"rendered":"COR 5,0 ltr"},"content":{"rendered":"<p>RUSTOL-OWATROL\u00ae ist ein fl\u00fcssiges Produkt vom Typ \u00d6llack mit niedriger Viskosit\u00e4t auf Basis von l\u00f6semittelhaltigen Alkydharzen und Pflanzen\u00f6l.<\/p>\n<p>Trockenzeit bei 20\u00b0C:<br \/>\u2022 Staubfrei: zwischen 4 und 6 Stunden.<br \/>\u2022 Handtrocken: ca. 12 Stunden.<br \/>\u2022 \u00dcberstreichbar: ca. 24 Stunden.<\/p>\n<p>Die Umgebungstemperatur und relative Luftfeuchtigkeit beeinflussen die Trocknungszeit.<\/p>\n<p>Ertrag: 18m2 pro Liter<br \/>Farbe: Helles Bernstein<br \/>Trockenschicht-Finish: Transparent und seidig gl\u00e4nzend.<\/p>\n","protected":false},"excerpt":{"rendered":"<p>RUSTOL-OWATROL\u00ae ist ein fl\u00fcssiges Produkt vom Typ \u00d6llack mit niedriger Viskosit\u00e4t auf Basis von l\u00f6semittelhaltigen Alkydharzen und Pflanzen\u00f6l. Trockenzeit bei 20\u00b0C:\u2022 Staubfrei: zwischen 4 und 6 Stunden.\u2022 Handtrocken: ca. 12 Stunden.\u2022 \u00dcberstreichbar: ca. 24 Stunden. Die Umgebungstemperatur und relative Luftfeuchtigkeit beeinflussen die Trocknungszeit. Ertrag: 18m2 pro LiterFarbe: Helles BernsteinTrockenschicht-Finish: Transparent und seidig gl\u00e4nzend.<\/p>\n","protected":false},"featured_media":50872,"template":"","meta":{"_acf_changed":false},"product_brand":[6920],"product_cat":[977,773,722,857,1148,1205,986,995,911,923],"product_tag":[],"class_list":{"0":"post-50875","1":"product","2":"type-product","3":"status-publish","4":"has-post-thumbnail","6":"product_brand-adezz-de","7":"product_cat-adezz-pflanzgefaesse-aus-cortenstahl","8":"product_cat-adezz-produkte","9":"product_cat-blumentoepfe-und-pflanzgefaesse","10":"product_cat-pflanzgefaesse-aus-cortenstahl","11":"product_cat-pflegeprodukte","15":"product_cat-polyester-hochglanz-pflanzgefaesse","16":"product_cat-sonstiges","18":"first","19":"onbackorder","20":"taxable","21":"shipping-taxable","22":"purchasable","23":"product-type-simple"},"acf":[],"yoast_head":"<!-- This site is optimized with the Yoast SEO plugin v23.8 - https:\/\/yoast.com\/wordpress\/plugins\/seo\/ -->\n<title>COR 5,0 ltr<\/title>\n<meta name=\"robots\" content=\"noindex, follow, max-snippet:-1, max-image-preview:large, max-video-preview:-1\" \/>\n<meta property=\"og:locale\" content=\"de_DE\" \/>\n<meta property=\"og:type\" content=\"article\" \/>\n<meta property=\"og:title\" content=\"COR 5,0 ltr\" \/>\n<meta property=\"og:description\" content=\"RUSTOL-OWATROL\u00ae ist ein fl\u00fcssiges Produkt vom Typ \u00d6llack mit niedriger Viskosit\u00e4t auf Basis von l\u00f6semittelhaltigen Alkydharzen und Pflanzen\u00f6l. Trockenzeit bei 20\u00b0C:\u2022 Staubfrei: zwischen 4 und 6 Stunden.\u2022 Handtrocken: ca. 12 Stunden.\u2022 \u00dcberstreichbar: ca. 24 Stunden. Die Umgebungstemperatur und relative Luftfeuchtigkeit beeinflussen die Trocknungszeit. Ertrag: 18m2 pro LiterFarbe: Helles BernsteinTrockenschicht-Finish: Transparent und seidig gl\u00e4nzend.\" \/>\n<meta property=\"og:url\" content=\"https:\/\/dev.eliassen.nl\/de\/cor-50-ltr\/\" \/>\n<meta property=\"og:site_name\" content=\"Eliassen.nl\" \/>\n<meta property=\"article:publisher\" content=\"https:\/\/www.facebook.com\/TuincentrumEliassenAmmerzoden\" \/>\n<meta property=\"article:modified_time\" content=\"2023-09-26T16:54:10+00:00\" \/>\n<meta property=\"og:image\" content=\"https:\/\/dev.eliassen.nl\/wp-content\/uploads\/2024\/01\/cor50ltr.png\" \/>\n\t<meta property=\"og:image:width\" content=\"200\" \/>\n\t<meta property=\"og:image:height\" content=\"200\" \/>\n\t<meta property=\"og:image:type\" content=\"image\/png\" \/>\n<meta name=\"twitter:card\" content=\"summary_large_image\" \/>\n<script type=\"application\/ld+json\" class=\"yoast-schema-graph\">{\"@context\":\"https:\/\/schema.org\",\"@graph\":[{\"@type\":\"WebPage\",\"@id\":\"https:\/\/dev.eliassen.nl\/de\/cor-50-ltr\/\",\"url\":\"https:\/\/dev.eliassen.nl\/de\/cor-50-ltr\/\",\"name\":\"COR 5,0 ltr\",\"isPartOf\":{\"@id\":\"https:\/\/dev.eliassen.nl\/de\/#website\"},\"primaryImageOfPage\":{\"@id\":\"https:\/\/dev.eliassen.nl\/de\/cor-50-ltr\/#primaryimage\"},\"image\":{\"@id\":\"https:\/\/dev.eliassen.nl\/de\/cor-50-ltr\/#primaryimage\"},\"thumbnailUrl\":\"https:\/\/dev.eliassen.nl\/wp-content\/uploads\/2024\/01\/cor50ltr.png\",\"datePublished\":\"2021-05-23T19:05:10+00:00\",\"dateModified\":\"2023-09-26T16:54:10+00:00\",\"breadcrumb\":{\"@id\":\"https:\/\/dev.eliassen.nl\/de\/cor-50-ltr\/#breadcrumb\"},\"inLanguage\":\"de\",\"potentialAction\":[{\"@type\":\"ReadAction\",\"target\":[\"https:\/\/dev.eliassen.nl\/de\/cor-50-ltr\/\"]}]},{\"@type\":\"ImageObject\",\"inLanguage\":\"de\",\"@id\":\"https:\/\/dev.eliassen.nl\/de\/cor-50-ltr\/#primaryimage\",\"url\":\"https:\/\/dev.eliassen.nl\/wp-content\/uploads\/2024\/01\/cor50ltr.png\",\"contentUrl\":\"https:\/\/dev.eliassen.nl\/wp-content\/uploads\/2024\/01\/cor50ltr.png\",\"width\":200,\"height\":200,\"caption\":\"COR 5.0 ltr\"},{\"@type\":\"BreadcrumbList\",\"@id\":\"https:\/\/dev.eliassen.nl\/de\/cor-50-ltr\/#breadcrumb\",\"itemListElement\":[{\"@type\":\"ListItem\",\"position\":1,\"name\":\"Home\",\"item\":\"https:\/\/dev.eliassen.nl\/de\/\"},{\"@type\":\"ListItem\",\"position\":2,\"name\":\"Shop\",\"item\":\"https:\/\/dev.eliassen.nl\/nl\/winkel\/\"},{\"@type\":\"ListItem\",\"position\":3,\"name\":\"Blument\u00f6pfe und Pflanzgef\u00e4\u00dfe\",\"item\":\"https:\/\/dev.eliassen.nl\/de\/blumentoepfe-und-pflanzgefaesse\/\"},{\"@type\":\"ListItem\",\"position\":4,\"name\":\"Polyester-Hochglanz-Pflanzgef\u00e4\u00dfe\",\"item\":\"https:\/\/dev.eliassen.nl\/de\/blumentoepfe-und-pflanzgefaesse\/polyester-hochglanz-pflanzgefaesse\/\"},{\"@type\":\"ListItem\",\"position\":5,\"name\":\"Sonstiges\",\"item\":\"https:\/\/dev.eliassen.nl\/de\/blumentoepfe-und-pflanzgefaesse\/polyester-hochglanz-pflanzgefaesse\/sonstiges\/\"},{\"@type\":\"ListItem\",\"position\":6,\"name\":\"Pflegeprodukte\",\"item\":\"https:\/\/dev.eliassen.nl\/de\/blumentoepfe-und-pflanzgefaesse\/polyester-hochglanz-pflanzgefaesse\/sonstiges\/pflegeprodukte\/\"},{\"@type\":\"ListItem\",\"position\":7,\"name\":\"COR 5,0 ltr\"}]},{\"@type\":\"WebSite\",\"@id\":\"https:\/\/dev.eliassen.nl\/de\/#website\",\"url\":\"https:\/\/dev.eliassen.nl\/de\/\",\"name\":\"Eliassen Home & Garden Pleasure\",\"description\":\"\",\"publisher\":{\"@id\":\"https:\/\/dev.eliassen.nl\/de\/#organization\"},\"alternateName\":\"Eliassen.nl\",\"potentialAction\":[{\"@type\":\"SearchAction\",\"target\":{\"@type\":\"EntryPoint\",\"urlTemplate\":\"https:\/\/dev.eliassen.nl\/de\/?s={search_term_string}\"},\"query-input\":{\"@type\":\"PropertyValueSpecification\",\"valueRequired\":true,\"valueName\":\"search_term_string\"}}],\"inLanguage\":\"de\"},{\"@type\":\"Organization\",\"@id\":\"https:\/\/dev.eliassen.nl\/de\/#organization\",\"name\":\"Eliassen Home & Garden Pleasure\",\"url\":\"https:\/\/dev.eliassen.nl\/de\/\",\"logo\":{\"@type\":\"ImageObject\",\"inLanguage\":\"de\",\"@id\":\"https:\/\/dev.eliassen.nl\/de\/#\/schema\/logo\/image\/\",\"url\":\"https:\/\/www.eliassen.nl\/wp-content\/uploads\/2024\/01\/logo_4nd.jpg\",\"contentUrl\":\"https:\/\/www.eliassen.nl\/wp-content\/uploads\/2024\/01\/logo_4nd.jpg\",\"width\":500,\"height\":500,\"caption\":\"Eliassen Home & Garden Pleasure\"},\"image\":{\"@id\":\"https:\/\/dev.eliassen.nl\/de\/#\/schema\/logo\/image\/\"},\"sameAs\":[\"https:\/\/www.facebook.com\/TuincentrumEliassenAmmerzoden\",\"https:\/\/www.instagram.com\/eliassenhomeandgarden\/\",\"https:\/\/nl.pinterest.com\/eliassenhomeandgarden\/\",\"https:\/\/www.youtube.com\/@eliassenhomegardenpleasure4558\"]}]}<\/script>\n<!-- \/ Yoast SEO plugin. -->","yoast_head_json":{"title":"COR 5,0 ltr","robots":{"index":"noindex","follow":"follow","max-snippet":"max-snippet:-1","max-image-preview":"max-image-preview:large","max-video-preview":"max-video-preview:-1"},"og_locale":"de_DE","og_type":"article","og_title":"COR 5,0 ltr","og_description":"RUSTOL-OWATROL\u00ae ist ein fl\u00fcssiges Produkt vom Typ \u00d6llack mit niedriger Viskosit\u00e4t auf Basis von l\u00f6semittelhaltigen Alkydharzen und Pflanzen\u00f6l. Trockenzeit bei 20\u00b0C:\u2022 Staubfrei: zwischen 4 und 6 Stunden.\u2022 Handtrocken: ca. 12 Stunden.\u2022 \u00dcberstreichbar: ca. 24 Stunden. Die Umgebungstemperatur und relative Luftfeuchtigkeit beeinflussen die Trocknungszeit. Ertrag: 18m2 pro LiterFarbe: Helles BernsteinTrockenschicht-Finish: Transparent und seidig gl\u00e4nzend.","og_url":"https:\/\/dev.eliassen.nl\/de\/cor-50-ltr\/","og_site_name":"Eliassen.nl","article_publisher":"https:\/\/www.facebook.com\/TuincentrumEliassenAmmerzoden","article_modified_time":"2023-09-26T16:54:10+00:00","og_image":[{"width":200,"height":200,"url":"https:\/\/dev.eliassen.nl\/wp-content\/uploads\/2024\/01\/cor50ltr.png","type":"image\/png"}],"twitter_card":"summary_large_image","schema":{"@context":"https:\/\/schema.org","@graph":[{"@type":"WebPage","@id":"https:\/\/dev.eliassen.nl\/de\/cor-50-ltr\/","url":"https:\/\/dev.eliassen.nl\/de\/cor-50-ltr\/","name":"COR 5,0 ltr","isPartOf":{"@id":"https:\/\/dev.eliassen.nl\/de\/#website"},"primaryImageOfPage":{"@id":"https:\/\/dev.eliassen.nl\/de\/cor-50-ltr\/#primaryimage"},"image":{"@id":"https:\/\/dev.eliassen.nl\/de\/cor-50-ltr\/#primaryimage"},"thumbnailUrl":"https:\/\/dev.eliassen.nl\/wp-content\/uploads\/2024\/01\/cor50ltr.png","datePublished":"2021-05-23T19:05:10+00:00","dateModified":"2023-09-26T16:54:10+00:00","breadcrumb":{"@id":"https:\/\/dev.eliassen.nl\/de\/cor-50-ltr\/#breadcrumb"},"inLanguage":"de","potentialAction":[{"@type":"ReadAction","target":["https:\/\/dev.eliassen.nl\/de\/cor-50-ltr\/"]}]},{"@type":"ImageObject","inLanguage":"de","@id":"https:\/\/dev.eliassen.nl\/de\/cor-50-ltr\/#primaryimage","url":"https:\/\/dev.eliassen.nl\/wp-content\/uploads\/2024\/01\/cor50ltr.png","contentUrl":"https:\/\/dev.eliassen.nl\/wp-content\/uploads\/2024\/01\/cor50ltr.png","width":200,"height":200,"caption":"COR 5.0 ltr"},{"@type":"BreadcrumbList","@id":"https:\/\/dev.eliassen.nl\/de\/cor-50-ltr\/#breadcrumb","itemListElement":[{"@type":"ListItem","position":1,"name":"Home","item":"https:\/\/dev.eliassen.nl\/de\/"},{"@type":"ListItem","position":2,"name":"Shop","item":"https:\/\/dev.eliassen.nl\/nl\/winkel\/"},{"@type":"ListItem","position":3,"name":"Blument\u00f6pfe und Pflanzgef\u00e4\u00dfe","item":"https:\/\/dev.eliassen.nl\/de\/blumentoepfe-und-pflanzgefaesse\/"},{"@type":"ListItem","position":4,"name":"Polyester-Hochglanz-Pflanzgef\u00e4\u00dfe","item":"https:\/\/dev.eliassen.nl\/de\/blumentoepfe-und-pflanzgefaesse\/polyester-hochglanz-pflanzgefaesse\/"},{"@type":"ListItem","position":5,"name":"Sonstiges","item":"https:\/\/dev.eliassen.nl\/de\/blumentoepfe-und-pflanzgefaesse\/polyester-hochglanz-pflanzgefaesse\/sonstiges\/"},{"@type":"ListItem","position":6,"name":"Pflegeprodukte","item":"https:\/\/dev.eliassen.nl\/de\/blumentoepfe-und-pflanzgefaesse\/polyester-hochglanz-pflanzgefaesse\/sonstiges\/pflegeprodukte\/"},{"@type":"ListItem","position":7,"name":"COR 5,0 ltr"}]},{"@type":"WebSite","@id":"https:\/\/dev.eliassen.nl\/de\/#website","url":"https:\/\/dev.eliassen.nl\/de\/","name":"Eliassen Home & Garden Pleasure","description":"","publisher":{"@id":"https:\/\/dev.eliassen.nl\/de\/#organization"},"alternateName":"Eliassen.nl","potentialAction":[{"@type":"SearchAction","target":{"@type":"EntryPoint","urlTemplate":"https:\/\/dev.eliassen.nl\/de\/?s={search_term_string}"},"query-input":{"@type":"PropertyValueSpecification","valueRequired":true,"valueName":"search_term_string"}}],"inLanguage":"de"},{"@type":"Organization","@id":"https:\/\/dev.eliassen.nl\/de\/#organization","name":"Eliassen Home & Garden Pleasure","url":"https:\/\/dev.eliassen.nl\/de\/","logo":{"@type":"ImageObject","inLanguage":"de","@id":"https:\/\/dev.eliassen.nl\/de\/#\/schema\/logo\/image\/","url":"https:\/\/www.eliassen.nl\/wp-content\/uploads\/2024\/01\/logo_4nd.jpg","contentUrl":"https:\/\/www.eliassen.nl\/wp-content\/uploads\/2024\/01\/logo_4nd.jpg","width":500,"height":500,"caption":"Eliassen Home & Garden Pleasure"},"image":{"@id":"https:\/\/dev.eliassen.nl\/de\/#\/schema\/logo\/image\/"},"sameAs":["https:\/\/www.facebook.com\/TuincentrumEliassenAmmerzoden","https:\/\/www.instagram.com\/eliassenhomeandgarden\/","https:\/\/nl.pinterest.com\/eliassenhomeandgarden\/","https:\/\/www.youtube.com\/@eliassenhomegardenpleasure4558"]}]}},"df_price":139,"df_sale_price":"","df_regular_price":139,"df_image_link":"https:\/\/dev.eliassen.nl\/wp-content\/uploads\/2024\/01\/cor50ltr.png","image":"https:\/\/dev.eliassen.nl\/wp-content\/uploads\/2024\/01\/cor50ltr.png","price_search":"<span class=\"woocommerce-Price-amount amount\"><bdi><span class=\"woocommerce-Price-currencySymbol\">&euro;<\/span>&nbsp;139,00<\/bdi><\/span>","category":"ADEZZ Pflanzgef\u00e4\u00dfe aus Cortenstahl","_links":{"self":[{"href":"https:\/\/dev.eliassen.nl\/de\/wp-json\/wp\/v2\/product\/50875","targetHints":{"allow":["GET"]}}],"collection":[{"href":"https:\/\/dev.eliassen.nl\/de\/wp-json\/wp\/v2\/product"}],"about":[{"href":"https:\/\/dev.eliassen.nl\/de\/wp-json\/wp\/v2\/types\/product"}],"wp:featuredmedia":[{"embeddable":true,"href":"https:\/\/dev.eliassen.nl\/de\/wp-json\/wp\/v2\/media\/50872"}],"wp:attachment":[{"href":"https:\/\/dev.eliassen.nl\/de\/wp-json\/wp\/v2\/media?parent=50875"}],"wp:term":[{"taxonomy":"product_brand","embeddable":true,"href":"https:\/\/dev.eliassen.nl\/de\/wp-json\/wp\/v2\/product_brand?post=50875"},{"taxonomy":"product_cat","embeddable":true,"href":"https:\/\/dev.eliassen.nl\/de\/wp-json\/wp\/v2\/product_cat?post=50875"},{"taxonomy":"product_tag","embeddable":true,"href":"https:\/\/dev.eliassen.nl\/de\/wp-json\/wp\/v2\/product_tag?post=50875"}],"curies":[{"name":"wp","href":"https:\/\/api.w.org\/{rel}","templated":true}]}}