{"id":50887,"date":"2021-05-24T02:02:00","date_gmt":"2021-05-24T00:02:00","guid":{"rendered":"https:\/\/www.eliassen.nl\/?product=adezz-bio-cleaner-protector"},"modified":"2023-10-11T10:14:09","modified_gmt":"2023-10-11T10:14:09","slug":"adezz-bio-reiniger-schutz","status":"publish","type":"product","link":"https:\/\/dev.eliassen.nl\/de\/adezz-bio-reiniger-schutz\/","title":{"rendered":"ADEZZ Bio Reiniger &#038; Schutz"},"content":{"rendered":"<p>2-Mittel-Kombination f\u00fcr die Pflege Ihrer Adezz-Pflanzgef\u00e4\u00dfe. Der Cleaner sorgt f\u00fcr die intensive Reinigung der Puder, der Protector sorgt f\u00fcr eine neue Schutzschicht, der Protector macht die Farbe auch etwas dunkler.<\/p>\n<p>Mindestens zweimal im Jahr mit unserem Pflegemittel behandeln. Dieses Produkt sorgt daf\u00fcr, dass der Schmutz aus den Poren kommt und anschlie\u00dfend k\u00f6nnen Sie die Beh\u00e4lter mit dem Protector behandeln, der f\u00fcr eine sch\u00fctzende Wachsschicht sorgt.<\/p>\n<p>Bedienungsanleitung Reiniger\/Schutz:<\/p>\n<p>1. Spritzen Sie zuerst die groben Verschmutzungen mit Wasser ab (nicht mit einem Hochdruckreiniger!)<br \/>2. Bespr\u00fchen Sie das Produkt mit ADEZZ CLEANER \/ PROTECTOR (100 % biologisch abbaubar)<br \/>3. Der ADEZZ CLEANER \/ PROTECTOR zieht den Schmutz aus den Poren des Polyesters<br \/>4. Nach 1 Minute mit Wasser und einer groben B\u00fcrste reinigen (keine Stahlwolle oder Scheuerschwamm!)<br \/>5. Mit Wasser absp\u00fclen<br \/>6. Abschlie\u00dfend ADEZZ CLEANER \/ PROTECTOR erneut mit einem weichen Tuch auftragen<\/p>\n","protected":false},"excerpt":{"rendered":"<p>2-Mittel-Kombination f\u00fcr die Pflege Ihrer Adezz-Pflanzgef\u00e4\u00dfe. Der Cleaner sorgt f\u00fcr die intensive Reinigung der Puder, der Protector sorgt f\u00fcr eine neue Schutzschicht, der Protector macht die Farbe auch etwas dunkler. Mindestens zweimal im Jahr mit unserem Pflegemittel behandeln. Dieses Produkt sorgt daf\u00fcr, dass der Schmutz aus den Poren kommt und anschlie\u00dfend k\u00f6nnen Sie die Beh\u00e4lter &hellip;<\/p>\n","protected":false},"featured_media":50884,"template":"","meta":{"_acf_changed":false},"product_brand":[6920],"product_cat":[953,1160,773,722,854,992,1004,986,1178,1205,911,860,923,989],"product_tag":[],"class_list":{"0":"post-50887","1":"product","2":"type-product","3":"status-publish","4":"has-post-thumbnail","6":"product_brand-adezz-de","7":"product_cat-adezz-pflanzgefaesse-aus-aluminium","8":"product_cat-adezz-pflanzgefaesse-polyester","9":"product_cat-adezz-produkte","10":"product_cat-blumentoepfe-und-pflanzgefaesse","11":"product_cat-pflanzgefaesse-aus-aluminium","12":"product_cat-pflegeprodukte","17":"product_cat-polyester-hochglanz-pflanzgefaesse","18":"product_cat-polyester-pflanzgefaesse","19":"product_cat-sonstiges","20":"product_cat-wartungsprodukte","22":"first","23":"onbackorder","24":"taxable","25":"shipping-taxable","26":"purchasable","27":"product-type-simple"},"acf":[],"yoast_head":"<!-- This site is optimized with the Yoast SEO plugin v23.8 - https:\/\/yoast.com\/wordpress\/plugins\/seo\/ -->\n<title>ADEZZ Bio Reiniger &amp; Schutz - Eliassen.nl<\/title>\n<meta name=\"description\" content=\"ADEZZ Bio Cleaner &amp; Protector f\u00fcr die Pflege Ihrer Pflanzgef\u00e4\u00dfe. Ein sehr wirksames Pflegeprodukt! Bietet eine neue Schutzschicht.\" \/>\n<meta name=\"robots\" content=\"noindex, follow, max-snippet:-1, max-image-preview:large, max-video-preview:-1\" \/>\n<meta property=\"og:locale\" content=\"de_DE\" \/>\n<meta property=\"og:type\" content=\"article\" \/>\n<meta property=\"og:title\" content=\"ADEZZ Bio Reiniger &amp; Schutz - Eliassen.nl\" \/>\n<meta property=\"og:description\" content=\"ADEZZ Bio Cleaner &amp; Protector f\u00fcr die Pflege Ihrer Pflanzgef\u00e4\u00dfe. Ein sehr wirksames Pflegeprodukt! Bietet eine neue Schutzschicht.\" \/>\n<meta property=\"og:url\" content=\"https:\/\/dev.eliassen.nl\/de\/adezz-bio-reiniger-schutz\/\" \/>\n<meta property=\"og:site_name\" content=\"Eliassen.nl\" \/>\n<meta property=\"article:publisher\" content=\"https:\/\/www.facebook.com\/TuincentrumEliassenAmmerzoden\" \/>\n<meta property=\"article:modified_time\" content=\"2023-10-11T10:14:09+00:00\" \/>\n<meta property=\"og:image\" content=\"https:\/\/dev.eliassen.nl\/wp-content\/uploads\/2024\/01\/adezzcleanerprotectorset_2nd.png\" \/>\n\t<meta property=\"og:image:width\" content=\"699\" \/>\n\t<meta property=\"og:image:height\" content=\"699\" \/>\n\t<meta property=\"og:image:type\" content=\"image\/png\" \/>\n<meta name=\"twitter:card\" content=\"summary_large_image\" \/>\n<script type=\"application\/ld+json\" class=\"yoast-schema-graph\">{\"@context\":\"https:\/\/schema.org\",\"@graph\":[{\"@type\":\"WebPage\",\"@id\":\"https:\/\/dev.eliassen.nl\/de\/adezz-bio-reiniger-schutz\/\",\"url\":\"https:\/\/dev.eliassen.nl\/de\/adezz-bio-reiniger-schutz\/\",\"name\":\"ADEZZ Bio Reiniger & Schutz - Eliassen.nl\",\"isPartOf\":{\"@id\":\"https:\/\/dev.eliassen.nl\/de\/#website\"},\"primaryImageOfPage\":{\"@id\":\"https:\/\/dev.eliassen.nl\/de\/adezz-bio-reiniger-schutz\/#primaryimage\"},\"image\":{\"@id\":\"https:\/\/dev.eliassen.nl\/de\/adezz-bio-reiniger-schutz\/#primaryimage\"},\"thumbnailUrl\":\"https:\/\/dev.eliassen.nl\/wp-content\/uploads\/2024\/01\/adezzcleanerprotectorset_2nd.png\",\"datePublished\":\"2021-05-24T00:02:00+00:00\",\"dateModified\":\"2023-10-11T10:14:09+00:00\",\"description\":\"ADEZZ Bio Cleaner & Protector f\u00fcr die Pflege Ihrer Pflanzgef\u00e4\u00dfe. Ein sehr wirksames Pflegeprodukt! Bietet eine neue Schutzschicht.\",\"breadcrumb\":{\"@id\":\"https:\/\/dev.eliassen.nl\/de\/adezz-bio-reiniger-schutz\/#breadcrumb\"},\"inLanguage\":\"de\",\"potentialAction\":[{\"@type\":\"ReadAction\",\"target\":[\"https:\/\/dev.eliassen.nl\/de\/adezz-bio-reiniger-schutz\/\"]}]},{\"@type\":\"ImageObject\",\"inLanguage\":\"de\",\"@id\":\"https:\/\/dev.eliassen.nl\/de\/adezz-bio-reiniger-schutz\/#primaryimage\",\"url\":\"https:\/\/dev.eliassen.nl\/wp-content\/uploads\/2024\/01\/adezzcleanerprotectorset_2nd.png\",\"contentUrl\":\"https:\/\/dev.eliassen.nl\/wp-content\/uploads\/2024\/01\/adezzcleanerprotectorset_2nd.png\",\"width\":699,\"height\":699,\"caption\":\"ADEZZ CLEANER PROTECTOR SET\"},{\"@type\":\"BreadcrumbList\",\"@id\":\"https:\/\/dev.eliassen.nl\/de\/adezz-bio-reiniger-schutz\/#breadcrumb\",\"itemListElement\":[{\"@type\":\"ListItem\",\"position\":1,\"name\":\"Home\",\"item\":\"https:\/\/dev.eliassen.nl\/de\/\"},{\"@type\":\"ListItem\",\"position\":2,\"name\":\"Shop\",\"item\":\"https:\/\/dev.eliassen.nl\/nl\/winkel\/\"},{\"@type\":\"ListItem\",\"position\":3,\"name\":\"Blument\u00f6pfe und Pflanzgef\u00e4\u00dfe\",\"item\":\"https:\/\/dev.eliassen.nl\/de\/blumentoepfe-und-pflanzgefaesse\/\"},{\"@type\":\"ListItem\",\"position\":4,\"name\":\"Polyester-Hochglanz-Pflanzgef\u00e4\u00dfe\",\"item\":\"https:\/\/dev.eliassen.nl\/de\/blumentoepfe-und-pflanzgefaesse\/polyester-hochglanz-pflanzgefaesse\/\"},{\"@type\":\"ListItem\",\"position\":5,\"name\":\"Sonstiges\",\"item\":\"https:\/\/dev.eliassen.nl\/de\/blumentoepfe-und-pflanzgefaesse\/polyester-hochglanz-pflanzgefaesse\/sonstiges\/\"},{\"@type\":\"ListItem\",\"position\":6,\"name\":\"Pflegeprodukte\",\"item\":\"https:\/\/dev.eliassen.nl\/de\/blumentoepfe-und-pflanzgefaesse\/polyester-hochglanz-pflanzgefaesse\/sonstiges\/pflegeprodukte\/\"},{\"@type\":\"ListItem\",\"position\":7,\"name\":\"ADEZZ Bio Reiniger &#038; Schutz\"}]},{\"@type\":\"WebSite\",\"@id\":\"https:\/\/dev.eliassen.nl\/de\/#website\",\"url\":\"https:\/\/dev.eliassen.nl\/de\/\",\"name\":\"Eliassen Home & Garden Pleasure\",\"description\":\"\",\"publisher\":{\"@id\":\"https:\/\/dev.eliassen.nl\/de\/#organization\"},\"alternateName\":\"Eliassen.nl\",\"potentialAction\":[{\"@type\":\"SearchAction\",\"target\":{\"@type\":\"EntryPoint\",\"urlTemplate\":\"https:\/\/dev.eliassen.nl\/de\/?s={search_term_string}\"},\"query-input\":{\"@type\":\"PropertyValueSpecification\",\"valueRequired\":true,\"valueName\":\"search_term_string\"}}],\"inLanguage\":\"de\"},{\"@type\":\"Organization\",\"@id\":\"https:\/\/dev.eliassen.nl\/de\/#organization\",\"name\":\"Eliassen Home & Garden Pleasure\",\"url\":\"https:\/\/dev.eliassen.nl\/de\/\",\"logo\":{\"@type\":\"ImageObject\",\"inLanguage\":\"de\",\"@id\":\"https:\/\/dev.eliassen.nl\/de\/#\/schema\/logo\/image\/\",\"url\":\"https:\/\/www.eliassen.nl\/wp-content\/uploads\/2024\/01\/logo_4nd.jpg\",\"contentUrl\":\"https:\/\/www.eliassen.nl\/wp-content\/uploads\/2024\/01\/logo_4nd.jpg\",\"width\":500,\"height\":500,\"caption\":\"Eliassen Home & Garden Pleasure\"},\"image\":{\"@id\":\"https:\/\/dev.eliassen.nl\/de\/#\/schema\/logo\/image\/\"},\"sameAs\":[\"https:\/\/www.facebook.com\/TuincentrumEliassenAmmerzoden\",\"https:\/\/www.instagram.com\/eliassenhomeandgarden\/\",\"https:\/\/nl.pinterest.com\/eliassenhomeandgarden\/\",\"https:\/\/www.youtube.com\/@eliassenhomegardenpleasure4558\"]}]}<\/script>\n<!-- \/ Yoast SEO plugin. -->","yoast_head_json":{"title":"ADEZZ Bio Reiniger & Schutz - Eliassen.nl","description":"ADEZZ Bio Cleaner & Protector f\u00fcr die Pflege Ihrer Pflanzgef\u00e4\u00dfe. Ein sehr wirksames Pflegeprodukt! Bietet eine neue Schutzschicht.","robots":{"index":"noindex","follow":"follow","max-snippet":"max-snippet:-1","max-image-preview":"max-image-preview:large","max-video-preview":"max-video-preview:-1"},"og_locale":"de_DE","og_type":"article","og_title":"ADEZZ Bio Reiniger & Schutz - Eliassen.nl","og_description":"ADEZZ Bio Cleaner & Protector f\u00fcr die Pflege Ihrer Pflanzgef\u00e4\u00dfe. Ein sehr wirksames Pflegeprodukt! Bietet eine neue Schutzschicht.","og_url":"https:\/\/dev.eliassen.nl\/de\/adezz-bio-reiniger-schutz\/","og_site_name":"Eliassen.nl","article_publisher":"https:\/\/www.facebook.com\/TuincentrumEliassenAmmerzoden","article_modified_time":"2023-10-11T10:14:09+00:00","og_image":[{"width":699,"height":699,"url":"https:\/\/dev.eliassen.nl\/wp-content\/uploads\/2024\/01\/adezzcleanerprotectorset_2nd.png","type":"image\/png"}],"twitter_card":"summary_large_image","schema":{"@context":"https:\/\/schema.org","@graph":[{"@type":"WebPage","@id":"https:\/\/dev.eliassen.nl\/de\/adezz-bio-reiniger-schutz\/","url":"https:\/\/dev.eliassen.nl\/de\/adezz-bio-reiniger-schutz\/","name":"ADEZZ Bio Reiniger & Schutz - Eliassen.nl","isPartOf":{"@id":"https:\/\/dev.eliassen.nl\/de\/#website"},"primaryImageOfPage":{"@id":"https:\/\/dev.eliassen.nl\/de\/adezz-bio-reiniger-schutz\/#primaryimage"},"image":{"@id":"https:\/\/dev.eliassen.nl\/de\/adezz-bio-reiniger-schutz\/#primaryimage"},"thumbnailUrl":"https:\/\/dev.eliassen.nl\/wp-content\/uploads\/2024\/01\/adezzcleanerprotectorset_2nd.png","datePublished":"2021-05-24T00:02:00+00:00","dateModified":"2023-10-11T10:14:09+00:00","description":"ADEZZ Bio Cleaner & Protector f\u00fcr die Pflege Ihrer Pflanzgef\u00e4\u00dfe. Ein sehr wirksames Pflegeprodukt! Bietet eine neue Schutzschicht.","breadcrumb":{"@id":"https:\/\/dev.eliassen.nl\/de\/adezz-bio-reiniger-schutz\/#breadcrumb"},"inLanguage":"de","potentialAction":[{"@type":"ReadAction","target":["https:\/\/dev.eliassen.nl\/de\/adezz-bio-reiniger-schutz\/"]}]},{"@type":"ImageObject","inLanguage":"de","@id":"https:\/\/dev.eliassen.nl\/de\/adezz-bio-reiniger-schutz\/#primaryimage","url":"https:\/\/dev.eliassen.nl\/wp-content\/uploads\/2024\/01\/adezzcleanerprotectorset_2nd.png","contentUrl":"https:\/\/dev.eliassen.nl\/wp-content\/uploads\/2024\/01\/adezzcleanerprotectorset_2nd.png","width":699,"height":699,"caption":"ADEZZ CLEANER PROTECTOR SET"},{"@type":"BreadcrumbList","@id":"https:\/\/dev.eliassen.nl\/de\/adezz-bio-reiniger-schutz\/#breadcrumb","itemListElement":[{"@type":"ListItem","position":1,"name":"Home","item":"https:\/\/dev.eliassen.nl\/de\/"},{"@type":"ListItem","position":2,"name":"Shop","item":"https:\/\/dev.eliassen.nl\/nl\/winkel\/"},{"@type":"ListItem","position":3,"name":"Blument\u00f6pfe und Pflanzgef\u00e4\u00dfe","item":"https:\/\/dev.eliassen.nl\/de\/blumentoepfe-und-pflanzgefaesse\/"},{"@type":"ListItem","position":4,"name":"Polyester-Hochglanz-Pflanzgef\u00e4\u00dfe","item":"https:\/\/dev.eliassen.nl\/de\/blumentoepfe-und-pflanzgefaesse\/polyester-hochglanz-pflanzgefaesse\/"},{"@type":"ListItem","position":5,"name":"Sonstiges","item":"https:\/\/dev.eliassen.nl\/de\/blumentoepfe-und-pflanzgefaesse\/polyester-hochglanz-pflanzgefaesse\/sonstiges\/"},{"@type":"ListItem","position":6,"name":"Pflegeprodukte","item":"https:\/\/dev.eliassen.nl\/de\/blumentoepfe-und-pflanzgefaesse\/polyester-hochglanz-pflanzgefaesse\/sonstiges\/pflegeprodukte\/"},{"@type":"ListItem","position":7,"name":"ADEZZ Bio Reiniger &#038; Schutz"}]},{"@type":"WebSite","@id":"https:\/\/dev.eliassen.nl\/de\/#website","url":"https:\/\/dev.eliassen.nl\/de\/","name":"Eliassen Home & Garden Pleasure","description":"","publisher":{"@id":"https:\/\/dev.eliassen.nl\/de\/#organization"},"alternateName":"Eliassen.nl","potentialAction":[{"@type":"SearchAction","target":{"@type":"EntryPoint","urlTemplate":"https:\/\/dev.eliassen.nl\/de\/?s={search_term_string}"},"query-input":{"@type":"PropertyValueSpecification","valueRequired":true,"valueName":"search_term_string"}}],"inLanguage":"de"},{"@type":"Organization","@id":"https:\/\/dev.eliassen.nl\/de\/#organization","name":"Eliassen Home & Garden Pleasure","url":"https:\/\/dev.eliassen.nl\/de\/","logo":{"@type":"ImageObject","inLanguage":"de","@id":"https:\/\/dev.eliassen.nl\/de\/#\/schema\/logo\/image\/","url":"https:\/\/www.eliassen.nl\/wp-content\/uploads\/2024\/01\/logo_4nd.jpg","contentUrl":"https:\/\/www.eliassen.nl\/wp-content\/uploads\/2024\/01\/logo_4nd.jpg","width":500,"height":500,"caption":"Eliassen Home & Garden Pleasure"},"image":{"@id":"https:\/\/dev.eliassen.nl\/de\/#\/schema\/logo\/image\/"},"sameAs":["https:\/\/www.facebook.com\/TuincentrumEliassenAmmerzoden","https:\/\/www.instagram.com\/eliassenhomeandgarden\/","https:\/\/nl.pinterest.com\/eliassenhomeandgarden\/","https:\/\/www.youtube.com\/@eliassenhomegardenpleasure4558"]}]}},"df_price":39.5,"df_sale_price":"","df_regular_price":39.5,"df_image_link":"https:\/\/dev.eliassen.nl\/wp-content\/uploads\/2024\/01\/adezzcleanerprotectorset_2nd.png","image":"https:\/\/dev.eliassen.nl\/wp-content\/uploads\/2024\/01\/adezzcleanerprotectorset_2nd.png","price_search":"<span class=\"woocommerce-Price-amount amount\"><bdi><span class=\"woocommerce-Price-currencySymbol\">&euro;<\/span>&nbsp;39,50<\/bdi><\/span>","category":"ADEZZ Pflanzgef\u00e4\u00dfe aus Aluminium","_links":{"self":[{"href":"https:\/\/dev.eliassen.nl\/de\/wp-json\/wp\/v2\/product\/50887","targetHints":{"allow":["GET"]}}],"collection":[{"href":"https:\/\/dev.eliassen.nl\/de\/wp-json\/wp\/v2\/product"}],"about":[{"href":"https:\/\/dev.eliassen.nl\/de\/wp-json\/wp\/v2\/types\/product"}],"wp:featuredmedia":[{"embeddable":true,"href":"https:\/\/dev.eliassen.nl\/de\/wp-json\/wp\/v2\/media\/50884"}],"wp:attachment":[{"href":"https:\/\/dev.eliassen.nl\/de\/wp-json\/wp\/v2\/media?parent=50887"}],"wp:term":[{"taxonomy":"product_brand","embeddable":true,"href":"https:\/\/dev.eliassen.nl\/de\/wp-json\/wp\/v2\/product_brand?post=50887"},{"taxonomy":"product_cat","embeddable":true,"href":"https:\/\/dev.eliassen.nl\/de\/wp-json\/wp\/v2\/product_cat?post=50887"},{"taxonomy":"product_tag","embeddable":true,"href":"https:\/\/dev.eliassen.nl\/de\/wp-json\/wp\/v2\/product_tag?post=50887"}],"curies":[{"name":"wp","href":"https:\/\/api.w.org\/{rel}","templated":true}]}}