{"id":51064,"date":"2021-05-28T10:58:29","date_gmt":"2021-05-28T08:58:29","guid":{"rendered":"https:\/\/www.eliassen.nl\/?product=sierkeien-plat-mozaiek-black-grey"},"modified":"2024-12-05T15:50:04","modified_gmt":"2024-12-05T14:50:04","slug":"dekosteine-flachmosaik-schwarz-grau-20kg","status":"publish","type":"product","link":"https:\/\/dev.eliassen.nl\/de\/dekosteine-flachmosaik-schwarz-grau-20kg\/","title":{"rendered":"Dekosteine Flachmosaik schwarz-grau 20kg"},"content":{"rendered":"<p><video controls=\"controls\" width=\"300\" height=\"150\"><source src=\"https:\/\/cdn.webshopapp.com\/shops\/289658\/files\/443747679\/mozaiek-donker-grijs-eliassennl-sierstenen.mp4\" type=\"video\/mp4\" \/><\/video><\/p>\n<p>Das sind wirklich besondere, skurrile Natursteinscheiben, hergestellt aus Felsbrocken mit schwarzen Farbt\u00f6nen, die kaum gr\u00fcn werden. Diese sehr exklusive Art des Bodenbelags oder Pflasters eignet sich f\u00fcr viele Zwecke, beispielsweise als Abschlussmaterial auf Topfpflanzenkombinationen, als Bodendecker, als Dekorationsmaterial in Schaufenstern, als Abschlussmaterial f\u00fcr Denkm\u00e4ler rund um Ihre Gartendekoration oder Ihr Wasserspiel usw. usw.<br \/>Pro m2 gibt es etwa 4-5 S\u00e4cke dieser Art von Zierpflaster.<\/p>\n<p>So k\u00f6nnen Sie ungef\u00e4hr berechnen, was Sie f\u00fcr diese grauen Dekokiesel ben\u00f6tigen.<\/p>\n<ul>\n<li>Sortierte, gezackte Scheiben aus gewaschenen Kieselsteinen<\/li>\n<li>Farbe: Schwarz\/Grau. Die Farben werden dunkler, wenn die Kieselsteine nass sind.<\/li>\n<li>Abstufung: 3 bis 6 cm, ca. 5-6 mm dick<\/li>\n<li>20 kg pro Sack<\/li>\n<li><strong>Seltene<\/strong> flache Scheiben aus Zierkieseln<\/li>\n<li>Sehr harte Art, wird nicht schnell gr\u00fcn<\/li>\n<li>Nirgendwo anders zu verkaufen<\/li>\n<li><strong>Sehen Sie genau die gleichen Felsbrocken woanders g\u00fcnstiger? Wir zahlen die Differenz!!<\/strong><\/li>\n<li><strong>Auf den Fotos k\u00f6nnen Sie sehen, wie die Farben dieser Felsbrocken im trockenen und nassen Zustand aussehen.<\/strong><\/li>\n<li>\u00a0<\/li>\n<\/ul>\n","protected":false},"excerpt":{"rendered":"<p>Am besten zum Malen mit einer sch\u00f6nen flachen Form.<\/p>\n","protected":false},"featured_media":51055,"template":"","meta":{"_acf_changed":false},"product_brand":[],"product_cat":[770,1460,545,536,752],"product_tag":[],"class_list":{"0":"post-51064","1":"product","2":"type-product","3":"status-publish","4":"has-post-thumbnail","6":"product_cat-edelsteine","7":"product_cat-kieselsteine-zum-bemalen","8":"product_cat-teile-wasserspiele","9":"product_cat-wassereigenschaften","10":"product_cat-weitere-artikel","12":"first","13":"instock","14":"sale","15":"taxable","16":"shipping-taxable","17":"purchasable","18":"product-type-simple"},"acf":[],"yoast_head":"<!-- This site is optimized with the Yoast SEO plugin v23.8 - https:\/\/yoast.com\/wordpress\/plugins\/seo\/ -->\n<title>Dekosteine flaches Mosaik schwarz grau<\/title>\n<meta name=\"robots\" content=\"noindex, follow, max-snippet:-1, max-image-preview:large, max-video-preview:-1\" \/>\n<meta property=\"og:locale\" content=\"de_DE\" \/>\n<meta property=\"og:type\" content=\"article\" \/>\n<meta property=\"og:title\" content=\"Dekosteine flaches Mosaik schwarz grau\" \/>\n<meta property=\"og:description\" content=\"Am besten zum Malen mit einer sch\u00f6nen flachen Form.\" \/>\n<meta property=\"og:url\" content=\"https:\/\/dev.eliassen.nl\/de\/dekosteine-flachmosaik-schwarz-grau-20kg\/\" \/>\n<meta property=\"og:site_name\" content=\"Eliassen.nl\" \/>\n<meta property=\"article:publisher\" content=\"https:\/\/www.facebook.com\/TuincentrumEliassenAmmerzoden\" \/>\n<meta property=\"article:modified_time\" content=\"2024-12-05T14:50:04+00:00\" \/>\n<meta property=\"og:image\" content=\"https:\/\/dev.eliassen.nl\/wp-content\/uploads\/2024\/01\/image6.jpg\" \/>\n\t<meta property=\"og:image:width\" content=\"1974\" \/>\n\t<meta property=\"og:image:height\" content=\"1295\" \/>\n\t<meta property=\"og:image:type\" content=\"image\/jpeg\" \/>\n<meta name=\"twitter:card\" content=\"summary_large_image\" \/>\n<script type=\"application\/ld+json\" class=\"yoast-schema-graph\">{\"@context\":\"https:\/\/schema.org\",\"@graph\":[{\"@type\":\"WebPage\",\"@id\":\"https:\/\/dev.eliassen.nl\/de\/dekosteine-flachmosaik-schwarz-grau-20kg\/\",\"url\":\"https:\/\/dev.eliassen.nl\/de\/dekosteine-flachmosaik-schwarz-grau-20kg\/\",\"name\":\"Dekosteine flaches Mosaik schwarz grau\",\"isPartOf\":{\"@id\":\"https:\/\/dev.eliassen.nl\/de\/#website\"},\"primaryImageOfPage\":{\"@id\":\"https:\/\/dev.eliassen.nl\/de\/dekosteine-flachmosaik-schwarz-grau-20kg\/#primaryimage\"},\"image\":{\"@id\":\"https:\/\/dev.eliassen.nl\/de\/dekosteine-flachmosaik-schwarz-grau-20kg\/#primaryimage\"},\"thumbnailUrl\":\"https:\/\/dev.eliassen.nl\/wp-content\/uploads\/2024\/01\/image6.jpg\",\"datePublished\":\"2021-05-28T08:58:29+00:00\",\"dateModified\":\"2024-12-05T14:50:04+00:00\",\"breadcrumb\":{\"@id\":\"https:\/\/dev.eliassen.nl\/de\/dekosteine-flachmosaik-schwarz-grau-20kg\/#breadcrumb\"},\"inLanguage\":\"de\",\"potentialAction\":[{\"@type\":\"ReadAction\",\"target\":[\"https:\/\/dev.eliassen.nl\/de\/dekosteine-flachmosaik-schwarz-grau-20kg\/\"]}]},{\"@type\":\"ImageObject\",\"inLanguage\":\"de\",\"@id\":\"https:\/\/dev.eliassen.nl\/de\/dekosteine-flachmosaik-schwarz-grau-20kg\/#primaryimage\",\"url\":\"https:\/\/dev.eliassen.nl\/wp-content\/uploads\/2024\/01\/image6.jpg\",\"contentUrl\":\"https:\/\/dev.eliassen.nl\/wp-content\/uploads\/2024\/01\/image6.jpg\",\"width\":1974,\"height\":1295,\"caption\":\"image (6)\"},{\"@type\":\"BreadcrumbList\",\"@id\":\"https:\/\/dev.eliassen.nl\/de\/dekosteine-flachmosaik-schwarz-grau-20kg\/#breadcrumb\",\"itemListElement\":[{\"@type\":\"ListItem\",\"position\":1,\"name\":\"Home\",\"item\":\"https:\/\/dev.eliassen.nl\/de\/\"},{\"@type\":\"ListItem\",\"position\":2,\"name\":\"Shop\",\"item\":\"https:\/\/dev.eliassen.nl\/nl\/winkel\/\"},{\"@type\":\"ListItem\",\"position\":3,\"name\":\"Weitere Artikel\",\"item\":\"https:\/\/dev.eliassen.nl\/de\/weitere-artikel\/\"},{\"@type\":\"ListItem\",\"position\":4,\"name\":\"Edelsteine\",\"item\":\"https:\/\/dev.eliassen.nl\/de\/garten-andere\/edelsteine\/\"},{\"@type\":\"ListItem\",\"position\":5,\"name\":\"Dekosteine Flachmosaik schwarz-grau 20kg\"}]},{\"@type\":\"WebSite\",\"@id\":\"https:\/\/dev.eliassen.nl\/de\/#website\",\"url\":\"https:\/\/dev.eliassen.nl\/de\/\",\"name\":\"Eliassen Home & Garden Pleasure\",\"description\":\"\",\"publisher\":{\"@id\":\"https:\/\/dev.eliassen.nl\/de\/#organization\"},\"alternateName\":\"Eliassen.nl\",\"potentialAction\":[{\"@type\":\"SearchAction\",\"target\":{\"@type\":\"EntryPoint\",\"urlTemplate\":\"https:\/\/dev.eliassen.nl\/de\/?s={search_term_string}\"},\"query-input\":{\"@type\":\"PropertyValueSpecification\",\"valueRequired\":true,\"valueName\":\"search_term_string\"}}],\"inLanguage\":\"de\"},{\"@type\":\"Organization\",\"@id\":\"https:\/\/dev.eliassen.nl\/de\/#organization\",\"name\":\"Eliassen Home & Garden Pleasure\",\"url\":\"https:\/\/dev.eliassen.nl\/de\/\",\"logo\":{\"@type\":\"ImageObject\",\"inLanguage\":\"de\",\"@id\":\"https:\/\/dev.eliassen.nl\/de\/#\/schema\/logo\/image\/\",\"url\":\"https:\/\/www.eliassen.nl\/wp-content\/uploads\/2024\/01\/logo_4nd.jpg\",\"contentUrl\":\"https:\/\/www.eliassen.nl\/wp-content\/uploads\/2024\/01\/logo_4nd.jpg\",\"width\":500,\"height\":500,\"caption\":\"Eliassen Home & Garden Pleasure\"},\"image\":{\"@id\":\"https:\/\/dev.eliassen.nl\/de\/#\/schema\/logo\/image\/\"},\"sameAs\":[\"https:\/\/www.facebook.com\/TuincentrumEliassenAmmerzoden\",\"https:\/\/www.instagram.com\/eliassenhomeandgarden\/\",\"https:\/\/nl.pinterest.com\/eliassenhomeandgarden\/\",\"https:\/\/www.youtube.com\/@eliassenhomegardenpleasure4558\"]}]}<\/script>\n<!-- \/ Yoast SEO plugin. -->","yoast_head_json":{"title":"Dekosteine flaches Mosaik schwarz grau","robots":{"index":"noindex","follow":"follow","max-snippet":"max-snippet:-1","max-image-preview":"max-image-preview:large","max-video-preview":"max-video-preview:-1"},"og_locale":"de_DE","og_type":"article","og_title":"Dekosteine flaches Mosaik schwarz grau","og_description":"Am besten zum Malen mit einer sch\u00f6nen flachen Form.","og_url":"https:\/\/dev.eliassen.nl\/de\/dekosteine-flachmosaik-schwarz-grau-20kg\/","og_site_name":"Eliassen.nl","article_publisher":"https:\/\/www.facebook.com\/TuincentrumEliassenAmmerzoden","article_modified_time":"2024-12-05T14:50:04+00:00","og_image":[{"width":1974,"height":1295,"url":"https:\/\/dev.eliassen.nl\/wp-content\/uploads\/2024\/01\/image6.jpg","type":"image\/jpeg"}],"twitter_card":"summary_large_image","schema":{"@context":"https:\/\/schema.org","@graph":[{"@type":"WebPage","@id":"https:\/\/dev.eliassen.nl\/de\/dekosteine-flachmosaik-schwarz-grau-20kg\/","url":"https:\/\/dev.eliassen.nl\/de\/dekosteine-flachmosaik-schwarz-grau-20kg\/","name":"Dekosteine flaches Mosaik schwarz grau","isPartOf":{"@id":"https:\/\/dev.eliassen.nl\/de\/#website"},"primaryImageOfPage":{"@id":"https:\/\/dev.eliassen.nl\/de\/dekosteine-flachmosaik-schwarz-grau-20kg\/#primaryimage"},"image":{"@id":"https:\/\/dev.eliassen.nl\/de\/dekosteine-flachmosaik-schwarz-grau-20kg\/#primaryimage"},"thumbnailUrl":"https:\/\/dev.eliassen.nl\/wp-content\/uploads\/2024\/01\/image6.jpg","datePublished":"2021-05-28T08:58:29+00:00","dateModified":"2024-12-05T14:50:04+00:00","breadcrumb":{"@id":"https:\/\/dev.eliassen.nl\/de\/dekosteine-flachmosaik-schwarz-grau-20kg\/#breadcrumb"},"inLanguage":"de","potentialAction":[{"@type":"ReadAction","target":["https:\/\/dev.eliassen.nl\/de\/dekosteine-flachmosaik-schwarz-grau-20kg\/"]}]},{"@type":"ImageObject","inLanguage":"de","@id":"https:\/\/dev.eliassen.nl\/de\/dekosteine-flachmosaik-schwarz-grau-20kg\/#primaryimage","url":"https:\/\/dev.eliassen.nl\/wp-content\/uploads\/2024\/01\/image6.jpg","contentUrl":"https:\/\/dev.eliassen.nl\/wp-content\/uploads\/2024\/01\/image6.jpg","width":1974,"height":1295,"caption":"image (6)"},{"@type":"BreadcrumbList","@id":"https:\/\/dev.eliassen.nl\/de\/dekosteine-flachmosaik-schwarz-grau-20kg\/#breadcrumb","itemListElement":[{"@type":"ListItem","position":1,"name":"Home","item":"https:\/\/dev.eliassen.nl\/de\/"},{"@type":"ListItem","position":2,"name":"Shop","item":"https:\/\/dev.eliassen.nl\/nl\/winkel\/"},{"@type":"ListItem","position":3,"name":"Weitere Artikel","item":"https:\/\/dev.eliassen.nl\/de\/weitere-artikel\/"},{"@type":"ListItem","position":4,"name":"Edelsteine","item":"https:\/\/dev.eliassen.nl\/de\/garten-andere\/edelsteine\/"},{"@type":"ListItem","position":5,"name":"Dekosteine Flachmosaik schwarz-grau 20kg"}]},{"@type":"WebSite","@id":"https:\/\/dev.eliassen.nl\/de\/#website","url":"https:\/\/dev.eliassen.nl\/de\/","name":"Eliassen Home & Garden Pleasure","description":"","publisher":{"@id":"https:\/\/dev.eliassen.nl\/de\/#organization"},"alternateName":"Eliassen.nl","potentialAction":[{"@type":"SearchAction","target":{"@type":"EntryPoint","urlTemplate":"https:\/\/dev.eliassen.nl\/de\/?s={search_term_string}"},"query-input":{"@type":"PropertyValueSpecification","valueRequired":true,"valueName":"search_term_string"}}],"inLanguage":"de"},{"@type":"Organization","@id":"https:\/\/dev.eliassen.nl\/de\/#organization","name":"Eliassen Home & Garden Pleasure","url":"https:\/\/dev.eliassen.nl\/de\/","logo":{"@type":"ImageObject","inLanguage":"de","@id":"https:\/\/dev.eliassen.nl\/de\/#\/schema\/logo\/image\/","url":"https:\/\/www.eliassen.nl\/wp-content\/uploads\/2024\/01\/logo_4nd.jpg","contentUrl":"https:\/\/www.eliassen.nl\/wp-content\/uploads\/2024\/01\/logo_4nd.jpg","width":500,"height":500,"caption":"Eliassen Home & Garden Pleasure"},"image":{"@id":"https:\/\/dev.eliassen.nl\/de\/#\/schema\/logo\/image\/"},"sameAs":["https:\/\/www.facebook.com\/TuincentrumEliassenAmmerzoden","https:\/\/www.instagram.com\/eliassenhomeandgarden\/","https:\/\/nl.pinterest.com\/eliassenhomeandgarden\/","https:\/\/www.youtube.com\/@eliassenhomegardenpleasure4558"]}]}},"df_price":16,"df_sale_price":16,"df_regular_price":21.5,"df_image_link":"https:\/\/dev.eliassen.nl\/wp-content\/uploads\/2024\/01\/image6.jpg","image":"https:\/\/dev.eliassen.nl\/wp-content\/uploads\/2024\/01\/image6.jpg","price_search":"<span class=\"woocommerce-Price-amount amount\"><bdi><span class=\"woocommerce-Price-currencySymbol\">&euro;<\/span>&nbsp;16,00<\/bdi><\/span>","category":"Edelsteine","_links":{"self":[{"href":"https:\/\/dev.eliassen.nl\/de\/wp-json\/wp\/v2\/product\/51064","targetHints":{"allow":["GET"]}}],"collection":[{"href":"https:\/\/dev.eliassen.nl\/de\/wp-json\/wp\/v2\/product"}],"about":[{"href":"https:\/\/dev.eliassen.nl\/de\/wp-json\/wp\/v2\/types\/product"}],"wp:featuredmedia":[{"embeddable":true,"href":"https:\/\/dev.eliassen.nl\/de\/wp-json\/wp\/v2\/media\/51055"}],"wp:attachment":[{"href":"https:\/\/dev.eliassen.nl\/de\/wp-json\/wp\/v2\/media?parent=51064"}],"wp:term":[{"taxonomy":"product_brand","embeddable":true,"href":"https:\/\/dev.eliassen.nl\/de\/wp-json\/wp\/v2\/product_brand?post=51064"},{"taxonomy":"product_cat","embeddable":true,"href":"https:\/\/dev.eliassen.nl\/de\/wp-json\/wp\/v2\/product_cat?post=51064"},{"taxonomy":"product_tag","embeddable":true,"href":"https:\/\/dev.eliassen.nl\/de\/wp-json\/wp\/v2\/product_tag?post=51064"}],"curies":[{"name":"wp","href":"https:\/\/api.w.org\/{rel}","templated":true}]}}