{"id":51199,"date":"2021-06-04T08:33:08","date_gmt":"2021-06-04T06:33:08","guid":{"rendered":"https:\/\/www.eliassen.nl\/?product=ornament-agave-60cm"},"modified":"2023-03-01T15:33:11","modified_gmt":"2023-03-01T15:33:11","slug":"zieragave-60cm","status":"publish","type":"product","link":"https:\/\/dev.eliassen.nl\/de\/zieragave-60cm\/","title":{"rendered":"Zieragave 60cm"},"content":{"rendered":"<p>Ornament in Form einer Agavenpflanze. Das lose Ornament hat einen Durchmesser von 60 cm und eine H\u00f6he von 40 cm. Ein sch\u00f6ner Hingucker ist der Garten, egal ob innerhalb oder au\u00dferhalb Ihres Unternehmens. Nirgendwo anders zu verkaufen.<br \/>Farbe kann vom Foto abweichen.<\/p>\n<ul>\n<li>nirgendwo anders zu verkaufen<\/li>\n<li>Material: unbehandeltes Eisen, 2mm dick<\/li>\n<li>Gr\u00f6\u00dfe: 60cm Durchmesser und 30cm hoch<\/li>\n<li>Schlauchanschluss 1\/2 Zoll<\/li>\n<li>Frostbest\u00e4ndig<\/li>\n<li>Haben Sie Fragen zu diesem Artikel oder ben\u00f6tigen Sie eine Beratung, um dieses Modell mit allen anderen Notwendigkeiten zu vervollst\u00e4ndigen? Klicken Sie <a href=\"mailto:info@eliassen.nl\"><strong>HIER<\/strong><\/a> und stellen Sie Ihre Frage.<\/li>\n<li>Tipp: Mit einem darauf gerichteten LED-Spot schaffen Sie einen sch\u00f6nen Blickfang in Ihrem Garten.<\/li>\n<\/ul>\n","protected":false},"excerpt":{"rendered":"<p>Ornament in Form einer Agavenpflanze. Das lose Ornament hat einen Durchmesser von 60 cm und eine H\u00f6he von 40 cm. Ein sch\u00f6ner Hingucker ist der Garten, egal ob innerhalb oder au\u00dferhalb Ihres Unternehmens. Nirgendwo anders zu verkaufen.Farbe kann vom Foto abweichen. nirgendwo anders zu verkaufen Material: unbehandeltes Eisen, 2mm dick Gr\u00f6\u00dfe: 60cm Durchmesser und 30cm &hellip;<\/p>\n","protected":false},"featured_media":51184,"template":"","meta":{"_acf_changed":false},"product_brand":[],"product_cat":[659,767,752],"product_tag":[],"class_list":{"0":"post-51199","1":"product","2":"type-product","3":"status-publish","4":"has-post-thumbnail","6":"product_cat-dekoration-aus-metall","7":"product_cat-sonstig","8":"product_cat-weitere-artikel","10":"first","11":"instock","12":"taxable","13":"shipping-taxable","14":"purchasable","15":"product-type-simple"},"acf":[],"yoast_head":"<!-- This site is optimized with the Yoast SEO plugin v23.8 - https:\/\/yoast.com\/wordpress\/plugins\/seo\/ -->\n<title>Zieragave 60cm<\/title>\n<meta name=\"robots\" content=\"noindex, follow, max-snippet:-1, max-image-preview:large, max-video-preview:-1\" \/>\n<meta property=\"og:locale\" content=\"de_DE\" \/>\n<meta property=\"og:type\" content=\"article\" \/>\n<meta property=\"og:title\" content=\"Zieragave 60cm\" \/>\n<meta property=\"og:description\" content=\"Ornament in Form einer Agavenpflanze. Das lose Ornament hat einen Durchmesser von 60 cm und eine H\u00f6he von 40 cm. Ein sch\u00f6ner Hingucker ist der Garten, egal ob innerhalb oder au\u00dferhalb Ihres Unternehmens. Nirgendwo anders zu verkaufen.Farbe kann vom Foto abweichen. nirgendwo anders zu verkaufen Material: unbehandeltes Eisen, 2mm dick Gr\u00f6\u00dfe: 60cm Durchmesser und 30cm &hellip;\" \/>\n<meta property=\"og:url\" content=\"https:\/\/dev.eliassen.nl\/de\/zieragave-60cm\/\" \/>\n<meta property=\"og:site_name\" content=\"Eliassen.nl\" \/>\n<meta property=\"article:publisher\" content=\"https:\/\/www.facebook.com\/TuincentrumEliassenAmmerzoden\" \/>\n<meta property=\"article:modified_time\" content=\"2023-03-01T15:33:11+00:00\" \/>\n<meta property=\"og:image\" content=\"https:\/\/dev.eliassen.nl\/wp-content\/uploads\/2024\/01\/71700agave60_2nd.jpg\" \/>\n\t<meta property=\"og:image:width\" content=\"2048\" \/>\n\t<meta property=\"og:image:height\" content=\"1365\" \/>\n\t<meta property=\"og:image:type\" content=\"image\/jpeg\" \/>\n<meta name=\"twitter:card\" content=\"summary_large_image\" \/>\n<script type=\"application\/ld+json\" class=\"yoast-schema-graph\">{\"@context\":\"https:\/\/schema.org\",\"@graph\":[{\"@type\":\"WebPage\",\"@id\":\"https:\/\/dev.eliassen.nl\/de\/zieragave-60cm\/\",\"url\":\"https:\/\/dev.eliassen.nl\/de\/zieragave-60cm\/\",\"name\":\"Zieragave 60cm\",\"isPartOf\":{\"@id\":\"https:\/\/dev.eliassen.nl\/de\/#website\"},\"primaryImageOfPage\":{\"@id\":\"https:\/\/dev.eliassen.nl\/de\/zieragave-60cm\/#primaryimage\"},\"image\":{\"@id\":\"https:\/\/dev.eliassen.nl\/de\/zieragave-60cm\/#primaryimage\"},\"thumbnailUrl\":\"https:\/\/dev.eliassen.nl\/wp-content\/uploads\/2024\/01\/71700agave60_2nd.jpg\",\"datePublished\":\"2021-06-04T06:33:08+00:00\",\"dateModified\":\"2023-03-01T15:33:11+00:00\",\"breadcrumb\":{\"@id\":\"https:\/\/dev.eliassen.nl\/de\/zieragave-60cm\/#breadcrumb\"},\"inLanguage\":\"de\",\"potentialAction\":[{\"@type\":\"ReadAction\",\"target\":[\"https:\/\/dev.eliassen.nl\/de\/zieragave-60cm\/\"]}]},{\"@type\":\"ImageObject\",\"inLanguage\":\"de\",\"@id\":\"https:\/\/dev.eliassen.nl\/de\/zieragave-60cm\/#primaryimage\",\"url\":\"https:\/\/dev.eliassen.nl\/wp-content\/uploads\/2024\/01\/71700agave60_2nd.jpg\",\"contentUrl\":\"https:\/\/dev.eliassen.nl\/wp-content\/uploads\/2024\/01\/71700agave60_2nd.jpg\",\"width\":2048,\"height\":1365,\"caption\":\"71700AGAVE60\"},{\"@type\":\"BreadcrumbList\",\"@id\":\"https:\/\/dev.eliassen.nl\/de\/zieragave-60cm\/#breadcrumb\",\"itemListElement\":[{\"@type\":\"ListItem\",\"position\":1,\"name\":\"Home\",\"item\":\"https:\/\/dev.eliassen.nl\/de\/\"},{\"@type\":\"ListItem\",\"position\":2,\"name\":\"Shop\",\"item\":\"https:\/\/dev.eliassen.nl\/nl\/winkel\/\"},{\"@type\":\"ListItem\",\"position\":3,\"name\":\"Weitere Artikel\",\"item\":\"https:\/\/dev.eliassen.nl\/de\/weitere-artikel\/\"},{\"@type\":\"ListItem\",\"position\":4,\"name\":\"Sonstig\",\"item\":\"https:\/\/dev.eliassen.nl\/de\/garten-andere\/sonstig\/\"},{\"@type\":\"ListItem\",\"position\":5,\"name\":\"Zieragave 60cm\"}]},{\"@type\":\"WebSite\",\"@id\":\"https:\/\/dev.eliassen.nl\/de\/#website\",\"url\":\"https:\/\/dev.eliassen.nl\/de\/\",\"name\":\"Eliassen Home & Garden Pleasure\",\"description\":\"\",\"publisher\":{\"@id\":\"https:\/\/dev.eliassen.nl\/de\/#organization\"},\"alternateName\":\"Eliassen.nl\",\"potentialAction\":[{\"@type\":\"SearchAction\",\"target\":{\"@type\":\"EntryPoint\",\"urlTemplate\":\"https:\/\/dev.eliassen.nl\/de\/?s={search_term_string}\"},\"query-input\":{\"@type\":\"PropertyValueSpecification\",\"valueRequired\":true,\"valueName\":\"search_term_string\"}}],\"inLanguage\":\"de\"},{\"@type\":\"Organization\",\"@id\":\"https:\/\/dev.eliassen.nl\/de\/#organization\",\"name\":\"Eliassen Home & Garden Pleasure\",\"url\":\"https:\/\/dev.eliassen.nl\/de\/\",\"logo\":{\"@type\":\"ImageObject\",\"inLanguage\":\"de\",\"@id\":\"https:\/\/dev.eliassen.nl\/de\/#\/schema\/logo\/image\/\",\"url\":\"https:\/\/www.eliassen.nl\/wp-content\/uploads\/2024\/01\/logo_4nd.jpg\",\"contentUrl\":\"https:\/\/www.eliassen.nl\/wp-content\/uploads\/2024\/01\/logo_4nd.jpg\",\"width\":500,\"height\":500,\"caption\":\"Eliassen Home & Garden Pleasure\"},\"image\":{\"@id\":\"https:\/\/dev.eliassen.nl\/de\/#\/schema\/logo\/image\/\"},\"sameAs\":[\"https:\/\/www.facebook.com\/TuincentrumEliassenAmmerzoden\",\"https:\/\/www.instagram.com\/eliassenhomeandgarden\/\",\"https:\/\/nl.pinterest.com\/eliassenhomeandgarden\/\",\"https:\/\/www.youtube.com\/@eliassenhomegardenpleasure4558\"]}]}<\/script>\n<!-- \/ Yoast SEO plugin. -->","yoast_head_json":{"title":"Zieragave 60cm","robots":{"index":"noindex","follow":"follow","max-snippet":"max-snippet:-1","max-image-preview":"max-image-preview:large","max-video-preview":"max-video-preview:-1"},"og_locale":"de_DE","og_type":"article","og_title":"Zieragave 60cm","og_description":"Ornament in Form einer Agavenpflanze. Das lose Ornament hat einen Durchmesser von 60 cm und eine H\u00f6he von 40 cm. Ein sch\u00f6ner Hingucker ist der Garten, egal ob innerhalb oder au\u00dferhalb Ihres Unternehmens. Nirgendwo anders zu verkaufen.Farbe kann vom Foto abweichen. nirgendwo anders zu verkaufen Material: unbehandeltes Eisen, 2mm dick Gr\u00f6\u00dfe: 60cm Durchmesser und 30cm &hellip;","og_url":"https:\/\/dev.eliassen.nl\/de\/zieragave-60cm\/","og_site_name":"Eliassen.nl","article_publisher":"https:\/\/www.facebook.com\/TuincentrumEliassenAmmerzoden","article_modified_time":"2023-03-01T15:33:11+00:00","og_image":[{"width":2048,"height":1365,"url":"https:\/\/dev.eliassen.nl\/wp-content\/uploads\/2024\/01\/71700agave60_2nd.jpg","type":"image\/jpeg"}],"twitter_card":"summary_large_image","schema":{"@context":"https:\/\/schema.org","@graph":[{"@type":"WebPage","@id":"https:\/\/dev.eliassen.nl\/de\/zieragave-60cm\/","url":"https:\/\/dev.eliassen.nl\/de\/zieragave-60cm\/","name":"Zieragave 60cm","isPartOf":{"@id":"https:\/\/dev.eliassen.nl\/de\/#website"},"primaryImageOfPage":{"@id":"https:\/\/dev.eliassen.nl\/de\/zieragave-60cm\/#primaryimage"},"image":{"@id":"https:\/\/dev.eliassen.nl\/de\/zieragave-60cm\/#primaryimage"},"thumbnailUrl":"https:\/\/dev.eliassen.nl\/wp-content\/uploads\/2024\/01\/71700agave60_2nd.jpg","datePublished":"2021-06-04T06:33:08+00:00","dateModified":"2023-03-01T15:33:11+00:00","breadcrumb":{"@id":"https:\/\/dev.eliassen.nl\/de\/zieragave-60cm\/#breadcrumb"},"inLanguage":"de","potentialAction":[{"@type":"ReadAction","target":["https:\/\/dev.eliassen.nl\/de\/zieragave-60cm\/"]}]},{"@type":"ImageObject","inLanguage":"de","@id":"https:\/\/dev.eliassen.nl\/de\/zieragave-60cm\/#primaryimage","url":"https:\/\/dev.eliassen.nl\/wp-content\/uploads\/2024\/01\/71700agave60_2nd.jpg","contentUrl":"https:\/\/dev.eliassen.nl\/wp-content\/uploads\/2024\/01\/71700agave60_2nd.jpg","width":2048,"height":1365,"caption":"71700AGAVE60"},{"@type":"BreadcrumbList","@id":"https:\/\/dev.eliassen.nl\/de\/zieragave-60cm\/#breadcrumb","itemListElement":[{"@type":"ListItem","position":1,"name":"Home","item":"https:\/\/dev.eliassen.nl\/de\/"},{"@type":"ListItem","position":2,"name":"Shop","item":"https:\/\/dev.eliassen.nl\/nl\/winkel\/"},{"@type":"ListItem","position":3,"name":"Weitere Artikel","item":"https:\/\/dev.eliassen.nl\/de\/weitere-artikel\/"},{"@type":"ListItem","position":4,"name":"Sonstig","item":"https:\/\/dev.eliassen.nl\/de\/garten-andere\/sonstig\/"},{"@type":"ListItem","position":5,"name":"Zieragave 60cm"}]},{"@type":"WebSite","@id":"https:\/\/dev.eliassen.nl\/de\/#website","url":"https:\/\/dev.eliassen.nl\/de\/","name":"Eliassen Home & Garden Pleasure","description":"","publisher":{"@id":"https:\/\/dev.eliassen.nl\/de\/#organization"},"alternateName":"Eliassen.nl","potentialAction":[{"@type":"SearchAction","target":{"@type":"EntryPoint","urlTemplate":"https:\/\/dev.eliassen.nl\/de\/?s={search_term_string}"},"query-input":{"@type":"PropertyValueSpecification","valueRequired":true,"valueName":"search_term_string"}}],"inLanguage":"de"},{"@type":"Organization","@id":"https:\/\/dev.eliassen.nl\/de\/#organization","name":"Eliassen Home & Garden Pleasure","url":"https:\/\/dev.eliassen.nl\/de\/","logo":{"@type":"ImageObject","inLanguage":"de","@id":"https:\/\/dev.eliassen.nl\/de\/#\/schema\/logo\/image\/","url":"https:\/\/www.eliassen.nl\/wp-content\/uploads\/2024\/01\/logo_4nd.jpg","contentUrl":"https:\/\/www.eliassen.nl\/wp-content\/uploads\/2024\/01\/logo_4nd.jpg","width":500,"height":500,"caption":"Eliassen Home & Garden Pleasure"},"image":{"@id":"https:\/\/dev.eliassen.nl\/de\/#\/schema\/logo\/image\/"},"sameAs":["https:\/\/www.facebook.com\/TuincentrumEliassenAmmerzoden","https:\/\/www.instagram.com\/eliassenhomeandgarden\/","https:\/\/nl.pinterest.com\/eliassenhomeandgarden\/","https:\/\/www.youtube.com\/@eliassenhomegardenpleasure4558"]}]}},"df_price":289,"df_sale_price":"","df_regular_price":289,"df_image_link":"https:\/\/dev.eliassen.nl\/wp-content\/uploads\/2024\/01\/71700agave60_2nd.jpg","image":"https:\/\/dev.eliassen.nl\/wp-content\/uploads\/2024\/01\/71700agave60_2nd.jpg","price_search":"<span class=\"woocommerce-Price-amount amount\"><bdi><span class=\"woocommerce-Price-currencySymbol\">&euro;<\/span>&nbsp;289,00<\/bdi><\/span>","category":"Dekoration aus Metall","_links":{"self":[{"href":"https:\/\/dev.eliassen.nl\/de\/wp-json\/wp\/v2\/product\/51199","targetHints":{"allow":["GET"]}}],"collection":[{"href":"https:\/\/dev.eliassen.nl\/de\/wp-json\/wp\/v2\/product"}],"about":[{"href":"https:\/\/dev.eliassen.nl\/de\/wp-json\/wp\/v2\/types\/product"}],"wp:featuredmedia":[{"embeddable":true,"href":"https:\/\/dev.eliassen.nl\/de\/wp-json\/wp\/v2\/media\/51184"}],"wp:attachment":[{"href":"https:\/\/dev.eliassen.nl\/de\/wp-json\/wp\/v2\/media?parent=51199"}],"wp:term":[{"taxonomy":"product_brand","embeddable":true,"href":"https:\/\/dev.eliassen.nl\/de\/wp-json\/wp\/v2\/product_brand?post=51199"},{"taxonomy":"product_cat","embeddable":true,"href":"https:\/\/dev.eliassen.nl\/de\/wp-json\/wp\/v2\/product_cat?post=51199"},{"taxonomy":"product_tag","embeddable":true,"href":"https:\/\/dev.eliassen.nl\/de\/wp-json\/wp\/v2\/product_tag?post=51199"}],"curies":[{"name":"wp","href":"https:\/\/api.w.org\/{rel}","templated":true}]}}