{"id":51334,"date":"2021-06-10T17:00:59","date_gmt":"2021-06-10T15:00:59","guid":{"rendered":"https:\/\/www.eliassen.nl\/?product=fontein-tango-145cm"},"modified":"2024-12-05T15:50:37","modified_gmt":"2024-12-05T14:50:37","slug":"wasserbrunnen-frau-und-mann-tango-145cm","status":"publish","type":"product","link":"https:\/\/dev.eliassen.nl\/de\/wasserbrunnen-frau-und-mann-tango-145cm\/","title":{"rendered":"Wasserbrunnen Frau und Mann Tango 145cm"},"content":{"rendered":"<p><iframe loading=\"lazy\" src=\"\/\/www.youtube.com\/embed\/Z8cQChn3GiY\" width=\"300\" height=\"168\" allowfullscreen=\"allowfullscreen\"><\/iframe><video controls=\"controls\" width=\"300\" height=\"150\"><source src=\"https:\/\/cdn.webshopapp.com\/shops\/289658\/files\/417153992\/eliassen-water-fontein-vrouw-en-man-tango-145cm.mp4\" type=\"video\/mp4\" \/><\/video><video controls=\"controls\" width=\"300\" height=\"150\"><source src=\"https:\/\/cdn.webshopapp.com\/shops\/289658\/files\/444301997\/water-fontein-vrouw-en-man-tango-145cm-eliassen.mp4\" type=\"video\/mp4\" \/><\/video><br \/>Ein robuster Wasserbrunnen, der \u00fcberall aufgestellt werden kann. Hergestellt aus starkem und farbechtem Polyresin. Sie k\u00f6nnen dieses Modell \u00fcberall aufstellen, da dieses Modell autark ist, da sich der Wasservorrat im Boden des Brunnens befindet.<\/p>\n<p>Nutzen Sie diesen Wasserbrunnen drinnen, drau\u00dfen oder im B\u00fcro und genie\u00dfen Sie das beruhigende Ger\u00e4usch pl\u00e4tschernden Wassers, w\u00e4hrend gleichzeitig die Luftfeuchtigkeit f\u00fcr ein optimales Wohn- oder Arbeitsklima erh\u00f6ht wird.<\/p>\n<p><strong>Dieses Modell steht nirgendwo anders zum Verkauf und kann auch in unserem Showroom besichtigt werden.<\/strong><\/p>\n<ul>\n<li>Gr\u00f6\u00dfe: 46x25x145cm hoch<\/li>\n<li>widerspricht<\/li>\n<li>Nicht bemaltes Modell, das Material selbst hat diese Farbe<\/li>\n<li>Ausgestattet mit Pumpe und 2 LED-Leuchten in warmwei\u00dfer Lichtfarbe, Kabel 10 Meter lang<\/li>\n<li>Garantie 1 Jahr, ausgenommen Pumpendurchbrennen aufgrund von Trockenlauf<\/li>\n<li>Dieses Modell zeigt den Wasserlauf von einer Seite<\/li>\n<li>Nirgendwo anders zu verkaufen, eigenes Modell.<\/li>\n<\/ul>\n","protected":false},"excerpt":{"rendered":"<p>Ein robuster Wasserbrunnen, der \u00fcberall aufgestellt werden kann. Hergestellt aus starkem und farbechtem Polyresin. Sie k\u00f6nnen dieses Modell \u00fcberall aufstellen, da dieses Modell autark ist, da sich der Wasservorrat im Boden des Brunnens befindet. Nutzen Sie diesen Wasserbrunnen drinnen, drau\u00dfen oder im B\u00fcro und genie\u00dfen Sie das beruhigende Ger\u00e4usch pl\u00e4tschernden Wassers, w\u00e4hrend gleichzeitig die Luftfeuchtigkeit &hellip;<\/p>\n","protected":false},"featured_media":51319,"template":"","meta":{"_acf_changed":false},"product_brand":[6916],"product_cat":[596,539,599,548,536,542,581,602],"product_tag":[],"class_list":{"0":"post-51334","1":"product","2":"type-product","3":"status-publish","4":"has-post-thumbnail","6":"product_brand-eliassen-de","7":"product_cat-auslass-fuer-wasserspiele","8":"product_cat-einzigartige-eigene-modelle-von-losen-wasserspiele","9":"product_cat-guenstige-wasserspiele","10":"product_cat-terrassenbrunnen","11":"product_cat-wassereigenschaften","12":"product_cat-wasserspiele-am-ausgang","13":"product_cat-wasserspiele-aus-kunststoff","14":"product_cat-zimmerbrunnen","16":"first","17":"instock","18":"taxable","19":"shipping-taxable","20":"purchasable","21":"product-type-simple"},"acf":[],"yoast_head":"<!-- This site is optimized with the Yoast SEO plugin v23.8 - https:\/\/yoast.com\/wordpress\/plugins\/seo\/ -->\n<title>Wasserbrunnen Frau und Mann | 145cm | Einzigartiges Modell!<\/title>\n<meta name=\"description\" content=\"Wasserbrunnen Frau und Mann, ein stilvoller Outdoor-Brunnen, den es nur bei uns gibt, ein EINZIGARTIGES Modell. F\u00fcr drinnen und drau\u00dfen. LIVE zu sehen!\" \/>\n<meta name=\"robots\" content=\"noindex, follow, max-snippet:-1, max-image-preview:large, max-video-preview:-1\" \/>\n<meta property=\"og:locale\" content=\"de_DE\" \/>\n<meta property=\"og:type\" content=\"article\" \/>\n<meta property=\"og:title\" content=\"Wasserbrunnen Frau und Mann | 145cm | Einzigartiges Modell!\" \/>\n<meta property=\"og:description\" content=\"Wasserbrunnen Frau und Mann, ein stilvoller Outdoor-Brunnen, den es nur bei uns gibt, ein EINZIGARTIGES Modell. F\u00fcr drinnen und drau\u00dfen. LIVE zu sehen!\" \/>\n<meta property=\"og:url\" content=\"https:\/\/dev.eliassen.nl\/de\/wasserbrunnen-frau-und-mann-tango-145cm\/\" \/>\n<meta property=\"og:site_name\" content=\"Eliassen.nl\" \/>\n<meta property=\"article:publisher\" content=\"https:\/\/www.facebook.com\/TuincentrumEliassenAmmerzoden\" \/>\n<meta property=\"article:modified_time\" content=\"2024-12-05T14:50:37+00:00\" \/>\n<meta property=\"og:image\" content=\"https:\/\/dev.eliassen.nl\/wp-content\/uploads\/2024\/01\/waterfonteinvrouwenmantango145cmeliassenn.jpg\" \/>\n\t<meta property=\"og:image:width\" content=\"851\" \/>\n\t<meta property=\"og:image:height\" content=\"1488\" \/>\n\t<meta property=\"og:image:type\" content=\"image\/jpeg\" \/>\n<meta name=\"twitter:card\" content=\"summary_large_image\" \/>\n<script type=\"application\/ld+json\" class=\"yoast-schema-graph\">{\"@context\":\"https:\/\/schema.org\",\"@graph\":[{\"@type\":\"WebPage\",\"@id\":\"https:\/\/dev.eliassen.nl\/de\/wasserbrunnen-frau-und-mann-tango-145cm\/\",\"url\":\"https:\/\/dev.eliassen.nl\/de\/wasserbrunnen-frau-und-mann-tango-145cm\/\",\"name\":\"Wasserbrunnen Frau und Mann | 145cm | Einzigartiges Modell!\",\"isPartOf\":{\"@id\":\"https:\/\/dev.eliassen.nl\/de\/#website\"},\"primaryImageOfPage\":{\"@id\":\"https:\/\/dev.eliassen.nl\/de\/wasserbrunnen-frau-und-mann-tango-145cm\/#primaryimage\"},\"image\":{\"@id\":\"https:\/\/dev.eliassen.nl\/de\/wasserbrunnen-frau-und-mann-tango-145cm\/#primaryimage\"},\"thumbnailUrl\":\"https:\/\/dev.eliassen.nl\/wp-content\/uploads\/2024\/01\/waterfonteinvrouwenmantango145cmeliassenn.jpg\",\"datePublished\":\"2021-06-10T15:00:59+00:00\",\"dateModified\":\"2024-12-05T14:50:37+00:00\",\"description\":\"Wasserbrunnen Frau und Mann, ein stilvoller Outdoor-Brunnen, den es nur bei uns gibt, ein EINZIGARTIGES Modell. F\u00fcr drinnen und drau\u00dfen. LIVE zu sehen!\",\"breadcrumb\":{\"@id\":\"https:\/\/dev.eliassen.nl\/de\/wasserbrunnen-frau-und-mann-tango-145cm\/#breadcrumb\"},\"inLanguage\":\"de\",\"potentialAction\":[{\"@type\":\"ReadAction\",\"target\":[\"https:\/\/dev.eliassen.nl\/de\/wasserbrunnen-frau-und-mann-tango-145cm\/\"]}]},{\"@type\":\"ImageObject\",\"inLanguage\":\"de\",\"@id\":\"https:\/\/dev.eliassen.nl\/de\/wasserbrunnen-frau-und-mann-tango-145cm\/#primaryimage\",\"url\":\"https:\/\/dev.eliassen.nl\/wp-content\/uploads\/2024\/01\/waterfonteinvrouwenmantango145cmeliassenn.jpg\",\"contentUrl\":\"https:\/\/dev.eliassen.nl\/wp-content\/uploads\/2024\/01\/waterfonteinvrouwenmantango145cmeliassenn.jpg\",\"width\":851,\"height\":1488,\"caption\":\"Water fontein vrouw en man Tango 145cm - Eliassen.nl\"},{\"@type\":\"BreadcrumbList\",\"@id\":\"https:\/\/dev.eliassen.nl\/de\/wasserbrunnen-frau-und-mann-tango-145cm\/#breadcrumb\",\"itemListElement\":[{\"@type\":\"ListItem\",\"position\":1,\"name\":\"Home\",\"item\":\"https:\/\/dev.eliassen.nl\/de\/\"},{\"@type\":\"ListItem\",\"position\":2,\"name\":\"Shop\",\"item\":\"https:\/\/dev.eliassen.nl\/nl\/winkel\/\"},{\"@type\":\"ListItem\",\"position\":3,\"name\":\"Wasserspiele\",\"item\":\"https:\/\/dev.eliassen.nl\/de\/wassereigenschaften\/\"},{\"@type\":\"ListItem\",\"position\":4,\"name\":\"Auslass f\u00fcr Wasserspiele\",\"item\":\"https:\/\/dev.eliassen.nl\/de\/wassereigenschaften\/auslass-fuer-wasserspiele\/\"},{\"@type\":\"ListItem\",\"position\":5,\"name\":\"Wasserbrunnen Frau und Mann Tango 145cm\"}]},{\"@type\":\"WebSite\",\"@id\":\"https:\/\/dev.eliassen.nl\/de\/#website\",\"url\":\"https:\/\/dev.eliassen.nl\/de\/\",\"name\":\"Eliassen Home & Garden Pleasure\",\"description\":\"\",\"publisher\":{\"@id\":\"https:\/\/dev.eliassen.nl\/de\/#organization\"},\"alternateName\":\"Eliassen.nl\",\"potentialAction\":[{\"@type\":\"SearchAction\",\"target\":{\"@type\":\"EntryPoint\",\"urlTemplate\":\"https:\/\/dev.eliassen.nl\/de\/?s={search_term_string}\"},\"query-input\":{\"@type\":\"PropertyValueSpecification\",\"valueRequired\":true,\"valueName\":\"search_term_string\"}}],\"inLanguage\":\"de\"},{\"@type\":\"Organization\",\"@id\":\"https:\/\/dev.eliassen.nl\/de\/#organization\",\"name\":\"Eliassen Home & Garden Pleasure\",\"url\":\"https:\/\/dev.eliassen.nl\/de\/\",\"logo\":{\"@type\":\"ImageObject\",\"inLanguage\":\"de\",\"@id\":\"https:\/\/dev.eliassen.nl\/de\/#\/schema\/logo\/image\/\",\"url\":\"https:\/\/www.eliassen.nl\/wp-content\/uploads\/2024\/01\/logo_4nd.jpg\",\"contentUrl\":\"https:\/\/www.eliassen.nl\/wp-content\/uploads\/2024\/01\/logo_4nd.jpg\",\"width\":500,\"height\":500,\"caption\":\"Eliassen Home & Garden Pleasure\"},\"image\":{\"@id\":\"https:\/\/dev.eliassen.nl\/de\/#\/schema\/logo\/image\/\"},\"sameAs\":[\"https:\/\/www.facebook.com\/TuincentrumEliassenAmmerzoden\",\"https:\/\/www.instagram.com\/eliassenhomeandgarden\/\",\"https:\/\/nl.pinterest.com\/eliassenhomeandgarden\/\",\"https:\/\/www.youtube.com\/@eliassenhomegardenpleasure4558\"]}]}<\/script>\n<!-- \/ Yoast SEO plugin. -->","yoast_head_json":{"title":"Wasserbrunnen Frau und Mann | 145cm | Einzigartiges Modell!","description":"Wasserbrunnen Frau und Mann, ein stilvoller Outdoor-Brunnen, den es nur bei uns gibt, ein EINZIGARTIGES Modell. F\u00fcr drinnen und drau\u00dfen. LIVE zu sehen!","robots":{"index":"noindex","follow":"follow","max-snippet":"max-snippet:-1","max-image-preview":"max-image-preview:large","max-video-preview":"max-video-preview:-1"},"og_locale":"de_DE","og_type":"article","og_title":"Wasserbrunnen Frau und Mann | 145cm | Einzigartiges Modell!","og_description":"Wasserbrunnen Frau und Mann, ein stilvoller Outdoor-Brunnen, den es nur bei uns gibt, ein EINZIGARTIGES Modell. F\u00fcr drinnen und drau\u00dfen. LIVE zu sehen!","og_url":"https:\/\/dev.eliassen.nl\/de\/wasserbrunnen-frau-und-mann-tango-145cm\/","og_site_name":"Eliassen.nl","article_publisher":"https:\/\/www.facebook.com\/TuincentrumEliassenAmmerzoden","article_modified_time":"2024-12-05T14:50:37+00:00","og_image":[{"width":851,"height":1488,"url":"https:\/\/dev.eliassen.nl\/wp-content\/uploads\/2024\/01\/waterfonteinvrouwenmantango145cmeliassenn.jpg","type":"image\/jpeg"}],"twitter_card":"summary_large_image","schema":{"@context":"https:\/\/schema.org","@graph":[{"@type":"WebPage","@id":"https:\/\/dev.eliassen.nl\/de\/wasserbrunnen-frau-und-mann-tango-145cm\/","url":"https:\/\/dev.eliassen.nl\/de\/wasserbrunnen-frau-und-mann-tango-145cm\/","name":"Wasserbrunnen Frau und Mann | 145cm | Einzigartiges Modell!","isPartOf":{"@id":"https:\/\/dev.eliassen.nl\/de\/#website"},"primaryImageOfPage":{"@id":"https:\/\/dev.eliassen.nl\/de\/wasserbrunnen-frau-und-mann-tango-145cm\/#primaryimage"},"image":{"@id":"https:\/\/dev.eliassen.nl\/de\/wasserbrunnen-frau-und-mann-tango-145cm\/#primaryimage"},"thumbnailUrl":"https:\/\/dev.eliassen.nl\/wp-content\/uploads\/2024\/01\/waterfonteinvrouwenmantango145cmeliassenn.jpg","datePublished":"2021-06-10T15:00:59+00:00","dateModified":"2024-12-05T14:50:37+00:00","description":"Wasserbrunnen Frau und Mann, ein stilvoller Outdoor-Brunnen, den es nur bei uns gibt, ein EINZIGARTIGES Modell. F\u00fcr drinnen und drau\u00dfen. LIVE zu sehen!","breadcrumb":{"@id":"https:\/\/dev.eliassen.nl\/de\/wasserbrunnen-frau-und-mann-tango-145cm\/#breadcrumb"},"inLanguage":"de","potentialAction":[{"@type":"ReadAction","target":["https:\/\/dev.eliassen.nl\/de\/wasserbrunnen-frau-und-mann-tango-145cm\/"]}]},{"@type":"ImageObject","inLanguage":"de","@id":"https:\/\/dev.eliassen.nl\/de\/wasserbrunnen-frau-und-mann-tango-145cm\/#primaryimage","url":"https:\/\/dev.eliassen.nl\/wp-content\/uploads\/2024\/01\/waterfonteinvrouwenmantango145cmeliassenn.jpg","contentUrl":"https:\/\/dev.eliassen.nl\/wp-content\/uploads\/2024\/01\/waterfonteinvrouwenmantango145cmeliassenn.jpg","width":851,"height":1488,"caption":"Water fontein vrouw en man Tango 145cm - Eliassen.nl"},{"@type":"BreadcrumbList","@id":"https:\/\/dev.eliassen.nl\/de\/wasserbrunnen-frau-und-mann-tango-145cm\/#breadcrumb","itemListElement":[{"@type":"ListItem","position":1,"name":"Home","item":"https:\/\/dev.eliassen.nl\/de\/"},{"@type":"ListItem","position":2,"name":"Shop","item":"https:\/\/dev.eliassen.nl\/nl\/winkel\/"},{"@type":"ListItem","position":3,"name":"Wasserspiele","item":"https:\/\/dev.eliassen.nl\/de\/wassereigenschaften\/"},{"@type":"ListItem","position":4,"name":"Auslass f\u00fcr Wasserspiele","item":"https:\/\/dev.eliassen.nl\/de\/wassereigenschaften\/auslass-fuer-wasserspiele\/"},{"@type":"ListItem","position":5,"name":"Wasserbrunnen Frau und Mann Tango 145cm"}]},{"@type":"WebSite","@id":"https:\/\/dev.eliassen.nl\/de\/#website","url":"https:\/\/dev.eliassen.nl\/de\/","name":"Eliassen Home & Garden Pleasure","description":"","publisher":{"@id":"https:\/\/dev.eliassen.nl\/de\/#organization"},"alternateName":"Eliassen.nl","potentialAction":[{"@type":"SearchAction","target":{"@type":"EntryPoint","urlTemplate":"https:\/\/dev.eliassen.nl\/de\/?s={search_term_string}"},"query-input":{"@type":"PropertyValueSpecification","valueRequired":true,"valueName":"search_term_string"}}],"inLanguage":"de"},{"@type":"Organization","@id":"https:\/\/dev.eliassen.nl\/de\/#organization","name":"Eliassen Home & Garden Pleasure","url":"https:\/\/dev.eliassen.nl\/de\/","logo":{"@type":"ImageObject","inLanguage":"de","@id":"https:\/\/dev.eliassen.nl\/de\/#\/schema\/logo\/image\/","url":"https:\/\/www.eliassen.nl\/wp-content\/uploads\/2024\/01\/logo_4nd.jpg","contentUrl":"https:\/\/www.eliassen.nl\/wp-content\/uploads\/2024\/01\/logo_4nd.jpg","width":500,"height":500,"caption":"Eliassen Home & Garden Pleasure"},"image":{"@id":"https:\/\/dev.eliassen.nl\/de\/#\/schema\/logo\/image\/"},"sameAs":["https:\/\/www.facebook.com\/TuincentrumEliassenAmmerzoden","https:\/\/www.instagram.com\/eliassenhomeandgarden\/","https:\/\/nl.pinterest.com\/eliassenhomeandgarden\/","https:\/\/www.youtube.com\/@eliassenhomegardenpleasure4558"]}]}},"df_price":315,"df_sale_price":"","df_regular_price":315,"df_image_link":"https:\/\/dev.eliassen.nl\/wp-content\/uploads\/2024\/01\/waterfonteinvrouwenmantango145cmeliassenn.jpg","image":"https:\/\/dev.eliassen.nl\/wp-content\/uploads\/2024\/01\/waterfonteinvrouwenmantango145cmeliassenn.jpg","price_search":"<span class=\"woocommerce-Price-amount amount\"><bdi><span class=\"woocommerce-Price-currencySymbol\">&euro;<\/span>&nbsp;315,00<\/bdi><\/span>","category":"Auslass f\u00fcr Wasserspiele","_links":{"self":[{"href":"https:\/\/dev.eliassen.nl\/de\/wp-json\/wp\/v2\/product\/51334","targetHints":{"allow":["GET"]}}],"collection":[{"href":"https:\/\/dev.eliassen.nl\/de\/wp-json\/wp\/v2\/product"}],"about":[{"href":"https:\/\/dev.eliassen.nl\/de\/wp-json\/wp\/v2\/types\/product"}],"wp:featuredmedia":[{"embeddable":true,"href":"https:\/\/dev.eliassen.nl\/de\/wp-json\/wp\/v2\/media\/51319"}],"wp:attachment":[{"href":"https:\/\/dev.eliassen.nl\/de\/wp-json\/wp\/v2\/media?parent=51334"}],"wp:term":[{"taxonomy":"product_brand","embeddable":true,"href":"https:\/\/dev.eliassen.nl\/de\/wp-json\/wp\/v2\/product_brand?post=51334"},{"taxonomy":"product_cat","embeddable":true,"href":"https:\/\/dev.eliassen.nl\/de\/wp-json\/wp\/v2\/product_cat?post=51334"},{"taxonomy":"product_tag","embeddable":true,"href":"https:\/\/dev.eliassen.nl\/de\/wp-json\/wp\/v2\/product_tag?post=51334"}],"curies":[{"name":"wp","href":"https:\/\/api.w.org\/{rel}","templated":true}]}}