{"id":51484,"date":"2021-06-11T11:39:02","date_gmt":"2021-06-11T09:39:02","guid":{"rendered":"https:\/\/www.eliassen.nl\/?product=waterschaal-cortenstaal-met-waterloop-100cm"},"modified":"2024-12-05T15:50:43","modified_gmt":"2024-12-05T14:50:43","slug":"wassernapf-cortenstahl-mit-wasserlauf-100cm","status":"publish","type":"product","link":"https:\/\/dev.eliassen.nl\/de\/wassernapf-cortenstahl-mit-wasserlauf-100cm\/","title":{"rendered":"Wassernapf stahl mit Wasserlauf 100cm"},"content":{"rendered":"<p><video controls=\"controls\" width=\"500\" height=\"250\"><source src=\"https:\/\/cdn.webshopapp.com\/shops\/289658\/files\/435611017\/waterschaal-cortenstaal-met-waterloop-eliassennl-v.mp4\" type=\"video\/mp4\" \/><\/video><br \/><iframe loading=\"lazy\" src=\"\/\/www.youtube.com\/embed\/XONiyDzKTTY\" width=\"500\" height=\"250\" allowfullscreen=\"allowfullscreen\"><\/iframe><br \/><img decoding=\"async\" src=\"https:\/\/www.eliassen.nl\/wp-content\/uploads\/content\/waterschalen-offerte-2024.jpg\" alt=\"\" width=\"938\" height=\"538\" \/><\/p>\n<p><strong>Dies ist eine lose Verzierung. Sehen Sie hier, welche zus\u00e4tzlichen Teile je Gr\u00f6\u00dfe ben\u00f6tigt werden.<br \/>Auch ein ma\u00dfgeschneidertes Angebot mit abweichenden Anforderungen ist m\u00f6glich, bitte kontaktieren Sie uns. Kontaktieren Sie uns auch f\u00fcr die Kombination mehrerer Varianten.<\/strong><\/p>\n<p><strong>Oben sehen Sie, wie viele Dekosteine wir pro Sch\u00fcsselgr\u00f6\u00dfe empfehlen. Diese finden Sie <span style=\"color: #0000ff;\"><a style=\"color: #0000ff;\" href=\"https:\/\/www.eliassen.nl\/nl\/tuin-overig\/sierstenen\/\">hier<\/a><\/span> .<br \/><span style=\"color: #0000ff;\"><a style=\"color: #0000ff;\" href=\"https:\/\/www.eliassen.nl\/nl\/waterornamenten\/onderdelen-waterornamenten\/\">Hier<\/a><\/span> sind Strahler zur Beleuchtung der Wasserschale zu sehen.<\/strong><\/p>\n<p>Mit dieser Wasserschale mit 100 cm Durchmesser k\u00f6nnen Sie die sch\u00f6nsten Wasserkreationen in Ihrem Garten herstellen. Platzierung direkt auf einem Gitter, oder auf einem Sockel, oder mit mehreren Tabletts, oder mehreren Tabletts auf unterschiedlichen S\u00e4ulenh\u00f6hen, alles ist m\u00f6glich. Diese Bachlaufschalen gibt es in 3 Gr\u00f6\u00dfen; 60,80 und 100 cm.<\/p>\n<p>Cortenstahl hat die Eigenschaft, eine Rostschicht zu bilden, die gleichzeitig als Schutz f\u00fcr die untere Schicht dient. Ein Durchrosten ist somit ausgeschlossen, was Cortenstahl zu einer der langlebigsten Stahlsorten macht. Modelle aus Cortenstahl werden als blankes Eisen geliefert, die Rostbildung ist nach ca. 4-6 Monaten abgeschlossen, danach ist der Rost nicht mehr sichtbar. Achten Sie am Anfang auf Ihre Zierpflasterung.<\/p>\n<p>Sie k\u00f6nnen den Rostprozess beschleunigen, wenn Sie dem Wasser Salz hinzuf\u00fcgen.<\/p>\n<p><strong>Wir haben diese Wassern\u00e4pfe im Ausstellungsraum!<\/strong><\/p>\n<ul>\n<li>Material: 2 mm Cortenstahl<\/li>\n<li>Gr\u00f6\u00dfe: Durchmesser 100 cm, H\u00f6he 21 cm<\/li>\n<li>Garantie: 5 Jahre<\/li>\n<li><strong>Eigener Lagerbestand, nur zum Verkauf bei uns.<\/strong><\/li>\n<li>Schnell geliefert<\/li>\n<li><strong>Kostenloser Versand innerhalb der Niederlande.<\/strong><\/li>\n<\/ul>\n<p><strong>Weitere Fotos folgen<\/strong><\/p>\n","protected":false},"excerpt":{"rendered":"<p>Dies ist eine lose Verzierung. Erkundigen Sie sich nach den weiteren ben\u00f6tigten Teilen. Oder entscheiden Sie sich f\u00fcr ein Standardset mit beliebigen Dekosteinen und Beleuchtung (siehe Beschreibung)<\/p>\n","protected":false},"featured_media":51451,"template":"","meta":{"_acf_changed":false},"product_brand":[],"product_cat":[539,551,578,560,536],"product_tag":[],"class_list":{"0":"post-51484","1":"product","2":"type-product","3":"status-publish","4":"has-post-thumbnail","6":"product_cat-einzigartige-eigene-modelle-von-losen-wasserspiele","7":"product_cat-lose-wasserspiele","8":"product_cat-wasserfaelle-und-wasserschalen","9":"product_cat-wasserschalen-aus-crea-bloecken-von-creastone","10":"product_cat-wassereigenschaften","12":"first","13":"instock","14":"taxable","15":"shipping-taxable","16":"purchasable","17":"product-type-simple"},"acf":[],"yoast_head":"<!-- This site is optimized with the Yoast SEO plugin v23.8 - https:\/\/yoast.com\/wordpress\/plugins\/seo\/ -->\n<title>Wasserschale Cortenstahl mit Wasserlauf | 100cm | Eliassen<\/title>\n<meta name=\"description\" content=\"Wundersch\u00f6ner Wassernapf aus Cortenstahl f\u00fcr den Garten. Nur bei uns zu verkaufen! \u221a Garantie: 5 Jahre \u221a Sehen Sie sich mehr als 300 Wasserelemente LIVE in u...\" \/>\n<meta name=\"robots\" content=\"noindex, follow, max-snippet:-1, max-image-preview:large, max-video-preview:-1\" \/>\n<meta property=\"og:locale\" content=\"de_DE\" \/>\n<meta property=\"og:type\" content=\"article\" \/>\n<meta property=\"og:title\" content=\"Wasserschale Cortenstahl mit Wasserlauf | 100cm | Eliassen\" \/>\n<meta property=\"og:description\" content=\"Wundersch\u00f6ner Wassernapf aus Cortenstahl f\u00fcr den Garten. Nur bei uns zu verkaufen! \u221a Garantie: 5 Jahre \u221a Sehen Sie sich mehr als 300 Wasserelemente LIVE in u...\" \/>\n<meta property=\"og:url\" content=\"https:\/\/dev.eliassen.nl\/de\/wassernapf-cortenstahl-mit-wasserlauf-100cm\/\" \/>\n<meta property=\"og:site_name\" content=\"Eliassen.nl\" \/>\n<meta property=\"article:publisher\" content=\"https:\/\/www.facebook.com\/TuincentrumEliassenAmmerzoden\" \/>\n<meta property=\"article:modified_time\" content=\"2024-12-05T14:50:43+00:00\" \/>\n<meta property=\"og:image\" content=\"https:\/\/dev.eliassen.nl\/wp-content\/uploads\/2024\/01\/img2634_3nd.jpg\" \/>\n\t<meta property=\"og:image:width\" content=\"480\" \/>\n\t<meta property=\"og:image:height\" content=\"640\" \/>\n\t<meta property=\"og:image:type\" content=\"image\/jpeg\" \/>\n<meta name=\"twitter:card\" content=\"summary_large_image\" \/>\n<script type=\"application\/ld+json\" class=\"yoast-schema-graph\">{\"@context\":\"https:\/\/schema.org\",\"@graph\":[{\"@type\":\"WebPage\",\"@id\":\"https:\/\/dev.eliassen.nl\/de\/wassernapf-cortenstahl-mit-wasserlauf-100cm\/\",\"url\":\"https:\/\/dev.eliassen.nl\/de\/wassernapf-cortenstahl-mit-wasserlauf-100cm\/\",\"name\":\"Wasserschale Cortenstahl mit Wasserlauf | 100cm | Eliassen\",\"isPartOf\":{\"@id\":\"https:\/\/dev.eliassen.nl\/de\/#website\"},\"primaryImageOfPage\":{\"@id\":\"https:\/\/dev.eliassen.nl\/de\/wassernapf-cortenstahl-mit-wasserlauf-100cm\/#primaryimage\"},\"image\":{\"@id\":\"https:\/\/dev.eliassen.nl\/de\/wassernapf-cortenstahl-mit-wasserlauf-100cm\/#primaryimage\"},\"thumbnailUrl\":\"https:\/\/dev.eliassen.nl\/wp-content\/uploads\/2024\/01\/img2634_3nd.jpg\",\"datePublished\":\"2021-06-11T09:39:02+00:00\",\"dateModified\":\"2024-12-05T14:50:43+00:00\",\"description\":\"Wundersch\u00f6ner Wassernapf aus Cortenstahl f\u00fcr den Garten. Nur bei uns zu verkaufen! \u221a Garantie: 5 Jahre \u221a Sehen Sie sich mehr als 300 Wasserelemente LIVE in u...\",\"breadcrumb\":{\"@id\":\"https:\/\/dev.eliassen.nl\/de\/wassernapf-cortenstahl-mit-wasserlauf-100cm\/#breadcrumb\"},\"inLanguage\":\"de\",\"potentialAction\":[{\"@type\":\"ReadAction\",\"target\":[\"https:\/\/dev.eliassen.nl\/de\/wassernapf-cortenstahl-mit-wasserlauf-100cm\/\"]}]},{\"@type\":\"ImageObject\",\"inLanguage\":\"de\",\"@id\":\"https:\/\/dev.eliassen.nl\/de\/wassernapf-cortenstahl-mit-wasserlauf-100cm\/#primaryimage\",\"url\":\"https:\/\/dev.eliassen.nl\/wp-content\/uploads\/2024\/01\/img2634_3nd.jpg\",\"contentUrl\":\"https:\/\/dev.eliassen.nl\/wp-content\/uploads\/2024\/01\/img2634_3nd.jpg\",\"width\":480,\"height\":640,\"caption\":\"IMG_2634\"},{\"@type\":\"BreadcrumbList\",\"@id\":\"https:\/\/dev.eliassen.nl\/de\/wassernapf-cortenstahl-mit-wasserlauf-100cm\/#breadcrumb\",\"itemListElement\":[{\"@type\":\"ListItem\",\"position\":1,\"name\":\"Home\",\"item\":\"https:\/\/dev.eliassen.nl\/de\/\"},{\"@type\":\"ListItem\",\"position\":2,\"name\":\"Shop\",\"item\":\"https:\/\/dev.eliassen.nl\/nl\/winkel\/\"},{\"@type\":\"ListItem\",\"position\":3,\"name\":\"Wasserspiele\",\"item\":\"https:\/\/dev.eliassen.nl\/de\/wassereigenschaften\/\"},{\"@type\":\"ListItem\",\"position\":4,\"name\":\"Einzigartige eigene Modelle von losen Wasserspielen\",\"item\":\"https:\/\/dev.eliassen.nl\/de\/wassereigenschaften\/einzigartige-eigene-modelle-von-losen-wasserspiele\/\"},{\"@type\":\"ListItem\",\"position\":5,\"name\":\"Wassernapf stahl mit Wasserlauf 100cm\"}]},{\"@type\":\"WebSite\",\"@id\":\"https:\/\/dev.eliassen.nl\/de\/#website\",\"url\":\"https:\/\/dev.eliassen.nl\/de\/\",\"name\":\"Eliassen Home & Garden Pleasure\",\"description\":\"\",\"publisher\":{\"@id\":\"https:\/\/dev.eliassen.nl\/de\/#organization\"},\"alternateName\":\"Eliassen.nl\",\"potentialAction\":[{\"@type\":\"SearchAction\",\"target\":{\"@type\":\"EntryPoint\",\"urlTemplate\":\"https:\/\/dev.eliassen.nl\/de\/?s={search_term_string}\"},\"query-input\":{\"@type\":\"PropertyValueSpecification\",\"valueRequired\":true,\"valueName\":\"search_term_string\"}}],\"inLanguage\":\"de\"},{\"@type\":\"Organization\",\"@id\":\"https:\/\/dev.eliassen.nl\/de\/#organization\",\"name\":\"Eliassen Home & Garden Pleasure\",\"url\":\"https:\/\/dev.eliassen.nl\/de\/\",\"logo\":{\"@type\":\"ImageObject\",\"inLanguage\":\"de\",\"@id\":\"https:\/\/dev.eliassen.nl\/de\/#\/schema\/logo\/image\/\",\"url\":\"https:\/\/www.eliassen.nl\/wp-content\/uploads\/2024\/01\/logo_4nd.jpg\",\"contentUrl\":\"https:\/\/www.eliassen.nl\/wp-content\/uploads\/2024\/01\/logo_4nd.jpg\",\"width\":500,\"height\":500,\"caption\":\"Eliassen Home & Garden Pleasure\"},\"image\":{\"@id\":\"https:\/\/dev.eliassen.nl\/de\/#\/schema\/logo\/image\/\"},\"sameAs\":[\"https:\/\/www.facebook.com\/TuincentrumEliassenAmmerzoden\",\"https:\/\/www.instagram.com\/eliassenhomeandgarden\/\",\"https:\/\/nl.pinterest.com\/eliassenhomeandgarden\/\",\"https:\/\/www.youtube.com\/@eliassenhomegardenpleasure4558\"]}]}<\/script>\n<!-- \/ Yoast SEO plugin. -->","yoast_head_json":{"title":"Wasserschale Cortenstahl mit Wasserlauf | 100cm | Eliassen","description":"Wundersch\u00f6ner Wassernapf aus Cortenstahl f\u00fcr den Garten. Nur bei uns zu verkaufen! \u221a Garantie: 5 Jahre \u221a Sehen Sie sich mehr als 300 Wasserelemente LIVE in u...","robots":{"index":"noindex","follow":"follow","max-snippet":"max-snippet:-1","max-image-preview":"max-image-preview:large","max-video-preview":"max-video-preview:-1"},"og_locale":"de_DE","og_type":"article","og_title":"Wasserschale Cortenstahl mit Wasserlauf | 100cm | Eliassen","og_description":"Wundersch\u00f6ner Wassernapf aus Cortenstahl f\u00fcr den Garten. Nur bei uns zu verkaufen! \u221a Garantie: 5 Jahre \u221a Sehen Sie sich mehr als 300 Wasserelemente LIVE in u...","og_url":"https:\/\/dev.eliassen.nl\/de\/wassernapf-cortenstahl-mit-wasserlauf-100cm\/","og_site_name":"Eliassen.nl","article_publisher":"https:\/\/www.facebook.com\/TuincentrumEliassenAmmerzoden","article_modified_time":"2024-12-05T14:50:43+00:00","og_image":[{"width":480,"height":640,"url":"https:\/\/dev.eliassen.nl\/wp-content\/uploads\/2024\/01\/img2634_3nd.jpg","type":"image\/jpeg"}],"twitter_card":"summary_large_image","schema":{"@context":"https:\/\/schema.org","@graph":[{"@type":"WebPage","@id":"https:\/\/dev.eliassen.nl\/de\/wassernapf-cortenstahl-mit-wasserlauf-100cm\/","url":"https:\/\/dev.eliassen.nl\/de\/wassernapf-cortenstahl-mit-wasserlauf-100cm\/","name":"Wasserschale Cortenstahl mit Wasserlauf | 100cm | Eliassen","isPartOf":{"@id":"https:\/\/dev.eliassen.nl\/de\/#website"},"primaryImageOfPage":{"@id":"https:\/\/dev.eliassen.nl\/de\/wassernapf-cortenstahl-mit-wasserlauf-100cm\/#primaryimage"},"image":{"@id":"https:\/\/dev.eliassen.nl\/de\/wassernapf-cortenstahl-mit-wasserlauf-100cm\/#primaryimage"},"thumbnailUrl":"https:\/\/dev.eliassen.nl\/wp-content\/uploads\/2024\/01\/img2634_3nd.jpg","datePublished":"2021-06-11T09:39:02+00:00","dateModified":"2024-12-05T14:50:43+00:00","description":"Wundersch\u00f6ner Wassernapf aus Cortenstahl f\u00fcr den Garten. Nur bei uns zu verkaufen! \u221a Garantie: 5 Jahre \u221a Sehen Sie sich mehr als 300 Wasserelemente LIVE in u...","breadcrumb":{"@id":"https:\/\/dev.eliassen.nl\/de\/wassernapf-cortenstahl-mit-wasserlauf-100cm\/#breadcrumb"},"inLanguage":"de","potentialAction":[{"@type":"ReadAction","target":["https:\/\/dev.eliassen.nl\/de\/wassernapf-cortenstahl-mit-wasserlauf-100cm\/"]}]},{"@type":"ImageObject","inLanguage":"de","@id":"https:\/\/dev.eliassen.nl\/de\/wassernapf-cortenstahl-mit-wasserlauf-100cm\/#primaryimage","url":"https:\/\/dev.eliassen.nl\/wp-content\/uploads\/2024\/01\/img2634_3nd.jpg","contentUrl":"https:\/\/dev.eliassen.nl\/wp-content\/uploads\/2024\/01\/img2634_3nd.jpg","width":480,"height":640,"caption":"IMG_2634"},{"@type":"BreadcrumbList","@id":"https:\/\/dev.eliassen.nl\/de\/wassernapf-cortenstahl-mit-wasserlauf-100cm\/#breadcrumb","itemListElement":[{"@type":"ListItem","position":1,"name":"Home","item":"https:\/\/dev.eliassen.nl\/de\/"},{"@type":"ListItem","position":2,"name":"Shop","item":"https:\/\/dev.eliassen.nl\/nl\/winkel\/"},{"@type":"ListItem","position":3,"name":"Wasserspiele","item":"https:\/\/dev.eliassen.nl\/de\/wassereigenschaften\/"},{"@type":"ListItem","position":4,"name":"Einzigartige eigene Modelle von losen Wasserspielen","item":"https:\/\/dev.eliassen.nl\/de\/wassereigenschaften\/einzigartige-eigene-modelle-von-losen-wasserspiele\/"},{"@type":"ListItem","position":5,"name":"Wassernapf stahl mit Wasserlauf 100cm"}]},{"@type":"WebSite","@id":"https:\/\/dev.eliassen.nl\/de\/#website","url":"https:\/\/dev.eliassen.nl\/de\/","name":"Eliassen Home & Garden Pleasure","description":"","publisher":{"@id":"https:\/\/dev.eliassen.nl\/de\/#organization"},"alternateName":"Eliassen.nl","potentialAction":[{"@type":"SearchAction","target":{"@type":"EntryPoint","urlTemplate":"https:\/\/dev.eliassen.nl\/de\/?s={search_term_string}"},"query-input":{"@type":"PropertyValueSpecification","valueRequired":true,"valueName":"search_term_string"}}],"inLanguage":"de"},{"@type":"Organization","@id":"https:\/\/dev.eliassen.nl\/de\/#organization","name":"Eliassen Home & Garden Pleasure","url":"https:\/\/dev.eliassen.nl\/de\/","logo":{"@type":"ImageObject","inLanguage":"de","@id":"https:\/\/dev.eliassen.nl\/de\/#\/schema\/logo\/image\/","url":"https:\/\/www.eliassen.nl\/wp-content\/uploads\/2024\/01\/logo_4nd.jpg","contentUrl":"https:\/\/www.eliassen.nl\/wp-content\/uploads\/2024\/01\/logo_4nd.jpg","width":500,"height":500,"caption":"Eliassen Home & Garden Pleasure"},"image":{"@id":"https:\/\/dev.eliassen.nl\/de\/#\/schema\/logo\/image\/"},"sameAs":["https:\/\/www.facebook.com\/TuincentrumEliassenAmmerzoden","https:\/\/www.instagram.com\/eliassenhomeandgarden\/","https:\/\/nl.pinterest.com\/eliassenhomeandgarden\/","https:\/\/www.youtube.com\/@eliassenhomegardenpleasure4558"]}]}},"df_price":269,"df_sale_price":"","df_regular_price":269,"df_image_link":"https:\/\/dev.eliassen.nl\/wp-content\/uploads\/2024\/01\/img2634_3nd.jpg","image":"https:\/\/dev.eliassen.nl\/wp-content\/uploads\/2024\/01\/img2634_3nd.jpg","price_search":"<span class=\"woocommerce-Price-amount amount\"><bdi><span class=\"woocommerce-Price-currencySymbol\">&euro;<\/span>&nbsp;269,00<\/bdi><\/span>","category":"Einzigartige eigene Modelle von losen Wasserspielen","_links":{"self":[{"href":"https:\/\/dev.eliassen.nl\/de\/wp-json\/wp\/v2\/product\/51484","targetHints":{"allow":["GET"]}}],"collection":[{"href":"https:\/\/dev.eliassen.nl\/de\/wp-json\/wp\/v2\/product"}],"about":[{"href":"https:\/\/dev.eliassen.nl\/de\/wp-json\/wp\/v2\/types\/product"}],"wp:featuredmedia":[{"embeddable":true,"href":"https:\/\/dev.eliassen.nl\/de\/wp-json\/wp\/v2\/media\/51451"}],"wp:attachment":[{"href":"https:\/\/dev.eliassen.nl\/de\/wp-json\/wp\/v2\/media?parent=51484"}],"wp:term":[{"taxonomy":"product_brand","embeddable":true,"href":"https:\/\/dev.eliassen.nl\/de\/wp-json\/wp\/v2\/product_brand?post=51484"},{"taxonomy":"product_cat","embeddable":true,"href":"https:\/\/dev.eliassen.nl\/de\/wp-json\/wp\/v2\/product_cat?post=51484"},{"taxonomy":"product_tag","embeddable":true,"href":"https:\/\/dev.eliassen.nl\/de\/wp-json\/wp\/v2\/product_tag?post=51484"}],"curies":[{"name":"wp","href":"https:\/\/api.w.org\/{rel}","templated":true}]}}