{"id":51670,"date":"2021-06-24T14:59:03","date_gmt":"2021-06-24T12:59:03","guid":{"rendered":"https:\/\/www.eliassen.nl\/?product=model-zeilboot-bluenoise-ii"},"modified":"2024-12-05T15:51:02","modified_gmt":"2024-12-05T14:51:02","slug":"modell-segelboot-holz-blue-noise-ii","status":"publish","type":"product","link":"https:\/\/dev.eliassen.nl\/de\/modell-segelboot-holz-blue-noise-ii\/","title":{"rendered":"Modell Segelboot Holz Blue Noise II"},"content":{"rendered":"<p>Sch\u00f6nes Modell eines zweimastigen Segelbootes mit hohen Masten. Komplett handgefertigt und montiert. Sie erhalten eine Kiste, in der sich dieses Holzboot befindet, Sie m\u00fcssen bei Erhalt den Mast aufrichten und dann die richtigen Leinen und Leinensegel gem\u00e4\u00df der mitgelieferten Zeichnung vorsichtig anziehen.<\/p>\n<p>Mit diesem Modell dieses Bootes wird Ihre Fensterbank oder Ihr Schrank \u00fcber Jahre hinweg ein sch\u00f6ner Blickfang sein.<\/p>\n<ul>\n<li>Gr\u00f6\u00dfe: 12x68x62cm hoch<\/li>\n<li>Material: Holz, Seil und Leinen<\/li>\n<li>Auf festem Stand<\/li>\n<li>Mit Zertifikat<\/li>\n<li>Auch live bei uns zu sehen.<\/li>\n<\/ul>\n","protected":false},"excerpt":{"rendered":"<p>Sch\u00f6nes Modell eines zweimastigen Segelbootes mit hohen Masten. Komplett handgefertigt und montiert. Sie erhalten eine Kiste, in der sich dieses Holzboot befindet, Sie m\u00fcssen bei Erhalt den Mast aufrichten und dann die richtigen Leinen und Leinensegel gem\u00e4\u00df der mitgelieferten Zeichnung vorsichtig anziehen. Mit diesem Modell dieses Bootes wird Ihre Fensterbank oder Ihr Schrank \u00fcber Jahre &hellip;<\/p>\n","protected":false},"featured_media":51664,"template":"","meta":{"_acf_changed":false},"product_brand":[],"product_cat":[659,950],"product_tag":[],"class_list":{"0":"post-51670","1":"product","2":"type-product","3":"status-publish","4":"has-post-thumbnail","6":"product_cat-dekoration-aus-metall","7":"product_cat-schiffsmodelle","9":"first","10":"instock","11":"taxable","12":"shipping-taxable","13":"purchasable","14":"product-type-simple"},"acf":[],"yoast_head":"<!-- This site is optimized with the Yoast SEO plugin v23.8 - https:\/\/yoast.com\/wordpress\/plugins\/seo\/ -->\n<title>Model zeilboot hout Blue Noise II met hoge masten | Eliassen.nl<\/title>\n<meta name=\"description\" content=\"Model zeilboot hout Blue Noise II met hoge masten en is als tweemaster zeilboot een prachtige eyecatcher in elke type interieur. Ook LIVE te bekijken!\" \/>\n<meta name=\"robots\" content=\"noindex, follow, max-snippet:-1, max-image-preview:large, max-video-preview:-1\" \/>\n<meta property=\"og:locale\" content=\"de_DE\" \/>\n<meta property=\"og:type\" content=\"article\" \/>\n<meta property=\"og:title\" content=\"Model zeilboot hout Blue Noise II met hoge masten | Eliassen.nl\" \/>\n<meta property=\"og:description\" content=\"Model zeilboot hout Blue Noise II met hoge masten en is als tweemaster zeilboot een prachtige eyecatcher in elke type interieur. Ook LIVE te bekijken!\" \/>\n<meta property=\"og:url\" content=\"https:\/\/dev.eliassen.nl\/de\/modell-segelboot-holz-blue-noise-ii\/\" \/>\n<meta property=\"og:site_name\" content=\"Eliassen.nl\" \/>\n<meta property=\"article:publisher\" content=\"https:\/\/www.facebook.com\/TuincentrumEliassenAmmerzoden\" \/>\n<meta property=\"article:modified_time\" content=\"2024-12-05T14:51:02+00:00\" \/>\n<meta property=\"og:image\" content=\"https:\/\/dev.eliassen.nl\/wp-content\/uploads\/2024\/01\/modelzeilboothoutbluenoiseiieliassennl.jpg\" \/>\n\t<meta property=\"og:image:width\" content=\"560\" \/>\n\t<meta property=\"og:image:height\" content=\"560\" \/>\n\t<meta property=\"og:image:type\" content=\"image\/jpeg\" \/>\n<meta name=\"twitter:card\" content=\"summary_large_image\" \/>\n<script type=\"application\/ld+json\" class=\"yoast-schema-graph\">{\"@context\":\"https:\/\/schema.org\",\"@graph\":[{\"@type\":\"WebPage\",\"@id\":\"https:\/\/dev.eliassen.nl\/de\/modell-segelboot-holz-blue-noise-ii\/\",\"url\":\"https:\/\/dev.eliassen.nl\/de\/modell-segelboot-holz-blue-noise-ii\/\",\"name\":\"Model zeilboot hout Blue Noise II met hoge masten | Eliassen.nl\",\"isPartOf\":{\"@id\":\"https:\/\/dev.eliassen.nl\/de\/#website\"},\"primaryImageOfPage\":{\"@id\":\"https:\/\/dev.eliassen.nl\/de\/modell-segelboot-holz-blue-noise-ii\/#primaryimage\"},\"image\":{\"@id\":\"https:\/\/dev.eliassen.nl\/de\/modell-segelboot-holz-blue-noise-ii\/#primaryimage\"},\"thumbnailUrl\":\"https:\/\/dev.eliassen.nl\/wp-content\/uploads\/2024\/01\/modelzeilboothoutbluenoiseiieliassennl.jpg\",\"datePublished\":\"2021-06-24T12:59:03+00:00\",\"dateModified\":\"2024-12-05T14:51:02+00:00\",\"description\":\"Model zeilboot hout Blue Noise II met hoge masten en is als tweemaster zeilboot een prachtige eyecatcher in elke type interieur. Ook LIVE te bekijken!\",\"breadcrumb\":{\"@id\":\"https:\/\/dev.eliassen.nl\/de\/modell-segelboot-holz-blue-noise-ii\/#breadcrumb\"},\"inLanguage\":\"de\",\"potentialAction\":[{\"@type\":\"ReadAction\",\"target\":[\"https:\/\/dev.eliassen.nl\/de\/modell-segelboot-holz-blue-noise-ii\/\"]}]},{\"@type\":\"ImageObject\",\"inLanguage\":\"de\",\"@id\":\"https:\/\/dev.eliassen.nl\/de\/modell-segelboot-holz-blue-noise-ii\/#primaryimage\",\"url\":\"https:\/\/dev.eliassen.nl\/wp-content\/uploads\/2024\/01\/modelzeilboothoutbluenoiseiieliassennl.jpg\",\"contentUrl\":\"https:\/\/dev.eliassen.nl\/wp-content\/uploads\/2024\/01\/modelzeilboothoutbluenoiseiieliassennl.jpg\",\"width\":560,\"height\":560,\"caption\":\"Model zeilboot hout Blue Noise II | Eliassen.nl\"},{\"@type\":\"BreadcrumbList\",\"@id\":\"https:\/\/dev.eliassen.nl\/de\/modell-segelboot-holz-blue-noise-ii\/#breadcrumb\",\"itemListElement\":[{\"@type\":\"ListItem\",\"position\":1,\"name\":\"Home\",\"item\":\"https:\/\/dev.eliassen.nl\/de\/\"},{\"@type\":\"ListItem\",\"position\":2,\"name\":\"Shop\",\"item\":\"https:\/\/dev.eliassen.nl\/nl\/winkel\/\"},{\"@type\":\"ListItem\",\"position\":3,\"name\":\"Dekoration aus Metall\",\"item\":\"https:\/\/dev.eliassen.nl\/de\/dekoration-aus-metall\/\"},{\"@type\":\"ListItem\",\"position\":4,\"name\":\"Schiffsmodelle\",\"item\":\"https:\/\/dev.eliassen.nl\/de\/dekoration-aus-metall\/schiffsmodelle\/\"},{\"@type\":\"ListItem\",\"position\":5,\"name\":\"Modell Segelboot Holz Blue Noise II\"}]},{\"@type\":\"WebSite\",\"@id\":\"https:\/\/dev.eliassen.nl\/de\/#website\",\"url\":\"https:\/\/dev.eliassen.nl\/de\/\",\"name\":\"Eliassen Home & Garden Pleasure\",\"description\":\"\",\"publisher\":{\"@id\":\"https:\/\/dev.eliassen.nl\/de\/#organization\"},\"alternateName\":\"Eliassen.nl\",\"potentialAction\":[{\"@type\":\"SearchAction\",\"target\":{\"@type\":\"EntryPoint\",\"urlTemplate\":\"https:\/\/dev.eliassen.nl\/de\/?s={search_term_string}\"},\"query-input\":{\"@type\":\"PropertyValueSpecification\",\"valueRequired\":true,\"valueName\":\"search_term_string\"}}],\"inLanguage\":\"de\"},{\"@type\":\"Organization\",\"@id\":\"https:\/\/dev.eliassen.nl\/de\/#organization\",\"name\":\"Eliassen Home & Garden Pleasure\",\"url\":\"https:\/\/dev.eliassen.nl\/de\/\",\"logo\":{\"@type\":\"ImageObject\",\"inLanguage\":\"de\",\"@id\":\"https:\/\/dev.eliassen.nl\/de\/#\/schema\/logo\/image\/\",\"url\":\"https:\/\/www.eliassen.nl\/wp-content\/uploads\/2024\/01\/logo_4nd.jpg\",\"contentUrl\":\"https:\/\/www.eliassen.nl\/wp-content\/uploads\/2024\/01\/logo_4nd.jpg\",\"width\":500,\"height\":500,\"caption\":\"Eliassen Home & Garden Pleasure\"},\"image\":{\"@id\":\"https:\/\/dev.eliassen.nl\/de\/#\/schema\/logo\/image\/\"},\"sameAs\":[\"https:\/\/www.facebook.com\/TuincentrumEliassenAmmerzoden\",\"https:\/\/www.instagram.com\/eliassenhomeandgarden\/\",\"https:\/\/nl.pinterest.com\/eliassenhomeandgarden\/\",\"https:\/\/www.youtube.com\/@eliassenhomegardenpleasure4558\"]}]}<\/script>\n<!-- \/ Yoast SEO plugin. -->","yoast_head_json":{"title":"Model zeilboot hout Blue Noise II met hoge masten | Eliassen.nl","description":"Model zeilboot hout Blue Noise II met hoge masten en is als tweemaster zeilboot een prachtige eyecatcher in elke type interieur. Ook LIVE te bekijken!","robots":{"index":"noindex","follow":"follow","max-snippet":"max-snippet:-1","max-image-preview":"max-image-preview:large","max-video-preview":"max-video-preview:-1"},"og_locale":"de_DE","og_type":"article","og_title":"Model zeilboot hout Blue Noise II met hoge masten | Eliassen.nl","og_description":"Model zeilboot hout Blue Noise II met hoge masten en is als tweemaster zeilboot een prachtige eyecatcher in elke type interieur. Ook LIVE te bekijken!","og_url":"https:\/\/dev.eliassen.nl\/de\/modell-segelboot-holz-blue-noise-ii\/","og_site_name":"Eliassen.nl","article_publisher":"https:\/\/www.facebook.com\/TuincentrumEliassenAmmerzoden","article_modified_time":"2024-12-05T14:51:02+00:00","og_image":[{"width":560,"height":560,"url":"https:\/\/dev.eliassen.nl\/wp-content\/uploads\/2024\/01\/modelzeilboothoutbluenoiseiieliassennl.jpg","type":"image\/jpeg"}],"twitter_card":"summary_large_image","schema":{"@context":"https:\/\/schema.org","@graph":[{"@type":"WebPage","@id":"https:\/\/dev.eliassen.nl\/de\/modell-segelboot-holz-blue-noise-ii\/","url":"https:\/\/dev.eliassen.nl\/de\/modell-segelboot-holz-blue-noise-ii\/","name":"Model zeilboot hout Blue Noise II met hoge masten | Eliassen.nl","isPartOf":{"@id":"https:\/\/dev.eliassen.nl\/de\/#website"},"primaryImageOfPage":{"@id":"https:\/\/dev.eliassen.nl\/de\/modell-segelboot-holz-blue-noise-ii\/#primaryimage"},"image":{"@id":"https:\/\/dev.eliassen.nl\/de\/modell-segelboot-holz-blue-noise-ii\/#primaryimage"},"thumbnailUrl":"https:\/\/dev.eliassen.nl\/wp-content\/uploads\/2024\/01\/modelzeilboothoutbluenoiseiieliassennl.jpg","datePublished":"2021-06-24T12:59:03+00:00","dateModified":"2024-12-05T14:51:02+00:00","description":"Model zeilboot hout Blue Noise II met hoge masten en is als tweemaster zeilboot een prachtige eyecatcher in elke type interieur. Ook LIVE te bekijken!","breadcrumb":{"@id":"https:\/\/dev.eliassen.nl\/de\/modell-segelboot-holz-blue-noise-ii\/#breadcrumb"},"inLanguage":"de","potentialAction":[{"@type":"ReadAction","target":["https:\/\/dev.eliassen.nl\/de\/modell-segelboot-holz-blue-noise-ii\/"]}]},{"@type":"ImageObject","inLanguage":"de","@id":"https:\/\/dev.eliassen.nl\/de\/modell-segelboot-holz-blue-noise-ii\/#primaryimage","url":"https:\/\/dev.eliassen.nl\/wp-content\/uploads\/2024\/01\/modelzeilboothoutbluenoiseiieliassennl.jpg","contentUrl":"https:\/\/dev.eliassen.nl\/wp-content\/uploads\/2024\/01\/modelzeilboothoutbluenoiseiieliassennl.jpg","width":560,"height":560,"caption":"Model zeilboot hout Blue Noise II | Eliassen.nl"},{"@type":"BreadcrumbList","@id":"https:\/\/dev.eliassen.nl\/de\/modell-segelboot-holz-blue-noise-ii\/#breadcrumb","itemListElement":[{"@type":"ListItem","position":1,"name":"Home","item":"https:\/\/dev.eliassen.nl\/de\/"},{"@type":"ListItem","position":2,"name":"Shop","item":"https:\/\/dev.eliassen.nl\/nl\/winkel\/"},{"@type":"ListItem","position":3,"name":"Dekoration aus Metall","item":"https:\/\/dev.eliassen.nl\/de\/dekoration-aus-metall\/"},{"@type":"ListItem","position":4,"name":"Schiffsmodelle","item":"https:\/\/dev.eliassen.nl\/de\/dekoration-aus-metall\/schiffsmodelle\/"},{"@type":"ListItem","position":5,"name":"Modell Segelboot Holz Blue Noise II"}]},{"@type":"WebSite","@id":"https:\/\/dev.eliassen.nl\/de\/#website","url":"https:\/\/dev.eliassen.nl\/de\/","name":"Eliassen Home & Garden Pleasure","description":"","publisher":{"@id":"https:\/\/dev.eliassen.nl\/de\/#organization"},"alternateName":"Eliassen.nl","potentialAction":[{"@type":"SearchAction","target":{"@type":"EntryPoint","urlTemplate":"https:\/\/dev.eliassen.nl\/de\/?s={search_term_string}"},"query-input":{"@type":"PropertyValueSpecification","valueRequired":true,"valueName":"search_term_string"}}],"inLanguage":"de"},{"@type":"Organization","@id":"https:\/\/dev.eliassen.nl\/de\/#organization","name":"Eliassen Home & Garden Pleasure","url":"https:\/\/dev.eliassen.nl\/de\/","logo":{"@type":"ImageObject","inLanguage":"de","@id":"https:\/\/dev.eliassen.nl\/de\/#\/schema\/logo\/image\/","url":"https:\/\/www.eliassen.nl\/wp-content\/uploads\/2024\/01\/logo_4nd.jpg","contentUrl":"https:\/\/www.eliassen.nl\/wp-content\/uploads\/2024\/01\/logo_4nd.jpg","width":500,"height":500,"caption":"Eliassen Home & Garden Pleasure"},"image":{"@id":"https:\/\/dev.eliassen.nl\/de\/#\/schema\/logo\/image\/"},"sameAs":["https:\/\/www.facebook.com\/TuincentrumEliassenAmmerzoden","https:\/\/www.instagram.com\/eliassenhomeandgarden\/","https:\/\/nl.pinterest.com\/eliassenhomeandgarden\/","https:\/\/www.youtube.com\/@eliassenhomegardenpleasure4558"]}]}},"df_price":179,"df_sale_price":"","df_regular_price":179,"df_image_link":"https:\/\/dev.eliassen.nl\/wp-content\/uploads\/2024\/01\/modelzeilboothoutbluenoiseiieliassennl.jpg","image":"https:\/\/dev.eliassen.nl\/wp-content\/uploads\/2024\/01\/modelzeilboothoutbluenoiseiieliassennl.jpg","price_search":"<span class=\"woocommerce-Price-amount amount\"><bdi><span class=\"woocommerce-Price-currencySymbol\">&euro;<\/span>&nbsp;179,00<\/bdi><\/span>","category":"Dekoration aus Metall","_links":{"self":[{"href":"https:\/\/dev.eliassen.nl\/de\/wp-json\/wp\/v2\/product\/51670","targetHints":{"allow":["GET"]}}],"collection":[{"href":"https:\/\/dev.eliassen.nl\/de\/wp-json\/wp\/v2\/product"}],"about":[{"href":"https:\/\/dev.eliassen.nl\/de\/wp-json\/wp\/v2\/types\/product"}],"wp:featuredmedia":[{"embeddable":true,"href":"https:\/\/dev.eliassen.nl\/de\/wp-json\/wp\/v2\/media\/51664"}],"wp:attachment":[{"href":"https:\/\/dev.eliassen.nl\/de\/wp-json\/wp\/v2\/media?parent=51670"}],"wp:term":[{"taxonomy":"product_brand","embeddable":true,"href":"https:\/\/dev.eliassen.nl\/de\/wp-json\/wp\/v2\/product_brand?post=51670"},{"taxonomy":"product_cat","embeddable":true,"href":"https:\/\/dev.eliassen.nl\/de\/wp-json\/wp\/v2\/product_cat?post=51670"},{"taxonomy":"product_tag","embeddable":true,"href":"https:\/\/dev.eliassen.nl\/de\/wp-json\/wp\/v2\/product_tag?post=51670"}],"curies":[{"name":"wp","href":"https:\/\/api.w.org\/{rel}","templated":true}]}}