{"id":51691,"date":"2021-06-24T15:04:52","date_gmt":"2021-06-24T13:04:52","guid":{"rendered":"https:\/\/www.eliassen.nl\/?product=model-zeilboot-atlantic-yacht"},"modified":"2024-12-05T15:51:02","modified_gmt":"2024-12-05T14:51:02","slug":"segelbootmodell-wood-atlantic-yacht","status":"publish","type":"product","link":"https:\/\/dev.eliassen.nl\/de\/segelbootmodell-wood-atlantic-yacht\/","title":{"rendered":"Segelbootmodell Wood Atlantic Yacht"},"content":{"rendered":"<p>Sch\u00f6nes Modell eines dreimastigen Segelbootes mit hohen Masten. Komplett handgefertigt und montiert. Sie erhalten eine Kiste, in der sich dieses Holzboot befindet, Sie m\u00fcssen bei Erhalt den Mast aufrichten und dann die richtigen Leinen und Leinensegel gem\u00e4\u00df der mitgelieferten Zeichnung vorsichtig anziehen.<\/p>\n<p>Mit diesem Modell dieses Bootes wird Ihre Fensterbank oder Ihr Schrank \u00fcber Jahre hinweg ein sch\u00f6ner Blickfang sein.<\/p>\n<ul>\n<li>Gr\u00f6\u00dfe: 95x19x78cm hoch<\/li>\n<li>Material: Holz, Seil und Leinen<\/li>\n<li>Auf festem Stand<\/li>\n<li>Mit Zertifikat<\/li>\n<li>Auch live bei uns zu sehen<\/li>\n<\/ul>\n","protected":false},"excerpt":{"rendered":"<p>Sch\u00f6nes Modell eines dreimastigen Segelbootes mit hohen Masten. Komplett handgefertigt und montiert. Sie erhalten eine Kiste, in der sich dieses Holzboot befindet, Sie m\u00fcssen bei Erhalt den Mast aufrichten und dann die richtigen Leinen und Leinensegel gem\u00e4\u00df der mitgelieferten Zeichnung vorsichtig anziehen. Mit diesem Modell dieses Bootes wird Ihre Fensterbank oder Ihr Schrank \u00fcber Jahre &hellip;<\/p>\n","protected":false},"featured_media":51685,"template":"","meta":{"_acf_changed":false},"product_brand":[],"product_cat":[659,950],"product_tag":[],"class_list":{"0":"post-51691","1":"product","2":"type-product","3":"status-publish","4":"has-post-thumbnail","6":"product_cat-dekoration-aus-metall","7":"product_cat-schiffsmodelle","9":"first","10":"instock","11":"taxable","12":"shipping-taxable","13":"purchasable","14":"product-type-simple"},"acf":[],"yoast_head":"<!-- This site is optimized with the Yoast SEO plugin v23.8 - https:\/\/yoast.com\/wordpress\/plugins\/seo\/ -->\n<title>XXL Model zeilboot Hout Atlantic Yacht | Handgemaakt |<\/title>\n<meta name=\"description\" content=\"Bij Eliassen koopt u Model zeilboot Endeavour XXL van hout online of is live te bekijken in de showroom. Wij hebben de mooiste producten voor binnen en buiten.\" \/>\n<meta name=\"robots\" content=\"noindex, follow, max-snippet:-1, max-image-preview:large, max-video-preview:-1\" \/>\n<meta property=\"og:locale\" content=\"de_DE\" \/>\n<meta property=\"og:type\" content=\"article\" \/>\n<meta property=\"og:title\" content=\"XXL Model zeilboot Hout Atlantic Yacht | Handgemaakt |\" \/>\n<meta property=\"og:description\" content=\"Bij Eliassen koopt u Model zeilboot Endeavour XXL van hout online of is live te bekijken in de showroom. Wij hebben de mooiste producten voor binnen en buiten.\" \/>\n<meta property=\"og:url\" content=\"https:\/\/dev.eliassen.nl\/de\/segelbootmodell-wood-atlantic-yacht\/\" \/>\n<meta property=\"og:site_name\" content=\"Eliassen.nl\" \/>\n<meta property=\"article:publisher\" content=\"https:\/\/www.facebook.com\/TuincentrumEliassenAmmerzoden\" \/>\n<meta property=\"article:modified_time\" content=\"2024-12-05T14:51:02+00:00\" \/>\n<meta property=\"og:image\" content=\"https:\/\/dev.eliassen.nl\/wp-content\/uploads\/2024\/01\/modelzeilboothoutatlanticyachteliassennl.jpg\" \/>\n\t<meta property=\"og:image:width\" content=\"560\" \/>\n\t<meta property=\"og:image:height\" content=\"560\" \/>\n\t<meta property=\"og:image:type\" content=\"image\/jpeg\" \/>\n<meta name=\"twitter:card\" content=\"summary_large_image\" \/>\n<script type=\"application\/ld+json\" class=\"yoast-schema-graph\">{\"@context\":\"https:\/\/schema.org\",\"@graph\":[{\"@type\":\"WebPage\",\"@id\":\"https:\/\/dev.eliassen.nl\/de\/segelbootmodell-wood-atlantic-yacht\/\",\"url\":\"https:\/\/dev.eliassen.nl\/de\/segelbootmodell-wood-atlantic-yacht\/\",\"name\":\"XXL Model zeilboot Hout Atlantic Yacht | Handgemaakt |\",\"isPartOf\":{\"@id\":\"https:\/\/dev.eliassen.nl\/de\/#website\"},\"primaryImageOfPage\":{\"@id\":\"https:\/\/dev.eliassen.nl\/de\/segelbootmodell-wood-atlantic-yacht\/#primaryimage\"},\"image\":{\"@id\":\"https:\/\/dev.eliassen.nl\/de\/segelbootmodell-wood-atlantic-yacht\/#primaryimage\"},\"thumbnailUrl\":\"https:\/\/dev.eliassen.nl\/wp-content\/uploads\/2024\/01\/modelzeilboothoutatlanticyachteliassennl.jpg\",\"datePublished\":\"2021-06-24T13:04:52+00:00\",\"dateModified\":\"2024-12-05T14:51:02+00:00\",\"description\":\"Bij Eliassen koopt u Model zeilboot Endeavour XXL van hout online of is live te bekijken in de showroom. Wij hebben de mooiste producten voor binnen en buiten.\",\"breadcrumb\":{\"@id\":\"https:\/\/dev.eliassen.nl\/de\/segelbootmodell-wood-atlantic-yacht\/#breadcrumb\"},\"inLanguage\":\"de\",\"potentialAction\":[{\"@type\":\"ReadAction\",\"target\":[\"https:\/\/dev.eliassen.nl\/de\/segelbootmodell-wood-atlantic-yacht\/\"]}]},{\"@type\":\"ImageObject\",\"inLanguage\":\"de\",\"@id\":\"https:\/\/dev.eliassen.nl\/de\/segelbootmodell-wood-atlantic-yacht\/#primaryimage\",\"url\":\"https:\/\/dev.eliassen.nl\/wp-content\/uploads\/2024\/01\/modelzeilboothoutatlanticyachteliassennl.jpg\",\"contentUrl\":\"https:\/\/dev.eliassen.nl\/wp-content\/uploads\/2024\/01\/modelzeilboothoutatlanticyachteliassennl.jpg\",\"width\":560,\"height\":560,\"caption\":\"Model zeilboot Hout Atlantic Yacht - Eliassen.nl\"},{\"@type\":\"BreadcrumbList\",\"@id\":\"https:\/\/dev.eliassen.nl\/de\/segelbootmodell-wood-atlantic-yacht\/#breadcrumb\",\"itemListElement\":[{\"@type\":\"ListItem\",\"position\":1,\"name\":\"Home\",\"item\":\"https:\/\/dev.eliassen.nl\/de\/\"},{\"@type\":\"ListItem\",\"position\":2,\"name\":\"Shop\",\"item\":\"https:\/\/dev.eliassen.nl\/nl\/winkel\/\"},{\"@type\":\"ListItem\",\"position\":3,\"name\":\"Dekoration aus Metall\",\"item\":\"https:\/\/dev.eliassen.nl\/de\/dekoration-aus-metall\/\"},{\"@type\":\"ListItem\",\"position\":4,\"name\":\"Schiffsmodelle\",\"item\":\"https:\/\/dev.eliassen.nl\/de\/dekoration-aus-metall\/schiffsmodelle\/\"},{\"@type\":\"ListItem\",\"position\":5,\"name\":\"Segelbootmodell Wood Atlantic Yacht\"}]},{\"@type\":\"WebSite\",\"@id\":\"https:\/\/dev.eliassen.nl\/de\/#website\",\"url\":\"https:\/\/dev.eliassen.nl\/de\/\",\"name\":\"Eliassen Home & Garden Pleasure\",\"description\":\"\",\"publisher\":{\"@id\":\"https:\/\/dev.eliassen.nl\/de\/#organization\"},\"alternateName\":\"Eliassen.nl\",\"potentialAction\":[{\"@type\":\"SearchAction\",\"target\":{\"@type\":\"EntryPoint\",\"urlTemplate\":\"https:\/\/dev.eliassen.nl\/de\/?s={search_term_string}\"},\"query-input\":{\"@type\":\"PropertyValueSpecification\",\"valueRequired\":true,\"valueName\":\"search_term_string\"}}],\"inLanguage\":\"de\"},{\"@type\":\"Organization\",\"@id\":\"https:\/\/dev.eliassen.nl\/de\/#organization\",\"name\":\"Eliassen Home & Garden Pleasure\",\"url\":\"https:\/\/dev.eliassen.nl\/de\/\",\"logo\":{\"@type\":\"ImageObject\",\"inLanguage\":\"de\",\"@id\":\"https:\/\/dev.eliassen.nl\/de\/#\/schema\/logo\/image\/\",\"url\":\"https:\/\/www.eliassen.nl\/wp-content\/uploads\/2024\/01\/logo_4nd.jpg\",\"contentUrl\":\"https:\/\/www.eliassen.nl\/wp-content\/uploads\/2024\/01\/logo_4nd.jpg\",\"width\":500,\"height\":500,\"caption\":\"Eliassen Home & Garden Pleasure\"},\"image\":{\"@id\":\"https:\/\/dev.eliassen.nl\/de\/#\/schema\/logo\/image\/\"},\"sameAs\":[\"https:\/\/www.facebook.com\/TuincentrumEliassenAmmerzoden\",\"https:\/\/www.instagram.com\/eliassenhomeandgarden\/\",\"https:\/\/nl.pinterest.com\/eliassenhomeandgarden\/\",\"https:\/\/www.youtube.com\/@eliassenhomegardenpleasure4558\"]}]}<\/script>\n<!-- \/ Yoast SEO plugin. -->","yoast_head_json":{"title":"XXL Model zeilboot Hout Atlantic Yacht | Handgemaakt |","description":"Bij Eliassen koopt u Model zeilboot Endeavour XXL van hout online of is live te bekijken in de showroom. Wij hebben de mooiste producten voor binnen en buiten.","robots":{"index":"noindex","follow":"follow","max-snippet":"max-snippet:-1","max-image-preview":"max-image-preview:large","max-video-preview":"max-video-preview:-1"},"og_locale":"de_DE","og_type":"article","og_title":"XXL Model zeilboot Hout Atlantic Yacht | Handgemaakt |","og_description":"Bij Eliassen koopt u Model zeilboot Endeavour XXL van hout online of is live te bekijken in de showroom. Wij hebben de mooiste producten voor binnen en buiten.","og_url":"https:\/\/dev.eliassen.nl\/de\/segelbootmodell-wood-atlantic-yacht\/","og_site_name":"Eliassen.nl","article_publisher":"https:\/\/www.facebook.com\/TuincentrumEliassenAmmerzoden","article_modified_time":"2024-12-05T14:51:02+00:00","og_image":[{"width":560,"height":560,"url":"https:\/\/dev.eliassen.nl\/wp-content\/uploads\/2024\/01\/modelzeilboothoutatlanticyachteliassennl.jpg","type":"image\/jpeg"}],"twitter_card":"summary_large_image","schema":{"@context":"https:\/\/schema.org","@graph":[{"@type":"WebPage","@id":"https:\/\/dev.eliassen.nl\/de\/segelbootmodell-wood-atlantic-yacht\/","url":"https:\/\/dev.eliassen.nl\/de\/segelbootmodell-wood-atlantic-yacht\/","name":"XXL Model zeilboot Hout Atlantic Yacht | Handgemaakt |","isPartOf":{"@id":"https:\/\/dev.eliassen.nl\/de\/#website"},"primaryImageOfPage":{"@id":"https:\/\/dev.eliassen.nl\/de\/segelbootmodell-wood-atlantic-yacht\/#primaryimage"},"image":{"@id":"https:\/\/dev.eliassen.nl\/de\/segelbootmodell-wood-atlantic-yacht\/#primaryimage"},"thumbnailUrl":"https:\/\/dev.eliassen.nl\/wp-content\/uploads\/2024\/01\/modelzeilboothoutatlanticyachteliassennl.jpg","datePublished":"2021-06-24T13:04:52+00:00","dateModified":"2024-12-05T14:51:02+00:00","description":"Bij Eliassen koopt u Model zeilboot Endeavour XXL van hout online of is live te bekijken in de showroom. Wij hebben de mooiste producten voor binnen en buiten.","breadcrumb":{"@id":"https:\/\/dev.eliassen.nl\/de\/segelbootmodell-wood-atlantic-yacht\/#breadcrumb"},"inLanguage":"de","potentialAction":[{"@type":"ReadAction","target":["https:\/\/dev.eliassen.nl\/de\/segelbootmodell-wood-atlantic-yacht\/"]}]},{"@type":"ImageObject","inLanguage":"de","@id":"https:\/\/dev.eliassen.nl\/de\/segelbootmodell-wood-atlantic-yacht\/#primaryimage","url":"https:\/\/dev.eliassen.nl\/wp-content\/uploads\/2024\/01\/modelzeilboothoutatlanticyachteliassennl.jpg","contentUrl":"https:\/\/dev.eliassen.nl\/wp-content\/uploads\/2024\/01\/modelzeilboothoutatlanticyachteliassennl.jpg","width":560,"height":560,"caption":"Model zeilboot Hout Atlantic Yacht - Eliassen.nl"},{"@type":"BreadcrumbList","@id":"https:\/\/dev.eliassen.nl\/de\/segelbootmodell-wood-atlantic-yacht\/#breadcrumb","itemListElement":[{"@type":"ListItem","position":1,"name":"Home","item":"https:\/\/dev.eliassen.nl\/de\/"},{"@type":"ListItem","position":2,"name":"Shop","item":"https:\/\/dev.eliassen.nl\/nl\/winkel\/"},{"@type":"ListItem","position":3,"name":"Dekoration aus Metall","item":"https:\/\/dev.eliassen.nl\/de\/dekoration-aus-metall\/"},{"@type":"ListItem","position":4,"name":"Schiffsmodelle","item":"https:\/\/dev.eliassen.nl\/de\/dekoration-aus-metall\/schiffsmodelle\/"},{"@type":"ListItem","position":5,"name":"Segelbootmodell Wood Atlantic Yacht"}]},{"@type":"WebSite","@id":"https:\/\/dev.eliassen.nl\/de\/#website","url":"https:\/\/dev.eliassen.nl\/de\/","name":"Eliassen Home & Garden Pleasure","description":"","publisher":{"@id":"https:\/\/dev.eliassen.nl\/de\/#organization"},"alternateName":"Eliassen.nl","potentialAction":[{"@type":"SearchAction","target":{"@type":"EntryPoint","urlTemplate":"https:\/\/dev.eliassen.nl\/de\/?s={search_term_string}"},"query-input":{"@type":"PropertyValueSpecification","valueRequired":true,"valueName":"search_term_string"}}],"inLanguage":"de"},{"@type":"Organization","@id":"https:\/\/dev.eliassen.nl\/de\/#organization","name":"Eliassen Home & Garden Pleasure","url":"https:\/\/dev.eliassen.nl\/de\/","logo":{"@type":"ImageObject","inLanguage":"de","@id":"https:\/\/dev.eliassen.nl\/de\/#\/schema\/logo\/image\/","url":"https:\/\/www.eliassen.nl\/wp-content\/uploads\/2024\/01\/logo_4nd.jpg","contentUrl":"https:\/\/www.eliassen.nl\/wp-content\/uploads\/2024\/01\/logo_4nd.jpg","width":500,"height":500,"caption":"Eliassen Home & Garden Pleasure"},"image":{"@id":"https:\/\/dev.eliassen.nl\/de\/#\/schema\/logo\/image\/"},"sameAs":["https:\/\/www.facebook.com\/TuincentrumEliassenAmmerzoden","https:\/\/www.instagram.com\/eliassenhomeandgarden\/","https:\/\/nl.pinterest.com\/eliassenhomeandgarden\/","https:\/\/www.youtube.com\/@eliassenhomegardenpleasure4558"]}]}},"df_price":199,"df_sale_price":"","df_regular_price":199,"df_image_link":"https:\/\/dev.eliassen.nl\/wp-content\/uploads\/2024\/01\/modelzeilboothoutatlanticyachteliassennl.jpg","image":"https:\/\/dev.eliassen.nl\/wp-content\/uploads\/2024\/01\/modelzeilboothoutatlanticyachteliassennl.jpg","price_search":"<span class=\"woocommerce-Price-amount amount\"><bdi><span class=\"woocommerce-Price-currencySymbol\">&euro;<\/span>&nbsp;199,00<\/bdi><\/span>","category":"Dekoration aus Metall","_links":{"self":[{"href":"https:\/\/dev.eliassen.nl\/de\/wp-json\/wp\/v2\/product\/51691","targetHints":{"allow":["GET"]}}],"collection":[{"href":"https:\/\/dev.eliassen.nl\/de\/wp-json\/wp\/v2\/product"}],"about":[{"href":"https:\/\/dev.eliassen.nl\/de\/wp-json\/wp\/v2\/types\/product"}],"wp:featuredmedia":[{"embeddable":true,"href":"https:\/\/dev.eliassen.nl\/de\/wp-json\/wp\/v2\/media\/51685"}],"wp:attachment":[{"href":"https:\/\/dev.eliassen.nl\/de\/wp-json\/wp\/v2\/media?parent=51691"}],"wp:term":[{"taxonomy":"product_brand","embeddable":true,"href":"https:\/\/dev.eliassen.nl\/de\/wp-json\/wp\/v2\/product_brand?post=51691"},{"taxonomy":"product_cat","embeddable":true,"href":"https:\/\/dev.eliassen.nl\/de\/wp-json\/wp\/v2\/product_cat?post=51691"},{"taxonomy":"product_tag","embeddable":true,"href":"https:\/\/dev.eliassen.nl\/de\/wp-json\/wp\/v2\/product_tag?post=51691"}],"curies":[{"name":"wp","href":"https:\/\/api.w.org\/{rel}","templated":true}]}}