{"id":51700,"date":"2021-06-24T15:05:44","date_gmt":"2021-06-24T13:05:44","guid":{"rendered":"https:\/\/www.eliassen.nl\/?product=model-zeilboot-harvey"},"modified":"2024-12-05T15:51:06","modified_gmt":"2024-12-05T14:51:06","slug":"modell-segelboot-harvey-holz","status":"publish","type":"product","link":"https:\/\/dev.eliassen.nl\/de\/modell-segelboot-harvey-holz\/","title":{"rendered":"Modell Segelboot Harvey Holz"},"content":{"rendered":"<p>Sch\u00f6nes Modell des ber\u00fchmten Segelschiffs Harvey. Dieses wundersch\u00f6n handgefertigte Holzmodell-Segelboot mit 2 ma\u00dfstabsgetreuen Masten wird viele Innenr\u00e4ume sch\u00f6n schm\u00fccken und sollte bei keinem Wassersportler fehlen.<\/p>\n<p>Nach dem Auspacken brauchen Sie nur noch die Masten aufzustellen und die Segel gem\u00e4\u00df beiliegendem Spannplan zu spannen. Dieses ma\u00dfstabsgetreue Segelboot wird in sorgf\u00e4ltiger Handarbeit hergestellt und verwendet nur nat\u00fcrliche Materialien, also keine Plastikteile.<\/p>\n<ul>\n<li>Gr\u00f6\u00dfe: 83cm lang, 18cm breit und 65cm hoch<\/li>\n<li>Materialien: Holz, Leinen, Hanfseil, Messing<\/li>\n<li>Inklusive nummeriertem Zertifikat und Spannplan<\/li>\n<li>Dieses Modell kann auch live in unserem Showroom besichtigt werden<\/li>\n<li>Inklusive Standard<\/li>\n<li>BITTE BEACHTEN SIE, D\u00dcRFEN NACH DEM AUFBAU DER MASTEN UND SEGEL NICHT ZUR\u00dcCKGEGEBEN WERDEN.<\/li>\n<\/ul>\n","protected":false},"excerpt":{"rendered":"<p>Sch\u00f6nes Modell des ber\u00fchmten Segelschiffs Harvey. Dieses wundersch\u00f6n handgefertigte Holzmodell-Segelboot mit 2 ma\u00dfstabsgetreuen Masten wird viele Innenr\u00e4ume sch\u00f6n schm\u00fccken und sollte bei keinem Wassersportler fehlen. Nach dem Auspacken brauchen Sie nur noch die Masten aufzustellen und die Segel gem\u00e4\u00df beiliegendem Spannplan zu spannen. Dieses ma\u00dfstabsgetreue Segelboot wird in sorgf\u00e4ltiger Handarbeit hergestellt und verwendet nur nat\u00fcrliche &hellip;<\/p>\n","protected":false},"featured_media":51694,"template":"","meta":{"_acf_changed":false},"product_brand":[],"product_cat":[659,950],"product_tag":[],"class_list":{"0":"post-51700","1":"product","2":"type-product","3":"status-publish","4":"has-post-thumbnail","6":"product_cat-dekoration-aus-metall","7":"product_cat-schiffsmodelle","9":"first","10":"instock","11":"taxable","12":"shipping-taxable","13":"purchasable","14":"product-type-simple"},"acf":[],"yoast_head":"<!-- This site is optimized with the Yoast SEO plugin v23.8 - https:\/\/yoast.com\/wordpress\/plugins\/seo\/ -->\n<title>Houten model zeilboot Harvey | Handgemaakt | Eliassen.nl<\/title>\n<meta name=\"description\" content=\"Op zoek naar een prachtige houten model zeilboot voor op uw bureau of dressoir? Bekijk dit exemplaar, helemaal handgemaakt en is LIVE bij ons te bekijken!\" \/>\n<meta name=\"robots\" content=\"noindex, follow, max-snippet:-1, max-image-preview:large, max-video-preview:-1\" \/>\n<meta property=\"og:locale\" content=\"de_DE\" \/>\n<meta property=\"og:type\" content=\"article\" \/>\n<meta property=\"og:title\" content=\"Houten model zeilboot Harvey | Handgemaakt | Eliassen.nl\" \/>\n<meta property=\"og:description\" content=\"Op zoek naar een prachtige houten model zeilboot voor op uw bureau of dressoir? Bekijk dit exemplaar, helemaal handgemaakt en is LIVE bij ons te bekijken!\" \/>\n<meta property=\"og:url\" content=\"https:\/\/dev.eliassen.nl\/de\/modell-segelboot-harvey-holz\/\" \/>\n<meta property=\"og:site_name\" content=\"Eliassen.nl\" \/>\n<meta property=\"article:publisher\" content=\"https:\/\/www.facebook.com\/TuincentrumEliassenAmmerzoden\" \/>\n<meta property=\"article:modified_time\" content=\"2024-12-05T14:51:06+00:00\" \/>\n<meta property=\"og:image\" content=\"https:\/\/dev.eliassen.nl\/wp-content\/uploads\/2024\/01\/modelzeilbootharveyhouteliassennl.jpg\" \/>\n\t<meta property=\"og:image:width\" content=\"560\" \/>\n\t<meta property=\"og:image:height\" content=\"560\" \/>\n\t<meta property=\"og:image:type\" content=\"image\/jpeg\" \/>\n<meta name=\"twitter:card\" content=\"summary_large_image\" \/>\n<script type=\"application\/ld+json\" class=\"yoast-schema-graph\">{\"@context\":\"https:\/\/schema.org\",\"@graph\":[{\"@type\":\"WebPage\",\"@id\":\"https:\/\/dev.eliassen.nl\/de\/modell-segelboot-harvey-holz\/\",\"url\":\"https:\/\/dev.eliassen.nl\/de\/modell-segelboot-harvey-holz\/\",\"name\":\"Houten model zeilboot Harvey | Handgemaakt | Eliassen.nl\",\"isPartOf\":{\"@id\":\"https:\/\/dev.eliassen.nl\/de\/#website\"},\"primaryImageOfPage\":{\"@id\":\"https:\/\/dev.eliassen.nl\/de\/modell-segelboot-harvey-holz\/#primaryimage\"},\"image\":{\"@id\":\"https:\/\/dev.eliassen.nl\/de\/modell-segelboot-harvey-holz\/#primaryimage\"},\"thumbnailUrl\":\"https:\/\/dev.eliassen.nl\/wp-content\/uploads\/2024\/01\/modelzeilbootharveyhouteliassennl.jpg\",\"datePublished\":\"2021-06-24T13:05:44+00:00\",\"dateModified\":\"2024-12-05T14:51:06+00:00\",\"description\":\"Op zoek naar een prachtige houten model zeilboot voor op uw bureau of dressoir? Bekijk dit exemplaar, helemaal handgemaakt en is LIVE bij ons te bekijken!\",\"breadcrumb\":{\"@id\":\"https:\/\/dev.eliassen.nl\/de\/modell-segelboot-harvey-holz\/#breadcrumb\"},\"inLanguage\":\"de\",\"potentialAction\":[{\"@type\":\"ReadAction\",\"target\":[\"https:\/\/dev.eliassen.nl\/de\/modell-segelboot-harvey-holz\/\"]}]},{\"@type\":\"ImageObject\",\"inLanguage\":\"de\",\"@id\":\"https:\/\/dev.eliassen.nl\/de\/modell-segelboot-harvey-holz\/#primaryimage\",\"url\":\"https:\/\/dev.eliassen.nl\/wp-content\/uploads\/2024\/01\/modelzeilbootharveyhouteliassennl.jpg\",\"contentUrl\":\"https:\/\/dev.eliassen.nl\/wp-content\/uploads\/2024\/01\/modelzeilbootharveyhouteliassennl.jpg\",\"width\":560,\"height\":560,\"caption\":\"Model zeilboot Harvey hout - Eliassen.nl\"},{\"@type\":\"BreadcrumbList\",\"@id\":\"https:\/\/dev.eliassen.nl\/de\/modell-segelboot-harvey-holz\/#breadcrumb\",\"itemListElement\":[{\"@type\":\"ListItem\",\"position\":1,\"name\":\"Home\",\"item\":\"https:\/\/dev.eliassen.nl\/de\/\"},{\"@type\":\"ListItem\",\"position\":2,\"name\":\"Shop\",\"item\":\"https:\/\/dev.eliassen.nl\/nl\/winkel\/\"},{\"@type\":\"ListItem\",\"position\":3,\"name\":\"Dekoration aus Metall\",\"item\":\"https:\/\/dev.eliassen.nl\/de\/dekoration-aus-metall\/\"},{\"@type\":\"ListItem\",\"position\":4,\"name\":\"Schiffsmodelle\",\"item\":\"https:\/\/dev.eliassen.nl\/de\/dekoration-aus-metall\/schiffsmodelle\/\"},{\"@type\":\"ListItem\",\"position\":5,\"name\":\"Modell Segelboot Harvey Holz\"}]},{\"@type\":\"WebSite\",\"@id\":\"https:\/\/dev.eliassen.nl\/de\/#website\",\"url\":\"https:\/\/dev.eliassen.nl\/de\/\",\"name\":\"Eliassen Home & Garden Pleasure\",\"description\":\"\",\"publisher\":{\"@id\":\"https:\/\/dev.eliassen.nl\/de\/#organization\"},\"alternateName\":\"Eliassen.nl\",\"potentialAction\":[{\"@type\":\"SearchAction\",\"target\":{\"@type\":\"EntryPoint\",\"urlTemplate\":\"https:\/\/dev.eliassen.nl\/de\/?s={search_term_string}\"},\"query-input\":{\"@type\":\"PropertyValueSpecification\",\"valueRequired\":true,\"valueName\":\"search_term_string\"}}],\"inLanguage\":\"de\"},{\"@type\":\"Organization\",\"@id\":\"https:\/\/dev.eliassen.nl\/de\/#organization\",\"name\":\"Eliassen Home & Garden Pleasure\",\"url\":\"https:\/\/dev.eliassen.nl\/de\/\",\"logo\":{\"@type\":\"ImageObject\",\"inLanguage\":\"de\",\"@id\":\"https:\/\/dev.eliassen.nl\/de\/#\/schema\/logo\/image\/\",\"url\":\"https:\/\/www.eliassen.nl\/wp-content\/uploads\/2024\/01\/logo_4nd.jpg\",\"contentUrl\":\"https:\/\/www.eliassen.nl\/wp-content\/uploads\/2024\/01\/logo_4nd.jpg\",\"width\":500,\"height\":500,\"caption\":\"Eliassen Home & Garden Pleasure\"},\"image\":{\"@id\":\"https:\/\/dev.eliassen.nl\/de\/#\/schema\/logo\/image\/\"},\"sameAs\":[\"https:\/\/www.facebook.com\/TuincentrumEliassenAmmerzoden\",\"https:\/\/www.instagram.com\/eliassenhomeandgarden\/\",\"https:\/\/nl.pinterest.com\/eliassenhomeandgarden\/\",\"https:\/\/www.youtube.com\/@eliassenhomegardenpleasure4558\"]}]}<\/script>\n<!-- \/ Yoast SEO plugin. -->","yoast_head_json":{"title":"Houten model zeilboot Harvey | Handgemaakt | Eliassen.nl","description":"Op zoek naar een prachtige houten model zeilboot voor op uw bureau of dressoir? Bekijk dit exemplaar, helemaal handgemaakt en is LIVE bij ons te bekijken!","robots":{"index":"noindex","follow":"follow","max-snippet":"max-snippet:-1","max-image-preview":"max-image-preview:large","max-video-preview":"max-video-preview:-1"},"og_locale":"de_DE","og_type":"article","og_title":"Houten model zeilboot Harvey | Handgemaakt | Eliassen.nl","og_description":"Op zoek naar een prachtige houten model zeilboot voor op uw bureau of dressoir? Bekijk dit exemplaar, helemaal handgemaakt en is LIVE bij ons te bekijken!","og_url":"https:\/\/dev.eliassen.nl\/de\/modell-segelboot-harvey-holz\/","og_site_name":"Eliassen.nl","article_publisher":"https:\/\/www.facebook.com\/TuincentrumEliassenAmmerzoden","article_modified_time":"2024-12-05T14:51:06+00:00","og_image":[{"width":560,"height":560,"url":"https:\/\/dev.eliassen.nl\/wp-content\/uploads\/2024\/01\/modelzeilbootharveyhouteliassennl.jpg","type":"image\/jpeg"}],"twitter_card":"summary_large_image","schema":{"@context":"https:\/\/schema.org","@graph":[{"@type":"WebPage","@id":"https:\/\/dev.eliassen.nl\/de\/modell-segelboot-harvey-holz\/","url":"https:\/\/dev.eliassen.nl\/de\/modell-segelboot-harvey-holz\/","name":"Houten model zeilboot Harvey | Handgemaakt | Eliassen.nl","isPartOf":{"@id":"https:\/\/dev.eliassen.nl\/de\/#website"},"primaryImageOfPage":{"@id":"https:\/\/dev.eliassen.nl\/de\/modell-segelboot-harvey-holz\/#primaryimage"},"image":{"@id":"https:\/\/dev.eliassen.nl\/de\/modell-segelboot-harvey-holz\/#primaryimage"},"thumbnailUrl":"https:\/\/dev.eliassen.nl\/wp-content\/uploads\/2024\/01\/modelzeilbootharveyhouteliassennl.jpg","datePublished":"2021-06-24T13:05:44+00:00","dateModified":"2024-12-05T14:51:06+00:00","description":"Op zoek naar een prachtige houten model zeilboot voor op uw bureau of dressoir? Bekijk dit exemplaar, helemaal handgemaakt en is LIVE bij ons te bekijken!","breadcrumb":{"@id":"https:\/\/dev.eliassen.nl\/de\/modell-segelboot-harvey-holz\/#breadcrumb"},"inLanguage":"de","potentialAction":[{"@type":"ReadAction","target":["https:\/\/dev.eliassen.nl\/de\/modell-segelboot-harvey-holz\/"]}]},{"@type":"ImageObject","inLanguage":"de","@id":"https:\/\/dev.eliassen.nl\/de\/modell-segelboot-harvey-holz\/#primaryimage","url":"https:\/\/dev.eliassen.nl\/wp-content\/uploads\/2024\/01\/modelzeilbootharveyhouteliassennl.jpg","contentUrl":"https:\/\/dev.eliassen.nl\/wp-content\/uploads\/2024\/01\/modelzeilbootharveyhouteliassennl.jpg","width":560,"height":560,"caption":"Model zeilboot Harvey hout - Eliassen.nl"},{"@type":"BreadcrumbList","@id":"https:\/\/dev.eliassen.nl\/de\/modell-segelboot-harvey-holz\/#breadcrumb","itemListElement":[{"@type":"ListItem","position":1,"name":"Home","item":"https:\/\/dev.eliassen.nl\/de\/"},{"@type":"ListItem","position":2,"name":"Shop","item":"https:\/\/dev.eliassen.nl\/nl\/winkel\/"},{"@type":"ListItem","position":3,"name":"Dekoration aus Metall","item":"https:\/\/dev.eliassen.nl\/de\/dekoration-aus-metall\/"},{"@type":"ListItem","position":4,"name":"Schiffsmodelle","item":"https:\/\/dev.eliassen.nl\/de\/dekoration-aus-metall\/schiffsmodelle\/"},{"@type":"ListItem","position":5,"name":"Modell Segelboot Harvey Holz"}]},{"@type":"WebSite","@id":"https:\/\/dev.eliassen.nl\/de\/#website","url":"https:\/\/dev.eliassen.nl\/de\/","name":"Eliassen Home & Garden Pleasure","description":"","publisher":{"@id":"https:\/\/dev.eliassen.nl\/de\/#organization"},"alternateName":"Eliassen.nl","potentialAction":[{"@type":"SearchAction","target":{"@type":"EntryPoint","urlTemplate":"https:\/\/dev.eliassen.nl\/de\/?s={search_term_string}"},"query-input":{"@type":"PropertyValueSpecification","valueRequired":true,"valueName":"search_term_string"}}],"inLanguage":"de"},{"@type":"Organization","@id":"https:\/\/dev.eliassen.nl\/de\/#organization","name":"Eliassen Home & Garden Pleasure","url":"https:\/\/dev.eliassen.nl\/de\/","logo":{"@type":"ImageObject","inLanguage":"de","@id":"https:\/\/dev.eliassen.nl\/de\/#\/schema\/logo\/image\/","url":"https:\/\/www.eliassen.nl\/wp-content\/uploads\/2024\/01\/logo_4nd.jpg","contentUrl":"https:\/\/www.eliassen.nl\/wp-content\/uploads\/2024\/01\/logo_4nd.jpg","width":500,"height":500,"caption":"Eliassen Home & Garden Pleasure"},"image":{"@id":"https:\/\/dev.eliassen.nl\/de\/#\/schema\/logo\/image\/"},"sameAs":["https:\/\/www.facebook.com\/TuincentrumEliassenAmmerzoden","https:\/\/www.instagram.com\/eliassenhomeandgarden\/","https:\/\/nl.pinterest.com\/eliassenhomeandgarden\/","https:\/\/www.youtube.com\/@eliassenhomegardenpleasure4558"]}]}},"df_price":289,"df_sale_price":"","df_regular_price":289,"df_image_link":"https:\/\/dev.eliassen.nl\/wp-content\/uploads\/2024\/01\/modelzeilbootharveyhouteliassennl.jpg","image":"https:\/\/dev.eliassen.nl\/wp-content\/uploads\/2024\/01\/modelzeilbootharveyhouteliassennl.jpg","price_search":"<span class=\"woocommerce-Price-amount amount\"><bdi><span class=\"woocommerce-Price-currencySymbol\">&euro;<\/span>&nbsp;289,00<\/bdi><\/span>","category":"Dekoration aus Metall","_links":{"self":[{"href":"https:\/\/dev.eliassen.nl\/de\/wp-json\/wp\/v2\/product\/51700","targetHints":{"allow":["GET"]}}],"collection":[{"href":"https:\/\/dev.eliassen.nl\/de\/wp-json\/wp\/v2\/product"}],"about":[{"href":"https:\/\/dev.eliassen.nl\/de\/wp-json\/wp\/v2\/types\/product"}],"wp:featuredmedia":[{"embeddable":true,"href":"https:\/\/dev.eliassen.nl\/de\/wp-json\/wp\/v2\/media\/51694"}],"wp:attachment":[{"href":"https:\/\/dev.eliassen.nl\/de\/wp-json\/wp\/v2\/media?parent=51700"}],"wp:term":[{"taxonomy":"product_brand","embeddable":true,"href":"https:\/\/dev.eliassen.nl\/de\/wp-json\/wp\/v2\/product_brand?post=51700"},{"taxonomy":"product_cat","embeddable":true,"href":"https:\/\/dev.eliassen.nl\/de\/wp-json\/wp\/v2\/product_cat?post=51700"},{"taxonomy":"product_tag","embeddable":true,"href":"https:\/\/dev.eliassen.nl\/de\/wp-json\/wp\/v2\/product_tag?post=51700"}],"curies":[{"name":"wp","href":"https:\/\/api.w.org\/{rel}","templated":true}]}}