{"id":51844,"date":"2021-06-29T19:24:48","date_gmt":"2021-06-29T17:24:48","guid":{"rendered":"https:\/\/www.eliassen.nl\/?product=tuinstoelen-hand-2-stuks"},"modified":"2024-12-05T15:51:15","modified_gmt":"2024-12-05T14:51:15","slug":"gartenstuhle-hand-2-stuck","status":"publish","type":"product","link":"https:\/\/dev.eliassen.nl\/de\/gartenstuhle-hand-2-stuck\/","title":{"rendered":"Gartenst\u00fchle Handstein 2 St\u00fcck 92cm"},"content":{"rendered":"<p>Paar als St\u00fchle fungierende H\u00e4nde aus hochwertigem Kunststein, 92 cm hoch, sch\u00f6ne Dekoration f\u00fcr Ihren Garten.<\/p>\n<p>Schwarz gef\u00e4rbt, mit ockerfarbener Waschung.<\/p>\n<p>Kommen Sie gerne nach Ihrem Anruf in unser B\u00fcro und schauen Sie sich diese Serie an.<\/p>\n<p>Das Foto kann in Form und Farbe immer abweichen, da es sich um Handarbeit handelt.<\/p>\n<ul>\n<li>H\u00f6he: 92 cm<\/li>\n<li>Farbe: schwarz\/braun<\/li>\n<li>Hochwertiger Kunststein<\/li>\n<li>Geeignet f\u00fcr den Innen- und Au\u00dfenbereich<\/li>\n<li>Handgefertigt<\/li>\n<li>Schnell geliefert<\/li>\n<li>Viele dieser Serien k\u00f6nnen auch in unserem Shop besichtigt werden<\/li>\n<\/ul>\n","protected":false},"excerpt":{"rendered":"<p>\u2713 2-teiliges Set \u2713 Aus hochwertigem Steinguss<\/p>\n","protected":false},"featured_media":51829,"template":"","meta":{"_acf_changed":false},"product_brand":[],"product_cat":[677,806,761,752,7239],"product_tag":[],"class_list":{"0":"post-51844","1":"product","2":"type-product","3":"status-publish","4":"has-post-thumbnail","6":"product_cat-betonstatuen","7":"product_cat-gartenbaenke","8":"product_cat-gartenmoebel","9":"product_cat-weitere-artikel","10":"product_cat-statuen-skulpturen","12":"first","13":"instock","14":"taxable","15":"shipping-taxable","16":"purchasable","17":"product-type-simple"},"acf":[],"yoast_head":"<!-- This site is optimized with the Yoast SEO plugin v23.8 - https:\/\/yoast.com\/wordpress\/plugins\/seo\/ -->\n<title>Gartenst\u00fchle Hand 2 St\u00fcck<\/title>\n<meta name=\"description\" content=\"M\u00f6chten Sie Gartenst\u00fchle Hand 2 St\u00fcck kaufen? Eliassen bietet Ihnen eine gro\u00dfe Auswahl an Steinstatuen in einem gro\u00dfen Showroom und online schnelle Lieferzei...\" \/>\n<meta name=\"robots\" content=\"noindex, follow, max-snippet:-1, max-image-preview:large, max-video-preview:-1\" \/>\n<meta property=\"og:locale\" content=\"de_DE\" \/>\n<meta property=\"og:type\" content=\"article\" \/>\n<meta property=\"og:title\" content=\"Gartenst\u00fchle Hand 2 St\u00fcck\" \/>\n<meta property=\"og:description\" content=\"M\u00f6chten Sie Gartenst\u00fchle Hand 2 St\u00fcck kaufen? Eliassen bietet Ihnen eine gro\u00dfe Auswahl an Steinstatuen in einem gro\u00dfen Showroom und online schnelle Lieferzei...\" \/>\n<meta property=\"og:url\" content=\"https:\/\/dev.eliassen.nl\/de\/gartenstuhle-hand-2-stuck\/\" \/>\n<meta property=\"og:site_name\" content=\"Eliassen.nl\" \/>\n<meta property=\"article:publisher\" content=\"https:\/\/www.facebook.com\/TuincentrumEliassenAmmerzoden\" \/>\n<meta property=\"article:modified_time\" content=\"2024-12-05T14:51:15+00:00\" \/>\n<meta property=\"og:image\" content=\"https:\/\/dev.eliassen.nl\/wp-content\/uploads\/2024\/01\/img202107301444051.jpg\" \/>\n\t<meta property=\"og:image:width\" content=\"1536\" \/>\n\t<meta property=\"og:image:height\" content=\"2048\" \/>\n\t<meta property=\"og:image:type\" content=\"image\/jpeg\" \/>\n<meta name=\"twitter:card\" content=\"summary_large_image\" \/>\n<script type=\"application\/ld+json\" class=\"yoast-schema-graph\">{\"@context\":\"https:\/\/schema.org\",\"@graph\":[{\"@type\":\"WebPage\",\"@id\":\"https:\/\/dev.eliassen.nl\/de\/gartenstuhle-hand-2-stuck\/\",\"url\":\"https:\/\/dev.eliassen.nl\/de\/gartenstuhle-hand-2-stuck\/\",\"name\":\"Gartenst\u00fchle Hand 2 St\u00fcck\",\"isPartOf\":{\"@id\":\"https:\/\/dev.eliassen.nl\/de\/#website\"},\"primaryImageOfPage\":{\"@id\":\"https:\/\/dev.eliassen.nl\/de\/gartenstuhle-hand-2-stuck\/#primaryimage\"},\"image\":{\"@id\":\"https:\/\/dev.eliassen.nl\/de\/gartenstuhle-hand-2-stuck\/#primaryimage\"},\"thumbnailUrl\":\"https:\/\/dev.eliassen.nl\/wp-content\/uploads\/2024\/01\/img202107301444051.jpg\",\"datePublished\":\"2021-06-29T17:24:48+00:00\",\"dateModified\":\"2024-12-05T14:51:15+00:00\",\"description\":\"M\u00f6chten Sie Gartenst\u00fchle Hand 2 St\u00fcck kaufen? Eliassen bietet Ihnen eine gro\u00dfe Auswahl an Steinstatuen in einem gro\u00dfen Showroom und online schnelle Lieferzei...\",\"breadcrumb\":{\"@id\":\"https:\/\/dev.eliassen.nl\/de\/gartenstuhle-hand-2-stuck\/#breadcrumb\"},\"inLanguage\":\"de\",\"potentialAction\":[{\"@type\":\"ReadAction\",\"target\":[\"https:\/\/dev.eliassen.nl\/de\/gartenstuhle-hand-2-stuck\/\"]}]},{\"@type\":\"ImageObject\",\"inLanguage\":\"de\",\"@id\":\"https:\/\/dev.eliassen.nl\/de\/gartenstuhle-hand-2-stuck\/#primaryimage\",\"url\":\"https:\/\/dev.eliassen.nl\/wp-content\/uploads\/2024\/01\/img202107301444051.jpg\",\"contentUrl\":\"https:\/\/dev.eliassen.nl\/wp-content\/uploads\/2024\/01\/img202107301444051.jpg\",\"width\":1536,\"height\":2048,\"caption\":\"IMG20210730144405 (1)\"},{\"@type\":\"BreadcrumbList\",\"@id\":\"https:\/\/dev.eliassen.nl\/de\/gartenstuhle-hand-2-stuck\/#breadcrumb\",\"itemListElement\":[{\"@type\":\"ListItem\",\"position\":1,\"name\":\"Home\",\"item\":\"https:\/\/dev.eliassen.nl\/de\/\"},{\"@type\":\"ListItem\",\"position\":2,\"name\":\"Shop\",\"item\":\"https:\/\/dev.eliassen.nl\/nl\/winkel\/\"},{\"@type\":\"ListItem\",\"position\":3,\"name\":\"Statuen-Skulpturen\",\"item\":\"https:\/\/dev.eliassen.nl\/de\/statuen-skulpturen\/\"},{\"@type\":\"ListItem\",\"position\":4,\"name\":\"Betonstatuen\",\"item\":\"https:\/\/dev.eliassen.nl\/de\/bilder\/betonstatuen\/\"},{\"@type\":\"ListItem\",\"position\":5,\"name\":\"Gartenst\u00fchle Handstein 2 St\u00fcck 92cm\"}]},{\"@type\":\"WebSite\",\"@id\":\"https:\/\/dev.eliassen.nl\/de\/#website\",\"url\":\"https:\/\/dev.eliassen.nl\/de\/\",\"name\":\"Eliassen Home & Garden Pleasure\",\"description\":\"\",\"publisher\":{\"@id\":\"https:\/\/dev.eliassen.nl\/de\/#organization\"},\"alternateName\":\"Eliassen.nl\",\"potentialAction\":[{\"@type\":\"SearchAction\",\"target\":{\"@type\":\"EntryPoint\",\"urlTemplate\":\"https:\/\/dev.eliassen.nl\/de\/?s={search_term_string}\"},\"query-input\":{\"@type\":\"PropertyValueSpecification\",\"valueRequired\":true,\"valueName\":\"search_term_string\"}}],\"inLanguage\":\"de\"},{\"@type\":\"Organization\",\"@id\":\"https:\/\/dev.eliassen.nl\/de\/#organization\",\"name\":\"Eliassen Home & Garden Pleasure\",\"url\":\"https:\/\/dev.eliassen.nl\/de\/\",\"logo\":{\"@type\":\"ImageObject\",\"inLanguage\":\"de\",\"@id\":\"https:\/\/dev.eliassen.nl\/de\/#\/schema\/logo\/image\/\",\"url\":\"https:\/\/www.eliassen.nl\/wp-content\/uploads\/2024\/01\/logo_4nd.jpg\",\"contentUrl\":\"https:\/\/www.eliassen.nl\/wp-content\/uploads\/2024\/01\/logo_4nd.jpg\",\"width\":500,\"height\":500,\"caption\":\"Eliassen Home & Garden Pleasure\"},\"image\":{\"@id\":\"https:\/\/dev.eliassen.nl\/de\/#\/schema\/logo\/image\/\"},\"sameAs\":[\"https:\/\/www.facebook.com\/TuincentrumEliassenAmmerzoden\",\"https:\/\/www.instagram.com\/eliassenhomeandgarden\/\",\"https:\/\/nl.pinterest.com\/eliassenhomeandgarden\/\",\"https:\/\/www.youtube.com\/@eliassenhomegardenpleasure4558\"]}]}<\/script>\n<!-- \/ Yoast SEO plugin. -->","yoast_head_json":{"title":"Gartenst\u00fchle Hand 2 St\u00fcck","description":"M\u00f6chten Sie Gartenst\u00fchle Hand 2 St\u00fcck kaufen? Eliassen bietet Ihnen eine gro\u00dfe Auswahl an Steinstatuen in einem gro\u00dfen Showroom und online schnelle Lieferzei...","robots":{"index":"noindex","follow":"follow","max-snippet":"max-snippet:-1","max-image-preview":"max-image-preview:large","max-video-preview":"max-video-preview:-1"},"og_locale":"de_DE","og_type":"article","og_title":"Gartenst\u00fchle Hand 2 St\u00fcck","og_description":"M\u00f6chten Sie Gartenst\u00fchle Hand 2 St\u00fcck kaufen? Eliassen bietet Ihnen eine gro\u00dfe Auswahl an Steinstatuen in einem gro\u00dfen Showroom und online schnelle Lieferzei...","og_url":"https:\/\/dev.eliassen.nl\/de\/gartenstuhle-hand-2-stuck\/","og_site_name":"Eliassen.nl","article_publisher":"https:\/\/www.facebook.com\/TuincentrumEliassenAmmerzoden","article_modified_time":"2024-12-05T14:51:15+00:00","og_image":[{"width":1536,"height":2048,"url":"https:\/\/dev.eliassen.nl\/wp-content\/uploads\/2024\/01\/img202107301444051.jpg","type":"image\/jpeg"}],"twitter_card":"summary_large_image","schema":{"@context":"https:\/\/schema.org","@graph":[{"@type":"WebPage","@id":"https:\/\/dev.eliassen.nl\/de\/gartenstuhle-hand-2-stuck\/","url":"https:\/\/dev.eliassen.nl\/de\/gartenstuhle-hand-2-stuck\/","name":"Gartenst\u00fchle Hand 2 St\u00fcck","isPartOf":{"@id":"https:\/\/dev.eliassen.nl\/de\/#website"},"primaryImageOfPage":{"@id":"https:\/\/dev.eliassen.nl\/de\/gartenstuhle-hand-2-stuck\/#primaryimage"},"image":{"@id":"https:\/\/dev.eliassen.nl\/de\/gartenstuhle-hand-2-stuck\/#primaryimage"},"thumbnailUrl":"https:\/\/dev.eliassen.nl\/wp-content\/uploads\/2024\/01\/img202107301444051.jpg","datePublished":"2021-06-29T17:24:48+00:00","dateModified":"2024-12-05T14:51:15+00:00","description":"M\u00f6chten Sie Gartenst\u00fchle Hand 2 St\u00fcck kaufen? Eliassen bietet Ihnen eine gro\u00dfe Auswahl an Steinstatuen in einem gro\u00dfen Showroom und online schnelle Lieferzei...","breadcrumb":{"@id":"https:\/\/dev.eliassen.nl\/de\/gartenstuhle-hand-2-stuck\/#breadcrumb"},"inLanguage":"de","potentialAction":[{"@type":"ReadAction","target":["https:\/\/dev.eliassen.nl\/de\/gartenstuhle-hand-2-stuck\/"]}]},{"@type":"ImageObject","inLanguage":"de","@id":"https:\/\/dev.eliassen.nl\/de\/gartenstuhle-hand-2-stuck\/#primaryimage","url":"https:\/\/dev.eliassen.nl\/wp-content\/uploads\/2024\/01\/img202107301444051.jpg","contentUrl":"https:\/\/dev.eliassen.nl\/wp-content\/uploads\/2024\/01\/img202107301444051.jpg","width":1536,"height":2048,"caption":"IMG20210730144405 (1)"},{"@type":"BreadcrumbList","@id":"https:\/\/dev.eliassen.nl\/de\/gartenstuhle-hand-2-stuck\/#breadcrumb","itemListElement":[{"@type":"ListItem","position":1,"name":"Home","item":"https:\/\/dev.eliassen.nl\/de\/"},{"@type":"ListItem","position":2,"name":"Shop","item":"https:\/\/dev.eliassen.nl\/nl\/winkel\/"},{"@type":"ListItem","position":3,"name":"Statuen-Skulpturen","item":"https:\/\/dev.eliassen.nl\/de\/statuen-skulpturen\/"},{"@type":"ListItem","position":4,"name":"Betonstatuen","item":"https:\/\/dev.eliassen.nl\/de\/bilder\/betonstatuen\/"},{"@type":"ListItem","position":5,"name":"Gartenst\u00fchle Handstein 2 St\u00fcck 92cm"}]},{"@type":"WebSite","@id":"https:\/\/dev.eliassen.nl\/de\/#website","url":"https:\/\/dev.eliassen.nl\/de\/","name":"Eliassen Home & Garden Pleasure","description":"","publisher":{"@id":"https:\/\/dev.eliassen.nl\/de\/#organization"},"alternateName":"Eliassen.nl","potentialAction":[{"@type":"SearchAction","target":{"@type":"EntryPoint","urlTemplate":"https:\/\/dev.eliassen.nl\/de\/?s={search_term_string}"},"query-input":{"@type":"PropertyValueSpecification","valueRequired":true,"valueName":"search_term_string"}}],"inLanguage":"de"},{"@type":"Organization","@id":"https:\/\/dev.eliassen.nl\/de\/#organization","name":"Eliassen Home & Garden Pleasure","url":"https:\/\/dev.eliassen.nl\/de\/","logo":{"@type":"ImageObject","inLanguage":"de","@id":"https:\/\/dev.eliassen.nl\/de\/#\/schema\/logo\/image\/","url":"https:\/\/www.eliassen.nl\/wp-content\/uploads\/2024\/01\/logo_4nd.jpg","contentUrl":"https:\/\/www.eliassen.nl\/wp-content\/uploads\/2024\/01\/logo_4nd.jpg","width":500,"height":500,"caption":"Eliassen Home & Garden Pleasure"},"image":{"@id":"https:\/\/dev.eliassen.nl\/de\/#\/schema\/logo\/image\/"},"sameAs":["https:\/\/www.facebook.com\/TuincentrumEliassenAmmerzoden","https:\/\/www.instagram.com\/eliassenhomeandgarden\/","https:\/\/nl.pinterest.com\/eliassenhomeandgarden\/","https:\/\/www.youtube.com\/@eliassenhomegardenpleasure4558"]}]}},"df_price":675,"df_sale_price":"","df_regular_price":675,"df_image_link":"https:\/\/dev.eliassen.nl\/wp-content\/uploads\/2024\/01\/img202107301444051.jpg","image":"https:\/\/dev.eliassen.nl\/wp-content\/uploads\/2024\/01\/img202107301444051.jpg","price_search":"<span class=\"woocommerce-Price-amount amount\"><bdi><span class=\"woocommerce-Price-currencySymbol\">&euro;<\/span>&nbsp;675,00<\/bdi><\/span>","category":"Betonstatuen","_links":{"self":[{"href":"https:\/\/dev.eliassen.nl\/de\/wp-json\/wp\/v2\/product\/51844","targetHints":{"allow":["GET"]}}],"collection":[{"href":"https:\/\/dev.eliassen.nl\/de\/wp-json\/wp\/v2\/product"}],"about":[{"href":"https:\/\/dev.eliassen.nl\/de\/wp-json\/wp\/v2\/types\/product"}],"wp:featuredmedia":[{"embeddable":true,"href":"https:\/\/dev.eliassen.nl\/de\/wp-json\/wp\/v2\/media\/51829"}],"wp:attachment":[{"href":"https:\/\/dev.eliassen.nl\/de\/wp-json\/wp\/v2\/media?parent=51844"}],"wp:term":[{"taxonomy":"product_brand","embeddable":true,"href":"https:\/\/dev.eliassen.nl\/de\/wp-json\/wp\/v2\/product_brand?post=51844"},{"taxonomy":"product_cat","embeddable":true,"href":"https:\/\/dev.eliassen.nl\/de\/wp-json\/wp\/v2\/product_cat?post=51844"},{"taxonomy":"product_tag","embeddable":true,"href":"https:\/\/dev.eliassen.nl\/de\/wp-json\/wp\/v2\/product_tag?post=51844"}],"curies":[{"name":"wp","href":"https:\/\/api.w.org\/{rel}","templated":true}]}}