{"id":51853,"date":"2021-06-30T13:47:53","date_gmt":"2021-06-30T11:47:53","guid":{"rendered":"https:\/\/www.eliassen.nl\/?product=ganesha-op-lotus-zit-60cm"},"modified":"2024-12-05T15:51:16","modified_gmt":"2024-12-05T14:51:16","slug":"ganesha-sitzt-auf-lotus-60cm","status":"publish","type":"product","link":"https:\/\/dev.eliassen.nl\/de\/ganesha-sitzt-auf-lotus-60cm\/","title":{"rendered":"Ganesha sitzt auf Lotus 60cm"},"content":{"rendered":"<p>Sch\u00f6n detaillierter Ganesha, Hindu-Gott der Weisheit, sitzt im Lotus.<br \/>Aus Kunststein in Schwarzbraun.<br \/>Ma\u00dfe sind 60 cm hoch.<\/p>\n<ul>\n<li>H\u00f6he gr\u00f6\u00dfe: 60cm<\/li>\n<li>Farbe: schwarz\/braun<\/li>\n<li>Hochwertiger Gie\u00dfstein<\/li>\n<li>Geeignet f\u00fcr den Innen- und Au\u00dfenbereich<\/li>\n<li>Handgefertigt<\/li>\n<li>Schnell geliefert<\/li>\n<li><strong>Viele dieser Serien k\u00f6nnen Sie auch in unserem Gesch\u00e4ft ansehen<br \/><\/strong><br \/>Ganesha hat aufgrund eines tragischen Missverst\u00e4ndnisses seinen Elefantenkopf. Eines Tages, als Shiva (Vater) das Haus verl\u00e4sst, macht Parvati (Mutter) ihren Sohn Ganesha aus Hautschuppen und \u00d6len. Als Shiva nach Hause kam, w\u00fcrgte ihn der erwachende Ganesha auf dem Weg. Shiva glaubte es mit einem Rivalen zu tun und schnitt ihm den Kopf ab. Parvati war untr\u00f6stlich. Diener wurden angewiesen, f\u00fcr den Ungl\u00fccklichen, wenn n\u00f6tig, einen neuen Kopf aus dem ersten Lebewesen, das ihnen begegnete, zu finden. Es stellte sich heraus, dass es sich um einen Elefanten handelte, also ist Ganeshas Torso der Kopf eines Elefanten.<\/li>\n<\/ul>\n<p>So wurde er wieder lebendig, aber er musste sein Dasein mit einem neugierigen Kopf leben.<br \/>Ganesha wird oft als Sentinel dargestellt. Dann hat er einen Stock oder eine Axt in seinen vier H\u00e4nden. Mit der Axt schneidet er falsche Illusionen ab, mit dem Stock will er kontrollieren. Es gibt eine interessantere Symbolik, um seine Figur zu entdecken, wie es bei den meisten hinduistischen G\u00f6ttern der Fall ist.<br \/>Zum Beispiel symbolisiert eine abgebildete Seerose Ganeshas Furchtlosigkeit und Reinheit. Einer seiner Sto\u00dfz\u00e4hne ist manchmal gebrochen; Dies zeigt, dass selbst G\u00f6tter nicht perfekt sind. In einer seiner H\u00e4nde ist oft Reis ein Zeichen des \u00dcberflusses. Seine Krone ist nat\u00fcrlich ein Zeichen der Heiligkeit und seine kleinen Augen symbolisieren das Bed\u00fcrfnis, nach innen zu schauen und sich selbst zu verstehen.<br \/>Ganeshas Berg ist eine Ratte, die zeigt, dass Gro\u00df und Klein in Frieden miteinander leben k\u00f6nnen.<br \/>Ganesha ist der Gott der Weisheit, Gl\u00fccks- und Schutzbringer.<br \/>Zu Beginn jeder Reise, jedes Rituals und jedes gr\u00f6\u00dferen Ereignisses wird Ganesha zun\u00e4chst angerufen und verehrt.<\/p>\n","protected":false},"excerpt":{"rendered":"<p>Sch\u00f6n detaillierter Ganesha, Hindu-Gott der Weisheit, sitzt im Lotus.Aus Kunststein in Schwarzbraun.Ma\u00dfe sind 60 cm hoch. H\u00f6he gr\u00f6\u00dfe: 60cm Farbe: schwarz\/braun Hochwertiger Gie\u00dfstein Geeignet f\u00fcr den Innen- und Au\u00dfenbereich Handgefertigt Schnell geliefert Viele dieser Serien k\u00f6nnen Sie auch in unserem Gesch\u00e4ft ansehenGanesha hat aufgrund eines tragischen Missverst\u00e4ndnisses seinen Elefantenkopf. Eines Tages, als Shiva (Vater) das &hellip;<\/p>\n","protected":false},"featured_media":51847,"template":"","meta":{"_acf_changed":false},"product_brand":[],"product_cat":[677,686,7239],"product_tag":[],"class_list":{"0":"post-51853","1":"product","2":"type-product","3":"status-publish","4":"has-post-thumbnail","6":"product_cat-betonstatuen","7":"product_cat-hinduistische-bilder","8":"product_cat-statuen-skulpturen","10":"first","11":"instock","12":"taxable","13":"shipping-taxable","14":"purchasable","15":"product-type-simple"},"acf":[],"yoast_head":"<!-- This site is optimized with the Yoast SEO plugin v23.8 - https:\/\/yoast.com\/wordpress\/plugins\/seo\/ -->\n<title>Ganesha sitzt auf Lotus 60cm<\/title>\n<meta name=\"description\" content=\"M\u00f6chten Sie Ganesha sitzend auf Lotus 60cm kaufen? Eliassen bietet Ihnen eine gro\u00dfe Auswahl an Steinstatuen in einem gro\u00dfen Showroom und online schnelle Lief...\" \/>\n<meta name=\"robots\" content=\"noindex, follow, max-snippet:-1, max-image-preview:large, max-video-preview:-1\" \/>\n<meta property=\"og:locale\" content=\"de_DE\" \/>\n<meta property=\"og:type\" content=\"article\" \/>\n<meta property=\"og:title\" content=\"Ganesha sitzt auf Lotus 60cm\" \/>\n<meta property=\"og:description\" content=\"M\u00f6chten Sie Ganesha sitzend auf Lotus 60cm kaufen? Eliassen bietet Ihnen eine gro\u00dfe Auswahl an Steinstatuen in einem gro\u00dfen Showroom und online schnelle Lief...\" \/>\n<meta property=\"og:url\" content=\"https:\/\/dev.eliassen.nl\/de\/ganesha-sitzt-auf-lotus-60cm\/\" \/>\n<meta property=\"og:site_name\" content=\"Eliassen.nl\" \/>\n<meta property=\"article:publisher\" content=\"https:\/\/www.facebook.com\/TuincentrumEliassenAmmerzoden\" \/>\n<meta property=\"article:modified_time\" content=\"2024-12-05T14:51:16+00:00\" \/>\n<meta property=\"og:image\" content=\"https:\/\/dev.eliassen.nl\/wp-content\/uploads\/2024\/01\/mijnproject1_6nd.png\" \/>\n\t<meta property=\"og:image:width\" content=\"750\" \/>\n\t<meta property=\"og:image:height\" content=\"1000\" \/>\n\t<meta property=\"og:image:type\" content=\"image\/png\" \/>\n<meta name=\"twitter:card\" content=\"summary_large_image\" \/>\n<script type=\"application\/ld+json\" class=\"yoast-schema-graph\">{\"@context\":\"https:\/\/schema.org\",\"@graph\":[{\"@type\":\"WebPage\",\"@id\":\"https:\/\/dev.eliassen.nl\/de\/ganesha-sitzt-auf-lotus-60cm\/\",\"url\":\"https:\/\/dev.eliassen.nl\/de\/ganesha-sitzt-auf-lotus-60cm\/\",\"name\":\"Ganesha sitzt auf Lotus 60cm\",\"isPartOf\":{\"@id\":\"https:\/\/dev.eliassen.nl\/de\/#website\"},\"primaryImageOfPage\":{\"@id\":\"https:\/\/dev.eliassen.nl\/de\/ganesha-sitzt-auf-lotus-60cm\/#primaryimage\"},\"image\":{\"@id\":\"https:\/\/dev.eliassen.nl\/de\/ganesha-sitzt-auf-lotus-60cm\/#primaryimage\"},\"thumbnailUrl\":\"https:\/\/dev.eliassen.nl\/wp-content\/uploads\/2024\/01\/mijnproject1_6nd.png\",\"datePublished\":\"2021-06-30T11:47:53+00:00\",\"dateModified\":\"2024-12-05T14:51:16+00:00\",\"description\":\"M\u00f6chten Sie Ganesha sitzend auf Lotus 60cm kaufen? Eliassen bietet Ihnen eine gro\u00dfe Auswahl an Steinstatuen in einem gro\u00dfen Showroom und online schnelle Lief...\",\"breadcrumb\":{\"@id\":\"https:\/\/dev.eliassen.nl\/de\/ganesha-sitzt-auf-lotus-60cm\/#breadcrumb\"},\"inLanguage\":\"de\",\"potentialAction\":[{\"@type\":\"ReadAction\",\"target\":[\"https:\/\/dev.eliassen.nl\/de\/ganesha-sitzt-auf-lotus-60cm\/\"]}]},{\"@type\":\"ImageObject\",\"inLanguage\":\"de\",\"@id\":\"https:\/\/dev.eliassen.nl\/de\/ganesha-sitzt-auf-lotus-60cm\/#primaryimage\",\"url\":\"https:\/\/dev.eliassen.nl\/wp-content\/uploads\/2024\/01\/mijnproject1_6nd.png\",\"contentUrl\":\"https:\/\/dev.eliassen.nl\/wp-content\/uploads\/2024\/01\/mijnproject1_6nd.png\",\"width\":750,\"height\":1000,\"caption\":\"Mijn project (1)\"},{\"@type\":\"BreadcrumbList\",\"@id\":\"https:\/\/dev.eliassen.nl\/de\/ganesha-sitzt-auf-lotus-60cm\/#breadcrumb\",\"itemListElement\":[{\"@type\":\"ListItem\",\"position\":1,\"name\":\"Home\",\"item\":\"https:\/\/dev.eliassen.nl\/de\/\"},{\"@type\":\"ListItem\",\"position\":2,\"name\":\"Shop\",\"item\":\"https:\/\/dev.eliassen.nl\/nl\/winkel\/\"},{\"@type\":\"ListItem\",\"position\":3,\"name\":\"Statuen-Skulpturen\",\"item\":\"https:\/\/dev.eliassen.nl\/de\/statuen-skulpturen\/\"},{\"@type\":\"ListItem\",\"position\":4,\"name\":\"Betonstatuen\",\"item\":\"https:\/\/dev.eliassen.nl\/de\/bilder\/betonstatuen\/\"},{\"@type\":\"ListItem\",\"position\":5,\"name\":\"Hinduistische Bilder\",\"item\":\"https:\/\/dev.eliassen.nl\/de\/bilder\/betonstatuen\/hinduistische-bilder\/\"},{\"@type\":\"ListItem\",\"position\":6,\"name\":\"Ganesha sitzt auf Lotus 60cm\"}]},{\"@type\":\"WebSite\",\"@id\":\"https:\/\/dev.eliassen.nl\/de\/#website\",\"url\":\"https:\/\/dev.eliassen.nl\/de\/\",\"name\":\"Eliassen Home & Garden Pleasure\",\"description\":\"\",\"publisher\":{\"@id\":\"https:\/\/dev.eliassen.nl\/de\/#organization\"},\"alternateName\":\"Eliassen.nl\",\"potentialAction\":[{\"@type\":\"SearchAction\",\"target\":{\"@type\":\"EntryPoint\",\"urlTemplate\":\"https:\/\/dev.eliassen.nl\/de\/?s={search_term_string}\"},\"query-input\":{\"@type\":\"PropertyValueSpecification\",\"valueRequired\":true,\"valueName\":\"search_term_string\"}}],\"inLanguage\":\"de\"},{\"@type\":\"Organization\",\"@id\":\"https:\/\/dev.eliassen.nl\/de\/#organization\",\"name\":\"Eliassen Home & Garden Pleasure\",\"url\":\"https:\/\/dev.eliassen.nl\/de\/\",\"logo\":{\"@type\":\"ImageObject\",\"inLanguage\":\"de\",\"@id\":\"https:\/\/dev.eliassen.nl\/de\/#\/schema\/logo\/image\/\",\"url\":\"https:\/\/www.eliassen.nl\/wp-content\/uploads\/2024\/01\/logo_4nd.jpg\",\"contentUrl\":\"https:\/\/www.eliassen.nl\/wp-content\/uploads\/2024\/01\/logo_4nd.jpg\",\"width\":500,\"height\":500,\"caption\":\"Eliassen Home & Garden Pleasure\"},\"image\":{\"@id\":\"https:\/\/dev.eliassen.nl\/de\/#\/schema\/logo\/image\/\"},\"sameAs\":[\"https:\/\/www.facebook.com\/TuincentrumEliassenAmmerzoden\",\"https:\/\/www.instagram.com\/eliassenhomeandgarden\/\",\"https:\/\/nl.pinterest.com\/eliassenhomeandgarden\/\",\"https:\/\/www.youtube.com\/@eliassenhomegardenpleasure4558\"]}]}<\/script>\n<!-- \/ Yoast SEO plugin. -->","yoast_head_json":{"title":"Ganesha sitzt auf Lotus 60cm","description":"M\u00f6chten Sie Ganesha sitzend auf Lotus 60cm kaufen? Eliassen bietet Ihnen eine gro\u00dfe Auswahl an Steinstatuen in einem gro\u00dfen Showroom und online schnelle Lief...","robots":{"index":"noindex","follow":"follow","max-snippet":"max-snippet:-1","max-image-preview":"max-image-preview:large","max-video-preview":"max-video-preview:-1"},"og_locale":"de_DE","og_type":"article","og_title":"Ganesha sitzt auf Lotus 60cm","og_description":"M\u00f6chten Sie Ganesha sitzend auf Lotus 60cm kaufen? Eliassen bietet Ihnen eine gro\u00dfe Auswahl an Steinstatuen in einem gro\u00dfen Showroom und online schnelle Lief...","og_url":"https:\/\/dev.eliassen.nl\/de\/ganesha-sitzt-auf-lotus-60cm\/","og_site_name":"Eliassen.nl","article_publisher":"https:\/\/www.facebook.com\/TuincentrumEliassenAmmerzoden","article_modified_time":"2024-12-05T14:51:16+00:00","og_image":[{"width":750,"height":1000,"url":"https:\/\/dev.eliassen.nl\/wp-content\/uploads\/2024\/01\/mijnproject1_6nd.png","type":"image\/png"}],"twitter_card":"summary_large_image","schema":{"@context":"https:\/\/schema.org","@graph":[{"@type":"WebPage","@id":"https:\/\/dev.eliassen.nl\/de\/ganesha-sitzt-auf-lotus-60cm\/","url":"https:\/\/dev.eliassen.nl\/de\/ganesha-sitzt-auf-lotus-60cm\/","name":"Ganesha sitzt auf Lotus 60cm","isPartOf":{"@id":"https:\/\/dev.eliassen.nl\/de\/#website"},"primaryImageOfPage":{"@id":"https:\/\/dev.eliassen.nl\/de\/ganesha-sitzt-auf-lotus-60cm\/#primaryimage"},"image":{"@id":"https:\/\/dev.eliassen.nl\/de\/ganesha-sitzt-auf-lotus-60cm\/#primaryimage"},"thumbnailUrl":"https:\/\/dev.eliassen.nl\/wp-content\/uploads\/2024\/01\/mijnproject1_6nd.png","datePublished":"2021-06-30T11:47:53+00:00","dateModified":"2024-12-05T14:51:16+00:00","description":"M\u00f6chten Sie Ganesha sitzend auf Lotus 60cm kaufen? Eliassen bietet Ihnen eine gro\u00dfe Auswahl an Steinstatuen in einem gro\u00dfen Showroom und online schnelle Lief...","breadcrumb":{"@id":"https:\/\/dev.eliassen.nl\/de\/ganesha-sitzt-auf-lotus-60cm\/#breadcrumb"},"inLanguage":"de","potentialAction":[{"@type":"ReadAction","target":["https:\/\/dev.eliassen.nl\/de\/ganesha-sitzt-auf-lotus-60cm\/"]}]},{"@type":"ImageObject","inLanguage":"de","@id":"https:\/\/dev.eliassen.nl\/de\/ganesha-sitzt-auf-lotus-60cm\/#primaryimage","url":"https:\/\/dev.eliassen.nl\/wp-content\/uploads\/2024\/01\/mijnproject1_6nd.png","contentUrl":"https:\/\/dev.eliassen.nl\/wp-content\/uploads\/2024\/01\/mijnproject1_6nd.png","width":750,"height":1000,"caption":"Mijn project (1)"},{"@type":"BreadcrumbList","@id":"https:\/\/dev.eliassen.nl\/de\/ganesha-sitzt-auf-lotus-60cm\/#breadcrumb","itemListElement":[{"@type":"ListItem","position":1,"name":"Home","item":"https:\/\/dev.eliassen.nl\/de\/"},{"@type":"ListItem","position":2,"name":"Shop","item":"https:\/\/dev.eliassen.nl\/nl\/winkel\/"},{"@type":"ListItem","position":3,"name":"Statuen-Skulpturen","item":"https:\/\/dev.eliassen.nl\/de\/statuen-skulpturen\/"},{"@type":"ListItem","position":4,"name":"Betonstatuen","item":"https:\/\/dev.eliassen.nl\/de\/bilder\/betonstatuen\/"},{"@type":"ListItem","position":5,"name":"Hinduistische Bilder","item":"https:\/\/dev.eliassen.nl\/de\/bilder\/betonstatuen\/hinduistische-bilder\/"},{"@type":"ListItem","position":6,"name":"Ganesha sitzt auf Lotus 60cm"}]},{"@type":"WebSite","@id":"https:\/\/dev.eliassen.nl\/de\/#website","url":"https:\/\/dev.eliassen.nl\/de\/","name":"Eliassen Home & Garden Pleasure","description":"","publisher":{"@id":"https:\/\/dev.eliassen.nl\/de\/#organization"},"alternateName":"Eliassen.nl","potentialAction":[{"@type":"SearchAction","target":{"@type":"EntryPoint","urlTemplate":"https:\/\/dev.eliassen.nl\/de\/?s={search_term_string}"},"query-input":{"@type":"PropertyValueSpecification","valueRequired":true,"valueName":"search_term_string"}}],"inLanguage":"de"},{"@type":"Organization","@id":"https:\/\/dev.eliassen.nl\/de\/#organization","name":"Eliassen Home & Garden Pleasure","url":"https:\/\/dev.eliassen.nl\/de\/","logo":{"@type":"ImageObject","inLanguage":"de","@id":"https:\/\/dev.eliassen.nl\/de\/#\/schema\/logo\/image\/","url":"https:\/\/www.eliassen.nl\/wp-content\/uploads\/2024\/01\/logo_4nd.jpg","contentUrl":"https:\/\/www.eliassen.nl\/wp-content\/uploads\/2024\/01\/logo_4nd.jpg","width":500,"height":500,"caption":"Eliassen Home & Garden Pleasure"},"image":{"@id":"https:\/\/dev.eliassen.nl\/de\/#\/schema\/logo\/image\/"},"sameAs":["https:\/\/www.facebook.com\/TuincentrumEliassenAmmerzoden","https:\/\/www.instagram.com\/eliassenhomeandgarden\/","https:\/\/nl.pinterest.com\/eliassenhomeandgarden\/","https:\/\/www.youtube.com\/@eliassenhomegardenpleasure4558"]}]}},"df_price":165,"df_sale_price":"","df_regular_price":165,"df_image_link":"https:\/\/dev.eliassen.nl\/wp-content\/uploads\/2024\/01\/mijnproject1_6nd.png","image":"https:\/\/dev.eliassen.nl\/wp-content\/uploads\/2024\/01\/mijnproject1_6nd.png","price_search":"<span class=\"woocommerce-Price-amount amount\"><bdi><span class=\"woocommerce-Price-currencySymbol\">&euro;<\/span>&nbsp;165,00<\/bdi><\/span>","category":"Betonstatuen","_links":{"self":[{"href":"https:\/\/dev.eliassen.nl\/de\/wp-json\/wp\/v2\/product\/51853","targetHints":{"allow":["GET"]}}],"collection":[{"href":"https:\/\/dev.eliassen.nl\/de\/wp-json\/wp\/v2\/product"}],"about":[{"href":"https:\/\/dev.eliassen.nl\/de\/wp-json\/wp\/v2\/types\/product"}],"wp:featuredmedia":[{"embeddable":true,"href":"https:\/\/dev.eliassen.nl\/de\/wp-json\/wp\/v2\/media\/51847"}],"wp:attachment":[{"href":"https:\/\/dev.eliassen.nl\/de\/wp-json\/wp\/v2\/media?parent=51853"}],"wp:term":[{"taxonomy":"product_brand","embeddable":true,"href":"https:\/\/dev.eliassen.nl\/de\/wp-json\/wp\/v2\/product_brand?post=51853"},{"taxonomy":"product_cat","embeddable":true,"href":"https:\/\/dev.eliassen.nl\/de\/wp-json\/wp\/v2\/product_cat?post=51853"},{"taxonomy":"product_tag","embeddable":true,"href":"https:\/\/dev.eliassen.nl\/de\/wp-json\/wp\/v2\/product_tag?post=51853"}],"curies":[{"name":"wp","href":"https:\/\/api.w.org\/{rel}","templated":true}]}}