{"id":51916,"date":"2021-06-30T15:50:02","date_gmt":"2021-06-30T13:50:02","guid":{"rendered":"https:\/\/www.eliassen.nl\/?product=primitieve-timor-bewoners-beeldenpaar"},"modified":"2024-12-05T15:51:19","modified_gmt":"2024-12-05T14:51:19","slug":"primitives-statuenpaar-der-bewohner-von-timor","status":"publish","type":"product","link":"https:\/\/dev.eliassen.nl\/de\/primitives-statuenpaar-der-bewohner-von-timor\/","title":{"rendered":"Primitives Statuenpaar der Bewohner von Timor"},"content":{"rendered":"<p>Primitive Bewohner Timors Statuenpaar aus hochwertigem Kunststein, 60 cm hoch, Statue kann drinnen und drau\u00dfen aufgestellt werden.<\/p>\n<p>Schwarz gef\u00e4rbt, mit ockerfarbener Waschung.<\/p>\n<p>Kommen Sie gerne vorbei und sehen Sie sich diese Serie in unserem B\u00fcro an, am besten nach Ihrem Anruf.<\/p>\n<p>Foto kann immer in Form und Farbe abweichen, da es sich um Handarbeit handelt.<\/p>\n<p>\u00a0<\/p>\n<ul>\n<li>H\u00f6hengr\u00f6\u00dfe: 24x24x64cm und 26x26x66cm<\/li>\n<li>Farbe: schwarz\/braun<\/li>\n<li>Hochwertiger Gie\u00dfstein<\/li>\n<li>Geeignet f\u00fcr den Innen- und Au\u00dfenbereich<\/li>\n<li>Handgefertigt<\/li>\n<li>Schnell geliefert<\/li>\n<li>Viele dieser Serien k\u00f6nnen Sie auch in unserem Gesch\u00e4ft ansehen<\/li>\n<\/ul>\n","protected":false},"excerpt":{"rendered":"<p>Primitive Bewohner Timors Statuenpaar aus hochwertigem Kunststein, 60 cm hoch, Statue kann drinnen und drau\u00dfen aufgestellt werden. Schwarz gef\u00e4rbt, mit ockerfarbener Waschung. Kommen Sie gerne vorbei und sehen Sie sich diese Serie in unserem B\u00fcro an, am besten nach Ihrem Anruf. Foto kann immer in Form und Farbe abweichen, da es sich um Handarbeit handelt. &hellip;<\/p>\n","protected":false},"featured_media":51895,"template":"","meta":{"_acf_changed":false},"product_brand":[],"product_cat":[704,677,7076],"product_tag":[],"class_list":{"0":"post-51916","1":"product","2":"type-product","3":"status-publish","4":"has-post-thumbnail","6":"product_cat-andere-modelle-gartenstatuen","7":"product_cat-betonstatuen","8":"product_cat-statues-figures","10":"first","11":"instock","12":"taxable","13":"shipping-taxable","14":"purchasable","15":"product-type-simple"},"acf":[],"yoast_head":"<!-- This site is optimized with the Yoast SEO plugin v23.8 - https:\/\/yoast.com\/wordpress\/plugins\/seo\/ -->\n<title>Primitives Statuenpaar der Bewohner von Timor<\/title>\n<meta name=\"description\" content=\"Primitive Timor-Bewohner kaufen? Eliassen bietet Ihnen eine gro\u00dfe Auswahl an Steingussstatuen in einem gro\u00dfen Ausstellungsraum und schnellen Versand.\" \/>\n<meta name=\"robots\" content=\"noindex, follow, max-snippet:-1, max-image-preview:large, max-video-preview:-1\" \/>\n<meta property=\"og:locale\" content=\"de_DE\" \/>\n<meta property=\"og:type\" content=\"article\" \/>\n<meta property=\"og:title\" content=\"Primitives Statuenpaar der Bewohner von Timor\" \/>\n<meta property=\"og:description\" content=\"Primitive Timor-Bewohner kaufen? Eliassen bietet Ihnen eine gro\u00dfe Auswahl an Steingussstatuen in einem gro\u00dfen Ausstellungsraum und schnellen Versand.\" \/>\n<meta property=\"og:url\" content=\"https:\/\/dev.eliassen.nl\/de\/primitives-statuenpaar-der-bewohner-von-timor\/\" \/>\n<meta property=\"og:site_name\" content=\"Eliassen.nl\" \/>\n<meta property=\"article:publisher\" content=\"https:\/\/www.facebook.com\/TuincentrumEliassenAmmerzoden\" \/>\n<meta property=\"article:modified_time\" content=\"2024-12-05T14:51:19+00:00\" \/>\n<meta property=\"og:image\" content=\"https:\/\/dev.eliassen.nl\/wp-content\/uploads\/2024\/01\/img20220727135639.jpg\" \/>\n\t<meta property=\"og:image:width\" content=\"1536\" \/>\n\t<meta property=\"og:image:height\" content=\"2048\" \/>\n\t<meta property=\"og:image:type\" content=\"image\/jpeg\" \/>\n<meta name=\"twitter:card\" content=\"summary_large_image\" \/>\n<script type=\"application\/ld+json\" class=\"yoast-schema-graph\">{\"@context\":\"https:\/\/schema.org\",\"@graph\":[{\"@type\":\"WebPage\",\"@id\":\"https:\/\/dev.eliassen.nl\/de\/primitives-statuenpaar-der-bewohner-von-timor\/\",\"url\":\"https:\/\/dev.eliassen.nl\/de\/primitives-statuenpaar-der-bewohner-von-timor\/\",\"name\":\"Primitives Statuenpaar der Bewohner von Timor\",\"isPartOf\":{\"@id\":\"https:\/\/dev.eliassen.nl\/de\/#website\"},\"primaryImageOfPage\":{\"@id\":\"https:\/\/dev.eliassen.nl\/de\/primitives-statuenpaar-der-bewohner-von-timor\/#primaryimage\"},\"image\":{\"@id\":\"https:\/\/dev.eliassen.nl\/de\/primitives-statuenpaar-der-bewohner-von-timor\/#primaryimage\"},\"thumbnailUrl\":\"https:\/\/dev.eliassen.nl\/wp-content\/uploads\/2024\/01\/img20220727135639.jpg\",\"datePublished\":\"2021-06-30T13:50:02+00:00\",\"dateModified\":\"2024-12-05T14:51:19+00:00\",\"description\":\"Primitive Timor-Bewohner kaufen? Eliassen bietet Ihnen eine gro\u00dfe Auswahl an Steingussstatuen in einem gro\u00dfen Ausstellungsraum und schnellen Versand.\",\"breadcrumb\":{\"@id\":\"https:\/\/dev.eliassen.nl\/de\/primitives-statuenpaar-der-bewohner-von-timor\/#breadcrumb\"},\"inLanguage\":\"de\",\"potentialAction\":[{\"@type\":\"ReadAction\",\"target\":[\"https:\/\/dev.eliassen.nl\/de\/primitives-statuenpaar-der-bewohner-von-timor\/\"]}]},{\"@type\":\"ImageObject\",\"inLanguage\":\"de\",\"@id\":\"https:\/\/dev.eliassen.nl\/de\/primitives-statuenpaar-der-bewohner-von-timor\/#primaryimage\",\"url\":\"https:\/\/dev.eliassen.nl\/wp-content\/uploads\/2024\/01\/img20220727135639.jpg\",\"contentUrl\":\"https:\/\/dev.eliassen.nl\/wp-content\/uploads\/2024\/01\/img20220727135639.jpg\",\"width\":1536,\"height\":2048,\"caption\":\"IMG_20220727_135639\"},{\"@type\":\"BreadcrumbList\",\"@id\":\"https:\/\/dev.eliassen.nl\/de\/primitives-statuenpaar-der-bewohner-von-timor\/#breadcrumb\",\"itemListElement\":[{\"@type\":\"ListItem\",\"position\":1,\"name\":\"Home\",\"item\":\"https:\/\/dev.eliassen.nl\/de\/\"},{\"@type\":\"ListItem\",\"position\":2,\"name\":\"Shop\",\"item\":\"https:\/\/dev.eliassen.nl\/nl\/winkel\/\"},{\"@type\":\"ListItem\",\"position\":3,\"name\":\"Statuen-Skulpturen\",\"item\":\"https:\/\/dev.eliassen.nl\/de\/statuen-skulpturen\/\"},{\"@type\":\"ListItem\",\"position\":4,\"name\":\"Betonstatuen\",\"item\":\"https:\/\/dev.eliassen.nl\/de\/bilder\/betonstatuen\/\"},{\"@type\":\"ListItem\",\"position\":5,\"name\":\"Andere Modelle Gartenstatuen\",\"item\":\"https:\/\/dev.eliassen.nl\/de\/bilder\/betonstatuen\/andere-modelle-gartenstatuen\/\"},{\"@type\":\"ListItem\",\"position\":6,\"name\":\"Primitives Statuenpaar der Bewohner von Timor\"}]},{\"@type\":\"WebSite\",\"@id\":\"https:\/\/dev.eliassen.nl\/de\/#website\",\"url\":\"https:\/\/dev.eliassen.nl\/de\/\",\"name\":\"Eliassen Home & Garden Pleasure\",\"description\":\"\",\"publisher\":{\"@id\":\"https:\/\/dev.eliassen.nl\/de\/#organization\"},\"alternateName\":\"Eliassen.nl\",\"potentialAction\":[{\"@type\":\"SearchAction\",\"target\":{\"@type\":\"EntryPoint\",\"urlTemplate\":\"https:\/\/dev.eliassen.nl\/de\/?s={search_term_string}\"},\"query-input\":{\"@type\":\"PropertyValueSpecification\",\"valueRequired\":true,\"valueName\":\"search_term_string\"}}],\"inLanguage\":\"de\"},{\"@type\":\"Organization\",\"@id\":\"https:\/\/dev.eliassen.nl\/de\/#organization\",\"name\":\"Eliassen Home & Garden Pleasure\",\"url\":\"https:\/\/dev.eliassen.nl\/de\/\",\"logo\":{\"@type\":\"ImageObject\",\"inLanguage\":\"de\",\"@id\":\"https:\/\/dev.eliassen.nl\/de\/#\/schema\/logo\/image\/\",\"url\":\"https:\/\/www.eliassen.nl\/wp-content\/uploads\/2024\/01\/logo_4nd.jpg\",\"contentUrl\":\"https:\/\/www.eliassen.nl\/wp-content\/uploads\/2024\/01\/logo_4nd.jpg\",\"width\":500,\"height\":500,\"caption\":\"Eliassen Home & Garden Pleasure\"},\"image\":{\"@id\":\"https:\/\/dev.eliassen.nl\/de\/#\/schema\/logo\/image\/\"},\"sameAs\":[\"https:\/\/www.facebook.com\/TuincentrumEliassenAmmerzoden\",\"https:\/\/www.instagram.com\/eliassenhomeandgarden\/\",\"https:\/\/nl.pinterest.com\/eliassenhomeandgarden\/\",\"https:\/\/www.youtube.com\/@eliassenhomegardenpleasure4558\"]}]}<\/script>\n<!-- \/ Yoast SEO plugin. -->","yoast_head_json":{"title":"Primitives Statuenpaar der Bewohner von Timor","description":"Primitive Timor-Bewohner kaufen? Eliassen bietet Ihnen eine gro\u00dfe Auswahl an Steingussstatuen in einem gro\u00dfen Ausstellungsraum und schnellen Versand.","robots":{"index":"noindex","follow":"follow","max-snippet":"max-snippet:-1","max-image-preview":"max-image-preview:large","max-video-preview":"max-video-preview:-1"},"og_locale":"de_DE","og_type":"article","og_title":"Primitives Statuenpaar der Bewohner von Timor","og_description":"Primitive Timor-Bewohner kaufen? Eliassen bietet Ihnen eine gro\u00dfe Auswahl an Steingussstatuen in einem gro\u00dfen Ausstellungsraum und schnellen Versand.","og_url":"https:\/\/dev.eliassen.nl\/de\/primitives-statuenpaar-der-bewohner-von-timor\/","og_site_name":"Eliassen.nl","article_publisher":"https:\/\/www.facebook.com\/TuincentrumEliassenAmmerzoden","article_modified_time":"2024-12-05T14:51:19+00:00","og_image":[{"width":1536,"height":2048,"url":"https:\/\/dev.eliassen.nl\/wp-content\/uploads\/2024\/01\/img20220727135639.jpg","type":"image\/jpeg"}],"twitter_card":"summary_large_image","schema":{"@context":"https:\/\/schema.org","@graph":[{"@type":"WebPage","@id":"https:\/\/dev.eliassen.nl\/de\/primitives-statuenpaar-der-bewohner-von-timor\/","url":"https:\/\/dev.eliassen.nl\/de\/primitives-statuenpaar-der-bewohner-von-timor\/","name":"Primitives Statuenpaar der Bewohner von Timor","isPartOf":{"@id":"https:\/\/dev.eliassen.nl\/de\/#website"},"primaryImageOfPage":{"@id":"https:\/\/dev.eliassen.nl\/de\/primitives-statuenpaar-der-bewohner-von-timor\/#primaryimage"},"image":{"@id":"https:\/\/dev.eliassen.nl\/de\/primitives-statuenpaar-der-bewohner-von-timor\/#primaryimage"},"thumbnailUrl":"https:\/\/dev.eliassen.nl\/wp-content\/uploads\/2024\/01\/img20220727135639.jpg","datePublished":"2021-06-30T13:50:02+00:00","dateModified":"2024-12-05T14:51:19+00:00","description":"Primitive Timor-Bewohner kaufen? Eliassen bietet Ihnen eine gro\u00dfe Auswahl an Steingussstatuen in einem gro\u00dfen Ausstellungsraum und schnellen Versand.","breadcrumb":{"@id":"https:\/\/dev.eliassen.nl\/de\/primitives-statuenpaar-der-bewohner-von-timor\/#breadcrumb"},"inLanguage":"de","potentialAction":[{"@type":"ReadAction","target":["https:\/\/dev.eliassen.nl\/de\/primitives-statuenpaar-der-bewohner-von-timor\/"]}]},{"@type":"ImageObject","inLanguage":"de","@id":"https:\/\/dev.eliassen.nl\/de\/primitives-statuenpaar-der-bewohner-von-timor\/#primaryimage","url":"https:\/\/dev.eliassen.nl\/wp-content\/uploads\/2024\/01\/img20220727135639.jpg","contentUrl":"https:\/\/dev.eliassen.nl\/wp-content\/uploads\/2024\/01\/img20220727135639.jpg","width":1536,"height":2048,"caption":"IMG_20220727_135639"},{"@type":"BreadcrumbList","@id":"https:\/\/dev.eliassen.nl\/de\/primitives-statuenpaar-der-bewohner-von-timor\/#breadcrumb","itemListElement":[{"@type":"ListItem","position":1,"name":"Home","item":"https:\/\/dev.eliassen.nl\/de\/"},{"@type":"ListItem","position":2,"name":"Shop","item":"https:\/\/dev.eliassen.nl\/nl\/winkel\/"},{"@type":"ListItem","position":3,"name":"Statuen-Skulpturen","item":"https:\/\/dev.eliassen.nl\/de\/statuen-skulpturen\/"},{"@type":"ListItem","position":4,"name":"Betonstatuen","item":"https:\/\/dev.eliassen.nl\/de\/bilder\/betonstatuen\/"},{"@type":"ListItem","position":5,"name":"Andere Modelle Gartenstatuen","item":"https:\/\/dev.eliassen.nl\/de\/bilder\/betonstatuen\/andere-modelle-gartenstatuen\/"},{"@type":"ListItem","position":6,"name":"Primitives Statuenpaar der Bewohner von Timor"}]},{"@type":"WebSite","@id":"https:\/\/dev.eliassen.nl\/de\/#website","url":"https:\/\/dev.eliassen.nl\/de\/","name":"Eliassen Home & Garden Pleasure","description":"","publisher":{"@id":"https:\/\/dev.eliassen.nl\/de\/#organization"},"alternateName":"Eliassen.nl","potentialAction":[{"@type":"SearchAction","target":{"@type":"EntryPoint","urlTemplate":"https:\/\/dev.eliassen.nl\/de\/?s={search_term_string}"},"query-input":{"@type":"PropertyValueSpecification","valueRequired":true,"valueName":"search_term_string"}}],"inLanguage":"de"},{"@type":"Organization","@id":"https:\/\/dev.eliassen.nl\/de\/#organization","name":"Eliassen Home & Garden Pleasure","url":"https:\/\/dev.eliassen.nl\/de\/","logo":{"@type":"ImageObject","inLanguage":"de","@id":"https:\/\/dev.eliassen.nl\/de\/#\/schema\/logo\/image\/","url":"https:\/\/www.eliassen.nl\/wp-content\/uploads\/2024\/01\/logo_4nd.jpg","contentUrl":"https:\/\/www.eliassen.nl\/wp-content\/uploads\/2024\/01\/logo_4nd.jpg","width":500,"height":500,"caption":"Eliassen Home & Garden Pleasure"},"image":{"@id":"https:\/\/dev.eliassen.nl\/de\/#\/schema\/logo\/image\/"},"sameAs":["https:\/\/www.facebook.com\/TuincentrumEliassenAmmerzoden","https:\/\/www.instagram.com\/eliassenhomeandgarden\/","https:\/\/nl.pinterest.com\/eliassenhomeandgarden\/","https:\/\/www.youtube.com\/@eliassenhomegardenpleasure4558"]}]}},"df_price":210,"df_sale_price":"","df_regular_price":210,"df_image_link":"https:\/\/dev.eliassen.nl\/wp-content\/uploads\/2024\/01\/img20220727135639.jpg","image":"https:\/\/dev.eliassen.nl\/wp-content\/uploads\/2024\/01\/img20220727135639.jpg","price_search":"<span class=\"woocommerce-Price-amount amount\"><bdi><span class=\"woocommerce-Price-currencySymbol\">&euro;<\/span>&nbsp;210,00<\/bdi><\/span>","category":"Andere Modelle Gartenstatuen","_links":{"self":[{"href":"https:\/\/dev.eliassen.nl\/de\/wp-json\/wp\/v2\/product\/51916","targetHints":{"allow":["GET"]}}],"collection":[{"href":"https:\/\/dev.eliassen.nl\/de\/wp-json\/wp\/v2\/product"}],"about":[{"href":"https:\/\/dev.eliassen.nl\/de\/wp-json\/wp\/v2\/types\/product"}],"wp:featuredmedia":[{"embeddable":true,"href":"https:\/\/dev.eliassen.nl\/de\/wp-json\/wp\/v2\/media\/51895"}],"wp:attachment":[{"href":"https:\/\/dev.eliassen.nl\/de\/wp-json\/wp\/v2\/media?parent=51916"}],"wp:term":[{"taxonomy":"product_brand","embeddable":true,"href":"https:\/\/dev.eliassen.nl\/de\/wp-json\/wp\/v2\/product_brand?post=51916"},{"taxonomy":"product_cat","embeddable":true,"href":"https:\/\/dev.eliassen.nl\/de\/wp-json\/wp\/v2\/product_cat?post=51916"},{"taxonomy":"product_tag","embeddable":true,"href":"https:\/\/dev.eliassen.nl\/de\/wp-json\/wp\/v2\/product_tag?post=51916"}],"curies":[{"name":"wp","href":"https:\/\/api.w.org\/{rel}","templated":true}]}}