{"id":51967,"date":"2021-07-02T11:08:12","date_gmt":"2021-07-02T09:08:12","guid":{"rendered":"https:\/\/www.eliassen.nl\/?product=fonteinpompje-pondpower-450"},"modified":"2024-12-05T15:51:28","modified_gmt":"2024-12-05T14:51:28","slug":"brunnenpumpe-pondpower-450","status":"publish","type":"product","link":"https:\/\/dev.eliassen.nl\/de\/brunnenpumpe-pondpower-450\/","title":{"rendered":"Brunnenpumpe Pondpower 450"},"content":{"rendered":"<h3><span style=\"font-size: 14px;\">Aufgrund ihrer extra kleinen Gr\u00f6\u00dfe ist diese Pond-Power 450 Springbrunnenpumpe einfach \u00fcberall zu installieren. Diese Umw\u00e4lzpumpe von Superfish ist ideal zum Erh\u00f6hen und Umw\u00e4lzen von Wasser in (Raum-)Brunnen und den kleineren Wasserspielen. Diese Pumpe ist mit einem Wasserregler ausgestattet<\/span><\/h3>\n<div id=\"pdetailInfoText\" class=\"cms-styling\">\n<p><strong>Spezifikationen<\/strong><br \/>Leistung: 450 l\/h<br \/>Verbrauch: 6 Watt<br \/>Kopf: maximal 0,8 m<br \/>Kabell\u00e4nge: 10 Meter<br \/>Garantie: 2 Jahre<br \/>Auspuff: 9 oder 12 mm<br \/>Abmessungen: 75 x 43 x 62 mm<\/p>\n<\/div>\n","protected":false},"excerpt":{"rendered":"<p>Aufgrund ihrer extra kleinen Gr\u00f6\u00dfe ist diese Pond-Power 450 Springbrunnenpumpe einfach \u00fcberall zu installieren. Diese Umw\u00e4lzpumpe von Superfish ist ideal zum Erh\u00f6hen und Umw\u00e4lzen von Wasser in (Raum-)Brunnen und den kleineren Wasserspielen. Diese Pumpe ist mit einem Wasserregler ausgestattet SpezifikationenLeistung: 450 l\/hVerbrauch: 6 WattKopf: maximal 0,8 mKabell\u00e4nge: 10 MeterGarantie: 2 JahreAuspuff: 9 oder 12 mmAbmessungen: &hellip;<\/p>\n","protected":false},"featured_media":51964,"template":"","meta":{"_acf_changed":false},"product_brand":[],"product_cat":[545,536],"product_tag":[],"class_list":{"0":"post-51967","1":"product","2":"type-product","3":"status-publish","4":"has-post-thumbnail","6":"product_cat-teile-wasserspiele","7":"product_cat-wassereigenschaften","9":"first","10":"instock","11":"taxable","12":"shipping-taxable","13":"purchasable","14":"product-type-simple"},"acf":[],"yoast_head":"<!-- This site is optimized with the Yoast SEO plugin v23.8 - https:\/\/yoast.com\/wordpress\/plugins\/seo\/ -->\n<title>Fonteinpomp Pondpower 450<\/title>\n<meta name=\"robots\" content=\"noindex, follow, max-snippet:-1, max-image-preview:large, max-video-preview:-1\" \/>\n<meta property=\"og:locale\" content=\"de_DE\" \/>\n<meta property=\"og:type\" content=\"article\" \/>\n<meta property=\"og:title\" content=\"Fonteinpomp Pondpower 450\" \/>\n<meta property=\"og:description\" content=\"Aufgrund ihrer extra kleinen Gr\u00f6\u00dfe ist diese Pond-Power 450 Springbrunnenpumpe einfach \u00fcberall zu installieren. Diese Umw\u00e4lzpumpe von Superfish ist ideal zum Erh\u00f6hen und Umw\u00e4lzen von Wasser in (Raum-)Brunnen und den kleineren Wasserspielen. Diese Pumpe ist mit einem Wasserregler ausgestattet SpezifikationenLeistung: 450 l\/hVerbrauch: 6 WattKopf: maximal 0,8 mKabell\u00e4nge: 10 MeterGarantie: 2 JahreAuspuff: 9 oder 12 mmAbmessungen: &hellip;\" \/>\n<meta property=\"og:url\" content=\"https:\/\/dev.eliassen.nl\/de\/brunnenpumpe-pondpower-450\/\" \/>\n<meta property=\"og:site_name\" content=\"Eliassen.nl\" \/>\n<meta property=\"article:publisher\" content=\"https:\/\/www.facebook.com\/TuincentrumEliassenAmmerzoden\" \/>\n<meta property=\"article:modified_time\" content=\"2024-12-05T14:51:28+00:00\" \/>\n<meta property=\"og:image\" content=\"https:\/\/dev.eliassen.nl\/wp-content\/uploads\/2024\/01\/image.png\" \/>\n\t<meta property=\"og:image:width\" content=\"511\" \/>\n\t<meta property=\"og:image:height\" content=\"513\" \/>\n\t<meta property=\"og:image:type\" content=\"image\/png\" \/>\n<meta name=\"twitter:card\" content=\"summary_large_image\" \/>\n<script type=\"application\/ld+json\" class=\"yoast-schema-graph\">{\"@context\":\"https:\/\/schema.org\",\"@graph\":[{\"@type\":\"WebPage\",\"@id\":\"https:\/\/dev.eliassen.nl\/de\/brunnenpumpe-pondpower-450\/\",\"url\":\"https:\/\/dev.eliassen.nl\/de\/brunnenpumpe-pondpower-450\/\",\"name\":\"Fonteinpomp Pondpower 450\",\"isPartOf\":{\"@id\":\"https:\/\/dev.eliassen.nl\/de\/#website\"},\"primaryImageOfPage\":{\"@id\":\"https:\/\/dev.eliassen.nl\/de\/brunnenpumpe-pondpower-450\/#primaryimage\"},\"image\":{\"@id\":\"https:\/\/dev.eliassen.nl\/de\/brunnenpumpe-pondpower-450\/#primaryimage\"},\"thumbnailUrl\":\"https:\/\/dev.eliassen.nl\/wp-content\/uploads\/2024\/01\/image.png\",\"datePublished\":\"2021-07-02T09:08:12+00:00\",\"dateModified\":\"2024-12-05T14:51:28+00:00\",\"breadcrumb\":{\"@id\":\"https:\/\/dev.eliassen.nl\/de\/brunnenpumpe-pondpower-450\/#breadcrumb\"},\"inLanguage\":\"de\",\"potentialAction\":[{\"@type\":\"ReadAction\",\"target\":[\"https:\/\/dev.eliassen.nl\/de\/brunnenpumpe-pondpower-450\/\"]}]},{\"@type\":\"ImageObject\",\"inLanguage\":\"de\",\"@id\":\"https:\/\/dev.eliassen.nl\/de\/brunnenpumpe-pondpower-450\/#primaryimage\",\"url\":\"https:\/\/dev.eliassen.nl\/wp-content\/uploads\/2024\/01\/image.png\",\"contentUrl\":\"https:\/\/dev.eliassen.nl\/wp-content\/uploads\/2024\/01\/image.png\",\"width\":511,\"height\":513,\"caption\":\"image\"},{\"@type\":\"BreadcrumbList\",\"@id\":\"https:\/\/dev.eliassen.nl\/de\/brunnenpumpe-pondpower-450\/#breadcrumb\",\"itemListElement\":[{\"@type\":\"ListItem\",\"position\":1,\"name\":\"Home\",\"item\":\"https:\/\/dev.eliassen.nl\/de\/\"},{\"@type\":\"ListItem\",\"position\":2,\"name\":\"Shop\",\"item\":\"https:\/\/dev.eliassen.nl\/nl\/winkel\/\"},{\"@type\":\"ListItem\",\"position\":3,\"name\":\"Wasserspiele\",\"item\":\"https:\/\/dev.eliassen.nl\/de\/wassereigenschaften\/\"},{\"@type\":\"ListItem\",\"position\":4,\"name\":\"Teile Wasserspiele\",\"item\":\"https:\/\/dev.eliassen.nl\/de\/wassereigenschaften\/teile-wasserspiele\/\"},{\"@type\":\"ListItem\",\"position\":5,\"name\":\"Brunnenpumpe Pondpower 450\"}]},{\"@type\":\"WebSite\",\"@id\":\"https:\/\/dev.eliassen.nl\/de\/#website\",\"url\":\"https:\/\/dev.eliassen.nl\/de\/\",\"name\":\"Eliassen Home & Garden Pleasure\",\"description\":\"\",\"publisher\":{\"@id\":\"https:\/\/dev.eliassen.nl\/de\/#organization\"},\"alternateName\":\"Eliassen.nl\",\"potentialAction\":[{\"@type\":\"SearchAction\",\"target\":{\"@type\":\"EntryPoint\",\"urlTemplate\":\"https:\/\/dev.eliassen.nl\/de\/?s={search_term_string}\"},\"query-input\":{\"@type\":\"PropertyValueSpecification\",\"valueRequired\":true,\"valueName\":\"search_term_string\"}}],\"inLanguage\":\"de\"},{\"@type\":\"Organization\",\"@id\":\"https:\/\/dev.eliassen.nl\/de\/#organization\",\"name\":\"Eliassen Home & Garden Pleasure\",\"url\":\"https:\/\/dev.eliassen.nl\/de\/\",\"logo\":{\"@type\":\"ImageObject\",\"inLanguage\":\"de\",\"@id\":\"https:\/\/dev.eliassen.nl\/de\/#\/schema\/logo\/image\/\",\"url\":\"https:\/\/www.eliassen.nl\/wp-content\/uploads\/2024\/01\/logo_4nd.jpg\",\"contentUrl\":\"https:\/\/www.eliassen.nl\/wp-content\/uploads\/2024\/01\/logo_4nd.jpg\",\"width\":500,\"height\":500,\"caption\":\"Eliassen Home & Garden Pleasure\"},\"image\":{\"@id\":\"https:\/\/dev.eliassen.nl\/de\/#\/schema\/logo\/image\/\"},\"sameAs\":[\"https:\/\/www.facebook.com\/TuincentrumEliassenAmmerzoden\",\"https:\/\/www.instagram.com\/eliassenhomeandgarden\/\",\"https:\/\/nl.pinterest.com\/eliassenhomeandgarden\/\",\"https:\/\/www.youtube.com\/@eliassenhomegardenpleasure4558\"]}]}<\/script>\n<!-- \/ Yoast SEO plugin. -->","yoast_head_json":{"title":"Fonteinpomp Pondpower 450","robots":{"index":"noindex","follow":"follow","max-snippet":"max-snippet:-1","max-image-preview":"max-image-preview:large","max-video-preview":"max-video-preview:-1"},"og_locale":"de_DE","og_type":"article","og_title":"Fonteinpomp Pondpower 450","og_description":"Aufgrund ihrer extra kleinen Gr\u00f6\u00dfe ist diese Pond-Power 450 Springbrunnenpumpe einfach \u00fcberall zu installieren. Diese Umw\u00e4lzpumpe von Superfish ist ideal zum Erh\u00f6hen und Umw\u00e4lzen von Wasser in (Raum-)Brunnen und den kleineren Wasserspielen. Diese Pumpe ist mit einem Wasserregler ausgestattet SpezifikationenLeistung: 450 l\/hVerbrauch: 6 WattKopf: maximal 0,8 mKabell\u00e4nge: 10 MeterGarantie: 2 JahreAuspuff: 9 oder 12 mmAbmessungen: &hellip;","og_url":"https:\/\/dev.eliassen.nl\/de\/brunnenpumpe-pondpower-450\/","og_site_name":"Eliassen.nl","article_publisher":"https:\/\/www.facebook.com\/TuincentrumEliassenAmmerzoden","article_modified_time":"2024-12-05T14:51:28+00:00","og_image":[{"width":511,"height":513,"url":"https:\/\/dev.eliassen.nl\/wp-content\/uploads\/2024\/01\/image.png","type":"image\/png"}],"twitter_card":"summary_large_image","schema":{"@context":"https:\/\/schema.org","@graph":[{"@type":"WebPage","@id":"https:\/\/dev.eliassen.nl\/de\/brunnenpumpe-pondpower-450\/","url":"https:\/\/dev.eliassen.nl\/de\/brunnenpumpe-pondpower-450\/","name":"Fonteinpomp Pondpower 450","isPartOf":{"@id":"https:\/\/dev.eliassen.nl\/de\/#website"},"primaryImageOfPage":{"@id":"https:\/\/dev.eliassen.nl\/de\/brunnenpumpe-pondpower-450\/#primaryimage"},"image":{"@id":"https:\/\/dev.eliassen.nl\/de\/brunnenpumpe-pondpower-450\/#primaryimage"},"thumbnailUrl":"https:\/\/dev.eliassen.nl\/wp-content\/uploads\/2024\/01\/image.png","datePublished":"2021-07-02T09:08:12+00:00","dateModified":"2024-12-05T14:51:28+00:00","breadcrumb":{"@id":"https:\/\/dev.eliassen.nl\/de\/brunnenpumpe-pondpower-450\/#breadcrumb"},"inLanguage":"de","potentialAction":[{"@type":"ReadAction","target":["https:\/\/dev.eliassen.nl\/de\/brunnenpumpe-pondpower-450\/"]}]},{"@type":"ImageObject","inLanguage":"de","@id":"https:\/\/dev.eliassen.nl\/de\/brunnenpumpe-pondpower-450\/#primaryimage","url":"https:\/\/dev.eliassen.nl\/wp-content\/uploads\/2024\/01\/image.png","contentUrl":"https:\/\/dev.eliassen.nl\/wp-content\/uploads\/2024\/01\/image.png","width":511,"height":513,"caption":"image"},{"@type":"BreadcrumbList","@id":"https:\/\/dev.eliassen.nl\/de\/brunnenpumpe-pondpower-450\/#breadcrumb","itemListElement":[{"@type":"ListItem","position":1,"name":"Home","item":"https:\/\/dev.eliassen.nl\/de\/"},{"@type":"ListItem","position":2,"name":"Shop","item":"https:\/\/dev.eliassen.nl\/nl\/winkel\/"},{"@type":"ListItem","position":3,"name":"Wasserspiele","item":"https:\/\/dev.eliassen.nl\/de\/wassereigenschaften\/"},{"@type":"ListItem","position":4,"name":"Teile Wasserspiele","item":"https:\/\/dev.eliassen.nl\/de\/wassereigenschaften\/teile-wasserspiele\/"},{"@type":"ListItem","position":5,"name":"Brunnenpumpe Pondpower 450"}]},{"@type":"WebSite","@id":"https:\/\/dev.eliassen.nl\/de\/#website","url":"https:\/\/dev.eliassen.nl\/de\/","name":"Eliassen Home & Garden Pleasure","description":"","publisher":{"@id":"https:\/\/dev.eliassen.nl\/de\/#organization"},"alternateName":"Eliassen.nl","potentialAction":[{"@type":"SearchAction","target":{"@type":"EntryPoint","urlTemplate":"https:\/\/dev.eliassen.nl\/de\/?s={search_term_string}"},"query-input":{"@type":"PropertyValueSpecification","valueRequired":true,"valueName":"search_term_string"}}],"inLanguage":"de"},{"@type":"Organization","@id":"https:\/\/dev.eliassen.nl\/de\/#organization","name":"Eliassen Home & Garden Pleasure","url":"https:\/\/dev.eliassen.nl\/de\/","logo":{"@type":"ImageObject","inLanguage":"de","@id":"https:\/\/dev.eliassen.nl\/de\/#\/schema\/logo\/image\/","url":"https:\/\/www.eliassen.nl\/wp-content\/uploads\/2024\/01\/logo_4nd.jpg","contentUrl":"https:\/\/www.eliassen.nl\/wp-content\/uploads\/2024\/01\/logo_4nd.jpg","width":500,"height":500,"caption":"Eliassen Home & Garden Pleasure"},"image":{"@id":"https:\/\/dev.eliassen.nl\/de\/#\/schema\/logo\/image\/"},"sameAs":["https:\/\/www.facebook.com\/TuincentrumEliassenAmmerzoden","https:\/\/www.instagram.com\/eliassenhomeandgarden\/","https:\/\/nl.pinterest.com\/eliassenhomeandgarden\/","https:\/\/www.youtube.com\/@eliassenhomegardenpleasure4558"]}]}},"df_price":37.5,"df_sale_price":"","df_regular_price":37.5,"df_image_link":"https:\/\/dev.eliassen.nl\/wp-content\/uploads\/2024\/01\/image.png","image":"https:\/\/dev.eliassen.nl\/wp-content\/uploads\/2024\/01\/image.png","price_search":"<span class=\"woocommerce-Price-amount amount\"><bdi><span class=\"woocommerce-Price-currencySymbol\">&euro;<\/span>&nbsp;37,50<\/bdi><\/span>","category":"Teile Wasserspiele","_links":{"self":[{"href":"https:\/\/dev.eliassen.nl\/de\/wp-json\/wp\/v2\/product\/51967","targetHints":{"allow":["GET"]}}],"collection":[{"href":"https:\/\/dev.eliassen.nl\/de\/wp-json\/wp\/v2\/product"}],"about":[{"href":"https:\/\/dev.eliassen.nl\/de\/wp-json\/wp\/v2\/types\/product"}],"wp:featuredmedia":[{"embeddable":true,"href":"https:\/\/dev.eliassen.nl\/de\/wp-json\/wp\/v2\/media\/51964"}],"wp:attachment":[{"href":"https:\/\/dev.eliassen.nl\/de\/wp-json\/wp\/v2\/media?parent=51967"}],"wp:term":[{"taxonomy":"product_brand","embeddable":true,"href":"https:\/\/dev.eliassen.nl\/de\/wp-json\/wp\/v2\/product_brand?post=51967"},{"taxonomy":"product_cat","embeddable":true,"href":"https:\/\/dev.eliassen.nl\/de\/wp-json\/wp\/v2\/product_cat?post=51967"},{"taxonomy":"product_tag","embeddable":true,"href":"https:\/\/dev.eliassen.nl\/de\/wp-json\/wp\/v2\/product_tag?post=51967"}],"curies":[{"name":"wp","href":"https:\/\/api.w.org\/{rel}","templated":true}]}}