{"id":52288,"date":"2021-07-23T14:50:42","date_gmt":"2021-07-23T12:50:42","guid":{"rendered":"https:\/\/www.eliassen.nl\/?product=bronzen-beeld-man-met-hoed-op-bank-124028939"},"modified":"2024-12-05T15:52:00","modified_gmt":"2024-12-05T14:52:00","slug":"bronzeskulptur-mann-mit-hut-auf-sofa","status":"publish","type":"product","link":"https:\/\/dev.eliassen.nl\/de\/bronzeskulptur-mann-mit-hut-auf-sofa\/","title":{"rendered":"Bronzeskulptur Mann mit Hut auf Sofa"},"content":{"rendered":"<p>Wundersch\u00f6n gestaltete Bronzestatue eines Mannes mit Hut auf einem Sofa, aus 100% Bronze mit einem Kupfergehalt von mindestens 75%.<\/p>\n<p>Sch\u00f6n, um Ihr Zuhause oder Gesch\u00e4ft zu versch\u00f6nern, aber sicherlich auch ein sch\u00f6nes Geschenk zum Jubil\u00e4um oder Geburtstag.<\/p>\n<p>Vergessen Sie nicht, unseren Laden zu besuchen, wir haben die gr\u00f6\u00dfte Sammlung von Bronzestatuen in den Niederlanden!<\/p>\n<ul>\n<li>Gr\u00f6\u00dfe: 13x8cm.<\/li>\n<li>Garantie: 20 Jahre.<\/li>\n<li>Schnelle Lieferung.<\/li>\n<li>Ausstellungsraum mit mindestens 400 Bronzeartikeln.<\/li>\n<\/ul>\n","protected":false},"excerpt":{"rendered":"<p>Wundersch\u00f6n gestaltete Bronzestatue eines Mannes mit Hut auf einem Sofa, aus 100% Bronze mit einem Kupfergehalt von mindestens 75%. Sch\u00f6n, um Ihr Zuhause oder Gesch\u00e4ft zu versch\u00f6nern, aber sicherlich auch ein sch\u00f6nes Geschenk zum Jubil\u00e4um oder Geburtstag. Vergessen Sie nicht, unseren Laden zu besuchen, wir haben die gr\u00f6\u00dfte Sammlung von Bronzestatuen in den Niederlanden! Gr\u00f6\u00dfe: &hellip;<\/p>\n","protected":false},"featured_media":52279,"template":"","meta":{"_acf_changed":false},"product_brand":[],"product_cat":[644,613,620,7239],"product_tag":[],"class_list":{"0":"post-52288","1":"product","2":"type-product","3":"status-publish","4":"has-post-thumbnail","6":"product_cat-andere-bronzestatuen","7":"product_cat-bronzestatuen","8":"product_cat-moderne-bronzestatuen","9":"product_cat-statuen-skulpturen","11":"first","12":"instock","13":"taxable","14":"shipping-taxable","15":"purchasable","16":"product-type-simple"},"acf":[],"yoast_head":"<!-- This site is optimized with the Yoast SEO plugin v23.8 - https:\/\/yoast.com\/wordpress\/plugins\/seo\/ -->\n<title>Bronzeskulptur Mann mit Hut auf Sofa | Eliassen<\/title>\n<meta name=\"description\" content=\"Bronzestatue Mann mit Hutsofa Kaufen? Eliassen bietet Ihnen eine gro\u00dfe Auswahl an Bronzestatuen und Gartensteckern in einem gro\u00dfen Showroom und online mit sc...\" \/>\n<meta name=\"robots\" content=\"noindex, follow, max-snippet:-1, max-image-preview:large, max-video-preview:-1\" \/>\n<meta property=\"og:locale\" content=\"de_DE\" \/>\n<meta property=\"og:type\" content=\"article\" \/>\n<meta property=\"og:title\" content=\"Bronzeskulptur Mann mit Hut auf Sofa | Eliassen\" \/>\n<meta property=\"og:description\" content=\"Bronzestatue Mann mit Hutsofa Kaufen? Eliassen bietet Ihnen eine gro\u00dfe Auswahl an Bronzestatuen und Gartensteckern in einem gro\u00dfen Showroom und online mit sc...\" \/>\n<meta property=\"og:url\" content=\"https:\/\/dev.eliassen.nl\/de\/bronzeskulptur-mann-mit-hut-auf-sofa\/\" \/>\n<meta property=\"og:site_name\" content=\"Eliassen.nl\" \/>\n<meta property=\"article:publisher\" content=\"https:\/\/www.facebook.com\/TuincentrumEliassenAmmerzoden\" \/>\n<meta property=\"article:modified_time\" content=\"2024-12-05T14:52:00+00:00\" \/>\n<meta property=\"og:image\" content=\"https:\/\/dev.eliassen.nl\/wp-content\/uploads\/2024\/01\/mijnproject_156nd.png\" \/>\n\t<meta property=\"og:image:width\" content=\"1280\" \/>\n\t<meta property=\"og:image:height\" content=\"720\" \/>\n\t<meta property=\"og:image:type\" content=\"image\/png\" \/>\n<meta name=\"twitter:card\" content=\"summary_large_image\" \/>\n<script type=\"application\/ld+json\" class=\"yoast-schema-graph\">{\"@context\":\"https:\/\/schema.org\",\"@graph\":[{\"@type\":\"WebPage\",\"@id\":\"https:\/\/dev.eliassen.nl\/de\/bronzeskulptur-mann-mit-hut-auf-sofa\/\",\"url\":\"https:\/\/dev.eliassen.nl\/de\/bronzeskulptur-mann-mit-hut-auf-sofa\/\",\"name\":\"Bronzeskulptur Mann mit Hut auf Sofa | Eliassen\",\"isPartOf\":{\"@id\":\"https:\/\/dev.eliassen.nl\/de\/#website\"},\"primaryImageOfPage\":{\"@id\":\"https:\/\/dev.eliassen.nl\/de\/bronzeskulptur-mann-mit-hut-auf-sofa\/#primaryimage\"},\"image\":{\"@id\":\"https:\/\/dev.eliassen.nl\/de\/bronzeskulptur-mann-mit-hut-auf-sofa\/#primaryimage\"},\"thumbnailUrl\":\"https:\/\/dev.eliassen.nl\/wp-content\/uploads\/2024\/01\/mijnproject_156nd.png\",\"datePublished\":\"2021-07-23T12:50:42+00:00\",\"dateModified\":\"2024-12-05T14:52:00+00:00\",\"description\":\"Bronzestatue Mann mit Hutsofa Kaufen? Eliassen bietet Ihnen eine gro\u00dfe Auswahl an Bronzestatuen und Gartensteckern in einem gro\u00dfen Showroom und online mit sc...\",\"breadcrumb\":{\"@id\":\"https:\/\/dev.eliassen.nl\/de\/bronzeskulptur-mann-mit-hut-auf-sofa\/#breadcrumb\"},\"inLanguage\":\"de\",\"potentialAction\":[{\"@type\":\"ReadAction\",\"target\":[\"https:\/\/dev.eliassen.nl\/de\/bronzeskulptur-mann-mit-hut-auf-sofa\/\"]}]},{\"@type\":\"ImageObject\",\"inLanguage\":\"de\",\"@id\":\"https:\/\/dev.eliassen.nl\/de\/bronzeskulptur-mann-mit-hut-auf-sofa\/#primaryimage\",\"url\":\"https:\/\/dev.eliassen.nl\/wp-content\/uploads\/2024\/01\/mijnproject_156nd.png\",\"contentUrl\":\"https:\/\/dev.eliassen.nl\/wp-content\/uploads\/2024\/01\/mijnproject_156nd.png\",\"width\":1280,\"height\":720,\"caption\":\"Mijn project\"},{\"@type\":\"BreadcrumbList\",\"@id\":\"https:\/\/dev.eliassen.nl\/de\/bronzeskulptur-mann-mit-hut-auf-sofa\/#breadcrumb\",\"itemListElement\":[{\"@type\":\"ListItem\",\"position\":1,\"name\":\"Home\",\"item\":\"https:\/\/dev.eliassen.nl\/de\/\"},{\"@type\":\"ListItem\",\"position\":2,\"name\":\"Shop\",\"item\":\"https:\/\/dev.eliassen.nl\/nl\/winkel\/\"},{\"@type\":\"ListItem\",\"position\":3,\"name\":\"Bronzestatuen\",\"item\":\"https:\/\/dev.eliassen.nl\/de\/bilder\/bronzestatuen\/\"},{\"@type\":\"ListItem\",\"position\":4,\"name\":\"Andere Bronzestatuen\",\"item\":\"https:\/\/dev.eliassen.nl\/de\/bilder\/bronzestatuen\/andere-bronzestatuen\/\"},{\"@type\":\"ListItem\",\"position\":5,\"name\":\"Bronzeskulptur Mann mit Hut auf Sofa\"}]},{\"@type\":\"WebSite\",\"@id\":\"https:\/\/dev.eliassen.nl\/de\/#website\",\"url\":\"https:\/\/dev.eliassen.nl\/de\/\",\"name\":\"Eliassen Home & Garden Pleasure\",\"description\":\"\",\"publisher\":{\"@id\":\"https:\/\/dev.eliassen.nl\/de\/#organization\"},\"alternateName\":\"Eliassen.nl\",\"potentialAction\":[{\"@type\":\"SearchAction\",\"target\":{\"@type\":\"EntryPoint\",\"urlTemplate\":\"https:\/\/dev.eliassen.nl\/de\/?s={search_term_string}\"},\"query-input\":{\"@type\":\"PropertyValueSpecification\",\"valueRequired\":true,\"valueName\":\"search_term_string\"}}],\"inLanguage\":\"de\"},{\"@type\":\"Organization\",\"@id\":\"https:\/\/dev.eliassen.nl\/de\/#organization\",\"name\":\"Eliassen Home & Garden Pleasure\",\"url\":\"https:\/\/dev.eliassen.nl\/de\/\",\"logo\":{\"@type\":\"ImageObject\",\"inLanguage\":\"de\",\"@id\":\"https:\/\/dev.eliassen.nl\/de\/#\/schema\/logo\/image\/\",\"url\":\"https:\/\/www.eliassen.nl\/wp-content\/uploads\/2024\/01\/logo_4nd.jpg\",\"contentUrl\":\"https:\/\/www.eliassen.nl\/wp-content\/uploads\/2024\/01\/logo_4nd.jpg\",\"width\":500,\"height\":500,\"caption\":\"Eliassen Home & Garden Pleasure\"},\"image\":{\"@id\":\"https:\/\/dev.eliassen.nl\/de\/#\/schema\/logo\/image\/\"},\"sameAs\":[\"https:\/\/www.facebook.com\/TuincentrumEliassenAmmerzoden\",\"https:\/\/www.instagram.com\/eliassenhomeandgarden\/\",\"https:\/\/nl.pinterest.com\/eliassenhomeandgarden\/\",\"https:\/\/www.youtube.com\/@eliassenhomegardenpleasure4558\"]}]}<\/script>\n<!-- \/ Yoast SEO plugin. -->","yoast_head_json":{"title":"Bronzeskulptur Mann mit Hut auf Sofa | Eliassen","description":"Bronzestatue Mann mit Hutsofa Kaufen? Eliassen bietet Ihnen eine gro\u00dfe Auswahl an Bronzestatuen und Gartensteckern in einem gro\u00dfen Showroom und online mit sc...","robots":{"index":"noindex","follow":"follow","max-snippet":"max-snippet:-1","max-image-preview":"max-image-preview:large","max-video-preview":"max-video-preview:-1"},"og_locale":"de_DE","og_type":"article","og_title":"Bronzeskulptur Mann mit Hut auf Sofa | Eliassen","og_description":"Bronzestatue Mann mit Hutsofa Kaufen? Eliassen bietet Ihnen eine gro\u00dfe Auswahl an Bronzestatuen und Gartensteckern in einem gro\u00dfen Showroom und online mit sc...","og_url":"https:\/\/dev.eliassen.nl\/de\/bronzeskulptur-mann-mit-hut-auf-sofa\/","og_site_name":"Eliassen.nl","article_publisher":"https:\/\/www.facebook.com\/TuincentrumEliassenAmmerzoden","article_modified_time":"2024-12-05T14:52:00+00:00","og_image":[{"width":1280,"height":720,"url":"https:\/\/dev.eliassen.nl\/wp-content\/uploads\/2024\/01\/mijnproject_156nd.png","type":"image\/png"}],"twitter_card":"summary_large_image","schema":{"@context":"https:\/\/schema.org","@graph":[{"@type":"WebPage","@id":"https:\/\/dev.eliassen.nl\/de\/bronzeskulptur-mann-mit-hut-auf-sofa\/","url":"https:\/\/dev.eliassen.nl\/de\/bronzeskulptur-mann-mit-hut-auf-sofa\/","name":"Bronzeskulptur Mann mit Hut auf Sofa | Eliassen","isPartOf":{"@id":"https:\/\/dev.eliassen.nl\/de\/#website"},"primaryImageOfPage":{"@id":"https:\/\/dev.eliassen.nl\/de\/bronzeskulptur-mann-mit-hut-auf-sofa\/#primaryimage"},"image":{"@id":"https:\/\/dev.eliassen.nl\/de\/bronzeskulptur-mann-mit-hut-auf-sofa\/#primaryimage"},"thumbnailUrl":"https:\/\/dev.eliassen.nl\/wp-content\/uploads\/2024\/01\/mijnproject_156nd.png","datePublished":"2021-07-23T12:50:42+00:00","dateModified":"2024-12-05T14:52:00+00:00","description":"Bronzestatue Mann mit Hutsofa Kaufen? Eliassen bietet Ihnen eine gro\u00dfe Auswahl an Bronzestatuen und Gartensteckern in einem gro\u00dfen Showroom und online mit sc...","breadcrumb":{"@id":"https:\/\/dev.eliassen.nl\/de\/bronzeskulptur-mann-mit-hut-auf-sofa\/#breadcrumb"},"inLanguage":"de","potentialAction":[{"@type":"ReadAction","target":["https:\/\/dev.eliassen.nl\/de\/bronzeskulptur-mann-mit-hut-auf-sofa\/"]}]},{"@type":"ImageObject","inLanguage":"de","@id":"https:\/\/dev.eliassen.nl\/de\/bronzeskulptur-mann-mit-hut-auf-sofa\/#primaryimage","url":"https:\/\/dev.eliassen.nl\/wp-content\/uploads\/2024\/01\/mijnproject_156nd.png","contentUrl":"https:\/\/dev.eliassen.nl\/wp-content\/uploads\/2024\/01\/mijnproject_156nd.png","width":1280,"height":720,"caption":"Mijn project"},{"@type":"BreadcrumbList","@id":"https:\/\/dev.eliassen.nl\/de\/bronzeskulptur-mann-mit-hut-auf-sofa\/#breadcrumb","itemListElement":[{"@type":"ListItem","position":1,"name":"Home","item":"https:\/\/dev.eliassen.nl\/de\/"},{"@type":"ListItem","position":2,"name":"Shop","item":"https:\/\/dev.eliassen.nl\/nl\/winkel\/"},{"@type":"ListItem","position":3,"name":"Bronzestatuen","item":"https:\/\/dev.eliassen.nl\/de\/bilder\/bronzestatuen\/"},{"@type":"ListItem","position":4,"name":"Andere Bronzestatuen","item":"https:\/\/dev.eliassen.nl\/de\/bilder\/bronzestatuen\/andere-bronzestatuen\/"},{"@type":"ListItem","position":5,"name":"Bronzeskulptur Mann mit Hut auf Sofa"}]},{"@type":"WebSite","@id":"https:\/\/dev.eliassen.nl\/de\/#website","url":"https:\/\/dev.eliassen.nl\/de\/","name":"Eliassen Home & Garden Pleasure","description":"","publisher":{"@id":"https:\/\/dev.eliassen.nl\/de\/#organization"},"alternateName":"Eliassen.nl","potentialAction":[{"@type":"SearchAction","target":{"@type":"EntryPoint","urlTemplate":"https:\/\/dev.eliassen.nl\/de\/?s={search_term_string}"},"query-input":{"@type":"PropertyValueSpecification","valueRequired":true,"valueName":"search_term_string"}}],"inLanguage":"de"},{"@type":"Organization","@id":"https:\/\/dev.eliassen.nl\/de\/#organization","name":"Eliassen Home & Garden Pleasure","url":"https:\/\/dev.eliassen.nl\/de\/","logo":{"@type":"ImageObject","inLanguage":"de","@id":"https:\/\/dev.eliassen.nl\/de\/#\/schema\/logo\/image\/","url":"https:\/\/www.eliassen.nl\/wp-content\/uploads\/2024\/01\/logo_4nd.jpg","contentUrl":"https:\/\/www.eliassen.nl\/wp-content\/uploads\/2024\/01\/logo_4nd.jpg","width":500,"height":500,"caption":"Eliassen Home & Garden Pleasure"},"image":{"@id":"https:\/\/dev.eliassen.nl\/de\/#\/schema\/logo\/image\/"},"sameAs":["https:\/\/www.facebook.com\/TuincentrumEliassenAmmerzoden","https:\/\/www.instagram.com\/eliassenhomeandgarden\/","https:\/\/nl.pinterest.com\/eliassenhomeandgarden\/","https:\/\/www.youtube.com\/@eliassenhomegardenpleasure4558"]}]}},"df_price":41,"df_sale_price":"","df_regular_price":41,"df_image_link":"https:\/\/dev.eliassen.nl\/wp-content\/uploads\/2024\/01\/mijnproject_156nd.png","image":"https:\/\/dev.eliassen.nl\/wp-content\/uploads\/2024\/01\/mijnproject_156nd.png","price_search":"<span class=\"woocommerce-Price-amount amount\"><bdi><span class=\"woocommerce-Price-currencySymbol\">&euro;<\/span>&nbsp;41,00<\/bdi><\/span>","category":"Andere Bronzestatuen","_links":{"self":[{"href":"https:\/\/dev.eliassen.nl\/de\/wp-json\/wp\/v2\/product\/52288","targetHints":{"allow":["GET"]}}],"collection":[{"href":"https:\/\/dev.eliassen.nl\/de\/wp-json\/wp\/v2\/product"}],"about":[{"href":"https:\/\/dev.eliassen.nl\/de\/wp-json\/wp\/v2\/types\/product"}],"wp:featuredmedia":[{"embeddable":true,"href":"https:\/\/dev.eliassen.nl\/de\/wp-json\/wp\/v2\/media\/52279"}],"wp:attachment":[{"href":"https:\/\/dev.eliassen.nl\/de\/wp-json\/wp\/v2\/media?parent=52288"}],"wp:term":[{"taxonomy":"product_brand","embeddable":true,"href":"https:\/\/dev.eliassen.nl\/de\/wp-json\/wp\/v2\/product_brand?post=52288"},{"taxonomy":"product_cat","embeddable":true,"href":"https:\/\/dev.eliassen.nl\/de\/wp-json\/wp\/v2\/product_cat?post=52288"},{"taxonomy":"product_tag","embeddable":true,"href":"https:\/\/dev.eliassen.nl\/de\/wp-json\/wp\/v2\/product_tag?post=52288"}],"curies":[{"name":"wp","href":"https:\/\/api.w.org\/{rel}","templated":true}]}}