{"id":52330,"date":"2021-07-24T11:22:52","date_gmt":"2021-07-24T09:22:52","guid":{"rendered":"https:\/\/www.eliassen.nl\/?product=schilderij-canvas-tweeluik-abstrakt-hoog"},"modified":"2024-12-05T15:52:07","modified_gmt":"2024-12-05T14:52:07","slug":"malerei-leinwand-diptychon-abstrakt-hoch","status":"publish","type":"product","link":"https:\/\/dev.eliassen.nl\/de\/malerei-leinwand-diptychon-abstrakt-hoch\/","title":{"rendered":"Malerei Leinwand Diptychon abstrakt hoch"},"content":{"rendered":"<div class=\"images-wrap\">\n<div class=\"images\">\n<div class=\"product-images owl-carousel owl-theme owl-loaded\">\n<div class=\"owl-stage-outer\">\n<div class=\"owl-stage\">\n<div class=\"owl-item\">\n<div class=\"item\">M\u00f6chten Sie ein gro\u00dfes Diptychon-\u00d6lgem\u00e4lde auf Leinwand, das von den besten Handwerkern auf altmodische Weise erhaben gemalt wurde? Dann ist dieses \u00d6lgem\u00e4lde oder diese Wanddekoration genau das Richtige f\u00fcr Sie. Dieses gro\u00dfe Gem\u00e4lde mit abstrakten Formen wurde sorgf\u00e4ltig mit den sch\u00f6nsten Farbkompositionen und mit viel Liebe zum letzten Schliff angefertigt! Enth\u00e4lt Aluminiumelemente<\/div>\n<\/div>\n<\/div>\n<\/div>\n<\/div>\n<\/div>\n<\/div>\n<div class=\"info\">\n<div class=\"product-info\">\n<div class=\"product-content general-content\">\n<p>Da es sich um menschliche Arbeit handelt, kann das Foto leicht von der Realit\u00e4t abweichen.<\/p>\n<ul>\n<li>Gr\u00f6\u00dfe 100 x 150 cm hoch<\/li>\n<li>Holzrahmen von 3 cm Dicke<\/li>\n<li>Seiten auch lackiert<\/li>\n<li>Dicke und robuste echte Leinwand<\/li>\n<li>Einfach mit 2 Schrauben aufzuh\u00e4ngen<\/li>\n<li>Schnell geliefert<\/li>\n<li>1 Jahr Garantie<\/li>\n<\/ul>\n<\/div>\n<\/div>\n<\/div>\n","protected":false},"excerpt":{"rendered":"<p>M\u00f6chten Sie ein gro\u00dfes Diptychon-\u00d6lgem\u00e4lde auf Leinwand, das von den besten Handwerkern auf altmodische Weise erhaben gemalt wurde? Dann ist dieses \u00d6lgem\u00e4lde oder diese Wanddekoration genau das Richtige f\u00fcr Sie. Dieses gro\u00dfe Gem\u00e4lde mit abstrakten Formen wurde sorgf\u00e4ltig mit den sch\u00f6nsten Farbkompositionen und mit viel Liebe zum letzten Schliff angefertigt! Enth\u00e4lt Aluminiumelemente Da es sich &hellip;<\/p>\n","protected":false},"featured_media":52327,"template":"","meta":{"_acf_changed":false},"product_brand":[],"product_cat":[410,476],"product_tag":[],"class_list":{"0":"post-52330","1":"product","2":"type-product","3":"status-publish","4":"has-post-thumbnail","6":"product_cat-gemaelde","7":"product_cat-gemaelde-auf-leinwand","9":"first","10":"instock","11":"sale","12":"taxable","13":"shipping-taxable","14":"purchasable","15":"product-type-simple"},"acf":[],"yoast_head":"<!-- This site is optimized with the Yoast SEO plugin v23.8 - https:\/\/yoast.com\/wordpress\/plugins\/seo\/ -->\n<title>Malerei Leinwand Diptychon abstrakt hoch<\/title>\n<meta name=\"description\" content=\"Gro\u00dfe Gem\u00e4lde wie dieses? Dann sind Sie bei Eliassen genau richtig!!\" \/>\n<meta name=\"robots\" content=\"noindex, follow, max-snippet:-1, max-image-preview:large, max-video-preview:-1\" \/>\n<meta property=\"og:locale\" content=\"de_DE\" \/>\n<meta property=\"og:type\" content=\"article\" \/>\n<meta property=\"og:title\" content=\"Malerei Leinwand Diptychon abstrakt hoch\" \/>\n<meta property=\"og:description\" content=\"Gro\u00dfe Gem\u00e4lde wie dieses? Dann sind Sie bei Eliassen genau richtig!!\" \/>\n<meta property=\"og:url\" content=\"https:\/\/dev.eliassen.nl\/de\/malerei-leinwand-diptychon-abstrakt-hoch\/\" \/>\n<meta property=\"og:site_name\" content=\"Eliassen.nl\" \/>\n<meta property=\"article:publisher\" content=\"https:\/\/www.facebook.com\/TuincentrumEliassenAmmerzoden\" \/>\n<meta property=\"article:modified_time\" content=\"2024-12-05T14:52:07+00:00\" \/>\n<meta property=\"og:image\" content=\"https:\/\/dev.eliassen.nl\/wp-content\/uploads\/2024\/01\/6771431.jpg\" \/>\n\t<meta property=\"og:image:width\" content=\"744\" \/>\n\t<meta property=\"og:image:height\" content=\"1092\" \/>\n\t<meta property=\"og:image:type\" content=\"image\/jpeg\" \/>\n<meta name=\"twitter:card\" content=\"summary_large_image\" \/>\n<script type=\"application\/ld+json\" class=\"yoast-schema-graph\">{\"@context\":\"https:\/\/schema.org\",\"@graph\":[{\"@type\":\"WebPage\",\"@id\":\"https:\/\/dev.eliassen.nl\/de\/malerei-leinwand-diptychon-abstrakt-hoch\/\",\"url\":\"https:\/\/dev.eliassen.nl\/de\/malerei-leinwand-diptychon-abstrakt-hoch\/\",\"name\":\"Malerei Leinwand Diptychon abstrakt hoch\",\"isPartOf\":{\"@id\":\"https:\/\/dev.eliassen.nl\/de\/#website\"},\"primaryImageOfPage\":{\"@id\":\"https:\/\/dev.eliassen.nl\/de\/malerei-leinwand-diptychon-abstrakt-hoch\/#primaryimage\"},\"image\":{\"@id\":\"https:\/\/dev.eliassen.nl\/de\/malerei-leinwand-diptychon-abstrakt-hoch\/#primaryimage\"},\"thumbnailUrl\":\"https:\/\/dev.eliassen.nl\/wp-content\/uploads\/2024\/01\/6771431.jpg\",\"datePublished\":\"2021-07-24T09:22:52+00:00\",\"dateModified\":\"2024-12-05T14:52:07+00:00\",\"description\":\"Gro\u00dfe Gem\u00e4lde wie dieses? Dann sind Sie bei Eliassen genau richtig!!\",\"breadcrumb\":{\"@id\":\"https:\/\/dev.eliassen.nl\/de\/malerei-leinwand-diptychon-abstrakt-hoch\/#breadcrumb\"},\"inLanguage\":\"de\",\"potentialAction\":[{\"@type\":\"ReadAction\",\"target\":[\"https:\/\/dev.eliassen.nl\/de\/malerei-leinwand-diptychon-abstrakt-hoch\/\"]}]},{\"@type\":\"ImageObject\",\"inLanguage\":\"de\",\"@id\":\"https:\/\/dev.eliassen.nl\/de\/malerei-leinwand-diptychon-abstrakt-hoch\/#primaryimage\",\"url\":\"https:\/\/dev.eliassen.nl\/wp-content\/uploads\/2024\/01\/6771431.jpg\",\"contentUrl\":\"https:\/\/dev.eliassen.nl\/wp-content\/uploads\/2024\/01\/6771431.jpg\",\"width\":744,\"height\":1092,\"caption\":\"677143_1\"},{\"@type\":\"BreadcrumbList\",\"@id\":\"https:\/\/dev.eliassen.nl\/de\/malerei-leinwand-diptychon-abstrakt-hoch\/#breadcrumb\",\"itemListElement\":[{\"@type\":\"ListItem\",\"position\":1,\"name\":\"Home\",\"item\":\"https:\/\/dev.eliassen.nl\/de\/\"},{\"@type\":\"ListItem\",\"position\":2,\"name\":\"Shop\",\"item\":\"https:\/\/dev.eliassen.nl\/nl\/winkel\/\"},{\"@type\":\"ListItem\",\"position\":3,\"name\":\"Gem\u00e4lde\",\"item\":\"https:\/\/dev.eliassen.nl\/de\/gemaelde\/\"},{\"@type\":\"ListItem\",\"position\":4,\"name\":\"Gem\u00e4lde auf Leinwand\",\"item\":\"https:\/\/dev.eliassen.nl\/de\/gemaelde\/gemaelde-auf-leinwand\/\"},{\"@type\":\"ListItem\",\"position\":5,\"name\":\"Malerei Leinwand Diptychon abstrakt hoch\"}]},{\"@type\":\"WebSite\",\"@id\":\"https:\/\/dev.eliassen.nl\/de\/#website\",\"url\":\"https:\/\/dev.eliassen.nl\/de\/\",\"name\":\"Eliassen Home & Garden Pleasure\",\"description\":\"\",\"publisher\":{\"@id\":\"https:\/\/dev.eliassen.nl\/de\/#organization\"},\"alternateName\":\"Eliassen.nl\",\"potentialAction\":[{\"@type\":\"SearchAction\",\"target\":{\"@type\":\"EntryPoint\",\"urlTemplate\":\"https:\/\/dev.eliassen.nl\/de\/?s={search_term_string}\"},\"query-input\":{\"@type\":\"PropertyValueSpecification\",\"valueRequired\":true,\"valueName\":\"search_term_string\"}}],\"inLanguage\":\"de\"},{\"@type\":\"Organization\",\"@id\":\"https:\/\/dev.eliassen.nl\/de\/#organization\",\"name\":\"Eliassen Home & Garden Pleasure\",\"url\":\"https:\/\/dev.eliassen.nl\/de\/\",\"logo\":{\"@type\":\"ImageObject\",\"inLanguage\":\"de\",\"@id\":\"https:\/\/dev.eliassen.nl\/de\/#\/schema\/logo\/image\/\",\"url\":\"https:\/\/www.eliassen.nl\/wp-content\/uploads\/2024\/01\/logo_4nd.jpg\",\"contentUrl\":\"https:\/\/www.eliassen.nl\/wp-content\/uploads\/2024\/01\/logo_4nd.jpg\",\"width\":500,\"height\":500,\"caption\":\"Eliassen Home & Garden Pleasure\"},\"image\":{\"@id\":\"https:\/\/dev.eliassen.nl\/de\/#\/schema\/logo\/image\/\"},\"sameAs\":[\"https:\/\/www.facebook.com\/TuincentrumEliassenAmmerzoden\",\"https:\/\/www.instagram.com\/eliassenhomeandgarden\/\",\"https:\/\/nl.pinterest.com\/eliassenhomeandgarden\/\",\"https:\/\/www.youtube.com\/@eliassenhomegardenpleasure4558\"]}]}<\/script>\n<!-- \/ Yoast SEO plugin. -->","yoast_head_json":{"title":"Malerei Leinwand Diptychon abstrakt hoch","description":"Gro\u00dfe Gem\u00e4lde wie dieses? Dann sind Sie bei Eliassen genau richtig!!","robots":{"index":"noindex","follow":"follow","max-snippet":"max-snippet:-1","max-image-preview":"max-image-preview:large","max-video-preview":"max-video-preview:-1"},"og_locale":"de_DE","og_type":"article","og_title":"Malerei Leinwand Diptychon abstrakt hoch","og_description":"Gro\u00dfe Gem\u00e4lde wie dieses? Dann sind Sie bei Eliassen genau richtig!!","og_url":"https:\/\/dev.eliassen.nl\/de\/malerei-leinwand-diptychon-abstrakt-hoch\/","og_site_name":"Eliassen.nl","article_publisher":"https:\/\/www.facebook.com\/TuincentrumEliassenAmmerzoden","article_modified_time":"2024-12-05T14:52:07+00:00","og_image":[{"width":744,"height":1092,"url":"https:\/\/dev.eliassen.nl\/wp-content\/uploads\/2024\/01\/6771431.jpg","type":"image\/jpeg"}],"twitter_card":"summary_large_image","schema":{"@context":"https:\/\/schema.org","@graph":[{"@type":"WebPage","@id":"https:\/\/dev.eliassen.nl\/de\/malerei-leinwand-diptychon-abstrakt-hoch\/","url":"https:\/\/dev.eliassen.nl\/de\/malerei-leinwand-diptychon-abstrakt-hoch\/","name":"Malerei Leinwand Diptychon abstrakt hoch","isPartOf":{"@id":"https:\/\/dev.eliassen.nl\/de\/#website"},"primaryImageOfPage":{"@id":"https:\/\/dev.eliassen.nl\/de\/malerei-leinwand-diptychon-abstrakt-hoch\/#primaryimage"},"image":{"@id":"https:\/\/dev.eliassen.nl\/de\/malerei-leinwand-diptychon-abstrakt-hoch\/#primaryimage"},"thumbnailUrl":"https:\/\/dev.eliassen.nl\/wp-content\/uploads\/2024\/01\/6771431.jpg","datePublished":"2021-07-24T09:22:52+00:00","dateModified":"2024-12-05T14:52:07+00:00","description":"Gro\u00dfe Gem\u00e4lde wie dieses? Dann sind Sie bei Eliassen genau richtig!!","breadcrumb":{"@id":"https:\/\/dev.eliassen.nl\/de\/malerei-leinwand-diptychon-abstrakt-hoch\/#breadcrumb"},"inLanguage":"de","potentialAction":[{"@type":"ReadAction","target":["https:\/\/dev.eliassen.nl\/de\/malerei-leinwand-diptychon-abstrakt-hoch\/"]}]},{"@type":"ImageObject","inLanguage":"de","@id":"https:\/\/dev.eliassen.nl\/de\/malerei-leinwand-diptychon-abstrakt-hoch\/#primaryimage","url":"https:\/\/dev.eliassen.nl\/wp-content\/uploads\/2024\/01\/6771431.jpg","contentUrl":"https:\/\/dev.eliassen.nl\/wp-content\/uploads\/2024\/01\/6771431.jpg","width":744,"height":1092,"caption":"677143_1"},{"@type":"BreadcrumbList","@id":"https:\/\/dev.eliassen.nl\/de\/malerei-leinwand-diptychon-abstrakt-hoch\/#breadcrumb","itemListElement":[{"@type":"ListItem","position":1,"name":"Home","item":"https:\/\/dev.eliassen.nl\/de\/"},{"@type":"ListItem","position":2,"name":"Shop","item":"https:\/\/dev.eliassen.nl\/nl\/winkel\/"},{"@type":"ListItem","position":3,"name":"Gem\u00e4lde","item":"https:\/\/dev.eliassen.nl\/de\/gemaelde\/"},{"@type":"ListItem","position":4,"name":"Gem\u00e4lde auf Leinwand","item":"https:\/\/dev.eliassen.nl\/de\/gemaelde\/gemaelde-auf-leinwand\/"},{"@type":"ListItem","position":5,"name":"Malerei Leinwand Diptychon abstrakt hoch"}]},{"@type":"WebSite","@id":"https:\/\/dev.eliassen.nl\/de\/#website","url":"https:\/\/dev.eliassen.nl\/de\/","name":"Eliassen Home & Garden Pleasure","description":"","publisher":{"@id":"https:\/\/dev.eliassen.nl\/de\/#organization"},"alternateName":"Eliassen.nl","potentialAction":[{"@type":"SearchAction","target":{"@type":"EntryPoint","urlTemplate":"https:\/\/dev.eliassen.nl\/de\/?s={search_term_string}"},"query-input":{"@type":"PropertyValueSpecification","valueRequired":true,"valueName":"search_term_string"}}],"inLanguage":"de"},{"@type":"Organization","@id":"https:\/\/dev.eliassen.nl\/de\/#organization","name":"Eliassen Home & Garden Pleasure","url":"https:\/\/dev.eliassen.nl\/de\/","logo":{"@type":"ImageObject","inLanguage":"de","@id":"https:\/\/dev.eliassen.nl\/de\/#\/schema\/logo\/image\/","url":"https:\/\/www.eliassen.nl\/wp-content\/uploads\/2024\/01\/logo_4nd.jpg","contentUrl":"https:\/\/www.eliassen.nl\/wp-content\/uploads\/2024\/01\/logo_4nd.jpg","width":500,"height":500,"caption":"Eliassen Home & Garden Pleasure"},"image":{"@id":"https:\/\/dev.eliassen.nl\/de\/#\/schema\/logo\/image\/"},"sameAs":["https:\/\/www.facebook.com\/TuincentrumEliassenAmmerzoden","https:\/\/www.instagram.com\/eliassenhomeandgarden\/","https:\/\/nl.pinterest.com\/eliassenhomeandgarden\/","https:\/\/www.youtube.com\/@eliassenhomegardenpleasure4558"]}]}},"df_price":79,"df_sale_price":79,"df_regular_price":139,"df_image_link":"https:\/\/dev.eliassen.nl\/wp-content\/uploads\/2024\/01\/6771431.jpg","image":"https:\/\/dev.eliassen.nl\/wp-content\/uploads\/2024\/01\/6771431.jpg","price_search":"<span class=\"woocommerce-Price-amount amount\"><bdi><span class=\"woocommerce-Price-currencySymbol\">&euro;<\/span>&nbsp;79,00<\/bdi><\/span>","category":"Gem\u00e4lde","_links":{"self":[{"href":"https:\/\/dev.eliassen.nl\/de\/wp-json\/wp\/v2\/product\/52330","targetHints":{"allow":["GET"]}}],"collection":[{"href":"https:\/\/dev.eliassen.nl\/de\/wp-json\/wp\/v2\/product"}],"about":[{"href":"https:\/\/dev.eliassen.nl\/de\/wp-json\/wp\/v2\/types\/product"}],"wp:featuredmedia":[{"embeddable":true,"href":"https:\/\/dev.eliassen.nl\/de\/wp-json\/wp\/v2\/media\/52327"}],"wp:attachment":[{"href":"https:\/\/dev.eliassen.nl\/de\/wp-json\/wp\/v2\/media?parent=52330"}],"wp:term":[{"taxonomy":"product_brand","embeddable":true,"href":"https:\/\/dev.eliassen.nl\/de\/wp-json\/wp\/v2\/product_brand?post=52330"},{"taxonomy":"product_cat","embeddable":true,"href":"https:\/\/dev.eliassen.nl\/de\/wp-json\/wp\/v2\/product_cat?post=52330"},{"taxonomy":"product_tag","embeddable":true,"href":"https:\/\/dev.eliassen.nl\/de\/wp-json\/wp\/v2\/product_tag?post=52330"}],"curies":[{"name":"wp","href":"https:\/\/api.w.org\/{rel}","templated":true}]}}