{"id":52381,"date":"2021-07-26T09:48:55","date_gmt":"2021-07-26T07:48:55","guid":{"rendered":"https:\/\/www.eliassen.nl\/?product=schilderij-canvas-goud-loof-70x100cm"},"modified":"2024-12-05T15:52:17","modified_gmt":"2024-12-05T14:52:17","slug":"gemalde-leinwand-blattgold-70x100cm","status":"publish","type":"product","link":"https:\/\/dev.eliassen.nl\/de\/gemalde-leinwand-blattgold-70x100cm\/","title":{"rendered":"Gem\u00e4lde Leinwand Blattgold 70x100cm"},"content":{"rendered":"<div class=\"images-wrap\">\n<div class=\"images\">\n<div class=\"product-images owl-carousel owl-theme owl-loaded\">\n<div class=\"owl-stage-outer\">\n<div class=\"owl-stage\">\n<div class=\"owl-item\">\n<div class=\"item\">\u00a0<\/div>\n<\/div>\n<\/div>\n<\/div>\n<\/div>\n<\/div>\n<\/div>\n<div class=\"info\">\n<div class=\"product-info\">\n<form id=\"product_configure_form\" action=\"https:\/\/www.eliassen.nl\/nl\/cart\/add\/209843666\/\" method=\"post\">\n<div class=\"share-compare\">\n<div class=\"share\"><label><\/label><\/p>\n<p>M\u00f6chten Sie ein \u00d6lgem\u00e4lde auf Leinwand, das von den besten Handwerkern altmodisch und erhaben gemalt wird? Dann ist dieses \u00d6lgem\u00e4lde oder diese Wanddekoration genau das Richtige f\u00fcr Sie. Dieses gro\u00dfe Gem\u00e4lde mit dem Bild eines Baumes wurde sorgf\u00e4ltig mit den sch\u00f6nsten Farbkompositionen und mit viel Liebe zum letzten Schliff hergestellt!<\/p>\n<\/div>\n<\/div>\n<\/form>\n<div class=\"product-content general-content\">\n<p>Da es sich um menschliche Arbeit handelt, kann das Foto geringf\u00fcgig vom tats\u00e4chlichen abweichen.<\/p>\n<ul>\n<li>Gr\u00f6\u00dfe 70x100cm hoch<\/li>\n<li>3cm dicker Holzrahmen<\/li>\n<li>Seiten auch lackiert<\/li>\n<li>Dickes und robustes echtes Canvas<\/li>\n<li>Einfach mit 2 Schrauben aufzuh\u00e4ngen<\/li>\n<li>Schnell geliefert<\/li>\n<li>1 Jahr Garantie<\/li>\n<\/ul>\n<\/div>\n<\/div>\n<\/div>\n","protected":false},"excerpt":{"rendered":"<p>\u00a0 M\u00f6chten Sie ein \u00d6lgem\u00e4lde auf Leinwand, das von den besten Handwerkern altmodisch und erhaben gemalt wird? Dann ist dieses \u00d6lgem\u00e4lde oder diese Wanddekoration genau das Richtige f\u00fcr Sie. Dieses gro\u00dfe Gem\u00e4lde mit dem Bild eines Baumes wurde sorgf\u00e4ltig mit den sch\u00f6nsten Farbkompositionen und mit viel Liebe zum letzten Schliff hergestellt! Da es sich um &hellip;<\/p>\n","protected":false},"featured_media":52369,"template":"","meta":{"_acf_changed":false},"product_brand":[],"product_cat":[410,476],"product_tag":[],"class_list":{"0":"post-52381","1":"product","2":"type-product","3":"status-publish","4":"has-post-thumbnail","6":"product_cat-gemaelde","7":"product_cat-gemaelde-auf-leinwand","9":"first","10":"instock","11":"sale","12":"taxable","13":"shipping-taxable","14":"purchasable","15":"product-type-simple"},"acf":[],"yoast_head":"<!-- This site is optimized with the Yoast SEO plugin v23.8 - https:\/\/yoast.com\/wordpress\/plugins\/seo\/ -->\n<title>Gem\u00e4lde Leinwand Blattgold 70x100cm - Eliassen<\/title>\n<meta name=\"description\" content=\"Suchen Sie ein Gem\u00e4lde? Jetzt bestellen Gem\u00e4lde-Leinwand Goldlaub. Sie k\u00f6nnen Gem\u00e4lde ganz einfach auf unserer Website kaufen. \u2713 Gro\u00dfes Sortiment \u2713 Schnelle ...\" \/>\n<meta name=\"robots\" content=\"noindex, follow, max-snippet:-1, max-image-preview:large, max-video-preview:-1\" \/>\n<meta property=\"og:locale\" content=\"de_DE\" \/>\n<meta property=\"og:type\" content=\"article\" \/>\n<meta property=\"og:title\" content=\"Gem\u00e4lde Leinwand Blattgold 70x100cm - Eliassen\" \/>\n<meta property=\"og:description\" content=\"Suchen Sie ein Gem\u00e4lde? Jetzt bestellen Gem\u00e4lde-Leinwand Goldlaub. Sie k\u00f6nnen Gem\u00e4lde ganz einfach auf unserer Website kaufen. \u2713 Gro\u00dfes Sortiment \u2713 Schnelle ...\" \/>\n<meta property=\"og:url\" content=\"https:\/\/dev.eliassen.nl\/de\/gemalde-leinwand-blattgold-70x100cm\/\" \/>\n<meta property=\"og:site_name\" content=\"Eliassen.nl\" \/>\n<meta property=\"article:publisher\" content=\"https:\/\/www.facebook.com\/TuincentrumEliassenAmmerzoden\" \/>\n<meta property=\"article:modified_time\" content=\"2024-12-05T14:52:17+00:00\" \/>\n<meta property=\"og:image\" content=\"https:\/\/dev.eliassen.nl\/wp-content\/uploads\/2024\/01\/eliassenschilderijcanvasgoudloof70x100cm.jpg\" \/>\n\t<meta property=\"og:image:width\" content=\"700\" \/>\n\t<meta property=\"og:image:height\" content=\"700\" \/>\n\t<meta property=\"og:image:type\" content=\"image\/jpeg\" \/>\n<meta name=\"twitter:card\" content=\"summary_large_image\" \/>\n<script type=\"application\/ld+json\" class=\"yoast-schema-graph\">{\"@context\":\"https:\/\/schema.org\",\"@graph\":[{\"@type\":\"WebPage\",\"@id\":\"https:\/\/dev.eliassen.nl\/de\/gemalde-leinwand-blattgold-70x100cm\/\",\"url\":\"https:\/\/dev.eliassen.nl\/de\/gemalde-leinwand-blattgold-70x100cm\/\",\"name\":\"Gem\u00e4lde Leinwand Blattgold 70x100cm - Eliassen\",\"isPartOf\":{\"@id\":\"https:\/\/dev.eliassen.nl\/de\/#website\"},\"primaryImageOfPage\":{\"@id\":\"https:\/\/dev.eliassen.nl\/de\/gemalde-leinwand-blattgold-70x100cm\/#primaryimage\"},\"image\":{\"@id\":\"https:\/\/dev.eliassen.nl\/de\/gemalde-leinwand-blattgold-70x100cm\/#primaryimage\"},\"thumbnailUrl\":\"https:\/\/dev.eliassen.nl\/wp-content\/uploads\/2024\/01\/eliassenschilderijcanvasgoudloof70x100cm.jpg\",\"datePublished\":\"2021-07-26T07:48:55+00:00\",\"dateModified\":\"2024-12-05T14:52:17+00:00\",\"description\":\"Suchen Sie ein Gem\u00e4lde? Jetzt bestellen Gem\u00e4lde-Leinwand Goldlaub. Sie k\u00f6nnen Gem\u00e4lde ganz einfach auf unserer Website kaufen. \u2713 Gro\u00dfes Sortiment \u2713 Schnelle ...\",\"breadcrumb\":{\"@id\":\"https:\/\/dev.eliassen.nl\/de\/gemalde-leinwand-blattgold-70x100cm\/#breadcrumb\"},\"inLanguage\":\"de\",\"potentialAction\":[{\"@type\":\"ReadAction\",\"target\":[\"https:\/\/dev.eliassen.nl\/de\/gemalde-leinwand-blattgold-70x100cm\/\"]}]},{\"@type\":\"ImageObject\",\"inLanguage\":\"de\",\"@id\":\"https:\/\/dev.eliassen.nl\/de\/gemalde-leinwand-blattgold-70x100cm\/#primaryimage\",\"url\":\"https:\/\/dev.eliassen.nl\/wp-content\/uploads\/2024\/01\/eliassenschilderijcanvasgoudloof70x100cm.jpg\",\"contentUrl\":\"https:\/\/dev.eliassen.nl\/wp-content\/uploads\/2024\/01\/eliassenschilderijcanvasgoudloof70x100cm.jpg\",\"width\":700,\"height\":700,\"caption\":\"Eliassen Schilderij canvas Goud loof 70x100cm\"},{\"@type\":\"BreadcrumbList\",\"@id\":\"https:\/\/dev.eliassen.nl\/de\/gemalde-leinwand-blattgold-70x100cm\/#breadcrumb\",\"itemListElement\":[{\"@type\":\"ListItem\",\"position\":1,\"name\":\"Home\",\"item\":\"https:\/\/dev.eliassen.nl\/de\/\"},{\"@type\":\"ListItem\",\"position\":2,\"name\":\"Shop\",\"item\":\"https:\/\/dev.eliassen.nl\/nl\/winkel\/\"},{\"@type\":\"ListItem\",\"position\":3,\"name\":\"Gem\u00e4lde\",\"item\":\"https:\/\/dev.eliassen.nl\/de\/gemaelde\/\"},{\"@type\":\"ListItem\",\"position\":4,\"name\":\"Gem\u00e4lde auf Leinwand\",\"item\":\"https:\/\/dev.eliassen.nl\/de\/gemaelde\/gemaelde-auf-leinwand\/\"},{\"@type\":\"ListItem\",\"position\":5,\"name\":\"Gem\u00e4lde Leinwand Blattgold 70x100cm\"}]},{\"@type\":\"WebSite\",\"@id\":\"https:\/\/dev.eliassen.nl\/de\/#website\",\"url\":\"https:\/\/dev.eliassen.nl\/de\/\",\"name\":\"Eliassen Home & Garden Pleasure\",\"description\":\"\",\"publisher\":{\"@id\":\"https:\/\/dev.eliassen.nl\/de\/#organization\"},\"alternateName\":\"Eliassen.nl\",\"potentialAction\":[{\"@type\":\"SearchAction\",\"target\":{\"@type\":\"EntryPoint\",\"urlTemplate\":\"https:\/\/dev.eliassen.nl\/de\/?s={search_term_string}\"},\"query-input\":{\"@type\":\"PropertyValueSpecification\",\"valueRequired\":true,\"valueName\":\"search_term_string\"}}],\"inLanguage\":\"de\"},{\"@type\":\"Organization\",\"@id\":\"https:\/\/dev.eliassen.nl\/de\/#organization\",\"name\":\"Eliassen Home & Garden Pleasure\",\"url\":\"https:\/\/dev.eliassen.nl\/de\/\",\"logo\":{\"@type\":\"ImageObject\",\"inLanguage\":\"de\",\"@id\":\"https:\/\/dev.eliassen.nl\/de\/#\/schema\/logo\/image\/\",\"url\":\"https:\/\/www.eliassen.nl\/wp-content\/uploads\/2024\/01\/logo_4nd.jpg\",\"contentUrl\":\"https:\/\/www.eliassen.nl\/wp-content\/uploads\/2024\/01\/logo_4nd.jpg\",\"width\":500,\"height\":500,\"caption\":\"Eliassen Home & Garden Pleasure\"},\"image\":{\"@id\":\"https:\/\/dev.eliassen.nl\/de\/#\/schema\/logo\/image\/\"},\"sameAs\":[\"https:\/\/www.facebook.com\/TuincentrumEliassenAmmerzoden\",\"https:\/\/www.instagram.com\/eliassenhomeandgarden\/\",\"https:\/\/nl.pinterest.com\/eliassenhomeandgarden\/\",\"https:\/\/www.youtube.com\/@eliassenhomegardenpleasure4558\"]}]}<\/script>\n<!-- \/ Yoast SEO plugin. -->","yoast_head_json":{"title":"Gem\u00e4lde Leinwand Blattgold 70x100cm - Eliassen","description":"Suchen Sie ein Gem\u00e4lde? Jetzt bestellen Gem\u00e4lde-Leinwand Goldlaub. Sie k\u00f6nnen Gem\u00e4lde ganz einfach auf unserer Website kaufen. \u2713 Gro\u00dfes Sortiment \u2713 Schnelle ...","robots":{"index":"noindex","follow":"follow","max-snippet":"max-snippet:-1","max-image-preview":"max-image-preview:large","max-video-preview":"max-video-preview:-1"},"og_locale":"de_DE","og_type":"article","og_title":"Gem\u00e4lde Leinwand Blattgold 70x100cm - Eliassen","og_description":"Suchen Sie ein Gem\u00e4lde? Jetzt bestellen Gem\u00e4lde-Leinwand Goldlaub. Sie k\u00f6nnen Gem\u00e4lde ganz einfach auf unserer Website kaufen. \u2713 Gro\u00dfes Sortiment \u2713 Schnelle ...","og_url":"https:\/\/dev.eliassen.nl\/de\/gemalde-leinwand-blattgold-70x100cm\/","og_site_name":"Eliassen.nl","article_publisher":"https:\/\/www.facebook.com\/TuincentrumEliassenAmmerzoden","article_modified_time":"2024-12-05T14:52:17+00:00","og_image":[{"width":700,"height":700,"url":"https:\/\/dev.eliassen.nl\/wp-content\/uploads\/2024\/01\/eliassenschilderijcanvasgoudloof70x100cm.jpg","type":"image\/jpeg"}],"twitter_card":"summary_large_image","schema":{"@context":"https:\/\/schema.org","@graph":[{"@type":"WebPage","@id":"https:\/\/dev.eliassen.nl\/de\/gemalde-leinwand-blattgold-70x100cm\/","url":"https:\/\/dev.eliassen.nl\/de\/gemalde-leinwand-blattgold-70x100cm\/","name":"Gem\u00e4lde Leinwand Blattgold 70x100cm - Eliassen","isPartOf":{"@id":"https:\/\/dev.eliassen.nl\/de\/#website"},"primaryImageOfPage":{"@id":"https:\/\/dev.eliassen.nl\/de\/gemalde-leinwand-blattgold-70x100cm\/#primaryimage"},"image":{"@id":"https:\/\/dev.eliassen.nl\/de\/gemalde-leinwand-blattgold-70x100cm\/#primaryimage"},"thumbnailUrl":"https:\/\/dev.eliassen.nl\/wp-content\/uploads\/2024\/01\/eliassenschilderijcanvasgoudloof70x100cm.jpg","datePublished":"2021-07-26T07:48:55+00:00","dateModified":"2024-12-05T14:52:17+00:00","description":"Suchen Sie ein Gem\u00e4lde? Jetzt bestellen Gem\u00e4lde-Leinwand Goldlaub. Sie k\u00f6nnen Gem\u00e4lde ganz einfach auf unserer Website kaufen. \u2713 Gro\u00dfes Sortiment \u2713 Schnelle ...","breadcrumb":{"@id":"https:\/\/dev.eliassen.nl\/de\/gemalde-leinwand-blattgold-70x100cm\/#breadcrumb"},"inLanguage":"de","potentialAction":[{"@type":"ReadAction","target":["https:\/\/dev.eliassen.nl\/de\/gemalde-leinwand-blattgold-70x100cm\/"]}]},{"@type":"ImageObject","inLanguage":"de","@id":"https:\/\/dev.eliassen.nl\/de\/gemalde-leinwand-blattgold-70x100cm\/#primaryimage","url":"https:\/\/dev.eliassen.nl\/wp-content\/uploads\/2024\/01\/eliassenschilderijcanvasgoudloof70x100cm.jpg","contentUrl":"https:\/\/dev.eliassen.nl\/wp-content\/uploads\/2024\/01\/eliassenschilderijcanvasgoudloof70x100cm.jpg","width":700,"height":700,"caption":"Eliassen Schilderij canvas Goud loof 70x100cm"},{"@type":"BreadcrumbList","@id":"https:\/\/dev.eliassen.nl\/de\/gemalde-leinwand-blattgold-70x100cm\/#breadcrumb","itemListElement":[{"@type":"ListItem","position":1,"name":"Home","item":"https:\/\/dev.eliassen.nl\/de\/"},{"@type":"ListItem","position":2,"name":"Shop","item":"https:\/\/dev.eliassen.nl\/nl\/winkel\/"},{"@type":"ListItem","position":3,"name":"Gem\u00e4lde","item":"https:\/\/dev.eliassen.nl\/de\/gemaelde\/"},{"@type":"ListItem","position":4,"name":"Gem\u00e4lde auf Leinwand","item":"https:\/\/dev.eliassen.nl\/de\/gemaelde\/gemaelde-auf-leinwand\/"},{"@type":"ListItem","position":5,"name":"Gem\u00e4lde Leinwand Blattgold 70x100cm"}]},{"@type":"WebSite","@id":"https:\/\/dev.eliassen.nl\/de\/#website","url":"https:\/\/dev.eliassen.nl\/de\/","name":"Eliassen Home & Garden Pleasure","description":"","publisher":{"@id":"https:\/\/dev.eliassen.nl\/de\/#organization"},"alternateName":"Eliassen.nl","potentialAction":[{"@type":"SearchAction","target":{"@type":"EntryPoint","urlTemplate":"https:\/\/dev.eliassen.nl\/de\/?s={search_term_string}"},"query-input":{"@type":"PropertyValueSpecification","valueRequired":true,"valueName":"search_term_string"}}],"inLanguage":"de"},{"@type":"Organization","@id":"https:\/\/dev.eliassen.nl\/de\/#organization","name":"Eliassen Home & Garden Pleasure","url":"https:\/\/dev.eliassen.nl\/de\/","logo":{"@type":"ImageObject","inLanguage":"de","@id":"https:\/\/dev.eliassen.nl\/de\/#\/schema\/logo\/image\/","url":"https:\/\/www.eliassen.nl\/wp-content\/uploads\/2024\/01\/logo_4nd.jpg","contentUrl":"https:\/\/www.eliassen.nl\/wp-content\/uploads\/2024\/01\/logo_4nd.jpg","width":500,"height":500,"caption":"Eliassen Home & Garden Pleasure"},"image":{"@id":"https:\/\/dev.eliassen.nl\/de\/#\/schema\/logo\/image\/"},"sameAs":["https:\/\/www.facebook.com\/TuincentrumEliassenAmmerzoden","https:\/\/www.instagram.com\/eliassenhomeandgarden\/","https:\/\/nl.pinterest.com\/eliassenhomeandgarden\/","https:\/\/www.youtube.com\/@eliassenhomegardenpleasure4558"]}]}},"df_price":50,"df_sale_price":50,"df_regular_price":79,"df_image_link":"https:\/\/dev.eliassen.nl\/wp-content\/uploads\/2024\/01\/eliassenschilderijcanvasgoudloof70x100cm.jpg","image":"https:\/\/dev.eliassen.nl\/wp-content\/uploads\/2024\/01\/eliassenschilderijcanvasgoudloof70x100cm.jpg","price_search":"<span class=\"woocommerce-Price-amount amount\"><bdi><span class=\"woocommerce-Price-currencySymbol\">&euro;<\/span>&nbsp;50,00<\/bdi><\/span>","category":"Gem\u00e4lde","_links":{"self":[{"href":"https:\/\/dev.eliassen.nl\/de\/wp-json\/wp\/v2\/product\/52381","targetHints":{"allow":["GET"]}}],"collection":[{"href":"https:\/\/dev.eliassen.nl\/de\/wp-json\/wp\/v2\/product"}],"about":[{"href":"https:\/\/dev.eliassen.nl\/de\/wp-json\/wp\/v2\/types\/product"}],"wp:featuredmedia":[{"embeddable":true,"href":"https:\/\/dev.eliassen.nl\/de\/wp-json\/wp\/v2\/media\/52369"}],"wp:attachment":[{"href":"https:\/\/dev.eliassen.nl\/de\/wp-json\/wp\/v2\/media?parent=52381"}],"wp:term":[{"taxonomy":"product_brand","embeddable":true,"href":"https:\/\/dev.eliassen.nl\/de\/wp-json\/wp\/v2\/product_brand?post=52381"},{"taxonomy":"product_cat","embeddable":true,"href":"https:\/\/dev.eliassen.nl\/de\/wp-json\/wp\/v2\/product_cat?post=52381"},{"taxonomy":"product_tag","embeddable":true,"href":"https:\/\/dev.eliassen.nl\/de\/wp-json\/wp\/v2\/product_tag?post=52381"}],"curies":[{"name":"wp","href":"https:\/\/api.w.org\/{rel}","templated":true}]}}