{"id":52483,"date":"2021-08-16T15:40:20","date_gmt":"2021-08-16T13:40:20","guid":{"rendered":"https:\/\/www.eliassen.nl\/?product=beeld-brons-vrouwe-justitia-veelkleurig"},"modified":"2024-12-05T15:52:31","modified_gmt":"2024-12-05T14:52:31","slug":"statue-bronze-lady-justice-bunt-40cm","status":"publish","type":"product","link":"https:\/\/dev.eliassen.nl\/de\/statue-bronze-lady-justice-bunt-40cm\/","title":{"rendered":"Statue Bronze Lady Justice bunt 40cm"},"content":{"rendered":"<p>Wundersch\u00f6ne Statue der Lady Justice (auf kleinem Marmorsockel) aus 100% hochwertiger Bronze mit einem minimalen Kupfergehalt von 75%, die eine sehr lange Lebensdauer und keine unsch\u00f6nen Flecken garantiert. Ein sch\u00f6nes und langlebiges Dekorationsobjekt f\u00fcr Haus, Gesch\u00e4ft oder Garten, aber auch f\u00fcr ein wunderbares Geschenk.<br \/>Die Gr\u00f6\u00dfen beinhalten Marmorsockel, wenn auf dem Foto gezeigt. Die Farbe des Sockels kann abweichen, da es sich um Naturstein handelt.<\/p>\n<ul>\n<li>Gr\u00f6\u00dfe: H\u00f6he 40cm Breite 12cm L\u00e4nge 14cm.<\/li>\n<li>Kommt mit Zertifikat.<\/li>\n<li>Schnell geliefert.<\/li>\n<li>30 Jahre Garantie.<\/li>\n<li><strong>Bei uns finden Sie die gr\u00f6\u00dfte Sammlung an Bronzeskulpturen, die live besichtigt werden kann.<\/strong><\/li>\n<\/ul>\n","protected":false},"excerpt":{"rendered":"<p>Wundersch\u00f6ne Statue der Lady Justice (auf kleinem Marmorsockel) aus 100% hochwertiger Bronze mit einem minimalen Kupfergehalt von 75%, die eine sehr lange Lebensdauer und keine unsch\u00f6nen Flecken garantiert. Ein sch\u00f6nes und langlebiges Dekorationsobjekt f\u00fcr Haus, Gesch\u00e4ft oder Garten, aber auch f\u00fcr ein wunderbares Geschenk.Die Gr\u00f6\u00dfen beinhalten Marmorsockel, wenn auf dem Foto gezeigt. Die Farbe des &hellip;<\/p>\n","protected":false},"featured_media":52480,"template":"","meta":{"_acf_changed":false},"product_brand":[],"product_cat":[613,623,7239],"product_tag":[],"class_list":{"0":"post-52483","1":"product","2":"type-product","3":"status-publish","4":"has-post-thumbnail","6":"product_cat-bronzestatuen","7":"product_cat-klassische-bronzestatuen","8":"product_cat-statuen-skulpturen","10":"first","11":"instock","12":"taxable","13":"shipping-taxable","14":"purchasable","15":"product-type-simple"},"acf":[],"yoast_head":"<!-- This site is optimized with the Yoast SEO plugin v23.8 - https:\/\/yoast.com\/wordpress\/plugins\/seo\/ -->\n<title>Statue Bronze Lady Justice bunt 40cm - Eliassen<\/title>\n<meta name=\"description\" content=\"Suchen Sie ein Bild? Jetzt bestellen Statue Bronze Lady Justice mehrfarbig. Auf unserer Website k\u00f6nnen Sie ganz einfach eine Bronzestatue kaufen. \u2713 Gro\u00dfes So...\" \/>\n<meta name=\"robots\" content=\"noindex, follow, max-snippet:-1, max-image-preview:large, max-video-preview:-1\" \/>\n<meta property=\"og:locale\" content=\"de_DE\" \/>\n<meta property=\"og:type\" content=\"article\" \/>\n<meta property=\"og:title\" content=\"Statue Bronze Lady Justice bunt 40cm - Eliassen\" \/>\n<meta property=\"og:description\" content=\"Suchen Sie ein Bild? Jetzt bestellen Statue Bronze Lady Justice mehrfarbig. Auf unserer Website k\u00f6nnen Sie ganz einfach eine Bronzestatue kaufen. \u2713 Gro\u00dfes So...\" \/>\n<meta property=\"og:url\" content=\"https:\/\/dev.eliassen.nl\/de\/statue-bronze-lady-justice-bunt-40cm\/\" \/>\n<meta property=\"og:site_name\" content=\"Eliassen.nl\" \/>\n<meta property=\"article:publisher\" content=\"https:\/\/www.facebook.com\/TuincentrumEliassenAmmerzoden\" \/>\n<meta property=\"article:modified_time\" content=\"2024-12-05T14:52:31+00:00\" \/>\n<meta property=\"og:image\" content=\"https:\/\/dev.eliassen.nl\/wp-content\/uploads\/2024\/01\/eliassenbeeldbronsvrouwejustitiaveelkleurig4.jpg\" \/>\n\t<meta property=\"og:image:width\" content=\"1580\" \/>\n\t<meta property=\"og:image:height\" content=\"2048\" \/>\n\t<meta property=\"og:image:type\" content=\"image\/jpeg\" \/>\n<meta name=\"twitter:card\" content=\"summary_large_image\" \/>\n<script type=\"application\/ld+json\" class=\"yoast-schema-graph\">{\"@context\":\"https:\/\/schema.org\",\"@graph\":[{\"@type\":\"WebPage\",\"@id\":\"https:\/\/dev.eliassen.nl\/de\/statue-bronze-lady-justice-bunt-40cm\/\",\"url\":\"https:\/\/dev.eliassen.nl\/de\/statue-bronze-lady-justice-bunt-40cm\/\",\"name\":\"Statue Bronze Lady Justice bunt 40cm - Eliassen\",\"isPartOf\":{\"@id\":\"https:\/\/dev.eliassen.nl\/de\/#website\"},\"primaryImageOfPage\":{\"@id\":\"https:\/\/dev.eliassen.nl\/de\/statue-bronze-lady-justice-bunt-40cm\/#primaryimage\"},\"image\":{\"@id\":\"https:\/\/dev.eliassen.nl\/de\/statue-bronze-lady-justice-bunt-40cm\/#primaryimage\"},\"thumbnailUrl\":\"https:\/\/dev.eliassen.nl\/wp-content\/uploads\/2024\/01\/eliassenbeeldbronsvrouwejustitiaveelkleurig4.jpg\",\"datePublished\":\"2021-08-16T13:40:20+00:00\",\"dateModified\":\"2024-12-05T14:52:31+00:00\",\"description\":\"Suchen Sie ein Bild? Jetzt bestellen Statue Bronze Lady Justice mehrfarbig. Auf unserer Website k\u00f6nnen Sie ganz einfach eine Bronzestatue kaufen. \u2713 Gro\u00dfes So...\",\"breadcrumb\":{\"@id\":\"https:\/\/dev.eliassen.nl\/de\/statue-bronze-lady-justice-bunt-40cm\/#breadcrumb\"},\"inLanguage\":\"de\",\"potentialAction\":[{\"@type\":\"ReadAction\",\"target\":[\"https:\/\/dev.eliassen.nl\/de\/statue-bronze-lady-justice-bunt-40cm\/\"]}]},{\"@type\":\"ImageObject\",\"inLanguage\":\"de\",\"@id\":\"https:\/\/dev.eliassen.nl\/de\/statue-bronze-lady-justice-bunt-40cm\/#primaryimage\",\"url\":\"https:\/\/dev.eliassen.nl\/wp-content\/uploads\/2024\/01\/eliassenbeeldbronsvrouwejustitiaveelkleurig4.jpg\",\"contentUrl\":\"https:\/\/dev.eliassen.nl\/wp-content\/uploads\/2024\/01\/eliassenbeeldbronsvrouwejustitiaveelkleurig4.jpg\",\"width\":1580,\"height\":2048,\"caption\":\"Eliassen Beeld brons Vrouwe Justitia veelkleurig 40cm\"},{\"@type\":\"BreadcrumbList\",\"@id\":\"https:\/\/dev.eliassen.nl\/de\/statue-bronze-lady-justice-bunt-40cm\/#breadcrumb\",\"itemListElement\":[{\"@type\":\"ListItem\",\"position\":1,\"name\":\"Home\",\"item\":\"https:\/\/dev.eliassen.nl\/de\/\"},{\"@type\":\"ListItem\",\"position\":2,\"name\":\"Shop\",\"item\":\"https:\/\/dev.eliassen.nl\/nl\/winkel\/\"},{\"@type\":\"ListItem\",\"position\":3,\"name\":\"Bronzestatuen\",\"item\":\"https:\/\/dev.eliassen.nl\/de\/bilder\/bronzestatuen\/\"},{\"@type\":\"ListItem\",\"position\":4,\"name\":\"Klassische Bronzestatuen\",\"item\":\"https:\/\/dev.eliassen.nl\/de\/bilder\/bronzestatuen\/klassische-bronzestatuen\/\"},{\"@type\":\"ListItem\",\"position\":5,\"name\":\"Statue Bronze Lady Justice bunt 40cm\"}]},{\"@type\":\"WebSite\",\"@id\":\"https:\/\/dev.eliassen.nl\/de\/#website\",\"url\":\"https:\/\/dev.eliassen.nl\/de\/\",\"name\":\"Eliassen Home & Garden Pleasure\",\"description\":\"\",\"publisher\":{\"@id\":\"https:\/\/dev.eliassen.nl\/de\/#organization\"},\"alternateName\":\"Eliassen.nl\",\"potentialAction\":[{\"@type\":\"SearchAction\",\"target\":{\"@type\":\"EntryPoint\",\"urlTemplate\":\"https:\/\/dev.eliassen.nl\/de\/?s={search_term_string}\"},\"query-input\":{\"@type\":\"PropertyValueSpecification\",\"valueRequired\":true,\"valueName\":\"search_term_string\"}}],\"inLanguage\":\"de\"},{\"@type\":\"Organization\",\"@id\":\"https:\/\/dev.eliassen.nl\/de\/#organization\",\"name\":\"Eliassen Home & Garden Pleasure\",\"url\":\"https:\/\/dev.eliassen.nl\/de\/\",\"logo\":{\"@type\":\"ImageObject\",\"inLanguage\":\"de\",\"@id\":\"https:\/\/dev.eliassen.nl\/de\/#\/schema\/logo\/image\/\",\"url\":\"https:\/\/www.eliassen.nl\/wp-content\/uploads\/2024\/01\/logo_4nd.jpg\",\"contentUrl\":\"https:\/\/www.eliassen.nl\/wp-content\/uploads\/2024\/01\/logo_4nd.jpg\",\"width\":500,\"height\":500,\"caption\":\"Eliassen Home & Garden Pleasure\"},\"image\":{\"@id\":\"https:\/\/dev.eliassen.nl\/de\/#\/schema\/logo\/image\/\"},\"sameAs\":[\"https:\/\/www.facebook.com\/TuincentrumEliassenAmmerzoden\",\"https:\/\/www.instagram.com\/eliassenhomeandgarden\/\",\"https:\/\/nl.pinterest.com\/eliassenhomeandgarden\/\",\"https:\/\/www.youtube.com\/@eliassenhomegardenpleasure4558\"]}]}<\/script>\n<!-- \/ Yoast SEO plugin. -->","yoast_head_json":{"title":"Statue Bronze Lady Justice bunt 40cm - Eliassen","description":"Suchen Sie ein Bild? Jetzt bestellen Statue Bronze Lady Justice mehrfarbig. Auf unserer Website k\u00f6nnen Sie ganz einfach eine Bronzestatue kaufen. \u2713 Gro\u00dfes So...","robots":{"index":"noindex","follow":"follow","max-snippet":"max-snippet:-1","max-image-preview":"max-image-preview:large","max-video-preview":"max-video-preview:-1"},"og_locale":"de_DE","og_type":"article","og_title":"Statue Bronze Lady Justice bunt 40cm - Eliassen","og_description":"Suchen Sie ein Bild? Jetzt bestellen Statue Bronze Lady Justice mehrfarbig. Auf unserer Website k\u00f6nnen Sie ganz einfach eine Bronzestatue kaufen. \u2713 Gro\u00dfes So...","og_url":"https:\/\/dev.eliassen.nl\/de\/statue-bronze-lady-justice-bunt-40cm\/","og_site_name":"Eliassen.nl","article_publisher":"https:\/\/www.facebook.com\/TuincentrumEliassenAmmerzoden","article_modified_time":"2024-12-05T14:52:31+00:00","og_image":[{"width":1580,"height":2048,"url":"https:\/\/dev.eliassen.nl\/wp-content\/uploads\/2024\/01\/eliassenbeeldbronsvrouwejustitiaveelkleurig4.jpg","type":"image\/jpeg"}],"twitter_card":"summary_large_image","schema":{"@context":"https:\/\/schema.org","@graph":[{"@type":"WebPage","@id":"https:\/\/dev.eliassen.nl\/de\/statue-bronze-lady-justice-bunt-40cm\/","url":"https:\/\/dev.eliassen.nl\/de\/statue-bronze-lady-justice-bunt-40cm\/","name":"Statue Bronze Lady Justice bunt 40cm - Eliassen","isPartOf":{"@id":"https:\/\/dev.eliassen.nl\/de\/#website"},"primaryImageOfPage":{"@id":"https:\/\/dev.eliassen.nl\/de\/statue-bronze-lady-justice-bunt-40cm\/#primaryimage"},"image":{"@id":"https:\/\/dev.eliassen.nl\/de\/statue-bronze-lady-justice-bunt-40cm\/#primaryimage"},"thumbnailUrl":"https:\/\/dev.eliassen.nl\/wp-content\/uploads\/2024\/01\/eliassenbeeldbronsvrouwejustitiaveelkleurig4.jpg","datePublished":"2021-08-16T13:40:20+00:00","dateModified":"2024-12-05T14:52:31+00:00","description":"Suchen Sie ein Bild? Jetzt bestellen Statue Bronze Lady Justice mehrfarbig. Auf unserer Website k\u00f6nnen Sie ganz einfach eine Bronzestatue kaufen. \u2713 Gro\u00dfes So...","breadcrumb":{"@id":"https:\/\/dev.eliassen.nl\/de\/statue-bronze-lady-justice-bunt-40cm\/#breadcrumb"},"inLanguage":"de","potentialAction":[{"@type":"ReadAction","target":["https:\/\/dev.eliassen.nl\/de\/statue-bronze-lady-justice-bunt-40cm\/"]}]},{"@type":"ImageObject","inLanguage":"de","@id":"https:\/\/dev.eliassen.nl\/de\/statue-bronze-lady-justice-bunt-40cm\/#primaryimage","url":"https:\/\/dev.eliassen.nl\/wp-content\/uploads\/2024\/01\/eliassenbeeldbronsvrouwejustitiaveelkleurig4.jpg","contentUrl":"https:\/\/dev.eliassen.nl\/wp-content\/uploads\/2024\/01\/eliassenbeeldbronsvrouwejustitiaveelkleurig4.jpg","width":1580,"height":2048,"caption":"Eliassen Beeld brons Vrouwe Justitia veelkleurig 40cm"},{"@type":"BreadcrumbList","@id":"https:\/\/dev.eliassen.nl\/de\/statue-bronze-lady-justice-bunt-40cm\/#breadcrumb","itemListElement":[{"@type":"ListItem","position":1,"name":"Home","item":"https:\/\/dev.eliassen.nl\/de\/"},{"@type":"ListItem","position":2,"name":"Shop","item":"https:\/\/dev.eliassen.nl\/nl\/winkel\/"},{"@type":"ListItem","position":3,"name":"Bronzestatuen","item":"https:\/\/dev.eliassen.nl\/de\/bilder\/bronzestatuen\/"},{"@type":"ListItem","position":4,"name":"Klassische Bronzestatuen","item":"https:\/\/dev.eliassen.nl\/de\/bilder\/bronzestatuen\/klassische-bronzestatuen\/"},{"@type":"ListItem","position":5,"name":"Statue Bronze Lady Justice bunt 40cm"}]},{"@type":"WebSite","@id":"https:\/\/dev.eliassen.nl\/de\/#website","url":"https:\/\/dev.eliassen.nl\/de\/","name":"Eliassen Home & Garden Pleasure","description":"","publisher":{"@id":"https:\/\/dev.eliassen.nl\/de\/#organization"},"alternateName":"Eliassen.nl","potentialAction":[{"@type":"SearchAction","target":{"@type":"EntryPoint","urlTemplate":"https:\/\/dev.eliassen.nl\/de\/?s={search_term_string}"},"query-input":{"@type":"PropertyValueSpecification","valueRequired":true,"valueName":"search_term_string"}}],"inLanguage":"de"},{"@type":"Organization","@id":"https:\/\/dev.eliassen.nl\/de\/#organization","name":"Eliassen Home & Garden Pleasure","url":"https:\/\/dev.eliassen.nl\/de\/","logo":{"@type":"ImageObject","inLanguage":"de","@id":"https:\/\/dev.eliassen.nl\/de\/#\/schema\/logo\/image\/","url":"https:\/\/www.eliassen.nl\/wp-content\/uploads\/2024\/01\/logo_4nd.jpg","contentUrl":"https:\/\/www.eliassen.nl\/wp-content\/uploads\/2024\/01\/logo_4nd.jpg","width":500,"height":500,"caption":"Eliassen Home & Garden Pleasure"},"image":{"@id":"https:\/\/dev.eliassen.nl\/de\/#\/schema\/logo\/image\/"},"sameAs":["https:\/\/www.facebook.com\/TuincentrumEliassenAmmerzoden","https:\/\/www.instagram.com\/eliassenhomeandgarden\/","https:\/\/nl.pinterest.com\/eliassenhomeandgarden\/","https:\/\/www.youtube.com\/@eliassenhomegardenpleasure4558"]}]}},"df_price":179,"df_sale_price":"","df_regular_price":179,"df_image_link":"https:\/\/dev.eliassen.nl\/wp-content\/uploads\/2024\/01\/eliassenbeeldbronsvrouwejustitiaveelkleurig4.jpg","image":"https:\/\/dev.eliassen.nl\/wp-content\/uploads\/2024\/01\/eliassenbeeldbronsvrouwejustitiaveelkleurig4.jpg","price_search":"<span class=\"woocommerce-Price-amount amount\"><bdi><span class=\"woocommerce-Price-currencySymbol\">&euro;<\/span>&nbsp;179,00<\/bdi><\/span>","category":"Bronzestatuen","_links":{"self":[{"href":"https:\/\/dev.eliassen.nl\/de\/wp-json\/wp\/v2\/product\/52483","targetHints":{"allow":["GET"]}}],"collection":[{"href":"https:\/\/dev.eliassen.nl\/de\/wp-json\/wp\/v2\/product"}],"about":[{"href":"https:\/\/dev.eliassen.nl\/de\/wp-json\/wp\/v2\/types\/product"}],"wp:featuredmedia":[{"embeddable":true,"href":"https:\/\/dev.eliassen.nl\/de\/wp-json\/wp\/v2\/media\/52480"}],"wp:attachment":[{"href":"https:\/\/dev.eliassen.nl\/de\/wp-json\/wp\/v2\/media?parent=52483"}],"wp:term":[{"taxonomy":"product_brand","embeddable":true,"href":"https:\/\/dev.eliassen.nl\/de\/wp-json\/wp\/v2\/product_brand?post=52483"},{"taxonomy":"product_cat","embeddable":true,"href":"https:\/\/dev.eliassen.nl\/de\/wp-json\/wp\/v2\/product_cat?post=52483"},{"taxonomy":"product_tag","embeddable":true,"href":"https:\/\/dev.eliassen.nl\/de\/wp-json\/wp\/v2\/product_tag?post=52483"}],"curies":[{"name":"wp","href":"https:\/\/api.w.org\/{rel}","templated":true}]}}