{"id":52501,"date":"2021-08-16T16:05:44","date_gmt":"2021-08-16T14:05:44","guid":{"rendered":"https:\/\/www.eliassen.nl\/?product=bloempat-gezicht-bosnimf-34cm"},"modified":"2024-12-05T15:52:36","modified_gmt":"2024-12-05T14:52:36","slug":"blumentopf-gesicht-holznymphe-34cm","status":"publish","type":"product","link":"https:\/\/dev.eliassen.nl\/de\/blumentopf-gesicht-holznymphe-34cm\/","title":{"rendered":"Blumentopf Gesicht Holznymphe 34cm"},"content":{"rendered":"<p>Ein sehr sch\u00f6n gearbeiteter Kopf einer Waldfrau. Liebevoll im Detail verarbeitet, auch als Blumentopf verwendbar. Ein echter Hingucker f\u00fcr den Innen- und Au\u00dfenbereich. Diese Statue passt perfekt als Dekorationsst\u00fcck f\u00fcr drinnen, ist aber auch drau\u00dfen auf einem Podest sch\u00f6n.<\/p>\n<p>Material: Polystone.<\/p>\n<p>Ma\u00dfe ungef\u00e4hr: 23x24x34cm hoch<\/p>\n","protected":false},"excerpt":{"rendered":"<p>Ein sehr sch\u00f6n gearbeiteter Kopf einer Waldfrau. Liebevoll im Detail verarbeitet, auch als Blumentopf verwendbar. Ein echter Hingucker f\u00fcr den Innen- und Au\u00dfenbereich. Diese Statue passt perfekt als Dekorationsst\u00fcck f\u00fcr drinnen, ist aber auch drau\u00dfen auf einem Podest sch\u00f6n. Material: Polystone. Ma\u00dfe ungef\u00e4hr: 23x24x34cm hoch<\/p>\n","protected":false},"featured_media":52498,"template":"","meta":{"_acf_changed":false},"product_brand":[],"product_cat":[722,740],"product_tag":[],"class_list":{"0":"post-52501","1":"product","2":"type-product","3":"status-publish","4":"has-post-thumbnail","6":"product_cat-blumentoepfe-und-pflanzgefaesse","7":"product_cat-pflanzkuebel-fuer-den-aussenbereich-gross-leicht","9":"first","10":"instock","11":"taxable","12":"shipping-taxable","13":"purchasable","14":"product-type-simple"},"acf":[],"yoast_head":"<!-- This site is optimized with the Yoast SEO plugin v23.8 - https:\/\/yoast.com\/wordpress\/plugins\/seo\/ -->\n<title>Blumentopf Gesicht Holznymphe 34cm - Eliassen<\/title>\n<meta name=\"description\" content=\"Auf der Suche nach einer Vase? Jetzt bestellen Flowerpot Gesicht Holznymphe 34cm. Sie k\u00f6nnen ganz einfach einen Blumentopf auf unserer Website kaufen. \u2713 Gro\u00df...\" \/>\n<meta name=\"robots\" content=\"noindex, follow, max-snippet:-1, max-image-preview:large, max-video-preview:-1\" \/>\n<meta property=\"og:locale\" content=\"de_DE\" \/>\n<meta property=\"og:type\" content=\"article\" \/>\n<meta property=\"og:title\" content=\"Blumentopf Gesicht Holznymphe 34cm - Eliassen\" \/>\n<meta property=\"og:description\" content=\"Auf der Suche nach einer Vase? Jetzt bestellen Flowerpot Gesicht Holznymphe 34cm. Sie k\u00f6nnen ganz einfach einen Blumentopf auf unserer Website kaufen. \u2713 Gro\u00df...\" \/>\n<meta property=\"og:url\" content=\"https:\/\/dev.eliassen.nl\/de\/blumentopf-gesicht-holznymphe-34cm\/\" \/>\n<meta property=\"og:site_name\" content=\"Eliassen.nl\" \/>\n<meta property=\"article:publisher\" content=\"https:\/\/www.facebook.com\/TuincentrumEliassenAmmerzoden\" \/>\n<meta property=\"article:modified_time\" content=\"2024-12-05T14:52:36+00:00\" \/>\n<meta property=\"og:image\" content=\"https:\/\/dev.eliassen.nl\/wp-content\/uploads\/2024\/01\/eliassenbloempotgezichtbosnimf34cm.jpg\" \/>\n\t<meta property=\"og:image:width\" content=\"560\" \/>\n\t<meta property=\"og:image:height\" content=\"560\" \/>\n\t<meta property=\"og:image:type\" content=\"image\/jpeg\" \/>\n<meta name=\"twitter:card\" content=\"summary_large_image\" \/>\n<script type=\"application\/ld+json\" class=\"yoast-schema-graph\">{\"@context\":\"https:\/\/schema.org\",\"@graph\":[{\"@type\":\"WebPage\",\"@id\":\"https:\/\/dev.eliassen.nl\/de\/blumentopf-gesicht-holznymphe-34cm\/\",\"url\":\"https:\/\/dev.eliassen.nl\/de\/blumentopf-gesicht-holznymphe-34cm\/\",\"name\":\"Blumentopf Gesicht Holznymphe 34cm - Eliassen\",\"isPartOf\":{\"@id\":\"https:\/\/dev.eliassen.nl\/de\/#website\"},\"primaryImageOfPage\":{\"@id\":\"https:\/\/dev.eliassen.nl\/de\/blumentopf-gesicht-holznymphe-34cm\/#primaryimage\"},\"image\":{\"@id\":\"https:\/\/dev.eliassen.nl\/de\/blumentopf-gesicht-holznymphe-34cm\/#primaryimage\"},\"thumbnailUrl\":\"https:\/\/dev.eliassen.nl\/wp-content\/uploads\/2024\/01\/eliassenbloempotgezichtbosnimf34cm.jpg\",\"datePublished\":\"2021-08-16T14:05:44+00:00\",\"dateModified\":\"2024-12-05T14:52:36+00:00\",\"description\":\"Auf der Suche nach einer Vase? Jetzt bestellen Flowerpot Gesicht Holznymphe 34cm. Sie k\u00f6nnen ganz einfach einen Blumentopf auf unserer Website kaufen. \u2713 Gro\u00df...\",\"breadcrumb\":{\"@id\":\"https:\/\/dev.eliassen.nl\/de\/blumentopf-gesicht-holznymphe-34cm\/#breadcrumb\"},\"inLanguage\":\"de\",\"potentialAction\":[{\"@type\":\"ReadAction\",\"target\":[\"https:\/\/dev.eliassen.nl\/de\/blumentopf-gesicht-holznymphe-34cm\/\"]}]},{\"@type\":\"ImageObject\",\"inLanguage\":\"de\",\"@id\":\"https:\/\/dev.eliassen.nl\/de\/blumentopf-gesicht-holznymphe-34cm\/#primaryimage\",\"url\":\"https:\/\/dev.eliassen.nl\/wp-content\/uploads\/2024\/01\/eliassenbloempotgezichtbosnimf34cm.jpg\",\"contentUrl\":\"https:\/\/dev.eliassen.nl\/wp-content\/uploads\/2024\/01\/eliassenbloempotgezichtbosnimf34cm.jpg\",\"width\":560,\"height\":560,\"caption\":\"Eliassen Bloempot gezicht Bosnimf 34cm\"},{\"@type\":\"BreadcrumbList\",\"@id\":\"https:\/\/dev.eliassen.nl\/de\/blumentopf-gesicht-holznymphe-34cm\/#breadcrumb\",\"itemListElement\":[{\"@type\":\"ListItem\",\"position\":1,\"name\":\"Home\",\"item\":\"https:\/\/dev.eliassen.nl\/de\/\"},{\"@type\":\"ListItem\",\"position\":2,\"name\":\"Shop\",\"item\":\"https:\/\/dev.eliassen.nl\/nl\/winkel\/\"},{\"@type\":\"ListItem\",\"position\":3,\"name\":\"Blument\u00f6pfe und Pflanzgef\u00e4\u00dfe\",\"item\":\"https:\/\/dev.eliassen.nl\/de\/blumentoepfe-und-pflanzgefaesse\/\"},{\"@type\":\"ListItem\",\"position\":4,\"name\":\"Pflanzk\u00fcbel f\u00fcr den Au\u00dfenbereich gro\u00df leicht\",\"item\":\"https:\/\/dev.eliassen.nl\/de\/blumentoepfe-und-pflanzgefaesse\/pflanzkuebel-fuer-den-aussenbereich-gross-leicht\/\"},{\"@type\":\"ListItem\",\"position\":5,\"name\":\"Blumentopf Gesicht Holznymphe 34cm\"}]},{\"@type\":\"WebSite\",\"@id\":\"https:\/\/dev.eliassen.nl\/de\/#website\",\"url\":\"https:\/\/dev.eliassen.nl\/de\/\",\"name\":\"Eliassen Home & Garden Pleasure\",\"description\":\"\",\"publisher\":{\"@id\":\"https:\/\/dev.eliassen.nl\/de\/#organization\"},\"alternateName\":\"Eliassen.nl\",\"potentialAction\":[{\"@type\":\"SearchAction\",\"target\":{\"@type\":\"EntryPoint\",\"urlTemplate\":\"https:\/\/dev.eliassen.nl\/de\/?s={search_term_string}\"},\"query-input\":{\"@type\":\"PropertyValueSpecification\",\"valueRequired\":true,\"valueName\":\"search_term_string\"}}],\"inLanguage\":\"de\"},{\"@type\":\"Organization\",\"@id\":\"https:\/\/dev.eliassen.nl\/de\/#organization\",\"name\":\"Eliassen Home & Garden Pleasure\",\"url\":\"https:\/\/dev.eliassen.nl\/de\/\",\"logo\":{\"@type\":\"ImageObject\",\"inLanguage\":\"de\",\"@id\":\"https:\/\/dev.eliassen.nl\/de\/#\/schema\/logo\/image\/\",\"url\":\"https:\/\/www.eliassen.nl\/wp-content\/uploads\/2024\/01\/logo_4nd.jpg\",\"contentUrl\":\"https:\/\/www.eliassen.nl\/wp-content\/uploads\/2024\/01\/logo_4nd.jpg\",\"width\":500,\"height\":500,\"caption\":\"Eliassen Home & Garden Pleasure\"},\"image\":{\"@id\":\"https:\/\/dev.eliassen.nl\/de\/#\/schema\/logo\/image\/\"},\"sameAs\":[\"https:\/\/www.facebook.com\/TuincentrumEliassenAmmerzoden\",\"https:\/\/www.instagram.com\/eliassenhomeandgarden\/\",\"https:\/\/nl.pinterest.com\/eliassenhomeandgarden\/\",\"https:\/\/www.youtube.com\/@eliassenhomegardenpleasure4558\"]}]}<\/script>\n<!-- \/ Yoast SEO plugin. -->","yoast_head_json":{"title":"Blumentopf Gesicht Holznymphe 34cm - Eliassen","description":"Auf der Suche nach einer Vase? Jetzt bestellen Flowerpot Gesicht Holznymphe 34cm. Sie k\u00f6nnen ganz einfach einen Blumentopf auf unserer Website kaufen. \u2713 Gro\u00df...","robots":{"index":"noindex","follow":"follow","max-snippet":"max-snippet:-1","max-image-preview":"max-image-preview:large","max-video-preview":"max-video-preview:-1"},"og_locale":"de_DE","og_type":"article","og_title":"Blumentopf Gesicht Holznymphe 34cm - Eliassen","og_description":"Auf der Suche nach einer Vase? Jetzt bestellen Flowerpot Gesicht Holznymphe 34cm. Sie k\u00f6nnen ganz einfach einen Blumentopf auf unserer Website kaufen. \u2713 Gro\u00df...","og_url":"https:\/\/dev.eliassen.nl\/de\/blumentopf-gesicht-holznymphe-34cm\/","og_site_name":"Eliassen.nl","article_publisher":"https:\/\/www.facebook.com\/TuincentrumEliassenAmmerzoden","article_modified_time":"2024-12-05T14:52:36+00:00","og_image":[{"width":560,"height":560,"url":"https:\/\/dev.eliassen.nl\/wp-content\/uploads\/2024\/01\/eliassenbloempotgezichtbosnimf34cm.jpg","type":"image\/jpeg"}],"twitter_card":"summary_large_image","schema":{"@context":"https:\/\/schema.org","@graph":[{"@type":"WebPage","@id":"https:\/\/dev.eliassen.nl\/de\/blumentopf-gesicht-holznymphe-34cm\/","url":"https:\/\/dev.eliassen.nl\/de\/blumentopf-gesicht-holznymphe-34cm\/","name":"Blumentopf Gesicht Holznymphe 34cm - Eliassen","isPartOf":{"@id":"https:\/\/dev.eliassen.nl\/de\/#website"},"primaryImageOfPage":{"@id":"https:\/\/dev.eliassen.nl\/de\/blumentopf-gesicht-holznymphe-34cm\/#primaryimage"},"image":{"@id":"https:\/\/dev.eliassen.nl\/de\/blumentopf-gesicht-holznymphe-34cm\/#primaryimage"},"thumbnailUrl":"https:\/\/dev.eliassen.nl\/wp-content\/uploads\/2024\/01\/eliassenbloempotgezichtbosnimf34cm.jpg","datePublished":"2021-08-16T14:05:44+00:00","dateModified":"2024-12-05T14:52:36+00:00","description":"Auf der Suche nach einer Vase? Jetzt bestellen Flowerpot Gesicht Holznymphe 34cm. Sie k\u00f6nnen ganz einfach einen Blumentopf auf unserer Website kaufen. \u2713 Gro\u00df...","breadcrumb":{"@id":"https:\/\/dev.eliassen.nl\/de\/blumentopf-gesicht-holznymphe-34cm\/#breadcrumb"},"inLanguage":"de","potentialAction":[{"@type":"ReadAction","target":["https:\/\/dev.eliassen.nl\/de\/blumentopf-gesicht-holznymphe-34cm\/"]}]},{"@type":"ImageObject","inLanguage":"de","@id":"https:\/\/dev.eliassen.nl\/de\/blumentopf-gesicht-holznymphe-34cm\/#primaryimage","url":"https:\/\/dev.eliassen.nl\/wp-content\/uploads\/2024\/01\/eliassenbloempotgezichtbosnimf34cm.jpg","contentUrl":"https:\/\/dev.eliassen.nl\/wp-content\/uploads\/2024\/01\/eliassenbloempotgezichtbosnimf34cm.jpg","width":560,"height":560,"caption":"Eliassen Bloempot gezicht Bosnimf 34cm"},{"@type":"BreadcrumbList","@id":"https:\/\/dev.eliassen.nl\/de\/blumentopf-gesicht-holznymphe-34cm\/#breadcrumb","itemListElement":[{"@type":"ListItem","position":1,"name":"Home","item":"https:\/\/dev.eliassen.nl\/de\/"},{"@type":"ListItem","position":2,"name":"Shop","item":"https:\/\/dev.eliassen.nl\/nl\/winkel\/"},{"@type":"ListItem","position":3,"name":"Blument\u00f6pfe und Pflanzgef\u00e4\u00dfe","item":"https:\/\/dev.eliassen.nl\/de\/blumentoepfe-und-pflanzgefaesse\/"},{"@type":"ListItem","position":4,"name":"Pflanzk\u00fcbel f\u00fcr den Au\u00dfenbereich gro\u00df leicht","item":"https:\/\/dev.eliassen.nl\/de\/blumentoepfe-und-pflanzgefaesse\/pflanzkuebel-fuer-den-aussenbereich-gross-leicht\/"},{"@type":"ListItem","position":5,"name":"Blumentopf Gesicht Holznymphe 34cm"}]},{"@type":"WebSite","@id":"https:\/\/dev.eliassen.nl\/de\/#website","url":"https:\/\/dev.eliassen.nl\/de\/","name":"Eliassen Home & Garden Pleasure","description":"","publisher":{"@id":"https:\/\/dev.eliassen.nl\/de\/#organization"},"alternateName":"Eliassen.nl","potentialAction":[{"@type":"SearchAction","target":{"@type":"EntryPoint","urlTemplate":"https:\/\/dev.eliassen.nl\/de\/?s={search_term_string}"},"query-input":{"@type":"PropertyValueSpecification","valueRequired":true,"valueName":"search_term_string"}}],"inLanguage":"de"},{"@type":"Organization","@id":"https:\/\/dev.eliassen.nl\/de\/#organization","name":"Eliassen Home & Garden Pleasure","url":"https:\/\/dev.eliassen.nl\/de\/","logo":{"@type":"ImageObject","inLanguage":"de","@id":"https:\/\/dev.eliassen.nl\/de\/#\/schema\/logo\/image\/","url":"https:\/\/www.eliassen.nl\/wp-content\/uploads\/2024\/01\/logo_4nd.jpg","contentUrl":"https:\/\/www.eliassen.nl\/wp-content\/uploads\/2024\/01\/logo_4nd.jpg","width":500,"height":500,"caption":"Eliassen Home & Garden Pleasure"},"image":{"@id":"https:\/\/dev.eliassen.nl\/de\/#\/schema\/logo\/image\/"},"sameAs":["https:\/\/www.facebook.com\/TuincentrumEliassenAmmerzoden","https:\/\/www.instagram.com\/eliassenhomeandgarden\/","https:\/\/nl.pinterest.com\/eliassenhomeandgarden\/","https:\/\/www.youtube.com\/@eliassenhomegardenpleasure4558"]}]}},"df_price":49.95,"df_sale_price":"","df_regular_price":49.95,"df_image_link":"https:\/\/dev.eliassen.nl\/wp-content\/uploads\/2024\/01\/eliassenbloempotgezichtbosnimf34cm.jpg","image":"https:\/\/dev.eliassen.nl\/wp-content\/uploads\/2024\/01\/eliassenbloempotgezichtbosnimf34cm.jpg","price_search":"<span class=\"woocommerce-Price-amount amount\"><bdi><span class=\"woocommerce-Price-currencySymbol\">&euro;<\/span>&nbsp;49,95<\/bdi><\/span>","category":"Blument\u00f6pfe und Pflanzgef\u00e4\u00dfe","_links":{"self":[{"href":"https:\/\/dev.eliassen.nl\/de\/wp-json\/wp\/v2\/product\/52501","targetHints":{"allow":["GET"]}}],"collection":[{"href":"https:\/\/dev.eliassen.nl\/de\/wp-json\/wp\/v2\/product"}],"about":[{"href":"https:\/\/dev.eliassen.nl\/de\/wp-json\/wp\/v2\/types\/product"}],"wp:featuredmedia":[{"embeddable":true,"href":"https:\/\/dev.eliassen.nl\/de\/wp-json\/wp\/v2\/media\/52498"}],"wp:attachment":[{"href":"https:\/\/dev.eliassen.nl\/de\/wp-json\/wp\/v2\/media?parent=52501"}],"wp:term":[{"taxonomy":"product_brand","embeddable":true,"href":"https:\/\/dev.eliassen.nl\/de\/wp-json\/wp\/v2\/product_brand?post=52501"},{"taxonomy":"product_cat","embeddable":true,"href":"https:\/\/dev.eliassen.nl\/de\/wp-json\/wp\/v2\/product_cat?post=52501"},{"taxonomy":"product_tag","embeddable":true,"href":"https:\/\/dev.eliassen.nl\/de\/wp-json\/wp\/v2\/product_tag?post=52501"}],"curies":[{"name":"wp","href":"https:\/\/api.w.org\/{rel}","templated":true}]}}