{"id":52507,"date":"2021-08-16T16:15:58","date_gmt":"2021-08-16T14:15:58","guid":{"rendered":"https:\/\/www.eliassen.nl\/?product=beeld-maria-moeder-van-jezus"},"modified":"2024-12-05T15:52:37","modified_gmt":"2024-12-05T14:52:37","slug":"statue-maria-mutter-jesu-80cm","status":"publish","type":"product","link":"https:\/\/dev.eliassen.nl\/de\/statue-maria-mutter-jesu-80cm\/","title":{"rendered":"Statue Maria Mutter Jesu 80cm"},"content":{"rendered":"<p>Eine sehr sch\u00f6n gearbeitete Marienstatue. Liebevoll im Detail verarbeitet, ein kirchlicher Hingucker f\u00fcr drinnen und drau\u00dfen. Diese Statue passt perfekt als Dekorationsst\u00fcck f\u00fcr Gl\u00e4ubige in den Innenbereich, ist aber auch als Gartenstatue wundersch\u00f6n. Lassen Sie es jedoch im Winter und bei Wind und Wetter nicht drau\u00dfen, das vertr\u00e4gt es nicht.<\/p>\n<p>Sehen Sie sich die Fotos an, diese sprechen f\u00fcr sich.<\/p>\n<p>Material: Polystone.<\/p>\n<p>Ma\u00dfe ungef\u00e4hr: H\u00f6he 80 cm x Breite 31,5 cm x Tiefe (Fu\u00df) 22 cm<\/p>\n","protected":false},"excerpt":{"rendered":"<p>Eine sehr sch\u00f6n gearbeitete Marienstatue. Liebevoll im Detail verarbeitet, ein kirchlicher Hingucker f\u00fcr drinnen und drau\u00dfen. Diese Statue passt perfekt als Dekorationsst\u00fcck f\u00fcr Gl\u00e4ubige in den Innenbereich, ist aber auch als Gartenstatue wundersch\u00f6n. Lassen Sie es jedoch im Winter und bei Wind und Wetter nicht drau\u00dfen, das vertr\u00e4gt es nicht. Sehen Sie sich die Fotos &hellip;<\/p>\n","protected":false},"featured_media":52504,"template":"","meta":{"_acf_changed":false},"product_brand":[],"product_cat":[677,695,7076,7239],"product_tag":[],"class_list":{"0":"post-52507","1":"product","2":"type-product","3":"status-publish","4":"has-post-thumbnail","6":"product_cat-betonstatuen","7":"product_cat-engels-und-marienstatuen","8":"product_cat-statues-figures","9":"product_cat-statuen-skulpturen","11":"first","12":"outofstock","13":"taxable","14":"shipping-taxable","15":"purchasable","16":"product-type-simple"},"acf":[],"yoast_head":"<!-- This site is optimized with the Yoast SEO plugin v23.8 - https:\/\/yoast.com\/wordpress\/plugins\/seo\/ -->\n<title>Statue Maria Mutter Jesu 80cm - Eliassen<\/title>\n<meta name=\"description\" content=\"Suchen Sie ein Bild? Jetzt bestellen Statue Maria Mutter Jesu 80cm. Auf unserer Website k\u00f6nnen Sie ganz einfach eine Steinstatue kaufen. \u2713 Gro\u00dfes Sortiment \u2713...\" \/>\n<meta name=\"robots\" content=\"noindex, follow, max-snippet:-1, max-image-preview:large, max-video-preview:-1\" \/>\n<meta property=\"og:locale\" content=\"de_DE\" \/>\n<meta property=\"og:type\" content=\"article\" \/>\n<meta property=\"og:title\" content=\"Statue Maria Mutter Jesu 80cm - Eliassen\" \/>\n<meta property=\"og:description\" content=\"Suchen Sie ein Bild? Jetzt bestellen Statue Maria Mutter Jesu 80cm. Auf unserer Website k\u00f6nnen Sie ganz einfach eine Steinstatue kaufen. \u2713 Gro\u00dfes Sortiment \u2713...\" \/>\n<meta property=\"og:url\" content=\"https:\/\/dev.eliassen.nl\/de\/statue-maria-mutter-jesu-80cm\/\" \/>\n<meta property=\"og:site_name\" content=\"Eliassen.nl\" \/>\n<meta property=\"article:publisher\" content=\"https:\/\/www.facebook.com\/TuincentrumEliassenAmmerzoden\" \/>\n<meta property=\"article:modified_time\" content=\"2024-12-05T14:52:37+00:00\" \/>\n<meta property=\"og:image\" content=\"https:\/\/dev.eliassen.nl\/wp-content\/uploads\/2024\/01\/eliassenbeeldmariamoedervanjezus.jpg\" \/>\n\t<meta property=\"og:image:width\" content=\"1172\" \/>\n\t<meta property=\"og:image:height\" content=\"2048\" \/>\n\t<meta property=\"og:image:type\" content=\"image\/jpeg\" \/>\n<meta name=\"twitter:card\" content=\"summary_large_image\" \/>\n<script type=\"application\/ld+json\" class=\"yoast-schema-graph\">{\"@context\":\"https:\/\/schema.org\",\"@graph\":[{\"@type\":\"WebPage\",\"@id\":\"https:\/\/dev.eliassen.nl\/de\/statue-maria-mutter-jesu-80cm\/\",\"url\":\"https:\/\/dev.eliassen.nl\/de\/statue-maria-mutter-jesu-80cm\/\",\"name\":\"Statue Maria Mutter Jesu 80cm - Eliassen\",\"isPartOf\":{\"@id\":\"https:\/\/dev.eliassen.nl\/de\/#website\"},\"primaryImageOfPage\":{\"@id\":\"https:\/\/dev.eliassen.nl\/de\/statue-maria-mutter-jesu-80cm\/#primaryimage\"},\"image\":{\"@id\":\"https:\/\/dev.eliassen.nl\/de\/statue-maria-mutter-jesu-80cm\/#primaryimage\"},\"thumbnailUrl\":\"https:\/\/dev.eliassen.nl\/wp-content\/uploads\/2024\/01\/eliassenbeeldmariamoedervanjezus.jpg\",\"datePublished\":\"2021-08-16T14:15:58+00:00\",\"dateModified\":\"2024-12-05T14:52:37+00:00\",\"description\":\"Suchen Sie ein Bild? Jetzt bestellen Statue Maria Mutter Jesu 80cm. Auf unserer Website k\u00f6nnen Sie ganz einfach eine Steinstatue kaufen. \u2713 Gro\u00dfes Sortiment \u2713...\",\"breadcrumb\":{\"@id\":\"https:\/\/dev.eliassen.nl\/de\/statue-maria-mutter-jesu-80cm\/#breadcrumb\"},\"inLanguage\":\"de\",\"potentialAction\":[{\"@type\":\"ReadAction\",\"target\":[\"https:\/\/dev.eliassen.nl\/de\/statue-maria-mutter-jesu-80cm\/\"]}]},{\"@type\":\"ImageObject\",\"inLanguage\":\"de\",\"@id\":\"https:\/\/dev.eliassen.nl\/de\/statue-maria-mutter-jesu-80cm\/#primaryimage\",\"url\":\"https:\/\/dev.eliassen.nl\/wp-content\/uploads\/2024\/01\/eliassenbeeldmariamoedervanjezus.jpg\",\"contentUrl\":\"https:\/\/dev.eliassen.nl\/wp-content\/uploads\/2024\/01\/eliassenbeeldmariamoedervanjezus.jpg\",\"width\":1172,\"height\":2048,\"caption\":\"Eliassen Beeld Maria Moeder van Jezus\"},{\"@type\":\"BreadcrumbList\",\"@id\":\"https:\/\/dev.eliassen.nl\/de\/statue-maria-mutter-jesu-80cm\/#breadcrumb\",\"itemListElement\":[{\"@type\":\"ListItem\",\"position\":1,\"name\":\"Home\",\"item\":\"https:\/\/dev.eliassen.nl\/de\/\"},{\"@type\":\"ListItem\",\"position\":2,\"name\":\"Shop\",\"item\":\"https:\/\/dev.eliassen.nl\/nl\/winkel\/\"},{\"@type\":\"ListItem\",\"position\":3,\"name\":\"Statuen-Skulpturen\",\"item\":\"https:\/\/dev.eliassen.nl\/de\/statuen-skulpturen\/\"},{\"@type\":\"ListItem\",\"position\":4,\"name\":\"Betonstatuen\",\"item\":\"https:\/\/dev.eliassen.nl\/de\/bilder\/betonstatuen\/\"},{\"@type\":\"ListItem\",\"position\":5,\"name\":\"Engels- und Marienstatuen\",\"item\":\"https:\/\/dev.eliassen.nl\/de\/bilder\/betonstatuen\/engels-und-marienstatuen\/\"},{\"@type\":\"ListItem\",\"position\":6,\"name\":\"Statue Maria Mutter Jesu 80cm\"}]},{\"@type\":\"WebSite\",\"@id\":\"https:\/\/dev.eliassen.nl\/de\/#website\",\"url\":\"https:\/\/dev.eliassen.nl\/de\/\",\"name\":\"Eliassen Home & Garden Pleasure\",\"description\":\"\",\"publisher\":{\"@id\":\"https:\/\/dev.eliassen.nl\/de\/#organization\"},\"alternateName\":\"Eliassen.nl\",\"potentialAction\":[{\"@type\":\"SearchAction\",\"target\":{\"@type\":\"EntryPoint\",\"urlTemplate\":\"https:\/\/dev.eliassen.nl\/de\/?s={search_term_string}\"},\"query-input\":{\"@type\":\"PropertyValueSpecification\",\"valueRequired\":true,\"valueName\":\"search_term_string\"}}],\"inLanguage\":\"de\"},{\"@type\":\"Organization\",\"@id\":\"https:\/\/dev.eliassen.nl\/de\/#organization\",\"name\":\"Eliassen Home & Garden Pleasure\",\"url\":\"https:\/\/dev.eliassen.nl\/de\/\",\"logo\":{\"@type\":\"ImageObject\",\"inLanguage\":\"de\",\"@id\":\"https:\/\/dev.eliassen.nl\/de\/#\/schema\/logo\/image\/\",\"url\":\"https:\/\/www.eliassen.nl\/wp-content\/uploads\/2024\/01\/logo_4nd.jpg\",\"contentUrl\":\"https:\/\/www.eliassen.nl\/wp-content\/uploads\/2024\/01\/logo_4nd.jpg\",\"width\":500,\"height\":500,\"caption\":\"Eliassen Home & Garden Pleasure\"},\"image\":{\"@id\":\"https:\/\/dev.eliassen.nl\/de\/#\/schema\/logo\/image\/\"},\"sameAs\":[\"https:\/\/www.facebook.com\/TuincentrumEliassenAmmerzoden\",\"https:\/\/www.instagram.com\/eliassenhomeandgarden\/\",\"https:\/\/nl.pinterest.com\/eliassenhomeandgarden\/\",\"https:\/\/www.youtube.com\/@eliassenhomegardenpleasure4558\"]}]}<\/script>\n<!-- \/ Yoast SEO plugin. -->","yoast_head_json":{"title":"Statue Maria Mutter Jesu 80cm - Eliassen","description":"Suchen Sie ein Bild? Jetzt bestellen Statue Maria Mutter Jesu 80cm. Auf unserer Website k\u00f6nnen Sie ganz einfach eine Steinstatue kaufen. \u2713 Gro\u00dfes Sortiment \u2713...","robots":{"index":"noindex","follow":"follow","max-snippet":"max-snippet:-1","max-image-preview":"max-image-preview:large","max-video-preview":"max-video-preview:-1"},"og_locale":"de_DE","og_type":"article","og_title":"Statue Maria Mutter Jesu 80cm - Eliassen","og_description":"Suchen Sie ein Bild? Jetzt bestellen Statue Maria Mutter Jesu 80cm. Auf unserer Website k\u00f6nnen Sie ganz einfach eine Steinstatue kaufen. \u2713 Gro\u00dfes Sortiment \u2713...","og_url":"https:\/\/dev.eliassen.nl\/de\/statue-maria-mutter-jesu-80cm\/","og_site_name":"Eliassen.nl","article_publisher":"https:\/\/www.facebook.com\/TuincentrumEliassenAmmerzoden","article_modified_time":"2024-12-05T14:52:37+00:00","og_image":[{"width":1172,"height":2048,"url":"https:\/\/dev.eliassen.nl\/wp-content\/uploads\/2024\/01\/eliassenbeeldmariamoedervanjezus.jpg","type":"image\/jpeg"}],"twitter_card":"summary_large_image","schema":{"@context":"https:\/\/schema.org","@graph":[{"@type":"WebPage","@id":"https:\/\/dev.eliassen.nl\/de\/statue-maria-mutter-jesu-80cm\/","url":"https:\/\/dev.eliassen.nl\/de\/statue-maria-mutter-jesu-80cm\/","name":"Statue Maria Mutter Jesu 80cm - Eliassen","isPartOf":{"@id":"https:\/\/dev.eliassen.nl\/de\/#website"},"primaryImageOfPage":{"@id":"https:\/\/dev.eliassen.nl\/de\/statue-maria-mutter-jesu-80cm\/#primaryimage"},"image":{"@id":"https:\/\/dev.eliassen.nl\/de\/statue-maria-mutter-jesu-80cm\/#primaryimage"},"thumbnailUrl":"https:\/\/dev.eliassen.nl\/wp-content\/uploads\/2024\/01\/eliassenbeeldmariamoedervanjezus.jpg","datePublished":"2021-08-16T14:15:58+00:00","dateModified":"2024-12-05T14:52:37+00:00","description":"Suchen Sie ein Bild? Jetzt bestellen Statue Maria Mutter Jesu 80cm. Auf unserer Website k\u00f6nnen Sie ganz einfach eine Steinstatue kaufen. \u2713 Gro\u00dfes Sortiment \u2713...","breadcrumb":{"@id":"https:\/\/dev.eliassen.nl\/de\/statue-maria-mutter-jesu-80cm\/#breadcrumb"},"inLanguage":"de","potentialAction":[{"@type":"ReadAction","target":["https:\/\/dev.eliassen.nl\/de\/statue-maria-mutter-jesu-80cm\/"]}]},{"@type":"ImageObject","inLanguage":"de","@id":"https:\/\/dev.eliassen.nl\/de\/statue-maria-mutter-jesu-80cm\/#primaryimage","url":"https:\/\/dev.eliassen.nl\/wp-content\/uploads\/2024\/01\/eliassenbeeldmariamoedervanjezus.jpg","contentUrl":"https:\/\/dev.eliassen.nl\/wp-content\/uploads\/2024\/01\/eliassenbeeldmariamoedervanjezus.jpg","width":1172,"height":2048,"caption":"Eliassen Beeld Maria Moeder van Jezus"},{"@type":"BreadcrumbList","@id":"https:\/\/dev.eliassen.nl\/de\/statue-maria-mutter-jesu-80cm\/#breadcrumb","itemListElement":[{"@type":"ListItem","position":1,"name":"Home","item":"https:\/\/dev.eliassen.nl\/de\/"},{"@type":"ListItem","position":2,"name":"Shop","item":"https:\/\/dev.eliassen.nl\/nl\/winkel\/"},{"@type":"ListItem","position":3,"name":"Statuen-Skulpturen","item":"https:\/\/dev.eliassen.nl\/de\/statuen-skulpturen\/"},{"@type":"ListItem","position":4,"name":"Betonstatuen","item":"https:\/\/dev.eliassen.nl\/de\/bilder\/betonstatuen\/"},{"@type":"ListItem","position":5,"name":"Engels- und Marienstatuen","item":"https:\/\/dev.eliassen.nl\/de\/bilder\/betonstatuen\/engels-und-marienstatuen\/"},{"@type":"ListItem","position":6,"name":"Statue Maria Mutter Jesu 80cm"}]},{"@type":"WebSite","@id":"https:\/\/dev.eliassen.nl\/de\/#website","url":"https:\/\/dev.eliassen.nl\/de\/","name":"Eliassen Home & Garden Pleasure","description":"","publisher":{"@id":"https:\/\/dev.eliassen.nl\/de\/#organization"},"alternateName":"Eliassen.nl","potentialAction":[{"@type":"SearchAction","target":{"@type":"EntryPoint","urlTemplate":"https:\/\/dev.eliassen.nl\/de\/?s={search_term_string}"},"query-input":{"@type":"PropertyValueSpecification","valueRequired":true,"valueName":"search_term_string"}}],"inLanguage":"de"},{"@type":"Organization","@id":"https:\/\/dev.eliassen.nl\/de\/#organization","name":"Eliassen Home & Garden Pleasure","url":"https:\/\/dev.eliassen.nl\/de\/","logo":{"@type":"ImageObject","inLanguage":"de","@id":"https:\/\/dev.eliassen.nl\/de\/#\/schema\/logo\/image\/","url":"https:\/\/www.eliassen.nl\/wp-content\/uploads\/2024\/01\/logo_4nd.jpg","contentUrl":"https:\/\/www.eliassen.nl\/wp-content\/uploads\/2024\/01\/logo_4nd.jpg","width":500,"height":500,"caption":"Eliassen Home & Garden Pleasure"},"image":{"@id":"https:\/\/dev.eliassen.nl\/de\/#\/schema\/logo\/image\/"},"sameAs":["https:\/\/www.facebook.com\/TuincentrumEliassenAmmerzoden","https:\/\/www.instagram.com\/eliassenhomeandgarden\/","https:\/\/nl.pinterest.com\/eliassenhomeandgarden\/","https:\/\/www.youtube.com\/@eliassenhomegardenpleasure4558"]}]}},"df_price":99,"df_sale_price":"","df_regular_price":99,"df_image_link":"https:\/\/dev.eliassen.nl\/wp-content\/uploads\/2024\/01\/eliassenbeeldmariamoedervanjezus.jpg","image":"https:\/\/dev.eliassen.nl\/wp-content\/uploads\/2024\/01\/eliassenbeeldmariamoedervanjezus.jpg","price_search":"<span class=\"woocommerce-Price-amount amount\"><bdi><span class=\"woocommerce-Price-currencySymbol\">&euro;<\/span>&nbsp;99,00<\/bdi><\/span>","category":"Betonstatuen","_links":{"self":[{"href":"https:\/\/dev.eliassen.nl\/de\/wp-json\/wp\/v2\/product\/52507","targetHints":{"allow":["GET"]}}],"collection":[{"href":"https:\/\/dev.eliassen.nl\/de\/wp-json\/wp\/v2\/product"}],"about":[{"href":"https:\/\/dev.eliassen.nl\/de\/wp-json\/wp\/v2\/types\/product"}],"wp:featuredmedia":[{"embeddable":true,"href":"https:\/\/dev.eliassen.nl\/de\/wp-json\/wp\/v2\/media\/52504"}],"wp:attachment":[{"href":"https:\/\/dev.eliassen.nl\/de\/wp-json\/wp\/v2\/media?parent=52507"}],"wp:term":[{"taxonomy":"product_brand","embeddable":true,"href":"https:\/\/dev.eliassen.nl\/de\/wp-json\/wp\/v2\/product_brand?post=52507"},{"taxonomy":"product_cat","embeddable":true,"href":"https:\/\/dev.eliassen.nl\/de\/wp-json\/wp\/v2\/product_cat?post=52507"},{"taxonomy":"product_tag","embeddable":true,"href":"https:\/\/dev.eliassen.nl\/de\/wp-json\/wp\/v2\/product_tag?post=52507"}],"curies":[{"name":"wp","href":"https:\/\/api.w.org\/{rel}","templated":true}]}}